{"id":22876,"date":"2020-02-26T15:59:36","date_gmt":"2020-02-26T14:38:11","guid":{"rendered":"https:\/\/www.italcaffe.it\/product\/3-x-1-kg-royal-bar-roasted-coffee-beans-1-complimentary-fine-porcelain-espresso-or-cappuccino-cup-of-your-choosing\/"},"modified":"2021-10-12T08:04:35","modified_gmt":"2021-10-12T07:04:35","slug":"3-x-1-kg-royal-bar-roasted-coffee-beans-1-complimentary-fine-porcelain-espresso-or-cappuccino-cup-of-your-choosing","status":"publish","type":"product","link":"https:\/\/italcaffe.it\/en\/shop\/coffee-beans\/italian-espresso\/3-x-1-kg-royal-bar-roasted-coffee-beans-1-complimentary-fine-porcelain-espresso-or-cappuccino-cup-of-your-choosing\/","title":{"rendered":"( 3 x 1 Kg. ) ROYAL BAR  roasted coffee beans"},"content":{"rendered":"","protected":false},"excerpt":{"rendered":"<p>Italcaffe ROYAL BAR Coffee Beans 1Kg<\/p>\n<p>A full bodied coffee with a delicate taste and a fragrant aroma.<br \/>\nPacked in high quality foil bags for freshness.<br \/>\nPerfect for espresso machines and bean to cup coffee machines.<\/p>\n<p>It is available in 1.000 g. vacuum packages in beans with unidirectional air valve.<\/p>\n<p>The handle and saucer of the complimentary Italcaff\u00e8 cups, can be of a color different than the one shown in the photo. Italcaff\u00e8 cups are offered with a variety of color combinations like white, red and black.<\/p>\n","protected":false},"featured_media":8396,"template":"","meta":{"_acf_changed":false},"product_brand":[],"product_cat":[251,252],"product_tag":[],"class_list":{"0":"post-22876","1":"product","2":"type-product","3":"status-publish","4":"has-post-thumbnail","6":"product_cat-coffee-beans","7":"product_cat-italian-espresso","9":"first","10":"instock","11":"taxable","12":"shipping-taxable","13":"purchasable","14":"product-type-simple"},"acf":[],"yoast_head":"<!-- This site is optimized with the Yoast SEO plugin v27.0 - https:\/\/yoast.com\/product\/yoast-seo-wordpress\/ -->\n<title>( 3 x 1 Kg. ) ROYAL BAR roasted coffee beans - Italcaff\u00e8<\/title>\n<meta name=\"robots\" content=\"index, follow, max-snippet:-1, max-image-preview:large, max-video-preview:-1\" \/>\n<link rel=\"canonical\" href=\"https:\/\/italcaffe.it\/en\/shop\/coffee-beans\/italian-espresso\/3-x-1-kg-royal-bar-roasted-coffee-beans-1-complimentary-fine-porcelain-espresso-or-cappuccino-cup-of-your-choosing\/\" \/>\n<meta property=\"og:locale\" content=\"en_US\" \/>\n<meta property=\"og:type\" content=\"article\" \/>\n<meta property=\"og:title\" content=\"( 3 x 1 Kg. ) ROYAL BAR roasted coffee beans - Italcaff\u00e8\" \/>\n<meta property=\"og:description\" content=\"Italcaffe ROYAL BAR Coffee Beans 1Kg  A full bodied coffee with a delicate taste and a fragrant aroma. Packed in high quality foil bags for freshness. Perfect for espresso machines and bean to cup coffee machines.  It is available in 1.000 g. vacuum packages in beans with unidirectional air valve.  The handle and saucer of the complimentary Italcaff\u00e8 cups, can be of a color different than the one shown in the photo. Italcaff\u00e8 cups are offered with a variety of color combinations like white, red and black.\" \/>\n<meta property=\"og:url\" content=\"https:\/\/italcaffe.it\/en\/shop\/coffee-beans\/italian-espresso\/3-x-1-kg-royal-bar-roasted-coffee-beans-1-complimentary-fine-porcelain-espresso-or-cappuccino-cup-of-your-choosing\/\" \/>\n<meta property=\"og:site_name\" content=\"Italcaff\u00e8\" \/>\n<meta property=\"article:modified_time\" content=\"2021-10-12T07:04:35+00:00\" \/>\n<meta property=\"og:image\" content=\"https:\/\/italcaffe.it\/wp-content\/uploads\/2019\/10\/17-royal.jpg\" \/>\n\t<meta property=\"og:image:width\" content=\"825\" \/>\n\t<meta property=\"og:image:height\" content=\"1100\" \/>\n\t<meta property=\"og:image:type\" content=\"image\/jpeg\" \/>\n<meta name=\"twitter:card\" content=\"summary_large_image\" \/>\n<script type=\"application\/ld+json\" class=\"yoast-schema-graph\">{\"@context\":\"https:\/\/schema.org\",\"@graph\":[{\"@type\":\"WebPage\",\"@id\":\"https:\/\/italcaffe.it\/en\/shop\/coffee-beans\/italian-espresso\/3-x-1-kg-royal-bar-roasted-coffee-beans-1-complimentary-fine-porcelain-espresso-or-cappuccino-cup-of-your-choosing\/\",\"url\":\"https:\/\/italcaffe.it\/en\/shop\/coffee-beans\/italian-espresso\/3-x-1-kg-royal-bar-roasted-coffee-beans-1-complimentary-fine-porcelain-espresso-or-cappuccino-cup-of-your-choosing\/\",\"name\":\"( 3 x 1 Kg. ) ROYAL BAR roasted coffee beans - Italcaff\u00e8\",\"isPartOf\":{\"@id\":\"https:\/\/italcaffe.it\/en\/#website\"},\"primaryImageOfPage\":{\"@id\":\"https:\/\/italcaffe.it\/en\/shop\/coffee-beans\/italian-espresso\/3-x-1-kg-royal-bar-roasted-coffee-beans-1-complimentary-fine-porcelain-espresso-or-cappuccino-cup-of-your-choosing\/#primaryimage\"},\"image\":{\"@id\":\"https:\/\/italcaffe.it\/en\/shop\/coffee-beans\/italian-espresso\/3-x-1-kg-royal-bar-roasted-coffee-beans-1-complimentary-fine-porcelain-espresso-or-cappuccino-cup-of-your-choosing\/#primaryimage\"},\"thumbnailUrl\":\"https:\/\/italcaffe.it\/wp-content\/uploads\/2019\/10\/17-royal.jpg\",\"datePublished\":\"2020-02-26T14:38:11+00:00\",\"dateModified\":\"2021-10-12T07:04:35+00:00\",\"breadcrumb\":{\"@id\":\"https:\/\/italcaffe.it\/en\/shop\/coffee-beans\/italian-espresso\/3-x-1-kg-royal-bar-roasted-coffee-beans-1-complimentary-fine-porcelain-espresso-or-cappuccino-cup-of-your-choosing\/#breadcrumb\"},\"inLanguage\":\"en-US\",\"potentialAction\":[{\"@type\":\"ReadAction\",\"target\":[\"https:\/\/italcaffe.it\/en\/shop\/coffee-beans\/italian-espresso\/3-x-1-kg-royal-bar-roasted-coffee-beans-1-complimentary-fine-porcelain-espresso-or-cappuccino-cup-of-your-choosing\/\"]}]},{\"@type\":\"ImageObject\",\"inLanguage\":\"en-US\",\"@id\":\"https:\/\/italcaffe.it\/en\/shop\/coffee-beans\/italian-espresso\/3-x-1-kg-royal-bar-roasted-coffee-beans-1-complimentary-fine-porcelain-espresso-or-cappuccino-cup-of-your-choosing\/#primaryimage\",\"url\":\"https:\/\/italcaffe.it\/wp-content\/uploads\/2019\/10\/17-royal.jpg\",\"contentUrl\":\"https:\/\/italcaffe.it\/wp-content\/uploads\/2019\/10\/17-royal.jpg\",\"width\":825,\"height\":1100,\"caption\":\"Italcaffe Royal Bar Espresso Coffee Beans 1kg | Whole Bean | kaffeb\u00f8nner | koffiebonen | ziarna kawy | kaffeb\u00f6nor | kahvipavut | Kafijas pupi\u0146as | kohvioad | kavos pupel\u0117s | \u041a\u043e\u0444\u0435\u0439\u043d\u044b\u0435 \u0437\u0435\u0440\u043d\u0430 | cafea boabe | k\u00e1v\u00e9bab | \u041a\u0430\u0444\u0435\u043d\u0438 \u0437\u044a\u0440\u043d\u0430 | \u0417\u0440\u043d\u0430 \u043a\u0430\u0444\u0435 | zrna kave | zrna kafe | \u039a\u03cc\u03ba\u03ba\u03bf\u03b9 \u03ba\u03b1\u03c6\u03ad | caf\u00e9 en grano | caf\u00e9 em gr\u00e3o\"},{\"@type\":\"BreadcrumbList\",\"@id\":\"https:\/\/italcaffe.it\/en\/shop\/coffee-beans\/italian-espresso\/3-x-1-kg-royal-bar-roasted-coffee-beans-1-complimentary-fine-porcelain-espresso-or-cappuccino-cup-of-your-choosing\/#breadcrumb\",\"itemListElement\":[{\"@type\":\"ListItem\",\"position\":1,\"name\":\"Home\",\"item\":\"https:\/\/italcaffe.it\/en\/\"},{\"@type\":\"ListItem\",\"position\":2,\"name\":\"Shop\",\"item\":\"https:\/\/italcaffe.it\/en\/shop\/\"},{\"@type\":\"ListItem\",\"position\":3,\"name\":\"( 3 x 1 Kg. ) ROYAL BAR roasted coffee beans\"}]},{\"@type\":\"WebSite\",\"@id\":\"https:\/\/italcaffe.it\/en\/#website\",\"url\":\"https:\/\/italcaffe.it\/en\/\",\"name\":\"Italcaff\u00e8\",\"description\":\"50 Anni insieme\",\"potentialAction\":[{\"@type\":\"SearchAction\",\"target\":{\"@type\":\"EntryPoint\",\"urlTemplate\":\"https:\/\/italcaffe.it\/en\/?s={search_term_string}\"},\"query-input\":{\"@type\":\"PropertyValueSpecification\",\"valueRequired\":true,\"valueName\":\"search_term_string\"}}],\"inLanguage\":\"en-US\"}]}<\/script>\n<!-- \/ Yoast SEO plugin. -->","yoast_head_json":{"title":"( 3 x 1 Kg. ) ROYAL BAR roasted coffee beans - Italcaff\u00e8","robots":{"index":"index","follow":"follow","max-snippet":"max-snippet:-1","max-image-preview":"max-image-preview:large","max-video-preview":"max-video-preview:-1"},"canonical":"https:\/\/italcaffe.it\/en\/shop\/coffee-beans\/italian-espresso\/3-x-1-kg-royal-bar-roasted-coffee-beans-1-complimentary-fine-porcelain-espresso-or-cappuccino-cup-of-your-choosing\/","og_locale":"en_US","og_type":"article","og_title":"( 3 x 1 Kg. ) ROYAL BAR roasted coffee beans - Italcaff\u00e8","og_description":"Italcaffe ROYAL BAR Coffee Beans 1Kg  A full bodied coffee with a delicate taste and a fragrant aroma. Packed in high quality foil bags for freshness. Perfect for espresso machines and bean to cup coffee machines.  It is available in 1.000 g. vacuum packages in beans with unidirectional air valve.  The handle and saucer of the complimentary Italcaff\u00e8 cups, can be of a color different than the one shown in the photo. Italcaff\u00e8 cups are offered with a variety of color combinations like white, red and black.","og_url":"https:\/\/italcaffe.it\/en\/shop\/coffee-beans\/italian-espresso\/3-x-1-kg-royal-bar-roasted-coffee-beans-1-complimentary-fine-porcelain-espresso-or-cappuccino-cup-of-your-choosing\/","og_site_name":"Italcaff\u00e8","article_modified_time":"2021-10-12T07:04:35+00:00","og_image":[{"width":825,"height":1100,"url":"https:\/\/italcaffe.it\/wp-content\/uploads\/2019\/10\/17-royal.jpg","type":"image\/jpeg"}],"twitter_card":"summary_large_image","schema":{"@context":"https:\/\/schema.org","@graph":[{"@type":"WebPage","@id":"https:\/\/italcaffe.it\/en\/shop\/coffee-beans\/italian-espresso\/3-x-1-kg-royal-bar-roasted-coffee-beans-1-complimentary-fine-porcelain-espresso-or-cappuccino-cup-of-your-choosing\/","url":"https:\/\/italcaffe.it\/en\/shop\/coffee-beans\/italian-espresso\/3-x-1-kg-royal-bar-roasted-coffee-beans-1-complimentary-fine-porcelain-espresso-or-cappuccino-cup-of-your-choosing\/","name":"( 3 x 1 Kg. ) ROYAL BAR roasted coffee beans - Italcaff\u00e8","isPartOf":{"@id":"https:\/\/italcaffe.it\/en\/#website"},"primaryImageOfPage":{"@id":"https:\/\/italcaffe.it\/en\/shop\/coffee-beans\/italian-espresso\/3-x-1-kg-royal-bar-roasted-coffee-beans-1-complimentary-fine-porcelain-espresso-or-cappuccino-cup-of-your-choosing\/#primaryimage"},"image":{"@id":"https:\/\/italcaffe.it\/en\/shop\/coffee-beans\/italian-espresso\/3-x-1-kg-royal-bar-roasted-coffee-beans-1-complimentary-fine-porcelain-espresso-or-cappuccino-cup-of-your-choosing\/#primaryimage"},"thumbnailUrl":"https:\/\/italcaffe.it\/wp-content\/uploads\/2019\/10\/17-royal.jpg","datePublished":"2020-02-26T14:38:11+00:00","dateModified":"2021-10-12T07:04:35+00:00","breadcrumb":{"@id":"https:\/\/italcaffe.it\/en\/shop\/coffee-beans\/italian-espresso\/3-x-1-kg-royal-bar-roasted-coffee-beans-1-complimentary-fine-porcelain-espresso-or-cappuccino-cup-of-your-choosing\/#breadcrumb"},"inLanguage":"en-US","potentialAction":[{"@type":"ReadAction","target":["https:\/\/italcaffe.it\/en\/shop\/coffee-beans\/italian-espresso\/3-x-1-kg-royal-bar-roasted-coffee-beans-1-complimentary-fine-porcelain-espresso-or-cappuccino-cup-of-your-choosing\/"]}]},{"@type":"ImageObject","inLanguage":"en-US","@id":"https:\/\/italcaffe.it\/en\/shop\/coffee-beans\/italian-espresso\/3-x-1-kg-royal-bar-roasted-coffee-beans-1-complimentary-fine-porcelain-espresso-or-cappuccino-cup-of-your-choosing\/#primaryimage","url":"https:\/\/italcaffe.it\/wp-content\/uploads\/2019\/10\/17-royal.jpg","contentUrl":"https:\/\/italcaffe.it\/wp-content\/uploads\/2019\/10\/17-royal.jpg","width":825,"height":1100,"caption":"Italcaffe Royal Bar Espresso Coffee Beans 1kg | Whole Bean | kaffeb\u00f8nner | koffiebonen | ziarna kawy | kaffeb\u00f6nor | kahvipavut | Kafijas pupi\u0146as | kohvioad | kavos pupel\u0117s | \u041a\u043e\u0444\u0435\u0439\u043d\u044b\u0435 \u0437\u0435\u0440\u043d\u0430 | cafea boabe | k\u00e1v\u00e9bab | \u041a\u0430\u0444\u0435\u043d\u0438 \u0437\u044a\u0440\u043d\u0430 | \u0417\u0440\u043d\u0430 \u043a\u0430\u0444\u0435 | zrna kave | zrna kafe | \u039a\u03cc\u03ba\u03ba\u03bf\u03b9 \u03ba\u03b1\u03c6\u03ad | caf\u00e9 en grano | caf\u00e9 em gr\u00e3o"},{"@type":"BreadcrumbList","@id":"https:\/\/italcaffe.it\/en\/shop\/coffee-beans\/italian-espresso\/3-x-1-kg-royal-bar-roasted-coffee-beans-1-complimentary-fine-porcelain-espresso-or-cappuccino-cup-of-your-choosing\/#breadcrumb","itemListElement":[{"@type":"ListItem","position":1,"name":"Home","item":"https:\/\/italcaffe.it\/en\/"},{"@type":"ListItem","position":2,"name":"Shop","item":"https:\/\/italcaffe.it\/en\/shop\/"},{"@type":"ListItem","position":3,"name":"( 3 x 1 Kg. ) ROYAL BAR roasted coffee beans"}]},{"@type":"WebSite","@id":"https:\/\/italcaffe.it\/en\/#website","url":"https:\/\/italcaffe.it\/en\/","name":"Italcaff\u00e8","description":"50 Anni insieme","potentialAction":[{"@type":"SearchAction","target":{"@type":"EntryPoint","urlTemplate":"https:\/\/italcaffe.it\/en\/?s={search_term_string}"},"query-input":{"@type":"PropertyValueSpecification","valueRequired":true,"valueName":"search_term_string"}}],"inLanguage":"en-US"}]}},"_links":{"self":[{"href":"https:\/\/italcaffe.it\/en\/wp-json\/wp\/v2\/product\/22876","targetHints":{"allow":["GET"]}}],"collection":[{"href":"https:\/\/italcaffe.it\/en\/wp-json\/wp\/v2\/product"}],"about":[{"href":"https:\/\/italcaffe.it\/en\/wp-json\/wp\/v2\/types\/product"}],"wp:featuredmedia":[{"embeddable":true,"href":"https:\/\/italcaffe.it\/en\/wp-json\/wp\/v2\/media\/8396"}],"wp:attachment":[{"href":"https:\/\/italcaffe.it\/en\/wp-json\/wp\/v2\/media?parent=22876"}],"wp:term":[{"taxonomy":"product_brand","embeddable":true,"href":"https:\/\/italcaffe.it\/en\/wp-json\/wp\/v2\/product_brand?post=22876"},{"taxonomy":"product_cat","embeddable":true,"href":"https:\/\/italcaffe.it\/en\/wp-json\/wp\/v2\/product_cat?post=22876"},{"taxonomy":"product_tag","embeddable":true,"href":"https:\/\/italcaffe.it\/en\/wp-json\/wp\/v2\/product_tag?post=22876"}],"curies":[{"name":"wp","href":"https:\/\/api.w.org\/{rel}","templated":true}]}}