{"id":22886,"date":"2020-02-26T15:59:36","date_gmt":"2020-02-26T14:38:16","guid":{"rendered":"https:\/\/www.italcaffe.it\/product\/6-x-1kg-elite-bar-100-arabica-roasted-coffee-beans-2-complimentary-fine-porcelain-espresso-or-cappuccino-cups-of-your-choosing\/"},"modified":"2024-07-06T16:49:59","modified_gmt":"2024-07-06T15:49:59","slug":"6-x-1kg-elite-bar-100-arabica-roasted-coffee-beans-2-complimentary-fine-porcelain-espresso-or-cappuccino-cups-of-your-choosing","status":"publish","type":"product","link":"https:\/\/italcaffe.it\/en\/shop\/coffee-beans\/italian-espresso\/6-x-1kg-elite-bar-100-arabica-roasted-coffee-beans-2-complimentary-fine-porcelain-espresso-or-cappuccino-cups-of-your-choosing\/","title":{"rendered":"( 6 x 1Kg. )ELITE BAR 100%  Arabica roasted coffee beans"},"content":{"rendered":"","protected":false},"excerpt":{"rendered":"<p>Italcaffe ELITE BAR 100% Arabica Coffee Beans 1Kg<\/p>\n<p>A coffee blend with superior qualities, uniquely composed of the best Arabica coffees in the world, carefully selected.<br \/>\nIt is a blend with a slight acidity and a fruity, delicate aftertaste. Packed in high quality foil bags for freshness.<\/p>\n<p>Perfect for espresso machines and bean to cup coffee machines.<\/p>\n<p>It is available in 1.000 g. vacuum packages in beans with unidirectional air valve.<\/p>\n<p>The handle and saucer of the complimentary Italcaff\u00e8 cups, can be of a color different than the one shown in the photo. Italcaff\u00e8 cups are offered with a variety of color combinations like white, red and black.<\/p>\n","protected":false},"featured_media":8324,"template":"","meta":{"_acf_changed":false},"product_brand":[],"product_cat":[251,252],"product_tag":[],"class_list":{"0":"post-22886","1":"product","2":"type-product","3":"status-publish","4":"has-post-thumbnail","6":"product_cat-coffee-beans","7":"product_cat-italian-espresso","9":"first","10":"instock","11":"taxable","12":"shipping-taxable","13":"purchasable","14":"product-type-simple"},"acf":[],"yoast_head":"<!-- This site is optimized with the Yoast SEO plugin v27.0 - https:\/\/yoast.com\/product\/yoast-seo-wordpress\/ -->\n<title>( 6 x 1Kg. )ELITE BAR 100% Arabica roasted coffee beans - Italcaff\u00e8<\/title>\n<meta name=\"robots\" content=\"index, follow, max-snippet:-1, max-image-preview:large, max-video-preview:-1\" \/>\n<link rel=\"canonical\" href=\"https:\/\/italcaffe.it\/en\/shop\/coffee-beans\/italian-espresso\/6-x-1kg-elite-bar-100-arabica-roasted-coffee-beans-2-complimentary-fine-porcelain-espresso-or-cappuccino-cups-of-your-choosing\/\" \/>\n<meta property=\"og:locale\" content=\"en_US\" \/>\n<meta property=\"og:type\" content=\"article\" \/>\n<meta property=\"og:title\" content=\"( 6 x 1Kg. )ELITE BAR 100% Arabica roasted coffee beans - Italcaff\u00e8\" \/>\n<meta property=\"og:description\" content=\"Italcaffe ELITE BAR 100% Arabica Coffee Beans 1Kg  A coffee blend with superior qualities, uniquely composed of the best Arabica coffees in the world, carefully selected. It is a blend with a slight acidity and a fruity, delicate aftertaste. Packed in high quality foil bags for freshness.  Perfect for espresso machines and bean to cup coffee machines.  It is available in 1.000 g. vacuum packages in beans with unidirectional air valve.  The handle and saucer of the complimentary Italcaff\u00e8 cups, can be of a color different than the one shown in the photo. Italcaff\u00e8 cups are offered with a variety of color combinations like white, red and black.\" \/>\n<meta property=\"og:url\" content=\"https:\/\/italcaffe.it\/en\/shop\/coffee-beans\/italian-espresso\/6-x-1kg-elite-bar-100-arabica-roasted-coffee-beans-2-complimentary-fine-porcelain-espresso-or-cappuccino-cups-of-your-choosing\/\" \/>\n<meta property=\"og:site_name\" content=\"Italcaff\u00e8\" \/>\n<meta property=\"article:modified_time\" content=\"2024-07-06T15:49:59+00:00\" \/>\n<meta property=\"og:image\" content=\"https:\/\/italcaffe.it\/wp-content\/uploads\/2019\/10\/03-elite.jpg\" \/>\n\t<meta property=\"og:image:width\" content=\"825\" \/>\n\t<meta property=\"og:image:height\" content=\"1100\" \/>\n\t<meta property=\"og:image:type\" content=\"image\/jpeg\" \/>\n<meta name=\"twitter:card\" content=\"summary_large_image\" \/>\n<script type=\"application\/ld+json\" class=\"yoast-schema-graph\">{\"@context\":\"https:\/\/schema.org\",\"@graph\":[{\"@type\":\"WebPage\",\"@id\":\"https:\/\/italcaffe.it\/en\/shop\/coffee-beans\/italian-espresso\/6-x-1kg-elite-bar-100-arabica-roasted-coffee-beans-2-complimentary-fine-porcelain-espresso-or-cappuccino-cups-of-your-choosing\/\",\"url\":\"https:\/\/italcaffe.it\/en\/shop\/coffee-beans\/italian-espresso\/6-x-1kg-elite-bar-100-arabica-roasted-coffee-beans-2-complimentary-fine-porcelain-espresso-or-cappuccino-cups-of-your-choosing\/\",\"name\":\"( 6 x 1Kg. )ELITE BAR 100% Arabica roasted coffee beans - Italcaff\u00e8\",\"isPartOf\":{\"@id\":\"https:\/\/italcaffe.it\/en\/#website\"},\"primaryImageOfPage\":{\"@id\":\"https:\/\/italcaffe.it\/en\/shop\/coffee-beans\/italian-espresso\/6-x-1kg-elite-bar-100-arabica-roasted-coffee-beans-2-complimentary-fine-porcelain-espresso-or-cappuccino-cups-of-your-choosing\/#primaryimage\"},\"image\":{\"@id\":\"https:\/\/italcaffe.it\/en\/shop\/coffee-beans\/italian-espresso\/6-x-1kg-elite-bar-100-arabica-roasted-coffee-beans-2-complimentary-fine-porcelain-espresso-or-cappuccino-cups-of-your-choosing\/#primaryimage\"},\"thumbnailUrl\":\"https:\/\/italcaffe.it\/wp-content\/uploads\/2019\/10\/03-elite.jpg\",\"datePublished\":\"2020-02-26T14:38:16+00:00\",\"dateModified\":\"2024-07-06T15:49:59+00:00\",\"breadcrumb\":{\"@id\":\"https:\/\/italcaffe.it\/en\/shop\/coffee-beans\/italian-espresso\/6-x-1kg-elite-bar-100-arabica-roasted-coffee-beans-2-complimentary-fine-porcelain-espresso-or-cappuccino-cups-of-your-choosing\/#breadcrumb\"},\"inLanguage\":\"en-US\",\"potentialAction\":[{\"@type\":\"ReadAction\",\"target\":[\"https:\/\/italcaffe.it\/en\/shop\/coffee-beans\/italian-espresso\/6-x-1kg-elite-bar-100-arabica-roasted-coffee-beans-2-complimentary-fine-porcelain-espresso-or-cappuccino-cups-of-your-choosing\/\"]}]},{\"@type\":\"ImageObject\",\"inLanguage\":\"en-US\",\"@id\":\"https:\/\/italcaffe.it\/en\/shop\/coffee-beans\/italian-espresso\/6-x-1kg-elite-bar-100-arabica-roasted-coffee-beans-2-complimentary-fine-porcelain-espresso-or-cappuccino-cups-of-your-choosing\/#primaryimage\",\"url\":\"https:\/\/italcaffe.it\/wp-content\/uploads\/2019\/10\/03-elite.jpg\",\"contentUrl\":\"https:\/\/italcaffe.it\/wp-content\/uploads\/2019\/10\/03-elite.jpg\",\"width\":825,\"height\":1100,\"caption\":\"Elite Arabica Espresso coffee beans Italcaff\u00e8 1kg | Whole Bean | kaffeb\u00f8nner | koffiebonen | ziarna kawy | kaffeb\u00f6nor | kahvipavut | Kafijas pupi\u0146as | kohvioad | kavos pupel\u0117s | \u041a\u043e\u0444\u0435\u0439\u043d\u044b\u0435 \u0437\u0435\u0440\u043d\u0430 | cafea boabe | k\u00e1v\u00e9bab | \u041a\u0430\u0444\u0435\u043d\u0438 \u0437\u044a\u0440\u043d\u0430 | \u0417\u0440\u043d\u0430 \u043a\u0430\u0444\u0435 | zrna kave | zrna kafe | \u039a\u03cc\u03ba\u03ba\u03bf\u03b9 \u03ba\u03b1\u03c6\u03ad | caf\u00e9 en grano | caf\u00e9 em gr\u00e3o\"},{\"@type\":\"BreadcrumbList\",\"@id\":\"https:\/\/italcaffe.it\/en\/shop\/coffee-beans\/italian-espresso\/6-x-1kg-elite-bar-100-arabica-roasted-coffee-beans-2-complimentary-fine-porcelain-espresso-or-cappuccino-cups-of-your-choosing\/#breadcrumb\",\"itemListElement\":[{\"@type\":\"ListItem\",\"position\":1,\"name\":\"Home\",\"item\":\"https:\/\/italcaffe.it\/en\/\"},{\"@type\":\"ListItem\",\"position\":2,\"name\":\"Shop\",\"item\":\"https:\/\/italcaffe.it\/en\/shop\/\"},{\"@type\":\"ListItem\",\"position\":3,\"name\":\"( 6 x 1Kg. )ELITE BAR 100% Arabica roasted coffee beans\"}]},{\"@type\":\"WebSite\",\"@id\":\"https:\/\/italcaffe.it\/en\/#website\",\"url\":\"https:\/\/italcaffe.it\/en\/\",\"name\":\"Italcaff\u00e8\",\"description\":\"50 Anni insieme\",\"potentialAction\":[{\"@type\":\"SearchAction\",\"target\":{\"@type\":\"EntryPoint\",\"urlTemplate\":\"https:\/\/italcaffe.it\/en\/?s={search_term_string}\"},\"query-input\":{\"@type\":\"PropertyValueSpecification\",\"valueRequired\":true,\"valueName\":\"search_term_string\"}}],\"inLanguage\":\"en-US\"}]}<\/script>\n<!-- \/ Yoast SEO plugin. -->","yoast_head_json":{"title":"( 6 x 1Kg. )ELITE BAR 100% Arabica roasted coffee beans - Italcaff\u00e8","robots":{"index":"index","follow":"follow","max-snippet":"max-snippet:-1","max-image-preview":"max-image-preview:large","max-video-preview":"max-video-preview:-1"},"canonical":"https:\/\/italcaffe.it\/en\/shop\/coffee-beans\/italian-espresso\/6-x-1kg-elite-bar-100-arabica-roasted-coffee-beans-2-complimentary-fine-porcelain-espresso-or-cappuccino-cups-of-your-choosing\/","og_locale":"en_US","og_type":"article","og_title":"( 6 x 1Kg. )ELITE BAR 100% Arabica roasted coffee beans - Italcaff\u00e8","og_description":"Italcaffe ELITE BAR 100% Arabica Coffee Beans 1Kg  A coffee blend with superior qualities, uniquely composed of the best Arabica coffees in the world, carefully selected. It is a blend with a slight acidity and a fruity, delicate aftertaste. Packed in high quality foil bags for freshness.  Perfect for espresso machines and bean to cup coffee machines.  It is available in 1.000 g. vacuum packages in beans with unidirectional air valve.  The handle and saucer of the complimentary Italcaff\u00e8 cups, can be of a color different than the one shown in the photo. Italcaff\u00e8 cups are offered with a variety of color combinations like white, red and black.","og_url":"https:\/\/italcaffe.it\/en\/shop\/coffee-beans\/italian-espresso\/6-x-1kg-elite-bar-100-arabica-roasted-coffee-beans-2-complimentary-fine-porcelain-espresso-or-cappuccino-cups-of-your-choosing\/","og_site_name":"Italcaff\u00e8","article_modified_time":"2024-07-06T15:49:59+00:00","og_image":[{"width":825,"height":1100,"url":"https:\/\/italcaffe.it\/wp-content\/uploads\/2019\/10\/03-elite.jpg","type":"image\/jpeg"}],"twitter_card":"summary_large_image","schema":{"@context":"https:\/\/schema.org","@graph":[{"@type":"WebPage","@id":"https:\/\/italcaffe.it\/en\/shop\/coffee-beans\/italian-espresso\/6-x-1kg-elite-bar-100-arabica-roasted-coffee-beans-2-complimentary-fine-porcelain-espresso-or-cappuccino-cups-of-your-choosing\/","url":"https:\/\/italcaffe.it\/en\/shop\/coffee-beans\/italian-espresso\/6-x-1kg-elite-bar-100-arabica-roasted-coffee-beans-2-complimentary-fine-porcelain-espresso-or-cappuccino-cups-of-your-choosing\/","name":"( 6 x 1Kg. )ELITE BAR 100% Arabica roasted coffee beans - Italcaff\u00e8","isPartOf":{"@id":"https:\/\/italcaffe.it\/en\/#website"},"primaryImageOfPage":{"@id":"https:\/\/italcaffe.it\/en\/shop\/coffee-beans\/italian-espresso\/6-x-1kg-elite-bar-100-arabica-roasted-coffee-beans-2-complimentary-fine-porcelain-espresso-or-cappuccino-cups-of-your-choosing\/#primaryimage"},"image":{"@id":"https:\/\/italcaffe.it\/en\/shop\/coffee-beans\/italian-espresso\/6-x-1kg-elite-bar-100-arabica-roasted-coffee-beans-2-complimentary-fine-porcelain-espresso-or-cappuccino-cups-of-your-choosing\/#primaryimage"},"thumbnailUrl":"https:\/\/italcaffe.it\/wp-content\/uploads\/2019\/10\/03-elite.jpg","datePublished":"2020-02-26T14:38:16+00:00","dateModified":"2024-07-06T15:49:59+00:00","breadcrumb":{"@id":"https:\/\/italcaffe.it\/en\/shop\/coffee-beans\/italian-espresso\/6-x-1kg-elite-bar-100-arabica-roasted-coffee-beans-2-complimentary-fine-porcelain-espresso-or-cappuccino-cups-of-your-choosing\/#breadcrumb"},"inLanguage":"en-US","potentialAction":[{"@type":"ReadAction","target":["https:\/\/italcaffe.it\/en\/shop\/coffee-beans\/italian-espresso\/6-x-1kg-elite-bar-100-arabica-roasted-coffee-beans-2-complimentary-fine-porcelain-espresso-or-cappuccino-cups-of-your-choosing\/"]}]},{"@type":"ImageObject","inLanguage":"en-US","@id":"https:\/\/italcaffe.it\/en\/shop\/coffee-beans\/italian-espresso\/6-x-1kg-elite-bar-100-arabica-roasted-coffee-beans-2-complimentary-fine-porcelain-espresso-or-cappuccino-cups-of-your-choosing\/#primaryimage","url":"https:\/\/italcaffe.it\/wp-content\/uploads\/2019\/10\/03-elite.jpg","contentUrl":"https:\/\/italcaffe.it\/wp-content\/uploads\/2019\/10\/03-elite.jpg","width":825,"height":1100,"caption":"Elite Arabica Espresso coffee beans Italcaff\u00e8 1kg | Whole Bean | kaffeb\u00f8nner | koffiebonen | ziarna kawy | kaffeb\u00f6nor | kahvipavut | Kafijas pupi\u0146as | kohvioad | kavos pupel\u0117s | \u041a\u043e\u0444\u0435\u0439\u043d\u044b\u0435 \u0437\u0435\u0440\u043d\u0430 | cafea boabe | k\u00e1v\u00e9bab | \u041a\u0430\u0444\u0435\u043d\u0438 \u0437\u044a\u0440\u043d\u0430 | \u0417\u0440\u043d\u0430 \u043a\u0430\u0444\u0435 | zrna kave | zrna kafe | \u039a\u03cc\u03ba\u03ba\u03bf\u03b9 \u03ba\u03b1\u03c6\u03ad | caf\u00e9 en grano | caf\u00e9 em gr\u00e3o"},{"@type":"BreadcrumbList","@id":"https:\/\/italcaffe.it\/en\/shop\/coffee-beans\/italian-espresso\/6-x-1kg-elite-bar-100-arabica-roasted-coffee-beans-2-complimentary-fine-porcelain-espresso-or-cappuccino-cups-of-your-choosing\/#breadcrumb","itemListElement":[{"@type":"ListItem","position":1,"name":"Home","item":"https:\/\/italcaffe.it\/en\/"},{"@type":"ListItem","position":2,"name":"Shop","item":"https:\/\/italcaffe.it\/en\/shop\/"},{"@type":"ListItem","position":3,"name":"( 6 x 1Kg. )ELITE BAR 100% Arabica roasted coffee beans"}]},{"@type":"WebSite","@id":"https:\/\/italcaffe.it\/en\/#website","url":"https:\/\/italcaffe.it\/en\/","name":"Italcaff\u00e8","description":"50 Anni insieme","potentialAction":[{"@type":"SearchAction","target":{"@type":"EntryPoint","urlTemplate":"https:\/\/italcaffe.it\/en\/?s={search_term_string}"},"query-input":{"@type":"PropertyValueSpecification","valueRequired":true,"valueName":"search_term_string"}}],"inLanguage":"en-US"}]}},"_links":{"self":[{"href":"https:\/\/italcaffe.it\/en\/wp-json\/wp\/v2\/product\/22886","targetHints":{"allow":["GET"]}}],"collection":[{"href":"https:\/\/italcaffe.it\/en\/wp-json\/wp\/v2\/product"}],"about":[{"href":"https:\/\/italcaffe.it\/en\/wp-json\/wp\/v2\/types\/product"}],"wp:featuredmedia":[{"embeddable":true,"href":"https:\/\/italcaffe.it\/en\/wp-json\/wp\/v2\/media\/8324"}],"wp:attachment":[{"href":"https:\/\/italcaffe.it\/en\/wp-json\/wp\/v2\/media?parent=22886"}],"wp:term":[{"taxonomy":"product_brand","embeddable":true,"href":"https:\/\/italcaffe.it\/en\/wp-json\/wp\/v2\/product_brand?post=22886"},{"taxonomy":"product_cat","embeddable":true,"href":"https:\/\/italcaffe.it\/en\/wp-json\/wp\/v2\/product_cat?post=22886"},{"taxonomy":"product_tag","embeddable":true,"href":"https:\/\/italcaffe.it\/en\/wp-json\/wp\/v2\/product_tag?post=22886"}],"curies":[{"name":"wp","href":"https:\/\/api.w.org\/{rel}","templated":true}]}}