{"id":22924,"date":"2020-02-26T15:59:51","date_gmt":"2020-02-26T14:38:27","guid":{"rendered":"https:\/\/www.italcaffe.it\/product\/roasted-ground-coffee-qualita-classica-italcaffe-4x250g\/"},"modified":"2023-02-03T11:15:50","modified_gmt":"2023-02-03T10:15:50","slug":"qualita-classica","status":"publish","type":"product","link":"https:\/\/italcaffe.it\/en\/shop\/ground-coffee\/ground-coffee-moka\/qualita-classica\/","title":{"rendered":"Qualit\u00e0 classica ground coffee"},"content":{"rendered":"","protected":false},"excerpt":{"rendered":"<p style=\"text-align: justify;\">Roasted and ground coffee. It is the perfect blend of high quality Robusta beans from Asia and superior Arabica from Brazil, highly professionally and accurately roasted so to give the beverage obtained a strong but at the same time a delicate taste, and a rich, intense aroma. Suitable for all cafetieres and Ground Filter Coffee makers. It is available ground in 250 g. vacuum packages.<\/p>\n","protected":false},"featured_media":26844,"template":"","meta":{"_acf_changed":false},"product_brand":[],"product_cat":[268,269,273],"product_tag":[],"class_list":{"0":"post-22924","1":"product","2":"type-product","3":"status-publish","4":"has-post-thumbnail","6":"product_cat-ground-coffee","7":"product_cat-ground-coffee-moka","8":"product_cat-ground-coffee-espresso-machines","10":"first","11":"instock","12":"taxable","13":"shipping-taxable","14":"product-type-grouped"},"acf":[],"yoast_head":"<!-- This site is optimized with the Yoast SEO plugin v27.0 - https:\/\/yoast.com\/product\/yoast-seo-wordpress\/ -->\n<title>Ground Qualit\u00e0 classica coffee | Italcaff\u00e8<\/title>\n<meta name=\"description\" content=\"Ground 100% Qualit\u00e0 classica coffee: strong and smooth taste with a rich and persistent aroma.\" \/>\n<meta name=\"robots\" content=\"index, follow, max-snippet:-1, max-image-preview:large, max-video-preview:-1\" \/>\n<link rel=\"canonical\" href=\"https:\/\/italcaffe.it\/en\/shop\/ground-coffee\/ground-coffee-moka\/qualita-classica\/\" \/>\n<meta property=\"og:locale\" content=\"en_US\" \/>\n<meta property=\"og:type\" content=\"article\" \/>\n<meta property=\"og:title\" content=\"Ground Qualit\u00e0 classica coffee | Italcaff\u00e8\" \/>\n<meta property=\"og:description\" content=\"Ground 100% Qualit\u00e0 classica coffee: strong and smooth taste with a rich and persistent aroma.\" \/>\n<meta property=\"og:url\" content=\"https:\/\/italcaffe.it\/en\/shop\/ground-coffee\/ground-coffee-moka\/qualita-classica\/\" \/>\n<meta property=\"og:site_name\" content=\"Italcaff\u00e8\" \/>\n<meta property=\"article:modified_time\" content=\"2023-02-03T10:15:50+00:00\" \/>\n<meta property=\"og:image\" content=\"https:\/\/italcaffe.it\/wp-content\/uploads\/2021\/02\/Classico250g-2022.jpg\" \/>\n\t<meta property=\"og:image:width\" content=\"825\" \/>\n\t<meta property=\"og:image:height\" content=\"1100\" \/>\n\t<meta property=\"og:image:type\" content=\"image\/png\" \/>\n<meta name=\"twitter:card\" content=\"summary_large_image\" \/>\n<script type=\"application\/ld+json\" class=\"yoast-schema-graph\">{\"@context\":\"https:\/\/schema.org\",\"@graph\":[{\"@type\":\"WebPage\",\"@id\":\"https:\/\/italcaffe.it\/en\/shop\/ground-coffee\/ground-coffee-moka\/qualita-classica\/\",\"url\":\"https:\/\/italcaffe.it\/en\/shop\/ground-coffee\/ground-coffee-moka\/qualita-classica\/\",\"name\":\"Ground Qualit\u00e0 classica coffee | Italcaff\u00e8\",\"isPartOf\":{\"@id\":\"https:\/\/italcaffe.it\/en\/#website\"},\"primaryImageOfPage\":{\"@id\":\"https:\/\/italcaffe.it\/en\/shop\/ground-coffee\/ground-coffee-moka\/qualita-classica\/#primaryimage\"},\"image\":{\"@id\":\"https:\/\/italcaffe.it\/en\/shop\/ground-coffee\/ground-coffee-moka\/qualita-classica\/#primaryimage\"},\"thumbnailUrl\":\"https:\/\/italcaffe.it\/wp-content\/uploads\/2021\/02\/Classico250g-2022.jpg\",\"datePublished\":\"2020-02-26T14:38:27+00:00\",\"dateModified\":\"2023-02-03T10:15:50+00:00\",\"description\":\"Ground 100% Qualit\u00e0 classica coffee: strong and smooth taste with a rich and persistent aroma.\",\"breadcrumb\":{\"@id\":\"https:\/\/italcaffe.it\/en\/shop\/ground-coffee\/ground-coffee-moka\/qualita-classica\/#breadcrumb\"},\"inLanguage\":\"en-US\",\"potentialAction\":[{\"@type\":\"ReadAction\",\"target\":[\"https:\/\/italcaffe.it\/en\/shop\/ground-coffee\/ground-coffee-moka\/qualita-classica\/\"]}]},{\"@type\":\"ImageObject\",\"inLanguage\":\"en-US\",\"@id\":\"https:\/\/italcaffe.it\/en\/shop\/ground-coffee\/ground-coffee-moka\/qualita-classica\/#primaryimage\",\"url\":\"https:\/\/italcaffe.it\/wp-content\/uploads\/2021\/02\/Classico250g-2022.jpg\",\"contentUrl\":\"https:\/\/italcaffe.it\/wp-content\/uploads\/2021\/02\/Classico250g-2022.jpg\",\"width\":825,\"height\":1100,\"caption\":\"Caff\u00e8 Macinato Classico Italcaff\u00e8 250g vero caff\u00e8 Italiano per Moka\"},{\"@type\":\"BreadcrumbList\",\"@id\":\"https:\/\/italcaffe.it\/en\/shop\/ground-coffee\/ground-coffee-moka\/qualita-classica\/#breadcrumb\",\"itemListElement\":[{\"@type\":\"ListItem\",\"position\":1,\"name\":\"Home\",\"item\":\"https:\/\/italcaffe.it\/en\/\"},{\"@type\":\"ListItem\",\"position\":2,\"name\":\"Shop\",\"item\":\"https:\/\/italcaffe.it\/en\/shop\/\"},{\"@type\":\"ListItem\",\"position\":3,\"name\":\"Qualit\u00e0 classica ground coffee\"}]},{\"@type\":\"WebSite\",\"@id\":\"https:\/\/italcaffe.it\/en\/#website\",\"url\":\"https:\/\/italcaffe.it\/en\/\",\"name\":\"Italcaff\u00e8\",\"description\":\"50 Anni insieme\",\"potentialAction\":[{\"@type\":\"SearchAction\",\"target\":{\"@type\":\"EntryPoint\",\"urlTemplate\":\"https:\/\/italcaffe.it\/en\/?s={search_term_string}\"},\"query-input\":{\"@type\":\"PropertyValueSpecification\",\"valueRequired\":true,\"valueName\":\"search_term_string\"}}],\"inLanguage\":\"en-US\"}]}<\/script>\n<!-- \/ Yoast SEO plugin. -->","yoast_head_json":{"title":"Ground Qualit\u00e0 classica coffee | Italcaff\u00e8","description":"Ground 100% Qualit\u00e0 classica coffee: strong and smooth taste with a rich and persistent aroma.","robots":{"index":"index","follow":"follow","max-snippet":"max-snippet:-1","max-image-preview":"max-image-preview:large","max-video-preview":"max-video-preview:-1"},"canonical":"https:\/\/italcaffe.it\/en\/shop\/ground-coffee\/ground-coffee-moka\/qualita-classica\/","og_locale":"en_US","og_type":"article","og_title":"Ground Qualit\u00e0 classica coffee | Italcaff\u00e8","og_description":"Ground 100% Qualit\u00e0 classica coffee: strong and smooth taste with a rich and persistent aroma.","og_url":"https:\/\/italcaffe.it\/en\/shop\/ground-coffee\/ground-coffee-moka\/qualita-classica\/","og_site_name":"Italcaff\u00e8","article_modified_time":"2023-02-03T10:15:50+00:00","og_image":[{"width":825,"height":1100,"url":"https:\/\/italcaffe.it\/wp-content\/uploads\/2021\/02\/Classico250g-2022.jpg","type":"image\/png"}],"twitter_card":"summary_large_image","schema":{"@context":"https:\/\/schema.org","@graph":[{"@type":"WebPage","@id":"https:\/\/italcaffe.it\/en\/shop\/ground-coffee\/ground-coffee-moka\/qualita-classica\/","url":"https:\/\/italcaffe.it\/en\/shop\/ground-coffee\/ground-coffee-moka\/qualita-classica\/","name":"Ground Qualit\u00e0 classica coffee | Italcaff\u00e8","isPartOf":{"@id":"https:\/\/italcaffe.it\/en\/#website"},"primaryImageOfPage":{"@id":"https:\/\/italcaffe.it\/en\/shop\/ground-coffee\/ground-coffee-moka\/qualita-classica\/#primaryimage"},"image":{"@id":"https:\/\/italcaffe.it\/en\/shop\/ground-coffee\/ground-coffee-moka\/qualita-classica\/#primaryimage"},"thumbnailUrl":"https:\/\/italcaffe.it\/wp-content\/uploads\/2021\/02\/Classico250g-2022.jpg","datePublished":"2020-02-26T14:38:27+00:00","dateModified":"2023-02-03T10:15:50+00:00","description":"Ground 100% Qualit\u00e0 classica coffee: strong and smooth taste with a rich and persistent aroma.","breadcrumb":{"@id":"https:\/\/italcaffe.it\/en\/shop\/ground-coffee\/ground-coffee-moka\/qualita-classica\/#breadcrumb"},"inLanguage":"en-US","potentialAction":[{"@type":"ReadAction","target":["https:\/\/italcaffe.it\/en\/shop\/ground-coffee\/ground-coffee-moka\/qualita-classica\/"]}]},{"@type":"ImageObject","inLanguage":"en-US","@id":"https:\/\/italcaffe.it\/en\/shop\/ground-coffee\/ground-coffee-moka\/qualita-classica\/#primaryimage","url":"https:\/\/italcaffe.it\/wp-content\/uploads\/2021\/02\/Classico250g-2022.jpg","contentUrl":"https:\/\/italcaffe.it\/wp-content\/uploads\/2021\/02\/Classico250g-2022.jpg","width":825,"height":1100,"caption":"Caff\u00e8 Macinato Classico Italcaff\u00e8 250g vero caff\u00e8 Italiano per Moka"},{"@type":"BreadcrumbList","@id":"https:\/\/italcaffe.it\/en\/shop\/ground-coffee\/ground-coffee-moka\/qualita-classica\/#breadcrumb","itemListElement":[{"@type":"ListItem","position":1,"name":"Home","item":"https:\/\/italcaffe.it\/en\/"},{"@type":"ListItem","position":2,"name":"Shop","item":"https:\/\/italcaffe.it\/en\/shop\/"},{"@type":"ListItem","position":3,"name":"Qualit\u00e0 classica ground coffee"}]},{"@type":"WebSite","@id":"https:\/\/italcaffe.it\/en\/#website","url":"https:\/\/italcaffe.it\/en\/","name":"Italcaff\u00e8","description":"50 Anni insieme","potentialAction":[{"@type":"SearchAction","target":{"@type":"EntryPoint","urlTemplate":"https:\/\/italcaffe.it\/en\/?s={search_term_string}"},"query-input":{"@type":"PropertyValueSpecification","valueRequired":true,"valueName":"search_term_string"}}],"inLanguage":"en-US"}]}},"_links":{"self":[{"href":"https:\/\/italcaffe.it\/en\/wp-json\/wp\/v2\/product\/22924","targetHints":{"allow":["GET"]}}],"collection":[{"href":"https:\/\/italcaffe.it\/en\/wp-json\/wp\/v2\/product"}],"about":[{"href":"https:\/\/italcaffe.it\/en\/wp-json\/wp\/v2\/types\/product"}],"wp:featuredmedia":[{"embeddable":true,"href":"https:\/\/italcaffe.it\/en\/wp-json\/wp\/v2\/media\/26844"}],"wp:attachment":[{"href":"https:\/\/italcaffe.it\/en\/wp-json\/wp\/v2\/media?parent=22924"}],"wp:term":[{"taxonomy":"product_brand","embeddable":true,"href":"https:\/\/italcaffe.it\/en\/wp-json\/wp\/v2\/product_brand?post=22924"},{"taxonomy":"product_cat","embeddable":true,"href":"https:\/\/italcaffe.it\/en\/wp-json\/wp\/v2\/product_cat?post=22924"},{"taxonomy":"product_tag","embeddable":true,"href":"https:\/\/italcaffe.it\/en\/wp-json\/wp\/v2\/product_tag?post=22924"}],"curies":[{"name":"wp","href":"https:\/\/api.w.org\/{rel}","templated":true}]}}