{"id":22976,"date":"2020-02-26T16:00:06","date_gmt":"2020-02-26T14:38:37","guid":{"rendered":"https:\/\/www.italcaffe.it\/product\/espresso-arabica-coffee-beans-brazil-santos-italcaffe-4x250g\/"},"modified":"2024-05-02T20:11:10","modified_gmt":"2024-05-02T19:11:10","slug":"brazil-santos-arabica-espresso-250g","status":"publish","type":"product","link":"https:\/\/italcaffe.it\/en\/shop\/coffee-beans\/arabica\/brazil-santos-arabica-espresso-250g\/","title":{"rendered":"Brazil Santos Arabica Espresso Coffee Beans Italcaff\u00e8 250g"},"content":{"rendered":"<h5><a href=\"https:\/\/youtu.be\/PayaRxfxEF0\">Brazil Santos<\/a> Arabica espresso coffee beans selection.<\/h5>\n<p>An <a href=\"https:\/\/www.italcaffe.it\/en\/coffee-roasting\/\">Italcaff\u00e8<\/a> Premium coffee with fragrances of malt, cereals and cocoa. Brazil is the world&#8217;s largest producer of coffee beans and Santos coffee beans are considered to be the best coffee beans that Brazil produces.<\/p>\n<p><a href=\"https:\/\/youtu.be\/PayaRxfxEF0\">Brazil Santos<\/a> Arabica espresso coffee beans is a sweet coffee, very balanced with medium acidity and body. You can distinguish hints of malt, cocoa and cereals.\u00a0Notes of chocolate and roasted peanuts in the aftertaste. Perfect for espresso machines and bean to cup coffee machines.\u00a0Italcaff\u00e8 whole Espresso coffee bean 100% Arabica packaged in a protective atmosphere to conserve taste and freshness.\u00a0This is a four sides sealed bag of 250g with one-way degassing valve.<\/p>\n<p>These features guarantee a better preservation over time as well as greater quality of the coffee bean compared to the usual coffee bags that you find on the market.\u00a0Since 1969 we bring the best coffee from across the world to our land.\u00a0We travel to select high-quality coffees and roast them with passion and experience, to obtain precious coffee blends with a unique taste and delicious aroma.\u00a0Here at Italcaff\u00e8, we believe that every coffee bean is unique to create a high-quality espresso coffee.\u00a0For this reason, we select the best green coffee coming from three continent \u2013 Central and South America, Africa and Asia \u2013 to make every coffee blend truly unique.<\/p>\n<h5 class=\"product_title entry-title text-uppercase pt__35\">Who we are<\/h5>\n<p align=\"justify\"><span style=\"color: #000000;\">Italcaff\u00e8 S.p.A. is an Italian coffee-roasting company whose factory and head office are located near La Spezia in Italy.<br \/>\nItalcaff\u00e8 S.p.A, established in 1969 draw on almost 40 years of traditional Italian expertise in the roasting and blending of fine coffees.<br \/>\nIts activity consists in importing green coffee directly from the markets of origin of the raw material.<br \/>\n<\/span><span style=\"color: #000000;\">Subsequently coffee is then roasted according to the best Italian tradition and packed very carefully.<br \/>\nEventually thanks to our advanced equipments, we package our roasted coffee beans in special flexible package. These bags are then filled with a protective atmosphere (Nitrogen), with the addition of a unidirectional valve for the gas emission ( Aroma ).<br \/>\nThe roasting of the harmonious combinations of differing coffee varieties unites the old artisan-care with advanced technology.<\/span><\/p>\n<h5 class=\"product_title entry-title text-uppercase pt__35\">The words coffee beans in other languages<\/h5>\n<p align=\"justify\">kaffeb\u00f8nner (Danmark, Norge) | koffiebonen (Nederland) | ziarna kawy (Polska)| kaffeb\u00f6nor (Sverige) | kahvipavut (Suomi) | Kafijas pupi\u0146as (Latvija)| kohvioad (Eesti) | kavos pupel\u0117s (Lietuva) | \u041a\u043e\u0444\u0435\u0439\u043d\u044b\u0435 \u0437\u0435\u0440\u043d\u0430 (\u0420\u043e\u0441\u0441\u0438\u044f) | cafea boabe (Rom\u00e2nia) | k\u00e1v\u00e9bab (Magyarorsz\u00e1g) | \u041a\u0430\u0444\u0435\u043d\u0438 \u0437\u044a\u0440\u043d\u0430 (\u0411\u044a\u043b\u0433\u0430\u0440\u0438\u044f) | \u0417\u0440\u043d\u0430 \u043a\u0430\u0444\u0435 (\u043c\u0430\u043a\u0435\u0434\u043e\u043d\u0438\u0458\u0430) | zrna kave (Hrvatska) | zrna kafe ( Serbia ) | \u039a\u03cc\u03ba\u03ba\u03bf\u03b9 \u03ba\u03b1\u03c6\u03ad (\u0395\u03bb\u03bb\u03ac\u03b4\u03b1) | caf\u00e9 en grano (Espa\u00f1a) | caf\u00e9 em gr\u00e3o (Portugal)<\/p>\n","protected":false},"excerpt":{"rendered":"<p style=\"text-align: justify;\"><a href=\"https:\/\/youtu.be\/PayaRxfxEF0\" target=\"_blank\" rel=\"noopener\">Brazil Santos<\/a> Arabica espresso coffee beans selection. An <a href=\"https:\/\/www.italcaffe.it\/en\/coffee-roasting\/\" target=\"_blank\" rel=\"noopener\">Italcaff\u00e8<\/a> Premium coffee with fragrances of malt, cereals and cocoa. Brazil is the world&#8217;s largest producer of coffee beans and Santos coffee beans are considered to be the best coffee beans that Brazil produces. <a href=\"https:\/\/youtu.be\/PayaRxfxEF0\" target=\"_blank\" rel=\"noopener\">Brazil Santos<\/a> Arabica espresso coffee beans is a sweet coffee, very balanced with medium acidity and body. You can distinguish hints of malt, cocoa and cereals. Notes of chocolate and roasted peanuts in the aftertaste. Perfect for espresso machines and bean to cup coffee machines. Italcaff\u00e8 whole Espresso coffee bean 100% Arabica packaged in a protective atmosphere to conserve taste and freshness. <span style=\"color: #000000;\">This is a four sides sealed bag of 250g with one-way degassing valve.\u00a0These features guarantee a better preservation over time as well as greater quality of the coffee bean compared to the usual coffee bags that you find on the market.<\/span><\/p>\n","protected":false},"featured_media":28592,"template":"","meta":{"_acf_changed":false},"product_brand":[],"product_cat":[251,272],"product_tag":[],"class_list":{"0":"post-22976","1":"product","2":"type-product","3":"status-publish","4":"has-post-thumbnail","6":"product_cat-coffee-beans","7":"product_cat-arabica","9":"first","10":"instock","11":"taxable","12":"shipping-taxable","13":"product-type-grouped"},"acf":[],"yoast_head":"<!-- This site is optimized with the Yoast SEO plugin v27.0 - https:\/\/yoast.com\/product\/yoast-seo-wordpress\/ -->\n<title>Brazil Santos Arabica Espresso Coffee Beans 250g Italcaff\u00e8<\/title>\n<meta name=\"description\" content=\"Brazil Santos Arabica Espresso coffee beans selection by Italcaff\u00e8 in 4-pack format with chocolate and toasted nuts aftertaste.\" \/>\n<meta name=\"robots\" content=\"index, follow, max-snippet:-1, max-image-preview:large, max-video-preview:-1\" \/>\n<link rel=\"canonical\" href=\"https:\/\/italcaffe.it\/en\/shop\/coffee-beans\/arabica\/brazil-santos-arabica-espresso-250g\/\" \/>\n<meta property=\"og:locale\" content=\"en_US\" \/>\n<meta property=\"og:type\" content=\"article\" \/>\n<meta property=\"og:title\" content=\"Brazil Santos Arabica Espresso Coffee Beans 250g Italcaff\u00e8\" \/>\n<meta property=\"og:description\" content=\"Brazil Santos Arabica Espresso coffee beans selection by Italcaff\u00e8 in 4-pack format with chocolate and toasted nuts aftertaste.\" \/>\n<meta property=\"og:url\" content=\"https:\/\/italcaffe.it\/en\/shop\/coffee-beans\/arabica\/brazil-santos-arabica-espresso-250g\/\" \/>\n<meta property=\"og:site_name\" content=\"Italcaff\u00e8\" \/>\n<meta property=\"article:modified_time\" content=\"2024-05-02T19:11:10+00:00\" \/>\n<meta property=\"og:image\" content=\"https:\/\/italcaffe.it\/wp-content\/uploads\/2021\/12\/Brasile250g.jpg\" \/>\n\t<meta property=\"og:image:width\" content=\"825\" \/>\n\t<meta property=\"og:image:height\" content=\"1000\" \/>\n\t<meta property=\"og:image:type\" content=\"image\/jpeg\" \/>\n<meta name=\"twitter:card\" content=\"summary_large_image\" \/>\n<meta name=\"twitter:label1\" content=\"Est. reading time\" \/>\n\t<meta name=\"twitter:data1\" content=\"2 minutes\" \/>\n<script type=\"application\/ld+json\" class=\"yoast-schema-graph\">{\"@context\":\"https:\/\/schema.org\",\"@graph\":[{\"@type\":\"WebPage\",\"@id\":\"https:\/\/italcaffe.it\/en\/shop\/coffee-beans\/arabica\/brazil-santos-arabica-espresso-250g\/\",\"url\":\"https:\/\/italcaffe.it\/en\/shop\/coffee-beans\/arabica\/brazil-santos-arabica-espresso-250g\/\",\"name\":\"Brazil Santos Arabica Espresso Coffee Beans 250g Italcaff\u00e8\",\"isPartOf\":{\"@id\":\"https:\/\/italcaffe.it\/en\/#website\"},\"primaryImageOfPage\":{\"@id\":\"https:\/\/italcaffe.it\/en\/shop\/coffee-beans\/arabica\/brazil-santos-arabica-espresso-250g\/#primaryimage\"},\"image\":{\"@id\":\"https:\/\/italcaffe.it\/en\/shop\/coffee-beans\/arabica\/brazil-santos-arabica-espresso-250g\/#primaryimage\"},\"thumbnailUrl\":\"https:\/\/italcaffe.it\/wp-content\/uploads\/2021\/12\/Brasile250g.jpg\",\"datePublished\":\"2020-02-26T14:38:37+00:00\",\"dateModified\":\"2024-05-02T19:11:10+00:00\",\"description\":\"Brazil Santos Arabica Espresso coffee beans selection by Italcaff\u00e8 in 4-pack format with chocolate and toasted nuts aftertaste.\",\"breadcrumb\":{\"@id\":\"https:\/\/italcaffe.it\/en\/shop\/coffee-beans\/arabica\/brazil-santos-arabica-espresso-250g\/#breadcrumb\"},\"inLanguage\":\"en-US\",\"potentialAction\":[{\"@type\":\"ReadAction\",\"target\":[\"https:\/\/italcaffe.it\/en\/shop\/coffee-beans\/arabica\/brazil-santos-arabica-espresso-250g\/\"]}]},{\"@type\":\"ImageObject\",\"inLanguage\":\"en-US\",\"@id\":\"https:\/\/italcaffe.it\/en\/shop\/coffee-beans\/arabica\/brazil-santos-arabica-espresso-250g\/#primaryimage\",\"url\":\"https:\/\/italcaffe.it\/wp-content\/uploads\/2021\/12\/Brasile250g.jpg\",\"contentUrl\":\"https:\/\/italcaffe.it\/wp-content\/uploads\/2021\/12\/Brasile250g.jpg\",\"width\":825,\"height\":1000,\"caption\":\"Caff\u00e8 in grani Arabica Brasile Santos Italcaff\u00e8 250g Espresso Italiano fronte\"},{\"@type\":\"BreadcrumbList\",\"@id\":\"https:\/\/italcaffe.it\/en\/shop\/coffee-beans\/arabica\/brazil-santos-arabica-espresso-250g\/#breadcrumb\",\"itemListElement\":[{\"@type\":\"ListItem\",\"position\":1,\"name\":\"Home\",\"item\":\"https:\/\/italcaffe.it\/en\/\"},{\"@type\":\"ListItem\",\"position\":2,\"name\":\"Shop\",\"item\":\"https:\/\/italcaffe.it\/en\/shop\/\"},{\"@type\":\"ListItem\",\"position\":3,\"name\":\"Brazil Santos Arabica Espresso Coffee Beans Italcaff\u00e8 250g\"}]},{\"@type\":\"WebSite\",\"@id\":\"https:\/\/italcaffe.it\/en\/#website\",\"url\":\"https:\/\/italcaffe.it\/en\/\",\"name\":\"Italcaff\u00e8\",\"description\":\"50 Anni insieme\",\"potentialAction\":[{\"@type\":\"SearchAction\",\"target\":{\"@type\":\"EntryPoint\",\"urlTemplate\":\"https:\/\/italcaffe.it\/en\/?s={search_term_string}\"},\"query-input\":{\"@type\":\"PropertyValueSpecification\",\"valueRequired\":true,\"valueName\":\"search_term_string\"}}],\"inLanguage\":\"en-US\"}]}<\/script>\n<!-- \/ Yoast SEO plugin. -->","yoast_head_json":{"title":"Brazil Santos Arabica Espresso Coffee Beans 250g Italcaff\u00e8","description":"Brazil Santos Arabica Espresso coffee beans selection by Italcaff\u00e8 in 4-pack format with chocolate and toasted nuts aftertaste.","robots":{"index":"index","follow":"follow","max-snippet":"max-snippet:-1","max-image-preview":"max-image-preview:large","max-video-preview":"max-video-preview:-1"},"canonical":"https:\/\/italcaffe.it\/en\/shop\/coffee-beans\/arabica\/brazil-santos-arabica-espresso-250g\/","og_locale":"en_US","og_type":"article","og_title":"Brazil Santos Arabica Espresso Coffee Beans 250g Italcaff\u00e8","og_description":"Brazil Santos Arabica Espresso coffee beans selection by Italcaff\u00e8 in 4-pack format with chocolate and toasted nuts aftertaste.","og_url":"https:\/\/italcaffe.it\/en\/shop\/coffee-beans\/arabica\/brazil-santos-arabica-espresso-250g\/","og_site_name":"Italcaff\u00e8","article_modified_time":"2024-05-02T19:11:10+00:00","og_image":[{"width":825,"height":1000,"url":"https:\/\/italcaffe.it\/wp-content\/uploads\/2021\/12\/Brasile250g.jpg","type":"image\/jpeg"}],"twitter_card":"summary_large_image","twitter_misc":{"Est. reading time":"2 minutes"},"schema":{"@context":"https:\/\/schema.org","@graph":[{"@type":"WebPage","@id":"https:\/\/italcaffe.it\/en\/shop\/coffee-beans\/arabica\/brazil-santos-arabica-espresso-250g\/","url":"https:\/\/italcaffe.it\/en\/shop\/coffee-beans\/arabica\/brazil-santos-arabica-espresso-250g\/","name":"Brazil Santos Arabica Espresso Coffee Beans 250g Italcaff\u00e8","isPartOf":{"@id":"https:\/\/italcaffe.it\/en\/#website"},"primaryImageOfPage":{"@id":"https:\/\/italcaffe.it\/en\/shop\/coffee-beans\/arabica\/brazil-santos-arabica-espresso-250g\/#primaryimage"},"image":{"@id":"https:\/\/italcaffe.it\/en\/shop\/coffee-beans\/arabica\/brazil-santos-arabica-espresso-250g\/#primaryimage"},"thumbnailUrl":"https:\/\/italcaffe.it\/wp-content\/uploads\/2021\/12\/Brasile250g.jpg","datePublished":"2020-02-26T14:38:37+00:00","dateModified":"2024-05-02T19:11:10+00:00","description":"Brazil Santos Arabica Espresso coffee beans selection by Italcaff\u00e8 in 4-pack format with chocolate and toasted nuts aftertaste.","breadcrumb":{"@id":"https:\/\/italcaffe.it\/en\/shop\/coffee-beans\/arabica\/brazil-santos-arabica-espresso-250g\/#breadcrumb"},"inLanguage":"en-US","potentialAction":[{"@type":"ReadAction","target":["https:\/\/italcaffe.it\/en\/shop\/coffee-beans\/arabica\/brazil-santos-arabica-espresso-250g\/"]}]},{"@type":"ImageObject","inLanguage":"en-US","@id":"https:\/\/italcaffe.it\/en\/shop\/coffee-beans\/arabica\/brazil-santos-arabica-espresso-250g\/#primaryimage","url":"https:\/\/italcaffe.it\/wp-content\/uploads\/2021\/12\/Brasile250g.jpg","contentUrl":"https:\/\/italcaffe.it\/wp-content\/uploads\/2021\/12\/Brasile250g.jpg","width":825,"height":1000,"caption":"Caff\u00e8 in grani Arabica Brasile Santos Italcaff\u00e8 250g Espresso Italiano fronte"},{"@type":"BreadcrumbList","@id":"https:\/\/italcaffe.it\/en\/shop\/coffee-beans\/arabica\/brazil-santos-arabica-espresso-250g\/#breadcrumb","itemListElement":[{"@type":"ListItem","position":1,"name":"Home","item":"https:\/\/italcaffe.it\/en\/"},{"@type":"ListItem","position":2,"name":"Shop","item":"https:\/\/italcaffe.it\/en\/shop\/"},{"@type":"ListItem","position":3,"name":"Brazil Santos Arabica Espresso Coffee Beans Italcaff\u00e8 250g"}]},{"@type":"WebSite","@id":"https:\/\/italcaffe.it\/en\/#website","url":"https:\/\/italcaffe.it\/en\/","name":"Italcaff\u00e8","description":"50 Anni insieme","potentialAction":[{"@type":"SearchAction","target":{"@type":"EntryPoint","urlTemplate":"https:\/\/italcaffe.it\/en\/?s={search_term_string}"},"query-input":{"@type":"PropertyValueSpecification","valueRequired":true,"valueName":"search_term_string"}}],"inLanguage":"en-US"}]}},"_links":{"self":[{"href":"https:\/\/italcaffe.it\/en\/wp-json\/wp\/v2\/product\/22976","targetHints":{"allow":["GET"]}}],"collection":[{"href":"https:\/\/italcaffe.it\/en\/wp-json\/wp\/v2\/product"}],"about":[{"href":"https:\/\/italcaffe.it\/en\/wp-json\/wp\/v2\/types\/product"}],"wp:featuredmedia":[{"embeddable":true,"href":"https:\/\/italcaffe.it\/en\/wp-json\/wp\/v2\/media\/28592"}],"wp:attachment":[{"href":"https:\/\/italcaffe.it\/en\/wp-json\/wp\/v2\/media?parent=22976"}],"wp:term":[{"taxonomy":"product_brand","embeddable":true,"href":"https:\/\/italcaffe.it\/en\/wp-json\/wp\/v2\/product_brand?post=22976"},{"taxonomy":"product_cat","embeddable":true,"href":"https:\/\/italcaffe.it\/en\/wp-json\/wp\/v2\/product_cat?post=22976"},{"taxonomy":"product_tag","embeddable":true,"href":"https:\/\/italcaffe.it\/en\/wp-json\/wp\/v2\/product_tag?post=22976"}],"curies":[{"name":"wp","href":"https:\/\/api.w.org\/{rel}","templated":true}]}}