{"id":22979,"date":"2020-02-26T16:00:14","date_gmt":"2020-02-26T14:38:42","guid":{"rendered":"https:\/\/www.italcaffe.it\/product\/espresso-arabica-coffee-beans-guatemala-italcaffe-4x250g\/"},"modified":"2024-05-02T08:58:31","modified_gmt":"2024-05-02T07:58:31","slug":"guatemala-arabica-coffee-beans-250g","status":"publish","type":"product","link":"https:\/\/italcaffe.it\/en\/shop\/coffee-beans\/arabica\/guatemala-arabica-coffee-beans-250g\/","title":{"rendered":"Guatemala Arabica Coffee Beans Italcaff\u00e8 Espresso 250 g"},"content":{"rendered":"<p>kaffeb\u00f8nner | koffiebonen | ziarna kawy | kaffeb\u00f6nor | kahvipavut | Kafijas pupi\u0146as | kohvioad | kavos pupel\u0117s | \u041a\u043e\u0444\u0435\u0439\u043d\u044b\u0435 \u0437\u0435\u0440\u043d\u0430 | cafea boabe | k\u00e1v\u00e9bab | \u041a\u0430\u0444\u0435\u043d\u0438 \u0437\u044a\u0440\u043d\u0430 | \u0417\u0440\u043d\u0430 \u043a\u0430\u0444\u0435 | zrna kave | zrna kafe | \u039a\u03cc\u03ba\u03ba\u03bf\u03b9 \u03ba\u03b1\u03c6\u03ad | caf\u00e9 en grano | caf\u00e9 em gr\u00e3o<\/p>\n","protected":false},"excerpt":{"rendered":"<p style=\"text-align: justify;\">Roasted single origin coffee beans for Espresso from Guatemala.\u00a0Coffee with medium body and acidity, with aromas linked to fresh fruit (peachs and figs) and light floreal balms. In the aftertaste you can distinguish hints of cocoa and fresh almonds.\u00a0Perfect for espresso machines and bean to cup coffee machines. In particular the Strictly Hard Bean green coffees\u00a0grown in the Atitlan and Antigua coffee growing regions in the country\u2019s central highlands exhibit these qualities as well as a floral acidity\u00a0that is often spicy or chocolaty.\u00a0\u00a0<span style=\"color: #009900;\"><strong>100% Arabica Espresso Whole Bean Coffee<\/strong>\u00a0<\/span><strong><span style=\"color: #009900;\">packaged in a protective atmosphere to conserve taste and freshness.<\/span>\u00a0<span style=\"color: #ff0000;\">This is a four sides sealed bag of 250g with one-way degassing valve.\u00a0<strong><strong>These features guarantee a better preservation over time as well as greater quality of the coffee beans compared to the usual coffee bags that you find on the market.<\/strong><\/strong><\/span><\/strong><\/p>\n","protected":false},"featured_media":28616,"template":"","meta":{"_acf_changed":false},"product_brand":[],"product_cat":[251,272],"product_tag":[],"class_list":{"0":"post-22979","1":"product","2":"type-product","3":"status-publish","4":"has-post-thumbnail","6":"product_cat-coffee-beans","7":"product_cat-arabica","9":"first","10":"instock","11":"taxable","12":"shipping-taxable","13":"product-type-grouped"},"acf":[],"yoast_head":"<!-- This site is optimized with the Yoast SEO plugin v27.0 - https:\/\/yoast.com\/product\/yoast-seo-wordpress\/ -->\n<title>Guatemala Arabica Coffee Beans Italcaff\u00e8 Espresso Bar 250g<\/title>\n<meta name=\"description\" content=\"Guatemala Arabica Coffee Beans is available in 250 g packs. Discover its fragrance of malt, cocoa and cereals even at home. Special selection.\" \/>\n<meta name=\"robots\" content=\"index, follow, max-snippet:-1, max-image-preview:large, max-video-preview:-1\" \/>\n<link rel=\"canonical\" href=\"https:\/\/italcaffe.it\/en\/shop\/coffee-beans\/arabica\/guatemala-arabica-coffee-beans-250g\/\" \/>\n<meta property=\"og:locale\" content=\"en_US\" \/>\n<meta property=\"og:type\" content=\"article\" \/>\n<meta property=\"og:title\" content=\"Guatemala Arabica Coffee Beans Italcaff\u00e8 Espresso Bar 250g\" \/>\n<meta property=\"og:description\" content=\"Guatemala Arabica Coffee Beans is available in 250 g packs. Discover its fragrance of malt, cocoa and cereals even at home. Special selection.\" \/>\n<meta property=\"og:url\" content=\"https:\/\/italcaffe.it\/en\/shop\/coffee-beans\/arabica\/guatemala-arabica-coffee-beans-250g\/\" \/>\n<meta property=\"og:site_name\" content=\"Italcaff\u00e8\" \/>\n<meta property=\"article:modified_time\" content=\"2024-05-02T07:58:31+00:00\" \/>\n<meta property=\"og:image\" content=\"https:\/\/italcaffe.it\/wp-content\/uploads\/2021\/12\/Guatemala250g.jpg\" \/>\n\t<meta property=\"og:image:width\" content=\"825\" \/>\n\t<meta property=\"og:image:height\" content=\"1000\" \/>\n\t<meta property=\"og:image:type\" content=\"image\/jpeg\" \/>\n<meta name=\"twitter:card\" content=\"summary_large_image\" \/>\n<meta name=\"twitter:label1\" content=\"Est. reading time\" \/>\n\t<meta name=\"twitter:data1\" content=\"1 minute\" \/>\n<script type=\"application\/ld+json\" class=\"yoast-schema-graph\">{\"@context\":\"https:\/\/schema.org\",\"@graph\":[{\"@type\":\"WebPage\",\"@id\":\"https:\/\/italcaffe.it\/en\/shop\/coffee-beans\/arabica\/guatemala-arabica-coffee-beans-250g\/\",\"url\":\"https:\/\/italcaffe.it\/en\/shop\/coffee-beans\/arabica\/guatemala-arabica-coffee-beans-250g\/\",\"name\":\"Guatemala Arabica Coffee Beans Italcaff\u00e8 Espresso Bar 250g\",\"isPartOf\":{\"@id\":\"https:\/\/italcaffe.it\/en\/#website\"},\"primaryImageOfPage\":{\"@id\":\"https:\/\/italcaffe.it\/en\/shop\/coffee-beans\/arabica\/guatemala-arabica-coffee-beans-250g\/#primaryimage\"},\"image\":{\"@id\":\"https:\/\/italcaffe.it\/en\/shop\/coffee-beans\/arabica\/guatemala-arabica-coffee-beans-250g\/#primaryimage\"},\"thumbnailUrl\":\"https:\/\/italcaffe.it\/wp-content\/uploads\/2021\/12\/Guatemala250g.jpg\",\"datePublished\":\"2020-02-26T14:38:42+00:00\",\"dateModified\":\"2024-05-02T07:58:31+00:00\",\"description\":\"Guatemala Arabica Coffee Beans is available in 250 g packs. Discover its fragrance of malt, cocoa and cereals even at home. Special selection.\",\"breadcrumb\":{\"@id\":\"https:\/\/italcaffe.it\/en\/shop\/coffee-beans\/arabica\/guatemala-arabica-coffee-beans-250g\/#breadcrumb\"},\"inLanguage\":\"en-US\",\"potentialAction\":[{\"@type\":\"ReadAction\",\"target\":[\"https:\/\/italcaffe.it\/en\/shop\/coffee-beans\/arabica\/guatemala-arabica-coffee-beans-250g\/\"]}]},{\"@type\":\"ImageObject\",\"inLanguage\":\"en-US\",\"@id\":\"https:\/\/italcaffe.it\/en\/shop\/coffee-beans\/arabica\/guatemala-arabica-coffee-beans-250g\/#primaryimage\",\"url\":\"https:\/\/italcaffe.it\/wp-content\/uploads\/2021\/12\/Guatemala250g.jpg\",\"contentUrl\":\"https:\/\/italcaffe.it\/wp-content\/uploads\/2021\/12\/Guatemala250g.jpg\",\"width\":825,\"height\":1000,\"caption\":\"Italcaff\u00e8 Guatemala Espresso Coffee Beans 100% Arabica 250g | Italian Espresso\"},{\"@type\":\"BreadcrumbList\",\"@id\":\"https:\/\/italcaffe.it\/en\/shop\/coffee-beans\/arabica\/guatemala-arabica-coffee-beans-250g\/#breadcrumb\",\"itemListElement\":[{\"@type\":\"ListItem\",\"position\":1,\"name\":\"Home\",\"item\":\"https:\/\/italcaffe.it\/en\/\"},{\"@type\":\"ListItem\",\"position\":2,\"name\":\"Shop\",\"item\":\"https:\/\/italcaffe.it\/en\/shop\/\"},{\"@type\":\"ListItem\",\"position\":3,\"name\":\"Guatemala Arabica Coffee Beans Italcaff\u00e8 Espresso 250 g\"}]},{\"@type\":\"WebSite\",\"@id\":\"https:\/\/italcaffe.it\/en\/#website\",\"url\":\"https:\/\/italcaffe.it\/en\/\",\"name\":\"Italcaff\u00e8\",\"description\":\"50 Anni insieme\",\"potentialAction\":[{\"@type\":\"SearchAction\",\"target\":{\"@type\":\"EntryPoint\",\"urlTemplate\":\"https:\/\/italcaffe.it\/en\/?s={search_term_string}\"},\"query-input\":{\"@type\":\"PropertyValueSpecification\",\"valueRequired\":true,\"valueName\":\"search_term_string\"}}],\"inLanguage\":\"en-US\"}]}<\/script>\n<!-- \/ Yoast SEO plugin. -->","yoast_head_json":{"title":"Guatemala Arabica Coffee Beans Italcaff\u00e8 Espresso Bar 250g","description":"Guatemala Arabica Coffee Beans is available in 250 g packs. Discover its fragrance of malt, cocoa and cereals even at home. Special selection.","robots":{"index":"index","follow":"follow","max-snippet":"max-snippet:-1","max-image-preview":"max-image-preview:large","max-video-preview":"max-video-preview:-1"},"canonical":"https:\/\/italcaffe.it\/en\/shop\/coffee-beans\/arabica\/guatemala-arabica-coffee-beans-250g\/","og_locale":"en_US","og_type":"article","og_title":"Guatemala Arabica Coffee Beans Italcaff\u00e8 Espresso Bar 250g","og_description":"Guatemala Arabica Coffee Beans is available in 250 g packs. Discover its fragrance of malt, cocoa and cereals even at home. Special selection.","og_url":"https:\/\/italcaffe.it\/en\/shop\/coffee-beans\/arabica\/guatemala-arabica-coffee-beans-250g\/","og_site_name":"Italcaff\u00e8","article_modified_time":"2024-05-02T07:58:31+00:00","og_image":[{"width":825,"height":1000,"url":"https:\/\/italcaffe.it\/wp-content\/uploads\/2021\/12\/Guatemala250g.jpg","type":"image\/jpeg"}],"twitter_card":"summary_large_image","twitter_misc":{"Est. reading time":"1 minute"},"schema":{"@context":"https:\/\/schema.org","@graph":[{"@type":"WebPage","@id":"https:\/\/italcaffe.it\/en\/shop\/coffee-beans\/arabica\/guatemala-arabica-coffee-beans-250g\/","url":"https:\/\/italcaffe.it\/en\/shop\/coffee-beans\/arabica\/guatemala-arabica-coffee-beans-250g\/","name":"Guatemala Arabica Coffee Beans Italcaff\u00e8 Espresso Bar 250g","isPartOf":{"@id":"https:\/\/italcaffe.it\/en\/#website"},"primaryImageOfPage":{"@id":"https:\/\/italcaffe.it\/en\/shop\/coffee-beans\/arabica\/guatemala-arabica-coffee-beans-250g\/#primaryimage"},"image":{"@id":"https:\/\/italcaffe.it\/en\/shop\/coffee-beans\/arabica\/guatemala-arabica-coffee-beans-250g\/#primaryimage"},"thumbnailUrl":"https:\/\/italcaffe.it\/wp-content\/uploads\/2021\/12\/Guatemala250g.jpg","datePublished":"2020-02-26T14:38:42+00:00","dateModified":"2024-05-02T07:58:31+00:00","description":"Guatemala Arabica Coffee Beans is available in 250 g packs. Discover its fragrance of malt, cocoa and cereals even at home. Special selection.","breadcrumb":{"@id":"https:\/\/italcaffe.it\/en\/shop\/coffee-beans\/arabica\/guatemala-arabica-coffee-beans-250g\/#breadcrumb"},"inLanguage":"en-US","potentialAction":[{"@type":"ReadAction","target":["https:\/\/italcaffe.it\/en\/shop\/coffee-beans\/arabica\/guatemala-arabica-coffee-beans-250g\/"]}]},{"@type":"ImageObject","inLanguage":"en-US","@id":"https:\/\/italcaffe.it\/en\/shop\/coffee-beans\/arabica\/guatemala-arabica-coffee-beans-250g\/#primaryimage","url":"https:\/\/italcaffe.it\/wp-content\/uploads\/2021\/12\/Guatemala250g.jpg","contentUrl":"https:\/\/italcaffe.it\/wp-content\/uploads\/2021\/12\/Guatemala250g.jpg","width":825,"height":1000,"caption":"Italcaff\u00e8 Guatemala Espresso Coffee Beans 100% Arabica 250g | Italian Espresso"},{"@type":"BreadcrumbList","@id":"https:\/\/italcaffe.it\/en\/shop\/coffee-beans\/arabica\/guatemala-arabica-coffee-beans-250g\/#breadcrumb","itemListElement":[{"@type":"ListItem","position":1,"name":"Home","item":"https:\/\/italcaffe.it\/en\/"},{"@type":"ListItem","position":2,"name":"Shop","item":"https:\/\/italcaffe.it\/en\/shop\/"},{"@type":"ListItem","position":3,"name":"Guatemala Arabica Coffee Beans Italcaff\u00e8 Espresso 250 g"}]},{"@type":"WebSite","@id":"https:\/\/italcaffe.it\/en\/#website","url":"https:\/\/italcaffe.it\/en\/","name":"Italcaff\u00e8","description":"50 Anni insieme","potentialAction":[{"@type":"SearchAction","target":{"@type":"EntryPoint","urlTemplate":"https:\/\/italcaffe.it\/en\/?s={search_term_string}"},"query-input":{"@type":"PropertyValueSpecification","valueRequired":true,"valueName":"search_term_string"}}],"inLanguage":"en-US"}]}},"_links":{"self":[{"href":"https:\/\/italcaffe.it\/en\/wp-json\/wp\/v2\/product\/22979","targetHints":{"allow":["GET"]}}],"collection":[{"href":"https:\/\/italcaffe.it\/en\/wp-json\/wp\/v2\/product"}],"about":[{"href":"https:\/\/italcaffe.it\/en\/wp-json\/wp\/v2\/types\/product"}],"wp:featuredmedia":[{"embeddable":true,"href":"https:\/\/italcaffe.it\/en\/wp-json\/wp\/v2\/media\/28616"}],"wp:attachment":[{"href":"https:\/\/italcaffe.it\/en\/wp-json\/wp\/v2\/media?parent=22979"}],"wp:term":[{"taxonomy":"product_brand","embeddable":true,"href":"https:\/\/italcaffe.it\/en\/wp-json\/wp\/v2\/product_brand?post=22979"},{"taxonomy":"product_cat","embeddable":true,"href":"https:\/\/italcaffe.it\/en\/wp-json\/wp\/v2\/product_cat?post=22979"},{"taxonomy":"product_tag","embeddable":true,"href":"https:\/\/italcaffe.it\/en\/wp-json\/wp\/v2\/product_tag?post=22979"}],"curies":[{"name":"wp","href":"https:\/\/api.w.org\/{rel}","templated":true}]}}