{"id":27658,"date":"2021-06-17T17:35:40","date_gmt":"2021-06-17T16:35:41","guid":{"rendered":"https:\/\/www.italcaffe.it\/?post_type=product&#038;p=27658"},"modified":"2024-03-14T13:46:44","modified_gmt":"2024-03-14T12:46:44","slug":"italcaffe-espresso-bar-coffee-beans-3-kg","status":"publish","type":"product","link":"https:\/\/italcaffe.it\/en\/shop\/coffee-beans\/italian-espresso\/italcaffe-espresso-bar-coffee-beans-3-kg\/","title":{"rendered":"Italcaff\u00e8 Espresso Bar Coffee Beans 1kg"},"content":{"rendered":"","protected":false},"excerpt":{"rendered":"<p>For those who want to get off to a great start, with all of the charge and energy coffee can offer, Italcaff\u00e8 Espresso coffee beans unites the taste of the finest Arabica coffees with the body of the best Robusta coffees. A full-bodied, richly flavoured blend. Italcaff\u00e8 Espresso is the perfect coffee blend for those who like a coffee with a rich cream and full-bodied taste. Excellent coffee beans with pleasing notes of dried fruit and spices. Packed in high quality foil bags for freshness. Suitable for espresso machines as well as bean to cup machines. Medium roast, whole coffee bean. It is available in 1kg packages in beans with unidirectional air valve. Italcaff\u00e8 Espresso has been our best seller for over 30 years!<\/p>\n","protected":false},"featured_media":29137,"template":"","meta":{"_acf_changed":false},"product_brand":[],"product_cat":[251,252],"product_tag":[],"class_list":{"0":"post-27658","1":"product","2":"type-product","3":"status-publish","4":"has-post-thumbnail","6":"product_cat-coffee-beans","7":"product_cat-italian-espresso","9":"first","10":"instock","11":"taxable","12":"shipping-taxable","13":"purchasable","14":"product-type-simple"},"acf":[],"yoast_head":"<!-- This site is optimized with the Yoast SEO plugin v27.0 - https:\/\/yoast.com\/product\/yoast-seo-wordpress\/ -->\n<title>Espresso Crema Bar coffee 3 kg | Italcaff\u00e8<\/title>\n<meta name=\"description\" content=\"Try the whole beans Crema Bar espresso coffee. Available in 3 kg packet with one-way valve.\" \/>\n<meta name=\"robots\" content=\"index, follow, max-snippet:-1, max-image-preview:large, max-video-preview:-1\" \/>\n<link rel=\"canonical\" href=\"https:\/\/italcaffe.it\/en\/shop\/coffee-beans\/italian-espresso\/italcaffe-espresso-bar-coffee-beans-3-kg\/\" \/>\n<meta property=\"og:locale\" content=\"en_US\" \/>\n<meta property=\"og:type\" content=\"article\" \/>\n<meta property=\"og:title\" content=\"Espresso Crema Bar coffee 3 kg | Italcaff\u00e8\" \/>\n<meta property=\"og:description\" content=\"Try the whole beans Crema Bar espresso coffee. Available in 3 kg packet with one-way valve.\" \/>\n<meta property=\"og:url\" content=\"https:\/\/italcaffe.it\/en\/shop\/coffee-beans\/italian-espresso\/italcaffe-espresso-bar-coffee-beans-3-kg\/\" \/>\n<meta property=\"og:site_name\" content=\"Italcaff\u00e8\" \/>\n<meta property=\"article:modified_time\" content=\"2024-03-14T12:46:44+00:00\" \/>\n<meta property=\"og:image\" content=\"https:\/\/italcaffe.it\/wp-content\/uploads\/2022\/03\/Espresso-Bar-1Kg.jpg\" \/>\n\t<meta property=\"og:image:width\" content=\"825\" \/>\n\t<meta property=\"og:image:height\" content=\"1100\" \/>\n\t<meta property=\"og:image:type\" content=\"image\/jpeg\" \/>\n<meta name=\"twitter:card\" content=\"summary_large_image\" \/>\n<script type=\"application\/ld+json\" class=\"yoast-schema-graph\">{\"@context\":\"https:\/\/schema.org\",\"@graph\":[{\"@type\":\"WebPage\",\"@id\":\"https:\/\/italcaffe.it\/en\/shop\/coffee-beans\/italian-espresso\/italcaffe-espresso-bar-coffee-beans-3-kg\/\",\"url\":\"https:\/\/italcaffe.it\/en\/shop\/coffee-beans\/italian-espresso\/italcaffe-espresso-bar-coffee-beans-3-kg\/\",\"name\":\"Espresso Crema Bar coffee 3 kg | Italcaff\u00e8\",\"isPartOf\":{\"@id\":\"https:\/\/italcaffe.it\/en\/#website\"},\"primaryImageOfPage\":{\"@id\":\"https:\/\/italcaffe.it\/en\/shop\/coffee-beans\/italian-espresso\/italcaffe-espresso-bar-coffee-beans-3-kg\/#primaryimage\"},\"image\":{\"@id\":\"https:\/\/italcaffe.it\/en\/shop\/coffee-beans\/italian-espresso\/italcaffe-espresso-bar-coffee-beans-3-kg\/#primaryimage\"},\"thumbnailUrl\":\"https:\/\/italcaffe.it\/wp-content\/uploads\/2022\/03\/Espresso-Bar-1Kg.jpg\",\"datePublished\":\"2021-06-17T16:35:41+00:00\",\"dateModified\":\"2024-03-14T12:46:44+00:00\",\"description\":\"Try the whole beans Crema Bar espresso coffee. Available in 3 kg packet with one-way valve.\",\"breadcrumb\":{\"@id\":\"https:\/\/italcaffe.it\/en\/shop\/coffee-beans\/italian-espresso\/italcaffe-espresso-bar-coffee-beans-3-kg\/#breadcrumb\"},\"inLanguage\":\"en-US\",\"potentialAction\":[{\"@type\":\"ReadAction\",\"target\":[\"https:\/\/italcaffe.it\/en\/shop\/coffee-beans\/italian-espresso\/italcaffe-espresso-bar-coffee-beans-3-kg\/\"]}]},{\"@type\":\"ImageObject\",\"inLanguage\":\"en-US\",\"@id\":\"https:\/\/italcaffe.it\/en\/shop\/coffee-beans\/italian-espresso\/italcaffe-espresso-bar-coffee-beans-3-kg\/#primaryimage\",\"url\":\"https:\/\/italcaffe.it\/wp-content\/uploads\/2022\/03\/Espresso-Bar-1Kg.jpg\",\"contentUrl\":\"https:\/\/italcaffe.it\/wp-content\/uploads\/2022\/03\/Espresso-Bar-1Kg.jpg\",\"width\":825,\"height\":1100,\"caption\":\"Caff\u00e8 tostato in grani Italcaff\u00e8 da 1 kg per chi predilige un caff\u00e8 Espresso Bar pieno e corposo, con una bella e ricca crema.\"},{\"@type\":\"BreadcrumbList\",\"@id\":\"https:\/\/italcaffe.it\/en\/shop\/coffee-beans\/italian-espresso\/italcaffe-espresso-bar-coffee-beans-3-kg\/#breadcrumb\",\"itemListElement\":[{\"@type\":\"ListItem\",\"position\":1,\"name\":\"Home\",\"item\":\"https:\/\/italcaffe.it\/en\/\"},{\"@type\":\"ListItem\",\"position\":2,\"name\":\"Shop\",\"item\":\"https:\/\/italcaffe.it\/en\/shop\/\"},{\"@type\":\"ListItem\",\"position\":3,\"name\":\"Italcaff\u00e8 Espresso Bar Coffee Beans 1kg\"}]},{\"@type\":\"WebSite\",\"@id\":\"https:\/\/italcaffe.it\/en\/#website\",\"url\":\"https:\/\/italcaffe.it\/en\/\",\"name\":\"Italcaff\u00e8\",\"description\":\"50 Anni insieme\",\"potentialAction\":[{\"@type\":\"SearchAction\",\"target\":{\"@type\":\"EntryPoint\",\"urlTemplate\":\"https:\/\/italcaffe.it\/en\/?s={search_term_string}\"},\"query-input\":{\"@type\":\"PropertyValueSpecification\",\"valueRequired\":true,\"valueName\":\"search_term_string\"}}],\"inLanguage\":\"en-US\"}]}<\/script>\n<!-- \/ Yoast SEO plugin. -->","yoast_head_json":{"title":"Espresso Crema Bar coffee 3 kg | Italcaff\u00e8","description":"Try the whole beans Crema Bar espresso coffee. Available in 3 kg packet with one-way valve.","robots":{"index":"index","follow":"follow","max-snippet":"max-snippet:-1","max-image-preview":"max-image-preview:large","max-video-preview":"max-video-preview:-1"},"canonical":"https:\/\/italcaffe.it\/en\/shop\/coffee-beans\/italian-espresso\/italcaffe-espresso-bar-coffee-beans-3-kg\/","og_locale":"en_US","og_type":"article","og_title":"Espresso Crema Bar coffee 3 kg | Italcaff\u00e8","og_description":"Try the whole beans Crema Bar espresso coffee. Available in 3 kg packet with one-way valve.","og_url":"https:\/\/italcaffe.it\/en\/shop\/coffee-beans\/italian-espresso\/italcaffe-espresso-bar-coffee-beans-3-kg\/","og_site_name":"Italcaff\u00e8","article_modified_time":"2024-03-14T12:46:44+00:00","og_image":[{"width":825,"height":1100,"url":"https:\/\/italcaffe.it\/wp-content\/uploads\/2022\/03\/Espresso-Bar-1Kg.jpg","type":"image\/jpeg"}],"twitter_card":"summary_large_image","schema":{"@context":"https:\/\/schema.org","@graph":[{"@type":"WebPage","@id":"https:\/\/italcaffe.it\/en\/shop\/coffee-beans\/italian-espresso\/italcaffe-espresso-bar-coffee-beans-3-kg\/","url":"https:\/\/italcaffe.it\/en\/shop\/coffee-beans\/italian-espresso\/italcaffe-espresso-bar-coffee-beans-3-kg\/","name":"Espresso Crema Bar coffee 3 kg | Italcaff\u00e8","isPartOf":{"@id":"https:\/\/italcaffe.it\/en\/#website"},"primaryImageOfPage":{"@id":"https:\/\/italcaffe.it\/en\/shop\/coffee-beans\/italian-espresso\/italcaffe-espresso-bar-coffee-beans-3-kg\/#primaryimage"},"image":{"@id":"https:\/\/italcaffe.it\/en\/shop\/coffee-beans\/italian-espresso\/italcaffe-espresso-bar-coffee-beans-3-kg\/#primaryimage"},"thumbnailUrl":"https:\/\/italcaffe.it\/wp-content\/uploads\/2022\/03\/Espresso-Bar-1Kg.jpg","datePublished":"2021-06-17T16:35:41+00:00","dateModified":"2024-03-14T12:46:44+00:00","description":"Try the whole beans Crema Bar espresso coffee. Available in 3 kg packet with one-way valve.","breadcrumb":{"@id":"https:\/\/italcaffe.it\/en\/shop\/coffee-beans\/italian-espresso\/italcaffe-espresso-bar-coffee-beans-3-kg\/#breadcrumb"},"inLanguage":"en-US","potentialAction":[{"@type":"ReadAction","target":["https:\/\/italcaffe.it\/en\/shop\/coffee-beans\/italian-espresso\/italcaffe-espresso-bar-coffee-beans-3-kg\/"]}]},{"@type":"ImageObject","inLanguage":"en-US","@id":"https:\/\/italcaffe.it\/en\/shop\/coffee-beans\/italian-espresso\/italcaffe-espresso-bar-coffee-beans-3-kg\/#primaryimage","url":"https:\/\/italcaffe.it\/wp-content\/uploads\/2022\/03\/Espresso-Bar-1Kg.jpg","contentUrl":"https:\/\/italcaffe.it\/wp-content\/uploads\/2022\/03\/Espresso-Bar-1Kg.jpg","width":825,"height":1100,"caption":"Caff\u00e8 tostato in grani Italcaff\u00e8 da 1 kg per chi predilige un caff\u00e8 Espresso Bar pieno e corposo, con una bella e ricca crema."},{"@type":"BreadcrumbList","@id":"https:\/\/italcaffe.it\/en\/shop\/coffee-beans\/italian-espresso\/italcaffe-espresso-bar-coffee-beans-3-kg\/#breadcrumb","itemListElement":[{"@type":"ListItem","position":1,"name":"Home","item":"https:\/\/italcaffe.it\/en\/"},{"@type":"ListItem","position":2,"name":"Shop","item":"https:\/\/italcaffe.it\/en\/shop\/"},{"@type":"ListItem","position":3,"name":"Italcaff\u00e8 Espresso Bar Coffee Beans 1kg"}]},{"@type":"WebSite","@id":"https:\/\/italcaffe.it\/en\/#website","url":"https:\/\/italcaffe.it\/en\/","name":"Italcaff\u00e8","description":"50 Anni insieme","potentialAction":[{"@type":"SearchAction","target":{"@type":"EntryPoint","urlTemplate":"https:\/\/italcaffe.it\/en\/?s={search_term_string}"},"query-input":{"@type":"PropertyValueSpecification","valueRequired":true,"valueName":"search_term_string"}}],"inLanguage":"en-US"}]}},"_links":{"self":[{"href":"https:\/\/italcaffe.it\/en\/wp-json\/wp\/v2\/product\/27658","targetHints":{"allow":["GET"]}}],"collection":[{"href":"https:\/\/italcaffe.it\/en\/wp-json\/wp\/v2\/product"}],"about":[{"href":"https:\/\/italcaffe.it\/en\/wp-json\/wp\/v2\/types\/product"}],"wp:featuredmedia":[{"embeddable":true,"href":"https:\/\/italcaffe.it\/en\/wp-json\/wp\/v2\/media\/29137"}],"wp:attachment":[{"href":"https:\/\/italcaffe.it\/en\/wp-json\/wp\/v2\/media?parent=27658"}],"wp:term":[{"taxonomy":"product_brand","embeddable":true,"href":"https:\/\/italcaffe.it\/en\/wp-json\/wp\/v2\/product_brand?post=27658"},{"taxonomy":"product_cat","embeddable":true,"href":"https:\/\/italcaffe.it\/en\/wp-json\/wp\/v2\/product_cat?post=27658"},{"taxonomy":"product_tag","embeddable":true,"href":"https:\/\/italcaffe.it\/en\/wp-json\/wp\/v2\/product_tag?post=27658"}],"curies":[{"name":"wp","href":"https:\/\/api.w.org\/{rel}","templated":true}]}}