{"id":29862,"date":"2022-11-23T15:53:30","date_gmt":"2022-11-23T14:53:30","guid":{"rendered":"https:\/\/www.italcaffe.it\/?post_type=product&#038;p=29862"},"modified":"2023-02-08T11:10:54","modified_gmt":"2023-02-08T10:10:54","slug":"dolce-crema-italcaffe-coffee-beans-espresso-250g","status":"publish","type":"product","link":"https:\/\/italcaffe.it\/en\/shop\/coffee-beans\/italian-espresso\/dolce-crema-italcaffe-coffee-beans-espresso-250g\/","title":{"rendered":"Dolce Crema Italcaff\u00e8 Coffee Beans Espresso 250g"},"content":{"rendered":"<p><span style=\"color: #000000;\"><a style=\"color: #000000;\" href=\"https:\/\/www.italcaffe.it\/en\/coffee-roasting\/\" target=\"_blank\" rel=\"noopener\">Italcaff\u00e8<\/a> <a style=\"color: #000000;\" href=\"https:\/\/youtu.be\/09Nn11prZNQ\" target=\"_blank\" rel=\"noopener\">Dolce Crema<\/a> is a delicious blend of roasted whole coffee beans, characterized by a sweet, rich and full-bodied aroma.<br \/>\n<\/span><span style=\"color: #000000;\">As matter of fact thisi is a perfect combination of coffees of the Arabica and Robusta species, accurately measured in order to offer you a great Italian espresso coffee. <\/span><span style=\"color: #000000;\"><a style=\"color: #000000;\" href=\"https:\/\/youtu.be\/09Nn11prZNQ\" target=\"_blank\" rel=\"noopener\">Dolce Crema<\/a> <a style=\"color: #000000;\" href=\"https:\/\/www.italcaffe.it\/en\/coffee-roasting\/\" target=\"_blank\" rel=\"noopener\">Italcaff\u00e8<\/a> coffee beans have medium roast and are suitable for espresso machines as well as bean to cup machines.<br \/>\n<\/span><span style=\"color: #000000;\">Whole espresso bean packaged in a protective atmosphere to conserve taste and freshness. This is a bag of 250g with one-way degassing valve.<br \/>\n<\/span><span style=\"color: #000000;\">Moreover these features guarantee a better preservation over time as well as greater quality of italcaff\u00e8 products, compared to the usual coffee bags that you find on the market.<\/span><\/p>\n<p><span style=\"color: #000000;\">kaffeb\u00f8nner | koffiebonen | ziarna kawy | kaffeb\u00f6nor | kahvipavut | Kafijas pupi\u0146as | kohvioad | kavos pupel\u0117s | \u041a\u043e\u0444\u0435\u0439\u043d\u044b\u0435 \u0437\u0435\u0440\u043d\u0430 | cafea boabe\u00a0<\/span><span style=\"color: #000000;\">| k\u00e1v\u00e9bab | \u041a\u0430\u0444\u0435\u043d\u0438 \u0437\u044a\u0440\u043d\u0430 | \u0417\u0440\u043d\u0430 \u043a\u0430\u0444\u0435 | zrna kave | zrna kafe | \u039a\u03cc\u03ba\u03ba\u03bf\u03b9 \u03ba\u03b1\u03c6\u03ad | caf\u00e9 en grano | caf\u00e9 em gr\u00e3o.<br \/>\nItalcaff\u00e8 S.p.A. is an Italian coffee-roasting company whose factory and head office are located near La Spezia in Italy.<br \/>\nItalcaff\u00e8 S.p.A, established in 1969 draw on almost 40 years of traditional Italian expertise in the roasting and blending of fine coffees.<br \/>\nIts activity consists in importing green coffee directly from the markets of origin of the raw material. <\/span><\/p>\n<p><span style=\"color: #000000;\">Coffee is then roasted according to the best Italian tradition and packed very carefully.<br \/>\n<span style=\"color: #000000;\">This is beacuse thanks to our advanced equipments, we package our roasted coffee beans in special flexible package. These bags are then filled with a protective atmosphere (Nitrogen), with the addition of a unidirectional valve for the gas emission ( Aroma ).<br \/>\nThe roasting of the harmonious combinations of differing coffee varieties unites the old artisan-care with advanced technology. <\/span><\/span><\/p>\n","protected":false},"excerpt":{"rendered":"<p style=\"text-align: justify;\"><span style=\"color: #000000;\"><a style=\"color: #000000;\" href=\"https:\/\/www.italcaffe.it\/en\/coffee-roasting\/\" target=\"_blank\" rel=\"noopener\">Italcaff\u00e8<\/a> <a style=\"color: #000000;\" href=\"https:\/\/youtu.be\/09Nn11prZNQ\" target=\"_blank\" rel=\"noopener\">Dolce Crema<\/a> is a delicious blend of roasted whole coffee beans, characterized by a sweet, rich and full-bodied aroma.<br \/>\n<\/span><span style=\"color: #000000;\">As matter of fact thisi is a perfect combination of coffees of the Arabica and Robusta species, accurately measured in order to offer you a great Italian espresso coffee. <\/span><span style=\"color: #000000;\"><a style=\"color: #000000;\" href=\"https:\/\/youtu.be\/09Nn11prZNQ\" target=\"_blank\" rel=\"noopener\">Dolce Crema<\/a> <a style=\"color: #000000;\" href=\"https:\/\/www.italcaffe.it\/en\/coffee-roasting\/\" target=\"_blank\" rel=\"noopener\">Italcaff\u00e8<\/a> coffee beans have medium roast and are suitable for espresso machines as well as bean to cup machines.<br \/>\n<\/span><span style=\"color: #000000;\">Whole espresso bean packaged in a protective atmosphere to conserve taste and freshness. This is a bag of 250g with one-way degassing valve.<br \/>\n<\/span><span style=\"color: #000000;\">Moreover these features guarantee a better preservation over time as well as greater quality of italcaff\u00e8 products compared to the usual coffee bags that you find on the market.\u00a0<\/span><\/p>\n","protected":false},"featured_media":29865,"template":"","meta":{"_acf_changed":false},"product_brand":[],"product_cat":[251,252],"product_tag":[],"class_list":{"0":"post-29862","1":"product","2":"type-product","3":"status-publish","4":"has-post-thumbnail","6":"product_cat-coffee-beans","7":"product_cat-italian-espresso","9":"first","10":"instock","11":"taxable","12":"shipping-taxable","13":"product-type-grouped"},"acf":[],"yoast_head":"<!-- This site is optimized with the Yoast SEO plugin v27.0 - https:\/\/yoast.com\/product\/yoast-seo-wordpress\/ -->\n<title>Italcaff\u00e8 Dolce Crema Coffee Beans Espresso 250g Whole Bean<\/title>\n<meta name=\"description\" content=\"Italcaff\u00e8 Dolce Crema coffee beans 250g is the perfect combination of arabica and robusta species with a sweet cream and an intense aroma.\" \/>\n<meta name=\"robots\" content=\"index, follow, max-snippet:-1, max-image-preview:large, max-video-preview:-1\" \/>\n<link rel=\"canonical\" href=\"https:\/\/italcaffe.it\/en\/shop\/coffee-beans\/italian-espresso\/dolce-crema-italcaffe-coffee-beans-espresso-250g\/\" \/>\n<meta property=\"og:locale\" content=\"en_US\" \/>\n<meta property=\"og:type\" content=\"article\" \/>\n<meta property=\"og:title\" content=\"Italcaff\u00e8 Dolce Crema Coffee Beans Espresso 250g Whole Bean\" \/>\n<meta property=\"og:description\" content=\"Italcaff\u00e8 Dolce Crema coffee beans 250g is the perfect combination of arabica and robusta species with a sweet cream and an intense aroma.\" \/>\n<meta property=\"og:url\" content=\"https:\/\/italcaffe.it\/en\/shop\/coffee-beans\/italian-espresso\/dolce-crema-italcaffe-coffee-beans-espresso-250g\/\" \/>\n<meta property=\"og:site_name\" content=\"Italcaff\u00e8\" \/>\n<meta property=\"article:modified_time\" content=\"2023-02-08T10:10:54+00:00\" \/>\n<meta property=\"og:image\" content=\"https:\/\/italcaffe.it\/wp-content\/uploads\/2022\/11\/Dolce-Crema-250-4.jpg\" \/>\n\t<meta property=\"og:image:width\" content=\"825\" \/>\n\t<meta property=\"og:image:height\" content=\"1100\" \/>\n\t<meta property=\"og:image:type\" content=\"image\/jpeg\" \/>\n<meta name=\"twitter:card\" content=\"summary_large_image\" \/>\n<meta name=\"twitter:label1\" content=\"Est. reading time\" \/>\n\t<meta name=\"twitter:data1\" content=\"2 minutes\" \/>\n<script type=\"application\/ld+json\" class=\"yoast-schema-graph\">{\"@context\":\"https:\/\/schema.org\",\"@graph\":[{\"@type\":\"WebPage\",\"@id\":\"https:\/\/italcaffe.it\/en\/shop\/coffee-beans\/italian-espresso\/dolce-crema-italcaffe-coffee-beans-espresso-250g\/\",\"url\":\"https:\/\/italcaffe.it\/en\/shop\/coffee-beans\/italian-espresso\/dolce-crema-italcaffe-coffee-beans-espresso-250g\/\",\"name\":\"Italcaff\u00e8 Dolce Crema Coffee Beans Espresso 250g Whole Bean\",\"isPartOf\":{\"@id\":\"https:\/\/italcaffe.it\/en\/#website\"},\"primaryImageOfPage\":{\"@id\":\"https:\/\/italcaffe.it\/en\/shop\/coffee-beans\/italian-espresso\/dolce-crema-italcaffe-coffee-beans-espresso-250g\/#primaryimage\"},\"image\":{\"@id\":\"https:\/\/italcaffe.it\/en\/shop\/coffee-beans\/italian-espresso\/dolce-crema-italcaffe-coffee-beans-espresso-250g\/#primaryimage\"},\"thumbnailUrl\":\"https:\/\/italcaffe.it\/wp-content\/uploads\/2022\/11\/Dolce-Crema-250-4.jpg\",\"datePublished\":\"2022-11-23T14:53:30+00:00\",\"dateModified\":\"2023-02-08T10:10:54+00:00\",\"description\":\"Italcaff\u00e8 Dolce Crema coffee beans 250g is the perfect combination of arabica and robusta species with a sweet cream and an intense aroma.\",\"breadcrumb\":{\"@id\":\"https:\/\/italcaffe.it\/en\/shop\/coffee-beans\/italian-espresso\/dolce-crema-italcaffe-coffee-beans-espresso-250g\/#breadcrumb\"},\"inLanguage\":\"en-US\",\"potentialAction\":[{\"@type\":\"ReadAction\",\"target\":[\"https:\/\/italcaffe.it\/en\/shop\/coffee-beans\/italian-espresso\/dolce-crema-italcaffe-coffee-beans-espresso-250g\/\"]}]},{\"@type\":\"ImageObject\",\"inLanguage\":\"en-US\",\"@id\":\"https:\/\/italcaffe.it\/en\/shop\/coffee-beans\/italian-espresso\/dolce-crema-italcaffe-coffee-beans-espresso-250g\/#primaryimage\",\"url\":\"https:\/\/italcaffe.it\/wp-content\/uploads\/2022\/11\/Dolce-Crema-250-4.jpg\",\"contentUrl\":\"https:\/\/italcaffe.it\/wp-content\/uploads\/2022\/11\/Dolce-Crema-250-4.jpg\",\"width\":825,\"height\":1100,\"caption\":\"Caff\u00e8 in grani Dolce Crema 250g Italcaff\u00e8 Espresso Bar\"},{\"@type\":\"BreadcrumbList\",\"@id\":\"https:\/\/italcaffe.it\/en\/shop\/coffee-beans\/italian-espresso\/dolce-crema-italcaffe-coffee-beans-espresso-250g\/#breadcrumb\",\"itemListElement\":[{\"@type\":\"ListItem\",\"position\":1,\"name\":\"Home\",\"item\":\"https:\/\/italcaffe.it\/en\/\"},{\"@type\":\"ListItem\",\"position\":2,\"name\":\"Shop\",\"item\":\"https:\/\/italcaffe.it\/en\/shop\/\"},{\"@type\":\"ListItem\",\"position\":3,\"name\":\"Dolce Crema Italcaff\u00e8 Coffee Beans Espresso 250g\"}]},{\"@type\":\"WebSite\",\"@id\":\"https:\/\/italcaffe.it\/en\/#website\",\"url\":\"https:\/\/italcaffe.it\/en\/\",\"name\":\"Italcaff\u00e8\",\"description\":\"50 Anni insieme\",\"potentialAction\":[{\"@type\":\"SearchAction\",\"target\":{\"@type\":\"EntryPoint\",\"urlTemplate\":\"https:\/\/italcaffe.it\/en\/?s={search_term_string}\"},\"query-input\":{\"@type\":\"PropertyValueSpecification\",\"valueRequired\":true,\"valueName\":\"search_term_string\"}}],\"inLanguage\":\"en-US\"}]}<\/script>\n<!-- \/ Yoast SEO plugin. -->","yoast_head_json":{"title":"Italcaff\u00e8 Dolce Crema Coffee Beans Espresso 250g Whole Bean","description":"Italcaff\u00e8 Dolce Crema coffee beans 250g is the perfect combination of arabica and robusta species with a sweet cream and an intense aroma.","robots":{"index":"index","follow":"follow","max-snippet":"max-snippet:-1","max-image-preview":"max-image-preview:large","max-video-preview":"max-video-preview:-1"},"canonical":"https:\/\/italcaffe.it\/en\/shop\/coffee-beans\/italian-espresso\/dolce-crema-italcaffe-coffee-beans-espresso-250g\/","og_locale":"en_US","og_type":"article","og_title":"Italcaff\u00e8 Dolce Crema Coffee Beans Espresso 250g Whole Bean","og_description":"Italcaff\u00e8 Dolce Crema coffee beans 250g is the perfect combination of arabica and robusta species with a sweet cream and an intense aroma.","og_url":"https:\/\/italcaffe.it\/en\/shop\/coffee-beans\/italian-espresso\/dolce-crema-italcaffe-coffee-beans-espresso-250g\/","og_site_name":"Italcaff\u00e8","article_modified_time":"2023-02-08T10:10:54+00:00","og_image":[{"width":825,"height":1100,"url":"https:\/\/italcaffe.it\/wp-content\/uploads\/2022\/11\/Dolce-Crema-250-4.jpg","type":"image\/jpeg"}],"twitter_card":"summary_large_image","twitter_misc":{"Est. reading time":"2 minutes"},"schema":{"@context":"https:\/\/schema.org","@graph":[{"@type":"WebPage","@id":"https:\/\/italcaffe.it\/en\/shop\/coffee-beans\/italian-espresso\/dolce-crema-italcaffe-coffee-beans-espresso-250g\/","url":"https:\/\/italcaffe.it\/en\/shop\/coffee-beans\/italian-espresso\/dolce-crema-italcaffe-coffee-beans-espresso-250g\/","name":"Italcaff\u00e8 Dolce Crema Coffee Beans Espresso 250g Whole Bean","isPartOf":{"@id":"https:\/\/italcaffe.it\/en\/#website"},"primaryImageOfPage":{"@id":"https:\/\/italcaffe.it\/en\/shop\/coffee-beans\/italian-espresso\/dolce-crema-italcaffe-coffee-beans-espresso-250g\/#primaryimage"},"image":{"@id":"https:\/\/italcaffe.it\/en\/shop\/coffee-beans\/italian-espresso\/dolce-crema-italcaffe-coffee-beans-espresso-250g\/#primaryimage"},"thumbnailUrl":"https:\/\/italcaffe.it\/wp-content\/uploads\/2022\/11\/Dolce-Crema-250-4.jpg","datePublished":"2022-11-23T14:53:30+00:00","dateModified":"2023-02-08T10:10:54+00:00","description":"Italcaff\u00e8 Dolce Crema coffee beans 250g is the perfect combination of arabica and robusta species with a sweet cream and an intense aroma.","breadcrumb":{"@id":"https:\/\/italcaffe.it\/en\/shop\/coffee-beans\/italian-espresso\/dolce-crema-italcaffe-coffee-beans-espresso-250g\/#breadcrumb"},"inLanguage":"en-US","potentialAction":[{"@type":"ReadAction","target":["https:\/\/italcaffe.it\/en\/shop\/coffee-beans\/italian-espresso\/dolce-crema-italcaffe-coffee-beans-espresso-250g\/"]}]},{"@type":"ImageObject","inLanguage":"en-US","@id":"https:\/\/italcaffe.it\/en\/shop\/coffee-beans\/italian-espresso\/dolce-crema-italcaffe-coffee-beans-espresso-250g\/#primaryimage","url":"https:\/\/italcaffe.it\/wp-content\/uploads\/2022\/11\/Dolce-Crema-250-4.jpg","contentUrl":"https:\/\/italcaffe.it\/wp-content\/uploads\/2022\/11\/Dolce-Crema-250-4.jpg","width":825,"height":1100,"caption":"Caff\u00e8 in grani Dolce Crema 250g Italcaff\u00e8 Espresso Bar"},{"@type":"BreadcrumbList","@id":"https:\/\/italcaffe.it\/en\/shop\/coffee-beans\/italian-espresso\/dolce-crema-italcaffe-coffee-beans-espresso-250g\/#breadcrumb","itemListElement":[{"@type":"ListItem","position":1,"name":"Home","item":"https:\/\/italcaffe.it\/en\/"},{"@type":"ListItem","position":2,"name":"Shop","item":"https:\/\/italcaffe.it\/en\/shop\/"},{"@type":"ListItem","position":3,"name":"Dolce Crema Italcaff\u00e8 Coffee Beans Espresso 250g"}]},{"@type":"WebSite","@id":"https:\/\/italcaffe.it\/en\/#website","url":"https:\/\/italcaffe.it\/en\/","name":"Italcaff\u00e8","description":"50 Anni insieme","potentialAction":[{"@type":"SearchAction","target":{"@type":"EntryPoint","urlTemplate":"https:\/\/italcaffe.it\/en\/?s={search_term_string}"},"query-input":{"@type":"PropertyValueSpecification","valueRequired":true,"valueName":"search_term_string"}}],"inLanguage":"en-US"}]}},"_links":{"self":[{"href":"https:\/\/italcaffe.it\/en\/wp-json\/wp\/v2\/product\/29862","targetHints":{"allow":["GET"]}}],"collection":[{"href":"https:\/\/italcaffe.it\/en\/wp-json\/wp\/v2\/product"}],"about":[{"href":"https:\/\/italcaffe.it\/en\/wp-json\/wp\/v2\/types\/product"}],"wp:featuredmedia":[{"embeddable":true,"href":"https:\/\/italcaffe.it\/en\/wp-json\/wp\/v2\/media\/29865"}],"wp:attachment":[{"href":"https:\/\/italcaffe.it\/en\/wp-json\/wp\/v2\/media?parent=29862"}],"wp:term":[{"taxonomy":"product_brand","embeddable":true,"href":"https:\/\/italcaffe.it\/en\/wp-json\/wp\/v2\/product_brand?post=29862"},{"taxonomy":"product_cat","embeddable":true,"href":"https:\/\/italcaffe.it\/en\/wp-json\/wp\/v2\/product_cat?post=29862"},{"taxonomy":"product_tag","embeddable":true,"href":"https:\/\/italcaffe.it\/en\/wp-json\/wp\/v2\/product_tag?post=29862"}],"curies":[{"name":"wp","href":"https:\/\/api.w.org\/{rel}","templated":true}]}}