{"id":29989,"date":"2022-12-05T17:30:59","date_gmt":"2022-12-05T16:31:00","guid":{"rendered":"https:\/\/www.italcaffe.it\/?post_type=product&#038;p=29989"},"modified":"2023-02-21T16:03:37","modified_gmt":"2023-02-21T15:03:37","slug":"italcaffe-prestige-coffee-beans-espresso-250g","status":"publish","type":"product","link":"https:\/\/italcaffe.it\/en\/shop\/coffee-beans\/italian-espresso\/italcaffe-prestige-coffee-beans-espresso-250g\/","title":{"rendered":"Italcaff\u00e8 Prestige Coffee Beans Espresso 250g"},"content":{"rendered":"<p style=\"text-align: justify;\"><span style=\"color: #000000;\">Prestige Bar Espresso is composed by the most precious coffee varieties Arabica and Robusta are mixed by Italcaffe to obtain a blend with a pleasant aroma and sweet cream. <\/span><\/p>\n<p style=\"text-align: justify;\"><span style=\"color: #000000;\">A full bodied, sweet, chocolaty, creamy aromatic cup of espresso. Intense and satisfying. Suitable for espresso machines as well as bean to cup machines. Medium roast. <\/span><\/p>\n<p style=\"text-align: justify;\"><span style=\"color: #000000;\">Prestige Italcaffe whole bean Espresso 250g is packaged in a protective atmosphere to conserve taste and freshness.\u00a0<\/span><\/p>\n<p style=\"text-align: justify;\"><span style=\"color: #000000;\">This is a bag of 250g with one-way degassing valve. <\/span><span style=\"color: #ff0000;\"><span style=\"color: #000000;\">These features guarantee a better preservation over time as well as greater quality of the product compared to the usual coffee bags that you find on the market.<\/span><\/span><\/p>\n<p>kaffeb\u00f8nner | koffiebonen | ziarna kawy | kaffeb\u00f6nor | kahvipavut | Kafijas pupi\u0146as | kohvioad | kavos pupel\u0117s | \u041a\u043e\u0444\u0435\u0439\u043d\u044b\u0435 \u0437\u0435\u0440\u043d\u0430 | cafea boabe | k\u00e1v\u00e9bab | \u041a\u0430\u0444\u0435\u043d\u0438 \u0437\u044a\u0440\u043d\u0430 | \u0417\u0440\u043d\u0430 \u043a\u0430\u0444\u0435 | zrna kave | zrna kafe | \u039a\u03cc\u03ba\u03ba\u03bf\u03b9 \u03ba\u03b1\u03c6\u03ad | caf\u00e9 en grano | caf\u00e9 em gr\u00e3o<\/p>\n","protected":false},"excerpt":{"rendered":"<p style=\"text-align: justify;\"><span style=\"color: #000000;\">Prestige Bar Espresso is composed by the most precious coffee varieties Arabica and Robusta are mixed by Italcaffe to obtain a blend with a pleasant aroma and sweet cream.\u00a0<\/span><span style=\"color: #000000;\">A full bodied, sweet, chocolaty, creamy aromatic cup of espresso. Intense and satisfying. Suitable for espresso machines as well as bean to cup machines. Medium roast.\u00a0<\/span><span style=\"color: #000000;\">Italcaffe Prestige whole bean for Espresso 250g is packaged in a protective atmosphere to conserve taste and freshness.\u00a0\u00a0<\/span><span style=\"color: #000000;\">This is a bag of 250g with one-way degassing valve.<br \/>\nATTENTION: For an order of 6 kg of Prestige coffee beans,<img loading=\"lazy\" decoding=\"async\" class=\"size-thumbnail wp-image-30317 alignright\" src=\"https:\/\/www.italcaffe.it\/wp-content\/uploads\/2023\/01\/Tazza-4-150x111.jpg\" alt=\"\" width=\"150\" height=\"111\" srcset=\"https:\/\/italcaffe.it\/wp-content\/uploads\/2023\/01\/Tazza-4-150x111.jpg 150w, https:\/\/italcaffe.it\/wp-content\/uploads\/2023\/01\/Tazza-4-120x89.jpg 120w, https:\/\/italcaffe.it\/wp-content\/uploads\/2023\/01\/Tazza-4-750x554.jpg 750w, https:\/\/italcaffe.it\/wp-content\/uploads\/2023\/01\/Tazza-4-300x221.jpg 300w, https:\/\/italcaffe.it\/wp-content\/uploads\/2023\/01\/Tazza-4-1024x756.jpg 1024w, https:\/\/italcaffe.it\/wp-content\/uploads\/2023\/01\/Tazza-4-768x567.jpg 768w, https:\/\/italcaffe.it\/wp-content\/uploads\/2023\/01\/Tazza-4.jpg 1535w\" sizes=\"auto, (max-width: 150px) 100vw, 150px\" \/> we offer you 1 cup for Espresso or Cappuccino with brand Italcaff\u00e8, free of charge in high quality porcelain.<\/span><span style=\"color: #ff0000;\"><span style=\"color: #0000ff;\"><span style=\"color: #000000;\"><br \/>\n<\/span><\/span><\/span><\/p>\n","protected":false},"featured_media":29881,"template":"","meta":{"_acf_changed":false},"product_brand":[],"product_cat":[251,252],"product_tag":[],"class_list":{"0":"post-29989","1":"product","2":"type-product","3":"status-publish","4":"has-post-thumbnail","6":"product_cat-coffee-beans","7":"product_cat-italian-espresso","9":"first","10":"instock","11":"taxable","12":"shipping-taxable","13":"product-type-grouped"},"acf":[],"yoast_head":"<!-- This site is optimized with the Yoast SEO plugin v27.0 - https:\/\/yoast.com\/product\/yoast-seo-wordpress\/ -->\n<title>Italcaff\u00e8 Prestige Coffee Beans Espresso 250g | Italian Espresso<\/title>\n<meta name=\"description\" content=\"Italcaff\u00e8 Espresso Prestige coffee beans is perfect for those looking for a high quality, intense and aromatic cup of espresso. Full bodied and sweet.\" \/>\n<meta name=\"robots\" content=\"index, follow, max-snippet:-1, max-image-preview:large, max-video-preview:-1\" \/>\n<link rel=\"canonical\" href=\"https:\/\/italcaffe.it\/en\/shop\/coffee-beans\/italian-espresso\/italcaffe-prestige-coffee-beans-espresso-250g\/\" \/>\n<meta property=\"og:locale\" content=\"en_US\" \/>\n<meta property=\"og:type\" content=\"article\" \/>\n<meta property=\"og:title\" content=\"Italcaff\u00e8 Prestige Coffee Beans Espresso 250g | Italian Espresso\" \/>\n<meta property=\"og:description\" content=\"Italcaff\u00e8 Espresso Prestige coffee beans is perfect for those looking for a high quality, intense and aromatic cup of espresso. Full bodied and sweet.\" \/>\n<meta property=\"og:url\" content=\"https:\/\/italcaffe.it\/en\/shop\/coffee-beans\/italian-espresso\/italcaffe-prestige-coffee-beans-espresso-250g\/\" \/>\n<meta property=\"og:site_name\" content=\"Italcaff\u00e8\" \/>\n<meta property=\"article:modified_time\" content=\"2023-02-21T15:03:37+00:00\" \/>\n<meta property=\"og:image\" content=\"https:\/\/italcaffe.it\/wp-content\/uploads\/2022\/11\/Prestige-250-3.jpg\" \/>\n\t<meta property=\"og:image:width\" content=\"825\" \/>\n\t<meta property=\"og:image:height\" content=\"1100\" \/>\n\t<meta property=\"og:image:type\" content=\"image\/jpeg\" \/>\n<meta name=\"twitter:card\" content=\"summary_large_image\" \/>\n<meta name=\"twitter:label1\" content=\"Est. reading time\" \/>\n\t<meta name=\"twitter:data1\" content=\"1 minute\" \/>\n<script type=\"application\/ld+json\" class=\"yoast-schema-graph\">{\"@context\":\"https:\/\/schema.org\",\"@graph\":[{\"@type\":\"WebPage\",\"@id\":\"https:\/\/italcaffe.it\/en\/shop\/coffee-beans\/italian-espresso\/italcaffe-prestige-coffee-beans-espresso-250g\/\",\"url\":\"https:\/\/italcaffe.it\/en\/shop\/coffee-beans\/italian-espresso\/italcaffe-prestige-coffee-beans-espresso-250g\/\",\"name\":\"Italcaff\u00e8 Prestige Coffee Beans Espresso 250g | Italian Espresso\",\"isPartOf\":{\"@id\":\"https:\/\/italcaffe.it\/en\/#website\"},\"primaryImageOfPage\":{\"@id\":\"https:\/\/italcaffe.it\/en\/shop\/coffee-beans\/italian-espresso\/italcaffe-prestige-coffee-beans-espresso-250g\/#primaryimage\"},\"image\":{\"@id\":\"https:\/\/italcaffe.it\/en\/shop\/coffee-beans\/italian-espresso\/italcaffe-prestige-coffee-beans-espresso-250g\/#primaryimage\"},\"thumbnailUrl\":\"https:\/\/italcaffe.it\/wp-content\/uploads\/2022\/11\/Prestige-250-3.jpg\",\"datePublished\":\"2022-12-05T16:31:00+00:00\",\"dateModified\":\"2023-02-21T15:03:37+00:00\",\"description\":\"Italcaff\u00e8 Espresso Prestige coffee beans is perfect for those looking for a high quality, intense and aromatic cup of espresso. Full bodied and sweet.\",\"breadcrumb\":{\"@id\":\"https:\/\/italcaffe.it\/en\/shop\/coffee-beans\/italian-espresso\/italcaffe-prestige-coffee-beans-espresso-250g\/#breadcrumb\"},\"inLanguage\":\"en-US\",\"potentialAction\":[{\"@type\":\"ReadAction\",\"target\":[\"https:\/\/italcaffe.it\/en\/shop\/coffee-beans\/italian-espresso\/italcaffe-prestige-coffee-beans-espresso-250g\/\"]}]},{\"@type\":\"ImageObject\",\"inLanguage\":\"en-US\",\"@id\":\"https:\/\/italcaffe.it\/en\/shop\/coffee-beans\/italian-espresso\/italcaffe-prestige-coffee-beans-espresso-250g\/#primaryimage\",\"url\":\"https:\/\/italcaffe.it\/wp-content\/uploads\/2022\/11\/Prestige-250-3.jpg\",\"contentUrl\":\"https:\/\/italcaffe.it\/wp-content\/uploads\/2022\/11\/Prestige-250-3.jpg\",\"width\":825,\"height\":1100,\"caption\":\"Caff\u00e8 in grani Prestige Italcaff\u00e8 Espresso Bar 250g\"},{\"@type\":\"BreadcrumbList\",\"@id\":\"https:\/\/italcaffe.it\/en\/shop\/coffee-beans\/italian-espresso\/italcaffe-prestige-coffee-beans-espresso-250g\/#breadcrumb\",\"itemListElement\":[{\"@type\":\"ListItem\",\"position\":1,\"name\":\"Home\",\"item\":\"https:\/\/italcaffe.it\/en\/\"},{\"@type\":\"ListItem\",\"position\":2,\"name\":\"Shop\",\"item\":\"https:\/\/italcaffe.it\/en\/shop\/\"},{\"@type\":\"ListItem\",\"position\":3,\"name\":\"Italcaff\u00e8 Prestige Coffee Beans Espresso 250g\"}]},{\"@type\":\"WebSite\",\"@id\":\"https:\/\/italcaffe.it\/en\/#website\",\"url\":\"https:\/\/italcaffe.it\/en\/\",\"name\":\"Italcaff\u00e8\",\"description\":\"50 Anni insieme\",\"potentialAction\":[{\"@type\":\"SearchAction\",\"target\":{\"@type\":\"EntryPoint\",\"urlTemplate\":\"https:\/\/italcaffe.it\/en\/?s={search_term_string}\"},\"query-input\":{\"@type\":\"PropertyValueSpecification\",\"valueRequired\":true,\"valueName\":\"search_term_string\"}}],\"inLanguage\":\"en-US\"}]}<\/script>\n<!-- \/ Yoast SEO plugin. -->","yoast_head_json":{"title":"Italcaff\u00e8 Prestige Coffee Beans Espresso 250g | Italian Espresso","description":"Italcaff\u00e8 Espresso Prestige coffee beans is perfect for those looking for a high quality, intense and aromatic cup of espresso. Full bodied and sweet.","robots":{"index":"index","follow":"follow","max-snippet":"max-snippet:-1","max-image-preview":"max-image-preview:large","max-video-preview":"max-video-preview:-1"},"canonical":"https:\/\/italcaffe.it\/en\/shop\/coffee-beans\/italian-espresso\/italcaffe-prestige-coffee-beans-espresso-250g\/","og_locale":"en_US","og_type":"article","og_title":"Italcaff\u00e8 Prestige Coffee Beans Espresso 250g | Italian Espresso","og_description":"Italcaff\u00e8 Espresso Prestige coffee beans is perfect for those looking for a high quality, intense and aromatic cup of espresso. Full bodied and sweet.","og_url":"https:\/\/italcaffe.it\/en\/shop\/coffee-beans\/italian-espresso\/italcaffe-prestige-coffee-beans-espresso-250g\/","og_site_name":"Italcaff\u00e8","article_modified_time":"2023-02-21T15:03:37+00:00","og_image":[{"width":825,"height":1100,"url":"https:\/\/italcaffe.it\/wp-content\/uploads\/2022\/11\/Prestige-250-3.jpg","type":"image\/jpeg"}],"twitter_card":"summary_large_image","twitter_misc":{"Est. reading time":"1 minute"},"schema":{"@context":"https:\/\/schema.org","@graph":[{"@type":"WebPage","@id":"https:\/\/italcaffe.it\/en\/shop\/coffee-beans\/italian-espresso\/italcaffe-prestige-coffee-beans-espresso-250g\/","url":"https:\/\/italcaffe.it\/en\/shop\/coffee-beans\/italian-espresso\/italcaffe-prestige-coffee-beans-espresso-250g\/","name":"Italcaff\u00e8 Prestige Coffee Beans Espresso 250g | Italian Espresso","isPartOf":{"@id":"https:\/\/italcaffe.it\/en\/#website"},"primaryImageOfPage":{"@id":"https:\/\/italcaffe.it\/en\/shop\/coffee-beans\/italian-espresso\/italcaffe-prestige-coffee-beans-espresso-250g\/#primaryimage"},"image":{"@id":"https:\/\/italcaffe.it\/en\/shop\/coffee-beans\/italian-espresso\/italcaffe-prestige-coffee-beans-espresso-250g\/#primaryimage"},"thumbnailUrl":"https:\/\/italcaffe.it\/wp-content\/uploads\/2022\/11\/Prestige-250-3.jpg","datePublished":"2022-12-05T16:31:00+00:00","dateModified":"2023-02-21T15:03:37+00:00","description":"Italcaff\u00e8 Espresso Prestige coffee beans is perfect for those looking for a high quality, intense and aromatic cup of espresso. Full bodied and sweet.","breadcrumb":{"@id":"https:\/\/italcaffe.it\/en\/shop\/coffee-beans\/italian-espresso\/italcaffe-prestige-coffee-beans-espresso-250g\/#breadcrumb"},"inLanguage":"en-US","potentialAction":[{"@type":"ReadAction","target":["https:\/\/italcaffe.it\/en\/shop\/coffee-beans\/italian-espresso\/italcaffe-prestige-coffee-beans-espresso-250g\/"]}]},{"@type":"ImageObject","inLanguage":"en-US","@id":"https:\/\/italcaffe.it\/en\/shop\/coffee-beans\/italian-espresso\/italcaffe-prestige-coffee-beans-espresso-250g\/#primaryimage","url":"https:\/\/italcaffe.it\/wp-content\/uploads\/2022\/11\/Prestige-250-3.jpg","contentUrl":"https:\/\/italcaffe.it\/wp-content\/uploads\/2022\/11\/Prestige-250-3.jpg","width":825,"height":1100,"caption":"Caff\u00e8 in grani Prestige Italcaff\u00e8 Espresso Bar 250g"},{"@type":"BreadcrumbList","@id":"https:\/\/italcaffe.it\/en\/shop\/coffee-beans\/italian-espresso\/italcaffe-prestige-coffee-beans-espresso-250g\/#breadcrumb","itemListElement":[{"@type":"ListItem","position":1,"name":"Home","item":"https:\/\/italcaffe.it\/en\/"},{"@type":"ListItem","position":2,"name":"Shop","item":"https:\/\/italcaffe.it\/en\/shop\/"},{"@type":"ListItem","position":3,"name":"Italcaff\u00e8 Prestige Coffee Beans Espresso 250g"}]},{"@type":"WebSite","@id":"https:\/\/italcaffe.it\/en\/#website","url":"https:\/\/italcaffe.it\/en\/","name":"Italcaff\u00e8","description":"50 Anni insieme","potentialAction":[{"@type":"SearchAction","target":{"@type":"EntryPoint","urlTemplate":"https:\/\/italcaffe.it\/en\/?s={search_term_string}"},"query-input":{"@type":"PropertyValueSpecification","valueRequired":true,"valueName":"search_term_string"}}],"inLanguage":"en-US"}]}},"_links":{"self":[{"href":"https:\/\/italcaffe.it\/en\/wp-json\/wp\/v2\/product\/29989","targetHints":{"allow":["GET"]}}],"collection":[{"href":"https:\/\/italcaffe.it\/en\/wp-json\/wp\/v2\/product"}],"about":[{"href":"https:\/\/italcaffe.it\/en\/wp-json\/wp\/v2\/types\/product"}],"wp:featuredmedia":[{"embeddable":true,"href":"https:\/\/italcaffe.it\/en\/wp-json\/wp\/v2\/media\/29881"}],"wp:attachment":[{"href":"https:\/\/italcaffe.it\/en\/wp-json\/wp\/v2\/media?parent=29989"}],"wp:term":[{"taxonomy":"product_brand","embeddable":true,"href":"https:\/\/italcaffe.it\/en\/wp-json\/wp\/v2\/product_brand?post=29989"},{"taxonomy":"product_cat","embeddable":true,"href":"https:\/\/italcaffe.it\/en\/wp-json\/wp\/v2\/product_cat?post=29989"},{"taxonomy":"product_tag","embeddable":true,"href":"https:\/\/italcaffe.it\/en\/wp-json\/wp\/v2\/product_tag?post=29989"}],"curies":[{"name":"wp","href":"https:\/\/api.w.org\/{rel}","templated":true}]}}