{"id":30081,"date":"2022-12-27T14:07:54","date_gmt":"2022-12-27T13:07:55","guid":{"rendered":"https:\/\/www.italcaffe.it\/?post_type=product&#038;p=30081"},"modified":"2023-03-26T09:52:24","modified_gmt":"2023-03-26T08:52:24","slug":"excelso-espresso-coffee-beans-250g-italcaffe","status":"publish","type":"product","link":"https:\/\/italcaffe.it\/en\/shop\/coffee-beans\/italian-espresso\/excelso-espresso-coffee-beans-250g-italcaffe\/","title":{"rendered":"Excelso Espresso Coffee Beans 250g Italcaffe"},"content":{"rendered":"<p style=\"text-align: justify;\"><span style=\"color: #000000;\">The most precious coffee varieties are mixed to obtain Excelso Bar Espresso coffee beans. A blend with a pleasant aroma and sweet cream.<\/span><\/p>\n<p style=\"text-align: justify;\"><span style=\"color: #000000;\">Excelso coffee beans per Espresso won the Gold Medal The ideal Espresso coffee beans for those who want only high-quality products. <\/span><\/p>\n<p style=\"text-align: justify;\"><span style=\"color: #000000;\">Suitable for espresso machines as well as bean to cup machines. Medium roast, whole coffee bean.<\/span><\/p>\n<p style=\"text-align: justify;\"><span style=\"color: #000000;\">A unique combination of varieties of Arabica and Robusta beans from amongst the finest of Central and South America, Asia, expertly crafted and perfectly blended.\u00a0<\/span><\/p>\n<p style=\"text-align: justify;\"><span style=\"color: #000000;\">Italcaffe Excelso Bar is packaged in a protective atmosphere to conserve taste and freshness in a four side sealed bag with one way degassing valve.<\/span><\/p>\n<p style=\"text-align: justify;\"><span style=\"color: #000000;\">These features guarantee a better preservation over time as well as greater quality of the product compared to the usual coffee bags that you find on the market. <\/span><\/p>\n<p style=\"text-align: justify;\"><span style=\"color: #000000;\">Italcaff\u00e8 Excelso coffee beans won the Gold Medal in the International Coffee tasting 2020.<\/span><\/p>\n<p style=\"text-align: justify;\">kaffeb\u00f8nner | koffiebonen | ziarna kawy | kaffeb\u00f6nor | kahvipavut | Kafijas pupi\u0146as | kohvioad | kavos pupel\u0117s | \u041a\u043e\u0444\u0435\u0439\u043d\u044b\u0435 \u0437\u0435\u0440\u043d\u0430 | cafea boabe | k\u00e1v\u00e9bab | \u041a\u0430\u0444\u0435\u043d\u0438 \u0437\u044a\u0440\u043d\u0430 | \u0417\u0440\u043d\u0430 \u043a\u0430\u0444\u0435 | zrna kave | zrna kafe | \u039a\u03cc\u03ba\u03ba\u03bf\u03b9 \u03ba\u03b1\u03c6\u03ad | caf\u00e9 en grano | caf\u00e9 em gr\u00e3o<\/p>\n","protected":false},"excerpt":{"rendered":"<p style=\"text-align: justify;\"><span style=\"color: #000000;\">The most precious coffee varieties are mixed to obtain Excelso Bar Espresso coffee beans. A blend with a pleasant aroma and sweet cream.<\/span><\/p>\n<p style=\"text-align: justify;\"><span style=\"color: #000000;\">Excelso coffee beans per Espresso won the Gold Medal The ideal Espresso coffee beans for those who want only high-quality products. <\/span><\/p>\n<p style=\"text-align: justify;\"><span style=\"color: #000000;\">Suitable for espresso machines as well as bean to cup machines. Medium roast, whole coffee bean.<\/span><\/p>\n<p style=\"text-align: justify;\"><span style=\"color: #000000;\">A unique combination of varieties of Arabica and Robusta beans from amongst the finest of Central and South America, Asia, expertly crafted and perfectly blended.\u00a0<\/span><\/p>\n<p style=\"text-align: justify;\"><span style=\"color: #000000;\">Italcaffe Excelso Bar is packaged in a protective atmosphere to conserve taste and freshness in a four side sealed bag with one way degassing valve.<\/span><\/p>\n<p style=\"text-align: justify;\"><span style=\"color: #000000;\">These features guarantee a better preservation over time as well as greater quality of the product compared to the usual coffee bags that you find on the market. <\/span><\/p>\n<p style=\"text-align: justify;\"><span style=\"color: #000000;\">Italcaff\u00e8 Excelso coffee beans won the Gold Medal in the International Coffee tasting 2020.<\/span><\/p>\n","protected":false},"featured_media":29869,"template":"","meta":{"_acf_changed":false},"product_brand":[],"product_cat":[335,251,252],"product_tag":[],"class_list":{"0":"post-30081","1":"product","2":"type-product","3":"status-publish","4":"has-post-thumbnail","6":"product_cat-premio","7":"product_cat-coffee-beans","8":"product_cat-italian-espresso","10":"first","11":"instock","12":"taxable","13":"shipping-taxable","14":"product-type-grouped"},"acf":[],"yoast_head":"<!-- This site is optimized with the Yoast SEO plugin v27.0 - https:\/\/yoast.com\/product\/yoast-seo-wordpress\/ -->\n<title>Excelso Bar Espresso Coffee Beans Italcaffe 1kg Whole Bean<\/title>\n<meta name=\"description\" content=\"Excelso Bar Espresso Coffee Beans is a blend with an unmistakable taste. Discover it on the Italcaff\u00e8 e-shop. Winner of Gold Medal 2020.\" \/>\n<meta name=\"robots\" content=\"index, follow, max-snippet:-1, max-image-preview:large, max-video-preview:-1\" \/>\n<link rel=\"canonical\" href=\"https:\/\/italcaffe.it\/en\/shop\/coffee-beans\/italian-espresso\/excelso-espresso-coffee-beans-250g-italcaffe\/\" \/>\n<meta property=\"og:locale\" content=\"en_US\" \/>\n<meta property=\"og:type\" content=\"article\" \/>\n<meta property=\"og:title\" content=\"Excelso Bar Espresso Coffee Beans Italcaffe 1kg Whole Bean\" \/>\n<meta property=\"og:description\" content=\"Excelso Bar Espresso Coffee Beans is a blend with an unmistakable taste. Discover it on the Italcaff\u00e8 e-shop. Winner of Gold Medal 2020.\" \/>\n<meta property=\"og:url\" content=\"https:\/\/italcaffe.it\/en\/shop\/coffee-beans\/italian-espresso\/excelso-espresso-coffee-beans-250g-italcaffe\/\" \/>\n<meta property=\"og:site_name\" content=\"Italcaff\u00e8\" \/>\n<meta property=\"article:modified_time\" content=\"2023-03-26T08:52:24+00:00\" \/>\n<meta property=\"og:image\" content=\"https:\/\/italcaffe.it\/wp-content\/uploads\/2022\/11\/Excelso-250-3.jpg\" \/>\n\t<meta property=\"og:image:width\" content=\"825\" \/>\n\t<meta property=\"og:image:height\" content=\"1100\" \/>\n\t<meta property=\"og:image:type\" content=\"image\/jpeg\" \/>\n<meta name=\"twitter:card\" content=\"summary_large_image\" \/>\n<meta name=\"twitter:label1\" content=\"Est. reading time\" \/>\n\t<meta name=\"twitter:data1\" content=\"1 minute\" \/>\n<script type=\"application\/ld+json\" class=\"yoast-schema-graph\">{\"@context\":\"https:\/\/schema.org\",\"@graph\":[{\"@type\":\"WebPage\",\"@id\":\"https:\/\/italcaffe.it\/en\/shop\/coffee-beans\/italian-espresso\/excelso-espresso-coffee-beans-250g-italcaffe\/\",\"url\":\"https:\/\/italcaffe.it\/en\/shop\/coffee-beans\/italian-espresso\/excelso-espresso-coffee-beans-250g-italcaffe\/\",\"name\":\"Excelso Bar Espresso Coffee Beans Italcaffe 1kg Whole Bean\",\"isPartOf\":{\"@id\":\"https:\/\/italcaffe.it\/en\/#website\"},\"primaryImageOfPage\":{\"@id\":\"https:\/\/italcaffe.it\/en\/shop\/coffee-beans\/italian-espresso\/excelso-espresso-coffee-beans-250g-italcaffe\/#primaryimage\"},\"image\":{\"@id\":\"https:\/\/italcaffe.it\/en\/shop\/coffee-beans\/italian-espresso\/excelso-espresso-coffee-beans-250g-italcaffe\/#primaryimage\"},\"thumbnailUrl\":\"https:\/\/italcaffe.it\/wp-content\/uploads\/2022\/11\/Excelso-250-3.jpg\",\"datePublished\":\"2022-12-27T13:07:55+00:00\",\"dateModified\":\"2023-03-26T08:52:24+00:00\",\"description\":\"Excelso Bar Espresso Coffee Beans is a blend with an unmistakable taste. Discover it on the Italcaff\u00e8 e-shop. Winner of Gold Medal 2020.\",\"breadcrumb\":{\"@id\":\"https:\/\/italcaffe.it\/en\/shop\/coffee-beans\/italian-espresso\/excelso-espresso-coffee-beans-250g-italcaffe\/#breadcrumb\"},\"inLanguage\":\"en-US\",\"potentialAction\":[{\"@type\":\"ReadAction\",\"target\":[\"https:\/\/italcaffe.it\/en\/shop\/coffee-beans\/italian-espresso\/excelso-espresso-coffee-beans-250g-italcaffe\/\"]}]},{\"@type\":\"ImageObject\",\"inLanguage\":\"en-US\",\"@id\":\"https:\/\/italcaffe.it\/en\/shop\/coffee-beans\/italian-espresso\/excelso-espresso-coffee-beans-250g-italcaffe\/#primaryimage\",\"url\":\"https:\/\/italcaffe.it\/wp-content\/uploads\/2022\/11\/Excelso-250-3.jpg\",\"contentUrl\":\"https:\/\/italcaffe.it\/wp-content\/uploads\/2022\/11\/Excelso-250-3.jpg\",\"width\":825,\"height\":1100,\"caption\":\"Caff\u00e8 in grani Excelso 250g Italcaff\u00e8 Espresso\"},{\"@type\":\"BreadcrumbList\",\"@id\":\"https:\/\/italcaffe.it\/en\/shop\/coffee-beans\/italian-espresso\/excelso-espresso-coffee-beans-250g-italcaffe\/#breadcrumb\",\"itemListElement\":[{\"@type\":\"ListItem\",\"position\":1,\"name\":\"Home\",\"item\":\"https:\/\/italcaffe.it\/en\/\"},{\"@type\":\"ListItem\",\"position\":2,\"name\":\"Shop\",\"item\":\"https:\/\/italcaffe.it\/en\/shop\/\"},{\"@type\":\"ListItem\",\"position\":3,\"name\":\"Excelso Espresso Coffee Beans 250g Italcaffe\"}]},{\"@type\":\"WebSite\",\"@id\":\"https:\/\/italcaffe.it\/en\/#website\",\"url\":\"https:\/\/italcaffe.it\/en\/\",\"name\":\"Italcaff\u00e8\",\"description\":\"50 Anni insieme\",\"potentialAction\":[{\"@type\":\"SearchAction\",\"target\":{\"@type\":\"EntryPoint\",\"urlTemplate\":\"https:\/\/italcaffe.it\/en\/?s={search_term_string}\"},\"query-input\":{\"@type\":\"PropertyValueSpecification\",\"valueRequired\":true,\"valueName\":\"search_term_string\"}}],\"inLanguage\":\"en-US\"}]}<\/script>\n<!-- \/ Yoast SEO plugin. -->","yoast_head_json":{"title":"Excelso Bar Espresso Coffee Beans Italcaffe 1kg Whole Bean","description":"Excelso Bar Espresso Coffee Beans is a blend with an unmistakable taste. Discover it on the Italcaff\u00e8 e-shop. Winner of Gold Medal 2020.","robots":{"index":"index","follow":"follow","max-snippet":"max-snippet:-1","max-image-preview":"max-image-preview:large","max-video-preview":"max-video-preview:-1"},"canonical":"https:\/\/italcaffe.it\/en\/shop\/coffee-beans\/italian-espresso\/excelso-espresso-coffee-beans-250g-italcaffe\/","og_locale":"en_US","og_type":"article","og_title":"Excelso Bar Espresso Coffee Beans Italcaffe 1kg Whole Bean","og_description":"Excelso Bar Espresso Coffee Beans is a blend with an unmistakable taste. Discover it on the Italcaff\u00e8 e-shop. Winner of Gold Medal 2020.","og_url":"https:\/\/italcaffe.it\/en\/shop\/coffee-beans\/italian-espresso\/excelso-espresso-coffee-beans-250g-italcaffe\/","og_site_name":"Italcaff\u00e8","article_modified_time":"2023-03-26T08:52:24+00:00","og_image":[{"width":825,"height":1100,"url":"https:\/\/italcaffe.it\/wp-content\/uploads\/2022\/11\/Excelso-250-3.jpg","type":"image\/jpeg"}],"twitter_card":"summary_large_image","twitter_misc":{"Est. reading time":"1 minute"},"schema":{"@context":"https:\/\/schema.org","@graph":[{"@type":"WebPage","@id":"https:\/\/italcaffe.it\/en\/shop\/coffee-beans\/italian-espresso\/excelso-espresso-coffee-beans-250g-italcaffe\/","url":"https:\/\/italcaffe.it\/en\/shop\/coffee-beans\/italian-espresso\/excelso-espresso-coffee-beans-250g-italcaffe\/","name":"Excelso Bar Espresso Coffee Beans Italcaffe 1kg Whole Bean","isPartOf":{"@id":"https:\/\/italcaffe.it\/en\/#website"},"primaryImageOfPage":{"@id":"https:\/\/italcaffe.it\/en\/shop\/coffee-beans\/italian-espresso\/excelso-espresso-coffee-beans-250g-italcaffe\/#primaryimage"},"image":{"@id":"https:\/\/italcaffe.it\/en\/shop\/coffee-beans\/italian-espresso\/excelso-espresso-coffee-beans-250g-italcaffe\/#primaryimage"},"thumbnailUrl":"https:\/\/italcaffe.it\/wp-content\/uploads\/2022\/11\/Excelso-250-3.jpg","datePublished":"2022-12-27T13:07:55+00:00","dateModified":"2023-03-26T08:52:24+00:00","description":"Excelso Bar Espresso Coffee Beans is a blend with an unmistakable taste. Discover it on the Italcaff\u00e8 e-shop. Winner of Gold Medal 2020.","breadcrumb":{"@id":"https:\/\/italcaffe.it\/en\/shop\/coffee-beans\/italian-espresso\/excelso-espresso-coffee-beans-250g-italcaffe\/#breadcrumb"},"inLanguage":"en-US","potentialAction":[{"@type":"ReadAction","target":["https:\/\/italcaffe.it\/en\/shop\/coffee-beans\/italian-espresso\/excelso-espresso-coffee-beans-250g-italcaffe\/"]}]},{"@type":"ImageObject","inLanguage":"en-US","@id":"https:\/\/italcaffe.it\/en\/shop\/coffee-beans\/italian-espresso\/excelso-espresso-coffee-beans-250g-italcaffe\/#primaryimage","url":"https:\/\/italcaffe.it\/wp-content\/uploads\/2022\/11\/Excelso-250-3.jpg","contentUrl":"https:\/\/italcaffe.it\/wp-content\/uploads\/2022\/11\/Excelso-250-3.jpg","width":825,"height":1100,"caption":"Caff\u00e8 in grani Excelso 250g Italcaff\u00e8 Espresso"},{"@type":"BreadcrumbList","@id":"https:\/\/italcaffe.it\/en\/shop\/coffee-beans\/italian-espresso\/excelso-espresso-coffee-beans-250g-italcaffe\/#breadcrumb","itemListElement":[{"@type":"ListItem","position":1,"name":"Home","item":"https:\/\/italcaffe.it\/en\/"},{"@type":"ListItem","position":2,"name":"Shop","item":"https:\/\/italcaffe.it\/en\/shop\/"},{"@type":"ListItem","position":3,"name":"Excelso Espresso Coffee Beans 250g Italcaffe"}]},{"@type":"WebSite","@id":"https:\/\/italcaffe.it\/en\/#website","url":"https:\/\/italcaffe.it\/en\/","name":"Italcaff\u00e8","description":"50 Anni insieme","potentialAction":[{"@type":"SearchAction","target":{"@type":"EntryPoint","urlTemplate":"https:\/\/italcaffe.it\/en\/?s={search_term_string}"},"query-input":{"@type":"PropertyValueSpecification","valueRequired":true,"valueName":"search_term_string"}}],"inLanguage":"en-US"}]}},"_links":{"self":[{"href":"https:\/\/italcaffe.it\/en\/wp-json\/wp\/v2\/product\/30081","targetHints":{"allow":["GET"]}}],"collection":[{"href":"https:\/\/italcaffe.it\/en\/wp-json\/wp\/v2\/product"}],"about":[{"href":"https:\/\/italcaffe.it\/en\/wp-json\/wp\/v2\/types\/product"}],"wp:featuredmedia":[{"embeddable":true,"href":"https:\/\/italcaffe.it\/en\/wp-json\/wp\/v2\/media\/29869"}],"wp:attachment":[{"href":"https:\/\/italcaffe.it\/en\/wp-json\/wp\/v2\/media?parent=30081"}],"wp:term":[{"taxonomy":"product_brand","embeddable":true,"href":"https:\/\/italcaffe.it\/en\/wp-json\/wp\/v2\/product_brand?post=30081"},{"taxonomy":"product_cat","embeddable":true,"href":"https:\/\/italcaffe.it\/en\/wp-json\/wp\/v2\/product_cat?post=30081"},{"taxonomy":"product_tag","embeddable":true,"href":"https:\/\/italcaffe.it\/en\/wp-json\/wp\/v2\/product_tag?post=30081"}],"curies":[{"name":"wp","href":"https:\/\/api.w.org\/{rel}","templated":true}]}}