{"id":19392,"date":"2019-10-17T10:50:19","date_gmt":"2019-10-17T09:50:19","guid":{"rendered":"https:\/\/www.italcaffe.it\/les-produits\/"},"modified":"2022-02-18T13:12:43","modified_gmt":"2022-02-18T12:12:43","slug":"produits-accessoires","status":"publish","type":"page","link":"https:\/\/italcaffe.it\/fr\/produits-accessoires\/","title":{"rendered":"LES PRODUITS"},"content":{"rendered":"<div class=\"wpb-content-wrapper\"><p>[vc_section][vc_row el_class=&#8221;wrap-content-limit&#8221;][vc_column][vc_custom_heading divider=&#8221;yes&#8221; text=&#8221;CAF\u00c9 ITALIEN POUR VOTRE PAUSE CAF\u00c9&#8221; font_container=&#8221;tag:h1|font_size:24px|text_align:center|color:%23000000|line_height:24px&#8221; use_theme_fonts=&#8221;yes&#8221; el_class=&#8221;text-uppercase&#8221;][vc_column_text css=&#8221;.vc_custom_1571144583508{padding-top: 30px !important;padding-bottom: 30px !important;}&#8221;]<\/p>\n<p class=\"cardo-r text-left\" style=\"text-align: center;\">Caf\u00e9 en grains ou moulu? Capsules ou dosettes? Le caf\u00e9 est notre passion! Ici vous trouverez tous les produits et les accessoires dont vous avez besoin pour la maison ou pour votre bar.<\/p>\n<p>[\/vc_column_text][\/vc_column][\/vc_row][vc_row el_class=&#8221;wrap-content-limit&#8221;][vc_column width=&#8221;1\/3&#8243;][vc_raw_html]PGRpdiBjbGFzcz0icHJvZHVjdC1pbWFnZS1mbGlwIGN1cy1wcm9kdWN0LWltYWdlLWZsaXAiPjxhIGhyZWY9Ii9mci9wcm9kdWl0cy1hY2Nlc3NvaXJlcy9jYWZlLWdhbW1lLWJhci8iPg0KPGltZyBjbGFzcz0iYXR0YWNobWVudC1zaG9wX2NhdGFsb2cgc2l6ZS1zaG9wX2NhdGFsb2cgd3AtcG9zdC1pbWFnZSIgdGl0bGU9IkNhZsOpIEJhciIgc3JjPSIvd3AtY29udGVudC91cGxvYWRzLzIwMTkvMTAvMDMtZWxpdGUtNTcweDc2MC5qcGciIGFsdD0iQ2Fmw6kgQmFyIiB3aWR0aD0iNTcwIiBoZWlnaHQ9Ijc2MCIgLz48L2E+DQo8cCBjbGFzcz0iY3VzLXByb2QtdGl0bGUgdGV4dC11cHBlcmNhc2UgdGV4dC1ib2xkIHRleHQtY2VudGVyIj5MaWduZSBCYXI8L3A+DQo8cCBjbGFzcz0iY3VzLXByb2QtZGVzYyB0ZXh0LWNlbnRlciI+Tm9zIG1laWxsZXVycyBjYWbDqXMgZW4gZ3JhaW5zLCBwb3VyIGxlcyBwcm9mZXNzaW9ubmVscyBsZXMgcGx1cyBleGlnZWFudHMuPC9wPg0KDQo8ZGl2IGNsYXNzPSJib3gtem9uZS1jb250Ij4NCjxkaXYgY2xhc3M9InRleHRjb250IHRleHQtY2VudGVyIj48YnV0dG9uIGNsYXNzPSJ2Y19nZW5lcmFsIHZjX2J0bjMgdmNfYnRuMy1zaXplLW1kIHZjX2J0bjMtc2hhcGUtc3F1YXJlIHZjX2J0bjMtc3R5bGUtZmxhdCB2Y19idG4zLWNvbG9yLWRhbmdlciI+RW4gc2F2b2lyIHBsdXM8L2J1dHRvbj48L2Rpdj4NCjwvZGl2Pg0KJm5ic3A7DQoNCjwvZGl2Pg==[\/vc_raw_html][\/vc_column][vc_column width=&#8221;1\/3&#8243;][vc_raw_html]PGRpdiBjbGFzcz0icHJvZHVjdC1pbWFnZS1mbGlwIGN1cy1wcm9kdWN0LWltYWdlLWZsaXAiPjxhIGhyZWY9Ii9mci9wcm9kdWl0cy1hY2Nlc3NvaXJlcy9nYW1tZS1lc3ByZXNzby8iPg0KPGltZyBjbGFzcz0iYXR0YWNobWVudC1zaG9wX2NhdGFsb2cgc2l6ZS1zaG9wX2NhdGFsb2cgd3AtcG9zdC1pbWFnZSIgdGl0bGU9IkxpZ25lIEV4cHJlc3NvIiBzcmM9Ii93cC1jb250ZW50L3VwbG9hZHMvMjAxOS8xMC8xNS1wcmVzdGlnZS01NzB4NzYwLmpwZyIgYWx0PSJMaWduZSBFeHByZXNzbyIgd2lkdGg9IjU3MCIgaGVpZ2h0PSI3NjAiIC8+PC9hPg0KPHAgY2xhc3M9ImN1cy1wcm9kLXRpdGxlIHRleHQtdXBwZXJjYXNlIHRleHQtYm9sZCB0ZXh0LWNlbnRlciI+TGlnbmUgRXhwcmVzc288L3A+DQo8cCBjbGFzcz0iY3VzLXByb2QtZGVzYyB0ZXh0LWNlbnRlciI+Q2Fmw6lzIGVuIGdyYWlucyBxdWkgc2F0aXNmb250IGxlcyBleGlnZW5jZXMgZGUgdG91cyBsZXMgcHJvZmVzc2lvbm5lbHMgZGUgbGEgcmVzdGF1cmF0aW9uLjwvcD4NCg0KPGRpdiBjbGFzcz0iYm94LXpvbmUtY29udCI+DQo8ZGl2IGNsYXNzPSJ0ZXh0Y29udCB0ZXh0LWNlbnRlciI+PGJ1dHRvbiBjbGFzcz0idmNfZ2VuZXJhbCB2Y19idG4zIHZjX2J0bjMtc2l6ZS1tZCB2Y19idG4zLXNoYXBlLXNxdWFyZSB2Y19idG4zLXN0eWxlLWZsYXQgdmNfYnRuMy1jb2xvci1kYW5nZXIiPkVuIHNhdm9pciBwbHVzPC9idXR0b24+PC9kaXY+DQo8L2Rpdj4NCiZuYnNwOw0KDQo8L2Rpdj4=[\/vc_raw_html][\/vc_column][vc_column width=&#8221;1\/3&#8243;][vc_raw_html]PGRpdiBjbGFzcz0icHJvZHVjdC1pbWFnZS1mbGlwIGN1cy1wcm9kdWN0LWltYWdlLWZsaXAiPjxhIGhyZWY9Ii9mci9wcm9kdWl0cy1hY2Nlc3NvaXJlcy9jYWZlLW1vdWx1LWxpZ25lLWNvbW1lcmNlLWRlLWRldGFpbC8iPg0KPGltZyBjbGFzcz0iYXR0YWNobWVudC1zaG9wX2NhdGFsb2cgc2l6ZS1zaG9wX2NhdGFsb2cgd3AtcG9zdC1pbWFnZSIgdGl0bGU9IkxpZ25lIENvbW1lcmNlIGRlIETDqXRhaWwiIHNyYz0iL3dwLWNvbnRlbnQvdXBsb2Fkcy8yMDIxLzAyL2l0YWxjYWZmZV9tYWNpbmF0b18xMDBfYXJhYmljYS5wbmciIGFsdD0iTGlnbmUgQ29tbWVyY2UgZGUgRMOpdGFpbCIgd2lkdGg9IjU3MCIgaGVpZ2h0PSI3NjAiIC8+PC9hPg0KPHAgY2xhc3M9ImN1cy1wcm9kLXRpdGxlIHRleHQtdXBwZXJjYXNlIHRleHQtYm9sZCB0ZXh0LWNlbnRlciI+TGlnbmUgQ29tbWVyY2UgZGUgRMOpdGFpbDwvcD4NCjxwIGNsYXNzPSJjdXMtcHJvZC1kZXNjIHRleHQtY2VudGVyIj5DYWbDqXMgbW91bHVzIGV0IGVuIGdyYWlucyBxdWkgc2F0aXNmb250IGxlcyBleGlnZW5jZXMgZGUgdm90cmUgY29uc29tbWF0aW9uIGRvbWVzdGlxdWUuPC9wPg0KDQo8ZGl2IGNsYXNzPSJib3gtem9uZS1jb250Ij4NCjxkaXYgY2xhc3M9InRleHRjb250IHRleHQtY2VudGVyIj48YnV0dG9uIGNsYXNzPSJ2Y19nZW5lcmFsIHZjX2J0bjMgdmNfYnRuMy1zaXplLW1kIHZjX2J0bjMtc2hhcGUtc3F1YXJlIHZjX2J0bjMtc3R5bGUtZmxhdCB2Y19idG4zLWNvbG9yLWRhbmdlciI+RW4gc2F2b2lyIHBsdXM8L2J1dHRvbj48L2Rpdj4NCjwvZGl2Pg0KJm5ic3A7DQoNCjwvZGl2Pg==[\/vc_raw_html][\/vc_column][\/vc_row][vc_row el_class=&#8221;wrap-content-limit&#8221;][vc_column width=&#8221;1\/3&#8243;][vc_raw_html]JTNDZGl2JTIwY2xhc3MlM0QlMjJwcm9kdWN0LWltYWdlLWZsaXAlMjBjdXMtcHJvZHVjdC1pbWFnZS1mbGlwJTIyJTNFJTNDYSUyMGhyZWYlM0QlMjJodHRwcyUzQSUyRiUyRnd3dy5pdGFsY2FmZmUuaXQlMkZmciUyRnByb2R1aXRzLWFjY2Vzc29pcmVzJTJGbGlnbmUtb3JpZ2luZS11bmlxdWUlMkYlMjIlM0UlMEElM0NpbWclMjBjbGFzcyUzRCUyMmF0dGFjaG1lbnQtc2hvcF9jYXRhbG9nJTIwc2l6ZS1zaG9wX2NhdGFsb2clMjB3cC1wb3N0LWltYWdlJTIyJTIwdGl0bGUlM0QlMjJDYWYlQzMlQTklMjBCYXIlMjIlMjBzcmMlM0QlMjIlMkZ3cC1jb250ZW50JTJGdXBsb2FkcyUyRjIwMjElMkYxMiUyRkJyYXNpbGUyNTBnLTU3MHg3NjAuanBnJTIyJTIwYWx0JTNEJTIyQ2FmJUMzJUE5JTIwQmFyJTIyJTIwd2lkdGglM0QlMjI1NzAlMjIlMjBoZWlnaHQlM0QlMjI3NjAlMjIlMjAlMkYlM0UlM0MlMkZhJTNFJTBBJTNDcCUyMGNsYXNzJTNEJTIyY3VzLXByb2QtdGl0bGUlMjB0ZXh0LXVwcGVyY2FzZSUyMHRleHQtYm9sZCUyMHRleHQtY2VudGVyJTIyJTNFTGlnbmUlMjBPcmlnaW5lJTIwVW5pcXVlJTNDJTJGcCUzRSUwQSUzQ3AlMjBjbGFzcyUzRCUyMmN1cy1wcm9kLWRlc2MlMjB0ZXh0LWNlbnRlciUyMiUzRUNhZiVDMyVBOXMlMjAxMDAlMjUlMjBhcmFiaWNhJTIwZGUlMjBoYXV0ZSUyMHF1YWxpdCVDMyVBOSUyQyUyMHBvdXIlMjBsZXMlMjBhbW91cmV1eCUyMGRlJTIwbCVFMiU4MCU5OWV4cHJlc3NvLiUzQyUyRnAlM0UlMEElMEElM0NkaXYlMjBjbGFzcyUzRCUyMmJveC16b25lLWNvbnQlMjIlM0UlMEElM0NkaXYlMjBjbGFzcyUzRCUyMnRleHRjb250JTIwdGV4dC1jZW50ZXIlMjIlM0UlM0NidXR0b24lMjBjbGFzcyUzRCUyMnZjX2dlbmVyYWwlMjB2Y19idG4zJTIwdmNfYnRuMy1zaXplLW1kJTIwdmNfYnRuMy1zaGFwZS1zcXVhcmUlMjB2Y19idG4zLXN0eWxlLWZsYXQlMjB2Y19idG4zLWNvbG9yLWRhbmdlciUyMiUzRUVuJTIwc2F2b2lyJTIwcGx1cyUzQyUyRmJ1dHRvbiUzRSUzQyUyRmRpdiUzRSUwQSUzQyUyRmRpdiUzRSUwQSUyNm5ic3AlM0IlMEElMEElM0MlMkZkaXYlM0U=[\/vc_raw_html][\/vc_column][vc_column width=&#8221;1\/3&#8243;][vc_raw_html]JTNDZGl2JTIwY2xhc3MlM0QlMjJwcm9kdWN0LWltYWdlLWZsaXAlMjBjdXMtcHJvZHVjdC1pbWFnZS1mbGlwJTIyJTNFJTNDYSUyMGhyZWYlM0QlMjJodHRwcyUzQSUyRiUyRnd3dy5pdGFsY2FmZmUuaXQlMkZmciUyRnByb2R1aXRzLWFjY2Vzc29pcmVzJTJGbGlnbmUtY2Fwc3VsZXMtZXQtZG9zZXR0ZXMlMkYlMjIlM0UlMEElM0NpbWclMjBjbGFzcyUzRCUyMmF0dGFjaG1lbnQtc2hvcF9jYXRhbG9nJTIwc2l6ZS1zaG9wX2NhdGFsb2clMjB3cC1wb3N0LWltYWdlJTIyJTIwdGl0bGUlM0QlMjJDYWYlQzMlQTklMjBCYXIlMjIlMjBzcmMlM0QlMjIlMkZ3cC1jb250ZW50JTJGdXBsb2FkcyUyRjIwMjElMkYxMiUyRkNhcHN1bGUtR29sZC1BbHVtaW5pdW0tMS01NzB4NzYwLmpwZyUyMiUyMGFsdCUzRCUyMkNhZiVDMyVBOSUyMEJhciUyMiUyMHdpZHRoJTNEJTIyNTcwJTIyJTIwaGVpZ2h0JTNEJTIyNzYwJTIyJTIwJTJGJTNFJTNDJTJGYSUzRSUwQSUzQ3AlMjBjbGFzcyUzRCUyMmN1cy1wcm9kLXRpdGxlJTIwdGV4dC11cHBlcmNhc2UlMjB0ZXh0LWJvbGQlMjB0ZXh0LWNlbnRlciUyMiUzRUxpZ25lJTIwQ2Fwc3VsZXMlMjBldCUyMERvc2V0dGVzJTNDJTJGcCUzRSUwQSUzQ3AlMjBjbGFzcyUzRCUyMmN1cy1wcm9kLWRlc2MlMjB0ZXh0LWNlbnRlciUyMiUzRUNhZiVDMyVBOSUyMG1vdWx1JTIwZW4lMjBjYXBzdWxlcyUyMGV0JTIwZW4lMjBkb3NldHRlcyUyMHBvdXIlMjB2b3RyZSUyMGNvbnNvbW1hdGlvbiUyMGRvbWVzdGlxdWUlMjBvdSUyMHN1ciUyMHZvdHJlJTIwbGlldSUyMGRlJTIwdHJhdmFpbC4lM0MlMkZwJTNFJTBBJTBBJTNDZGl2JTIwY2xhc3MlM0QlMjJib3gtem9uZS1jb250JTIyJTNFJTBBJTNDZGl2JTIwY2xhc3MlM0QlMjJ0ZXh0Y29udCUyMHRleHQtY2VudGVyJTIyJTNFJTNDYnV0dG9uJTIwY2xhc3MlM0QlMjJ2Y19nZW5lcmFsJTIwdmNfYnRuMyUyMHZjX2J0bjMtc2l6ZS1tZCUyMHZjX2J0bjMtc2hhcGUtc3F1YXJlJTIwdmNfYnRuMy1zdHlsZS1mbGF0JTIwdmNfYnRuMy1jb2xvci1kYW5nZXIlMjIlM0VFbiUyMHNhdm9pciUyMHBsdXMlM0MlMkZidXR0b24lM0UlM0MlMkZkaXYlM0UlMEElM0MlMkZkaXYlM0UlMEElMjZuYnNwJTNCJTBBJTBBJTNDJTJGZGl2JTNF[\/vc_raw_html][\/vc_column][vc_column width=&#8221;1\/3&#8243;][vc_raw_html]PGRpdiBjbGFzcz0icHJvZHVjdC1pbWFnZS1mbGlwIGN1cy1wcm9kdWN0LWltYWdlLWZsaXAiPjxhIGhyZWY9Ii9mci9wcm9kdWl0cy1hY2Nlc3NvaXJlcy9saWduZS1hY2Nlc3NvaXJlcy1ldC1zcGVjaWFsaXRlcy8iPg0KPGltZyBjbGFzcz0iYXR0YWNobWVudC1zaG9wX2NhdGFsb2cgc2l6ZS1zaG9wX2NhdGFsb2cgd3AtcG9zdC1pbWFnZSIgdGl0bGU9IkNhZsOpIEJhciIgc3JjPSIvd3AtY29udGVudC91cGxvYWRzLzIwMTkvMTAvMjAtdGF6emluZS01NzB4NzYwLmpwZyIgYWx0PSJDYWbDqSBCYXIiIHdpZHRoPSI1NzAiIGhlaWdodD0iNzYwIiAvPjwvYT4NCjxwIGNsYXNzPSJjdXMtcHJvZC10aXRsZSB0ZXh0LXVwcGVyY2FzZSB0ZXh0LWJvbGQgdGV4dC1jZW50ZXIiPkxpZ25lIEFjY2Vzc29pcmVzIGV0IFNwZWNpYWxpdGVzPC9wPg0KPHAgY2xhc3M9ImN1cy1wcm9kLWRlc2MgdGV4dC1jZW50ZXIiPk5vdXMgdm91cyBwcm9wb3NvbnMgZGVzIGRvc2VzIGRlIGTDqWNhZsOpaW7DqSBldCBk4oCZb3JnZSwgc3VjcmUgZXQgdG91cyBsZXMgYWNjZXNzb2lyZXMgcG91ciBsZSBjYWbDqS48L3A+DQoNCjxkaXYgY2xhc3M9ImJveC16b25lLWNvbnQiPg0KPGRpdiBjbGFzcz0idGV4dGNvbnQgdGV4dC1jZW50ZXIiPjxidXR0b24gY2xhc3M9InZjX2dlbmVyYWwgdmNfYnRuMyB2Y19idG4zLXNpemUtbWQgdmNfYnRuMy1zaGFwZS1zcXVhcmUgdmNfYnRuMy1zdHlsZS1mbGF0IHZjX2J0bjMtY29sb3ItZGFuZ2VyIj5FbiBzYXZvaXIgcGx1czwvYnV0dG9uPjwvZGl2Pg0KPC9kaXY+DQombmJzcDsNCg0KPC9kaXY+[\/vc_raw_html][\/vc_column][\/vc_row][\/vc_section][vc_section el_class=&#8221;wrap-home-pillars&#8221; css=&#8221;.vc_custom_1562852209382{border-bottom-width: 5px !important;border-bottom-color: #ffffff !important;border-bottom-style: solid !important;}&#8221;][vc_row css=&#8221;.vc_custom_1570543855286{padding-top: 50px !important;padding-bottom: 25px !important;background-color: #e40520 !important;}&#8221;][vc_column width=&#8221;1\/3&#8243; css=&#8221;.vc_custom_1570543827678{margin-bottom: 0px !important;padding-bottom: 0px !important;background-color: #e40520 !important;}&#8221;][vc_raw_html css=&#8221;.vc_custom_1626254811132{margin-top: 0px !important;margin-bottom: 0px !important;padding-top: 0px !important;padding-bottom: 0px !important;}&#8221;]JTNDZGl2JTIwY2xhc3MlM0QlMjJqYXMtc2VydmljZSUyMHRjJTIwd3JhcC1ob21lLXBpbGxhcnMtc2luZ2xlJTIwYm9yZGVyLXJpZ2h0LXdoaXRlJTIyJTNFJTBBJTNDYSUyMGhyZWYlM0QlMjJodHRwcyUzQSUyRiUyRnd3dy5pdGFsY2FmZmUuaXQlMkZmciUyRnNob3AlMkZteS1hY2NvdW50JTJGJTIyJTNFJTBBJTNDZGl2JTIwY2xhc3MlM0QlMjJpY29uJTIwbWVkaXVtJTIwY3AlMjIlMjBzdHlsZSUzRCUyMmNvbG9yJTNBJTIwJTIzZmZmZmZmJTNCJTIyJTNFJTBBJTNDaSUyMGNsYXNzJTNEJTIycGUtN3MtY2FyJTIwaWNvLWN1cy1zY29udG8lMjIlM0UlM0MlMkZpJTNFJTBBJTNDJTJGZGl2JTNFJTBBJTNDZGl2JTIwY2xhc3MlM0QlMjJjb250ZW50JTIyJTNFJTNDaDMlMjBjbGFzcyUzRCUyMnRpdGxlJTIwY3AlMjB0dSUyMGZzX18xNCUyMG1nX18wJTIwbWJfXzUlMjB0ZXh0LXVwcGVyY2FzZSUyMiUyMHN0eWxlJTNEJTIyY29sb3IlM0ElMjAlMjNmZmZmZmYlM0IlMjIlM0VSRU1JU0UlMjBTUCVDMyU4OUNJQUxFJTIwLTEwJTI1JTNDJTJGaDMlM0UlM0NwJTIwY2xhc3MlM0QlMjJtZ19fMCUyMiUyMHN0eWxlJTNEJTIyY29sb3IlM0ElMjAlMjNmZmZmZmYlM0IlMjIlM0Vwb3VyJTIwbGVzJTIwY2xpZW50cyUyMGluc2NyaXRzJTNDJTJGcCUzRSUzQyUyRmRpdiUzRSUwQSUwQSUwQSUzQyUyRmElM0UlMEElM0MlMkZkaXYlM0U=[\/vc_raw_html][\/vc_column][vc_column width=&#8221;1\/3&#8243; css=&#8221;.vc_custom_1570543833799{background-color: #e40520 !important;}&#8221;][vc_raw_html css=&#8221;.vc_custom_1626254822681{margin-top: 0px !important;margin-bottom: 0px !important;padding-top: 0px !important;padding-bottom: 0px !important;}&#8221;]JTNDZGl2JTIwY2xhc3MlM0QlMjJqYXMtc2VydmljZSUyMHRjJTIwd3JhcC1ob21lLXBpbGxhcnMtc2luZ2xlJTIwYm9yZGVyLXJpZ2h0LXdoaXRlJTIyJTNFJTBBJTNDYSUyMGhyZWYlM0QlMjJodHRwcyUzQSUyRiUyRnd3dy5pdGFsY2FmZmUuaXQlMkZmciUyRnNob3AlMkZjYWZlLW1vdWx1JTJGbW91dHVyZS1jYWZldGllcmUtaXRhbGllbm5lJTJGMTAwLWFyYWJpY2ElMkYlMjIlM0UlMEElMEElM0NkaXYlMjBjbGFzcyUzRCUyMmljb24lMjBtZWRpdW0lMjBjcCUyMiUyMHN0eWxlJTNEJTIyY29sb3IlM0ElMjAlMjNmZmZmZmYlM0IlMjIlM0UlM0NpJTIwY2xhc3MlM0QlMjJwZS03cy10aW1lciUyMiUzRSUzQyUyRmklM0UlM0MlMkZkaXYlM0UlM0NkaXYlMjBjbGFzcyUzRCUyMmNvbnRlbnQlMjIlM0UlM0NoMyUyMGNsYXNzJTNEJTIydGl0bGUlMjBjcCUyMHR1JTIwZnNfXzE0JTIwbWdfXzAlMjBtYl9fNSUyMiUyMHN0eWxlJTNEJTIyY29sb3IlM0ElMjAlMjNmZmZmZmYlM0IlMjIlM0VDT01NQU5ERU5aJTIwRU4lMjBMSUdORSUzQyUyRmgzJTNFJTNDcCUyMGNsYXNzJTNEJTIybWdfXzAlMjIlMjBzdHlsZSUzRCUyMmNvbG9yJTNBJTIwJTIzZmZmZmZmJTNCJTIyJTNFMjQlMjBoJTIwc3VyJTIwMjQlMjBoJTNDJTJGcCUzRSUzQyUyRmRpdiUzRSUwQSUzQyUyRmElM0UlMEElM0MlMkZkaXYlM0U=[\/vc_raw_html][\/vc_column][vc_column width=&#8221;1\/3&#8243; css=&#8221;.vc_custom_1563818085979{margin-top: 0px !important;margin-bottom: 0px !important;padding-top: 0px !important;padding-bottom: 0px !important;}&#8221;][vc_raw_html css=&#8221;.vc_custom_1626254834352{margin-top: 0px !important;margin-bottom: 0px !important;padding-top: 0px !important;padding-bottom: 0px !important;}&#8221;]JTNDZGl2JTIwY2xhc3MlM0QlMjJqYXMtc2VydmljZSUyMHRjJTIwd3JhcC1ob21lLXBpbGxhcnMtc2luZ2xlJTIyJTNFJTBBJTNDYSUyRiUyMiUzRSUwQSUwQSUzQ2RpdiUyMGNsYXNzJTNEJTIyaWNvbiUyMG1lZGl1bSUyMGNwJTIyJTIwc3R5bGUlM0QlMjJjb2xvciUzQSUyMCUyM2ZmZmZmZiUzQiUyMiUzRSUzQ2klMjBjbGFzcyUzRCUyMnBlLTdzLWRpYW1vbmQlMjIlM0UlM0MlMkZpJTNFJTNDJTJGZGl2JTNFJTNDZGl2JTIwY2xhc3MlM0QlMjJjb250ZW50JTIyJTNFJTNDaDMlMjBjbGFzcyUzRCUyMnRpdGxlJTIwY3AlMjB0dSUyMGZzX18xNCUyMG1nX18wJTIwbWJfXzUlMjIlMjBzdHlsZSUzRCUyMmNvbG9yJTNBJTIwJTIzZmZmZmZmJTNCJTIyJTNFQ0hPSVNJU1NFWiUyMExBJTIwUVVBTElUJUMzJTg5JTNDJTJGaDMlM0UlM0NwJTIwY2xhc3MlM0QlMjJtZ19fMCUyMiUyMHN0eWxlJTNEJTIyY29sb3IlM0ElMjAlMjNmZmZmZmYlM0IlMjIlM0VMZXMlMjBtZWlsbGV1cnMlMjBjYWYlQzMlQTlzJTIwZHUlMjBtb25kZSUyMHByJUMzJUE5c2VudHMlMjBzdXIlMjBub3MlMjB0ZXJyZXMlM0MlMkZwJTNFJTNDJTJGZGl2JTNFJTBBJTBBJTNDJTJGYSUzRSUwQSUzQyUyRmRpdiUzRQ==[\/vc_raw_html][\/vc_column][\/vc_row][\/vc_section][vc_row][vc_column][vc_empty_space height=&#8221;100px&#8221;][\/vc_column][\/vc_row]<\/p>\n<\/div>","protected":false},"excerpt":{"rendered":"<p>[vc_section][vc_row el_class=&#8221;wrap-content-limit&#8221;][vc_column][vc_custom_heading divider=&#8221;yes&#8221; text=&#8221;CAF\u00c9 ITALIEN POUR VOTRE PAUSE CAF\u00c9&#8221; font_container=&#8221;tag:h1|font_size:24px|text_align:center|color:%23000000|line_height:24px&#8221; use_theme_fonts=&#8221;yes&#8221; el_class=&#8221;text-uppercase&#8221;][vc_column_text css=&#8221;.vc_custom_1571144583508{padding-top: 30px !important;padding-bottom: 30px !important;}&#8221;] Caf\u00e9 en grains ou moulu? Capsules ou dosettes? Le caf\u00e9 est notre passion! Ici vous trouverez tous les produits et les accessoires dont vous avez besoin pour la maison ou pour votre bar. [\/vc_column_text][\/vc_column][\/vc_row][vc_row el_class=&#8221;wrap-content-limit&#8221;][vc_column width=&#8221;1\/3&#8243;][vc_raw_html]PGRpdiBjbGFzcz0icHJvZHVjdC1pbWFnZS1mbGlwIGN1cy1wcm9kdWN0LWltYWdlLWZsaXAiPjxhIGhyZWY9Ii9mci9wcm9kdWl0cy1hY2Nlc3NvaXJlcy9jYWZlLWdhbW1lLWJhci8iPg0KPGltZyBjbGFzcz0iYXR0YWNobWVudC1zaG9wX2NhdGFsb2cgc2l6ZS1zaG9wX2NhdGFsb2cgd3AtcG9zdC1pbWFnZSIgdGl0bGU9IkNhZsOpIEJhciIgc3JjPSIvd3AtY29udGVudC91cGxvYWRzLzIwMTkvMTAvMDMtZWxpdGUtNTcweDc2MC5qcGciIGFsdD0iQ2Fmw6kgQmFyIiB3aWR0aD0iNTcwIiBoZWlnaHQ9Ijc2MCIgLz48L2E+DQo8cCBjbGFzcz0iY3VzLXByb2QtdGl0bGUgdGV4dC11cHBlcmNhc2UgdGV4dC1ib2xkIHRleHQtY2VudGVyIj5MaWduZSBCYXI8L3A+DQo8cCBjbGFzcz0iY3VzLXByb2QtZGVzYyB0ZXh0LWNlbnRlciI+Tm9zIG1laWxsZXVycyBjYWbDqXMgZW4gZ3JhaW5zLCBwb3VyIGxlcyBwcm9mZXNzaW9ubmVscyBsZXMgcGx1cyBleGlnZWFudHMuPC9wPg0KDQo8ZGl2IGNsYXNzPSJib3gtem9uZS1jb250Ij4NCjxkaXYgY2xhc3M9InRleHRjb250IHRleHQtY2VudGVyIj48YnV0dG9uIGNsYXNzPSJ2Y19nZW5lcmFsIHZjX2J0bjMgdmNfYnRuMy1zaXplLW1kIHZjX2J0bjMtc2hhcGUtc3F1YXJlIHZjX2J0bjMtc3R5bGUtZmxhdCB2Y19idG4zLWNvbG9yLWRhbmdlciI+RW4gc2F2b2lyIHBsdXM8L2J1dHRvbj48L2Rpdj4NCjwvZGl2Pg0KJm5ic3A7DQoNCjwvZGl2Pg==[\/vc_raw_html][\/vc_column][vc_column width=&#8221;1\/3&#8243;][vc_raw_html]PGRpdiBjbGFzcz0icHJvZHVjdC1pbWFnZS1mbGlwIGN1cy1wcm9kdWN0LWltYWdlLWZsaXAiPjxhIGhyZWY9Ii9mci9wcm9kdWl0cy1hY2Nlc3NvaXJlcy9nYW1tZS1lc3ByZXNzby8iPg0KPGltZyBjbGFzcz0iYXR0YWNobWVudC1zaG9wX2NhdGFsb2cgc2l6ZS1zaG9wX2NhdGFsb2cgd3AtcG9zdC1pbWFnZSIgdGl0bGU9IkxpZ25lIEV4cHJlc3NvIiBzcmM9Ii93cC1jb250ZW50L3VwbG9hZHMvMjAxOS8xMC8xNS1wcmVzdGlnZS01NzB4NzYwLmpwZyIgYWx0PSJMaWduZSBFeHByZXNzbyIgd2lkdGg9IjU3MCIgaGVpZ2h0PSI3NjAiIC8+PC9hPg0KPHAgY2xhc3M9ImN1cy1wcm9kLXRpdGxlIHRleHQtdXBwZXJjYXNlIHRleHQtYm9sZCB0ZXh0LWNlbnRlciI+TGlnbmUgRXhwcmVzc288L3A+DQo8cCBjbGFzcz0iY3VzLXByb2QtZGVzYyB0ZXh0LWNlbnRlciI+Q2Fmw6lzIGVuIGdyYWlucyBxdWkgc2F0aXNmb250IGxlcyBleGlnZW5jZXMgZGUgdG91cyBsZXMgcHJvZmVzc2lvbm5lbHMgZGUgbGEgcmVzdGF1cmF0aW9uLjwvcD4NCg0KPGRpdiBjbGFzcz0iYm94LXpvbmUtY29udCI+DQo8ZGl2IGNsYXNzPSJ0ZXh0Y29udCB0ZXh0LWNlbnRlciI+PGJ1dHRvbiBjbGFzcz0idmNfZ2VuZXJhbCB2Y19idG4zIHZjX2J0bjMtc2l6ZS1tZCB2Y19idG4zLXNoYXBlLXNxdWFyZSB2Y19idG4zLXN0eWxlLWZsYXQgdmNfYnRuMy1jb2xvci1kYW5nZXIiPkVuIHNhdm9pciBwbHVzPC9idXR0b24+PC9kaXY+DQo8L2Rpdj4NCiZuYnNwOw0KDQo8L2Rpdj4=[\/vc_raw_html][\/vc_column][vc_column width=&#8221;1\/3&#8243;][vc_raw_html]PGRpdiBjbGFzcz0icHJvZHVjdC1pbWFnZS1mbGlwIGN1cy1wcm9kdWN0LWltYWdlLWZsaXAiPjxhIGhyZWY9Ii9mci9wcm9kdWl0cy1hY2Nlc3NvaXJlcy9jYWZlLW1vdWx1LWxpZ25lLWNvbW1lcmNlLWRlLWRldGFpbC8iPg0KPGltZyBjbGFzcz0iYXR0YWNobWVudC1zaG9wX2NhdGFsb2cgc2l6ZS1zaG9wX2NhdGFsb2cgd3AtcG9zdC1pbWFnZSIgdGl0bGU9IkxpZ25lIENvbW1lcmNlIGRlIETDqXRhaWwiIHNyYz0iL3dwLWNvbnRlbnQvdXBsb2Fkcy8yMDIxLzAyL2l0YWxjYWZmZV9tYWNpbmF0b18xMDBfYXJhYmljYS5wbmciIGFsdD0iTGlnbmUgQ29tbWVyY2UgZGUgRMOpdGFpbCIgd2lkdGg9IjU3MCIgaGVpZ2h0PSI3NjAiIC8+PC9hPg0KPHAgY2xhc3M9ImN1cy1wcm9kLXRpdGxlIHRleHQtdXBwZXJjYXNlIHRleHQtYm9sZCB0ZXh0LWNlbnRlciI+TGlnbmUgQ29tbWVyY2UgZGUgRMOpdGFpbDwvcD4NCjxwIGNsYXNzPSJjdXMtcHJvZC1kZXNjIHRleHQtY2VudGVyIj5DYWbDqXMgbW91bHVzIGV0IGVuIGdyYWlucyBxdWkgc2F0aXNmb250IGxlcyBleGlnZW5jZXMgZGUgdm90cmUgY29uc29tbWF0aW9uIGRvbWVzdGlxdWUuPC9wPg0KDQo8ZGl2IGNsYXNzPSJib3gtem9uZS1jb250Ij4NCjxkaXYgY2xhc3M9InRleHRjb250IHRleHQtY2VudGVyIj48YnV0dG9uIGNsYXNzPSJ2Y19nZW5lcmFsIHZjX2J0bjMgdmNfYnRuMy1zaXplLW1kIHZjX2J0bjMtc2hhcGUtc3F1YXJlIHZjX2J0bjMtc3R5bGUtZmxhdCB2Y19idG4zLWNvbG9yLWRhbmdlciI+RW4gc2F2b2lyIHBsdXM8L2J1dHRvbj48L2Rpdj4NCjwvZGl2Pg0KJm5ic3A7DQoNCjwvZGl2Pg==[\/vc_raw_html][\/vc_column][\/vc_row][vc_row [&hellip;]<\/p>\n","protected":false},"author":3,"featured_media":0,"parent":0,"menu_order":0,"comment_status":"closed","ping_status":"closed","template":"","meta":{"_acf_changed":false,"footnotes":""},"class_list":["post-19392","page","type-page","status-publish","hentry"],"acf":[],"yoast_head":"<!-- This site is optimized with the Yoast SEO plugin v27.0 - https:\/\/yoast.com\/product\/yoast-seo-wordpress\/ -->\n<title>Produits et accessoires pour votre pause caf\u00e9 I Italcaff\u00e8<\/title>\n<meta name=\"description\" content=\"D\u00e9couvrez tous les produits Italcaff\u00e8. Une vaste gamme d&#039;accessoires et de types de caf\u00e9. Pour la maison et pour les professionnels du secteur.\" \/>\n<meta name=\"robots\" content=\"index, follow, max-snippet:-1, max-image-preview:large, max-video-preview:-1\" \/>\n<link rel=\"canonical\" href=\"https:\/\/italcaffe.it\/fr\/produits-accessoires\/\" \/>\n<meta property=\"og:locale\" content=\"fr_FR\" \/>\n<meta property=\"og:type\" content=\"article\" \/>\n<meta property=\"og:title\" content=\"Produits et accessoires pour votre pause caf\u00e9 I Italcaff\u00e8\" \/>\n<meta property=\"og:description\" content=\"D\u00e9couvrez tous les produits Italcaff\u00e8. Une vaste gamme d&#039;accessoires et de types de caf\u00e9. Pour la maison et pour les professionnels du secteur.\" \/>\n<meta property=\"og:url\" content=\"https:\/\/italcaffe.it\/fr\/produits-accessoires\/\" \/>\n<meta property=\"og:site_name\" content=\"Italcaff\u00e8\" \/>\n<meta property=\"article:modified_time\" content=\"2022-02-18T12:12:43+00:00\" \/>\n<meta name=\"twitter:card\" content=\"summary_large_image\" \/>\n<meta name=\"twitter:label1\" content=\"Dur\u00e9e de lecture estim\u00e9e\" \/>\n\t<meta name=\"twitter:data1\" content=\"7 minutes\" \/>\n<script type=\"application\/ld+json\" class=\"yoast-schema-graph\">{\"@context\":\"https:\/\/schema.org\",\"@graph\":[{\"@type\":\"WebPage\",\"@id\":\"https:\/\/italcaffe.it\/fr\/produits-accessoires\/\",\"url\":\"https:\/\/italcaffe.it\/fr\/produits-accessoires\/\",\"name\":\"Produits et accessoires pour votre pause caf\u00e9 I Italcaff\u00e8\",\"isPartOf\":{\"@id\":\"https:\/\/italcaffe.it\/fr\/#website\"},\"datePublished\":\"2019-10-17T09:50:19+00:00\",\"dateModified\":\"2022-02-18T12:12:43+00:00\",\"description\":\"D\u00e9couvrez tous les produits Italcaff\u00e8. Une vaste gamme d'accessoires et de types de caf\u00e9. Pour la maison et pour les professionnels du secteur.\",\"breadcrumb\":{\"@id\":\"https:\/\/italcaffe.it\/fr\/produits-accessoires\/#breadcrumb\"},\"inLanguage\":\"fr-FR\",\"potentialAction\":[{\"@type\":\"ReadAction\",\"target\":[\"https:\/\/italcaffe.it\/fr\/produits-accessoires\/\"]}]},{\"@type\":\"BreadcrumbList\",\"@id\":\"https:\/\/italcaffe.it\/fr\/produits-accessoires\/#breadcrumb\",\"itemListElement\":[{\"@type\":\"ListItem\",\"position\":1,\"name\":\"Home\",\"item\":\"https:\/\/italcaffe.it\/fr\/\"},{\"@type\":\"ListItem\",\"position\":2,\"name\":\"LES PRODUITS\"}]},{\"@type\":\"WebSite\",\"@id\":\"https:\/\/italcaffe.it\/fr\/#website\",\"url\":\"https:\/\/italcaffe.it\/fr\/\",\"name\":\"Italcaff\u00e8\",\"description\":\"50 Anni insieme\",\"potentialAction\":[{\"@type\":\"SearchAction\",\"target\":{\"@type\":\"EntryPoint\",\"urlTemplate\":\"https:\/\/italcaffe.it\/fr\/?s={search_term_string}\"},\"query-input\":{\"@type\":\"PropertyValueSpecification\",\"valueRequired\":true,\"valueName\":\"search_term_string\"}}],\"inLanguage\":\"fr-FR\"}]}<\/script>\n<!-- \/ Yoast SEO plugin. -->","yoast_head_json":{"title":"Produits et accessoires pour votre pause caf\u00e9 I Italcaff\u00e8","description":"D\u00e9couvrez tous les produits Italcaff\u00e8. Une vaste gamme d'accessoires et de types de caf\u00e9. Pour la maison et pour les professionnels du secteur.","robots":{"index":"index","follow":"follow","max-snippet":"max-snippet:-1","max-image-preview":"max-image-preview:large","max-video-preview":"max-video-preview:-1"},"canonical":"https:\/\/italcaffe.it\/fr\/produits-accessoires\/","og_locale":"fr_FR","og_type":"article","og_title":"Produits et accessoires pour votre pause caf\u00e9 I Italcaff\u00e8","og_description":"D\u00e9couvrez tous les produits Italcaff\u00e8. Une vaste gamme d'accessoires et de types de caf\u00e9. Pour la maison et pour les professionnels du secteur.","og_url":"https:\/\/italcaffe.it\/fr\/produits-accessoires\/","og_site_name":"Italcaff\u00e8","article_modified_time":"2022-02-18T12:12:43+00:00","twitter_card":"summary_large_image","twitter_misc":{"Dur\u00e9e de lecture estim\u00e9e":"7 minutes"},"schema":{"@context":"https:\/\/schema.org","@graph":[{"@type":"WebPage","@id":"https:\/\/italcaffe.it\/fr\/produits-accessoires\/","url":"https:\/\/italcaffe.it\/fr\/produits-accessoires\/","name":"Produits et accessoires pour votre pause caf\u00e9 I Italcaff\u00e8","isPartOf":{"@id":"https:\/\/italcaffe.it\/fr\/#website"},"datePublished":"2019-10-17T09:50:19+00:00","dateModified":"2022-02-18T12:12:43+00:00","description":"D\u00e9couvrez tous les produits Italcaff\u00e8. Une vaste gamme d'accessoires et de types de caf\u00e9. Pour la maison et pour les professionnels du secteur.","breadcrumb":{"@id":"https:\/\/italcaffe.it\/fr\/produits-accessoires\/#breadcrumb"},"inLanguage":"fr-FR","potentialAction":[{"@type":"ReadAction","target":["https:\/\/italcaffe.it\/fr\/produits-accessoires\/"]}]},{"@type":"BreadcrumbList","@id":"https:\/\/italcaffe.it\/fr\/produits-accessoires\/#breadcrumb","itemListElement":[{"@type":"ListItem","position":1,"name":"Home","item":"https:\/\/italcaffe.it\/fr\/"},{"@type":"ListItem","position":2,"name":"LES PRODUITS"}]},{"@type":"WebSite","@id":"https:\/\/italcaffe.it\/fr\/#website","url":"https:\/\/italcaffe.it\/fr\/","name":"Italcaff\u00e8","description":"50 Anni insieme","potentialAction":[{"@type":"SearchAction","target":{"@type":"EntryPoint","urlTemplate":"https:\/\/italcaffe.it\/fr\/?s={search_term_string}"},"query-input":{"@type":"PropertyValueSpecification","valueRequired":true,"valueName":"search_term_string"}}],"inLanguage":"fr-FR"}]}},"_links":{"self":[{"href":"https:\/\/italcaffe.it\/fr\/wp-json\/wp\/v2\/pages\/19392","targetHints":{"allow":["GET"]}}],"collection":[{"href":"https:\/\/italcaffe.it\/fr\/wp-json\/wp\/v2\/pages"}],"about":[{"href":"https:\/\/italcaffe.it\/fr\/wp-json\/wp\/v2\/types\/page"}],"author":[{"embeddable":true,"href":"https:\/\/italcaffe.it\/fr\/wp-json\/wp\/v2\/users\/3"}],"replies":[{"embeddable":true,"href":"https:\/\/italcaffe.it\/fr\/wp-json\/wp\/v2\/comments?post=19392"}],"version-history":[{"count":0,"href":"https:\/\/italcaffe.it\/fr\/wp-json\/wp\/v2\/pages\/19392\/revisions"}],"wp:attachment":[{"href":"https:\/\/italcaffe.it\/fr\/wp-json\/wp\/v2\/media?parent=19392"}],"curies":[{"name":"wp","href":"https:\/\/api.w.org\/{rel}","templated":true}]}}