{"id":19462,"date":"2019-10-17T11:48:08","date_gmt":"2019-10-17T10:48:08","guid":{"rendered":"https:\/\/www.italcaffe.it\/distributeur-de-serviettes\/"},"modified":"2021-07-13T16:40:10","modified_gmt":"2021-07-13T15:40:10","slug":"distributeur-de-serviettes","status":"publish","type":"page","link":"https:\/\/italcaffe.it\/fr\/produits-accessoires\/ligne-accessoires-et-specialites\/distributeur-de-serviettes\/","title":{"rendered":"DISTRIBUTEUR DE SERVIETTES"},"content":{"rendered":"<div class=\"wpb-content-wrapper\"><p>[vc_section el_class=&#8221;wrap-content-limit&#8221;][vc_row el_class=&#8221;wrap-content-limit&#8221;][vc_column][vc_custom_heading divider=&#8221;yes&#8221; text=&#8221;Distributeur de Serviettes&#8221; font_container=&#8221;tag:h1|font_size:24px|text_align:center|color:%23000000|line_height:24px&#8221; use_theme_fonts=&#8221;yes&#8221; el_class=&#8221;text-uppercase&#8221;][\/vc_column][\/vc_row][vc_row][vc_column width=&#8221;1\/2&#8243;][vc_gallery type=&#8221;flexslider_slide&#8221; interval=&#8221;5&#8243; images=&#8221;8453,8457&#8243; img_size=&#8221;570&#215;760&#8243; onclick=&#8221;&#8221; el_class=&#8221;flexslider-prodotti&#8221;][\/vc_column][vc_column width=&#8221;1\/2&#8243;][vc_empty_space height=&#8221;50px&#8221;][vc_wp_text]Il ne s\u2019agit pas uniquement d\u2019un simple distributeur mais d\u2019un v\u00e9ritable hommage \u00e0 nos splendides terres.<\/p>\n<p>D\u00e9cor\u00e9 de simples coups de pinceau qui \u00e9voquent le territoire qui nous entoure.<\/p>\n<p>&nbsp;<\/p>\n<p>[\/vc_wp_text][\/vc_column][\/vc_row][\/vc_section][vc_section el_class=&#8221;wrap-home-pillars&#8221; css=&#8221;.vc_custom_1562852209382{border-bottom-width: 5px !important;border-bottom-color: #ffffff !important;border-bottom-style: solid !important;}&#8221;][vc_row][vc_column width=&#8221;1\/3&#8243; css=&#8221;.vc_custom_1626190697731{background-color: #e40520 !important;}&#8221;][vc_raw_html]JTNDZGl2JTIwY2xhc3MlM0QlMjJqYXMtc2VydmljZSUyMHRjJTIwd3JhcC1ob21lLXBpbGxhcnMtc2luZ2xlJTIwYm9yZGVyLXJpZ2h0LXdoaXRlJTIyJTNFJTBBJTNDYSUyMGhyZWYlM0QlMjJodHRwcyUzQSUyRiUyRnd3dy5pdGFsY2FmZmUuaXQlMkZmciUyRnNob3AlMkZteS1hY2NvdW50JTJGJTIyJTNFJTBBJTNDZGl2JTIwY2xhc3MlM0QlMjJpY29uJTIwbWVkaXVtJTIwY3AlMjIlMjBzdHlsZSUzRCUyMmNvbG9yJTNBJTIwJTIzZmZmZmZmJTNCJTIyJTNFJTBBJTNDaSUyMGNsYXNzJTNEJTIycGUtN3MtY2FyJTIwaWNvLWN1cy1zY29udG8lMjIlM0UlM0MlMkZpJTNFJTBBJTNDJTJGZGl2JTNFJTBBJTNDZGl2JTIwY2xhc3MlM0QlMjJjb250ZW50JTIyJTNFJTNDaDMlMjBjbGFzcyUzRCUyMnRpdGxlJTIwY3AlMjB0dSUyMGZzX18xNCUyMG1nX18wJTIwbWJfXzUlMjB0ZXh0LXVwcGVyY2FzZSUyMiUyMHN0eWxlJTNEJTIyY29sb3IlM0ElMjAlMjNmZmZmZmYlM0IlMjIlM0VSRU1JU0UlMjBTUCVDMyU4OUNJQUxFJTIwLTEwJTI1JTNDJTJGaDMlM0UlM0NwJTIwY2xhc3MlM0QlMjJtZ19fMCUyMiUyMHN0eWxlJTNEJTIyY29sb3IlM0ElMjAlMjNmZmZmZmYlM0IlMjIlM0Vwb3VyJTIwbGVzJTIwY2xpZW50cyUyMGluc2NyaXRzJTNDJTJGcCUzRSUzQyUyRmRpdiUzRSUwQSUwQSUwQSUzQyUyRmElM0UlMEElM0MlMkZkaXYlM0U=[\/vc_raw_html][\/vc_column][vc_column width=&#8221;1\/3&#8243; css=&#8221;.vc_custom_1626190707077{background-color: #e40520 !important;}&#8221;][vc_raw_html]JTNDZGl2JTIwY2xhc3MlM0QlMjJqYXMtc2VydmljZSUyMHRjJTIwd3JhcC1ob21lLXBpbGxhcnMtc2luZ2xlJTIwYm9yZGVyLXJpZ2h0LXdoaXRlJTIyJTNFJTBBJTNDYSUyMGhyZWYlM0QlMjJodHRwcyUzQSUyRiUyRnd3dy5pdGFsY2FmZmUuaXQlMkZmciUyRnNob3AlMkZjYWZlLW1vdWx1JTJGbW91dHVyZS1jYWZldGllcmUtaXRhbGllbm5lJTJGMTAwLWFyYWJpY2ElMkYlMjIlM0UlMEElMEElM0NkaXYlMjBjbGFzcyUzRCUyMmljb24lMjBtZWRpdW0lMjBjcCUyMiUyMHN0eWxlJTNEJTIyY29sb3IlM0ElMjAlMjNmZmZmZmYlM0IlMjIlM0UlM0NpJTIwY2xhc3MlM0QlMjJwZS03cy10aW1lciUyMiUzRSUzQyUyRmklM0UlM0MlMkZkaXYlM0UlM0NkaXYlMjBjbGFzcyUzRCUyMmNvbnRlbnQlMjIlM0UlM0NoMyUyMGNsYXNzJTNEJTIydGl0bGUlMjBjcCUyMHR1JTIwZnNfXzE0JTIwbWdfXzAlMjBtYl9fNSUyMiUyMHN0eWxlJTNEJTIyY29sb3IlM0ElMjAlMjNmZmZmZmYlM0IlMjIlM0VDT01NQU5ERU5aJTIwRU4lMjBMSUdORSUzQyUyRmgzJTNFJTNDcCUyMGNsYXNzJTNEJTIybWdfXzAlMjIlMjBzdHlsZSUzRCUyMmNvbG9yJTNBJTIwJTIzZmZmZmZmJTNCJTIyJTNFMjQlMjBoJTIwc3VyJTIwMjQlMjBoJTNDJTJGcCUzRSUzQyUyRmRpdiUzRSUwQSUzQyUyRmElM0UlMEElM0MlMkZkaXYlM0U=[\/vc_raw_html][\/vc_column][vc_column width=&#8221;1\/3&#8243; css=&#8221;.vc_custom_1626190808330{background-color: #e40520 !important;}&#8221;][vc_raw_html css=&#8221;.vc_custom_1626190750409{background-color: #e40520 !important;}&#8221;]JTNDZGl2JTIwY2xhc3MlM0QlMjJqYXMtc2VydmljZSUyMHRjJTIwd3JhcC1ob21lLXBpbGxhcnMtc2luZ2xlJTIyJTNFJTBBJTNDYSUyRiUyMiUzRSUwQSUwQSUzQ2RpdiUyMGNsYXNzJTNEJTIyaWNvbiUyMG1lZGl1bSUyMGNwJTIyJTIwc3R5bGUlM0QlMjJjb2xvciUzQSUyMCUyM2ZmZmZmZiUzQiUyMiUzRSUzQ2klMjBjbGFzcyUzRCUyMnBlLTdzLWRpYW1vbmQlMjIlM0UlM0MlMkZpJTNFJTNDJTJGZGl2JTNFJTNDZGl2JTIwY2xhc3MlM0QlMjJjb250ZW50JTIyJTNFJTNDaDMlMjBjbGFzcyUzRCUyMnRpdGxlJTIwY3AlMjB0dSUyMGZzX18xNCUyMG1nX18wJTIwbWJfXzUlMjIlMjBzdHlsZSUzRCUyMmNvbG9yJTNBJTIwJTIzZmZmZmZmJTNCJTIyJTNFQ0hPSVNJU1NFWiUyMExBJTIwUVVBTElUJUMzJTg5JTNDJTJGaDMlM0UlM0NwJTIwY2xhc3MlM0QlMjJtZ19fMCUyMiUyMHN0eWxlJTNEJTIyY29sb3IlM0ElMjAlMjNmZmZmZmYlM0IlMjIlM0VMZXMlMjBtZWlsbGV1cnMlMjBjYWYlQzMlQTlzJTIwZHUlMjBtb25kZSUyMHByJUMzJUE5c2VudHMlMjBzdXIlMjBub3MlMjB0ZXJyZXMlM0MlMkZwJTNFJTNDJTJGZGl2JTNFJTBBJTBBJTNDJTJGYSUzRSUwQSUzQyUyRmRpdiUzRQ==[\/vc_raw_html][\/vc_column][\/vc_row][\/vc_section][vc_row][vc_column][vc_empty_space height=&#8221;100px&#8221;][\/vc_column][\/vc_row]<\/p>\n<\/div>","protected":false},"excerpt":{"rendered":"<p>[vc_section el_class=&#8221;wrap-content-limit&#8221;][vc_row el_class=&#8221;wrap-content-limit&#8221;][vc_column][vc_custom_heading divider=&#8221;yes&#8221; text=&#8221;Distributeur de Serviettes&#8221; font_container=&#8221;tag:h1|font_size:24px|text_align:center|color:%23000000|line_height:24px&#8221; use_theme_fonts=&#8221;yes&#8221; el_class=&#8221;text-uppercase&#8221;][\/vc_column][\/vc_row][vc_row][vc_column width=&#8221;1\/2&#8243;][vc_gallery type=&#8221;flexslider_slide&#8221; interval=&#8221;5&#8243; images=&#8221;8453,8457&#8243; img_size=&#8221;570&#215;760&#8243; onclick=&#8221;&#8221; el_class=&#8221;flexslider-prodotti&#8221;][\/vc_column][vc_column width=&#8221;1\/2&#8243;][vc_empty_space height=&#8221;50px&#8221;][vc_wp_text]Il ne s\u2019agit pas uniquement d\u2019un simple distributeur mais d\u2019un v\u00e9ritable hommage \u00e0 nos splendides terres. D\u00e9cor\u00e9 de simples coups de pinceau qui \u00e9voquent le territoire qui nous entoure. &nbsp; [\/vc_wp_text][\/vc_column][\/vc_row][\/vc_section][vc_section el_class=&#8221;wrap-home-pillars&#8221; css=&#8221;.vc_custom_1562852209382{border-bottom-width: 5px !important;border-bottom-color: #ffffff !important;border-bottom-style: [&hellip;]<\/p>\n","protected":false},"author":3,"featured_media":8453,"parent":19842,"menu_order":1,"comment_status":"closed","ping_status":"closed","template":"","meta":{"_acf_changed":false,"footnotes":""},"class_list":["post-19462","page","type-page","status-publish","has-post-thumbnail","hentry"],"acf":[],"yoast_head":"<!-- This site is optimized with the Yoast SEO plugin v27.0 - https:\/\/yoast.com\/product\/yoast-seo-wordpress\/ -->\n<title>Distributeur de serviettes personnalis\u00e9s Italcaff\u00e8 I Equipement des bars.<\/title>\n<meta name=\"description\" content=\"Il ne s&#039;agit pas d&#039;un simple distributeur de serviettes mais d&#039;un objet personnalis\u00e9 par Italcaff\u00e8 pour c\u00e9l\u00e9brer les terres qui nous entourent.\" \/>\n<meta name=\"robots\" content=\"index, follow, max-snippet:-1, max-image-preview:large, max-video-preview:-1\" \/>\n<link rel=\"canonical\" href=\"https:\/\/italcaffe.it\/fr\/produits-accessoires\/ligne-accessoires-et-specialites\/distributeur-de-serviettes\/\" \/>\n<meta property=\"og:locale\" content=\"fr_FR\" \/>\n<meta property=\"og:type\" content=\"article\" \/>\n<meta property=\"og:title\" content=\"Distributeur de serviettes personnalis\u00e9s Italcaff\u00e8 I Equipement des bars.\" \/>\n<meta property=\"og:description\" content=\"Il ne s&#039;agit pas d&#039;un simple distributeur de serviettes mais d&#039;un objet personnalis\u00e9 par Italcaff\u00e8 pour c\u00e9l\u00e9brer les terres qui nous entourent.\" \/>\n<meta property=\"og:url\" content=\"https:\/\/italcaffe.it\/fr\/produits-accessoires\/ligne-accessoires-et-specialites\/distributeur-de-serviettes\/\" \/>\n<meta property=\"og:site_name\" content=\"Italcaff\u00e8\" \/>\n<meta property=\"article:modified_time\" content=\"2021-07-13T15:40:10+00:00\" \/>\n<meta property=\"og:image\" content=\"https:\/\/italcaffe.it\/wp-content\/uploads\/2019\/10\/25-portatovaglioli.jpg\" \/>\n\t<meta property=\"og:image:width\" content=\"825\" \/>\n\t<meta property=\"og:image:height\" content=\"1100\" \/>\n\t<meta property=\"og:image:type\" content=\"image\/jpeg\" \/>\n<meta name=\"twitter:card\" content=\"summary_large_image\" \/>\n<meta name=\"twitter:label1\" content=\"Dur\u00e9e de lecture estim\u00e9e\" \/>\n\t<meta name=\"twitter:data1\" content=\"2 minutes\" \/>\n<script type=\"application\/ld+json\" class=\"yoast-schema-graph\">{\"@context\":\"https:\/\/schema.org\",\"@graph\":[{\"@type\":\"WebPage\",\"@id\":\"https:\/\/italcaffe.it\/fr\/produits-accessoires\/ligne-accessoires-et-specialites\/distributeur-de-serviettes\/\",\"url\":\"https:\/\/italcaffe.it\/fr\/produits-accessoires\/ligne-accessoires-et-specialites\/distributeur-de-serviettes\/\",\"name\":\"Distributeur de serviettes personnalis\u00e9s Italcaff\u00e8 I Equipement des bars.\",\"isPartOf\":{\"@id\":\"https:\/\/italcaffe.it\/fr\/#website\"},\"primaryImageOfPage\":{\"@id\":\"https:\/\/italcaffe.it\/fr\/produits-accessoires\/ligne-accessoires-et-specialites\/distributeur-de-serviettes\/#primaryimage\"},\"image\":{\"@id\":\"https:\/\/italcaffe.it\/fr\/produits-accessoires\/ligne-accessoires-et-specialites\/distributeur-de-serviettes\/#primaryimage\"},\"thumbnailUrl\":\"https:\/\/italcaffe.it\/wp-content\/uploads\/2019\/10\/25-portatovaglioli.jpg\",\"datePublished\":\"2019-10-17T10:48:08+00:00\",\"dateModified\":\"2021-07-13T15:40:10+00:00\",\"description\":\"Il ne s'agit pas d'un simple distributeur de serviettes mais d'un objet personnalis\u00e9 par Italcaff\u00e8 pour c\u00e9l\u00e9brer les terres qui nous entourent.\",\"breadcrumb\":{\"@id\":\"https:\/\/italcaffe.it\/fr\/produits-accessoires\/ligne-accessoires-et-specialites\/distributeur-de-serviettes\/#breadcrumb\"},\"inLanguage\":\"fr-FR\",\"potentialAction\":[{\"@type\":\"ReadAction\",\"target\":[\"https:\/\/italcaffe.it\/fr\/produits-accessoires\/ligne-accessoires-et-specialites\/distributeur-de-serviettes\/\"]}]},{\"@type\":\"ImageObject\",\"inLanguage\":\"fr-FR\",\"@id\":\"https:\/\/italcaffe.it\/fr\/produits-accessoires\/ligne-accessoires-et-specialites\/distributeur-de-serviettes\/#primaryimage\",\"url\":\"https:\/\/italcaffe.it\/wp-content\/uploads\/2019\/10\/25-portatovaglioli.jpg\",\"contentUrl\":\"https:\/\/italcaffe.it\/wp-content\/uploads\/2019\/10\/25-portatovaglioli.jpg\",\"width\":825,\"height\":1100,\"caption\":\"Distributeur des serviettes Italcaff\u00e8\"},{\"@type\":\"BreadcrumbList\",\"@id\":\"https:\/\/italcaffe.it\/fr\/produits-accessoires\/ligne-accessoires-et-specialites\/distributeur-de-serviettes\/#breadcrumb\",\"itemListElement\":[{\"@type\":\"ListItem\",\"position\":1,\"name\":\"Home\",\"item\":\"https:\/\/italcaffe.it\/fr\/\"},{\"@type\":\"ListItem\",\"position\":2,\"name\":\"LES PRODUITS\",\"item\":\"https:\/\/italcaffe.it\/fr\/produits-accessoires\/\"},{\"@type\":\"ListItem\",\"position\":3,\"name\":\"Ligne Accessoires et Specialites\",\"item\":\"https:\/\/italcaffe.it\/fr\/produits-accessoires\/ligne-accessoires-et-specialites\/\"},{\"@type\":\"ListItem\",\"position\":4,\"name\":\"DISTRIBUTEUR DE SERVIETTES\"}]},{\"@type\":\"WebSite\",\"@id\":\"https:\/\/italcaffe.it\/fr\/#website\",\"url\":\"https:\/\/italcaffe.it\/fr\/\",\"name\":\"Italcaff\u00e8\",\"description\":\"50 Anni insieme\",\"potentialAction\":[{\"@type\":\"SearchAction\",\"target\":{\"@type\":\"EntryPoint\",\"urlTemplate\":\"https:\/\/italcaffe.it\/fr\/?s={search_term_string}\"},\"query-input\":{\"@type\":\"PropertyValueSpecification\",\"valueRequired\":true,\"valueName\":\"search_term_string\"}}],\"inLanguage\":\"fr-FR\"}]}<\/script>\n<!-- \/ Yoast SEO plugin. -->","yoast_head_json":{"title":"Distributeur de serviettes personnalis\u00e9s Italcaff\u00e8 I Equipement des bars.","description":"Il ne s'agit pas d'un simple distributeur de serviettes mais d'un objet personnalis\u00e9 par Italcaff\u00e8 pour c\u00e9l\u00e9brer les terres qui nous entourent.","robots":{"index":"index","follow":"follow","max-snippet":"max-snippet:-1","max-image-preview":"max-image-preview:large","max-video-preview":"max-video-preview:-1"},"canonical":"https:\/\/italcaffe.it\/fr\/produits-accessoires\/ligne-accessoires-et-specialites\/distributeur-de-serviettes\/","og_locale":"fr_FR","og_type":"article","og_title":"Distributeur de serviettes personnalis\u00e9s Italcaff\u00e8 I Equipement des bars.","og_description":"Il ne s'agit pas d'un simple distributeur de serviettes mais d'un objet personnalis\u00e9 par Italcaff\u00e8 pour c\u00e9l\u00e9brer les terres qui nous entourent.","og_url":"https:\/\/italcaffe.it\/fr\/produits-accessoires\/ligne-accessoires-et-specialites\/distributeur-de-serviettes\/","og_site_name":"Italcaff\u00e8","article_modified_time":"2021-07-13T15:40:10+00:00","og_image":[{"width":825,"height":1100,"url":"https:\/\/italcaffe.it\/wp-content\/uploads\/2019\/10\/25-portatovaglioli.jpg","type":"image\/jpeg"}],"twitter_card":"summary_large_image","twitter_misc":{"Dur\u00e9e de lecture estim\u00e9e":"2 minutes"},"schema":{"@context":"https:\/\/schema.org","@graph":[{"@type":"WebPage","@id":"https:\/\/italcaffe.it\/fr\/produits-accessoires\/ligne-accessoires-et-specialites\/distributeur-de-serviettes\/","url":"https:\/\/italcaffe.it\/fr\/produits-accessoires\/ligne-accessoires-et-specialites\/distributeur-de-serviettes\/","name":"Distributeur de serviettes personnalis\u00e9s Italcaff\u00e8 I Equipement des bars.","isPartOf":{"@id":"https:\/\/italcaffe.it\/fr\/#website"},"primaryImageOfPage":{"@id":"https:\/\/italcaffe.it\/fr\/produits-accessoires\/ligne-accessoires-et-specialites\/distributeur-de-serviettes\/#primaryimage"},"image":{"@id":"https:\/\/italcaffe.it\/fr\/produits-accessoires\/ligne-accessoires-et-specialites\/distributeur-de-serviettes\/#primaryimage"},"thumbnailUrl":"https:\/\/italcaffe.it\/wp-content\/uploads\/2019\/10\/25-portatovaglioli.jpg","datePublished":"2019-10-17T10:48:08+00:00","dateModified":"2021-07-13T15:40:10+00:00","description":"Il ne s'agit pas d'un simple distributeur de serviettes mais d'un objet personnalis\u00e9 par Italcaff\u00e8 pour c\u00e9l\u00e9brer les terres qui nous entourent.","breadcrumb":{"@id":"https:\/\/italcaffe.it\/fr\/produits-accessoires\/ligne-accessoires-et-specialites\/distributeur-de-serviettes\/#breadcrumb"},"inLanguage":"fr-FR","potentialAction":[{"@type":"ReadAction","target":["https:\/\/italcaffe.it\/fr\/produits-accessoires\/ligne-accessoires-et-specialites\/distributeur-de-serviettes\/"]}]},{"@type":"ImageObject","inLanguage":"fr-FR","@id":"https:\/\/italcaffe.it\/fr\/produits-accessoires\/ligne-accessoires-et-specialites\/distributeur-de-serviettes\/#primaryimage","url":"https:\/\/italcaffe.it\/wp-content\/uploads\/2019\/10\/25-portatovaglioli.jpg","contentUrl":"https:\/\/italcaffe.it\/wp-content\/uploads\/2019\/10\/25-portatovaglioli.jpg","width":825,"height":1100,"caption":"Distributeur des serviettes Italcaff\u00e8"},{"@type":"BreadcrumbList","@id":"https:\/\/italcaffe.it\/fr\/produits-accessoires\/ligne-accessoires-et-specialites\/distributeur-de-serviettes\/#breadcrumb","itemListElement":[{"@type":"ListItem","position":1,"name":"Home","item":"https:\/\/italcaffe.it\/fr\/"},{"@type":"ListItem","position":2,"name":"LES PRODUITS","item":"https:\/\/italcaffe.it\/fr\/produits-accessoires\/"},{"@type":"ListItem","position":3,"name":"Ligne Accessoires et Specialites","item":"https:\/\/italcaffe.it\/fr\/produits-accessoires\/ligne-accessoires-et-specialites\/"},{"@type":"ListItem","position":4,"name":"DISTRIBUTEUR DE SERVIETTES"}]},{"@type":"WebSite","@id":"https:\/\/italcaffe.it\/fr\/#website","url":"https:\/\/italcaffe.it\/fr\/","name":"Italcaff\u00e8","description":"50 Anni insieme","potentialAction":[{"@type":"SearchAction","target":{"@type":"EntryPoint","urlTemplate":"https:\/\/italcaffe.it\/fr\/?s={search_term_string}"},"query-input":{"@type":"PropertyValueSpecification","valueRequired":true,"valueName":"search_term_string"}}],"inLanguage":"fr-FR"}]}},"_links":{"self":[{"href":"https:\/\/italcaffe.it\/fr\/wp-json\/wp\/v2\/pages\/19462","targetHints":{"allow":["GET"]}}],"collection":[{"href":"https:\/\/italcaffe.it\/fr\/wp-json\/wp\/v2\/pages"}],"about":[{"href":"https:\/\/italcaffe.it\/fr\/wp-json\/wp\/v2\/types\/page"}],"author":[{"embeddable":true,"href":"https:\/\/italcaffe.it\/fr\/wp-json\/wp\/v2\/users\/3"}],"replies":[{"embeddable":true,"href":"https:\/\/italcaffe.it\/fr\/wp-json\/wp\/v2\/comments?post=19462"}],"version-history":[{"count":0,"href":"https:\/\/italcaffe.it\/fr\/wp-json\/wp\/v2\/pages\/19462\/revisions"}],"up":[{"embeddable":true,"href":"https:\/\/italcaffe.it\/fr\/wp-json\/wp\/v2\/pages\/19842"}],"wp:featuredmedia":[{"embeddable":true,"href":"https:\/\/italcaffe.it\/fr\/wp-json\/wp\/v2\/media\/8453"}],"wp:attachment":[{"href":"https:\/\/italcaffe.it\/fr\/wp-json\/wp\/v2\/media?parent=19462"}],"curies":[{"name":"wp","href":"https:\/\/api.w.org\/{rel}","templated":true}]}}