{"id":19482,"date":"2019-10-17T11:55:57","date_gmt":"2019-10-17T10:55:57","guid":{"rendered":"https:\/\/www.italcaffe.it\/sucre\/"},"modified":"2020-01-21T10:48:50","modified_gmt":"2020-01-21T09:48:50","slug":"sachets-de-sucre","status":"publish","type":"page","link":"https:\/\/italcaffe.it\/fr\/produits-accessoires\/ligne-accessoires-et-specialites\/sachets-de-sucre\/","title":{"rendered":"SUCRE"},"content":{"rendered":"<div class=\"wpb-content-wrapper\"><p>[vc_section el_class=&#8221;wrap-content-limit&#8221;][vc_row el_class=&#8221;wrap-content-limit&#8221;][vc_column][vc_custom_heading divider=&#8221;yes&#8221; text=&#8221;Sachets de Sucre&#8221; font_container=&#8221;tag:h1|font_size:24px|text_align:center|color:%23000000|line_height:24px&#8221; use_theme_fonts=&#8221;yes&#8221; el_class=&#8221;text-uppercase&#8221;][\/vc_column][\/vc_row][vc_row][vc_column width=&#8221;1\/2&#8243;][vc_gallery type=&#8221;flexslider_slide&#8221; interval=&#8221;5&#8243; images=&#8221;8461&#8243; img_size=&#8221;570&#215;760&#8243; onclick=&#8221;&#8221; el_class=&#8221;flexslider-prodotti&#8221;][\/vc_column][vc_column width=&#8221;1\/2&#8243;][vc_empty_space height=&#8221;50px&#8221;][vc_wp_text]Sucre blanc, roux ou \u00e9dulcorant.<\/p>\n<p>Les sachets de Italcaff\u00e8, sont d\u00e9cor\u00e9s de coups de pinceau qui \u00e9voquent le territoire qui nous entoure. Ce sont de v\u00e9ritables oeuvres de collection.<\/p>\n<p>Ce sont de v\u00e9ritables oeuvres de collection. Le Tigullio, les Cinq Terres, le Golfe de Po\u00e8tes, la Lunigiana, les Alpes Apuane et la Versilia, a chaque lieu correspond un sachet diff\u00e9rent.<\/p>\n<p>Un hommage \u00e0 nos splendides terres pour votre bar.[\/vc_wp_text][\/vc_column][\/vc_row][\/vc_section][vc_section el_class=&#8221;wrap-home-pillars&#8221; css=&#8221;.vc_custom_1562852209382{border-bottom-width: 5px !important;border-bottom-color: #ffffff !important;border-bottom-style: solid !important;}&#8221;][vc_row css=&#8221;.vc_custom_1570542705221{padding-top: 50px !important;padding-bottom: 25px !important;background-color: #e40520 !important;}&#8221;][vc_column width=&#8221;1\/3&#8243; css=&#8221;.vc_custom_1570542690545{margin-bottom: 0px !important;padding-bottom: 0px !important;background-color: #e40520 !important;}&#8221;][vc_raw_html css=&#8221;.vc_custom_1563817998237{margin-top: 0px !important;margin-bottom: 0px !important;padding-top: 0px !important;padding-bottom: 0px !important;}&#8221;]PGRpdiBjbGFzcz0iamFzLXNlcnZpY2UgdGMgd3JhcC1ob21lLXBpbGxhcnMtc2luZ2xlIGJvcmRlci1yaWdodC13aGl0ZSI+CjxhIGhyZWY9Imh0dHBzOi8vd3d3Lml0YWxjYWZmZS5pdC9mci9zaG9wLWZyL215LWFjY291bnQvIj4KPGRpdiBjbGFzcz0iaWNvbiBtZWRpdW0gY3AiIHN0eWxlPSJjb2xvcjogI2ZmZmZmZjsiPgo8aSBjbGFzcz0icGUtN3MtY2FyIGljby1jdXMtc2NvbnRvIj48L2k+CjwvZGl2Pgo8ZGl2IGNsYXNzPSJjb250ZW50Ij48aDMgY2xhc3M9InRpdGxlIGNwIHR1IGZzX18xNCBtZ19fMCBtYl9fNSB0ZXh0LXVwcGVyY2FzZSIgc3R5bGU9ImNvbG9yOiAjZmZmZmZmOyI+UmVtaXNlIHNww6ljaWFsZSDigJMgMTAlPC9oMz48cCBjbGFzcz0ibWdfXzAiIHN0eWxlPSJjb2xvcjogI2ZmZmZmZjsiPnBvdXIgbGVzIGNsaWVudHMgaW5zY3JpdHM8L3A+PC9kaXY+CgoKPC9hPgo8L2Rpdj4=[\/vc_raw_html][\/vc_column][vc_column width=&#8221;1\/3&#8243; css=&#8221;.vc_custom_1570542697425{background-color: #e40520 !important;}&#8221;][vc_raw_html css=&#8221;.vc_custom_1563818255259{margin-top: 0px !important;margin-bottom: 0px !important;padding-top: 0px !important;padding-bottom: 0px !important;}&#8221;]PGRpdiBjbGFzcz0iamFzLXNlcnZpY2UgdGMgd3JhcC1ob21lLXBpbGxhcnMtc2luZ2xlIGJvcmRlci1yaWdodC13aGl0ZSI+CjxhIGhyZWY9Imh0dHBzOi8vd3d3Lml0YWxjYWZmZS5pdC9mci9zaG9wLWZyLyI+Cgo8ZGl2IGNsYXNzPSJpY29uIG1lZGl1bSBjcCIgc3R5bGU9ImNvbG9yOiAjZmZmZmZmOyI+PGkgY2xhc3M9InBlLTdzLXRpbWVyIj48L2k+PC9kaXY+PGRpdiBjbGFzcz0iY29udGVudCI+PGgzIGNsYXNzPSJ0aXRsZSBjcCB0dSBmc19fMTQgbWdfXzAgbWJfXzUiIHN0eWxlPSJjb2xvcjogI2ZmZmZmZjsiPkNPTU1BTkRFWiBFTiBMSUdORTwvaDM+PHAgY2xhc3M9Im1nX18wIiBzdHlsZT0iY29sb3I6ICNmZmZmZmY7Ij4yNCBoIHN1ciAyNCBoPC9wPjwvZGl2Pgo8L2E+CjwvZGl2Pg==[\/vc_raw_html][\/vc_column][vc_column width=&#8221;1\/3&#8243; css=&#8221;.vc_custom_1563818085979{margin-top: 0px !important;margin-bottom: 0px !important;padding-top: 0px !important;padding-bottom: 0px !important;}&#8221;][vc_raw_html css=&#8221;.vc_custom_1564068944959{margin-top: 0px !important;margin-bottom: 0px !important;padding-top: 0px !important;padding-bottom: 0px !important;}&#8221;]PGRpdiBjbGFzcz0iamFzLXNlcnZpY2UgdGMgd3JhcC1ob21lLXBpbGxhcnMtc2luZ2xlIj4KPGE+Cgo8ZGl2IGNsYXNzPSJpY29uIG1lZGl1bSBjcCIgc3R5bGU9ImNvbG9yOiAjZmZmZmZmOyI+PGkgY2xhc3M9InBlLTdzLWRpYW1vbmQiPjwvaT48L2Rpdj48ZGl2IGNsYXNzPSJjb250ZW50Ij48aDMgY2xhc3M9InRpdGxlIGNwIHR1IGZzX18xNCBtZ19fMCBtYl9fNSIgc3R5bGU9ImNvbG9yOiAjZmZmZmZmOyI+Q0hPT1NFIFRIRSBRVUFMSVRZPC9oMz48cCBjbGFzcz0ibWdfXzAiIHN0eWxlPSJjb2xvcjogI2ZmZmZmZjsiPk9mIHRoZSBiZXN0IGNvZmZlZSBpbiB0aGUgd29ybGQgaW4gb3VyIGxhbmQ8L3A+PC9kaXY+Cgo8L2E+CjwvZGl2Pg==[\/vc_raw_html][\/vc_column][\/vc_row][\/vc_section][vc_row][vc_column][vc_empty_space height=&#8221;100px&#8221;][\/vc_column][\/vc_row]<\/p>\n<\/div>","protected":false},"excerpt":{"rendered":"<p>[vc_section el_class=&#8221;wrap-content-limit&#8221;][vc_row el_class=&#8221;wrap-content-limit&#8221;][vc_column][vc_custom_heading divider=&#8221;yes&#8221; text=&#8221;Sachets de Sucre&#8221; font_container=&#8221;tag:h1|font_size:24px|text_align:center|color:%23000000|line_height:24px&#8221; use_theme_fonts=&#8221;yes&#8221; el_class=&#8221;text-uppercase&#8221;][\/vc_column][\/vc_row][vc_row][vc_column width=&#8221;1\/2&#8243;][vc_gallery type=&#8221;flexslider_slide&#8221; interval=&#8221;5&#8243; images=&#8221;8461&#8243; img_size=&#8221;570&#215;760&#8243; onclick=&#8221;&#8221; el_class=&#8221;flexslider-prodotti&#8221;][\/vc_column][vc_column width=&#8221;1\/2&#8243;][vc_empty_space height=&#8221;50px&#8221;][vc_wp_text]Sucre blanc, roux ou \u00e9dulcorant. Les sachets de Italcaff\u00e8, sont d\u00e9cor\u00e9s de coups de pinceau qui \u00e9voquent le territoire qui nous entoure. Ce sont de v\u00e9ritables oeuvres de collection. Ce sont de v\u00e9ritables oeuvres de collection. Le [&hellip;]<\/p>\n","protected":false},"author":3,"featured_media":8461,"parent":19842,"menu_order":1,"comment_status":"closed","ping_status":"closed","template":"","meta":{"_acf_changed":false,"footnotes":""},"class_list":["post-19482","page","type-page","status-publish","has-post-thumbnail","hentry"],"acf":[],"yoast_head":"<!-- This site is optimized with the Yoast SEO plugin v27.0 - https:\/\/yoast.com\/product\/yoast-seo-wordpress\/ -->\n<title>Sachets de sucre unidose personnalis\u00e9s Italcaff\u00e8.<\/title>\n<meta name=\"description\" content=\"Blanc, roux et \u00e9dulcorant, avec les sachets de sucre unidose personnalis\u00e9s Italcaff\u00e8, il y en a pour tous les go\u00fbts. D\u00e9couvrez les tous.\" \/>\n<meta name=\"robots\" content=\"index, follow, max-snippet:-1, max-image-preview:large, max-video-preview:-1\" \/>\n<link rel=\"canonical\" href=\"https:\/\/italcaffe.it\/fr\/produits-accessoires\/ligne-accessoires-et-specialites\/sachets-de-sucre\/\" \/>\n<meta property=\"og:locale\" content=\"fr_FR\" \/>\n<meta property=\"og:type\" content=\"article\" \/>\n<meta property=\"og:title\" content=\"Sachets de sucre unidose personnalis\u00e9s Italcaff\u00e8.\" \/>\n<meta property=\"og:description\" content=\"Blanc, roux et \u00e9dulcorant, avec les sachets de sucre unidose personnalis\u00e9s Italcaff\u00e8, il y en a pour tous les go\u00fbts. D\u00e9couvrez les tous.\" \/>\n<meta property=\"og:url\" content=\"https:\/\/italcaffe.it\/fr\/produits-accessoires\/ligne-accessoires-et-specialites\/sachets-de-sucre\/\" \/>\n<meta property=\"og:site_name\" content=\"Italcaff\u00e8\" \/>\n<meta property=\"article:modified_time\" content=\"2020-01-21T09:48:50+00:00\" \/>\n<meta property=\"og:image\" content=\"https:\/\/italcaffe.it\/wp-content\/uploads\/2019\/10\/27-bustine-zucchero.jpg\" \/>\n\t<meta property=\"og:image:width\" content=\"825\" \/>\n\t<meta property=\"og:image:height\" content=\"1100\" \/>\n\t<meta property=\"og:image:type\" content=\"image\/jpeg\" \/>\n<meta name=\"twitter:card\" content=\"summary_large_image\" \/>\n<meta name=\"twitter:label1\" content=\"Dur\u00e9e de lecture estim\u00e9e\" \/>\n\t<meta name=\"twitter:data1\" content=\"3 minutes\" \/>\n<script type=\"application\/ld+json\" class=\"yoast-schema-graph\">{\"@context\":\"https:\/\/schema.org\",\"@graph\":[{\"@type\":\"WebPage\",\"@id\":\"https:\/\/italcaffe.it\/fr\/produits-accessoires\/ligne-accessoires-et-specialites\/sachets-de-sucre\/\",\"url\":\"https:\/\/italcaffe.it\/fr\/produits-accessoires\/ligne-accessoires-et-specialites\/sachets-de-sucre\/\",\"name\":\"Sachets de sucre unidose personnalis\u00e9s Italcaff\u00e8.\",\"isPartOf\":{\"@id\":\"https:\/\/italcaffe.it\/fr\/#website\"},\"primaryImageOfPage\":{\"@id\":\"https:\/\/italcaffe.it\/fr\/produits-accessoires\/ligne-accessoires-et-specialites\/sachets-de-sucre\/#primaryimage\"},\"image\":{\"@id\":\"https:\/\/italcaffe.it\/fr\/produits-accessoires\/ligne-accessoires-et-specialites\/sachets-de-sucre\/#primaryimage\"},\"thumbnailUrl\":\"https:\/\/italcaffe.it\/wp-content\/uploads\/2019\/10\/27-bustine-zucchero.jpg\",\"datePublished\":\"2019-10-17T10:55:57+00:00\",\"dateModified\":\"2020-01-21T09:48:50+00:00\",\"description\":\"Blanc, roux et \u00e9dulcorant, avec les sachets de sucre unidose personnalis\u00e9s Italcaff\u00e8, il y en a pour tous les go\u00fbts. D\u00e9couvrez les tous.\",\"breadcrumb\":{\"@id\":\"https:\/\/italcaffe.it\/fr\/produits-accessoires\/ligne-accessoires-et-specialites\/sachets-de-sucre\/#breadcrumb\"},\"inLanguage\":\"fr-FR\",\"potentialAction\":[{\"@type\":\"ReadAction\",\"target\":[\"https:\/\/italcaffe.it\/fr\/produits-accessoires\/ligne-accessoires-et-specialites\/sachets-de-sucre\/\"]}]},{\"@type\":\"ImageObject\",\"inLanguage\":\"fr-FR\",\"@id\":\"https:\/\/italcaffe.it\/fr\/produits-accessoires\/ligne-accessoires-et-specialites\/sachets-de-sucre\/#primaryimage\",\"url\":\"https:\/\/italcaffe.it\/wp-content\/uploads\/2019\/10\/27-bustine-zucchero.jpg\",\"contentUrl\":\"https:\/\/italcaffe.it\/wp-content\/uploads\/2019\/10\/27-bustine-zucchero.jpg\",\"width\":825,\"height\":1100,\"caption\":\"Bustine di Zucchero per caff\u00e8 espresso Italcaff\u00e8\"},{\"@type\":\"BreadcrumbList\",\"@id\":\"https:\/\/italcaffe.it\/fr\/produits-accessoires\/ligne-accessoires-et-specialites\/sachets-de-sucre\/#breadcrumb\",\"itemListElement\":[{\"@type\":\"ListItem\",\"position\":1,\"name\":\"Home\",\"item\":\"https:\/\/italcaffe.it\/fr\/\"},{\"@type\":\"ListItem\",\"position\":2,\"name\":\"LES PRODUITS\",\"item\":\"https:\/\/italcaffe.it\/fr\/produits-accessoires\/\"},{\"@type\":\"ListItem\",\"position\":3,\"name\":\"Ligne Accessoires et Specialites\",\"item\":\"https:\/\/italcaffe.it\/fr\/produits-accessoires\/ligne-accessoires-et-specialites\/\"},{\"@type\":\"ListItem\",\"position\":4,\"name\":\"SUCRE\"}]},{\"@type\":\"WebSite\",\"@id\":\"https:\/\/italcaffe.it\/fr\/#website\",\"url\":\"https:\/\/italcaffe.it\/fr\/\",\"name\":\"Italcaff\u00e8\",\"description\":\"50 Anni insieme\",\"potentialAction\":[{\"@type\":\"SearchAction\",\"target\":{\"@type\":\"EntryPoint\",\"urlTemplate\":\"https:\/\/italcaffe.it\/fr\/?s={search_term_string}\"},\"query-input\":{\"@type\":\"PropertyValueSpecification\",\"valueRequired\":true,\"valueName\":\"search_term_string\"}}],\"inLanguage\":\"fr-FR\"}]}<\/script>\n<!-- \/ Yoast SEO plugin. -->","yoast_head_json":{"title":"Sachets de sucre unidose personnalis\u00e9s Italcaff\u00e8.","description":"Blanc, roux et \u00e9dulcorant, avec les sachets de sucre unidose personnalis\u00e9s Italcaff\u00e8, il y en a pour tous les go\u00fbts. D\u00e9couvrez les tous.","robots":{"index":"index","follow":"follow","max-snippet":"max-snippet:-1","max-image-preview":"max-image-preview:large","max-video-preview":"max-video-preview:-1"},"canonical":"https:\/\/italcaffe.it\/fr\/produits-accessoires\/ligne-accessoires-et-specialites\/sachets-de-sucre\/","og_locale":"fr_FR","og_type":"article","og_title":"Sachets de sucre unidose personnalis\u00e9s Italcaff\u00e8.","og_description":"Blanc, roux et \u00e9dulcorant, avec les sachets de sucre unidose personnalis\u00e9s Italcaff\u00e8, il y en a pour tous les go\u00fbts. D\u00e9couvrez les tous.","og_url":"https:\/\/italcaffe.it\/fr\/produits-accessoires\/ligne-accessoires-et-specialites\/sachets-de-sucre\/","og_site_name":"Italcaff\u00e8","article_modified_time":"2020-01-21T09:48:50+00:00","og_image":[{"width":825,"height":1100,"url":"https:\/\/italcaffe.it\/wp-content\/uploads\/2019\/10\/27-bustine-zucchero.jpg","type":"image\/jpeg"}],"twitter_card":"summary_large_image","twitter_misc":{"Dur\u00e9e de lecture estim\u00e9e":"3 minutes"},"schema":{"@context":"https:\/\/schema.org","@graph":[{"@type":"WebPage","@id":"https:\/\/italcaffe.it\/fr\/produits-accessoires\/ligne-accessoires-et-specialites\/sachets-de-sucre\/","url":"https:\/\/italcaffe.it\/fr\/produits-accessoires\/ligne-accessoires-et-specialites\/sachets-de-sucre\/","name":"Sachets de sucre unidose personnalis\u00e9s Italcaff\u00e8.","isPartOf":{"@id":"https:\/\/italcaffe.it\/fr\/#website"},"primaryImageOfPage":{"@id":"https:\/\/italcaffe.it\/fr\/produits-accessoires\/ligne-accessoires-et-specialites\/sachets-de-sucre\/#primaryimage"},"image":{"@id":"https:\/\/italcaffe.it\/fr\/produits-accessoires\/ligne-accessoires-et-specialites\/sachets-de-sucre\/#primaryimage"},"thumbnailUrl":"https:\/\/italcaffe.it\/wp-content\/uploads\/2019\/10\/27-bustine-zucchero.jpg","datePublished":"2019-10-17T10:55:57+00:00","dateModified":"2020-01-21T09:48:50+00:00","description":"Blanc, roux et \u00e9dulcorant, avec les sachets de sucre unidose personnalis\u00e9s Italcaff\u00e8, il y en a pour tous les go\u00fbts. D\u00e9couvrez les tous.","breadcrumb":{"@id":"https:\/\/italcaffe.it\/fr\/produits-accessoires\/ligne-accessoires-et-specialites\/sachets-de-sucre\/#breadcrumb"},"inLanguage":"fr-FR","potentialAction":[{"@type":"ReadAction","target":["https:\/\/italcaffe.it\/fr\/produits-accessoires\/ligne-accessoires-et-specialites\/sachets-de-sucre\/"]}]},{"@type":"ImageObject","inLanguage":"fr-FR","@id":"https:\/\/italcaffe.it\/fr\/produits-accessoires\/ligne-accessoires-et-specialites\/sachets-de-sucre\/#primaryimage","url":"https:\/\/italcaffe.it\/wp-content\/uploads\/2019\/10\/27-bustine-zucchero.jpg","contentUrl":"https:\/\/italcaffe.it\/wp-content\/uploads\/2019\/10\/27-bustine-zucchero.jpg","width":825,"height":1100,"caption":"Bustine di Zucchero per caff\u00e8 espresso Italcaff\u00e8"},{"@type":"BreadcrumbList","@id":"https:\/\/italcaffe.it\/fr\/produits-accessoires\/ligne-accessoires-et-specialites\/sachets-de-sucre\/#breadcrumb","itemListElement":[{"@type":"ListItem","position":1,"name":"Home","item":"https:\/\/italcaffe.it\/fr\/"},{"@type":"ListItem","position":2,"name":"LES PRODUITS","item":"https:\/\/italcaffe.it\/fr\/produits-accessoires\/"},{"@type":"ListItem","position":3,"name":"Ligne Accessoires et Specialites","item":"https:\/\/italcaffe.it\/fr\/produits-accessoires\/ligne-accessoires-et-specialites\/"},{"@type":"ListItem","position":4,"name":"SUCRE"}]},{"@type":"WebSite","@id":"https:\/\/italcaffe.it\/fr\/#website","url":"https:\/\/italcaffe.it\/fr\/","name":"Italcaff\u00e8","description":"50 Anni insieme","potentialAction":[{"@type":"SearchAction","target":{"@type":"EntryPoint","urlTemplate":"https:\/\/italcaffe.it\/fr\/?s={search_term_string}"},"query-input":{"@type":"PropertyValueSpecification","valueRequired":true,"valueName":"search_term_string"}}],"inLanguage":"fr-FR"}]}},"_links":{"self":[{"href":"https:\/\/italcaffe.it\/fr\/wp-json\/wp\/v2\/pages\/19482","targetHints":{"allow":["GET"]}}],"collection":[{"href":"https:\/\/italcaffe.it\/fr\/wp-json\/wp\/v2\/pages"}],"about":[{"href":"https:\/\/italcaffe.it\/fr\/wp-json\/wp\/v2\/types\/page"}],"author":[{"embeddable":true,"href":"https:\/\/italcaffe.it\/fr\/wp-json\/wp\/v2\/users\/3"}],"replies":[{"embeddable":true,"href":"https:\/\/italcaffe.it\/fr\/wp-json\/wp\/v2\/comments?post=19482"}],"version-history":[{"count":0,"href":"https:\/\/italcaffe.it\/fr\/wp-json\/wp\/v2\/pages\/19482\/revisions"}],"up":[{"embeddable":true,"href":"https:\/\/italcaffe.it\/fr\/wp-json\/wp\/v2\/pages\/19842"}],"wp:featuredmedia":[{"embeddable":true,"href":"https:\/\/italcaffe.it\/fr\/wp-json\/wp\/v2\/media\/8461"}],"wp:attachment":[{"href":"https:\/\/italcaffe.it\/fr\/wp-json\/wp\/v2\/media?parent=19482"}],"curies":[{"name":"wp","href":"https:\/\/api.w.org\/{rel}","templated":true}]}}