{"id":19493,"date":"2019-10-17T12:04:53","date_gmt":"2019-10-17T11:04:53","guid":{"rendered":"https:\/\/www.italcaffe.it\/espresso-decafeine\/"},"modified":"2021-07-13T16:46:07","modified_gmt":"2021-07-13T15:46:07","slug":"decafeine-en-sachets","status":"publish","type":"page","link":"https:\/\/italcaffe.it\/fr\/produits-accessoires\/ligne-accessoires-et-specialites\/decafeine-en-sachets\/","title":{"rendered":"ESPRESSO D\u00c9CAF\u00c9IN\u00c8"},"content":{"rendered":"<div class=\"wpb-content-wrapper\"><p>[vc_section el_class=&#8221;wrap-content-limit&#8221;][vc_row el_class=&#8221;wrap-content-limit&#8221;][vc_column][vc_custom_heading divider=&#8221;yes&#8221; text=&#8221;Espresso D\u00e9caf\u00e9in\u00e8&#8221; font_container=&#8221;tag:h1|font_size:24px|text_align:center|color:%23000000|line_height:24px&#8221; use_theme_fonts=&#8221;yes&#8221; el_class=&#8221;text-uppercase&#8221;][\/vc_column][\/vc_row][vc_row][vc_column width=&#8221;1\/2&#8243;][vc_gallery type=&#8221;flexslider_slide&#8221; interval=&#8221;5&#8243; images=&#8221;26925&#8243; img_size=&#8221;570&#215;760&#8243; onclick=&#8221;&#8221; el_class=&#8221;flexslider-prodotti&#8221;][\/vc_column][vc_column width=&#8221;1\/2&#8243;][vc_empty_space height=&#8221;50px&#8221;][vc_wp_text]Il s&#8217;agit d&#8217;un m\u00e9lange de caf\u00e9s de qualit\u00e9, soigneusement torr\u00e9fi\u00e9s et d\u00e9caf\u00e9in\u00e9s pour offrir aux consommateurs un vrai caf\u00e9 expresso italien.<\/p>\n<p>Le caf\u00e9 contenu dans la dose de 6,25g est moulu express\u00e9ment pour la machine expresso bar.<\/p>\n<p>Authentique dans le gout, le parfum, l\u2019ar\u00f4me et sans caf\u00e9ine.<\/p>\n<p>Nous avons r\u00e9ussi \u00e0 faire du bon caf\u00e9 m\u00eame pour ceux qui ne peuvent pas en boire.[\/vc_wp_text][\/vc_column][\/vc_row][\/vc_section][vc_section el_class=&#8221;wrap-home-pillars&#8221; css=&#8221;.vc_custom_1562852209382{border-bottom-width: 5px !important;border-bottom-color: #ffffff !important;border-bottom-style: solid !important;}&#8221;][vc_row][vc_column width=&#8221;1\/3&#8243; css=&#8221;.vc_custom_1626191093928{background-color: #e40520 !important;}&#8221;][vc_raw_html]JTNDZGl2JTIwY2xhc3MlM0QlMjJqYXMtc2VydmljZSUyMHRjJTIwd3JhcC1ob21lLXBpbGxhcnMtc2luZ2xlJTIwYm9yZGVyLXJpZ2h0LXdoaXRlJTIyJTNFJTBBJTNDYSUyMGhyZWYlM0QlMjJodHRwcyUzQSUyRiUyRnd3dy5pdGFsY2FmZmUuaXQlMkZmciUyRnNob3AlMkZjYWZlLW1vdWx1JTJGbW91dHVyZS1jYWZldGllcmUtaXRhbGllbm5lJTJGMTAwLWFyYWJpY2ElMkYlMjIlM0UlMEElMEElM0NkaXYlMjBjbGFzcyUzRCUyMmljb24lMjBtZWRpdW0lMjBjcCUyMiUyMHN0eWxlJTNEJTIyY29sb3IlM0ElMjAlMjNmZmZmZmYlM0IlMjIlM0UlM0NpJTIwY2xhc3MlM0QlMjJwZS03cy10aW1lciUyMiUzRSUzQyUyRmklM0UlM0MlMkZkaXYlM0UlM0NkaXYlMjBjbGFzcyUzRCUyMmNvbnRlbnQlMjIlM0UlM0NoMyUyMGNsYXNzJTNEJTIydGl0bGUlMjBjcCUyMHR1JTIwZnNfXzE0JTIwbWdfXzAlMjBtYl9fNSUyMiUyMHN0eWxlJTNEJTIyY29sb3IlM0ElMjAlMjNmZmZmZmYlM0IlMjIlM0VDT01NQU5ERU5aJTIwRU4lMjBMSUdORSUzQyUyRmgzJTNFJTNDcCUyMGNsYXNzJTNEJTIybWdfXzAlMjIlMjBzdHlsZSUzRCUyMmNvbG9yJTNBJTIwJTIzZmZmZmZmJTNCJTIyJTNFMjQlMjBoJTIwc3VyJTIwMjQlMjBoJTNDJTJGcCUzRSUzQyUyRmRpdiUzRSUwQSUzQyUyRmElM0UlMEElM0MlMkZkaXYlM0U=[\/vc_raw_html][\/vc_column][vc_column width=&#8221;1\/3&#8243; css=&#8221;.vc_custom_1626191106708{background-color: #e40520 !important;}&#8221;][vc_raw_html]JTNDZGl2JTIwY2xhc3MlM0QlMjJqYXMtc2VydmljZSUyMHRjJTIwd3JhcC1ob21lLXBpbGxhcnMtc2luZ2xlJTIwYm9yZGVyLXJpZ2h0LXdoaXRlJTIyJTNFJTBBJTNDYSUyMGhyZWYlM0QlMjJodHRwcyUzQSUyRiUyRnd3dy5pdGFsY2FmZmUuaXQlMkZmciUyRnNob3AlMkZjYWZlLW1vdWx1JTJGbW91dHVyZS1jYWZldGllcmUtaXRhbGllbm5lJTJGMTAwLWFyYWJpY2ElMkYlMjIlM0UlMEElMEElM0NkaXYlMjBjbGFzcyUzRCUyMmljb24lMjBtZWRpdW0lMjBjcCUyMiUyMHN0eWxlJTNEJTIyY29sb3IlM0ElMjAlMjNmZmZmZmYlM0IlMjIlM0UlM0NpJTIwY2xhc3MlM0QlMjJwZS03cy10aW1lciUyMiUzRSUzQyUyRmklM0UlM0MlMkZkaXYlM0UlM0NkaXYlMjBjbGFzcyUzRCUyMmNvbnRlbnQlMjIlM0UlM0NoMyUyMGNsYXNzJTNEJTIydGl0bGUlMjBjcCUyMHR1JTIwZnNfXzE0JTIwbWdfXzAlMjBtYl9fNSUyMiUyMHN0eWxlJTNEJTIyY29sb3IlM0ElMjAlMjNmZmZmZmYlM0IlMjIlM0VDT01NQU5ERU5aJTIwRU4lMjBMSUdORSUzQyUyRmgzJTNFJTNDcCUyMGNsYXNzJTNEJTIybWdfXzAlMjIlMjBzdHlsZSUzRCUyMmNvbG9yJTNBJTIwJTIzZmZmZmZmJTNCJTIyJTNFMjQlMjBoJTIwc3VyJTIwMjQlMjBoJTNDJTJGcCUzRSUzQyUyRmRpdiUzRSUwQSUzQyUyRmElM0UlMEElM0MlMkZkaXYlM0U=[\/vc_raw_html][\/vc_column][vc_column width=&#8221;1\/3&#8243; css=&#8221;.vc_custom_1626191131839{background-color: #e40520 !important;}&#8221;][vc_raw_html]JTNDZGl2JTIwY2xhc3MlM0QlMjJqYXMtc2VydmljZSUyMHRjJTIwd3JhcC1ob21lLXBpbGxhcnMtc2luZ2xlJTIyJTNFJTBBJTNDYSUyRiUyMiUzRSUwQSUwQSUzQ2RpdiUyMGNsYXNzJTNEJTIyaWNvbiUyMG1lZGl1bSUyMGNwJTIyJTIwc3R5bGUlM0QlMjJjb2xvciUzQSUyMCUyM2ZmZmZmZiUzQiUyMiUzRSUzQ2klMjBjbGFzcyUzRCUyMnBlLTdzLWRpYW1vbmQlMjIlM0UlM0MlMkZpJTNFJTNDJTJGZGl2JTNFJTNDZGl2JTIwY2xhc3MlM0QlMjJjb250ZW50JTIyJTNFJTNDaDMlMjBjbGFzcyUzRCUyMnRpdGxlJTIwY3AlMjB0dSUyMGZzX18xNCUyMG1nX18wJTIwbWJfXzUlMjIlMjBzdHlsZSUzRCUyMmNvbG9yJTNBJTIwJTIzZmZmZmZmJTNCJTIyJTNFQ0hPSVNJU1NFWiUyMExBJTIwUVVBTElUJUMzJTg5JTNDJTJGaDMlM0UlM0NwJTIwY2xhc3MlM0QlMjJtZ19fMCUyMiUyMHN0eWxlJTNEJTIyY29sb3IlM0ElMjAlMjNmZmZmZmYlM0IlMjIlM0VMZXMlMjBtZWlsbGV1cnMlMjBjYWYlQzMlQTlzJTIwZHUlMjBtb25kZSUyMHByJUMzJUE5c2VudHMlMjBzdXIlMjBub3MlMjB0ZXJyZXMlM0MlMkZwJTNFJTNDJTJGZGl2JTNFJTBBJTBBJTNDJTJGYSUzRSUwQSUzQyUyRmRpdiUzRQ==[\/vc_raw_html][\/vc_column][\/vc_row][\/vc_section][vc_row][vc_column][vc_empty_space height=&#8221;100px&#8221;][\/vc_column][\/vc_row]<\/p>\n<\/div>","protected":false},"excerpt":{"rendered":"<p>[vc_section el_class=&#8221;wrap-content-limit&#8221;][vc_row el_class=&#8221;wrap-content-limit&#8221;][vc_column][vc_custom_heading divider=&#8221;yes&#8221; text=&#8221;Espresso D\u00e9caf\u00e9in\u00e8&#8221; font_container=&#8221;tag:h1|font_size:24px|text_align:center|color:%23000000|line_height:24px&#8221; use_theme_fonts=&#8221;yes&#8221; el_class=&#8221;text-uppercase&#8221;][\/vc_column][\/vc_row][vc_row][vc_column width=&#8221;1\/2&#8243;][vc_gallery type=&#8221;flexslider_slide&#8221; interval=&#8221;5&#8243; images=&#8221;26925&#8243; img_size=&#8221;570&#215;760&#8243; onclick=&#8221;&#8221; el_class=&#8221;flexslider-prodotti&#8221;][\/vc_column][vc_column width=&#8221;1\/2&#8243;][vc_empty_space height=&#8221;50px&#8221;][vc_wp_text]Il s&#8217;agit d&#8217;un m\u00e9lange de caf\u00e9s de qualit\u00e9, soigneusement torr\u00e9fi\u00e9s et d\u00e9caf\u00e9in\u00e9s pour offrir aux consommateurs un vrai caf\u00e9 expresso italien. Le caf\u00e9 contenu dans la dose de 6,25g est moulu express\u00e9ment pour la machine expresso bar. Authentique [&hellip;]<\/p>\n","protected":false},"author":3,"featured_media":26925,"parent":19842,"menu_order":1,"comment_status":"closed","ping_status":"closed","template":"","meta":{"_acf_changed":false,"footnotes":""},"class_list":["post-19493","page","type-page","status-publish","has-post-thumbnail","hentry"],"acf":[],"yoast_head":"<!-- This site is optimized with the Yoast SEO plugin v27.0 - https:\/\/yoast.com\/product\/yoast-seo-wordpress\/ -->\n<title>Expresso D\u00e9caf\u00e9in\u00e9 en sachets unidose de 7g I Italcaffe<\/title>\n<meta name=\"description\" content=\"D\u00e9couvrez notre m\u00e9lange de caf\u00e9 prestigieux et d\u00e9caf\u00e9in\u00e9 en sachets unidose pour un vrai expresso aussi bien pour le go\u00fbt que pour l&#039;ar\u00f4me.\" \/>\n<meta name=\"robots\" content=\"index, follow, max-snippet:-1, max-image-preview:large, max-video-preview:-1\" \/>\n<link rel=\"canonical\" href=\"https:\/\/italcaffe.it\/fr\/produits-accessoires\/ligne-accessoires-et-specialites\/decafeine-en-sachets\/\" \/>\n<meta property=\"og:locale\" content=\"fr_FR\" \/>\n<meta property=\"og:type\" content=\"article\" \/>\n<meta property=\"og:title\" content=\"Expresso D\u00e9caf\u00e9in\u00e9 en sachets unidose de 7g I Italcaffe\" \/>\n<meta property=\"og:description\" content=\"D\u00e9couvrez notre m\u00e9lange de caf\u00e9 prestigieux et d\u00e9caf\u00e9in\u00e9 en sachets unidose pour un vrai expresso aussi bien pour le go\u00fbt que pour l&#039;ar\u00f4me.\" \/>\n<meta property=\"og:url\" content=\"https:\/\/italcaffe.it\/fr\/produits-accessoires\/ligne-accessoires-et-specialites\/decafeine-en-sachets\/\" \/>\n<meta property=\"og:site_name\" content=\"Italcaff\u00e8\" \/>\n<meta property=\"article:modified_time\" content=\"2021-07-13T15:46:07+00:00\" \/>\n<meta property=\"og:image\" content=\"https:\/\/italcaffe.it\/wp-content\/uploads\/2020\/02\/italcaffe85267.png\" \/>\n\t<meta property=\"og:image:width\" content=\"825\" \/>\n\t<meta property=\"og:image:height\" content=\"1100\" \/>\n\t<meta property=\"og:image:type\" content=\"image\/png\" \/>\n<meta name=\"twitter:card\" content=\"summary_large_image\" \/>\n<meta name=\"twitter:label1\" content=\"Dur\u00e9e de lecture estim\u00e9e\" \/>\n\t<meta name=\"twitter:data1\" content=\"2 minutes\" \/>\n<script type=\"application\/ld+json\" class=\"yoast-schema-graph\">{\"@context\":\"https:\/\/schema.org\",\"@graph\":[{\"@type\":\"WebPage\",\"@id\":\"https:\/\/italcaffe.it\/fr\/produits-accessoires\/ligne-accessoires-et-specialites\/decafeine-en-sachets\/\",\"url\":\"https:\/\/italcaffe.it\/fr\/produits-accessoires\/ligne-accessoires-et-specialites\/decafeine-en-sachets\/\",\"name\":\"Expresso D\u00e9caf\u00e9in\u00e9 en sachets unidose de 7g I Italcaffe\",\"isPartOf\":{\"@id\":\"https:\/\/italcaffe.it\/fr\/#website\"},\"primaryImageOfPage\":{\"@id\":\"https:\/\/italcaffe.it\/fr\/produits-accessoires\/ligne-accessoires-et-specialites\/decafeine-en-sachets\/#primaryimage\"},\"image\":{\"@id\":\"https:\/\/italcaffe.it\/fr\/produits-accessoires\/ligne-accessoires-et-specialites\/decafeine-en-sachets\/#primaryimage\"},\"thumbnailUrl\":\"https:\/\/italcaffe.it\/wp-content\/uploads\/2020\/02\/italcaffe85267.png\",\"datePublished\":\"2019-10-17T11:04:53+00:00\",\"dateModified\":\"2021-07-13T15:46:07+00:00\",\"description\":\"D\u00e9couvrez notre m\u00e9lange de caf\u00e9 prestigieux et d\u00e9caf\u00e9in\u00e9 en sachets unidose pour un vrai expresso aussi bien pour le go\u00fbt que pour l'ar\u00f4me.\",\"breadcrumb\":{\"@id\":\"https:\/\/italcaffe.it\/fr\/produits-accessoires\/ligne-accessoires-et-specialites\/decafeine-en-sachets\/#breadcrumb\"},\"inLanguage\":\"fr-FR\",\"potentialAction\":[{\"@type\":\"ReadAction\",\"target\":[\"https:\/\/italcaffe.it\/fr\/produits-accessoires\/ligne-accessoires-et-specialites\/decafeine-en-sachets\/\"]}]},{\"@type\":\"ImageObject\",\"inLanguage\":\"fr-FR\",\"@id\":\"https:\/\/italcaffe.it\/fr\/produits-accessoires\/ligne-accessoires-et-specialites\/decafeine-en-sachets\/#primaryimage\",\"url\":\"https:\/\/italcaffe.it\/wp-content\/uploads\/2020\/02\/italcaffe85267.png\",\"contentUrl\":\"https:\/\/italcaffe.it\/wp-content\/uploads\/2020\/02\/italcaffe85267.png\",\"width\":825,\"height\":1100},{\"@type\":\"BreadcrumbList\",\"@id\":\"https:\/\/italcaffe.it\/fr\/produits-accessoires\/ligne-accessoires-et-specialites\/decafeine-en-sachets\/#breadcrumb\",\"itemListElement\":[{\"@type\":\"ListItem\",\"position\":1,\"name\":\"Home\",\"item\":\"https:\/\/italcaffe.it\/fr\/\"},{\"@type\":\"ListItem\",\"position\":2,\"name\":\"LES PRODUITS\",\"item\":\"https:\/\/italcaffe.it\/fr\/produits-accessoires\/\"},{\"@type\":\"ListItem\",\"position\":3,\"name\":\"Ligne Accessoires et Specialites\",\"item\":\"https:\/\/italcaffe.it\/fr\/produits-accessoires\/ligne-accessoires-et-specialites\/\"},{\"@type\":\"ListItem\",\"position\":4,\"name\":\"ESPRESSO D\u00c9CAF\u00c9IN\u00c8\"}]},{\"@type\":\"WebSite\",\"@id\":\"https:\/\/italcaffe.it\/fr\/#website\",\"url\":\"https:\/\/italcaffe.it\/fr\/\",\"name\":\"Italcaff\u00e8\",\"description\":\"50 Anni insieme\",\"potentialAction\":[{\"@type\":\"SearchAction\",\"target\":{\"@type\":\"EntryPoint\",\"urlTemplate\":\"https:\/\/italcaffe.it\/fr\/?s={search_term_string}\"},\"query-input\":{\"@type\":\"PropertyValueSpecification\",\"valueRequired\":true,\"valueName\":\"search_term_string\"}}],\"inLanguage\":\"fr-FR\"}]}<\/script>\n<!-- \/ Yoast SEO plugin. -->","yoast_head_json":{"title":"Expresso D\u00e9caf\u00e9in\u00e9 en sachets unidose de 7g I Italcaffe","description":"D\u00e9couvrez notre m\u00e9lange de caf\u00e9 prestigieux et d\u00e9caf\u00e9in\u00e9 en sachets unidose pour un vrai expresso aussi bien pour le go\u00fbt que pour l'ar\u00f4me.","robots":{"index":"index","follow":"follow","max-snippet":"max-snippet:-1","max-image-preview":"max-image-preview:large","max-video-preview":"max-video-preview:-1"},"canonical":"https:\/\/italcaffe.it\/fr\/produits-accessoires\/ligne-accessoires-et-specialites\/decafeine-en-sachets\/","og_locale":"fr_FR","og_type":"article","og_title":"Expresso D\u00e9caf\u00e9in\u00e9 en sachets unidose de 7g I Italcaffe","og_description":"D\u00e9couvrez notre m\u00e9lange de caf\u00e9 prestigieux et d\u00e9caf\u00e9in\u00e9 en sachets unidose pour un vrai expresso aussi bien pour le go\u00fbt que pour l'ar\u00f4me.","og_url":"https:\/\/italcaffe.it\/fr\/produits-accessoires\/ligne-accessoires-et-specialites\/decafeine-en-sachets\/","og_site_name":"Italcaff\u00e8","article_modified_time":"2021-07-13T15:46:07+00:00","og_image":[{"width":825,"height":1100,"url":"https:\/\/italcaffe.it\/wp-content\/uploads\/2020\/02\/italcaffe85267.png","type":"image\/png"}],"twitter_card":"summary_large_image","twitter_misc":{"Dur\u00e9e de lecture estim\u00e9e":"2 minutes"},"schema":{"@context":"https:\/\/schema.org","@graph":[{"@type":"WebPage","@id":"https:\/\/italcaffe.it\/fr\/produits-accessoires\/ligne-accessoires-et-specialites\/decafeine-en-sachets\/","url":"https:\/\/italcaffe.it\/fr\/produits-accessoires\/ligne-accessoires-et-specialites\/decafeine-en-sachets\/","name":"Expresso D\u00e9caf\u00e9in\u00e9 en sachets unidose de 7g I Italcaffe","isPartOf":{"@id":"https:\/\/italcaffe.it\/fr\/#website"},"primaryImageOfPage":{"@id":"https:\/\/italcaffe.it\/fr\/produits-accessoires\/ligne-accessoires-et-specialites\/decafeine-en-sachets\/#primaryimage"},"image":{"@id":"https:\/\/italcaffe.it\/fr\/produits-accessoires\/ligne-accessoires-et-specialites\/decafeine-en-sachets\/#primaryimage"},"thumbnailUrl":"https:\/\/italcaffe.it\/wp-content\/uploads\/2020\/02\/italcaffe85267.png","datePublished":"2019-10-17T11:04:53+00:00","dateModified":"2021-07-13T15:46:07+00:00","description":"D\u00e9couvrez notre m\u00e9lange de caf\u00e9 prestigieux et d\u00e9caf\u00e9in\u00e9 en sachets unidose pour un vrai expresso aussi bien pour le go\u00fbt que pour l'ar\u00f4me.","breadcrumb":{"@id":"https:\/\/italcaffe.it\/fr\/produits-accessoires\/ligne-accessoires-et-specialites\/decafeine-en-sachets\/#breadcrumb"},"inLanguage":"fr-FR","potentialAction":[{"@type":"ReadAction","target":["https:\/\/italcaffe.it\/fr\/produits-accessoires\/ligne-accessoires-et-specialites\/decafeine-en-sachets\/"]}]},{"@type":"ImageObject","inLanguage":"fr-FR","@id":"https:\/\/italcaffe.it\/fr\/produits-accessoires\/ligne-accessoires-et-specialites\/decafeine-en-sachets\/#primaryimage","url":"https:\/\/italcaffe.it\/wp-content\/uploads\/2020\/02\/italcaffe85267.png","contentUrl":"https:\/\/italcaffe.it\/wp-content\/uploads\/2020\/02\/italcaffe85267.png","width":825,"height":1100},{"@type":"BreadcrumbList","@id":"https:\/\/italcaffe.it\/fr\/produits-accessoires\/ligne-accessoires-et-specialites\/decafeine-en-sachets\/#breadcrumb","itemListElement":[{"@type":"ListItem","position":1,"name":"Home","item":"https:\/\/italcaffe.it\/fr\/"},{"@type":"ListItem","position":2,"name":"LES PRODUITS","item":"https:\/\/italcaffe.it\/fr\/produits-accessoires\/"},{"@type":"ListItem","position":3,"name":"Ligne Accessoires et Specialites","item":"https:\/\/italcaffe.it\/fr\/produits-accessoires\/ligne-accessoires-et-specialites\/"},{"@type":"ListItem","position":4,"name":"ESPRESSO D\u00c9CAF\u00c9IN\u00c8"}]},{"@type":"WebSite","@id":"https:\/\/italcaffe.it\/fr\/#website","url":"https:\/\/italcaffe.it\/fr\/","name":"Italcaff\u00e8","description":"50 Anni insieme","potentialAction":[{"@type":"SearchAction","target":{"@type":"EntryPoint","urlTemplate":"https:\/\/italcaffe.it\/fr\/?s={search_term_string}"},"query-input":{"@type":"PropertyValueSpecification","valueRequired":true,"valueName":"search_term_string"}}],"inLanguage":"fr-FR"}]}},"_links":{"self":[{"href":"https:\/\/italcaffe.it\/fr\/wp-json\/wp\/v2\/pages\/19493","targetHints":{"allow":["GET"]}}],"collection":[{"href":"https:\/\/italcaffe.it\/fr\/wp-json\/wp\/v2\/pages"}],"about":[{"href":"https:\/\/italcaffe.it\/fr\/wp-json\/wp\/v2\/types\/page"}],"author":[{"embeddable":true,"href":"https:\/\/italcaffe.it\/fr\/wp-json\/wp\/v2\/users\/3"}],"replies":[{"embeddable":true,"href":"https:\/\/italcaffe.it\/fr\/wp-json\/wp\/v2\/comments?post=19493"}],"version-history":[{"count":0,"href":"https:\/\/italcaffe.it\/fr\/wp-json\/wp\/v2\/pages\/19493\/revisions"}],"up":[{"embeddable":true,"href":"https:\/\/italcaffe.it\/fr\/wp-json\/wp\/v2\/pages\/19842"}],"wp:featuredmedia":[{"embeddable":true,"href":"https:\/\/italcaffe.it\/fr\/wp-json\/wp\/v2\/media\/26925"}],"wp:attachment":[{"href":"https:\/\/italcaffe.it\/fr\/wp-json\/wp\/v2\/media?parent=19493"}],"curies":[{"name":"wp","href":"https:\/\/api.w.org\/{rel}","templated":true}]}}