{"id":19638,"date":"2019-10-17T15:25:41","date_gmt":"2019-10-17T14:25:41","guid":{"rendered":"https:\/\/www.italcaffe.it\/les-produits\/ligne-expresso\/gusto-aroma-1000g\/"},"modified":"2022-02-17T15:29:45","modified_gmt":"2022-02-17T14:29:45","slug":"gusto-aroma-1000g","status":"publish","type":"page","link":"https:\/\/italcaffe.it\/fr\/produits-accessoires\/gamme-espresso\/gusto-aroma-1000g\/","title":{"rendered":"GUSTO &amp; AROMA 1000g"},"content":{"rendered":"<div class=\"wpb-content-wrapper\"><p>[vc_section el_class=&#8221;wrap-content-limit&#8221;][vc_row el_class=&#8221;wrap-content-limit&#8221;][vc_column][vc_raw_html]JTNDaDIlMjBzdHlsZSUzRCUyMmZvbnQtc2l6ZSUzQSUyMDI0cHglM0JsaW5lLWhlaWdodCUzQSUyMDI0cHglM0J0ZXh0LWFsaWduJTNBJTIwY2VudGVyJTIyJTIwY2xhc3MlM0QlMjJ2Y19jdXN0b21faGVhZGluZyUyMHRleHQtdXBwZXJjYXNlJTIwZGl2aWRlciUyMHByJTIyJTNFR1VTVE8lMjAlMjYlMjBBUk9NQSUyMDEwMDAlM0NzcGFuJTIwY2xhc3MlM0QlMjJ0ZXh0LWxvd2VyY2FzZSUyMiUzRWclM0MlMkZoMiUzRQ==[\/vc_raw_html][\/vc_column][\/vc_row][vc_row][vc_column width=&#8221;1\/2&#8243;][vc_gallery type=&#8221;flexslider_slide&#8221; interval=&#8221;5&#8243; images=&#8221;8381,8385&#8243; img_size=&#8221;570&#215;760&#8243; onclick=&#8221;&#8221; el_class=&#8221;flexslider-prodotti&#8221;][\/vc_column][vc_column width=&#8221;1\/2&#8243;][vc_empty_space height=&#8221;50px&#8221;][vc_raw_html]JTNDZGl2JTIwY2xhc3MlM0QlMjJ3b29jb21tZXJjZS1wcm9kdWN0LWRldGFpbHNfX3Nob3J0LWRlc2NyaXB0aW9uJTIyJTNFJTBBJTA5JTA5JTNDaDIlMjBjbGFzcyUzRCUyMnByb2R1Y3RfdGl0bGUlMjBlbnRyeS10aXRsZSUyMHRleHQtdXBwZXJjYXNlJTIwcHRfXzMwJTIyJTNFQ2FyYWN0JUMzJUE5cmlzdGlxdWVzJTIwZHUlMjBjYWYlQzMlQTklM0MlMkZoMiUzRSUwOSUwOSUzQ2RpdiUyMGNsYXNzJTNEJTIyamFzLXJvdyUyMiUzRSUzQ2RpdiUyMGNsYXNzJTNEJTIyamFzLWNvbC1tZC01JTIwdGV4dC1yaWdodCUyMGN1cy1wcm9maWxvLXNlbnNvcmlhbGUtbm9tZSUyMiUzRSUzQ3NwYW4lMjBjbGFzcyUzRCUyMnRleHQtdXBwZXJjYXNlJTIyJTNFVG9yciVDMyVBOWZhY3Rpb24lM0MlMkZzcGFuJTNFJTNDJTJGZGl2JTNFJTNDZGl2JTIwY2xhc3MlM0QlMjJqYXMtY29sLW1kLTclMjIlM0UlM0NzcGFuJTIwY2xhc3MlM0QlMjJjdXMtcHJvZmlsby1zZW5zb3JpYWxlLWNoaWNjaGklMjBjdXMtcHJvZmlsby1zZW5zb3JpYWxlLWNoaWNjaGktMyUyMiUzRSUzQyUyRnNwYW4lM0UlM0MlMkZkaXYlM0UlM0MlMkZkaXYlM0UlM0NkaXYlMjBjbGFzcyUzRCUyMmphcy1yb3clMjIlM0UlM0NkaXYlMjBjbGFzcyUzRCUyMmphcy1jb2wtbWQtNSUyMHRleHQtcmlnaHQlMjBjdXMtcHJvZmlsby1zZW5zb3JpYWxlLW5vbWUlMjIlM0UlM0NzcGFuJTIwY2xhc3MlM0QlMjJ0ZXh0LXVwcGVyY2FzZSUyMiUzRUNvcnBzJTNDJTJGc3BhbiUzRSUzQyUyRmRpdiUzRSUzQ2RpdiUyMGNsYXNzJTNEJTIyamFzLWNvbC1tZC03JTIyJTNFJTNDc3BhbiUyMGNsYXNzJTNEJTIyY3VzLXByb2ZpbG8tc2Vuc29yaWFsZS1jaGljY2hpJTIwY3VzLXByb2ZpbG8tc2Vuc29yaWFsZS1jaGljY2hpLTQlMjIlM0UlM0MlMkZzcGFuJTNFJTNDJTJGZGl2JTNFJTNDJTJGZGl2JTNFJTNDZGl2JTIwY2xhc3MlM0QlMjJqYXMtcm93JTIyJTNFJTNDZGl2JTIwY2xhc3MlM0QlMjJqYXMtY29sLW1kLTUlMjB0ZXh0LXJpZ2h0JTIwY3VzLXByb2ZpbG8tc2Vuc29yaWFsZS1ub21lJTIyJTNFJTNDc3BhbiUyMGNsYXNzJTNEJTIydGV4dC11cHBlcmNhc2UlMjIlM0VBciVDMyVCNG1lJTNDJTJGc3BhbiUzRSUzQyUyRmRpdiUzRSUzQ2RpdiUyMGNsYXNzJTNEJTIyamFzLWNvbC1tZC03JTIyJTNFJTNDc3BhbiUyMGNsYXNzJTNEJTIyY3VzLXByb2ZpbG8tc2Vuc29yaWFsZS1jaGljY2hpJTIwY3VzLXByb2ZpbG8tc2Vuc29yaWFsZS1jaGljY2hpLTMlMjIlM0UlM0MlMkZzcGFuJTNFJTNDJTJGZGl2JTNFJTNDJTJGZGl2JTNFJTNDZGl2JTIwY2xhc3MlM0QlMjJqYXMtcm93JTIyJTNFJTNDZGl2JTIwY2xhc3MlM0QlMjJqYXMtY29sLW1kLTUlMjB0ZXh0LXJpZ2h0JTIwY3VzLXByb2ZpbG8tc2Vuc29yaWFsZS1ub21lJTIyJTNFJTNDc3BhbiUyMGNsYXNzJTNEJTIydGV4dC11cHBlcmNhc2UlMjIlM0VEb3VjZXVyJTNDJTJGc3BhbiUzRSUzQyUyRmRpdiUzRSUzQ2RpdiUyMGNsYXNzJTNEJTIyamFzLWNvbC1tZC03JTIyJTNFJTNDc3BhbiUyMGNsYXNzJTNEJTIyY3VzLXByb2ZpbG8tc2Vuc29yaWFsZS1jaGljY2hpJTIwY3VzLXByb2ZpbG8tc2Vuc29yaWFsZS1jaGljY2hpLTQlMjIlM0UlM0MlMkZzcGFuJTNFJTNDJTJGZGl2JTNFJTNDJTJGZGl2JTNFJTNDZGl2JTIwY2xhc3MlM0QlMjJqYXMtcm93JTIyJTNFJTNDZGl2JTIwY2xhc3MlM0QlMjJqYXMtY29sLW1kLTUlMjB0ZXh0LXJpZ2h0JTIwY3VzLXByb2ZpbG8tc2Vuc29yaWFsZS1ub21lJTIyJTNFJTNDc3BhbiUyMGNsYXNzJTNEJTIydGV4dC11cHBlcmNhc2UlMjIlM0VBY2lkaXQlQzMlQTklM0MlMkZzcGFuJTNFJTNDJTJGZGl2JTNFJTNDZGl2JTIwY2xhc3MlM0QlMjJqYXMtY29sLW1kLTclMjIlM0UlM0NzcGFuJTIwY2xhc3MlM0QlMjJjdXMtcHJvZmlsby1zZW5zb3JpYWxlLWNoaWNjaGklMjBjdXMtcHJvZmlsby1zZW5zb3JpYWxlLWNoaWNjaGktMiUyMiUzRSUzQyUyRnNwYW4lM0UlM0MlMkZkaXYlM0UlM0MlMkZkaXYlM0UlMEElMDklM0MlMkZkaXYlM0U=[\/vc_raw_html][vc_wp_text]Un m\u00e9lange de caf\u00e9 au go\u00fbt fort et d\u00e9licat ainsi qu\u2019\u00e0 l\u2019ar\u00f4me riche et intense.<\/p>\n<p>Un m\u00e9lange adapt\u00e9 pour chaque bar, dans le respect de la tradition italienne pour un caf\u00e9 riche de corps et de caract\u00e8re.<\/p>\n<p>Il s&#8217;agit d&#8217;un paquet de 1000g conditionn\u00e9 sous atmosph\u00e8re protectrice et avec une valve monodirectionnelle de garantie d\u2019ar\u00f4me, id\u00e9al pour conserver le go\u00fbt et la fraicheur des grains de caf\u00e9.[\/vc_wp_text][\/vc_column][\/vc_row][\/vc_section][vc_section el_class=&#8221;wrap-home-pillars&#8221; css=&#8221;.vc_custom_1562852209382{border-bottom-width: 5px !important;border-bottom-color: #ffffff !important;border-bottom-style: solid !important;}&#8221;][vc_row css=&#8221;.vc_custom_1570542705221{padding-top: 50px !important;padding-bottom: 25px !important;background-color: #e40520 !important;}&#8221;][vc_column width=&#8221;1\/3&#8243; css=&#8221;.vc_custom_1570542690545{margin-bottom: 0px !important;padding-bottom: 0px !important;background-color: #e40520 !important;}&#8221;][vc_raw_html css=&#8221;.vc_custom_1589491726209{margin-top: 0px !important;margin-bottom: 0px !important;padding-top: 0px !important;padding-bottom: 0px !important;}&#8221;]JTNDZGl2JTIwY2xhc3MlM0QlMjJqYXMtc2VydmljZSUyMHRjJTIwd3JhcC1ob21lLXBpbGxhcnMtc2luZ2xlJTIwYm9yZGVyLXJpZ2h0LXdoaXRlJTIyJTNFJTBBJTNDYSUyMGhyZWYlM0QlMjJodHRwcyUzQSUyRiUyRnd3dy5pdGFsY2FmZmUuaXQlMkZmciUyRnNob3AlMkZteS1hY2NvdW50JTJGJTIyJTNFJTBBJTNDZGl2JTIwY2xhc3MlM0QlMjJpY29uJTIwbWVkaXVtJTIwY3AlMjIlMjBzdHlsZSUzRCUyMmNvbG9yJTNBJTIwJTIzZmZmZmZmJTNCJTIyJTNFJTBBJTNDaSUyMGNsYXNzJTNEJTIycGUtN3MtY2FyJTIwaWNvLWN1cy1zY29udG8lMjIlM0UlM0MlMkZpJTNFJTBBJTNDJTJGZGl2JTNFJTBBJTNDZGl2JTIwY2xhc3MlM0QlMjJjb250ZW50JTIyJTNFJTNDaDMlMjBjbGFzcyUzRCUyMnRpdGxlJTIwY3AlMjB0dSUyMGZzX18xNCUyMG1nX18wJTIwbWJfXzUlMjB0ZXh0LXVwcGVyY2FzZSUyMiUyMHN0eWxlJTNEJTIyY29sb3IlM0ElMjAlMjNmZmZmZmYlM0IlMjIlM0VSRU1JU0UlMjBTUCVDMyU4OUNJQUxFJTIwLTEwJTI1JTNDJTJGaDMlM0UlM0NwJTIwY2xhc3MlM0QlMjJtZ19fMCUyMiUyMHN0eWxlJTNEJTIyY29sb3IlM0ElMjAlMjNmZmZmZmYlM0IlMjIlM0Vwb3VyJTIwbGVzJTIwY2xpZW50cyUyMGluc2NyaXRzJTNDJTJGcCUzRSUzQyUyRmRpdiUzRSUwQSUwQSUwQSUzQyUyRmElM0UlMEElM0MlMkZkaXYlM0U=[\/vc_raw_html][\/vc_column][vc_column width=&#8221;1\/3&#8243; css=&#8221;.vc_custom_1570542697425{background-color: #e40520 !important;}&#8221;][vc_raw_html css=&#8221;.vc_custom_1589491772294{margin-top: 0px !important;margin-bottom: 0px !important;padding-top: 0px !important;padding-bottom: 0px !important;}&#8221;]JTNDZGl2JTIwY2xhc3MlM0QlMjJqYXMtc2VydmljZSUyMHRjJTIwd3JhcC1ob21lLXBpbGxhcnMtc2luZ2xlJTIwYm9yZGVyLXJpZ2h0LXdoaXRlJTIyJTNFJTBBJTNDYSUyMGhyZWYlM0QlMjJodHRwcyUzQSUyRiUyRnd3dy5pdGFsY2FmZmUuaXQlMkZmciUyRnNob3AlMkZjYWZlLWdyYWluJTJGZXNwcmVzc28tY2FmZS1ncmFpbiUyRmd1c3RvLWFyb21hLWl0YWxjYWZmZS1leHByZXNzby0xa2clMkYlMjIlM0UlMEElMEElM0NkaXYlMjBjbGFzcyUzRCUyMmljb24lMjBtZWRpdW0lMjBjcCUyMiUyMHN0eWxlJTNEJTIyY29sb3IlM0ElMjAlMjNmZmZmZmYlM0IlMjIlM0UlM0NpJTIwY2xhc3MlM0QlMjJwZS03cy10aW1lciUyMiUzRSUzQyUyRmklM0UlM0MlMkZkaXYlM0UlM0NkaXYlMjBjbGFzcyUzRCUyMmNvbnRlbnQlMjIlM0UlM0NoMyUyMGNsYXNzJTNEJTIydGl0bGUlMjBjcCUyMHR1JTIwZnNfXzE0JTIwbWdfXzAlMjBtYl9fNSUyMiUyMHN0eWxlJTNEJTIyY29sb3IlM0ElMjAlMjNmZmZmZmYlM0IlMjIlM0VDT01NQU5ERU5aJTIwRU4lMjBMSUdORSUzQyUyRmgzJTNFJTNDcCUyMGNsYXNzJTNEJTIybWdfXzAlMjIlMjBzdHlsZSUzRCUyMmNvbG9yJTNBJTIwJTIzZmZmZmZmJTNCJTIyJTNFMjQlMjBoJTIwc3VyJTIwMjQlMjBoJTNDJTJGcCUzRSUzQyUyRmRpdiUzRSUwQSUzQyUyRmElM0UlMEElM0MlMkZkaXYlM0U=[\/vc_raw_html][\/vc_column][vc_column width=&#8221;1\/3&#8243; css=&#8221;.vc_custom_1563818085979{margin-top: 0px !important;margin-bottom: 0px !important;padding-top: 0px !important;padding-bottom: 0px !important;}&#8221;][vc_raw_html css=&#8221;.vc_custom_1589491779236{margin-top: 0px !important;margin-bottom: 0px !important;padding-top: 0px !important;padding-bottom: 0px !important;}&#8221;]JTNDZGl2JTIwY2xhc3MlM0QlMjJqYXMtc2VydmljZSUyMHRjJTIwd3JhcC1ob21lLXBpbGxhcnMtc2luZ2xlJTIyJTNFJTBBJTNDYSUyRiUyMiUzRSUwQSUwQSUzQ2RpdiUyMGNsYXNzJTNEJTIyaWNvbiUyMG1lZGl1bSUyMGNwJTIyJTIwc3R5bGUlM0QlMjJjb2xvciUzQSUyMCUyM2ZmZmZmZiUzQiUyMiUzRSUzQ2klMjBjbGFzcyUzRCUyMnBlLTdzLWRpYW1vbmQlMjIlM0UlM0MlMkZpJTNFJTNDJTJGZGl2JTNFJTNDZGl2JTIwY2xhc3MlM0QlMjJjb250ZW50JTIyJTNFJTNDaDMlMjBjbGFzcyUzRCUyMnRpdGxlJTIwY3AlMjB0dSUyMGZzX18xNCUyMG1nX18wJTIwbWJfXzUlMjIlMjBzdHlsZSUzRCUyMmNvbG9yJTNBJTIwJTIzZmZmZmZmJTNCJTIyJTNFQ0hPSVNJU1NFWiUyMExBJTIwUVVBTElUJUMzJTg5JTNDJTJGaDMlM0UlM0NwJTIwY2xhc3MlM0QlMjJtZ19fMCUyMiUyMHN0eWxlJTNEJTIyY29sb3IlM0ElMjAlMjNmZmZmZmYlM0IlMjIlM0VMZXMlMjBtZWlsbGV1cnMlMjBjYWYlQzMlQTlzJTIwZHUlMjBtb25kZSUyMHByJUMzJUE5c2VudHMlMjBzdXIlMjBub3MlMjB0ZXJyZXMlM0MlMkZwJTNFJTNDJTJGZGl2JTNFJTBBJTBBJTNDJTJGYSUzRSUwQSUzQyUyRmRpdiUzRQ==[\/vc_raw_html][\/vc_column][\/vc_row][\/vc_section][vc_row][vc_column][vc_empty_space height=&#8221;100px&#8221;][\/vc_column][\/vc_row]<\/p>\n<\/div>","protected":false},"excerpt":{"rendered":"<p>[vc_section el_class=&#8221;wrap-content-limit&#8221;][vc_row el_class=&#8221;wrap-content-limit&#8221;][vc_column][vc_raw_html]JTNDaDIlMjBzdHlsZSUzRCUyMmZvbnQtc2l6ZSUzQSUyMDI0cHglM0JsaW5lLWhlaWdodCUzQSUyMDI0cHglM0J0ZXh0LWFsaWduJTNBJTIwY2VudGVyJTIyJTIwY2xhc3MlM0QlMjJ2Y19jdXN0b21faGVhZGluZyUyMHRleHQtdXBwZXJjYXNlJTIwZGl2aWRlciUyMHByJTIyJTNFR1VTVE8lMjAlMjYlMjBBUk9NQSUyMDEwMDAlM0NzcGFuJTIwY2xhc3MlM0QlMjJ0ZXh0LWxvd2VyY2FzZSUyMiUzRWclM0MlMkZoMiUzRQ==[\/vc_raw_html][\/vc_column][\/vc_row][vc_row][vc_column width=&#8221;1\/2&#8243;][vc_gallery type=&#8221;flexslider_slide&#8221; interval=&#8221;5&#8243; images=&#8221;8381,8385&#8243; img_size=&#8221;570&#215;760&#8243; onclick=&#8221;&#8221; el_class=&#8221;flexslider-prodotti&#8221;][\/vc_column][vc_column width=&#8221;1\/2&#8243;][vc_empty_space height=&#8221;50px&#8221;][vc_raw_html]JTNDZGl2JTIwY2xhc3MlM0QlMjJ3b29jb21tZXJjZS1wcm9kdWN0LWRldGFpbHNfX3Nob3J0LWRlc2NyaXB0aW9uJTIyJTNFJTBBJTA5JTA5JTNDaDIlMjBjbGFzcyUzRCUyMnByb2R1Y3RfdGl0bGUlMjBlbnRyeS10aXRsZSUyMHRleHQtdXBwZXJjYXNlJTIwcHRfXzMwJTIyJTNFQ2FyYWN0JUMzJUE5cmlzdGlxdWVzJTIwZHUlMjBjYWYlQzMlQTklM0MlMkZoMiUzRSUwOSUwOSUzQ2RpdiUyMGNsYXNzJTNEJTIyamFzLXJvdyUyMiUzRSUzQ2RpdiUyMGNsYXNzJTNEJTIyamFzLWNvbC1tZC01JTIwdGV4dC1yaWdodCUyMGN1cy1wcm9maWxvLXNlbnNvcmlhbGUtbm9tZSUyMiUzRSUzQ3NwYW4lMjBjbGFzcyUzRCUyMnRleHQtdXBwZXJjYXNlJTIyJTNFVG9yciVDMyVBOWZhY3Rpb24lM0MlMkZzcGFuJTNFJTNDJTJGZGl2JTNFJTNDZGl2JTIwY2xhc3MlM0QlMjJqYXMtY29sLW1kLTclMjIlM0UlM0NzcGFuJTIwY2xhc3MlM0QlMjJjdXMtcHJvZmlsby1zZW5zb3JpYWxlLWNoaWNjaGklMjBjdXMtcHJvZmlsby1zZW5zb3JpYWxlLWNoaWNjaGktMyUyMiUzRSUzQyUyRnNwYW4lM0UlM0MlMkZkaXYlM0UlM0MlMkZkaXYlM0UlM0NkaXYlMjBjbGFzcyUzRCUyMmphcy1yb3clMjIlM0UlM0NkaXYlMjBjbGFzcyUzRCUyMmphcy1jb2wtbWQtNSUyMHRleHQtcmlnaHQlMjBjdXMtcHJvZmlsby1zZW5zb3JpYWxlLW5vbWUlMjIlM0UlM0NzcGFuJTIwY2xhc3MlM0QlMjJ0ZXh0LXVwcGVyY2FzZSUyMiUzRUNvcnBzJTNDJTJGc3BhbiUzRSUzQyUyRmRpdiUzRSUzQ2RpdiUyMGNsYXNzJTNEJTIyamFzLWNvbC1tZC03JTIyJTNFJTNDc3BhbiUyMGNsYXNzJTNEJTIyY3VzLXByb2ZpbG8tc2Vuc29yaWFsZS1jaGljY2hpJTIwY3VzLXByb2ZpbG8tc2Vuc29yaWFsZS1jaGljY2hpLTQlMjIlM0UlM0MlMkZzcGFuJTNFJTNDJTJGZGl2JTNFJTNDJTJGZGl2JTNFJTNDZGl2JTIwY2xhc3MlM0QlMjJqYXMtcm93JTIyJTNFJTNDZGl2JTIwY2xhc3MlM0QlMjJqYXMtY29sLW1kLTUlMjB0ZXh0LXJpZ2h0JTIwY3VzLXByb2ZpbG8tc2Vuc29yaWFsZS1ub21lJTIyJTNFJTNDc3BhbiUyMGNsYXNzJTNEJTIydGV4dC11cHBlcmNhc2UlMjIlM0VBciVDMyVCNG1lJTNDJTJGc3BhbiUzRSUzQyUyRmRpdiUzRSUzQ2RpdiUyMGNsYXNzJTNEJTIyamFzLWNvbC1tZC03JTIyJTNFJTNDc3BhbiUyMGNsYXNzJTNEJTIyY3VzLXByb2ZpbG8tc2Vuc29yaWFsZS1jaGljY2hpJTIwY3VzLXByb2ZpbG8tc2Vuc29yaWFsZS1jaGljY2hpLTMlMjIlM0UlM0MlMkZzcGFuJTNFJTNDJTJGZGl2JTNFJTNDJTJGZGl2JTNFJTNDZGl2JTIwY2xhc3MlM0QlMjJqYXMtcm93JTIyJTNFJTNDZGl2JTIwY2xhc3MlM0QlMjJqYXMtY29sLW1kLTUlMjB0ZXh0LXJpZ2h0JTIwY3VzLXByb2ZpbG8tc2Vuc29yaWFsZS1ub21lJTIyJTNFJTNDc3BhbiUyMGNsYXNzJTNEJTIydGV4dC11cHBlcmNhc2UlMjIlM0VEb3VjZXVyJTNDJTJGc3BhbiUzRSUzQyUyRmRpdiUzRSUzQ2RpdiUyMGNsYXNzJTNEJTIyamFzLWNvbC1tZC03JTIyJTNFJTNDc3BhbiUyMGNsYXNzJTNEJTIyY3VzLXByb2ZpbG8tc2Vuc29yaWFsZS1jaGljY2hpJTIwY3VzLXByb2ZpbG8tc2Vuc29yaWFsZS1jaGljY2hpLTQlMjIlM0UlM0MlMkZzcGFuJTNFJTNDJTJGZGl2JTNFJTNDJTJGZGl2JTNFJTNDZGl2JTIwY2xhc3MlM0QlMjJqYXMtcm93JTIyJTNFJTNDZGl2JTIwY2xhc3MlM0QlMjJqYXMtY29sLW1kLTUlMjB0ZXh0LXJpZ2h0JTIwY3VzLXByb2ZpbG8tc2Vuc29yaWFsZS1ub21lJTIyJTNFJTNDc3BhbiUyMGNsYXNzJTNEJTIydGV4dC11cHBlcmNhc2UlMjIlM0VBY2lkaXQlQzMlQTklM0MlMkZzcGFuJTNFJTNDJTJGZGl2JTNFJTNDZGl2JTIwY2xhc3MlM0QlMjJqYXMtY29sLW1kLTclMjIlM0UlM0NzcGFuJTIwY2xhc3MlM0QlMjJjdXMtcHJvZmlsby1zZW5zb3JpYWxlLWNoaWNjaGklMjBjdXMtcHJvZmlsby1zZW5zb3JpYWxlLWNoaWNjaGktMiUyMiUzRSUzQyUyRnNwYW4lM0UlM0MlMkZkaXYlM0UlM0MlMkZkaXYlM0UlMEElMDklM0MlMkZkaXYlM0U=[\/vc_raw_html][vc_wp_text]Un m\u00e9lange de caf\u00e9 au go\u00fbt fort et d\u00e9licat ainsi qu\u2019\u00e0 l\u2019ar\u00f4me riche et intense. Un m\u00e9lange adapt\u00e9 pour chaque bar, dans le respect de la tradition italienne pour un caf\u00e9 riche de corps et de caract\u00e8re. Il s&#8217;agit d&#8217;un paquet de 1000g conditionn\u00e9 [&hellip;]<\/p>\n","protected":false},"author":3,"featured_media":8381,"parent":19536,"menu_order":1,"comment_status":"closed","ping_status":"closed","template":"","meta":{"_acf_changed":false,"footnotes":""},"class_list":["post-19638","page","type-page","status-publish","has-post-thumbnail","hentry"],"acf":[],"yoast_head":"<!-- This site is optimized with the Yoast SEO plugin v27.0 - https:\/\/yoast.com\/product\/yoast-seo-wordpress\/ -->\n<title>Gamme pour les bars et les restaurants I Caf\u00e9 Gusto &amp; Aroma 1000g<\/title>\n<meta name=\"description\" content=\"D\u00e9couvrez l&#039;exclusif m\u00e9lange de caf\u00e9 Gusto &amp; Aroma pour les bars et les restaurants. Un expresso riche qui saura satisfaire les clients les plus exigeants.\" \/>\n<meta name=\"robots\" content=\"index, follow, max-snippet:-1, max-image-preview:large, max-video-preview:-1\" \/>\n<link rel=\"canonical\" href=\"https:\/\/italcaffe.it\/fr\/produits-accessoires\/gamme-espresso\/gusto-aroma-1000g\/\" \/>\n<meta property=\"og:locale\" content=\"fr_FR\" \/>\n<meta property=\"og:type\" content=\"article\" \/>\n<meta property=\"og:title\" content=\"Gamme pour les bars et les restaurants I Caf\u00e9 Gusto &amp; Aroma 1000g\" \/>\n<meta property=\"og:description\" content=\"D\u00e9couvrez l&#039;exclusif m\u00e9lange de caf\u00e9 Gusto &amp; Aroma pour les bars et les restaurants. Un expresso riche qui saura satisfaire les clients les plus exigeants.\" \/>\n<meta property=\"og:url\" content=\"https:\/\/italcaffe.it\/fr\/produits-accessoires\/gamme-espresso\/gusto-aroma-1000g\/\" \/>\n<meta property=\"og:site_name\" content=\"Italcaff\u00e8\" \/>\n<meta property=\"article:modified_time\" content=\"2022-02-17T14:29:45+00:00\" \/>\n<meta property=\"og:image\" content=\"https:\/\/italcaffe.it\/wp-content\/uploads\/2019\/10\/13-gusto-e-aroma.jpg\" \/>\n\t<meta property=\"og:image:width\" content=\"825\" \/>\n\t<meta property=\"og:image:height\" content=\"1100\" \/>\n\t<meta property=\"og:image:type\" content=\"image\/jpeg\" \/>\n<meta name=\"twitter:card\" content=\"summary_large_image\" \/>\n<meta name=\"twitter:label1\" content=\"Dur\u00e9e de lecture estim\u00e9e\" \/>\n\t<meta name=\"twitter:data1\" content=\"4 minutes\" \/>\n<script type=\"application\/ld+json\" class=\"yoast-schema-graph\">{\"@context\":\"https:\/\/schema.org\",\"@graph\":[{\"@type\":\"WebPage\",\"@id\":\"https:\/\/italcaffe.it\/fr\/produits-accessoires\/gamme-espresso\/gusto-aroma-1000g\/\",\"url\":\"https:\/\/italcaffe.it\/fr\/produits-accessoires\/gamme-espresso\/gusto-aroma-1000g\/\",\"name\":\"Gamme pour les bars et les restaurants I Caf\u00e9 Gusto & Aroma 1000g\",\"isPartOf\":{\"@id\":\"https:\/\/italcaffe.it\/fr\/#website\"},\"primaryImageOfPage\":{\"@id\":\"https:\/\/italcaffe.it\/fr\/produits-accessoires\/gamme-espresso\/gusto-aroma-1000g\/#primaryimage\"},\"image\":{\"@id\":\"https:\/\/italcaffe.it\/fr\/produits-accessoires\/gamme-espresso\/gusto-aroma-1000g\/#primaryimage\"},\"thumbnailUrl\":\"https:\/\/italcaffe.it\/wp-content\/uploads\/2019\/10\/13-gusto-e-aroma.jpg\",\"datePublished\":\"2019-10-17T14:25:41+00:00\",\"dateModified\":\"2022-02-17T14:29:45+00:00\",\"description\":\"D\u00e9couvrez l'exclusif m\u00e9lange de caf\u00e9 Gusto & Aroma pour les bars et les restaurants. Un expresso riche qui saura satisfaire les clients les plus exigeants.\",\"breadcrumb\":{\"@id\":\"https:\/\/italcaffe.it\/fr\/produits-accessoires\/gamme-espresso\/gusto-aroma-1000g\/#breadcrumb\"},\"inLanguage\":\"fr-FR\",\"potentialAction\":[{\"@type\":\"ReadAction\",\"target\":[\"https:\/\/italcaffe.it\/fr\/produits-accessoires\/gamme-espresso\/gusto-aroma-1000g\/\"]}]},{\"@type\":\"ImageObject\",\"inLanguage\":\"fr-FR\",\"@id\":\"https:\/\/italcaffe.it\/fr\/produits-accessoires\/gamme-espresso\/gusto-aroma-1000g\/#primaryimage\",\"url\":\"https:\/\/italcaffe.it\/wp-content\/uploads\/2019\/10\/13-gusto-e-aroma.jpg\",\"contentUrl\":\"https:\/\/italcaffe.it\/wp-content\/uploads\/2019\/10\/13-gusto-e-aroma.jpg\",\"width\":825,\"height\":1100,\"caption\":\"Caf\u00e9 en grain Gusto e Aroma Expresso 1kg Italcaff\u00e8 Espresso\"},{\"@type\":\"BreadcrumbList\",\"@id\":\"https:\/\/italcaffe.it\/fr\/produits-accessoires\/gamme-espresso\/gusto-aroma-1000g\/#breadcrumb\",\"itemListElement\":[{\"@type\":\"ListItem\",\"position\":1,\"name\":\"Home\",\"item\":\"https:\/\/italcaffe.it\/fr\/\"},{\"@type\":\"ListItem\",\"position\":2,\"name\":\"LES PRODUITS\",\"item\":\"https:\/\/italcaffe.it\/fr\/produits-accessoires\/\"},{\"@type\":\"ListItem\",\"position\":3,\"name\":\"Ligne Expresso\",\"item\":\"https:\/\/italcaffe.it\/fr\/produits-accessoires\/gamme-espresso\/\"},{\"@type\":\"ListItem\",\"position\":4,\"name\":\"GUSTO &amp; AROMA 1000g\"}]},{\"@type\":\"WebSite\",\"@id\":\"https:\/\/italcaffe.it\/fr\/#website\",\"url\":\"https:\/\/italcaffe.it\/fr\/\",\"name\":\"Italcaff\u00e8\",\"description\":\"50 Anni insieme\",\"potentialAction\":[{\"@type\":\"SearchAction\",\"target\":{\"@type\":\"EntryPoint\",\"urlTemplate\":\"https:\/\/italcaffe.it\/fr\/?s={search_term_string}\"},\"query-input\":{\"@type\":\"PropertyValueSpecification\",\"valueRequired\":true,\"valueName\":\"search_term_string\"}}],\"inLanguage\":\"fr-FR\"}]}<\/script>\n<!-- \/ Yoast SEO plugin. -->","yoast_head_json":{"title":"Gamme pour les bars et les restaurants I Caf\u00e9 Gusto & Aroma 1000g","description":"D\u00e9couvrez l'exclusif m\u00e9lange de caf\u00e9 Gusto & Aroma pour les bars et les restaurants. Un expresso riche qui saura satisfaire les clients les plus exigeants.","robots":{"index":"index","follow":"follow","max-snippet":"max-snippet:-1","max-image-preview":"max-image-preview:large","max-video-preview":"max-video-preview:-1"},"canonical":"https:\/\/italcaffe.it\/fr\/produits-accessoires\/gamme-espresso\/gusto-aroma-1000g\/","og_locale":"fr_FR","og_type":"article","og_title":"Gamme pour les bars et les restaurants I Caf\u00e9 Gusto & Aroma 1000g","og_description":"D\u00e9couvrez l'exclusif m\u00e9lange de caf\u00e9 Gusto & Aroma pour les bars et les restaurants. Un expresso riche qui saura satisfaire les clients les plus exigeants.","og_url":"https:\/\/italcaffe.it\/fr\/produits-accessoires\/gamme-espresso\/gusto-aroma-1000g\/","og_site_name":"Italcaff\u00e8","article_modified_time":"2022-02-17T14:29:45+00:00","og_image":[{"width":825,"height":1100,"url":"https:\/\/italcaffe.it\/wp-content\/uploads\/2019\/10\/13-gusto-e-aroma.jpg","type":"image\/jpeg"}],"twitter_card":"summary_large_image","twitter_misc":{"Dur\u00e9e de lecture estim\u00e9e":"4 minutes"},"schema":{"@context":"https:\/\/schema.org","@graph":[{"@type":"WebPage","@id":"https:\/\/italcaffe.it\/fr\/produits-accessoires\/gamme-espresso\/gusto-aroma-1000g\/","url":"https:\/\/italcaffe.it\/fr\/produits-accessoires\/gamme-espresso\/gusto-aroma-1000g\/","name":"Gamme pour les bars et les restaurants I Caf\u00e9 Gusto & Aroma 1000g","isPartOf":{"@id":"https:\/\/italcaffe.it\/fr\/#website"},"primaryImageOfPage":{"@id":"https:\/\/italcaffe.it\/fr\/produits-accessoires\/gamme-espresso\/gusto-aroma-1000g\/#primaryimage"},"image":{"@id":"https:\/\/italcaffe.it\/fr\/produits-accessoires\/gamme-espresso\/gusto-aroma-1000g\/#primaryimage"},"thumbnailUrl":"https:\/\/italcaffe.it\/wp-content\/uploads\/2019\/10\/13-gusto-e-aroma.jpg","datePublished":"2019-10-17T14:25:41+00:00","dateModified":"2022-02-17T14:29:45+00:00","description":"D\u00e9couvrez l'exclusif m\u00e9lange de caf\u00e9 Gusto & Aroma pour les bars et les restaurants. Un expresso riche qui saura satisfaire les clients les plus exigeants.","breadcrumb":{"@id":"https:\/\/italcaffe.it\/fr\/produits-accessoires\/gamme-espresso\/gusto-aroma-1000g\/#breadcrumb"},"inLanguage":"fr-FR","potentialAction":[{"@type":"ReadAction","target":["https:\/\/italcaffe.it\/fr\/produits-accessoires\/gamme-espresso\/gusto-aroma-1000g\/"]}]},{"@type":"ImageObject","inLanguage":"fr-FR","@id":"https:\/\/italcaffe.it\/fr\/produits-accessoires\/gamme-espresso\/gusto-aroma-1000g\/#primaryimage","url":"https:\/\/italcaffe.it\/wp-content\/uploads\/2019\/10\/13-gusto-e-aroma.jpg","contentUrl":"https:\/\/italcaffe.it\/wp-content\/uploads\/2019\/10\/13-gusto-e-aroma.jpg","width":825,"height":1100,"caption":"Caf\u00e9 en grain Gusto e Aroma Expresso 1kg Italcaff\u00e8 Espresso"},{"@type":"BreadcrumbList","@id":"https:\/\/italcaffe.it\/fr\/produits-accessoires\/gamme-espresso\/gusto-aroma-1000g\/#breadcrumb","itemListElement":[{"@type":"ListItem","position":1,"name":"Home","item":"https:\/\/italcaffe.it\/fr\/"},{"@type":"ListItem","position":2,"name":"LES PRODUITS","item":"https:\/\/italcaffe.it\/fr\/produits-accessoires\/"},{"@type":"ListItem","position":3,"name":"Ligne Expresso","item":"https:\/\/italcaffe.it\/fr\/produits-accessoires\/gamme-espresso\/"},{"@type":"ListItem","position":4,"name":"GUSTO &amp; AROMA 1000g"}]},{"@type":"WebSite","@id":"https:\/\/italcaffe.it\/fr\/#website","url":"https:\/\/italcaffe.it\/fr\/","name":"Italcaff\u00e8","description":"50 Anni insieme","potentialAction":[{"@type":"SearchAction","target":{"@type":"EntryPoint","urlTemplate":"https:\/\/italcaffe.it\/fr\/?s={search_term_string}"},"query-input":{"@type":"PropertyValueSpecification","valueRequired":true,"valueName":"search_term_string"}}],"inLanguage":"fr-FR"}]}},"_links":{"self":[{"href":"https:\/\/italcaffe.it\/fr\/wp-json\/wp\/v2\/pages\/19638","targetHints":{"allow":["GET"]}}],"collection":[{"href":"https:\/\/italcaffe.it\/fr\/wp-json\/wp\/v2\/pages"}],"about":[{"href":"https:\/\/italcaffe.it\/fr\/wp-json\/wp\/v2\/types\/page"}],"author":[{"embeddable":true,"href":"https:\/\/italcaffe.it\/fr\/wp-json\/wp\/v2\/users\/3"}],"replies":[{"embeddable":true,"href":"https:\/\/italcaffe.it\/fr\/wp-json\/wp\/v2\/comments?post=19638"}],"version-history":[{"count":0,"href":"https:\/\/italcaffe.it\/fr\/wp-json\/wp\/v2\/pages\/19638\/revisions"}],"up":[{"embeddable":true,"href":"https:\/\/italcaffe.it\/fr\/wp-json\/wp\/v2\/pages\/19536"}],"wp:featuredmedia":[{"embeddable":true,"href":"https:\/\/italcaffe.it\/fr\/wp-json\/wp\/v2\/media\/8381"}],"wp:attachment":[{"href":"https:\/\/italcaffe.it\/fr\/wp-json\/wp\/v2\/media?parent=19638"}],"curies":[{"name":"wp","href":"https:\/\/api.w.org\/{rel}","templated":true}]}}