{"id":19684,"date":"2019-10-17T15:48:07","date_gmt":"2019-10-17T14:48:07","guid":{"rendered":"https:\/\/www.italcaffe.it\/excelso-bar-1000g\/"},"modified":"2024-07-12T14:39:16","modified_gmt":"2024-07-12T13:39:16","slug":"excelso-bar-1000g","status":"publish","type":"page","link":"https:\/\/italcaffe.it\/fr\/produits-accessoires\/cafe-gamme-bar\/excelso-bar-1000g\/","title":{"rendered":"EXCELSO BAR 1000g"},"content":{"rendered":"<div class=\"wpb-content-wrapper\"><p>[vc_section el_class=&#8221;wrap-content-limit&#8221;][vc_row el_class=&#8221;wrap-content-limit&#8221;][vc_column][vc_raw_html]PGgyIGNsYXNzPSJ2Y19jdXN0b21faGVhZGluZyB0ZXh0LXVwcGVyY2FzZSBkaXZpZGVyIHByIiBzdHlsZT0iZm9udC1zaXplOiAyNHB4OyBsaW5lLWhlaWdodDogMjRweDsgdGV4dC1hbGlnbjogY2VudGVyOyI+RXhjZWxzbyBCQVIgMTAwMDxzcGFuIGNsYXNzPSJ0ZXh0LWxvd2VyY2FzZSI+Zzwvc3Bhbj48L2gyPg==[\/vc_raw_html][\/vc_column][\/vc_row][vc_row][vc_column width=&#8221;1\/2&#8243;][vc_gallery type=&#8221;flexslider_slide&#8221; interval=&#8221;5&#8243; images=&#8221;26087,8357,27981,20779,26091&#8243; img_size=&#8221;570&#215;760&#8243; onclick=&#8221;&#8221; el_class=&#8221;flexslider-prodotti&#8221;][\/vc_column][vc_column width=&#8221;1\/2&#8243;][vc_raw_html]JTNDZGl2JTIwY2xhc3MlM0QlMjJ3b29jb21tZXJjZS1wcm9kdWN0LWRldGFpbHNfX3Nob3J0LWRlc2NyaXB0aW9uJTIyJTNFJTBBJTA5JTNDaDIlMjBjbGFzcyUzRCUyMnByb2R1Y3RfdGl0bGUlMjBlbnRyeS10aXRsZSUyMHRleHQtdXBwZXJjYXNlJTIwcHRfXzMwJTIyJTNFQ2FyYWN0JUMzJUE5cmlzdGlxdWVzJTIwZHUlMjBjYWYlQzMlQTklM0MlMkZoMiUzRSUwQSUwOSUwOSUzQ2RpdiUyMGNsYXNzJTNEJTIyamFzLXJvdyUyMiUzRSUwQSUwOSUwOSUzQ2RpdiUyMGNsYXNzJTNEJTIyamFzLWNvbC1tZC01JTIwdGV4dC1yaWdodCUyMGN1cy1wcm9maWxvLXNlbnNvcmlhbGUtbm9tZSUyMiUzRSUzQ3NwYW4lMjBjbGFzcyUzRCUyMnRleHQtdXBwZXJjYXNlJTIyJTNFVG9yciVDMyVBOWZhY3Rpb24lM0MlMkZzcGFuJTNFJTNDJTJGZGl2JTNFJTBBJTA5JTA5JTNDZGl2JTIwY2xhc3MlM0QlMjJqYXMtY29sLW1kLTclMjIlM0UlM0NzcGFuJTIwY2xhc3MlM0QlMjJjdXMtcHJvZmlsby1zZW5zb3JpYWxlLWNoaWNjaGklMjBjdXMtcHJvZmlsby1zZW5zb3JpYWxlLWNoaWNjaGktMyUyMiUzRSUzQyUyRnNwYW4lM0UlM0MlMkZkaXYlM0UlMEElMDklM0MlMkZkaXYlM0UlMEElMDklM0NkaXYlMjBjbGFzcyUzRCUyMmphcy1yb3clMjIlM0UlMEElMDklMDklM0NkaXYlMjBjbGFzcyUzRCUyMmphcy1jb2wtbWQtNSUyMHRleHQtcmlnaHQlMjBjdXMtcHJvZmlsby1zZW5zb3JpYWxlLW5vbWUlMjIlM0UlM0NzcGFuJTIwY2xhc3MlM0QlMjJ0ZXh0LXVwcGVyY2FzZSUyMiUzRUNvcnBzJTNDJTJGc3BhbiUzRSUzQyUyRmRpdiUzRSUwQSUwOSUwOSUzQ2RpdiUyMGNsYXNzJTNEJTIyamFzLWNvbC1tZC03JTIyJTNFJTNDc3BhbiUyMGNsYXNzJTNEJTIyY3VzLXByb2ZpbG8tc2Vuc29yaWFsZS1jaGljY2hpJTIwY3VzLXByb2ZpbG8tc2Vuc29yaWFsZS1jaGljY2hpLTQlMjIlM0UlM0MlMkZzcGFuJTNFJTNDJTJGZGl2JTNFJTBBJTA5JTNDJTJGZGl2JTNFJTBBJTA5JTNDZGl2JTIwY2xhc3MlM0QlMjJqYXMtcm93JTIyJTNFJTBBJTA5JTA5JTNDZGl2JTIwY2xhc3MlM0QlMjJqYXMtY29sLW1kLTUlMjB0ZXh0LXJpZ2h0JTIwY3VzLXByb2ZpbG8tc2Vuc29yaWFsZS1ub21lJTIyJTNFJTNDc3BhbiUyMGNsYXNzJTNEJTIydGV4dC11cHBlcmNhc2UlMjIlM0VBciVDMyVCNG1lJTNDJTJGc3BhbiUzRSUzQyUyRmRpdiUzRSUwQSUwOSUwOSUzQ2RpdiUyMGNsYXNzJTNEJTIyamFzLWNvbC1tZC03JTIyJTNFJTNDc3BhbiUyMGNsYXNzJTNEJTIyY3VzLXByb2ZpbG8tc2Vuc29yaWFsZS1jaGljY2hpJTIwY3VzLXByb2ZpbG8tc2Vuc29yaWFsZS1jaGljY2hpLTUlMjIlM0UlM0MlMkZzcGFuJTNFJTNDJTJGZGl2JTNFJTBBJTA5JTNDJTJGZGl2JTNFJTBBJTA5JTNDZGl2JTIwY2xhc3MlM0QlMjJqYXMtcm93JTIyJTNFJTBBJTA5JTNDZGl2JTIwY2xhc3MlM0QlMjJqYXMtY29sLW1kLTUlMjB0ZXh0LXJpZ2h0JTIwY3VzLXByb2ZpbG8tc2Vuc29yaWFsZS1ub21lJTIyJTNFJTNDc3BhbiUyMGNsYXNzJTNEJTIydGV4dC11cHBlcmNhc2UlMjIlM0VET1VDRVVSJTNDJTJGc3BhbiUzRSUzQyUyRmRpdiUzRSUwQSUwOSUwOSUzQ2RpdiUyMGNsYXNzJTNEJTIyamFzLWNvbC1tZC03JTIyJTNFJTNDc3BhbiUyMGNsYXNzJTNEJTIyY3VzLXByb2ZpbG8tc2Vuc29yaWFsZS1jaGljY2hpJTIwY3VzLXByb2ZpbG8tc2Vuc29yaWFsZS1jaGljY2hpLTUlMjIlM0UlM0MlMkZzcGFuJTNFJTNDJTJGZGl2JTNFJTBBJTA5JTNDJTJGZGl2JTNFJTBBJTA5JTNDZGl2JTIwY2xhc3MlM0QlMjJqYXMtcm93JTIyJTNFJTBBJTA5JTA5JTNDZGl2JTIwY2xhc3MlM0QlMjJqYXMtY29sLW1kLTUlMjB0ZXh0LXJpZ2h0JTIwY3VzLXByb2ZpbG8tc2Vuc29yaWFsZS1ub21lJTIyJTNFJTNDc3BhbiUyMGNsYXNzJTNEJTIydGV4dC11cHBlcmNhc2UlMjIlM0VBY2lkaXQlQzMlQTklM0MlMkZzcGFuJTNFJTNDJTJGZGl2JTNFJTBBJTA5JTA5JTNDZGl2JTIwY2xhc3MlM0QlMjJqYXMtY29sLW1kLTclMjIlM0UlM0NzcGFuJTIwY2xhc3MlM0QlMjJjdXMtcHJvZmlsby1zZW5zb3JpYWxlLWNoaWNjaGklMjBjdXMtcHJvZmlsby1zZW5zb3JpYWxlLWNoaWNjaGktMyUyMiUzRSUzQyUyRnNwYW4lM0UlM0MlMkZkaXYlM0UlMEElMDklM0MlMkZkaXYlM0UlMEE=[\/vc_raw_html][vc_wp_text]<\/p>\n<p style=\"text-align: justify;\">C\u2019est un m\u00e9lange pris\u00e9 adapt\u00e9 au barman le plus exigeant, avec un ar\u00f4me riche et d\u00e9licat, un gout suave plein et riche de corps qui nait de la fusion parfaite des vari\u00e9t\u00e9s de caf\u00e9 Arabica et Robusta soigneusement s\u00e9lectionn\u00e9es. Gr\u00e2ce \u00e0 son go\u00fbt unique, au cours de la r\u00e9cente \u00e9dition du \u00abInternational Coffee Tasting 2020&#8243; notre caf\u00e9 bar Excelso a \u00e9t\u00e9 r\u00e9compens\u00e9 par la m\u00e9daille d&#8217;or dans la cat\u00e9gorie &#8220;M\u00e9langes italiennes pour Espresso Bar&#8221;.<br \/>\nIl s&#8217;agit d&#8217;un paquet de 1000g conditionn\u00e9 sous atmosph\u00e8re protectrice et avec une valve monodirectionnelle de garantie d\u2019ar\u00f4me, id\u00e9al pour conserver le go\u00fbt et la fraicheur des grains de caf\u00e9.<\/p>\n<p>[\/vc_wp_text][\/vc_column][\/vc_row][\/vc_section][vc_section el_class=&#8221;wrap-home-pillars&#8221; css=&#8221;.vc_custom_1562852209382{border-bottom-width: 5px !important;border-bottom-color: #ffffff !important;border-bottom-style: solid !important;}&#8221;][vc_row][vc_column width=&#8221;1\/3&#8243; css=&#8221;.vc_custom_1626190281520{background-color: #e40520 !important;}&#8221;][vc_raw_html css=&#8221;.vc_custom_1626190213816{background-color: #e40520 !important;}&#8221;]JTNDZGl2JTIwY2xhc3MlM0QlMjJqYXMtc2VydmljZSUyMHRjJTIwd3JhcC1ob21lLXBpbGxhcnMtc2luZ2xlJTIwYm9yZGVyLXJpZ2h0LXdoaXRlJTIyJTNFJTBBJTNDYSUyMGhyZWYlM0QlMjJodHRwcyUzQSUyRiUyRnd3dy5pdGFsY2FmZmUuaXQlMkZmciUyRnNob3AlMkZteS1hY2NvdW50JTJGJTIyJTNFJTBBJTNDZGl2JTIwY2xhc3MlM0QlMjJpY29uJTIwbWVkaXVtJTIwY3AlMjIlMjBzdHlsZSUzRCUyMmNvbG9yJTNBJTIwJTIzZmZmZmZmJTNCJTIyJTNFJTBBJTNDaSUyMGNsYXNzJTNEJTIycGUtN3MtY2FyJTIwaWNvLWN1cy1zY29udG8lMjIlM0UlM0MlMkZpJTNFJTBBJTNDJTJGZGl2JTNFJTBBJTNDZGl2JTIwY2xhc3MlM0QlMjJjb250ZW50JTIyJTNFJTNDaDMlMjBjbGFzcyUzRCUyMnRpdGxlJTIwY3AlMjB0dSUyMGZzX18xNCUyMG1nX18wJTIwbWJfXzUlMjB0ZXh0LXVwcGVyY2FzZSUyMiUyMHN0eWxlJTNEJTIyY29sb3IlM0ElMjAlMjNmZmZmZmYlM0IlMjIlM0VSRU1JU0UlMjBTUCVDMyU4OUNJQUxFJTIwLTEwJTI1JTNDJTJGaDMlM0UlM0NwJTIwY2xhc3MlM0QlMjJtZ19fMCUyMiUyMHN0eWxlJTNEJTIyY29sb3IlM0ElMjAlMjNmZmZmZmYlM0IlMjIlM0Vwb3VyJTIwbGVzJTIwY2xpZW50cyUyMGluc2NyaXRzJTNDJTJGcCUzRSUzQyUyRmRpdiUzRSUwQSUwQSUwQSUzQyUyRmElM0UlMEElM0MlMkZkaXYlM0U=[\/vc_raw_html][\/vc_column][vc_column width=&#8221;1\/3&#8243; css=&#8221;.vc_custom_1626190288910{background-color: #e40520 !important;}&#8221;][vc_raw_html css=&#8221;.vc_custom_1720791553121{background-color: #e40520 !important;}&#8221;]JTNDZGl2JTIwY2xhc3MlM0QlMjJqYXMtc2VydmljZSUyMHRjJTIwd3JhcC1ob21lLXBpbGxhcnMtc2luZ2xlJTIwYm9yZGVyLXJpZ2h0LXdoaXRlJTIyJTNFJTBBJTNDYSUyMGhyZWYlM0QlMjJodHRwcyUzQSUyRiUyRnNob3AuaXRhbGNhZmZlLml0JTJGZnIlMkZyZWNoZXJjaGUlM0ZzJTNERVhDRUxTTyUyQkJBUiUyMiUzRSUwQSUwQSUzQ2RpdiUyMGNsYXNzJTNEJTIyaWNvbiUyMG1lZGl1bSUyMGNwJTIyJTIwc3R5bGUlM0QlMjJjb2xvciUzQSUyMCUyM2ZmZmZmZiUzQiUyMiUzRSUzQ2klMjBjbGFzcyUzRCUyMnBlLTdzLXRpbWVyJTIyJTNFJTNDJTJGaSUzRSUzQyUyRmRpdiUzRSUzQ2RpdiUyMGNsYXNzJTNEJTIyY29udGVudCUyMiUzRSUzQ2gzJTIwY2xhc3MlM0QlMjJ0aXRsZSUyMGNwJTIwdHUlMjBmc19fMTQlMjBtZ19fMCUyMG1iX181JTIyJTIwc3R5bGUlM0QlMjJjb2xvciUzQSUyMCUyM2ZmZmZmZiUzQiUyMiUzRUNPTU1BTkRFTlolMjBFTiUyMExJR05FJTNDJTJGaDMlM0UlM0NwJTIwY2xhc3MlM0QlMjJtZ19fMCUyMiUyMHN0eWxlJTNEJTIyY29sb3IlM0ElMjAlMjNmZmZmZmYlM0IlMjIlM0UyNCUyMGglMjBzdXIlMjAyNCUyMGglM0MlMkZwJTNFJTNDJTJGZGl2JTNFJTBBJTNDJTJGYSUzRSUwQSUzQyUyRmRpdiUzRQ==[\/vc_raw_html][\/vc_column][vc_column width=&#8221;1\/3&#8243; css=&#8221;.vc_custom_1626190297325{background-color: #e40520 !important;}&#8221;][vc_raw_html]JTNDZGl2JTIwY2xhc3MlM0QlMjJqYXMtc2VydmljZSUyMHRjJTIwd3JhcC1ob21lLXBpbGxhcnMtc2luZ2xlJTIyJTNFJTBBJTNDYSUyRiUyMiUzRSUwQSUwQSUzQ2RpdiUyMGNsYXNzJTNEJTIyaWNvbiUyMG1lZGl1bSUyMGNwJTIyJTIwc3R5bGUlM0QlMjJjb2xvciUzQSUyMCUyM2ZmZmZmZiUzQiUyMiUzRSUzQ2klMjBjbGFzcyUzRCUyMnBlLTdzLWRpYW1vbmQlMjIlM0UlM0MlMkZpJTNFJTNDJTJGZGl2JTNFJTNDZGl2JTIwY2xhc3MlM0QlMjJjb250ZW50JTIyJTNFJTNDaDMlMjBjbGFzcyUzRCUyMnRpdGxlJTIwY3AlMjB0dSUyMGZzX18xNCUyMG1nX18wJTIwbWJfXzUlMjIlMjBzdHlsZSUzRCUyMmNvbG9yJTNBJTIwJTIzZmZmZmZmJTNCJTIyJTNFQ0hPSVNJU1NFWiUyMExBJTIwUVVBTElUJUMzJTg5JTNDJTJGaDMlM0UlM0NwJTIwY2xhc3MlM0QlMjJtZ19fMCUyMiUyMHN0eWxlJTNEJTIyY29sb3IlM0ElMjAlMjNmZmZmZmYlM0IlMjIlM0VMZXMlMjBtZWlsbGV1cnMlMjBjYWYlQzMlQTlzJTIwZHUlMjBtb25kZSUyMHByJUMzJUE5c2VudHMlMjBzdXIlMjBub3MlMjB0ZXJyZXMlM0MlMkZwJTNFJTNDJTJGZGl2JTNFJTBBJTBBJTNDJTJGYSUzRSUwQSUzQyUyRmRpdiUzRQ==[\/vc_raw_html][\/vc_column][\/vc_row][\/vc_section][vc_row][vc_column][vc_empty_space height=&#8221;100px&#8221;][\/vc_column][\/vc_row]<\/p>\n<\/div>","protected":false},"excerpt":{"rendered":"<p>[vc_section el_class=&#8221;wrap-content-limit&#8221;][vc_row el_class=&#8221;wrap-content-limit&#8221;][vc_column][vc_raw_html]PGgyIGNsYXNzPSJ2Y19jdXN0b21faGVhZGluZyB0ZXh0LXVwcGVyY2FzZSBkaXZpZGVyIHByIiBzdHlsZT0iZm9udC1zaXplOiAyNHB4OyBsaW5lLWhlaWdodDogMjRweDsgdGV4dC1hbGlnbjogY2VudGVyOyI+RXhjZWxzbyBCQVIgMTAwMDxzcGFuIGNsYXNzPSJ0ZXh0LWxvd2VyY2FzZSI+Zzwvc3Bhbj48L2gyPg==[\/vc_raw_html][\/vc_column][\/vc_row][vc_row][vc_column width=&#8221;1\/2&#8243;][vc_gallery type=&#8221;flexslider_slide&#8221; interval=&#8221;5&#8243; images=&#8221;26087,8357,27981,20779,26091&#8243; img_size=&#8221;570&#215;760&#8243; onclick=&#8221;&#8221; el_class=&#8221;flexslider-prodotti&#8221;][\/vc_column][vc_column width=&#8221;1\/2&#8243;][vc_raw_html]JTNDZGl2JTIwY2xhc3MlM0QlMjJ3b29jb21tZXJjZS1wcm9kdWN0LWRldGFpbHNfX3Nob3J0LWRlc2NyaXB0aW9uJTIyJTNFJTBBJTA5JTNDaDIlMjBjbGFzcyUzRCUyMnByb2R1Y3RfdGl0bGUlMjBlbnRyeS10aXRsZSUyMHRleHQtdXBwZXJjYXNlJTIwcHRfXzMwJTIyJTNFQ2FyYWN0JUMzJUE5cmlzdGlxdWVzJTIwZHUlMjBjYWYlQzMlQTklM0MlMkZoMiUzRSUwQSUwOSUwOSUzQ2RpdiUyMGNsYXNzJTNEJTIyamFzLXJvdyUyMiUzRSUwQSUwOSUwOSUzQ2RpdiUyMGNsYXNzJTNEJTIyamFzLWNvbC1tZC01JTIwdGV4dC1yaWdodCUyMGN1cy1wcm9maWxvLXNlbnNvcmlhbGUtbm9tZSUyMiUzRSUzQ3NwYW4lMjBjbGFzcyUzRCUyMnRleHQtdXBwZXJjYXNlJTIyJTNFVG9yciVDMyVBOWZhY3Rpb24lM0MlMkZzcGFuJTNFJTNDJTJGZGl2JTNFJTBBJTA5JTA5JTNDZGl2JTIwY2xhc3MlM0QlMjJqYXMtY29sLW1kLTclMjIlM0UlM0NzcGFuJTIwY2xhc3MlM0QlMjJjdXMtcHJvZmlsby1zZW5zb3JpYWxlLWNoaWNjaGklMjBjdXMtcHJvZmlsby1zZW5zb3JpYWxlLWNoaWNjaGktMyUyMiUzRSUzQyUyRnNwYW4lM0UlM0MlMkZkaXYlM0UlMEElMDklM0MlMkZkaXYlM0UlMEElMDklM0NkaXYlMjBjbGFzcyUzRCUyMmphcy1yb3clMjIlM0UlMEElMDklMDklM0NkaXYlMjBjbGFzcyUzRCUyMmphcy1jb2wtbWQtNSUyMHRleHQtcmlnaHQlMjBjdXMtcHJvZmlsby1zZW5zb3JpYWxlLW5vbWUlMjIlM0UlM0NzcGFuJTIwY2xhc3MlM0QlMjJ0ZXh0LXVwcGVyY2FzZSUyMiUzRUNvcnBzJTNDJTJGc3BhbiUzRSUzQyUyRmRpdiUzRSUwQSUwOSUwOSUzQ2RpdiUyMGNsYXNzJTNEJTIyamFzLWNvbC1tZC03JTIyJTNFJTNDc3BhbiUyMGNsYXNzJTNEJTIyY3VzLXByb2ZpbG8tc2Vuc29yaWFsZS1jaGljY2hpJTIwY3VzLXByb2ZpbG8tc2Vuc29yaWFsZS1jaGljY2hpLTQlMjIlM0UlM0MlMkZzcGFuJTNFJTNDJTJGZGl2JTNFJTBBJTA5JTNDJTJGZGl2JTNFJTBBJTA5JTNDZGl2JTIwY2xhc3MlM0QlMjJqYXMtcm93JTIyJTNFJTBBJTA5JTA5JTNDZGl2JTIwY2xhc3MlM0QlMjJqYXMtY29sLW1kLTUlMjB0ZXh0LXJpZ2h0JTIwY3VzLXByb2ZpbG8tc2Vuc29yaWFsZS1ub21lJTIyJTNFJTNDc3BhbiUyMGNsYXNzJTNEJTIydGV4dC11cHBlcmNhc2UlMjIlM0VBciVDMyVCNG1lJTNDJTJGc3BhbiUzRSUzQyUyRmRpdiUzRSUwQSUwOSUwOSUzQ2RpdiUyMGNsYXNzJTNEJTIyamFzLWNvbC1tZC03JTIyJTNFJTNDc3BhbiUyMGNsYXNzJTNEJTIyY3VzLXByb2ZpbG8tc2Vuc29yaWFsZS1jaGljY2hpJTIwY3VzLXByb2ZpbG8tc2Vuc29yaWFsZS1jaGljY2hpLTUlMjIlM0UlM0MlMkZzcGFuJTNFJTNDJTJGZGl2JTNFJTBBJTA5JTNDJTJGZGl2JTNFJTBBJTA5JTNDZGl2JTIwY2xhc3MlM0QlMjJqYXMtcm93JTIyJTNFJTBBJTA5JTNDZGl2JTIwY2xhc3MlM0QlMjJqYXMtY29sLW1kLTUlMjB0ZXh0LXJpZ2h0JTIwY3VzLXByb2ZpbG8tc2Vuc29yaWFsZS1ub21lJTIyJTNFJTNDc3BhbiUyMGNsYXNzJTNEJTIydGV4dC11cHBlcmNhc2UlMjIlM0VET1VDRVVSJTNDJTJGc3BhbiUzRSUzQyUyRmRpdiUzRSUwQSUwOSUwOSUzQ2RpdiUyMGNsYXNzJTNEJTIyamFzLWNvbC1tZC03JTIyJTNFJTNDc3BhbiUyMGNsYXNzJTNEJTIyY3VzLXByb2ZpbG8tc2Vuc29yaWFsZS1jaGljY2hpJTIwY3VzLXByb2ZpbG8tc2Vuc29yaWFsZS1jaGljY2hpLTUlMjIlM0UlM0MlMkZzcGFuJTNFJTNDJTJGZGl2JTNFJTBBJTA5JTNDJTJGZGl2JTNFJTBBJTA5JTNDZGl2JTIwY2xhc3MlM0QlMjJqYXMtcm93JTIyJTNFJTBBJTA5JTA5JTNDZGl2JTIwY2xhc3MlM0QlMjJqYXMtY29sLW1kLTUlMjB0ZXh0LXJpZ2h0JTIwY3VzLXByb2ZpbG8tc2Vuc29yaWFsZS1ub21lJTIyJTNFJTNDc3BhbiUyMGNsYXNzJTNEJTIydGV4dC11cHBlcmNhc2UlMjIlM0VBY2lkaXQlQzMlQTklM0MlMkZzcGFuJTNFJTNDJTJGZGl2JTNFJTBBJTA5JTA5JTNDZGl2JTIwY2xhc3MlM0QlMjJqYXMtY29sLW1kLTclMjIlM0UlM0NzcGFuJTIwY2xhc3MlM0QlMjJjdXMtcHJvZmlsby1zZW5zb3JpYWxlLWNoaWNjaGklMjBjdXMtcHJvZmlsby1zZW5zb3JpYWxlLWNoaWNjaGktMyUyMiUzRSUzQyUyRnNwYW4lM0UlM0MlMkZkaXYlM0UlMEElMDklM0MlMkZkaXYlM0UlMEE=[\/vc_raw_html][vc_wp_text] C\u2019est un m\u00e9lange pris\u00e9 adapt\u00e9 au barman le plus exigeant, avec un ar\u00f4me riche et d\u00e9licat, un gout suave plein et riche de corps qui nait de la fusion parfaite des vari\u00e9t\u00e9s de caf\u00e9 Arabica et Robusta soigneusement s\u00e9lectionn\u00e9es. Gr\u00e2ce \u00e0 son go\u00fbt unique, [&hellip;]<\/p>\n","protected":false},"author":3,"featured_media":31410,"parent":19725,"menu_order":1,"comment_status":"closed","ping_status":"closed","template":"","meta":{"_acf_changed":false,"footnotes":""},"class_list":["post-19684","page","type-page","status-publish","has-post-thumbnail","hentry"],"acf":[],"yoast_head":"<!-- This site is optimized with the Yoast SEO plugin v27.0 - https:\/\/yoast.com\/product\/yoast-seo-wordpress\/ -->\n<title>Le caf\u00e9 pour les professionnels des bars I Excelso Bar 1000g<\/title>\n<meta name=\"description\" content=\"Go\u00fbt intense. Ar\u00f4me raffin\u00e9. Le caf\u00e9 en grains Excelso Bar est le m\u00e9lange parfait pour votre bar. Disponible en sachet de 1000g.\" \/>\n<meta name=\"robots\" content=\"index, follow, max-snippet:-1, max-image-preview:large, max-video-preview:-1\" \/>\n<link rel=\"canonical\" href=\"https:\/\/italcaffe.it\/fr\/produits-accessoires\/cafe-gamme-bar\/excelso-bar-1000g\/\" \/>\n<meta property=\"og:locale\" content=\"fr_FR\" \/>\n<meta property=\"og:type\" content=\"article\" \/>\n<meta property=\"og:title\" content=\"Le caf\u00e9 pour les professionnels des bars I Excelso Bar 1000g\" \/>\n<meta property=\"og:description\" content=\"Go\u00fbt intense. Ar\u00f4me raffin\u00e9. Le caf\u00e9 en grains Excelso Bar est le m\u00e9lange parfait pour votre bar. Disponible en sachet de 1000g.\" \/>\n<meta property=\"og:url\" content=\"https:\/\/italcaffe.it\/fr\/produits-accessoires\/cafe-gamme-bar\/excelso-bar-1000g\/\" \/>\n<meta property=\"og:site_name\" content=\"Italcaff\u00e8\" \/>\n<meta property=\"article:modified_time\" content=\"2024-07-12T13:39:16+00:00\" \/>\n<meta property=\"og:image\" content=\"https:\/\/italcaffe.it\/wp-content\/uploads\/2023\/12\/Excelso23GM-Fronte.jpg\" \/>\n\t<meta property=\"og:image:width\" content=\"825\" \/>\n\t<meta property=\"og:image:height\" content=\"1100\" \/>\n\t<meta property=\"og:image:type\" content=\"image\/jpeg\" \/>\n<meta name=\"twitter:card\" content=\"summary_large_image\" \/>\n<meta name=\"twitter:label1\" content=\"Dur\u00e9e de lecture estim\u00e9e\" \/>\n\t<meta name=\"twitter:data1\" content=\"1 minute\" \/>\n<script type=\"application\/ld+json\" class=\"yoast-schema-graph\">{\"@context\":\"https:\/\/schema.org\",\"@graph\":[{\"@type\":\"WebPage\",\"@id\":\"https:\/\/italcaffe.it\/fr\/produits-accessoires\/cafe-gamme-bar\/excelso-bar-1000g\/\",\"url\":\"https:\/\/italcaffe.it\/fr\/produits-accessoires\/cafe-gamme-bar\/excelso-bar-1000g\/\",\"name\":\"Le caf\u00e9 pour les professionnels des bars I Excelso Bar 1000g\",\"isPartOf\":{\"@id\":\"https:\/\/italcaffe.it\/fr\/#website\"},\"primaryImageOfPage\":{\"@id\":\"https:\/\/italcaffe.it\/fr\/produits-accessoires\/cafe-gamme-bar\/excelso-bar-1000g\/#primaryimage\"},\"image\":{\"@id\":\"https:\/\/italcaffe.it\/fr\/produits-accessoires\/cafe-gamme-bar\/excelso-bar-1000g\/#primaryimage\"},\"thumbnailUrl\":\"https:\/\/italcaffe.it\/wp-content\/uploads\/2023\/12\/Excelso23GM-Fronte.jpg\",\"datePublished\":\"2019-10-17T14:48:07+00:00\",\"dateModified\":\"2024-07-12T13:39:16+00:00\",\"description\":\"Go\u00fbt intense. Ar\u00f4me raffin\u00e9. Le caf\u00e9 en grains Excelso Bar est le m\u00e9lange parfait pour votre bar. Disponible en sachet de 1000g.\",\"breadcrumb\":{\"@id\":\"https:\/\/italcaffe.it\/fr\/produits-accessoires\/cafe-gamme-bar\/excelso-bar-1000g\/#breadcrumb\"},\"inLanguage\":\"fr-FR\",\"potentialAction\":[{\"@type\":\"ReadAction\",\"target\":[\"https:\/\/italcaffe.it\/fr\/produits-accessoires\/cafe-gamme-bar\/excelso-bar-1000g\/\"]}]},{\"@type\":\"ImageObject\",\"inLanguage\":\"fr-FR\",\"@id\":\"https:\/\/italcaffe.it\/fr\/produits-accessoires\/cafe-gamme-bar\/excelso-bar-1000g\/#primaryimage\",\"url\":\"https:\/\/italcaffe.it\/wp-content\/uploads\/2023\/12\/Excelso23GM-Fronte.jpg\",\"contentUrl\":\"https:\/\/italcaffe.it\/wp-content\/uploads\/2023\/12\/Excelso23GM-Fronte.jpg\",\"width\":825,\"height\":1100,\"caption\":\"Caff\u00e8 in grani Excelso 1 kg Espresso Italiano medaglia d'oro 2023 fronte\"},{\"@type\":\"BreadcrumbList\",\"@id\":\"https:\/\/italcaffe.it\/fr\/produits-accessoires\/cafe-gamme-bar\/excelso-bar-1000g\/#breadcrumb\",\"itemListElement\":[{\"@type\":\"ListItem\",\"position\":1,\"name\":\"Home\",\"item\":\"https:\/\/italcaffe.it\/fr\/\"},{\"@type\":\"ListItem\",\"position\":2,\"name\":\"LES PRODUITS\",\"item\":\"https:\/\/italcaffe.it\/fr\/produits-accessoires\/\"},{\"@type\":\"ListItem\",\"position\":3,\"name\":\"Gamme Bar\",\"item\":\"https:\/\/italcaffe.it\/fr\/produits-accessoires\/cafe-gamme-bar\/\"},{\"@type\":\"ListItem\",\"position\":4,\"name\":\"EXCELSO BAR 1000g\"}]},{\"@type\":\"WebSite\",\"@id\":\"https:\/\/italcaffe.it\/fr\/#website\",\"url\":\"https:\/\/italcaffe.it\/fr\/\",\"name\":\"Italcaff\u00e8\",\"description\":\"50 Anni insieme\",\"potentialAction\":[{\"@type\":\"SearchAction\",\"target\":{\"@type\":\"EntryPoint\",\"urlTemplate\":\"https:\/\/italcaffe.it\/fr\/?s={search_term_string}\"},\"query-input\":{\"@type\":\"PropertyValueSpecification\",\"valueRequired\":true,\"valueName\":\"search_term_string\"}}],\"inLanguage\":\"fr-FR\"}]}<\/script>\n<!-- \/ Yoast SEO plugin. -->","yoast_head_json":{"title":"Le caf\u00e9 pour les professionnels des bars I Excelso Bar 1000g","description":"Go\u00fbt intense. Ar\u00f4me raffin\u00e9. Le caf\u00e9 en grains Excelso Bar est le m\u00e9lange parfait pour votre bar. Disponible en sachet de 1000g.","robots":{"index":"index","follow":"follow","max-snippet":"max-snippet:-1","max-image-preview":"max-image-preview:large","max-video-preview":"max-video-preview:-1"},"canonical":"https:\/\/italcaffe.it\/fr\/produits-accessoires\/cafe-gamme-bar\/excelso-bar-1000g\/","og_locale":"fr_FR","og_type":"article","og_title":"Le caf\u00e9 pour les professionnels des bars I Excelso Bar 1000g","og_description":"Go\u00fbt intense. Ar\u00f4me raffin\u00e9. Le caf\u00e9 en grains Excelso Bar est le m\u00e9lange parfait pour votre bar. Disponible en sachet de 1000g.","og_url":"https:\/\/italcaffe.it\/fr\/produits-accessoires\/cafe-gamme-bar\/excelso-bar-1000g\/","og_site_name":"Italcaff\u00e8","article_modified_time":"2024-07-12T13:39:16+00:00","og_image":[{"width":825,"height":1100,"url":"https:\/\/italcaffe.it\/wp-content\/uploads\/2023\/12\/Excelso23GM-Fronte.jpg","type":"image\/jpeg"}],"twitter_card":"summary_large_image","twitter_misc":{"Dur\u00e9e de lecture estim\u00e9e":"1 minute"},"schema":{"@context":"https:\/\/schema.org","@graph":[{"@type":"WebPage","@id":"https:\/\/italcaffe.it\/fr\/produits-accessoires\/cafe-gamme-bar\/excelso-bar-1000g\/","url":"https:\/\/italcaffe.it\/fr\/produits-accessoires\/cafe-gamme-bar\/excelso-bar-1000g\/","name":"Le caf\u00e9 pour les professionnels des bars I Excelso Bar 1000g","isPartOf":{"@id":"https:\/\/italcaffe.it\/fr\/#website"},"primaryImageOfPage":{"@id":"https:\/\/italcaffe.it\/fr\/produits-accessoires\/cafe-gamme-bar\/excelso-bar-1000g\/#primaryimage"},"image":{"@id":"https:\/\/italcaffe.it\/fr\/produits-accessoires\/cafe-gamme-bar\/excelso-bar-1000g\/#primaryimage"},"thumbnailUrl":"https:\/\/italcaffe.it\/wp-content\/uploads\/2023\/12\/Excelso23GM-Fronte.jpg","datePublished":"2019-10-17T14:48:07+00:00","dateModified":"2024-07-12T13:39:16+00:00","description":"Go\u00fbt intense. Ar\u00f4me raffin\u00e9. Le caf\u00e9 en grains Excelso Bar est le m\u00e9lange parfait pour votre bar. Disponible en sachet de 1000g.","breadcrumb":{"@id":"https:\/\/italcaffe.it\/fr\/produits-accessoires\/cafe-gamme-bar\/excelso-bar-1000g\/#breadcrumb"},"inLanguage":"fr-FR","potentialAction":[{"@type":"ReadAction","target":["https:\/\/italcaffe.it\/fr\/produits-accessoires\/cafe-gamme-bar\/excelso-bar-1000g\/"]}]},{"@type":"ImageObject","inLanguage":"fr-FR","@id":"https:\/\/italcaffe.it\/fr\/produits-accessoires\/cafe-gamme-bar\/excelso-bar-1000g\/#primaryimage","url":"https:\/\/italcaffe.it\/wp-content\/uploads\/2023\/12\/Excelso23GM-Fronte.jpg","contentUrl":"https:\/\/italcaffe.it\/wp-content\/uploads\/2023\/12\/Excelso23GM-Fronte.jpg","width":825,"height":1100,"caption":"Caff\u00e8 in grani Excelso 1 kg Espresso Italiano medaglia d'oro 2023 fronte"},{"@type":"BreadcrumbList","@id":"https:\/\/italcaffe.it\/fr\/produits-accessoires\/cafe-gamme-bar\/excelso-bar-1000g\/#breadcrumb","itemListElement":[{"@type":"ListItem","position":1,"name":"Home","item":"https:\/\/italcaffe.it\/fr\/"},{"@type":"ListItem","position":2,"name":"LES PRODUITS","item":"https:\/\/italcaffe.it\/fr\/produits-accessoires\/"},{"@type":"ListItem","position":3,"name":"Gamme Bar","item":"https:\/\/italcaffe.it\/fr\/produits-accessoires\/cafe-gamme-bar\/"},{"@type":"ListItem","position":4,"name":"EXCELSO BAR 1000g"}]},{"@type":"WebSite","@id":"https:\/\/italcaffe.it\/fr\/#website","url":"https:\/\/italcaffe.it\/fr\/","name":"Italcaff\u00e8","description":"50 Anni insieme","potentialAction":[{"@type":"SearchAction","target":{"@type":"EntryPoint","urlTemplate":"https:\/\/italcaffe.it\/fr\/?s={search_term_string}"},"query-input":{"@type":"PropertyValueSpecification","valueRequired":true,"valueName":"search_term_string"}}],"inLanguage":"fr-FR"}]}},"_links":{"self":[{"href":"https:\/\/italcaffe.it\/fr\/wp-json\/wp\/v2\/pages\/19684","targetHints":{"allow":["GET"]}}],"collection":[{"href":"https:\/\/italcaffe.it\/fr\/wp-json\/wp\/v2\/pages"}],"about":[{"href":"https:\/\/italcaffe.it\/fr\/wp-json\/wp\/v2\/types\/page"}],"author":[{"embeddable":true,"href":"https:\/\/italcaffe.it\/fr\/wp-json\/wp\/v2\/users\/3"}],"replies":[{"embeddable":true,"href":"https:\/\/italcaffe.it\/fr\/wp-json\/wp\/v2\/comments?post=19684"}],"version-history":[{"count":0,"href":"https:\/\/italcaffe.it\/fr\/wp-json\/wp\/v2\/pages\/19684\/revisions"}],"up":[{"embeddable":true,"href":"https:\/\/italcaffe.it\/fr\/wp-json\/wp\/v2\/pages\/19725"}],"wp:featuredmedia":[{"embeddable":true,"href":"https:\/\/italcaffe.it\/fr\/wp-json\/wp\/v2\/media\/31410"}],"wp:attachment":[{"href":"https:\/\/italcaffe.it\/fr\/wp-json\/wp\/v2\/media?parent=19684"}],"curies":[{"name":"wp","href":"https:\/\/api.w.org\/{rel}","templated":true}]}}