{"id":19691,"date":"2019-10-17T15:50:03","date_gmt":"2019-10-17T14:50:03","guid":{"rendered":"https:\/\/www.italcaffe.it\/royal-bar-1000g\/"},"modified":"2020-05-14T21:33:25","modified_gmt":"2020-05-14T20:33:25","slug":"royal-bar-1000g","status":"publish","type":"page","link":"https:\/\/italcaffe.it\/fr\/produits-accessoires\/cafe-gamme-bar\/royal-bar-1000g\/","title":{"rendered":"ROYAL BAR 1000g"},"content":{"rendered":"<div class=\"wpb-content-wrapper\"><p>[vc_section el_class=&#8221;wrap-content-limit&#8221;][vc_row el_class=&#8221;wrap-content-limit&#8221;][vc_column][vc_raw_html]JTNDaDIlMjBzdHlsZSUzRCUyMmZvbnQtc2l6ZSUzQSUyMDI0cHglM0JsaW5lLWhlaWdodCUzQSUyMDI0cHglM0J0ZXh0LWFsaWduJTNBJTIwY2VudGVyJTIyJTIwY2xhc3MlM0QlMjJ2Y19jdXN0b21faGVhZGluZyUyMHRleHQtdXBwZXJjYXNlJTIwZGl2aWRlciUyMHByJTIyJTNFUk9ZQUwlMjBCQVIlMjAxMDAwJTNDc3BhbiUyMGNsYXNzJTNEJTIydGV4dC1sb3dlcmNhc2UlMjIlM0VnJTNDJTJGc3BhbiUzRSUzQyUyRmgyJTNF[\/vc_raw_html][\/vc_column][\/vc_row][vc_row][vc_column width=&#8221;1\/2&#8243;][vc_gallery type=&#8221;flexslider_slide&#8221; interval=&#8221;5&#8243; images=&#8221;8397,8401&#8243; img_size=&#8221;570&#215;760&#8243; onclick=&#8221;&#8221; el_class=&#8221;flexslider-prodotti&#8221;][\/vc_column][vc_column width=&#8221;1\/2&#8243;][vc_empty_space height=&#8221;50px&#8221;][vc_raw_html]PGRpdiBjbGFzcz0id29vY29tbWVyY2UtcHJvZHVjdC1kZXRhaWxzX19zaG9ydC1kZXNjcmlwdGlvbiI+CgkJPGgyIGNsYXNzPSJwcm9kdWN0X3RpdGxlIGVudHJ5LXRpdGxlIHRleHQtdXBwZXJjYXNlIHB0X18zMCI+Q2FyYWN0w6lyaXN0aXF1ZXMgZHUgY2Fmw6k8L2gyPgkJPGRpdiBjbGFzcz0iamFzLXJvdyI+PGRpdiBjbGFzcz0iamFzLWNvbC1tZC01IHRleHQtcmlnaHQgY3VzLXByb2ZpbG8tc2Vuc29yaWFsZS1ub21lIj48c3BhbiBjbGFzcz0idGV4dC11cHBlcmNhc2UiPlRvcnLDqWZhY3Rpb248L3NwYW4+PC9kaXY+PGRpdiBjbGFzcz0iamFzLWNvbC1tZC03Ij48c3BhbiBjbGFzcz0iY3VzLXByb2ZpbG8tc2Vuc29yaWFsZS1jaGljY2hpIGN1cy1wcm9maWxvLXNlbnNvcmlhbGUtY2hpY2NoaS0zIj48L3NwYW4+PC9kaXY+PC9kaXY+PGRpdiBjbGFzcz0iamFzLXJvdyI+PGRpdiBjbGFzcz0iamFzLWNvbC1tZC01IHRleHQtcmlnaHQgY3VzLXByb2ZpbG8tc2Vuc29yaWFsZS1ub21lIj48c3BhbiBjbGFzcz0idGV4dC11cHBlcmNhc2UiPkNvcnBzPC9zcGFuPjwvZGl2PjxkaXYgY2xhc3M9Imphcy1jb2wtbWQtNyI+PHNwYW4gY2xhc3M9ImN1cy1wcm9maWxvLXNlbnNvcmlhbGUtY2hpY2NoaSBjdXMtcHJvZmlsby1zZW5zb3JpYWxlLWNoaWNjaGktNCI+PC9zcGFuPjwvZGl2PjwvZGl2PjxkaXYgY2xhc3M9Imphcy1yb3ciPjxkaXYgY2xhc3M9Imphcy1jb2wtbWQtNSB0ZXh0LXJpZ2h0IGN1cy1wcm9maWxvLXNlbnNvcmlhbGUtbm9tZSI+PHNwYW4gY2xhc3M9InRleHQtdXBwZXJjYXNlIj5BcsO0bWU8L3NwYW4+PC9kaXY+PGRpdiBjbGFzcz0iamFzLWNvbC1tZC03Ij48c3BhbiBjbGFzcz0iY3VzLXByb2ZpbG8tc2Vuc29yaWFsZS1jaGljY2hpIGN1cy1wcm9maWxvLXNlbnNvcmlhbGUtY2hpY2NoaS00Ij48L3NwYW4+PC9kaXY+PC9kaXY+PGRpdiBjbGFzcz0iamFzLXJvdyI+PGRpdiBjbGFzcz0iamFzLWNvbC1tZC01IHRleHQtcmlnaHQgY3VzLXByb2ZpbG8tc2Vuc29yaWFsZS1ub21lIj48c3BhbiBjbGFzcz0idGV4dC11cHBlcmNhc2UiPkRvdWNldXI8L3NwYW4+PC9kaXY+PGRpdiBjbGFzcz0iamFzLWNvbC1tZC03Ij48c3BhbiBjbGFzcz0iY3VzLXByb2ZpbG8tc2Vuc29yaWFsZS1jaGljY2hpIGN1cy1wcm9maWxvLXNlbnNvcmlhbGUtY2hpY2NoaS00Ij48L3NwYW4+PC9kaXY+PC9kaXY+PGRpdiBjbGFzcz0iamFzLXJvdyI+PGRpdiBjbGFzcz0iamFzLWNvbC1tZC01IHRleHQtcmlnaHQgY3VzLXByb2ZpbG8tc2Vuc29yaWFsZS1ub21lIj48c3BhbiBjbGFzcz0idGV4dC11cHBlcmNhc2UiPkFjaWRpdMOpPC9zcGFuPjwvZGl2PjxkaXYgY2xhc3M9Imphcy1jb2wtbWQtNyI+PHNwYW4gY2xhc3M9ImN1cy1wcm9maWxvLXNlbnNvcmlhbGUtY2hpY2NoaSBjdXMtcHJvZmlsby1zZW5zb3JpYWxlLWNoaWNjaGktMiI+PC9zcGFuPjwvZGl2PjwvZGl2PgoJPC9kaXY+[\/vc_raw_html][vc_wp_text]Il s\u2019agit d\u2019un grand caf\u00e9 expresso \u00e0 l\u2019italienne au gout fort mais raffin\u00e9 avec un ar\u00f4me puissant et persistant.<\/p>\n<p>En lui se retrouvent l\u2019ar\u00f4me et la fragrance d\u2019un caf\u00e9 riche de gout et de corps.<\/p>\n<p>Il s&#8217;agit d&#8217;un paquet de 1000g conditionn\u00e9 sous atmosph\u00e8re protectrice et avec une valve monodirectionnelle de garantie d\u2019ar\u00f4me, id\u00e9al pour conserver le go\u00fbt et la fraicheur des grains de caf\u00e9.[\/vc_wp_text][\/vc_column][\/vc_row][\/vc_section][vc_section el_class=&#8221;wrap-home-pillars&#8221; css=&#8221;.vc_custom_1562852209382{border-bottom-width: 5px !important;border-bottom-color: #ffffff !important;border-bottom-style: solid !important;}&#8221;][vc_row css=&#8221;.vc_custom_1570542705221{padding-top: 50px !important;padding-bottom: 25px !important;background-color: #e40520 !important;}&#8221;][vc_column width=&#8221;1\/3&#8243; css=&#8221;.vc_custom_1570542690545{margin-bottom: 0px !important;padding-bottom: 0px !important;background-color: #e40520 !important;}&#8221;][vc_raw_html css=&#8221;.vc_custom_1589488321317{margin-top: 0px !important;margin-bottom: 0px !important;padding-top: 0px !important;padding-bottom: 0px !important;}&#8221;]JTNDZGl2JTIwY2xhc3MlM0QlMjJqYXMtc2VydmljZSUyMHRjJTIwd3JhcC1ob21lLXBpbGxhcnMtc2luZ2xlJTIwYm9yZGVyLXJpZ2h0LXdoaXRlJTIyJTNFJTBBJTNDYSUyMGhyZWYlM0QlMjJodHRwcyUzQSUyRiUyRnd3dy5pdGFsY2FmZmUuaXQlMkZmciUyRnNob3AlMkZteS1hY2NvdW50JTJGJTIyJTNFJTBBJTNDZGl2JTIwY2xhc3MlM0QlMjJpY29uJTIwbWVkaXVtJTIwY3AlMjIlMjBzdHlsZSUzRCUyMmNvbG9yJTNBJTIwJTIzZmZmZmZmJTNCJTIyJTNFJTBBJTNDaSUyMGNsYXNzJTNEJTIycGUtN3MtY2FyJTIwaWNvLWN1cy1zY29udG8lMjIlM0UlM0MlMkZpJTNFJTBBJTNDJTJGZGl2JTNFJTBBJTNDZGl2JTIwY2xhc3MlM0QlMjJjb250ZW50JTIyJTNFJTNDaDMlMjBjbGFzcyUzRCUyMnRpdGxlJTIwY3AlMjB0dSUyMGZzX18xNCUyMG1nX18wJTIwbWJfXzUlMjB0ZXh0LXVwcGVyY2FzZSUyMiUyMHN0eWxlJTNEJTIyY29sb3IlM0ElMjAlMjNmZmZmZmYlM0IlMjIlM0VSRU1JU0UlMjBTUCVDMyU4OUNJQUxFJTIwLTEwJTI1JTNDJTJGaDMlM0UlM0NwJTIwY2xhc3MlM0QlMjJtZ19fMCUyMiUyMHN0eWxlJTNEJTIyY29sb3IlM0ElMjAlMjNmZmZmZmYlM0IlMjIlM0Vwb3VyJTIwbGVzJTIwY2xpZW50cyUyMGluc2NyaXRzJTNDJTJGcCUzRSUzQyUyRmRpdiUzRSUwQSUwQSUwQSUzQyUyRmElM0UlMEElM0MlMkZkaXYlM0U=[\/vc_raw_html][\/vc_column][vc_column width=&#8221;1\/3&#8243; css=&#8221;.vc_custom_1570542697425{background-color: #e40520 !important;}&#8221;][vc_raw_html css=&#8221;.vc_custom_1589488402206{margin-top: 0px !important;margin-bottom: 0px !important;padding-top: 0px !important;padding-bottom: 0px !important;}&#8221;]JTNDZGl2JTIwY2xhc3MlM0QlMjJqYXMtc2VydmljZSUyMHRjJTIwd3JhcC1ob21lLXBpbGxhcnMtc2luZ2xlJTIwYm9yZGVyLXJpZ2h0LXdoaXRlJTIyJTNFJTBBJTNDYSUyMGhyZWYlM0QlMjJodHRwcyUzQSUyRiUyRnd3dy5pdGFsY2FmZmUuaXQlMkZmciUyRnNob3AlMkZjYWZlLWdyYWluJTJGZXNwcmVzc28tY2FmZS1ncmFpbiUyRnJveWFsLWJhci0xLWtnJTJGJTIyJTNFJTBBJTBBJTNDZGl2JTIwY2xhc3MlM0QlMjJpY29uJTIwbWVkaXVtJTIwY3AlMjIlMjBzdHlsZSUzRCUyMmNvbG9yJTNBJTIwJTIzZmZmZmZmJTNCJTIyJTNFJTNDaSUyMGNsYXNzJTNEJTIycGUtN3MtdGltZXIlMjIlM0UlM0MlMkZpJTNFJTNDJTJGZGl2JTNFJTNDZGl2JTIwY2xhc3MlM0QlMjJjb250ZW50JTIyJTNFJTNDaDMlMjBjbGFzcyUzRCUyMnRpdGxlJTIwY3AlMjB0dSUyMGZzX18xNCUyMG1nX18wJTIwbWJfXzUlMjIlMjBzdHlsZSUzRCUyMmNvbG9yJTNBJTIwJTIzZmZmZmZmJTNCJTIyJTNFQ09NTUFOREVOWiUyMEVOJTIwTElHTkUlM0MlMkZoMyUzRSUzQ3AlMjBjbGFzcyUzRCUyMm1nX18wJTIyJTIwc3R5bGUlM0QlMjJjb2xvciUzQSUyMCUyM2ZmZmZmZiUzQiUyMiUzRTI0JTIwaCUyMHN1ciUyMDI0JTIwaCUzQyUyRnAlM0UlM0MlMkZkaXYlM0UlMEElM0MlMkZhJTNFJTBBJTNDJTJGZGl2JTNF[\/vc_raw_html][\/vc_column][vc_column width=&#8221;1\/3&#8243; css=&#8221;.vc_custom_1563818085979{margin-top: 0px !important;margin-bottom: 0px !important;padding-top: 0px !important;padding-bottom: 0px !important;}&#8221;][vc_raw_html css=&#8221;.vc_custom_1589488329902{margin-top: 0px !important;margin-bottom: 0px !important;padding-top: 0px !important;padding-bottom: 0px !important;}&#8221;]JTNDZGl2JTIwY2xhc3MlM0QlMjJqYXMtc2VydmljZSUyMHRjJTIwd3JhcC1ob21lLXBpbGxhcnMtc2luZ2xlJTIyJTNFJTBBJTNDYSUyRiUyMiUzRSUwQSUwQSUzQ2RpdiUyMGNsYXNzJTNEJTIyaWNvbiUyMG1lZGl1bSUyMGNwJTIyJTIwc3R5bGUlM0QlMjJjb2xvciUzQSUyMCUyM2ZmZmZmZiUzQiUyMiUzRSUzQ2klMjBjbGFzcyUzRCUyMnBlLTdzLWRpYW1vbmQlMjIlM0UlM0MlMkZpJTNFJTNDJTJGZGl2JTNFJTNDZGl2JTIwY2xhc3MlM0QlMjJjb250ZW50JTIyJTNFJTNDaDMlMjBjbGFzcyUzRCUyMnRpdGxlJTIwY3AlMjB0dSUyMGZzX18xNCUyMG1nX18wJTIwbWJfXzUlMjIlMjBzdHlsZSUzRCUyMmNvbG9yJTNBJTIwJTIzZmZmZmZmJTNCJTIyJTNFQ0hPSVNJU1NFWiUyMExBJTIwUVVBTElUJUMzJTg5JTNDJTJGaDMlM0UlM0NwJTIwY2xhc3MlM0QlMjJtZ19fMCUyMiUyMHN0eWxlJTNEJTIyY29sb3IlM0ElMjAlMjNmZmZmZmYlM0IlMjIlM0VMZXMlMjBtZWlsbGV1cnMlMjBjYWYlQzMlQTlzJTIwZHUlMjBtb25kZSUyMHByJUMzJUE5c2VudHMlMjBzdXIlMjBub3MlMjB0ZXJyZXMlM0MlMkZwJTNFJTNDJTJGZGl2JTNFJTBBJTBBJTNDJTJGYSUzRSUwQSUzQyUyRmRpdiUzRQ==[\/vc_raw_html][\/vc_column][\/vc_row][\/vc_section][vc_row][vc_column][vc_empty_space height=&#8221;100px&#8221;][\/vc_column][\/vc_row]<\/p>\n<\/div>","protected":false},"excerpt":{"rendered":"<p>[vc_section el_class=&#8221;wrap-content-limit&#8221;][vc_row el_class=&#8221;wrap-content-limit&#8221;][vc_column][vc_raw_html]JTNDaDIlMjBzdHlsZSUzRCUyMmZvbnQtc2l6ZSUzQSUyMDI0cHglM0JsaW5lLWhlaWdodCUzQSUyMDI0cHglM0J0ZXh0LWFsaWduJTNBJTIwY2VudGVyJTIyJTIwY2xhc3MlM0QlMjJ2Y19jdXN0b21faGVhZGluZyUyMHRleHQtdXBwZXJjYXNlJTIwZGl2aWRlciUyMHByJTIyJTNFUk9ZQUwlMjBCQVIlMjAxMDAwJTNDc3BhbiUyMGNsYXNzJTNEJTIydGV4dC1sb3dlcmNhc2UlMjIlM0VnJTNDJTJGc3BhbiUzRSUzQyUyRmgyJTNF[\/vc_raw_html][\/vc_column][\/vc_row][vc_row][vc_column width=&#8221;1\/2&#8243;][vc_gallery type=&#8221;flexslider_slide&#8221; interval=&#8221;5&#8243; images=&#8221;8397,8401&#8243; img_size=&#8221;570&#215;760&#8243; onclick=&#8221;&#8221; el_class=&#8221;flexslider-prodotti&#8221;][\/vc_column][vc_column width=&#8221;1\/2&#8243;][vc_empty_space height=&#8221;50px&#8221;][vc_raw_html]PGRpdiBjbGFzcz0id29vY29tbWVyY2UtcHJvZHVjdC1kZXRhaWxzX19zaG9ydC1kZXNjcmlwdGlvbiI+CgkJPGgyIGNsYXNzPSJwcm9kdWN0X3RpdGxlIGVudHJ5LXRpdGxlIHRleHQtdXBwZXJjYXNlIHB0X18zMCI+Q2FyYWN0w6lyaXN0aXF1ZXMgZHUgY2Fmw6k8L2gyPgkJPGRpdiBjbGFzcz0iamFzLXJvdyI+PGRpdiBjbGFzcz0iamFzLWNvbC1tZC01IHRleHQtcmlnaHQgY3VzLXByb2ZpbG8tc2Vuc29yaWFsZS1ub21lIj48c3BhbiBjbGFzcz0idGV4dC11cHBlcmNhc2UiPlRvcnLDqWZhY3Rpb248L3NwYW4+PC9kaXY+PGRpdiBjbGFzcz0iamFzLWNvbC1tZC03Ij48c3BhbiBjbGFzcz0iY3VzLXByb2ZpbG8tc2Vuc29yaWFsZS1jaGljY2hpIGN1cy1wcm9maWxvLXNlbnNvcmlhbGUtY2hpY2NoaS0zIj48L3NwYW4+PC9kaXY+PC9kaXY+PGRpdiBjbGFzcz0iamFzLXJvdyI+PGRpdiBjbGFzcz0iamFzLWNvbC1tZC01IHRleHQtcmlnaHQgY3VzLXByb2ZpbG8tc2Vuc29yaWFsZS1ub21lIj48c3BhbiBjbGFzcz0idGV4dC11cHBlcmNhc2UiPkNvcnBzPC9zcGFuPjwvZGl2PjxkaXYgY2xhc3M9Imphcy1jb2wtbWQtNyI+PHNwYW4gY2xhc3M9ImN1cy1wcm9maWxvLXNlbnNvcmlhbGUtY2hpY2NoaSBjdXMtcHJvZmlsby1zZW5zb3JpYWxlLWNoaWNjaGktNCI+PC9zcGFuPjwvZGl2PjwvZGl2PjxkaXYgY2xhc3M9Imphcy1yb3ciPjxkaXYgY2xhc3M9Imphcy1jb2wtbWQtNSB0ZXh0LXJpZ2h0IGN1cy1wcm9maWxvLXNlbnNvcmlhbGUtbm9tZSI+PHNwYW4gY2xhc3M9InRleHQtdXBwZXJjYXNlIj5BcsO0bWU8L3NwYW4+PC9kaXY+PGRpdiBjbGFzcz0iamFzLWNvbC1tZC03Ij48c3BhbiBjbGFzcz0iY3VzLXByb2ZpbG8tc2Vuc29yaWFsZS1jaGljY2hpIGN1cy1wcm9maWxvLXNlbnNvcmlhbGUtY2hpY2NoaS00Ij48L3NwYW4+PC9kaXY+PC9kaXY+PGRpdiBjbGFzcz0iamFzLXJvdyI+PGRpdiBjbGFzcz0iamFzLWNvbC1tZC01IHRleHQtcmlnaHQgY3VzLXByb2ZpbG8tc2Vuc29yaWFsZS1ub21lIj48c3BhbiBjbGFzcz0idGV4dC11cHBlcmNhc2UiPkRvdWNldXI8L3NwYW4+PC9kaXY+PGRpdiBjbGFzcz0iamFzLWNvbC1tZC03Ij48c3BhbiBjbGFzcz0iY3VzLXByb2ZpbG8tc2Vuc29yaWFsZS1jaGljY2hpIGN1cy1wcm9maWxvLXNlbnNvcmlhbGUtY2hpY2NoaS00Ij48L3NwYW4+PC9kaXY+PC9kaXY+PGRpdiBjbGFzcz0iamFzLXJvdyI+PGRpdiBjbGFzcz0iamFzLWNvbC1tZC01IHRleHQtcmlnaHQgY3VzLXByb2ZpbG8tc2Vuc29yaWFsZS1ub21lIj48c3BhbiBjbGFzcz0idGV4dC11cHBlcmNhc2UiPkFjaWRpdMOpPC9zcGFuPjwvZGl2PjxkaXYgY2xhc3M9Imphcy1jb2wtbWQtNyI+PHNwYW4gY2xhc3M9ImN1cy1wcm9maWxvLXNlbnNvcmlhbGUtY2hpY2NoaSBjdXMtcHJvZmlsby1zZW5zb3JpYWxlLWNoaWNjaGktMiI+PC9zcGFuPjwvZGl2PjwvZGl2PgoJPC9kaXY+[\/vc_raw_html][vc_wp_text]Il s\u2019agit d\u2019un grand caf\u00e9 expresso \u00e0 l\u2019italienne au gout fort mais raffin\u00e9 avec un ar\u00f4me puissant et persistant. En lui se retrouvent l\u2019ar\u00f4me et la fragrance d\u2019un caf\u00e9 riche de gout et de corps. Il s&#8217;agit d&#8217;un paquet de 1000g conditionn\u00e9 sous atmosph\u00e8re [&hellip;]<\/p>\n","protected":false},"author":3,"featured_media":8397,"parent":19725,"menu_order":1,"comment_status":"closed","ping_status":"closed","template":"","meta":{"_acf_changed":false,"footnotes":""},"class_list":["post-19691","page","type-page","status-publish","has-post-thumbnail","hentry"],"acf":[],"yoast_head":"<!-- This site is optimized with the Yoast SEO plugin v27.0 - https:\/\/yoast.com\/product\/yoast-seo-wordpress\/ -->\n<title>Le caf\u00e9 pour les professionnels des bars I Royal Bar 1000g<\/title>\n<meta name=\"description\" content=\"Si vous cherchez un produit de qualit\u00e9 pour votre bar, Royal Bar est un caf\u00e9 torr\u00e9fi\u00e9 en grains au go\u00fbt fort mais raffin\u00e9, avec un ar\u00f4me riche et persistant.\" \/>\n<meta name=\"robots\" content=\"index, follow, max-snippet:-1, max-image-preview:large, max-video-preview:-1\" \/>\n<link rel=\"canonical\" href=\"https:\/\/italcaffe.it\/fr\/produits-accessoires\/cafe-gamme-bar\/royal-bar-1000g\/\" \/>\n<meta property=\"og:locale\" content=\"fr_FR\" \/>\n<meta property=\"og:type\" content=\"article\" \/>\n<meta property=\"og:title\" content=\"Le caf\u00e9 pour les professionnels des bars I Royal Bar 1000g\" \/>\n<meta property=\"og:description\" content=\"Si vous cherchez un produit de qualit\u00e9 pour votre bar, Royal Bar est un caf\u00e9 torr\u00e9fi\u00e9 en grains au go\u00fbt fort mais raffin\u00e9, avec un ar\u00f4me riche et persistant.\" \/>\n<meta property=\"og:url\" content=\"https:\/\/italcaffe.it\/fr\/produits-accessoires\/cafe-gamme-bar\/royal-bar-1000g\/\" \/>\n<meta property=\"og:site_name\" content=\"Italcaff\u00e8\" \/>\n<meta property=\"article:modified_time\" content=\"2020-05-14T20:33:25+00:00\" \/>\n<meta property=\"og:image\" content=\"https:\/\/italcaffe.it\/wp-content\/uploads\/2019\/10\/17-royal.jpg\" \/>\n\t<meta property=\"og:image:width\" content=\"825\" \/>\n\t<meta property=\"og:image:height\" content=\"1100\" \/>\n\t<meta property=\"og:image:type\" content=\"image\/jpeg\" \/>\n<meta name=\"twitter:card\" content=\"summary_large_image\" \/>\n<meta name=\"twitter:label1\" content=\"Dur\u00e9e de lecture estim\u00e9e\" \/>\n\t<meta name=\"twitter:data1\" content=\"4 minutes\" \/>\n<script type=\"application\/ld+json\" class=\"yoast-schema-graph\">{\"@context\":\"https:\/\/schema.org\",\"@graph\":[{\"@type\":\"WebPage\",\"@id\":\"https:\/\/italcaffe.it\/fr\/produits-accessoires\/cafe-gamme-bar\/royal-bar-1000g\/\",\"url\":\"https:\/\/italcaffe.it\/fr\/produits-accessoires\/cafe-gamme-bar\/royal-bar-1000g\/\",\"name\":\"Le caf\u00e9 pour les professionnels des bars I Royal Bar 1000g\",\"isPartOf\":{\"@id\":\"https:\/\/italcaffe.it\/fr\/#website\"},\"primaryImageOfPage\":{\"@id\":\"https:\/\/italcaffe.it\/fr\/produits-accessoires\/cafe-gamme-bar\/royal-bar-1000g\/#primaryimage\"},\"image\":{\"@id\":\"https:\/\/italcaffe.it\/fr\/produits-accessoires\/cafe-gamme-bar\/royal-bar-1000g\/#primaryimage\"},\"thumbnailUrl\":\"https:\/\/italcaffe.it\/wp-content\/uploads\/2019\/10\/17-royal.jpg\",\"datePublished\":\"2019-10-17T14:50:03+00:00\",\"dateModified\":\"2020-05-14T20:33:25+00:00\",\"description\":\"Si vous cherchez un produit de qualit\u00e9 pour votre bar, Royal Bar est un caf\u00e9 torr\u00e9fi\u00e9 en grains au go\u00fbt fort mais raffin\u00e9, avec un ar\u00f4me riche et persistant.\",\"breadcrumb\":{\"@id\":\"https:\/\/italcaffe.it\/fr\/produits-accessoires\/cafe-gamme-bar\/royal-bar-1000g\/#breadcrumb\"},\"inLanguage\":\"fr-FR\",\"potentialAction\":[{\"@type\":\"ReadAction\",\"target\":[\"https:\/\/italcaffe.it\/fr\/produits-accessoires\/cafe-gamme-bar\/royal-bar-1000g\/\"]}]},{\"@type\":\"ImageObject\",\"inLanguage\":\"fr-FR\",\"@id\":\"https:\/\/italcaffe.it\/fr\/produits-accessoires\/cafe-gamme-bar\/royal-bar-1000g\/#primaryimage\",\"url\":\"https:\/\/italcaffe.it\/wp-content\/uploads\/2019\/10\/17-royal.jpg\",\"contentUrl\":\"https:\/\/italcaffe.it\/wp-content\/uploads\/2019\/10\/17-royal.jpg\",\"width\":825,\"height\":1100,\"caption\":\"Caff\u00e8 in grani Italcaff\u00e8 Royal Espresso Italiano 1 kg fronte\"},{\"@type\":\"BreadcrumbList\",\"@id\":\"https:\/\/italcaffe.it\/fr\/produits-accessoires\/cafe-gamme-bar\/royal-bar-1000g\/#breadcrumb\",\"itemListElement\":[{\"@type\":\"ListItem\",\"position\":1,\"name\":\"Home\",\"item\":\"https:\/\/italcaffe.it\/fr\/\"},{\"@type\":\"ListItem\",\"position\":2,\"name\":\"LES PRODUITS\",\"item\":\"https:\/\/italcaffe.it\/fr\/produits-accessoires\/\"},{\"@type\":\"ListItem\",\"position\":3,\"name\":\"Gamme Bar\",\"item\":\"https:\/\/italcaffe.it\/fr\/produits-accessoires\/cafe-gamme-bar\/\"},{\"@type\":\"ListItem\",\"position\":4,\"name\":\"ROYAL BAR 1000g\"}]},{\"@type\":\"WebSite\",\"@id\":\"https:\/\/italcaffe.it\/fr\/#website\",\"url\":\"https:\/\/italcaffe.it\/fr\/\",\"name\":\"Italcaff\u00e8\",\"description\":\"50 Anni insieme\",\"potentialAction\":[{\"@type\":\"SearchAction\",\"target\":{\"@type\":\"EntryPoint\",\"urlTemplate\":\"https:\/\/italcaffe.it\/fr\/?s={search_term_string}\"},\"query-input\":{\"@type\":\"PropertyValueSpecification\",\"valueRequired\":true,\"valueName\":\"search_term_string\"}}],\"inLanguage\":\"fr-FR\"}]}<\/script>\n<!-- \/ Yoast SEO plugin. -->","yoast_head_json":{"title":"Le caf\u00e9 pour les professionnels des bars I Royal Bar 1000g","description":"Si vous cherchez un produit de qualit\u00e9 pour votre bar, Royal Bar est un caf\u00e9 torr\u00e9fi\u00e9 en grains au go\u00fbt fort mais raffin\u00e9, avec un ar\u00f4me riche et persistant.","robots":{"index":"index","follow":"follow","max-snippet":"max-snippet:-1","max-image-preview":"max-image-preview:large","max-video-preview":"max-video-preview:-1"},"canonical":"https:\/\/italcaffe.it\/fr\/produits-accessoires\/cafe-gamme-bar\/royal-bar-1000g\/","og_locale":"fr_FR","og_type":"article","og_title":"Le caf\u00e9 pour les professionnels des bars I Royal Bar 1000g","og_description":"Si vous cherchez un produit de qualit\u00e9 pour votre bar, Royal Bar est un caf\u00e9 torr\u00e9fi\u00e9 en grains au go\u00fbt fort mais raffin\u00e9, avec un ar\u00f4me riche et persistant.","og_url":"https:\/\/italcaffe.it\/fr\/produits-accessoires\/cafe-gamme-bar\/royal-bar-1000g\/","og_site_name":"Italcaff\u00e8","article_modified_time":"2020-05-14T20:33:25+00:00","og_image":[{"width":825,"height":1100,"url":"https:\/\/italcaffe.it\/wp-content\/uploads\/2019\/10\/17-royal.jpg","type":"image\/jpeg"}],"twitter_card":"summary_large_image","twitter_misc":{"Dur\u00e9e de lecture estim\u00e9e":"4 minutes"},"schema":{"@context":"https:\/\/schema.org","@graph":[{"@type":"WebPage","@id":"https:\/\/italcaffe.it\/fr\/produits-accessoires\/cafe-gamme-bar\/royal-bar-1000g\/","url":"https:\/\/italcaffe.it\/fr\/produits-accessoires\/cafe-gamme-bar\/royal-bar-1000g\/","name":"Le caf\u00e9 pour les professionnels des bars I Royal Bar 1000g","isPartOf":{"@id":"https:\/\/italcaffe.it\/fr\/#website"},"primaryImageOfPage":{"@id":"https:\/\/italcaffe.it\/fr\/produits-accessoires\/cafe-gamme-bar\/royal-bar-1000g\/#primaryimage"},"image":{"@id":"https:\/\/italcaffe.it\/fr\/produits-accessoires\/cafe-gamme-bar\/royal-bar-1000g\/#primaryimage"},"thumbnailUrl":"https:\/\/italcaffe.it\/wp-content\/uploads\/2019\/10\/17-royal.jpg","datePublished":"2019-10-17T14:50:03+00:00","dateModified":"2020-05-14T20:33:25+00:00","description":"Si vous cherchez un produit de qualit\u00e9 pour votre bar, Royal Bar est un caf\u00e9 torr\u00e9fi\u00e9 en grains au go\u00fbt fort mais raffin\u00e9, avec un ar\u00f4me riche et persistant.","breadcrumb":{"@id":"https:\/\/italcaffe.it\/fr\/produits-accessoires\/cafe-gamme-bar\/royal-bar-1000g\/#breadcrumb"},"inLanguage":"fr-FR","potentialAction":[{"@type":"ReadAction","target":["https:\/\/italcaffe.it\/fr\/produits-accessoires\/cafe-gamme-bar\/royal-bar-1000g\/"]}]},{"@type":"ImageObject","inLanguage":"fr-FR","@id":"https:\/\/italcaffe.it\/fr\/produits-accessoires\/cafe-gamme-bar\/royal-bar-1000g\/#primaryimage","url":"https:\/\/italcaffe.it\/wp-content\/uploads\/2019\/10\/17-royal.jpg","contentUrl":"https:\/\/italcaffe.it\/wp-content\/uploads\/2019\/10\/17-royal.jpg","width":825,"height":1100,"caption":"Caff\u00e8 in grani Italcaff\u00e8 Royal Espresso Italiano 1 kg fronte"},{"@type":"BreadcrumbList","@id":"https:\/\/italcaffe.it\/fr\/produits-accessoires\/cafe-gamme-bar\/royal-bar-1000g\/#breadcrumb","itemListElement":[{"@type":"ListItem","position":1,"name":"Home","item":"https:\/\/italcaffe.it\/fr\/"},{"@type":"ListItem","position":2,"name":"LES PRODUITS","item":"https:\/\/italcaffe.it\/fr\/produits-accessoires\/"},{"@type":"ListItem","position":3,"name":"Gamme Bar","item":"https:\/\/italcaffe.it\/fr\/produits-accessoires\/cafe-gamme-bar\/"},{"@type":"ListItem","position":4,"name":"ROYAL BAR 1000g"}]},{"@type":"WebSite","@id":"https:\/\/italcaffe.it\/fr\/#website","url":"https:\/\/italcaffe.it\/fr\/","name":"Italcaff\u00e8","description":"50 Anni insieme","potentialAction":[{"@type":"SearchAction","target":{"@type":"EntryPoint","urlTemplate":"https:\/\/italcaffe.it\/fr\/?s={search_term_string}"},"query-input":{"@type":"PropertyValueSpecification","valueRequired":true,"valueName":"search_term_string"}}],"inLanguage":"fr-FR"}]}},"_links":{"self":[{"href":"https:\/\/italcaffe.it\/fr\/wp-json\/wp\/v2\/pages\/19691","targetHints":{"allow":["GET"]}}],"collection":[{"href":"https:\/\/italcaffe.it\/fr\/wp-json\/wp\/v2\/pages"}],"about":[{"href":"https:\/\/italcaffe.it\/fr\/wp-json\/wp\/v2\/types\/page"}],"author":[{"embeddable":true,"href":"https:\/\/italcaffe.it\/fr\/wp-json\/wp\/v2\/users\/3"}],"replies":[{"embeddable":true,"href":"https:\/\/italcaffe.it\/fr\/wp-json\/wp\/v2\/comments?post=19691"}],"version-history":[{"count":0,"href":"https:\/\/italcaffe.it\/fr\/wp-json\/wp\/v2\/pages\/19691\/revisions"}],"up":[{"embeddable":true,"href":"https:\/\/italcaffe.it\/fr\/wp-json\/wp\/v2\/pages\/19725"}],"wp:featuredmedia":[{"embeddable":true,"href":"https:\/\/italcaffe.it\/fr\/wp-json\/wp\/v2\/media\/8397"}],"wp:attachment":[{"href":"https:\/\/italcaffe.it\/fr\/wp-json\/wp\/v2\/media?parent=19691"}],"curies":[{"name":"wp","href":"https:\/\/api.w.org\/{rel}","templated":true}]}}