{"id":20081,"date":"2019-10-18T17:26:41","date_gmt":"2019-10-18T16:26:41","guid":{"rendered":"https:\/\/www.italcaffe.it\/les-produits\/ligne-capsules-et-dosettes\/capsules-arabica-colombie\/"},"modified":"2022-02-17T17:52:47","modified_gmt":"2022-02-17T16:52:47","slug":"capsules-arabica-colombie","status":"publish","type":"page","link":"https:\/\/italcaffe.it\/fr\/produits-accessoires\/ligne-capsules-et-dosettes\/capsules-arabica-colombie\/","title":{"rendered":"CAPSULES ARABICA COLOMBIE"},"content":{"rendered":"<div class=\"wpb-content-wrapper\"><p>[vc_section el_class=&#8221;wrap-content-limit&#8221;][vc_row el_class=&#8221;wrap-content-limit&#8221;][vc_column][vc_custom_heading divider=&#8221;yes&#8221; text=&#8221;CapsuleS Arabica Colombie&#8221; font_container=&#8221;tag:h1|font_size:24px|text_align:center|color:%23000000|line_height:24px&#8221; use_theme_fonts=&#8221;yes&#8221; el_class=&#8221;text-uppercase&#8221;][\/vc_column][\/vc_row][vc_row][vc_column width=&#8221;1\/2&#8243;][vc_gallery type=&#8221;flexslider_slide&#8221; interval=&#8221;5&#8243; images=&#8221;28524,28766,28762,28827&#8243; img_size=&#8221;570&#215;760&#8243; onclick=&#8221;&#8221; el_class=&#8221;flexslider-prodotti&#8221;][\/vc_column][vc_column width=&#8221;1\/2&#8243;][vc_raw_html]JTNDZGl2JTIwY2xhc3MlM0QlMjJ3b29jb21tZXJjZS1wcm9kdWN0LWRldGFpbHNfX3Nob3J0LWRlc2NyaXB0aW9uJTIyJTNFJTBBJTNDaDIlMjBjbGFzcyUzRCUyMnByb2R1Y3RfdGl0bGUlMjBlbnRyeS10aXRsZSUyMHRleHQtdXBwZXJjYXNlJTIwcHRfXzMwJTIyJTNFQ0FSQUNUJUMzJTg5UklTVElRVUVTJTIwRFUlMjBDQUYlQzMlODklM0MlMkZoMiUzRSUwQSUzQ2RpdiUyMGNsYXNzJTNEJTIyamFzLXJvdyUyMiUzRSUwQSUzQ2RpdiUyMGNsYXNzJTNEJTIyamFzLWNvbC1tZC01JTIwdGV4dC1yaWdodCUyMGN1cy1wcm9maWxvLXNlbnNvcmlhbGUtbm9tZSUyMiUzRSUwQSUzQ3NwYW4lMjBjbGFzcyUzRCUyMnRleHQtdXBwZXJjYXNlJTIyJTNFVE9SUiVDMyU4OUZBQ1RJT04lM0MlMkZzcGFuJTNFJTNDJTJGZGl2JTNFJTNDZGl2JTIwY2xhc3MlM0QlMjJqYXMtY29sLW1kLTclMjIlM0UlM0NzcGFuJTIwY2xhc3MlM0QlMjJjdXMtcHJvZmlsby1zZW5zb3JpYWxlLWNoaWNjaGklMjBjdXMtcHJvZmlsby1zZW5zb3JpYWxlLWNoaWNjaGktMyUyMiUzRSUzQyUyRnNwYW4lM0UlM0MlMkZkaXYlM0UlM0MlMkZkaXYlM0UlM0NkaXYlMjBjbGFzcyUzRCUyMmphcy1yb3clMjIlM0UlM0NkaXYlMjBjbGFzcyUzRCUyMmphcy1jb2wtbWQtNSUyMHRleHQtcmlnaHQlMjBjdXMtcHJvZmlsby1zZW5zb3JpYWxlLW5vbWUlMjIlM0UlM0NzcGFuJTIwY2xhc3MlM0QlMjJ0ZXh0LXVwcGVyY2FzZSUyMiUzRUNPUlBTJTNDJTJGc3BhbiUzRSUzQyUyRmRpdiUzRSUzQ2RpdiUyMGNsYXNzJTNEJTIyamFzLWNvbC1tZC03JTIyJTNFJTNDc3BhbiUyMGNsYXNzJTNEJTIyY3VzLXByb2ZpbG8tc2Vuc29yaWFsZS1jaGljY2hpJTIwY3VzLXByb2ZpbG8tc2Vuc29yaWFsZS1jaGljY2hpLTMlMjIlM0UlM0MlMkZzcGFuJTNFJTNDJTJGZGl2JTNFJTNDJTJGZGl2JTNFJTNDZGl2JTIwY2xhc3MlM0QlMjJqYXMtcm93JTIyJTNFJTNDZGl2JTIwY2xhc3MlM0QlMjJqYXMtY29sLW1kLTUlMjB0ZXh0LXJpZ2h0JTIwY3VzLXByb2ZpbG8tc2Vuc29yaWFsZS1ub21lJTIyJTNFJTNDc3BhbiUyMGNsYXNzJTNEJTIydGV4dC11cHBlcmNhc2UlMjIlM0VBUiVDMyU5NE1FJTNDJTJGc3BhbiUzRSUzQyUyRmRpdiUzRSUzQ2RpdiUyMGNsYXNzJTNEJTIyamFzLWNvbC1tZC03JTIyJTNFJTNDc3BhbiUyMGNsYXNzJTNEJTIyY3VzLXByb2ZpbG8tc2Vuc29yaWFsZS1jaGljY2hpJTIwY3VzLXByb2ZpbG8tc2Vuc29yaWFsZS1jaGljY2hpLTQlMjIlM0UlM0MlMkZzcGFuJTNFJTNDJTJGZGl2JTNFJTNDJTJGZGl2JTNFJTNDZGl2JTIwY2xhc3MlM0QlMjJqYXMtcm93JTIyJTNFJTNDZGl2JTIwY2xhc3MlM0QlMjJqYXMtY29sLW1kLTUlMjB0ZXh0LXJpZ2h0JTIwY3VzLXByb2ZpbG8tc2Vuc29yaWFsZS1ub21lJTIyJTNFJTNDc3BhbiUyMGNsYXNzJTNEJTIydGV4dC11cHBlcmNhc2UlMjIlM0VET1VDRVVSJTNDJTJGc3BhbiUzRSUzQyUyRmRpdiUzRSUzQ2RpdiUyMGNsYXNzJTNEJTIyamFzLWNvbC1tZC03JTIyJTNFJTNDc3BhbiUyMGNsYXNzJTNEJTIyY3VzLXByb2ZpbG8tc2Vuc29yaWFsZS1jaGljY2hpJTIwY3VzLXByb2ZpbG8tc2Vuc29yaWFsZS1jaGljY2hpLTQlMjIlM0U1JTNDJTJGc3BhbiUzRSUzQyUyRmRpdiUzRSUzQyUyRmRpdiUzRSUzQ2RpdiUyMGNsYXNzJTNEJTIyamFzLXJvdyUyMiUzRSUzQ2RpdiUyMGNsYXNzJTNEJTIyamFzLWNvbC1tZC01JTIwdGV4dC1yaWdodCUyMGN1cy1wcm9maWxvLXNlbnNvcmlhbGUtbm9tZSUyMiUzRSUzQ3NwYW4lMjBjbGFzcyUzRCUyMnRleHQtdXBwZXJjYXNlJTIyJTNFQUNJRElUJUMzJTg5JTNDJTJGc3BhbiUzRSUzQyUyRmRpdiUzRSUzQ2RpdiUyMGNsYXNzJTNEJTIyamFzLWNvbC1tZC03JTIyJTNFJTNDc3BhbiUyMGNsYXNzJTNEJTIyY3VzLXByb2ZpbG8tc2Vuc29yaWFsZS1jaGljY2hpJTIwY3VzLXByb2ZpbG8tc2Vuc29yaWFsZS1jaGljY2hpLTMlMjIlM0UlM0MlMkZzcGFuJTNFJTBBJTNDJTJGZGl2JTNFJTBBJTNDJTJGZGl2JTNFJTBBJTNDJTJGZGl2JTNF[\/vc_raw_html][vc_wp_text]<\/p>\n<p>Caf\u00e9 en capsule origine pur caf\u00e9 de Colombie 100% arabica compatibles machines Nespresso\u00ae*, dosettes. Caf\u00e9 Espresso au corps plein. Acidit\u00e9 moyenne avec des notes d&#8217;agrumes caram\u00e9lis\u00e9es qui se chevauchent avec des notes de prunes mures et de dattes s\u00e9ch\u00e9es. L\u2019arri\u00e8re-gout r\u00e9v\u00e8le une surprenante pointe de chocolat noir ainsi que de raisin.<\/p>\n<p>Capsules de Caf\u00e9 Italcaff\u00e8 Espresso Colombie compatibles avec machines Nespresso\u00ae. La marque Nespresso\u00ae n&#8217;est ni de la propri\u00e9t\u00e9 de Italcaff\u00e8 SpA ni d&#8217;aucune entreprise li\u00e9e \u00e0 cette derni\u00e8re.<\/p>\n<p>[\/vc_wp_text][\/vc_column][\/vc_row][\/vc_section][vc_section el_class=&#8221;wrap-home-pillars&#8221; css=&#8221;.vc_custom_1562852209382{border-bottom-width: 5px !important;border-bottom-color: #ffffff !important;border-bottom-style: solid !important;}&#8221;][vc_row css=&#8221;.vc_custom_1570542705221{padding-top: 50px !important;padding-bottom: 25px !important;background-color: #e40520 !important;}&#8221;][vc_column width=&#8221;1\/3&#8243; css=&#8221;.vc_custom_1570542690545{margin-bottom: 0px !important;padding-bottom: 0px !important;background-color: #e40520 !important;}&#8221;][vc_raw_html css=&#8221;.vc_custom_1563817998237{margin-top: 0px !important;margin-bottom: 0px !important;padding-top: 0px !important;padding-bottom: 0px !important;}&#8221;]JTNDZGl2JTIwY2xhc3MlM0QlMjJqYXMtc2VydmljZSUyMHRjJTIwd3JhcC1ob21lLXBpbGxhcnMtc2luZ2xlJTIwYm9yZGVyLXJpZ2h0LXdoaXRlJTIyJTNFJTBBJTNDYSUyMGhyZWYlM0QlMjJodHRwcyUzQSUyRiUyRnd3dy5pdGFsY2FmZmUuaXQlMkZzaG9wJTJGbWlvLWFjY291bnQlMkYlMjIlM0UlMEElM0NkaXYlMjBjbGFzcyUzRCUyMmljb24lMjBtZWRpdW0lMjBjcCUyMiUyMHN0eWxlJTNEJTIyY29sb3IlM0ElMjAlMjNmZmZmZmYlM0IlMjIlM0UlMEElM0NpJTIwY2xhc3MlM0QlMjJwZS03cy1jYXIlMjBpY28tY3VzLXNjb250byUyMiUzRSUzQyUyRmklM0UlMEElM0MlMkZkaXYlM0UlMEElM0NkaXYlMjBjbGFzcyUzRCUyMmNvbnRlbnQlMjIlM0UlM0NoMyUyMGNsYXNzJTNEJTIydGl0bGUlMjBjcCUyMHR1JTIwZnNfXzE0JTIwbWdfXzAlMjBtYl9fNSUyMHRleHQtdXBwZXJjYXNlJTIyJTIwc3R5bGUlM0QlMjJjb2xvciUzQSUyMCUyM2ZmZmZmZiUzQiUyMiUzRVNjb250byUyMHNwZWNpYWxlJTIwLTEwJTI1JTNDJTJGaDMlM0UlM0NwJTIwY2xhc3MlM0QlMjJtZ19fMCUyMiUyMHN0eWxlJTNEJTIyY29sb3IlM0ElMjAlMjNmZmZmZmYlM0IlMjIlM0VwZXIlMjBDbGllbnRpJTIwcmVnaXN0cmF0aSUzQyUyRnAlM0UlM0MlMkZkaXYlM0UlMEElMEElMEElM0MlMkZhJTNFJTBBJTNDJTJGZGl2JTNF[\/vc_raw_html][\/vc_column][vc_column width=&#8221;1\/3&#8243; css=&#8221;.vc_custom_1570542697425{background-color: #e40520 !important;}&#8221;][vc_raw_html css=&#8221;.vc_custom_1563818255259{margin-top: 0px !important;margin-bottom: 0px !important;padding-top: 0px !important;padding-bottom: 0px !important;}&#8221;]PGRpdiBjbGFzcz0iamFzLXNlcnZpY2UgdGMgd3JhcC1ob21lLXBpbGxhcnMtc2luZ2xlIGJvcmRlci1yaWdodC13aGl0ZSI+DQo8YSBocmVmPSJodHRwczovL3d3dy5pdGFsY2FmZmUuaXQvIj4NCg0KPGRpdiBjbGFzcz0iaWNvbiBtZWRpdW0gY3AiIHN0eWxlPSJjb2xvcjogI2ZmZmZmZjsiPjxpIGNsYXNzPSJwZS03cy10aW1lciI+PC9pPjwvZGl2PjxkaXYgY2xhc3M9ImNvbnRlbnQiPjxoMyBjbGFzcz0idGl0bGUgY3AgdHUgZnNfXzE0IG1nX18wIG1iX181IiBzdHlsZT0iY29sb3I6ICNmZmZmZmY7Ij5DT01NQU5ERVogRU4gTElHTkU8L2gzPjxwIGNsYXNzPSJtZ19fMCIgc3R5bGU9ImNvbG9yOiAjZmZmZmZmOyI+MjQgaCBzdXIgMjQgaDwvcD48L2Rpdj4NCjwvYT4NCjwvZGl2Pg==[\/vc_raw_html][\/vc_column][vc_column width=&#8221;1\/3&#8243; css=&#8221;.vc_custom_1563818085979{margin-top: 0px !important;margin-bottom: 0px !important;padding-top: 0px !important;padding-bottom: 0px !important;}&#8221;][vc_raw_html css=&#8221;.vc_custom_1564068944959{margin-top: 0px !important;margin-bottom: 0px !important;padding-top: 0px !important;padding-bottom: 0px !important;}&#8221;]JTNDZGl2JTIwY2xhc3MlM0QlMjJqYXMtc2VydmljZSUyMHRjJTIwd3JhcC1ob21lLXBpbGxhcnMtc2luZ2xlJTIyJTNFJTBBJTNDYSUzRSUwQSUwQSUzQ2RpdiUyMGNsYXNzJTNEJTIyaWNvbiUyMG1lZGl1bSUyMGNwJTIyJTIwc3R5bGUlM0QlMjJjb2xvciUzQSUyMCUyM2ZmZmZmZiUzQiUyMiUzRSUzQ2klMjBjbGFzcyUzRCUyMnBlLTdzLWRpYW1vbmQlMjIlM0UlM0MlMkZpJTNFJTNDJTJGZGl2JTNFJTNDZGl2JTIwY2xhc3MlM0QlMjJjb250ZW50JTIyJTNFJTNDaDMlMjBjbGFzcyUzRCUyMnRpdGxlJTIwY3AlMjB0dSUyMGZzX18xNCUyMG1nX18wJTIwbWJfXzUlMjIlMjBzdHlsZSUzRCUyMmNvbG9yJTNBJTIwJTIzZmZmZmZmJTNCJTIyJTNFU0NFR0xJJTIwTEElMjBRVUFMSVQlQzMlODAlM0MlMkZoMyUzRSUzQ3AlMjBjbGFzcyUzRCUyMm1nX18wJTIyJTIwc3R5bGUlM0QlMjJjb2xvciUzQSUyMCUyM2ZmZmZmZiUzQiUyMiUzRUklMjBtaWdsaW9yaSUyMGNhZmYlQzMlQTglMjBkYWwlMjBtb25kbyUyMG5lbGxhJTIwbm9zdHJhJTIwdGVycmElM0MlMkZwJTNFJTNDJTJGZGl2JTNFJTBBJTBBJTNDJTJGYSUzRSUwQSUzQyUyRmRpdiUzRQ==[\/vc_raw_html][\/vc_column][\/vc_row][\/vc_section][vc_row][vc_column][vc_empty_space height=&#8221;100px&#8221;][\/vc_column][\/vc_row]<\/p>\n<\/div>","protected":false},"excerpt":{"rendered":"<p>[vc_section el_class=&#8221;wrap-content-limit&#8221;][vc_row el_class=&#8221;wrap-content-limit&#8221;][vc_column][vc_custom_heading divider=&#8221;yes&#8221; text=&#8221;CapsuleS Arabica Colombie&#8221; font_container=&#8221;tag:h1|font_size:24px|text_align:center|color:%23000000|line_height:24px&#8221; use_theme_fonts=&#8221;yes&#8221; el_class=&#8221;text-uppercase&#8221;][\/vc_column][\/vc_row][vc_row][vc_column width=&#8221;1\/2&#8243;][vc_gallery type=&#8221;flexslider_slide&#8221; interval=&#8221;5&#8243; images=&#8221;28524,28766,28762,28827&#8243; img_size=&#8221;570&#215;760&#8243; onclick=&#8221;&#8221; el_class=&#8221;flexslider-prodotti&#8221;][\/vc_column][vc_column width=&#8221;1\/2&#8243;][vc_raw_html]JTNDZGl2JTIwY2xhc3MlM0QlMjJ3b29jb21tZXJjZS1wcm9kdWN0LWRldGFpbHNfX3Nob3J0LWRlc2NyaXB0aW9uJTIyJTNFJTBBJTNDaDIlMjBjbGFzcyUzRCUyMnByb2R1Y3RfdGl0bGUlMjBlbnRyeS10aXRsZSUyMHRleHQtdXBwZXJjYXNlJTIwcHRfXzMwJTIyJTNFQ0FSQUNUJUMzJTg5UklTVElRVUVTJTIwRFUlMjBDQUYlQzMlODklM0MlMkZoMiUzRSUwQSUzQ2RpdiUyMGNsYXNzJTNEJTIyamFzLXJvdyUyMiUzRSUwQSUzQ2RpdiUyMGNsYXNzJTNEJTIyamFzLWNvbC1tZC01JTIwdGV4dC1yaWdodCUyMGN1cy1wcm9maWxvLXNlbnNvcmlhbGUtbm9tZSUyMiUzRSUwQSUzQ3NwYW4lMjBjbGFzcyUzRCUyMnRleHQtdXBwZXJjYXNlJTIyJTNFVE9SUiVDMyU4OUZBQ1RJT04lM0MlMkZzcGFuJTNFJTNDJTJGZGl2JTNFJTNDZGl2JTIwY2xhc3MlM0QlMjJqYXMtY29sLW1kLTclMjIlM0UlM0NzcGFuJTIwY2xhc3MlM0QlMjJjdXMtcHJvZmlsby1zZW5zb3JpYWxlLWNoaWNjaGklMjBjdXMtcHJvZmlsby1zZW5zb3JpYWxlLWNoaWNjaGktMyUyMiUzRSUzQyUyRnNwYW4lM0UlM0MlMkZkaXYlM0UlM0MlMkZkaXYlM0UlM0NkaXYlMjBjbGFzcyUzRCUyMmphcy1yb3clMjIlM0UlM0NkaXYlMjBjbGFzcyUzRCUyMmphcy1jb2wtbWQtNSUyMHRleHQtcmlnaHQlMjBjdXMtcHJvZmlsby1zZW5zb3JpYWxlLW5vbWUlMjIlM0UlM0NzcGFuJTIwY2xhc3MlM0QlMjJ0ZXh0LXVwcGVyY2FzZSUyMiUzRUNPUlBTJTNDJTJGc3BhbiUzRSUzQyUyRmRpdiUzRSUzQ2RpdiUyMGNsYXNzJTNEJTIyamFzLWNvbC1tZC03JTIyJTNFJTNDc3BhbiUyMGNsYXNzJTNEJTIyY3VzLXByb2ZpbG8tc2Vuc29yaWFsZS1jaGljY2hpJTIwY3VzLXByb2ZpbG8tc2Vuc29yaWFsZS1jaGljY2hpLTMlMjIlM0UlM0MlMkZzcGFuJTNFJTNDJTJGZGl2JTNFJTNDJTJGZGl2JTNFJTNDZGl2JTIwY2xhc3MlM0QlMjJqYXMtcm93JTIyJTNFJTNDZGl2JTIwY2xhc3MlM0QlMjJqYXMtY29sLW1kLTUlMjB0ZXh0LXJpZ2h0JTIwY3VzLXByb2ZpbG8tc2Vuc29yaWFsZS1ub21lJTIyJTNFJTNDc3BhbiUyMGNsYXNzJTNEJTIydGV4dC11cHBlcmNhc2UlMjIlM0VBUiVDMyU5NE1FJTNDJTJGc3BhbiUzRSUzQyUyRmRpdiUzRSUzQ2RpdiUyMGNsYXNzJTNEJTIyamFzLWNvbC1tZC03JTIyJTNFJTNDc3BhbiUyMGNsYXNzJTNEJTIyY3VzLXByb2ZpbG8tc2Vuc29yaWFsZS1jaGljY2hpJTIwY3VzLXByb2ZpbG8tc2Vuc29yaWFsZS1jaGljY2hpLTQlMjIlM0UlM0MlMkZzcGFuJTNFJTNDJTJGZGl2JTNFJTNDJTJGZGl2JTNFJTNDZGl2JTIwY2xhc3MlM0QlMjJqYXMtcm93JTIyJTNFJTNDZGl2JTIwY2xhc3MlM0QlMjJqYXMtY29sLW1kLTUlMjB0ZXh0LXJpZ2h0JTIwY3VzLXByb2ZpbG8tc2Vuc29yaWFsZS1ub21lJTIyJTNFJTNDc3BhbiUyMGNsYXNzJTNEJTIydGV4dC11cHBlcmNhc2UlMjIlM0VET1VDRVVSJTNDJTJGc3BhbiUzRSUzQyUyRmRpdiUzRSUzQ2RpdiUyMGNsYXNzJTNEJTIyamFzLWNvbC1tZC03JTIyJTNFJTNDc3BhbiUyMGNsYXNzJTNEJTIyY3VzLXByb2ZpbG8tc2Vuc29yaWFsZS1jaGljY2hpJTIwY3VzLXByb2ZpbG8tc2Vuc29yaWFsZS1jaGljY2hpLTQlMjIlM0U1JTNDJTJGc3BhbiUzRSUzQyUyRmRpdiUzRSUzQyUyRmRpdiUzRSUzQ2RpdiUyMGNsYXNzJTNEJTIyamFzLXJvdyUyMiUzRSUzQ2RpdiUyMGNsYXNzJTNEJTIyamFzLWNvbC1tZC01JTIwdGV4dC1yaWdodCUyMGN1cy1wcm9maWxvLXNlbnNvcmlhbGUtbm9tZSUyMiUzRSUzQ3NwYW4lMjBjbGFzcyUzRCUyMnRleHQtdXBwZXJjYXNlJTIyJTNFQUNJRElUJUMzJTg5JTNDJTJGc3BhbiUzRSUzQyUyRmRpdiUzRSUzQ2RpdiUyMGNsYXNzJTNEJTIyamFzLWNvbC1tZC03JTIyJTNFJTNDc3BhbiUyMGNsYXNzJTNEJTIyY3VzLXByb2ZpbG8tc2Vuc29yaWFsZS1jaGljY2hpJTIwY3VzLXByb2ZpbG8tc2Vuc29yaWFsZS1jaGljY2hpLTMlMjIlM0UlM0MlMkZzcGFuJTNFJTBBJTNDJTJGZGl2JTNFJTBBJTNDJTJGZGl2JTNFJTBBJTNDJTJGZGl2JTNF[\/vc_raw_html][vc_wp_text] Caf\u00e9 en capsule origine pur caf\u00e9 de Colombie 100% arabica compatibles machines Nespresso\u00ae*, dosettes. Caf\u00e9 Espresso au corps plein. Acidit\u00e9 moyenne avec des notes d&#8217;agrumes caram\u00e9lis\u00e9es qui se chevauchent avec des notes de prunes mures et de [&hellip;]<\/p>\n","protected":false},"author":1,"featured_media":28524,"parent":19837,"menu_order":1,"comment_status":"closed","ping_status":"closed","template":"","meta":{"_acf_changed":false,"footnotes":""},"class_list":["post-20081","page","type-page","status-publish","has-post-thumbnail","hentry"],"acf":[],"yoast_head":"<!-- This site is optimized with the Yoast SEO plugin v27.0 - https:\/\/yoast.com\/product\/yoast-seo-wordpress\/ -->\n<title>Le meilleur expresso en capsules Arabica Colombia I Italcaff\u00e8<\/title>\n<meta name=\"description\" content=\"Les capsules Arabica Colombia offrent un caf\u00e9 au go\u00fbt surprenant. Essayez-les avec les machines Nespresso, elles sont compatibles!\" \/>\n<meta name=\"robots\" content=\"index, follow, max-snippet:-1, max-image-preview:large, max-video-preview:-1\" \/>\n<link rel=\"canonical\" href=\"https:\/\/italcaffe.it\/fr\/produits-accessoires\/ligne-capsules-et-dosettes\/capsules-arabica-colombie\/\" \/>\n<meta property=\"og:locale\" content=\"fr_FR\" \/>\n<meta property=\"og:type\" content=\"article\" \/>\n<meta property=\"og:title\" content=\"Le meilleur expresso en capsules Arabica Colombia I Italcaff\u00e8\" \/>\n<meta property=\"og:description\" content=\"Les capsules Arabica Colombia offrent un caf\u00e9 au go\u00fbt surprenant. Essayez-les avec les machines Nespresso, elles sont compatibles!\" \/>\n<meta property=\"og:url\" content=\"https:\/\/italcaffe.it\/fr\/produits-accessoires\/ligne-capsules-et-dosettes\/capsules-arabica-colombie\/\" \/>\n<meta property=\"og:site_name\" content=\"Italcaff\u00e8\" \/>\n<meta property=\"article:modified_time\" content=\"2022-02-17T16:52:47+00:00\" \/>\n<meta property=\"og:image\" content=\"https:\/\/italcaffe.it\/wp-content\/uploads\/2021\/12\/Fronte-Colombia.jpg\" \/>\n\t<meta property=\"og:image:width\" content=\"825\" \/>\n\t<meta property=\"og:image:height\" content=\"1000\" \/>\n\t<meta property=\"og:image:type\" content=\"image\/jpeg\" \/>\n<meta name=\"twitter:card\" content=\"summary_large_image\" \/>\n<meta name=\"twitter:label1\" content=\"Dur\u00e9e de lecture estim\u00e9e\" \/>\n\t<meta name=\"twitter:data1\" content=\"4 minutes\" \/>\n<script type=\"application\/ld+json\" class=\"yoast-schema-graph\">{\"@context\":\"https:\/\/schema.org\",\"@graph\":[{\"@type\":\"WebPage\",\"@id\":\"https:\/\/italcaffe.it\/fr\/produits-accessoires\/ligne-capsules-et-dosettes\/capsules-arabica-colombie\/\",\"url\":\"https:\/\/italcaffe.it\/fr\/produits-accessoires\/ligne-capsules-et-dosettes\/capsules-arabica-colombie\/\",\"name\":\"Le meilleur expresso en capsules Arabica Colombia I Italcaff\u00e8\",\"isPartOf\":{\"@id\":\"https:\/\/italcaffe.it\/fr\/#website\"},\"primaryImageOfPage\":{\"@id\":\"https:\/\/italcaffe.it\/fr\/produits-accessoires\/ligne-capsules-et-dosettes\/capsules-arabica-colombie\/#primaryimage\"},\"image\":{\"@id\":\"https:\/\/italcaffe.it\/fr\/produits-accessoires\/ligne-capsules-et-dosettes\/capsules-arabica-colombie\/#primaryimage\"},\"thumbnailUrl\":\"https:\/\/italcaffe.it\/wp-content\/uploads\/2021\/12\/Fronte-Colombia.jpg\",\"datePublished\":\"2019-10-18T16:26:41+00:00\",\"dateModified\":\"2022-02-17T16:52:47+00:00\",\"description\":\"Les capsules Arabica Colombia offrent un caf\u00e9 au go\u00fbt surprenant. Essayez-les avec les machines Nespresso, elles sont compatibles!\",\"breadcrumb\":{\"@id\":\"https:\/\/italcaffe.it\/fr\/produits-accessoires\/ligne-capsules-et-dosettes\/capsules-arabica-colombie\/#breadcrumb\"},\"inLanguage\":\"fr-FR\",\"potentialAction\":[{\"@type\":\"ReadAction\",\"target\":[\"https:\/\/italcaffe.it\/fr\/produits-accessoires\/ligne-capsules-et-dosettes\/capsules-arabica-colombie\/\"]}]},{\"@type\":\"ImageObject\",\"inLanguage\":\"fr-FR\",\"@id\":\"https:\/\/italcaffe.it\/fr\/produits-accessoires\/ligne-capsules-et-dosettes\/capsules-arabica-colombie\/#primaryimage\",\"url\":\"https:\/\/italcaffe.it\/wp-content\/uploads\/2021\/12\/Fronte-Colombia.jpg\",\"contentUrl\":\"https:\/\/italcaffe.it\/wp-content\/uploads\/2021\/12\/Fronte-Colombia.jpg\",\"width\":825,\"height\":1000,\"caption\":\"Capsule caff\u00e8 espresso Colombia Italcaff\u00e8 compatbili Nespresso Aluminium\"},{\"@type\":\"BreadcrumbList\",\"@id\":\"https:\/\/italcaffe.it\/fr\/produits-accessoires\/ligne-capsules-et-dosettes\/capsules-arabica-colombie\/#breadcrumb\",\"itemListElement\":[{\"@type\":\"ListItem\",\"position\":1,\"name\":\"Home\",\"item\":\"https:\/\/italcaffe.it\/fr\/\"},{\"@type\":\"ListItem\",\"position\":2,\"name\":\"LES PRODUITS\",\"item\":\"https:\/\/italcaffe.it\/fr\/produits-accessoires\/\"},{\"@type\":\"ListItem\",\"position\":3,\"name\":\"Ligne Capsules et Dosettes\",\"item\":\"https:\/\/italcaffe.it\/fr\/produits-accessoires\/ligne-capsules-et-dosettes\/\"},{\"@type\":\"ListItem\",\"position\":4,\"name\":\"CAPSULES ARABICA COLOMBIE\"}]},{\"@type\":\"WebSite\",\"@id\":\"https:\/\/italcaffe.it\/fr\/#website\",\"url\":\"https:\/\/italcaffe.it\/fr\/\",\"name\":\"Italcaff\u00e8\",\"description\":\"50 Anni insieme\",\"potentialAction\":[{\"@type\":\"SearchAction\",\"target\":{\"@type\":\"EntryPoint\",\"urlTemplate\":\"https:\/\/italcaffe.it\/fr\/?s={search_term_string}\"},\"query-input\":{\"@type\":\"PropertyValueSpecification\",\"valueRequired\":true,\"valueName\":\"search_term_string\"}}],\"inLanguage\":\"fr-FR\"}]}<\/script>\n<!-- \/ Yoast SEO plugin. -->","yoast_head_json":{"title":"Le meilleur expresso en capsules Arabica Colombia I Italcaff\u00e8","description":"Les capsules Arabica Colombia offrent un caf\u00e9 au go\u00fbt surprenant. Essayez-les avec les machines Nespresso, elles sont compatibles!","robots":{"index":"index","follow":"follow","max-snippet":"max-snippet:-1","max-image-preview":"max-image-preview:large","max-video-preview":"max-video-preview:-1"},"canonical":"https:\/\/italcaffe.it\/fr\/produits-accessoires\/ligne-capsules-et-dosettes\/capsules-arabica-colombie\/","og_locale":"fr_FR","og_type":"article","og_title":"Le meilleur expresso en capsules Arabica Colombia I Italcaff\u00e8","og_description":"Les capsules Arabica Colombia offrent un caf\u00e9 au go\u00fbt surprenant. Essayez-les avec les machines Nespresso, elles sont compatibles!","og_url":"https:\/\/italcaffe.it\/fr\/produits-accessoires\/ligne-capsules-et-dosettes\/capsules-arabica-colombie\/","og_site_name":"Italcaff\u00e8","article_modified_time":"2022-02-17T16:52:47+00:00","og_image":[{"width":825,"height":1000,"url":"https:\/\/italcaffe.it\/wp-content\/uploads\/2021\/12\/Fronte-Colombia.jpg","type":"image\/jpeg"}],"twitter_card":"summary_large_image","twitter_misc":{"Dur\u00e9e de lecture estim\u00e9e":"4 minutes"},"schema":{"@context":"https:\/\/schema.org","@graph":[{"@type":"WebPage","@id":"https:\/\/italcaffe.it\/fr\/produits-accessoires\/ligne-capsules-et-dosettes\/capsules-arabica-colombie\/","url":"https:\/\/italcaffe.it\/fr\/produits-accessoires\/ligne-capsules-et-dosettes\/capsules-arabica-colombie\/","name":"Le meilleur expresso en capsules Arabica Colombia I Italcaff\u00e8","isPartOf":{"@id":"https:\/\/italcaffe.it\/fr\/#website"},"primaryImageOfPage":{"@id":"https:\/\/italcaffe.it\/fr\/produits-accessoires\/ligne-capsules-et-dosettes\/capsules-arabica-colombie\/#primaryimage"},"image":{"@id":"https:\/\/italcaffe.it\/fr\/produits-accessoires\/ligne-capsules-et-dosettes\/capsules-arabica-colombie\/#primaryimage"},"thumbnailUrl":"https:\/\/italcaffe.it\/wp-content\/uploads\/2021\/12\/Fronte-Colombia.jpg","datePublished":"2019-10-18T16:26:41+00:00","dateModified":"2022-02-17T16:52:47+00:00","description":"Les capsules Arabica Colombia offrent un caf\u00e9 au go\u00fbt surprenant. Essayez-les avec les machines Nespresso, elles sont compatibles!","breadcrumb":{"@id":"https:\/\/italcaffe.it\/fr\/produits-accessoires\/ligne-capsules-et-dosettes\/capsules-arabica-colombie\/#breadcrumb"},"inLanguage":"fr-FR","potentialAction":[{"@type":"ReadAction","target":["https:\/\/italcaffe.it\/fr\/produits-accessoires\/ligne-capsules-et-dosettes\/capsules-arabica-colombie\/"]}]},{"@type":"ImageObject","inLanguage":"fr-FR","@id":"https:\/\/italcaffe.it\/fr\/produits-accessoires\/ligne-capsules-et-dosettes\/capsules-arabica-colombie\/#primaryimage","url":"https:\/\/italcaffe.it\/wp-content\/uploads\/2021\/12\/Fronte-Colombia.jpg","contentUrl":"https:\/\/italcaffe.it\/wp-content\/uploads\/2021\/12\/Fronte-Colombia.jpg","width":825,"height":1000,"caption":"Capsule caff\u00e8 espresso Colombia Italcaff\u00e8 compatbili Nespresso Aluminium"},{"@type":"BreadcrumbList","@id":"https:\/\/italcaffe.it\/fr\/produits-accessoires\/ligne-capsules-et-dosettes\/capsules-arabica-colombie\/#breadcrumb","itemListElement":[{"@type":"ListItem","position":1,"name":"Home","item":"https:\/\/italcaffe.it\/fr\/"},{"@type":"ListItem","position":2,"name":"LES PRODUITS","item":"https:\/\/italcaffe.it\/fr\/produits-accessoires\/"},{"@type":"ListItem","position":3,"name":"Ligne Capsules et Dosettes","item":"https:\/\/italcaffe.it\/fr\/produits-accessoires\/ligne-capsules-et-dosettes\/"},{"@type":"ListItem","position":4,"name":"CAPSULES ARABICA COLOMBIE"}]},{"@type":"WebSite","@id":"https:\/\/italcaffe.it\/fr\/#website","url":"https:\/\/italcaffe.it\/fr\/","name":"Italcaff\u00e8","description":"50 Anni insieme","potentialAction":[{"@type":"SearchAction","target":{"@type":"EntryPoint","urlTemplate":"https:\/\/italcaffe.it\/fr\/?s={search_term_string}"},"query-input":{"@type":"PropertyValueSpecification","valueRequired":true,"valueName":"search_term_string"}}],"inLanguage":"fr-FR"}]}},"_links":{"self":[{"href":"https:\/\/italcaffe.it\/fr\/wp-json\/wp\/v2\/pages\/20081","targetHints":{"allow":["GET"]}}],"collection":[{"href":"https:\/\/italcaffe.it\/fr\/wp-json\/wp\/v2\/pages"}],"about":[{"href":"https:\/\/italcaffe.it\/fr\/wp-json\/wp\/v2\/types\/page"}],"author":[{"embeddable":true,"href":"https:\/\/italcaffe.it\/fr\/wp-json\/wp\/v2\/users\/1"}],"replies":[{"embeddable":true,"href":"https:\/\/italcaffe.it\/fr\/wp-json\/wp\/v2\/comments?post=20081"}],"version-history":[{"count":0,"href":"https:\/\/italcaffe.it\/fr\/wp-json\/wp\/v2\/pages\/20081\/revisions"}],"up":[{"embeddable":true,"href":"https:\/\/italcaffe.it\/fr\/wp-json\/wp\/v2\/pages\/19837"}],"wp:featuredmedia":[{"embeddable":true,"href":"https:\/\/italcaffe.it\/fr\/wp-json\/wp\/v2\/media\/28524"}],"wp:attachment":[{"href":"https:\/\/italcaffe.it\/fr\/wp-json\/wp\/v2\/media?parent=20081"}],"curies":[{"name":"wp","href":"https:\/\/api.w.org\/{rel}","templated":true}]}}