{"id":26026,"date":"2020-12-02T22:09:48","date_gmt":"2020-12-02T21:09:48","guid":{"rendered":"https:\/\/www.italcaffe.it\/?page_id=26026"},"modified":"2025-04-18T16:29:06","modified_gmt":"2025-04-18T15:29:06","slug":"equipe","status":"publish","type":"page","link":"https:\/\/italcaffe.it\/fr\/equipe\/","title":{"rendered":"Les Personnes"},"content":{"rendered":"<div class=\"wpb-content-wrapper\"><p>[vc_row fullwidth=&#8221;yes&#8221; wrap=&#8221;yes&#8221; content_placement=&#8221;middle&#8221; disable_element=&#8221;yes&#8221; css=&#8221;.vc_custom_1744898386781{margin-top: 0px !important;margin-bottom: 0px !important;padding-top: 0px !important;padding-bottom: 0px !important;background-color: #f8f8fa !important;}&#8221;][vc_column css=&#8221;.vc_custom_1522771389256{margin-top: 0px !important;margin-bottom: 0px !important;padding-top: 0px !important;padding-bottom: 0px !important;}&#8221;][vc_single_image image=&#8221;25365&#8243; img_size=&#8221;full&#8221; alignment=&#8221;center&#8221;][\/vc_column][\/vc_row][vc_section css=&#8221;.vc_custom_1563553859552{padding-top: 35px !important;padding-bottom: 35px !important;}&#8221; el_class=&#8221;wrap-content-limit&#8221;][vc_row][vc_column css=&#8221;.vc_custom_1563554684427{padding-bottom: 20px !important;}&#8221;][vc_custom_heading text=&#8221;Un m\u00e9lange unique de passion et d&#8217;exp\u00e9rience&#8221; font_container=&#8221;tag:h1|font_size:24px|text_align:center|color:%23000000|line_height:24px&#8221; use_theme_fonts=&#8221;yes&#8221; el_class=&#8221;text-uppercase&#8221;][vc_column_text css=&#8221;.vc_custom_1563555407650{padding-top: 20px !important;padding-bottom: 30px !important;}&#8221;]<img decoding=\"async\" class=\"img-fl-text\" src=\"\/wp-content\/uploads\/2019\/07\/lavoriamo-con-passione.jpg\" \/><\/p>\n<p class=\"text-montserrat text-left\">Italcaff\u00e8 est une <span class=\"text-red\">torr\u00e9faction<\/span> n\u00e9e en 1969 \u00e0 La Spezia au c\u0153ur d\u2019une terre magnifique qui depuis toujours inspire les voyageurs et les po\u00e8tes et nous aussi depuis 50 ans.<\/p>\n<p class=\"text-montserrat text-left\">Nous parcourons le monde pour trouver les meilleures qualit\u00e9 de caf\u00e9 pour notre torr\u00e9faction.<\/p>\n<p class=\"text-montserrat text-left\">Nous travaillons le caf\u00e9 avec <span class=\"text-red\">passion<\/span> et <span class=\"text-red\">exp\u00e9rience<\/span> afin d\u2019obtenir des m\u00e9langes au go\u00fbt incomparable.<\/p>\n<p class=\"text-montserrat text-left\">De la Ligurie \u00e0 la Versilia, chez vous ou \u00e0 votre bar, depuis toujours nous nous engageons \u00e0 vous d\u00e9livrer l\u2019ar\u00f4me du vrai <span class=\"text-red\">expresso italien<\/span>.<\/p>\n<p>[\/vc_column_text][vc_column_text]<\/p>\n<h3 class=\"vc_custom_heading text-uppercase divider \" style=\"font-size: 24px; line-height: 24px; text-align: center;\">RENCONTREZ L\u2019\u00c9QUIPE ITALCAFF\u00c8<\/h3>\n<p>[\/vc_column_text][vc_column_text]<\/p>\n<p class=\"vc_custom_heading divider \" style=\"font-size: 16px; line-height: 24px; text-align: center;\">Derri\u00e8re le go\u00fbt distinctif de notre caff\u00e9, il y a une \u00e9quipe de PERSONNES: experts du caf\u00e9 qui travaillent tous les jours avec passion, exp\u00e9rience e discipline pour garantir l\u2019ar\u00f4me unique du vrai expresso et une exp\u00e9rience sensorielle inoubliable.<\/p>\n<p>[\/vc_column_text][\/vc_column][\/vc_row][\/vc_section][vc_section css=&#8221;.vc_custom_1601944018838{margin-top: 0px !important;padding-top: 0px !important;}&#8221; el_class=&#8221;wrap-content-limit&#8221;][vc_row fullwidth=&#8221;yes&#8221; wrap=&#8221;yes&#8221; el_class=&#8221;wpb_wrapper_hover&#8221;][vc_column width=&#8221;1\/2&#8243; el_class=&#8221;block-rel&#8221; offset=&#8221;vc_col-md-4&#8243;][vc_single_image image=&#8221;25483&#8243; img_size=&#8221;large&#8221; alignment=&#8221;center&#8221;][vc_single_image image=&#8221;25487&#8243; img_size=&#8221;large&#8221; alignment=&#8221;center&#8221; el_class=&#8221;hover&#8221;][vc_wp_text]<\/p>\n<h5>Remo Poli<\/h5>\n<h6>Directeur<\/h6>\n<p>[\/vc_wp_text][\/vc_column][vc_column width=&#8221;1\/2&#8243; offset=&#8221;vc_col-md-4&#8243; el_class=&#8221;block-rel&#8221;][vc_single_image image=&#8221;25459&#8243; img_size=&#8221;large&#8221; alignment=&#8221;center&#8221;][vc_single_image image=&#8221;25463&#8243; img_size=&#8221;large&#8221; alignment=&#8221;center&#8221; el_class=&#8221;hover&#8221;][vc_wp_text]<\/p>\n<h5>Paolo Leporieri<\/h5>\n<h6>R\u00e9sponsable ventes EXPORT\/ITALIE<\/h6>\n<p>[\/vc_wp_text][\/vc_column][vc_column width=&#8221;1\/2&#8243; el_class=&#8221;block-rel&#8221; offset=&#8221;vc_col-md-4&#8243;][vc_single_image image=&#8221;25451&#8243; img_size=&#8221;large&#8221; alignment=&#8221;center&#8221;][vc_single_image image=&#8221;25455&#8243; img_size=&#8221;large&#8221; alignment=&#8221;center&#8221; el_class=&#8221;hover&#8221;][vc_wp_text]<\/p>\n<h5>Odile Dupe<\/h5>\n<h6>Administration\/Resp. Exportation langue Fran\u00e7aise<\/h6>\n<p>[\/vc_wp_text][\/vc_column][vc_column width=&#8221;1\/2&#8243; offset=&#8221;vc_col-md-4&#8243; el_class=&#8221;block-rel&#8221;][vc_single_image image=&#8221;25427&#8243; img_size=&#8221;large&#8221; alignment=&#8221;center&#8221;][vc_single_image image=&#8221;25431&#8243; img_size=&#8221;large&#8221; alignment=&#8221;center&#8221; el_class=&#8221;hover&#8221;][vc_wp_text]<\/p>\n<h5>Matteo Castigliano<\/h5>\n<h6>R\u00e9sponsable Administratif<\/h6>\n<p>[\/vc_wp_text][\/vc_column][vc_column width=&#8221;1\/2&#8243; el_class=&#8221;block-rel&#8221; offset=&#8221;vc_col-md-4&#8243;][vc_single_image image=&#8221;25375&#8243; img_size=&#8221;large&#8221; alignment=&#8221;center&#8221;][vc_single_image image=&#8221;25371&#8243; img_size=&#8221;large&#8221; alignment=&#8221;center&#8221; el_class=&#8221;hover&#8221;][vc_wp_text]<\/p>\n<h5>Andrea Aragone<\/h5>\n<h6>R\u00e9sponsable ventes BAR Italie<\/h6>\n<p>[\/vc_wp_text][\/vc_column][vc_column width=&#8221;1\/2&#8243; offset=&#8221;vc_col-md-4&#8243; el_class=&#8221;block-rel&#8221;][vc_single_image image=&#8221;25479&#8243; img_size=&#8221;large&#8221; alignment=&#8221;center&#8221;][vc_single_image image=&#8221;25475&#8243; img_size=&#8221;large&#8221; alignment=&#8221;center&#8221; el_class=&#8221;hover&#8221;][vc_wp_text]<\/p>\n<h5>Paolo Paoli<\/h5>\n<h6>Repr\u00e9sentant<\/h6>\n<p>[\/vc_wp_text][\/vc_column][vc_column width=&#8221;1\/2&#8243; offset=&#8221;vc_col-md-4&#8243; el_class=&#8221;block-rel&#8221;][vc_single_image image=&#8221;25379&#8243; img_size=&#8221;large&#8221; alignment=&#8221;center&#8221;][vc_single_image image=&#8221;25383&#8243; img_size=&#8221;large&#8221; alignment=&#8221;center&#8221; el_class=&#8221;hover&#8221;][vc_wp_text]<\/p>\n<h5>Federico Correrini<\/h5>\n<h6>Repr\u00e9sentant<\/h6>\n<p>[\/vc_wp_text][\/vc_column][vc_column width=&#8221;1\/2&#8243; offset=&#8221;vc_col-md-4&#8243; el_class=&#8221;block-rel&#8221;][vc_single_image image=&#8221;25491&#8243; img_size=&#8221;large&#8221; alignment=&#8221;center&#8221;][vc_single_image image=&#8221;25495&#8243; img_size=&#8221;large&#8221; alignment=&#8221;center&#8221; el_class=&#8221;hover&#8221;][vc_wp_text]<\/p>\n<h5>Stefano Pietrini<\/h5>\n<h6>Repr\u00e9sentant<\/h6>\n<p>[\/vc_wp_text][\/vc_column][vc_column width=&#8221;1\/2&#8243; offset=&#8221;vc_col-md-4&#8243; el_class=&#8221;block-rel&#8221;][vc_single_image image=&#8221;25387&#8243; img_size=&#8221;large&#8221; alignment=&#8221;center&#8221;][vc_single_image image=&#8221;25391&#8243; img_size=&#8221;large&#8221; alignment=&#8221;center&#8221; el_class=&#8221;hover&#8221;][vc_wp_text]<\/p>\n<h5>Giancarlo Mantero<\/h5>\n<h6>Repr\u00e9sentant<\/h6>\n<p>[\/vc_wp_text][\/vc_column][vc_column width=&#8221;1\/2&#8243; offset=&#8221;vc_col-md-4&#8243; el_class=&#8221;block-rel&#8221;][vc_single_image image=&#8221;25435&#8243; img_size=&#8221;large&#8221; alignment=&#8221;center&#8221;][vc_single_image image=&#8221;25439&#8243; img_size=&#8221;large&#8221; alignment=&#8221;center&#8221; el_class=&#8221;hover&#8221;][vc_wp_text]<\/p>\n<h5>Matteo Poli<\/h5>\n<h6>Repr\u00e9sentant<\/h6>\n<p>[\/vc_wp_text][\/vc_column][vc_column width=&#8221;1\/2&#8243; offset=&#8221;vc_col-md-4&#8243; el_class=&#8221;block-rel&#8221;][vc_single_image image=&#8221;25395&#8243; img_size=&#8221;large&#8221; alignment=&#8221;center&#8221;][vc_single_image image=&#8221;25399&#8243; img_size=&#8221;large&#8221; alignment=&#8221;center&#8221; el_class=&#8221;hover&#8221;][vc_wp_text]<\/p>\n<h5>Gianni Ferrari<\/h5>\n<h6>Repr\u00e9sentant<\/h6>\n<p>[\/vc_wp_text][\/vc_column][vc_column width=&#8221;1\/2&#8243; el_class=&#8221;block-rel&#8221; offset=&#8221;vc_col-md-4&#8243;][vc_single_image image=&#8221;25411&#8243; img_size=&#8221;large&#8221; alignment=&#8221;center&#8221;][vc_single_image image=&#8221;25415&#8243; img_size=&#8221;large&#8221; alignment=&#8221;center&#8221; el_class=&#8221;hover&#8221;][vc_wp_text]<\/p>\n<h5>Loris Novelli<\/h5>\n<h6>R\u00e9sponsable Production<\/h6>\n<p>[\/vc_wp_text][\/vc_column][vc_column width=&#8221;1\/2&#8243; offset=&#8221;vc_col-md-4&#8243; el_class=&#8221;block-rel&#8221;][vc_single_image image=&#8221;25419&#8243; img_size=&#8221;large&#8221; alignment=&#8221;center&#8221;][vc_single_image image=&#8221;25423&#8243; img_size=&#8221;large&#8221; alignment=&#8221;center&#8221; el_class=&#8221;hover&#8221;][vc_wp_text]<\/p>\n<h5>Massimo Garavatti<\/h5>\n<h6>Production<\/h6>\n<p>[\/vc_wp_text][\/vc_column][vc_column width=&#8221;1\/2&#8243; offset=&#8221;vc_col-md-4&#8243; el_class=&#8221;block-rel&#8221;][vc_single_image image=&#8221;25443&#8243; img_size=&#8221;large&#8221; alignment=&#8221;center&#8221;][vc_single_image image=&#8221;25447&#8243; img_size=&#8221;large&#8221; alignment=&#8221;center&#8221; el_class=&#8221;hover&#8221;][vc_wp_text]<\/p>\n<h5>Nicola Rossi<\/h5>\n<h6>Production<\/h6>\n<p>[\/vc_wp_text][\/vc_column][vc_column width=&#8221;1\/2&#8243; offset=&#8221;vc_col-md-4 vc_col-sm-offset-0&#8243; el_class=&#8221;block-rel&#8221;][vc_single_image image=&#8221;25403&#8243; img_size=&#8221;large&#8221; alignment=&#8221;center&#8221;][vc_single_image image=&#8221;25407&#8243; img_size=&#8221;large&#8221; alignment=&#8221;center&#8221; el_class=&#8221;hover&#8221;][vc_wp_text]<\/p>\n<h5>Giorgio Poli<\/h5>\n<h6>Production<\/h6>\n<p>[\/vc_wp_text][\/vc_column][\/vc_row][\/vc_section][vc_row el_class=&#8221;wrap-content-limit&#8221;][vc_column][vc_column_text]<\/p>\n<h3 class=\"vc_custom_heading text-uppercase divider \" style=\"font-size: 24px; line-height: 24px; text-align: center;\">CONTACT<b>\u00c9<\/b>Z NOUS<\/h3>\n<p>[\/vc_column_text][vc_column_text]<\/p>\n<p class=\"vc_custom_heading \" style=\"font-size: 16px; line-height: 24px; text-align: center;\">N\u2019h\u00e9sitez pas \u00e0 nous contacter, notre \u00e9quipe vous r\u00e9pondra dans les meilleurs d\u00e9lais.<\/p>\n<p>[\/vc_column_text]\n<div class=\"wpcf7 no-js\" id=\"wpcf7-f25895-o1\" lang=\"en-US\" dir=\"ltr\" data-wpcf7-id=\"25895\">\n<div class=\"screen-reader-response\"><p role=\"status\" aria-live=\"polite\" aria-atomic=\"true\"><\/p> <ul><\/ul><\/div>\n<form action=\"\/fr\/wp-json\/wp\/v2\/pages\/26026#wpcf7-f25895-o1\" method=\"post\" class=\"wpcf7-form init\" aria-label=\"Contact form\" novalidate=\"novalidate\" data-status=\"init\">\n<fieldset class=\"hidden-fields-container\"><input type=\"hidden\" name=\"_wpcf7\" value=\"25895\" \/><input type=\"hidden\" name=\"_wpcf7_version\" value=\"6.1.5\" \/><input type=\"hidden\" name=\"_wpcf7_locale\" value=\"en_US\" \/><input type=\"hidden\" name=\"_wpcf7_unit_tag\" value=\"wpcf7-f25895-o1\" \/><input type=\"hidden\" name=\"_wpcf7_container_post\" value=\"0\" \/><input type=\"hidden\" name=\"_wpcf7_posted_data_hash\" value=\"\" \/>\n<\/fieldset>\n<div class=\"jas-container\">\n\t<div class=\"vc_col-sm-6 vc_col-md-4\">\n\t\t<p><span class=\"wpcf7-form-control-wrap\" data-name=\"your-name\"><input size=\"40\" maxlength=\"400\" class=\"wpcf7-form-control wpcf7-text wpcf7-validates-as-required\" aria-required=\"true\" aria-invalid=\"false\" placeholder=\"Pr\u00e9nom\" value=\"\" type=\"text\" name=\"your-name\" \/><\/span>\n\t\t<\/p>\n\t<\/div>\n\t<div class=\"vc_col-sm-6 vc_col-md-4\">\n\t\t<p><span class=\"wpcf7-form-control-wrap\" data-name=\"your-lname\"><input size=\"40\" maxlength=\"400\" class=\"wpcf7-form-control wpcf7-text wpcf7-validates-as-required\" aria-required=\"true\" aria-invalid=\"false\" placeholder=\"Nom\" value=\"\" type=\"text\" name=\"your-lname\" \/><\/span>\n\t\t<\/p>\n\t<\/div>\n\t<div class=\"vc_col-sm-6 vc_col-md-4\">\n\t\t<p><span class=\"wpcf7-form-control-wrap\" data-name=\"mc4wp-EMAIL\"><input size=\"40\" maxlength=\"400\" class=\"wpcf7-form-control wpcf7-email wpcf7-validates-as-required wpcf7-text wpcf7-validates-as-email\" id=\"name\" aria-required=\"true\" aria-invalid=\"false\" placeholder=\"Email\" value=\"\" type=\"email\" name=\"mc4wp-EMAIL\" \/><\/span>\n\t\t<\/p>\n\t<\/div>\n<\/div>\n<div class=\"jas-container\">\n\t<div class=\"vc_col-sm-12 vc_col-md-12\">\n\t\t<p><span class=\"wpcf7-form-control-wrap\" data-name=\"your-message\"><textarea cols=\"40\" rows=\"10\" maxlength=\"2000\" class=\"wpcf7-form-control wpcf7-textarea wpcf7-validates-as-required\" aria-required=\"true\" aria-invalid=\"false\" placeholder=\"Votre message\" name=\"your-message\"><\/textarea><\/span><span id=\"wpcf7-69e6e73b41bd5-wrapper\" class=\"wpcf7-form-control-wrap email-alt-wrap\" style=\"display:none !important; visibility:hidden !important;\"><label for=\"email-alt\" class=\"hp-message\">Please leave this field empty.<\/label><input id=\"email-alt\"  class=\"wpcf7-form-control wpcf7-text\" type=\"text\" name=\"email-alt\" value=\"\" size=\"40\" tabindex=\"-1\" autocomplete=\"new-password\" \/><\/span>\n\t\t<\/p>\n\t<\/div>\n\t<div style=\"display:none\" class=\"vc_col-sm-12 vc_col-md-12\">\n\t\t<p><span class=\"wpcf7-form-control-wrap\" data-name=\"term-policy\"><span class=\"wpcf7-form-control wpcf7-checkbox wpcf7-validates-as-required\"><span class=\"wpcf7-list-item first last\"><input type=\"checkbox\" name=\"term-policy[]\" value=\"J&#039; accepte les Conditions g\u00e9n\u00e9rales et la politique de confidentialit\u00e9.\" \/><span class=\"wpcf7-list-item-label\">J&#039; accepte les Conditions g\u00e9n\u00e9rales et la politique de confidentialit\u00e9.<\/span><\/span><\/span><\/span>\n\t\t<\/p>\n\t<\/div>\n<\/div>\n<div class=\"jas-container\">\n\t<div class=\"vc_col-sm-6\">\n\t\t<p><small><br \/>\n<span class=\"wpcf7-form-control-wrap\" data-name=\"term-policy\"><span class=\"wpcf7-form-control wpcf7-checkbox wpcf7-validates-as-required\"><span class=\"wpcf7-list-item first last\"><input type=\"checkbox\" name=\"term-policy[]\" value=\"J&#039; accepte les Conditions g\u00e9n\u00e9rales et la politique de confidentialit\u00e9.\" \/><span class=\"wpcf7-list-item-label\">J&#039; accepte les Conditions g\u00e9n\u00e9rales et la politique de confidentialit\u00e9.<\/span><\/span><\/span><\/span><br \/>\n<\/small>\n\t\t<\/p>\n\t<\/div>\n\t<div class=\"vc_col-sm-6 text-right\">\n\t\t<p ><input class=\"wpcf7-form-control wpcf7-submit has-spinner vc_btn3 vc_btn3-color-danger\" type=\"submit\" value=\"Envoie\" \/>\n\t\t<\/p>\n\t<\/div>\n<\/div>\n\n\n<input type='hidden' class='wpcf7-pum' value='{\"closepopup\":false,\"closedelay\":0,\"openpopup\":false,\"openpopup_id\":0}' \/><div class=\"wpcf7-response-output\" aria-hidden=\"true\"><\/div>\n<\/form>\n<\/div>\n[\/vc_column][\/vc_row]<\/p>\n<\/div>","protected":false},"excerpt":{"rendered":"<p>[vc_row fullwidth=&#8221;yes&#8221; wrap=&#8221;yes&#8221; content_placement=&#8221;middle&#8221; disable_element=&#8221;yes&#8221; css=&#8221;.vc_custom_1744898386781{margin-top: 0px !important;margin-bottom: 0px !important;padding-top: 0px !important;padding-bottom: 0px !important;background-color: #f8f8fa !important;}&#8221;][vc_column css=&#8221;.vc_custom_1522771389256{margin-top: 0px !important;margin-bottom: 0px !important;padding-top: 0px !important;padding-bottom: 0px !important;}&#8221;][vc_single_image image=&#8221;25365&#8243; img_size=&#8221;full&#8221; alignment=&#8221;center&#8221;][\/vc_column][\/vc_row][vc_section css=&#8221;.vc_custom_1563553859552{padding-top: 35px !important;padding-bottom: 35px !important;}&#8221; el_class=&#8221;wrap-content-limit&#8221;][vc_row][vc_column css=&#8221;.vc_custom_1563554684427{padding-bottom: 20px !important;}&#8221;][vc_custom_heading text=&#8221;Un m\u00e9lange unique de passion et d&#8217;exp\u00e9rience&#8221; font_container=&#8221;tag:h1|font_size:24px|text_align:center|color:%23000000|line_height:24px&#8221; use_theme_fonts=&#8221;yes&#8221; el_class=&#8221;text-uppercase&#8221;][vc_column_text css=&#8221;.vc_custom_1563555407650{padding-top: 20px !important;padding-bottom: 30px !important;}&#8221;] Italcaff\u00e8 est une [&hellip;]<\/p>\n","protected":false},"author":1,"featured_media":0,"parent":0,"menu_order":0,"comment_status":"closed","ping_status":"closed","template":"","meta":{"_acf_changed":false,"footnotes":""},"class_list":["post-26026","page","type-page","status-publish","hentry"],"acf":[],"yoast_head":"<!-- This site is optimized with the Yoast SEO plugin v27.0 - https:\/\/yoast.com\/product\/yoast-seo-wordpress\/ -->\n<title>A UNIQUE BLEND OF PASSION AND EXPERTISE<\/title>\n<meta name=\"description\" content=\"Da pi\u00f9 di 50 anni il team di Italcaff\u00e8 lavorano con passione ed esperienza per produrre il vero espresso italiano. Scopri il Team\" \/>\n<meta name=\"robots\" content=\"index, follow, max-snippet:-1, max-image-preview:large, max-video-preview:-1\" \/>\n<link rel=\"canonical\" href=\"https:\/\/italcaffe.it\/fr\/equipe\/\" \/>\n<meta property=\"og:locale\" content=\"fr_FR\" \/>\n<meta property=\"og:type\" content=\"article\" \/>\n<meta property=\"og:title\" content=\"A UNIQUE BLEND OF PASSION AND EXPERTISE\" \/>\n<meta property=\"og:description\" content=\"Da pi\u00f9 di 50 anni il team di Italcaff\u00e8 lavorano con passione ed esperienza per produrre il vero espresso italiano. Scopri il Team\" \/>\n<meta property=\"og:url\" content=\"https:\/\/italcaffe.it\/fr\/equipe\/\" \/>\n<meta property=\"og:site_name\" content=\"Italcaff\u00e8\" \/>\n<meta property=\"article:modified_time\" content=\"2025-04-18T15:29:06+00:00\" \/>\n<meta name=\"twitter:card\" content=\"summary_large_image\" \/>\n<meta name=\"twitter:label1\" content=\"Dur\u00e9e de lecture estim\u00e9e\" \/>\n\t<meta name=\"twitter:data1\" content=\"3 minutes\" \/>\n<script type=\"application\/ld+json\" class=\"yoast-schema-graph\">{\"@context\":\"https:\/\/schema.org\",\"@graph\":[{\"@type\":\"WebPage\",\"@id\":\"https:\/\/italcaffe.it\/fr\/equipe\/\",\"url\":\"https:\/\/italcaffe.it\/fr\/equipe\/\",\"name\":\"A UNIQUE BLEND OF PASSION AND EXPERTISE\",\"isPartOf\":{\"@id\":\"https:\/\/italcaffe.it\/fr\/#website\"},\"datePublished\":\"2020-12-02T21:09:48+00:00\",\"dateModified\":\"2025-04-18T15:29:06+00:00\",\"description\":\"Da pi\u00f9 di 50 anni il team di Italcaff\u00e8 lavorano con passione ed esperienza per produrre il vero espresso italiano. Scopri il Team\",\"breadcrumb\":{\"@id\":\"https:\/\/italcaffe.it\/fr\/equipe\/#breadcrumb\"},\"inLanguage\":\"fr-FR\",\"potentialAction\":[{\"@type\":\"ReadAction\",\"target\":[\"https:\/\/italcaffe.it\/fr\/equipe\/\"]}]},{\"@type\":\"BreadcrumbList\",\"@id\":\"https:\/\/italcaffe.it\/fr\/equipe\/#breadcrumb\",\"itemListElement\":[{\"@type\":\"ListItem\",\"position\":1,\"name\":\"Home\",\"item\":\"https:\/\/italcaffe.it\/fr\/\"},{\"@type\":\"ListItem\",\"position\":2,\"name\":\"Les Personnes\"}]},{\"@type\":\"WebSite\",\"@id\":\"https:\/\/italcaffe.it\/fr\/#website\",\"url\":\"https:\/\/italcaffe.it\/fr\/\",\"name\":\"Italcaff\u00e8\",\"description\":\"50 Anni insieme\",\"potentialAction\":[{\"@type\":\"SearchAction\",\"target\":{\"@type\":\"EntryPoint\",\"urlTemplate\":\"https:\/\/italcaffe.it\/fr\/?s={search_term_string}\"},\"query-input\":{\"@type\":\"PropertyValueSpecification\",\"valueRequired\":true,\"valueName\":\"search_term_string\"}}],\"inLanguage\":\"fr-FR\"}]}<\/script>\n<!-- \/ Yoast SEO plugin. -->","yoast_head_json":{"title":"A UNIQUE BLEND OF PASSION AND EXPERTISE","description":"Da pi\u00f9 di 50 anni il team di Italcaff\u00e8 lavorano con passione ed esperienza per produrre il vero espresso italiano. Scopri il Team","robots":{"index":"index","follow":"follow","max-snippet":"max-snippet:-1","max-image-preview":"max-image-preview:large","max-video-preview":"max-video-preview:-1"},"canonical":"https:\/\/italcaffe.it\/fr\/equipe\/","og_locale":"fr_FR","og_type":"article","og_title":"A UNIQUE BLEND OF PASSION AND EXPERTISE","og_description":"Da pi\u00f9 di 50 anni il team di Italcaff\u00e8 lavorano con passione ed esperienza per produrre il vero espresso italiano. Scopri il Team","og_url":"https:\/\/italcaffe.it\/fr\/equipe\/","og_site_name":"Italcaff\u00e8","article_modified_time":"2025-04-18T15:29:06+00:00","twitter_card":"summary_large_image","twitter_misc":{"Dur\u00e9e de lecture estim\u00e9e":"3 minutes"},"schema":{"@context":"https:\/\/schema.org","@graph":[{"@type":"WebPage","@id":"https:\/\/italcaffe.it\/fr\/equipe\/","url":"https:\/\/italcaffe.it\/fr\/equipe\/","name":"A UNIQUE BLEND OF PASSION AND EXPERTISE","isPartOf":{"@id":"https:\/\/italcaffe.it\/fr\/#website"},"datePublished":"2020-12-02T21:09:48+00:00","dateModified":"2025-04-18T15:29:06+00:00","description":"Da pi\u00f9 di 50 anni il team di Italcaff\u00e8 lavorano con passione ed esperienza per produrre il vero espresso italiano. Scopri il Team","breadcrumb":{"@id":"https:\/\/italcaffe.it\/fr\/equipe\/#breadcrumb"},"inLanguage":"fr-FR","potentialAction":[{"@type":"ReadAction","target":["https:\/\/italcaffe.it\/fr\/equipe\/"]}]},{"@type":"BreadcrumbList","@id":"https:\/\/italcaffe.it\/fr\/equipe\/#breadcrumb","itemListElement":[{"@type":"ListItem","position":1,"name":"Home","item":"https:\/\/italcaffe.it\/fr\/"},{"@type":"ListItem","position":2,"name":"Les Personnes"}]},{"@type":"WebSite","@id":"https:\/\/italcaffe.it\/fr\/#website","url":"https:\/\/italcaffe.it\/fr\/","name":"Italcaff\u00e8","description":"50 Anni insieme","potentialAction":[{"@type":"SearchAction","target":{"@type":"EntryPoint","urlTemplate":"https:\/\/italcaffe.it\/fr\/?s={search_term_string}"},"query-input":{"@type":"PropertyValueSpecification","valueRequired":true,"valueName":"search_term_string"}}],"inLanguage":"fr-FR"}]}},"_links":{"self":[{"href":"https:\/\/italcaffe.it\/fr\/wp-json\/wp\/v2\/pages\/26026","targetHints":{"allow":["GET"]}}],"collection":[{"href":"https:\/\/italcaffe.it\/fr\/wp-json\/wp\/v2\/pages"}],"about":[{"href":"https:\/\/italcaffe.it\/fr\/wp-json\/wp\/v2\/types\/page"}],"author":[{"embeddable":true,"href":"https:\/\/italcaffe.it\/fr\/wp-json\/wp\/v2\/users\/1"}],"replies":[{"embeddable":true,"href":"https:\/\/italcaffe.it\/fr\/wp-json\/wp\/v2\/comments?post=26026"}],"version-history":[{"count":0,"href":"https:\/\/italcaffe.it\/fr\/wp-json\/wp\/v2\/pages\/26026\/revisions"}],"wp:attachment":[{"href":"https:\/\/italcaffe.it\/fr\/wp-json\/wp\/v2\/media?parent=26026"}],"curies":[{"name":"wp","href":"https:\/\/api.w.org\/{rel}","templated":true}]}}