{"id":27327,"date":"2021-06-08T11:29:46","date_gmt":"2021-06-08T10:29:46","guid":{"rendered":"https:\/\/www.italcaffe.it\/accessoires\/"},"modified":"2021-06-08T11:29:47","modified_gmt":"2021-06-08T10:29:47","slug":"accessoires","status":"publish","type":"page","link":"https:\/\/italcaffe.it\/fr\/accessoires\/","title":{"rendered":"ACCESSOIRES"},"content":{"rendered":"<div class=\"wpb-content-wrapper\"><p>[vc_section full_height=&#8221;yes&#8221; el_class=&#8221;page-temp-shop&#8221;][vc_row el_class=&#8221;wrap-content-limit page-prod-cont box-point-wrap&#8221; css=&#8221;.vc_custom_1563367767243{background-color: #ffffff !important;}&#8221;][vc_column][vc_row_inner][vc_column_inner width=&#8221;1\/2&#8243;][vc_single_image image=&#8221;7933&#8243; img_size=&#8221;full&#8221; css=&#8221;.vc_custom_1563356379378{padding-top: 20px !important;padding-right: 20px !important;padding-bottom: 20px !important;padding-left: 20px !important;}&#8221;][\/vc_column_inner][vc_column_inner width=&#8221;1\/2&#8243;][vc_custom_heading text=&#8221;LES PRODUITS&#8221; font_container=&#8221;tag:h2|font_size:30px|text_align:left&#8221; use_theme_fonts=&#8221;yes&#8221; el_class=&#8221;text-uppercase&#8221;][vc_column_text el_class=&#8221;text-montserrat&#8221;]Caf\u00e9 en grains ou moulu? Capsules ou dosettes? Le caf\u00e9 est notre passion! Ici vous pouvez trouver les produits dont vous avez besoin pour la maison, ou le bar.[\/vc_column_text][vc_raw_html]JTNDZGl2JTIwY2xhc3MlM0QlMjJib3gtcG9pbnQtZHglMjB3cGJfY29sdW1uJTIwdmNfY29sdW1uX2NvbnRhaW5lciUyMHZjX2NvbC1zbS0xMiUyMiUzRSUzQ2RpdiUyMGNsYXNzJTNEJTIydmNfY29sdW1uLWlubmVyJTIwJTIyJTNFJTNDZGl2JTIwY2xhc3MlM0QlMjJ3cGJfd3JhcHBlciUyMiUzRSUzQ2RpdiUyMGNsYXNzJTNEJTIydmNfcm93JTIwdmNfaW5uZXIlMjIlM0UlM0NkaXYlMjBjbGFzcyUzRCUyMndwYl9jb2x1bW4lMjB2Y19jb2x1bW5fY29udGFpbmVyJTIwdmNfY29sLXNtLTYlMjIlM0UlM0NkaXYlMjBjbGFzcyUzRCUyMnZjX2NvbHVtbi1pbm5lciUyMCUyMiUzRSUzQ2RpdiUyMGNsYXNzJTNEJTIyd3BiX3dyYXBwZXIlMjIlM0UlMEElMDklM0NkaXYlMjBjbGFzcyUzRCUyMndwYl90ZXh0X2NvbHVtbiUyMHdwYl9jb250ZW50X2VsZW1lbnQlMjAlMjB2Y19jdXN0b21fMTU2MzM2MDQ0MDI0OSUyMHRleHQtbW9udHNlcnJhdCUyMHRleHQtdXBwZXJjYXNlJTIyJTNFJTBBJTA5JTA5JTNDZGl2JTIwY2xhc3MlM0QlMjJ3cGJfd3JhcHBlciUyMiUzRSUwQSUwOSUwOSUwOSUzQ3AlMjBjbGFzcyUzRCUyMnByb2QtY29taW5nLXNvb24tcCUyMiUzRSUzQ3N0cm9uZyUzRVByZXN0byUyMHN1bCUyMG5vc3RybyUyMHNpdG8lM0MlMkZzdHJvbmclM0UlM0MlMkZwJTNFJTBBJTBBJTA5JTA5JTNDJTJGZGl2JTNFJTBBJTA5JTNDJTJGZGl2JTNFJTBBJTNDJTJGZGl2JTNFJTNDJTJGZGl2JTNFJTNDJTJGZGl2JTNFJTNDZGl2JTIwY2xhc3MlM0QlMjJ3cGJfY29sdW1uJTIwdmNfY29sdW1uX2NvbnRhaW5lciUyMHZjX2NvbC1zbS02JTIyJTNFJTNDZGl2JTIwY2xhc3MlM0QlMjJ2Y19jb2x1bW4taW5uZXIlMjAlMjIlM0UlM0NkaXYlMjBjbGFzcyUzRCUyMndwYl93cmFwcGVyJTIyJTNFJTNDZGl2JTIwY2xhc3MlM0QlMjJ2Y19idG4zLWNvbnRhaW5lciUyMCUyMG15YnV0dG9uJTIwdGV4dC13aGl0ZSUyMHRleHQtdXBwZXJjYXNlJTIwdmNfYnRuMy1jZW50ZXIlMjIlM0UlM0NhJTIwY2xhc3MlM0QlMjJ2Y19nZW5lcmFsJTIwdmNfYnRuMyUyMHZjX2J0bjMtc2l6ZS1tZCUyMHZjX2J0bjMtc2hhcGUtc3F1YXJlJTIwdmNfYnRuMy1zdHlsZS1mbGF0JTIwdmNfYnRuMy1jb2xvci1kYW5nZXIlMjIlMjBocmVmJTNEJTIyaHR0cHMlM0ElMkYlMkZ3d3cuaXRhbGNhZmZlc2hvcC5jb20lMkYlMjIlMjB0aXRsZSUzRCUyMiUyMiUyMHRhcmdldCUzRCUyMl9ibGFuayUyMiUzRVZhaSUyMGFpJTIwcHJvZG90dGklM0MlMkZhJTNFJTNDJTJGZGl2JTNFJTNDJTJGZGl2JTNFJTNDJTJGZGl2JTNFJTNDJTJGZGl2JTNFJTNDJTJGZGl2JTNFJTNDJTJGZGl2JTNFJTNDJTJGZGl2JTNFJTNDJTJGZGl2JTNF[\/vc_raw_html][\/vc_column_inner][\/vc_row_inner][vc_row_inner][vc_column_inner width=&#8221;1\/2&#8243;][vc_custom_heading text=&#8221;ACCESSOIRES&#8221; font_container=&#8221;tag:h2|font_size:30px|text_align:left&#8221; use_theme_fonts=&#8221;yes&#8221; el_class=&#8221;text-uppercase&#8221;][vc_column_text el_class=&#8221;text-montserrat&#8221;]Afin de vous faire appr\u00e9cier au mieux votre caf\u00e9, nous vous proposons une ligne d\u2019accessoires dont nos terres en sont la source d\u2019inspiration.<\/p>\n<p>Pour la maison ou votre bar choisissez les accessoires Italcaff\u00e8.[\/vc_column_text][vc_raw_html]PGRpdiBjbGFzcz0iYm94LXBvaW50LXN4IHdwYl9jb2x1bW4gdmNfY29sdW1uX2NvbnRhaW5lciB2Y19jb2wtc20tMTIiPg0KPGRpdiBjbGFzcz0idmNfY29sdW1uLWlubmVyICI+DQo8ZGl2IGNsYXNzPSJ3cGJfd3JhcHBlciI+DQo8ZGl2IGNsYXNzPSJ2Y19yb3cgdmNfaW5uZXIiPg0KPGRpdiBjbGFzcz0id3BiX2NvbHVtbiB2Y19jb2x1bW5fY29udGFpbmVyIHZjX2NvbC1zbS02Ij4NCjxkaXYgY2xhc3M9InZjX2NvbHVtbi1pbm5lciAiPg0KPGRpdiBjbGFzcz0id3BiX3dyYXBwZXIiPg0KPGRpdiBjbGFzcz0id3BiX3RleHRfY29sdW1uIHdwYl9jb250ZW50X2VsZW1lbnQgdmNfY3VzdG9tXzE1NjMzNjA0NDAyNDkgdGV4dC1tb250c2VycmF0IHRleHQtdXBwZXJjYXNlIj4NCjxkaXYgY2xhc3M9IndwYl93cmFwcGVyIj4NCjxwIGNsYXNzPSJwcm9kLWNvbWluZy1zb29uLXAiPjxzdHJvbmc+QmllbnTDtHQgc3VyIG5vdHJlIHNpdGU8L3N0cm9uZz48L3A+DQoNCjwvZGl2Pg0KPC9kaXY+DQo8L2Rpdj4NCjwvZGl2Pg0KPC9kaXY+DQo8ZGl2IGNsYXNzPSJ3cGJfY29sdW1uIHZjX2NvbHVtbl9jb250YWluZXIgdmNfY29sLXNtLTYiPg0KPGRpdiBjbGFzcz0idmNfY29sdW1uLWlubmVyICI+DQo8ZGl2IGNsYXNzPSJ3cGJfd3JhcHBlciI+DQo8ZGl2IGNsYXNzPSJ2Y19idG4zLWNvbnRhaW5lciBteWJ1dHRvbiB0ZXh0LXdoaXRlIHRleHQtdXBwZXJjYXNlIHZjX2J0bjMtY2VudGVyIj48YSBjbGFzcz0idmNfZ2VuZXJhbCB2Y19idG4zIHZjX2J0bjMtc2l6ZS1tZCB2Y19idG4zLXNoYXBlLXNxdWFyZSB2Y19idG4zLXN0eWxlLWZsYXQgdmNfYnRuMy1jb2xvci1kYW5nZXIiIHRpdGxlPSIiIGhyZWY9Imh0dHBzOi8vd3d3Lml0YWxjYWZmZXNob3AuY29tL2l0L2FjY2Vzc29yaS5odG1sIiB0YXJnZXQ9Il9ibGFuayIgcmVsPSJub29wZW5lciI+VmFpIGFkIGFjY2Vzc29yaTwvYT48L2Rpdj4NCjwvZGl2Pg0KPC9kaXY+DQo8L2Rpdj4NCjwvZGl2Pg0KPC9kaXY+DQo8L2Rpdj4NCjwvZGl2Pg==[\/vc_raw_html][\/vc_column_inner][vc_column_inner width=&#8221;1\/2&#8243;][vc_single_image image=&#8221;7939&#8243; img_size=&#8221;full&#8221; css=&#8221;.vc_custom_1563356397965{padding-top: 20px !important;padding-right: 20px !important;padding-bottom: 20px !important;padding-left: 20px !important;}&#8221;][\/vc_column_inner][\/vc_row_inner][vc_row_inner][vc_column_inner width=&#8221;1\/2&#8243;][vc_single_image image=&#8221;7936&#8243; img_size=&#8221;full&#8221; css=&#8221;.vc_custom_1563356409153{padding-top: 20px !important;padding-right: 20px !important;padding-bottom: 20px !important;padding-left: 20px !important;}&#8221;][\/vc_column_inner][vc_column_inner width=&#8221;1\/2&#8243;][vc_custom_heading text=&#8221;Notre boutique en ligne&#8221; font_container=&#8221;tag:h2|font_size:30px|text_align:left&#8221; use_theme_fonts=&#8221;yes&#8221; el_class=&#8221;text-uppercase&#8221;][vc_column_text el_class=&#8221;text-montserrat&#8221;]L\u2019ar\u00f4me des meilleurs caf\u00e9s du monde arrive directement \u00e0 votre domicile ou \u00e0 votre bar\/restaurant d\u2019un simple click! Acc\u00e9dez au site et achetez nos fins m\u00e9langes en divers formats: caf\u00e9 en grains, moulu, capsules et dosettes. Sans oublier nos accessoires inspir\u00e9s de nos terres.[\/vc_column_text][vc_raw_html]JTNDZGl2JTIwY2xhc3MlM0QlMjJib3gtcG9pbnQtZHglMjB3cGJfY29sdW1uJTIwdmNfY29sdW1uX2NvbnRhaW5lciUyMHZjX2NvbC1zbS0xMiUyMiUzRSUzQ2RpdiUyMGNsYXNzJTNEJTIydmNfY29sdW1uLWlubmVyJTIwJTIyJTNFJTNDZGl2JTIwY2xhc3MlM0QlMjJ3cGJfd3JhcHBlciUyMiUzRSUzQ2RpdiUyMGNsYXNzJTNEJTIydmNfcm93JTIwdmNfaW5uZXIlMjIlM0UlM0NkaXYlMjBjbGFzcyUzRCUyMndwYl9jb2x1bW4lMjB2Y19jb2x1bW5fY29udGFpbmVyJTIwdmNfY29sLXNtLTYlMjIlM0UlM0NkaXYlMjBjbGFzcyUzRCUyMnZjX2NvbHVtbi1pbm5lciUyMCUyMiUzRSUzQ2RpdiUyMGNsYXNzJTNEJTIyd3BiX3dyYXBwZXIlMjIlM0UlMEElMDklM0NkaXYlMjBjbGFzcyUzRCUyMndwYl90ZXh0X2NvbHVtbiUyMHdwYl9jb250ZW50X2VsZW1lbnQlMjAlMjB2Y19jdXN0b21fMTU2MzM2MDQ0MDI0OSUyMHRleHQtbW9udHNlcnJhdCUyMHRleHQtdXBwZXJjYXNlJTIyJTNFJTBBJTA5JTA5JTNDZGl2JTIwY2xhc3MlM0QlMjJ3cGJfd3JhcHBlciUyMiUzRSUwQSUwOSUwOSUwOSUzQ3AlMjBjbGFzcyUzRCUyMnByb2QtY29taW5nLXNvb24tcCUyMiUzRSUzQ3N0cm9uZyUzRVByZXN0byUyMHN1bCUyMG5vc3RybyUyMHNpdG8lM0MlMkZzdHJvbmclM0UlM0MlMkZwJTNFJTBBJTBBJTA5JTA5JTNDJTJGZGl2JTNFJTBBJTA5JTNDJTJGZGl2JTNFJTBBJTNDJTJGZGl2JTNFJTNDJTJGZGl2JTNFJTNDJTJGZGl2JTNFJTNDZGl2JTIwY2xhc3MlM0QlMjJ3cGJfY29sdW1uJTIwdmNfY29sdW1uX2NvbnRhaW5lciUyMHZjX2NvbC1zbS02JTIyJTNFJTNDZGl2JTIwY2xhc3MlM0QlMjJ2Y19jb2x1bW4taW5uZXIlMjAlMjIlM0UlM0NkaXYlMjBjbGFzcyUzRCUyMndwYl93cmFwcGVyJTIyJTNFJTNDZGl2JTIwY2xhc3MlM0QlMjJ2Y19idG4zLWNvbnRhaW5lciUyMCUyMG15YnV0dG9uJTIwdGV4dC13aGl0ZSUyMHRleHQtdXBwZXJjYXNlJTIwdmNfYnRuMy1jZW50ZXIlMjIlM0UlM0NhJTIwY2xhc3MlM0QlMjJ2Y19nZW5lcmFsJTIwdmNfYnRuMyUyMHZjX2J0bjMtc2l6ZS1tZCUyMHZjX2J0bjMtc2hhcGUtc3F1YXJlJTIwdmNfYnRuMy1zdHlsZS1mbGF0JTIwdmNfYnRuMy1jb2xvci1kYW5nZXIlMjIlMjBocmVmJTNEJTIyaHR0cHMlM0ElMkYlMkZ3d3cuaXRhbGNhZmZlc2hvcC5jb20lMkYlMjIlMjB0aXRsZSUzRCUyMiUyMiUyMHRhcmdldCUzRCUyMl9ibGFuayUyMiUzRVZhaSUyMGFsbG8lMjBzaG9wJTNDJTJGYSUzRSUzQyUyRmRpdiUzRSUzQyUyRmRpdiUzRSUzQyUyRmRpdiUzRSUzQyUyRmRpdiUzRSUzQyUyRmRpdiUzRSUzQyUyRmRpdiUzRSUzQyUyRmRpdiUzRSUzQyUyRmRpdiUzRQ==[\/vc_raw_html][\/vc_column_inner][\/vc_row_inner][\/vc_column][\/vc_row][\/vc_section]<\/p>\n<\/div>","protected":false},"excerpt":{"rendered":"<p>[vc_section full_height=&#8221;yes&#8221; el_class=&#8221;page-temp-shop&#8221;][vc_row el_class=&#8221;wrap-content-limit page-prod-cont box-point-wrap&#8221; css=&#8221;.vc_custom_1563367767243{background-color: #ffffff !important;}&#8221;][vc_column][vc_row_inner][vc_column_inner width=&#8221;1\/2&#8243;][vc_single_image image=&#8221;7933&#8243; img_size=&#8221;full&#8221; css=&#8221;.vc_custom_1563356379378{padding-top: 20px !important;padding-right: 20px !important;padding-bottom: 20px !important;padding-left: 20px !important;}&#8221;][\/vc_column_inner][vc_column_inner width=&#8221;1\/2&#8243;][vc_custom_heading text=&#8221;LES PRODUITS&#8221; font_container=&#8221;tag:h2|font_size:30px|text_align:left&#8221; use_theme_fonts=&#8221;yes&#8221; el_class=&#8221;text-uppercase&#8221;][vc_column_text el_class=&#8221;text-montserrat&#8221;]Caf\u00e9 en grains ou moulu? Capsules ou dosettes? Le caf\u00e9 est notre passion! Ici vous pouvez trouver les produits dont vous avez besoin pour la maison, ou le [&hellip;]<\/p>\n","protected":false},"author":1,"featured_media":0,"parent":0,"menu_order":0,"comment_status":"closed","ping_status":"closed","template":"","meta":{"_acf_changed":false,"footnotes":""},"class_list":["post-27327","page","type-page","status-publish","hentry"],"acf":[],"yoast_head":"<!-- This site is optimized with the Yoast SEO plugin v27.0 - https:\/\/yoast.com\/product\/yoast-seo-wordpress\/ -->\n<title>ACCESSOIRES - Italcaff\u00e8<\/title>\n<meta name=\"robots\" content=\"index, follow, max-snippet:-1, max-image-preview:large, max-video-preview:-1\" \/>\n<link rel=\"canonical\" href=\"https:\/\/italcaffe.it\/fr\/accessoires\/\" \/>\n<meta property=\"og:locale\" content=\"fr_FR\" \/>\n<meta property=\"og:type\" content=\"article\" \/>\n<meta property=\"og:title\" content=\"ACCESSOIRES - Italcaff\u00e8\" \/>\n<meta property=\"og:description\" content=\"[vc_section full_height=&#8221;yes&#8221; el_class=&#8221;page-temp-shop&#8221;][vc_row el_class=&#8221;wrap-content-limit page-prod-cont box-point-wrap&#8221; css=&#8221;.vc_custom_1563367767243{background-color: #ffffff !important;}&#8221;][vc_column][vc_row_inner][vc_column_inner width=&#8221;1\/2&#8243;][vc_single_image image=&#8221;7933&#8243; img_size=&#8221;full&#8221; css=&#8221;.vc_custom_1563356379378{padding-top: 20px !important;padding-right: 20px !important;padding-bottom: 20px !important;padding-left: 20px !important;}&#8221;][\/vc_column_inner][vc_column_inner width=&#8221;1\/2&#8243;][vc_custom_heading text=&#8221;LES PRODUITS&#8221; font_container=&#8221;tag:h2|font_size:30px|text_align:left&#8221; use_theme_fonts=&#8221;yes&#8221; el_class=&#8221;text-uppercase&#8221;][vc_column_text el_class=&#8221;text-montserrat&#8221;]Caf\u00e9 en grains ou moulu? Capsules ou dosettes? Le caf\u00e9 est notre passion! Ici vous pouvez trouver les produits dont vous avez besoin pour la maison, ou le [&hellip;]\" \/>\n<meta property=\"og:url\" content=\"https:\/\/italcaffe.it\/fr\/accessoires\/\" \/>\n<meta property=\"og:site_name\" content=\"Italcaff\u00e8\" \/>\n<meta property=\"article:modified_time\" content=\"2021-06-08T10:29:47+00:00\" \/>\n<meta name=\"twitter:card\" content=\"summary_large_image\" \/>\n<meta name=\"twitter:label1\" content=\"Dur\u00e9e de lecture estim\u00e9e\" \/>\n\t<meta name=\"twitter:data1\" content=\"5 minutes\" \/>\n<script type=\"application\/ld+json\" class=\"yoast-schema-graph\">{\"@context\":\"https:\/\/schema.org\",\"@graph\":[{\"@type\":\"WebPage\",\"@id\":\"https:\/\/italcaffe.it\/fr\/accessoires\/\",\"url\":\"https:\/\/italcaffe.it\/fr\/accessoires\/\",\"name\":\"ACCESSOIRES - Italcaff\u00e8\",\"isPartOf\":{\"@id\":\"https:\/\/italcaffe.it\/fr\/#website\"},\"datePublished\":\"2021-06-08T10:29:46+00:00\",\"dateModified\":\"2021-06-08T10:29:47+00:00\",\"breadcrumb\":{\"@id\":\"https:\/\/italcaffe.it\/fr\/accessoires\/#breadcrumb\"},\"inLanguage\":\"fr-FR\",\"potentialAction\":[{\"@type\":\"ReadAction\",\"target\":[\"https:\/\/italcaffe.it\/fr\/accessoires\/\"]}]},{\"@type\":\"BreadcrumbList\",\"@id\":\"https:\/\/italcaffe.it\/fr\/accessoires\/#breadcrumb\",\"itemListElement\":[{\"@type\":\"ListItem\",\"position\":1,\"name\":\"Home\",\"item\":\"https:\/\/italcaffe.it\/fr\/\"},{\"@type\":\"ListItem\",\"position\":2,\"name\":\"ACCESSOIRES\"}]},{\"@type\":\"WebSite\",\"@id\":\"https:\/\/italcaffe.it\/fr\/#website\",\"url\":\"https:\/\/italcaffe.it\/fr\/\",\"name\":\"Italcaff\u00e8\",\"description\":\"50 Anni insieme\",\"potentialAction\":[{\"@type\":\"SearchAction\",\"target\":{\"@type\":\"EntryPoint\",\"urlTemplate\":\"https:\/\/italcaffe.it\/fr\/?s={search_term_string}\"},\"query-input\":{\"@type\":\"PropertyValueSpecification\",\"valueRequired\":true,\"valueName\":\"search_term_string\"}}],\"inLanguage\":\"fr-FR\"}]}<\/script>\n<!-- \/ Yoast SEO plugin. -->","yoast_head_json":{"title":"ACCESSOIRES - Italcaff\u00e8","robots":{"index":"index","follow":"follow","max-snippet":"max-snippet:-1","max-image-preview":"max-image-preview:large","max-video-preview":"max-video-preview:-1"},"canonical":"https:\/\/italcaffe.it\/fr\/accessoires\/","og_locale":"fr_FR","og_type":"article","og_title":"ACCESSOIRES - Italcaff\u00e8","og_description":"[vc_section full_height=&#8221;yes&#8221; el_class=&#8221;page-temp-shop&#8221;][vc_row el_class=&#8221;wrap-content-limit page-prod-cont box-point-wrap&#8221; css=&#8221;.vc_custom_1563367767243{background-color: #ffffff !important;}&#8221;][vc_column][vc_row_inner][vc_column_inner width=&#8221;1\/2&#8243;][vc_single_image image=&#8221;7933&#8243; img_size=&#8221;full&#8221; css=&#8221;.vc_custom_1563356379378{padding-top: 20px !important;padding-right: 20px !important;padding-bottom: 20px !important;padding-left: 20px !important;}&#8221;][\/vc_column_inner][vc_column_inner width=&#8221;1\/2&#8243;][vc_custom_heading text=&#8221;LES PRODUITS&#8221; font_container=&#8221;tag:h2|font_size:30px|text_align:left&#8221; use_theme_fonts=&#8221;yes&#8221; el_class=&#8221;text-uppercase&#8221;][vc_column_text el_class=&#8221;text-montserrat&#8221;]Caf\u00e9 en grains ou moulu? Capsules ou dosettes? Le caf\u00e9 est notre passion! Ici vous pouvez trouver les produits dont vous avez besoin pour la maison, ou le [&hellip;]","og_url":"https:\/\/italcaffe.it\/fr\/accessoires\/","og_site_name":"Italcaff\u00e8","article_modified_time":"2021-06-08T10:29:47+00:00","twitter_card":"summary_large_image","twitter_misc":{"Dur\u00e9e de lecture estim\u00e9e":"5 minutes"},"schema":{"@context":"https:\/\/schema.org","@graph":[{"@type":"WebPage","@id":"https:\/\/italcaffe.it\/fr\/accessoires\/","url":"https:\/\/italcaffe.it\/fr\/accessoires\/","name":"ACCESSOIRES - Italcaff\u00e8","isPartOf":{"@id":"https:\/\/italcaffe.it\/fr\/#website"},"datePublished":"2021-06-08T10:29:46+00:00","dateModified":"2021-06-08T10:29:47+00:00","breadcrumb":{"@id":"https:\/\/italcaffe.it\/fr\/accessoires\/#breadcrumb"},"inLanguage":"fr-FR","potentialAction":[{"@type":"ReadAction","target":["https:\/\/italcaffe.it\/fr\/accessoires\/"]}]},{"@type":"BreadcrumbList","@id":"https:\/\/italcaffe.it\/fr\/accessoires\/#breadcrumb","itemListElement":[{"@type":"ListItem","position":1,"name":"Home","item":"https:\/\/italcaffe.it\/fr\/"},{"@type":"ListItem","position":2,"name":"ACCESSOIRES"}]},{"@type":"WebSite","@id":"https:\/\/italcaffe.it\/fr\/#website","url":"https:\/\/italcaffe.it\/fr\/","name":"Italcaff\u00e8","description":"50 Anni insieme","potentialAction":[{"@type":"SearchAction","target":{"@type":"EntryPoint","urlTemplate":"https:\/\/italcaffe.it\/fr\/?s={search_term_string}"},"query-input":{"@type":"PropertyValueSpecification","valueRequired":true,"valueName":"search_term_string"}}],"inLanguage":"fr-FR"}]}},"_links":{"self":[{"href":"https:\/\/italcaffe.it\/fr\/wp-json\/wp\/v2\/pages\/27327","targetHints":{"allow":["GET"]}}],"collection":[{"href":"https:\/\/italcaffe.it\/fr\/wp-json\/wp\/v2\/pages"}],"about":[{"href":"https:\/\/italcaffe.it\/fr\/wp-json\/wp\/v2\/types\/page"}],"author":[{"embeddable":true,"href":"https:\/\/italcaffe.it\/fr\/wp-json\/wp\/v2\/users\/1"}],"replies":[{"embeddable":true,"href":"https:\/\/italcaffe.it\/fr\/wp-json\/wp\/v2\/comments?post=27327"}],"version-history":[{"count":0,"href":"https:\/\/italcaffe.it\/fr\/wp-json\/wp\/v2\/pages\/27327\/revisions"}],"wp:attachment":[{"href":"https:\/\/italcaffe.it\/fr\/wp-json\/wp\/v2\/media?parent=27327"}],"curies":[{"name":"wp","href":"https:\/\/api.w.org\/{rel}","templated":true}]}}