{"id":30486,"date":"2023-03-08T17:39:03","date_gmt":"2023-03-08T16:39:03","guid":{"rendered":"https:\/\/www.italcaffe.it\/promozioni-italcaffe\/"},"modified":"2024-10-14T14:07:43","modified_gmt":"2024-10-14T13:07:43","slug":"promotions-italcaffe","status":"publish","type":"page","link":"https:\/\/italcaffe.it\/fr\/promotions-italcaffe\/","title":{"rendered":"Promotions Italcaff\u00e8"},"content":{"rendered":"<div class=\"wpb-content-wrapper\"><p>[vc_row fullwidth=&#8221;yes&#8221; disable_element=&#8221;yes&#8221;][vc_column][vc_single_image image=&#8221;25950&#8243; img_size=&#8221;full&#8221; alignment=&#8221;center&#8221; el_class=&#8221;fullwidth&#8221;][\/vc_column][\/vc_row][vc_row el_class=&#8221;wrap-content-limit&#8221;][vc_column][vc_custom_heading text=&#8221;PROMOTIONS ITALCAFFE&#8221; font_container=&#8221;tag:h1|font_size:24|text_align:center|color:%23000000&#8243; use_theme_fonts=&#8221;yes&#8221; css=&#8221;.vc_custom_1678294333026{padding-top: 50px !important;}&#8221;][vc_column_text]<\/p>\n<h3 class=\"vc_custom_heading text-uppercase divider \" style=\"font-size: 20px; line-height: 24px; text-align: center;\">Plus vous achetez, moins vous d\u00e9pensez et plus vous obtenez.<\/h3>\n<p>[\/vc_column_text][\/vc_column][\/vc_row][vc_section][vc_row content_placement=&#8221;top&#8221; disable_element=&#8221;yes&#8221; el_class=&#8221;wrap-content-limit&#8221; css=&#8221;.vc_custom_1676649342047{margin-top: 10px !important;margin-bottom: 10px !important;}&#8221;][vc_column offset=&#8221;vc_hidden-lg&#8221;][vc_single_image image=&#8221;25908&#8243; img_size=&#8221;full&#8221; alignment=&#8221;center&#8221;][\/vc_column][\/vc_row][vc_row content_placement=&#8221;middle&#8221; el_class=&#8221;wrap-content-limit&#8221; css=&#8221;.vc_custom_1606497214189{margin-top: 10px !important;margin-bottom: 10px !important;}&#8221;][vc_column offset=&#8221;vc_col-lg-12 vc_col-md-12 vc_col-xs-12&#8243;][vc_column_text]<\/p>\n<h2 class=\"text-red titleh\"><strong>1. PROMOTIONS R\u00c9SERV\u00c9ES \u00c0 TOUS LES CLIENTS ENREGISTR\u00c9S<\/strong><\/h2>\n<p class=\"text-montserrat text-left\">&#8211; 10% de r\u00e9duction sur tous les caf\u00e9s pour tous les clients qui s&#8217;inscrivent en ligne.<br \/>\n&#8211; Tasses \u00e0 caf\u00e9 et cappuccino selon les param\u00e8tres suivants:<\/p>\n<p class=\"text-montserrat text-left\"><b>Sur le caf\u00e9 en grains: Gran Gusto, Dolce Crema, Gusto e Aroma, Gran Crema, Prestige<\/b><\/p>\n<table class=\"tabella-quantita\" style=\"border: 0px;\">\n<tbody>\n<tr>\n<td class=\"paragr p-0\" style=\"border: 0px;\">Pour chaque achat de 6 kg<\/td>\n<td class=\"paragr p-0\" style=\"border: 0px;\">&#8211; N. 1 tasse de caf\u00e9 ou cappuccino de votre choix<\/td>\n<\/tr>\n<tr>\n<td class=\"paragr p-0\" style=\"border: 0px;\">Pour chaque achat de 12 kg<\/td>\n<td class=\"paragr p-0\" style=\"border: 0px;\">&#8211; N. 2 tasses \u00e0 caf\u00e9 ou cappuccino au choix<\/td>\n<\/tr>\n<\/tbody>\n<\/table>\n<div class=\"text-montserrat text-left\">\n<p class=\"text-montserrat text-left\"><b>Sur le caf\u00e9 en grains: Royal, Excelso, Elite et Origin Unique<\/b><\/p>\n<table class=\"tabella-quantita\" style=\"border: 0px;\">\n<tbody>\n<tr>\n<td class=\"paragr p-0\" style=\"border: 0px;\">Pour chaque achat de 6 Kg<\/td>\n<td class=\"paragr p-0\" style=\"border: 0px;\">&#8211; N. 1 tasse \u00e0 caf\u00e9 ou cappuccino de votre choix<\/td>\n<\/tr>\n<tr>\n<td class=\"paragr p-0\" style=\"border: 0px;\">Pour chaque achat de 12 kg<\/td>\n<td class=\"paragr p-0\" style=\"border: 0px;\">&#8211; N. 2 tasses \u00e0 caf\u00e9 ou cappuccino au choix<\/td>\n<\/tr>\n<\/tbody>\n<\/table>\n<p class=\"text-montserrat text-left\">\n<\/div>\n<p>[\/vc_column_text][vc_masonry_media_grid grid_id=&#8221;vc_gid:1728911232241-9b42b414-27f3-8&#8243; include=&#8221;30390,30314,30290&#8243;][vc_empty_space height=&#8221;50px&#8221;][\/vc_column][\/vc_row][vc_row content_placement=&#8221;middle&#8221; disable_element=&#8221;yes&#8221; el_class=&#8221;wrap-content-limit&#8221; css=&#8221;.vc_custom_1678293850674{margin-top: 10px !important;margin-bottom: 10px !important;}&#8221;][vc_column offset=&#8221;vc_col-lg-12 vc_col-md-12 vc_col-xs-12&#8243;][vc_column_text]<\/p>\n<h2 class=\"text-red titleh\"><strong>1. PROMOTIONS R\u00c9SERV\u00c9ES \u00c0 TOUS LES CLIENTS ENREGISTR\u00c9S<\/strong><\/h2>\n<p class=\"text-montserrat text-left\">&#8211; 10% de r\u00e9duction sur tous les caf\u00e9s pour tous les clients qui s&#8217;inscrivent en ligne.<br \/>\n&#8211; Tasses \u00e0 caf\u00e9 et cappuccino selon les param\u00e8tres suivants:<\/p>\n<p class=\"text-montserrat text-left\"><b>Sur le caf\u00e9 en grains: Gran Gusto, Dolce Crema, Gusto e Aroma, Gran Crema, Prestige<\/b><\/p>\n<table class=\"tabella-quantita\" style=\"border: 0px;\">\n<tbody>\n<tr>\n<td class=\"paragr p-0\" style=\"border: 0px;\">Pour chaque achat de 6 kg<\/td>\n<td class=\"paragr p-0\" style=\"border: 0px;\">&#8211; N. 1 tasse de caf\u00e9 ou cappuccino de votre choix<\/td>\n<\/tr>\n<tr>\n<td class=\"paragr p-0\" style=\"border: 0px;\">Pour chaque achat de 12 kg<\/td>\n<td class=\"paragr p-0\" style=\"border: 0px;\">&#8211; N. 2 tasses \u00e0 caf\u00e9 ou cappuccino au choix + 1 carton de serviettes<\/td>\n<\/tr>\n<\/tbody>\n<\/table>\n<div class=\"text-montserrat text-left\">\n<p class=\"text-montserrat text-left\"><b>Sur le caf\u00e9 en grains: Royal, Excelso, Elite et Origin Unique<\/b><\/p>\n<table class=\"tabella-quantita\" style=\"border: 0px;\">\n<tbody>\n<tr>\n<td class=\"paragr p-0\" style=\"border: 0px;\">Per ogni acquisto di 3 Kg<\/td>\n<td class=\"paragr p-0\" style=\"border: 0px;\">&#8211; N. 1 tasse \u00e0 caf\u00e9 ou cappuccino de votre choix<\/td>\n<\/tr>\n<tr>\n<td class=\"paragr p-0\" style=\"border: 0px;\">Pour chaque achat de 12 kg<\/td>\n<td class=\"paragr p-0\" style=\"border: 0px;\">&#8211; N. 2 tasses \u00e0 caf\u00e9 ou cappuccino au choix + 1 carton de serviettes<\/td>\n<\/tr>\n<\/tbody>\n<\/table>\n<p class=\"text-montserrat text-left\">\n<\/div>\n<p>[\/vc_column_text][vc_masonry_media_grid grid_id=&#8221;vc_gid:1728911232243-c42286a3-6d9a-0&#8243; include=&#8221;30390,30314,30290&#8243;][vc_column_text]<\/p>\n<div class=\"text-montserrat text-left\">\n<h2 class=\"text-red titleh\"><strong>2.PROMOZIONI RISERVATE AI CLIENTI REGISTRATI IN POSSESSO DI PARTITA IVA IN ITALIA O NELLA UE CHE ACQUISTANO ALMENO 50 KG DI CAFF\u00c8 ALL\u2019ANNO.<\/strong><\/h2>\n<p class=\"text-montserrat text-left\"><b>Sui caff\u00e8 in grani: Gran Gusto, Dolce Crema, Gusto e Aroma, Gran Crema, Prestige<\/b><\/p>\n<table class=\"tabella-quantita\" style=\"border: 0px;\">\n<tbody>\n<tr>\n<td class=\"paragr p-0\" style=\"border: 0px;\">Da 50 a 100 Kg<\/td>\n<td class=\"paragr p-0\" style=\"border: 0px;\">&#8211; Sconto di fine anno di \u20ac 1,00 al kg<\/td>\n<\/tr>\n<tr>\n<td class=\"paragr p-0\" style=\"border: 0px;\">Da 100 Kg a 150 Kg<\/td>\n<td class=\"paragr p-0\" style=\"border: 0px;\">&#8211; Sconto di fine anno di \u20ac 1,50 al kg<\/td>\n<\/tr>\n<tr>\n<td class=\"paragr p-0\" style=\"border: 0px;\">Da 150 Kg a 200 Kg<\/td>\n<td class=\"paragr p-0\" style=\"border: 0px;\">&#8211; Sconto di fine anno di \u20ac 2,00 al kg<\/td>\n<\/tr>\n<tr>\n<td class=\"paragr p-0\" style=\"border: 0px;\">Oltre i 200 Kg<\/td>\n<td class=\"paragr p-0\" style=\"border: 0px;\">&#8211; Sconto di fine anno di \u20ac 2,50 al kg<\/td>\n<\/tr>\n<\/tbody>\n<\/table>\n<p class=\"text-montserrat text-left\"><b>Sui caff\u00e8 in grani: Royal, Excelso, Elite.<\/b><\/p>\n<table class=\"tabella-quantita\" style=\"border: 0px;\">\n<tbody>\n<tr>\n<td class=\"paragr p-0\" style=\"border: 0px;\">Da 50 a 100 Kg<\/td>\n<td class=\"paragr p-0\" style=\"border: 0px;\">&#8211; Sconto di fine anno di \u20ac 1,50 al kg<\/td>\n<\/tr>\n<tr>\n<td class=\"paragr p-0\" style=\"border: 0px;\">Da 100 Kg a 150 Kg<\/td>\n<td class=\"paragr p-0\" style=\"border: 0px;\">&#8211; Sconto di fine anno di \u20ac 2,00 al kg<\/td>\n<\/tr>\n<tr>\n<td class=\"paragr p-0\" style=\"border: 0px;\">Da 150 Kg a 200 Kg<\/td>\n<td class=\"paragr p-0\" style=\"border: 0px;\">&#8211; Sconto di fine anno di \u20ac 2,50 al kg<\/td>\n<\/tr>\n<tr>\n<td class=\"paragr p-0\" style=\"border: 0px;\">Oltre i 200 Kg<\/td>\n<td class=\"paragr p-0\" style=\"border: 0px;\">&#8211; Sconto di fine anno di \u20ac 3,00 al kg<\/td>\n<\/tr>\n<\/tbody>\n<\/table>\n<p class=\"text-montserrat text-left\">Per aderire al <b>programma di fidelizzazione<\/b> di Italcaff\u00e8 baster\u00e0 contrassegnare una casellina al momento della registrazione come qui sottoindicato:<\/p>\n<p class=\"text-montserrat text-left\">\u25a2 Aderisco al programma di fidelizzazione Italcaff\u00e8.<\/p>\n<p class=\"text-montserrat text-left\">Se siete gi\u00e0 registrati dovrete compilare il form sottostante per aderire.<br \/>\nDopodich\u00e9, Vi invieremo una lettera di conferma via e-mail dove Vi confermeremo che a fine anno Vi concederemo uno sconto secondo i parametri sopra indicati in proporzione ai Vostri acquisti.<\/p>\n<\/div>\n<p>[\/vc_column_text]\n<div class=\"wpcf7 no-js\" id=\"wpcf7-f30366-o1\" lang=\"it-IT\" dir=\"ltr\" data-wpcf7-id=\"30366\">\n<div class=\"screen-reader-response\"><p role=\"status\" aria-live=\"polite\" aria-atomic=\"true\"><\/p> <ul><\/ul><\/div>\n<form action=\"\/fr\/wp-json\/wp\/v2\/pages\/30486#wpcf7-f30366-o1\" method=\"post\" class=\"wpcf7-form init\" aria-label=\"Modulo di contatto\" novalidate=\"novalidate\" data-status=\"init\">\n<fieldset class=\"hidden-fields-container\"><input type=\"hidden\" name=\"_wpcf7\" value=\"30366\" \/><input type=\"hidden\" name=\"_wpcf7_version\" value=\"6.1.5\" \/><input type=\"hidden\" name=\"_wpcf7_locale\" value=\"it_IT\" \/><input type=\"hidden\" name=\"_wpcf7_unit_tag\" value=\"wpcf7-f30366-o1\" \/><input type=\"hidden\" name=\"_wpcf7_container_post\" value=\"0\" \/><input type=\"hidden\" name=\"_wpcf7_posted_data_hash\" value=\"\" \/>\n<\/fieldset>\n<div style=\"padding: 0px 30px\">\n\t<p class=\"footerText\">Per aderire al programma di fidelizzazione utilizza i dati inseriti durante la registrazione\n\t<\/p>\n\t<div class=\"vc_row\">\n\t\t<div class=\"vc_col-md-6 vc_col-sm-6 vc_col-xs-12\" style=\"margin:5px 0px\";>\n\t\t\t<p><span class=\"wpcf7-form-control-wrap\" data-name=\"Nomeecognome\"><input size=\"40\" maxlength=\"400\" class=\"wpcf7-form-control wpcf7-text wpcf7-validates-as-required input-text\" id=\"name\" aria-required=\"true\" aria-invalid=\"false\" placeholder=\"Nome e cognome\" value=\"\" type=\"text\" name=\"Nomeecognome\" \/><\/span>\n\t\t\t<\/p>\n\t\t<\/div>\n\t\t<div class=\"vc_col-md-6 vc_col-sm-6 vc_col-xs-12\" style=\"margin:5px 0px\";>\n\t\t\t<p><span class=\"wpcf7-form-control-wrap\" data-name=\"Email\"><input size=\"40\" maxlength=\"400\" class=\"wpcf7-form-control wpcf7-email wpcf7-validates-as-required wpcf7-text wpcf7-validates-as-email input-text\" aria-required=\"true\" aria-invalid=\"false\" placeholder=\"email\" value=\"\" type=\"email\" name=\"Email\" \/><\/span>\n\t\t\t<\/p>\n\t\t<\/div>\n\t<\/div>\n\t<div style=\"margin:5px 0px\";>\n\t\t<p><input class=\"wpcf7-form-control wpcf7-submit has-spinner submit-btn\" id=\"sendit\" type=\"submit\" value=\"Invia adesione\" \/>\n\t\t<\/p>\n\t<\/div>\n<\/div><input type='hidden' class='wpcf7-pum' value='{\"closepopup\":false,\"closedelay\":0,\"openpopup\":false,\"openpopup_id\":0}' \/><div class=\"wpcf7-response-output\" aria-hidden=\"true\"><\/div>\n<\/form>\n<\/div>\n[vc_empty_space height=&#8221;50px&#8221;][\/vc_column][\/vc_row][\/vc_section]<\/p>\n<\/div>","protected":false},"excerpt":{"rendered":"<p>[vc_row fullwidth=&#8221;yes&#8221; disable_element=&#8221;yes&#8221;][vc_column][vc_single_image image=&#8221;25950&#8243; img_size=&#8221;full&#8221; alignment=&#8221;center&#8221; el_class=&#8221;fullwidth&#8221;][\/vc_column][\/vc_row][vc_row el_class=&#8221;wrap-content-limit&#8221;][vc_column][vc_custom_heading text=&#8221;PROMOTIONS ITALCAFFE&#8221; font_container=&#8221;tag:h1|font_size:24|text_align:center|color:%23000000&#8243; use_theme_fonts=&#8221;yes&#8221; css=&#8221;.vc_custom_1678294333026{padding-top: 50px !important;}&#8221;][vc_column_text] Plus vous achetez, moins vous d\u00e9pensez et plus vous obtenez. [\/vc_column_text][\/vc_column][\/vc_row][vc_section][vc_row content_placement=&#8221;top&#8221; disable_element=&#8221;yes&#8221; el_class=&#8221;wrap-content-limit&#8221; css=&#8221;.vc_custom_1676649342047{margin-top: 10px !important;margin-bottom: 10px !important;}&#8221;][vc_column offset=&#8221;vc_hidden-lg&#8221;][vc_single_image image=&#8221;25908&#8243; img_size=&#8221;full&#8221; alignment=&#8221;center&#8221;][\/vc_column][\/vc_row][vc_row content_placement=&#8221;middle&#8221; el_class=&#8221;wrap-content-limit&#8221; css=&#8221;.vc_custom_1606497214189{margin-top: 10px !important;margin-bottom: 10px !important;}&#8221;][vc_column offset=&#8221;vc_col-lg-12 vc_col-md-12 vc_col-xs-12&#8243;][vc_column_text] 1. PROMOTIONS R\u00c9SERV\u00c9ES \u00c0 TOUS LES CLIENTS [&hellip;]<\/p>\n","protected":false},"author":6,"featured_media":0,"parent":0,"menu_order":0,"comment_status":"closed","ping_status":"closed","template":"","meta":{"_acf_changed":false,"footnotes":""},"class_list":["post-30486","page","type-page","status-publish","hentry"],"acf":[],"yoast_head":"<!-- This site is optimized with the Yoast SEO plugin v27.0 - https:\/\/yoast.com\/product\/yoast-seo-wordpress\/ -->\n<title>Promotions Italcaff\u00e8 - Italcaff\u00e8<\/title>\n<meta name=\"robots\" content=\"index, follow, max-snippet:-1, max-image-preview:large, max-video-preview:-1\" \/>\n<link rel=\"canonical\" href=\"https:\/\/italcaffe.it\/fr\/promotions-italcaffe\/\" \/>\n<meta property=\"og:locale\" content=\"fr_FR\" \/>\n<meta property=\"og:type\" content=\"article\" \/>\n<meta property=\"og:title\" content=\"Promotions Italcaff\u00e8 - Italcaff\u00e8\" \/>\n<meta property=\"og:description\" content=\"[vc_row fullwidth=&#8221;yes&#8221; disable_element=&#8221;yes&#8221;][vc_column][vc_single_image image=&#8221;25950&#8243; img_size=&#8221;full&#8221; alignment=&#8221;center&#8221; el_class=&#8221;fullwidth&#8221;][\/vc_column][\/vc_row][vc_row el_class=&#8221;wrap-content-limit&#8221;][vc_column][vc_custom_heading text=&#8221;PROMOTIONS ITALCAFFE&#8221; font_container=&#8221;tag:h1|font_size:24|text_align:center|color:%23000000&#8243; use_theme_fonts=&#8221;yes&#8221; css=&#8221;.vc_custom_1678294333026{padding-top: 50px !important;}&#8221;][vc_column_text] Plus vous achetez, moins vous d\u00e9pensez et plus vous obtenez. [\/vc_column_text][\/vc_column][\/vc_row][vc_section][vc_row content_placement=&#8221;top&#8221; disable_element=&#8221;yes&#8221; el_class=&#8221;wrap-content-limit&#8221; css=&#8221;.vc_custom_1676649342047{margin-top: 10px !important;margin-bottom: 10px !important;}&#8221;][vc_column offset=&#8221;vc_hidden-lg&#8221;][vc_single_image image=&#8221;25908&#8243; img_size=&#8221;full&#8221; alignment=&#8221;center&#8221;][\/vc_column][\/vc_row][vc_row content_placement=&#8221;middle&#8221; el_class=&#8221;wrap-content-limit&#8221; css=&#8221;.vc_custom_1606497214189{margin-top: 10px !important;margin-bottom: 10px !important;}&#8221;][vc_column offset=&#8221;vc_col-lg-12 vc_col-md-12 vc_col-xs-12&#8243;][vc_column_text] 1. PROMOTIONS R\u00c9SERV\u00c9ES \u00c0 TOUS LES CLIENTS [&hellip;]\" \/>\n<meta property=\"og:url\" content=\"https:\/\/italcaffe.it\/fr\/promotions-italcaffe\/\" \/>\n<meta property=\"og:site_name\" content=\"Italcaff\u00e8\" \/>\n<meta property=\"article:modified_time\" content=\"2024-10-14T13:07:43+00:00\" \/>\n<meta name=\"twitter:card\" content=\"summary_large_image\" \/>\n<meta name=\"twitter:label1\" content=\"Dur\u00e9e de lecture estim\u00e9e\" \/>\n\t<meta name=\"twitter:data1\" content=\"3 minutes\" \/>\n<script type=\"application\/ld+json\" class=\"yoast-schema-graph\">{\"@context\":\"https:\/\/schema.org\",\"@graph\":[{\"@type\":\"WebPage\",\"@id\":\"https:\/\/italcaffe.it\/fr\/promotions-italcaffe\/\",\"url\":\"https:\/\/italcaffe.it\/fr\/promotions-italcaffe\/\",\"name\":\"Promotions Italcaff\u00e8 - Italcaff\u00e8\",\"isPartOf\":{\"@id\":\"https:\/\/italcaffe.it\/fr\/#website\"},\"datePublished\":\"2023-03-08T16:39:03+00:00\",\"dateModified\":\"2024-10-14T13:07:43+00:00\",\"breadcrumb\":{\"@id\":\"https:\/\/italcaffe.it\/fr\/promotions-italcaffe\/#breadcrumb\"},\"inLanguage\":\"fr-FR\",\"potentialAction\":[{\"@type\":\"ReadAction\",\"target\":[\"https:\/\/italcaffe.it\/fr\/promotions-italcaffe\/\"]}]},{\"@type\":\"BreadcrumbList\",\"@id\":\"https:\/\/italcaffe.it\/fr\/promotions-italcaffe\/#breadcrumb\",\"itemListElement\":[{\"@type\":\"ListItem\",\"position\":1,\"name\":\"Home\",\"item\":\"https:\/\/italcaffe.it\/fr\/\"},{\"@type\":\"ListItem\",\"position\":2,\"name\":\"Promotions Italcaff\u00e8\"}]},{\"@type\":\"WebSite\",\"@id\":\"https:\/\/italcaffe.it\/fr\/#website\",\"url\":\"https:\/\/italcaffe.it\/fr\/\",\"name\":\"Italcaff\u00e8\",\"description\":\"50 Anni insieme\",\"potentialAction\":[{\"@type\":\"SearchAction\",\"target\":{\"@type\":\"EntryPoint\",\"urlTemplate\":\"https:\/\/italcaffe.it\/fr\/?s={search_term_string}\"},\"query-input\":{\"@type\":\"PropertyValueSpecification\",\"valueRequired\":true,\"valueName\":\"search_term_string\"}}],\"inLanguage\":\"fr-FR\"}]}<\/script>\n<!-- \/ Yoast SEO plugin. -->","yoast_head_json":{"title":"Promotions Italcaff\u00e8 - Italcaff\u00e8","robots":{"index":"index","follow":"follow","max-snippet":"max-snippet:-1","max-image-preview":"max-image-preview:large","max-video-preview":"max-video-preview:-1"},"canonical":"https:\/\/italcaffe.it\/fr\/promotions-italcaffe\/","og_locale":"fr_FR","og_type":"article","og_title":"Promotions Italcaff\u00e8 - Italcaff\u00e8","og_description":"[vc_row fullwidth=&#8221;yes&#8221; disable_element=&#8221;yes&#8221;][vc_column][vc_single_image image=&#8221;25950&#8243; img_size=&#8221;full&#8221; alignment=&#8221;center&#8221; el_class=&#8221;fullwidth&#8221;][\/vc_column][\/vc_row][vc_row el_class=&#8221;wrap-content-limit&#8221;][vc_column][vc_custom_heading text=&#8221;PROMOTIONS ITALCAFFE&#8221; font_container=&#8221;tag:h1|font_size:24|text_align:center|color:%23000000&#8243; use_theme_fonts=&#8221;yes&#8221; css=&#8221;.vc_custom_1678294333026{padding-top: 50px !important;}&#8221;][vc_column_text] Plus vous achetez, moins vous d\u00e9pensez et plus vous obtenez. [\/vc_column_text][\/vc_column][\/vc_row][vc_section][vc_row content_placement=&#8221;top&#8221; disable_element=&#8221;yes&#8221; el_class=&#8221;wrap-content-limit&#8221; css=&#8221;.vc_custom_1676649342047{margin-top: 10px !important;margin-bottom: 10px !important;}&#8221;][vc_column offset=&#8221;vc_hidden-lg&#8221;][vc_single_image image=&#8221;25908&#8243; img_size=&#8221;full&#8221; alignment=&#8221;center&#8221;][\/vc_column][\/vc_row][vc_row content_placement=&#8221;middle&#8221; el_class=&#8221;wrap-content-limit&#8221; css=&#8221;.vc_custom_1606497214189{margin-top: 10px !important;margin-bottom: 10px !important;}&#8221;][vc_column offset=&#8221;vc_col-lg-12 vc_col-md-12 vc_col-xs-12&#8243;][vc_column_text] 1. PROMOTIONS R\u00c9SERV\u00c9ES \u00c0 TOUS LES CLIENTS [&hellip;]","og_url":"https:\/\/italcaffe.it\/fr\/promotions-italcaffe\/","og_site_name":"Italcaff\u00e8","article_modified_time":"2024-10-14T13:07:43+00:00","twitter_card":"summary_large_image","twitter_misc":{"Dur\u00e9e de lecture estim\u00e9e":"3 minutes"},"schema":{"@context":"https:\/\/schema.org","@graph":[{"@type":"WebPage","@id":"https:\/\/italcaffe.it\/fr\/promotions-italcaffe\/","url":"https:\/\/italcaffe.it\/fr\/promotions-italcaffe\/","name":"Promotions Italcaff\u00e8 - Italcaff\u00e8","isPartOf":{"@id":"https:\/\/italcaffe.it\/fr\/#website"},"datePublished":"2023-03-08T16:39:03+00:00","dateModified":"2024-10-14T13:07:43+00:00","breadcrumb":{"@id":"https:\/\/italcaffe.it\/fr\/promotions-italcaffe\/#breadcrumb"},"inLanguage":"fr-FR","potentialAction":[{"@type":"ReadAction","target":["https:\/\/italcaffe.it\/fr\/promotions-italcaffe\/"]}]},{"@type":"BreadcrumbList","@id":"https:\/\/italcaffe.it\/fr\/promotions-italcaffe\/#breadcrumb","itemListElement":[{"@type":"ListItem","position":1,"name":"Home","item":"https:\/\/italcaffe.it\/fr\/"},{"@type":"ListItem","position":2,"name":"Promotions Italcaff\u00e8"}]},{"@type":"WebSite","@id":"https:\/\/italcaffe.it\/fr\/#website","url":"https:\/\/italcaffe.it\/fr\/","name":"Italcaff\u00e8","description":"50 Anni insieme","potentialAction":[{"@type":"SearchAction","target":{"@type":"EntryPoint","urlTemplate":"https:\/\/italcaffe.it\/fr\/?s={search_term_string}"},"query-input":{"@type":"PropertyValueSpecification","valueRequired":true,"valueName":"search_term_string"}}],"inLanguage":"fr-FR"}]}},"_links":{"self":[{"href":"https:\/\/italcaffe.it\/fr\/wp-json\/wp\/v2\/pages\/30486","targetHints":{"allow":["GET"]}}],"collection":[{"href":"https:\/\/italcaffe.it\/fr\/wp-json\/wp\/v2\/pages"}],"about":[{"href":"https:\/\/italcaffe.it\/fr\/wp-json\/wp\/v2\/types\/page"}],"author":[{"embeddable":true,"href":"https:\/\/italcaffe.it\/fr\/wp-json\/wp\/v2\/users\/6"}],"replies":[{"embeddable":true,"href":"https:\/\/italcaffe.it\/fr\/wp-json\/wp\/v2\/comments?post=30486"}],"version-history":[{"count":0,"href":"https:\/\/italcaffe.it\/fr\/wp-json\/wp\/v2\/pages\/30486\/revisions"}],"wp:attachment":[{"href":"https:\/\/italcaffe.it\/fr\/wp-json\/wp\/v2\/media?parent=30486"}],"curies":[{"name":"wp","href":"https:\/\/api.w.org\/{rel}","templated":true}]}}