{"id":7668,"date":"2019-09-19T16:08:07","date_gmt":"2019-09-19T15:08:07","guid":{"rendered":"https:\/\/www.italcaffe.it\/page-daccueil\/"},"modified":"2020-05-14T20:04:29","modified_gmt":"2020-05-14T19:04:29","slug":"page-daccueil","status":"publish","type":"page","link":"https:\/\/italcaffe.it\/fr\/page-daccueil\/","title":{"rendered":"PAGE D\u2019ACCUEIL"},"content":{"rendered":"","protected":true},"excerpt":{"rendered":"","protected":true},"author":1,"featured_media":0,"parent":0,"menu_order":0,"comment_status":"closed","ping_status":"closed","template":"","meta":{"_acf_changed":false,"footnotes":""},"class_list":["post-7668","page","type-page","status-publish","post-password-required","hentry"],"acf":[],"yoast_head":"<!-- This site is optimized with the Yoast SEO plugin v27.0 - https:\/\/yoast.com\/product\/yoast-seo-wordpress\/ -->\n<title>Depuis 1969 le vrai expresso italien avec le meilleur caf\u00e9 du monde<\/title>\n<meta name=\"description\" content=\"Go\u00fbtez l&#039;ar\u00f4me intense Italcaff\u00e8.Depuis 1969 nous r\u00e9alisons le vrai expresso italien, en grains, moulu, en dosettes et en capsules. Disponible pour la vente en ligne.\" \/>\n<meta name=\"robots\" content=\"index, follow, max-snippet:-1, max-image-preview:large, max-video-preview:-1\" \/>\n<link rel=\"canonical\" href=\"https:\/\/italcaffe.it\/fr\/page-daccueil\/\" \/>\n<meta property=\"og:locale\" content=\"fr_FR\" \/>\n<meta property=\"og:type\" content=\"article\" \/>\n<meta property=\"og:title\" content=\"Depuis 1969 le vrai expresso italien avec le meilleur caf\u00e9 du monde\" \/>\n<meta property=\"og:description\" content=\"Go\u00fbtez l&#039;ar\u00f4me intense Italcaff\u00e8.Depuis 1969 nous r\u00e9alisons le vrai expresso italien, en grains, moulu, en dosettes et en capsules. Disponible pour la vente en ligne.\" \/>\n<meta property=\"og:url\" content=\"https:\/\/italcaffe.it\/fr\/page-daccueil\/\" \/>\n<meta property=\"og:site_name\" content=\"Italcaff\u00e8\" \/>\n<meta property=\"article:modified_time\" content=\"2020-05-14T19:04:29+00:00\" \/>\n<meta name=\"twitter:card\" content=\"summary_large_image\" \/>\n<meta name=\"twitter:label1\" content=\"Dur\u00e9e de lecture estim\u00e9e\" \/>\n\t<meta name=\"twitter:data1\" content=\"12 minutes\" \/>\n<script type=\"application\/ld+json\" class=\"yoast-schema-graph\">{\"@context\":\"https:\/\/schema.org\",\"@graph\":[{\"@type\":\"WebPage\",\"@id\":\"https:\/\/italcaffe.it\/fr\/page-daccueil\/\",\"url\":\"https:\/\/italcaffe.it\/fr\/page-daccueil\/\",\"name\":\"Depuis 1969 le vrai expresso italien avec le meilleur caf\u00e9 du monde\",\"isPartOf\":{\"@id\":\"https:\/\/italcaffe.it\/fr\/#website\"},\"datePublished\":\"2019-09-19T15:08:07+00:00\",\"dateModified\":\"2020-05-14T19:04:29+00:00\",\"breadcrumb\":{\"@id\":\"https:\/\/italcaffe.it\/fr\/page-daccueil\/#breadcrumb\"},\"inLanguage\":\"fr-FR\"},{\"@type\":\"WebSite\",\"@id\":\"https:\/\/italcaffe.it\/fr\/#website\",\"url\":\"https:\/\/italcaffe.it\/fr\/\",\"name\":\"Italcaff\u00e8\",\"description\":\"50 Anni insieme\",\"potentialAction\":[{\"@type\":\"SearchAction\",\"target\":{\"@type\":\"EntryPoint\",\"urlTemplate\":\"https:\/\/italcaffe.it\/fr\/?s={search_term_string}\"},\"query-input\":{\"@type\":\"PropertyValueSpecification\",\"valueRequired\":true,\"valueName\":\"search_term_string\"}}],\"inLanguage\":\"fr-FR\"}]}<\/script>\n<!-- \/ Yoast SEO plugin. -->","yoast_head_json":{"title":"Depuis 1969 le vrai expresso italien avec le meilleur caf\u00e9 du monde","description":"Go\u00fbtez l'ar\u00f4me intense Italcaff\u00e8.Depuis 1969 nous r\u00e9alisons le vrai expresso italien, en grains, moulu, en dosettes et en capsules. Disponible pour la vente en ligne.","robots":{"index":"index","follow":"follow","max-snippet":"max-snippet:-1","max-image-preview":"max-image-preview:large","max-video-preview":"max-video-preview:-1"},"canonical":"https:\/\/italcaffe.it\/fr\/page-daccueil\/","og_locale":"fr_FR","og_type":"article","og_title":"Depuis 1969 le vrai expresso italien avec le meilleur caf\u00e9 du monde","og_description":"Go\u00fbtez l'ar\u00f4me intense Italcaff\u00e8.Depuis 1969 nous r\u00e9alisons le vrai expresso italien, en grains, moulu, en dosettes et en capsules. Disponible pour la vente en ligne.","og_url":"https:\/\/italcaffe.it\/fr\/page-daccueil\/","og_site_name":"Italcaff\u00e8","article_modified_time":"2020-05-14T19:04:29+00:00","twitter_card":"summary_large_image","twitter_misc":{"Dur\u00e9e de lecture estim\u00e9e":"12 minutes"},"schema":{"@context":"https:\/\/schema.org","@graph":[{"@type":"WebPage","@id":"https:\/\/italcaffe.it\/fr\/page-daccueil\/","url":"https:\/\/italcaffe.it\/fr\/page-daccueil\/","name":"Depuis 1969 le vrai expresso italien avec le meilleur caf\u00e9 du monde","isPartOf":{"@id":"https:\/\/italcaffe.it\/fr\/#website"},"datePublished":"2019-09-19T15:08:07+00:00","dateModified":"2020-05-14T19:04:29+00:00","breadcrumb":{"@id":"https:\/\/italcaffe.it\/fr\/page-daccueil\/#breadcrumb"},"inLanguage":"fr-FR"},{"@type":"WebSite","@id":"https:\/\/italcaffe.it\/fr\/#website","url":"https:\/\/italcaffe.it\/fr\/","name":"Italcaff\u00e8","description":"50 Anni insieme","potentialAction":[{"@type":"SearchAction","target":{"@type":"EntryPoint","urlTemplate":"https:\/\/italcaffe.it\/fr\/?s={search_term_string}"},"query-input":{"@type":"PropertyValueSpecification","valueRequired":true,"valueName":"search_term_string"}}],"inLanguage":"fr-FR"}]}},"_links":{"self":[{"href":"https:\/\/italcaffe.it\/fr\/wp-json\/wp\/v2\/pages\/7668","targetHints":{"allow":["GET"]}}],"collection":[{"href":"https:\/\/italcaffe.it\/fr\/wp-json\/wp\/v2\/pages"}],"about":[{"href":"https:\/\/italcaffe.it\/fr\/wp-json\/wp\/v2\/types\/page"}],"author":[{"embeddable":true,"href":"https:\/\/italcaffe.it\/fr\/wp-json\/wp\/v2\/users\/1"}],"replies":[{"embeddable":true,"href":"https:\/\/italcaffe.it\/fr\/wp-json\/wp\/v2\/comments?post=7668"}],"version-history":[{"count":0,"href":"https:\/\/italcaffe.it\/fr\/wp-json\/wp\/v2\/pages\/7668\/revisions"}],"wp:attachment":[{"href":"https:\/\/italcaffe.it\/fr\/wp-json\/wp\/v2\/media?parent=7668"}],"curies":[{"name":"wp","href":"https:\/\/api.w.org\/{rel}","templated":true}]}}