{"id":7676,"date":"2019-09-19T16:09:03","date_gmt":"2019-09-19T15:09:03","guid":{"rendered":"https:\/\/www.italcaffe.it\/territoire\/"},"modified":"2021-07-13T14:30:20","modified_gmt":"2021-07-13T13:30:20","slug":"territoire","status":"publish","type":"page","link":"https:\/\/italcaffe.it\/fr\/territoire\/","title":{"rendered":"Territoire"},"content":{"rendered":"<div class=\"wpb-content-wrapper\"><p>[vc_section][vc_row el_class=&#8221;wrap-content-limit&#8221;][vc_column css=&#8221;.vc_custom_1563814382585{padding-top: 25px !important;padding-bottom: 25px !important;}&#8221;][vc_custom_heading divider=&#8221;yes&#8221; text=&#8221;Depuis plus de 50 ans nous diffusons l\u2019ar\u00f4me des meilleurs caf\u00e9s du monde sur nos splendides terres&#8221; font_container=&#8221;tag:h1|font_size:24px|text_align:center|color:%23000000|line_height:24px&#8221; use_theme_fonts=&#8221;yes&#8221; el_class=&#8221;text-uppercase&#8221;][vc_column_text el_class=&#8221;text-montserrat&#8221;]<\/p>\n<p style=\"text-align: center;\">Le golfe du Tigullio, les cinq terres, le golfe des po\u00e8tes, la Lunigiana, les Alpes Apuane et la Versilia. Depuis plus de 50 ans nous diffusons l\u2019ar\u00f4me des meilleurs caf\u00e9s du monde sur nos splendides terres.<\/p>\n<p>\u00a0[\/vc_column_text][\/vc_column][\/vc_row][\/vc_section][vc_section][vc_row fullwidth=&#8221;yes&#8221; el_class=&#8221;box-zone-wrap&#8221;][vc_column width=&#8221;1\/3&#8243;][vc_raw_html]PGRpdiBjbGFzcz0iYm94LXpvbmUiPjxhIGhyZWY9Ii9mci90ZXJyaXRvaXJlL2xlLWdvbGZlLWRlcy1wb2V0ZXMvIiB0YXJnZXQ9Il9zZWxmIj4NCjxpbWcgc3JjPSIvd3AtY29udGVudC91cGxvYWRzLzIwMTkvMDcvYm94LWdvbGZvcG9ldGkuanBnIiAvPjwvYT4NCjxkaXYgY2xhc3M9ImJveC16b25lLWJuIiBzdHlsZT0iYmFja2dyb3VuZC1pbWFnZTogdXJsKCcvd3AtY29udGVudC91cGxvYWRzLzIwMTkvMDcvYm94LWdvbGZvcG9ldGktYm4uanBnJyk7Ij48L2Rpdj4NCjxkaXYgY2xhc3M9ImJveC16b25lLWNvbnQiPg0KPGRpdiBjbGFzcz0idGV4dGNvbnQiPjxidXR0b24gY2xhc3M9InZjX2dlbmVyYWwgdmNfYnRuMyB2Y19idG4zLXNpemUtbWQgdmNfYnRuMy1zaGFwZS1zcXVhcmUgdmNfYnRuMy1zdHlsZS1mbGF0IHZjX2J0bjMtY29sb3ItZGFuZ2VyIj5FbiBzYXZvaXIgcGx1czwvYnV0dG9uPjwvZGl2Pg0KPC9kaXY+DQombmJzcDsNCg0KPC9kaXY+[\/vc_raw_html][\/vc_column][vc_column width=&#8221;1\/3&#8243;][vc_raw_html]PGRpdiBjbGFzcz0iYm94LXpvbmUiPjxhIGhyZWY9Ii9mci90ZXJyaXRvaXJlL2xlcy1jaW5xLXRlcnJlcy8iIHRhcmdldD0iX3NlbGYiPg0KPGltZyBzcmM9Ii93cC1jb250ZW50L3VwbG9hZHMvMjAxOS8wNy9ib3gtY2lucXVldGVycmUuanBnIiAvPjwvYT4NCjxkaXYgY2xhc3M9ImJveC16b25lLWJuIiBzdHlsZT0iYmFja2dyb3VuZC1pbWFnZTogdXJsKCcvd3AtY29udGVudC91cGxvYWRzLzIwMTkvMDcvYm94LWNpbnF1ZXRlcnJlLWJuLmpwZycpOyI+PC9kaXY+DQo8ZGl2IGNsYXNzPSJib3gtem9uZS1jb250Ij4NCjxkaXYgY2xhc3M9InRleHRjb250Ij48YnV0dG9uIGNsYXNzPSJ2Y19nZW5lcmFsIHZjX2J0bjMgdmNfYnRuMy1zaXplLW1kIHZjX2J0bjMtc2hhcGUtc3F1YXJlIHZjX2J0bjMtc3R5bGUtZmxhdCB2Y19idG4zLWNvbG9yLWRhbmdlciI+RW4gc2F2b2lyIHBsdXM8L2J1dHRvbj48L2Rpdj4NCjwvZGl2Pg0KJm5ic3A7DQoNCjwvZGl2Pg==[\/vc_raw_html][\/vc_column][vc_column width=&#8221;1\/3&#8243;][vc_raw_html]PGRpdiBjbGFzcz0iYm94LXpvbmUiPjxhIGhyZWY9Ii9mci90ZXJyaXRvaXJlL3RpZ3VsbGlvLyIgdGFyZ2V0PSJfc2VsZiI+DQo8aW1nIHNyYz0iL3dwLWNvbnRlbnQvdXBsb2Fkcy8yMDIwLzEwL0JveF90aWd1bGxpb190ZXJyaXRvcmlvLnBuZyIgLz48L2E+DQo8ZGl2IGNsYXNzPSJib3gtem9uZS1ibiIgc3R5bGU9ImJhY2tncm91bmQtaW1hZ2U6IHVybCgnL3dwLWNvbnRlbnQvdXBsb2Fkcy8yMDE5LzA3L2JveC10aWd1bGxpby1ibi5qcGcnKTsiPjwvZGl2Pg0KPGRpdiBjbGFzcz0iYm94LXpvbmUtY29udCI+DQo8ZGl2IGNsYXNzPSJ0ZXh0Y29udCI+PGJ1dHRvbiBjbGFzcz0idmNfZ2VuZXJhbCB2Y19idG4zIHZjX2J0bjMtc2l6ZS1tZCB2Y19idG4zLXNoYXBlLXNxdWFyZSB2Y19idG4zLXN0eWxlLWZsYXQgdmNfYnRuMy1jb2xvci1kYW5nZXIiPkVuIHNhdm9pciBwbHVzPC9idXR0b24+PC9kaXY+DQo8L2Rpdj4NCiZuYnNwOw0KDQo8L2Rpdj4=[\/vc_raw_html][\/vc_column][\/vc_row][vc_row fullwidth=&#8221;yes&#8221; el_class=&#8221;box-zone-wrap&#8221;][vc_column width=&#8221;1\/3&#8243;][vc_raw_html]PGRpdiBjbGFzcz0iYm94LXpvbmUiPjxhIGhyZWY9Ii90ZXJyaXRvcmlvL2FwdWFuZS8iIHRhcmdldD0iX3NlbGYiPg0KPGltZyBzcmM9Ii93cC1jb250ZW50L3VwbG9hZHMvMjAyMS8wNC80MDB4NDMwX2FwdWFuZS1jb24tc2NyaXR0YS5qcGciIC8+PC9hPg0KPGRpdiBjbGFzcz0iYm94LXpvbmUtYm4iIHN0eWxlPSJiYWNrZ3JvdW5kLWltYWdlOiB1cmwoJy93cC1jb250ZW50L3VwbG9hZHMvMjAxOS8wNy9ib3gtYXB1YW5lLWJuLmpwZycpOyI+PC9kaXY+DQo8ZGl2IGNsYXNzPSJib3gtem9uZS1jb250Ij4NCjxkaXYgY2xhc3M9InRleHRjb250Ij48YnV0dG9uIGNsYXNzPSJ2Y19nZW5lcmFsIHZjX2J0bjMgdmNfYnRuMy1zaXplLW1kIHZjX2J0bjMtc2hhcGUtc3F1YXJlIHZjX2J0bjMtc3R5bGUtZmxhdCB2Y19idG4zLWNvbG9yLWRhbmdlciI+RW4gc2F2b2lyIHBsdXM8L2J1dHRvbj48L2Rpdj4NCjwvZGl2Pg0KJm5ic3A7DQoNCjwvZGl2Pg==[\/vc_raw_html][\/vc_column][vc_column width=&#8221;1\/3&#8243;][vc_raw_html]PGRpdiBjbGFzcz0iYm94LXpvbmUiPjxhIGhyZWY9Ii9mci90ZXJyaXRvaXJlL2x1bmlnaWFuYS8iIHRhcmdldD0iX3NlbGYiPg0KPGltZyBzcmM9Ii93cC1jb250ZW50L3VwbG9hZHMvMjAxOS8wNy9ib3gtbHVuaWdpYW5hLmpwZyIgLz48L2E+DQo8ZGl2IGNsYXNzPSJib3gtem9uZS1ibiIgc3R5bGU9ImJhY2tncm91bmQtaW1hZ2U6IHVybCgnL3dwLWNvbnRlbnQvdXBsb2Fkcy8yMDE5LzA3L2JveC1sdW5pZ2lhbmEtYm4uanBnJyk7Ij48L2Rpdj4NCjxkaXYgY2xhc3M9ImJveC16b25lLWNvbnQiPg0KPGRpdiBjbGFzcz0idGV4dGNvbnQiPjxidXR0b24gY2xhc3M9InZjX2dlbmVyYWwgdmNfYnRuMyB2Y19idG4zLXNpemUtbWQgdmNfYnRuMy1zaGFwZS1zcXVhcmUgdmNfYnRuMy1zdHlsZS1mbGF0IHZjX2J0bjMtY29sb3ItZGFuZ2VyIj5FbiBzYXZvaXIgcGx1czwvYnV0dG9uPjwvZGl2Pg0KPC9kaXY+DQombmJzcDsNCg0KPC9kaXY+[\/vc_raw_html][\/vc_column][vc_column width=&#8221;1\/3&#8243;][vc_raw_html]PGRpdiBjbGFzcz0iYm94LXpvbmUiPjxhIGhyZWY9Ii9mci90ZXJyaXRvaXJlL3ZlcnNpbGlhLyIgdGFyZ2V0PSJfc2VsZiI+DQo8aW1nIHNyYz0iL3dwLWNvbnRlbnQvdXBsb2Fkcy8yMDE5LzA3L2JveC12ZXJzaWxpYS5qcGciIC8+PC9hPg0KPGRpdiBjbGFzcz0iYm94LXpvbmUtYm4iIHN0eWxlPSJiYWNrZ3JvdW5kLWltYWdlOiB1cmwoJy93cC1jb250ZW50L3VwbG9hZHMvMjAxOS8wNy9ib3gtdmVyc2lsaWEtYm4uanBnJyk7Ij48L2Rpdj4NCjxkaXYgY2xhc3M9ImJveC16b25lLWNvbnQiPg0KPGRpdiBjbGFzcz0idGV4dGNvbnQiPjxidXR0b24gY2xhc3M9InZjX2dlbmVyYWwgdmNfYnRuMyB2Y19idG4zLXNpemUtbWQgdmNfYnRuMy1zaGFwZS1zcXVhcmUgdmNfYnRuMy1zdHlsZS1mbGF0IHZjX2J0bjMtY29sb3ItZGFuZ2VyIj5FbiBzYXZvaXIgcGx1czwvYnV0dG9uPjwvZGl2Pg0KPC9kaXY+DQombmJzcDsNCg0KPC9kaXY+[\/vc_raw_html][\/vc_column][\/vc_row][\/vc_section][vc_row][vc_column][vc_raw_html]PGRpdiBjbGFzcz0ibGluZSI+PC9kaXY+[\/vc_raw_html][\/vc_column][\/vc_row]<\/p>\n<\/div>","protected":false},"excerpt":{"rendered":"<p>[vc_section][vc_row el_class=&#8221;wrap-content-limit&#8221;][vc_column css=&#8221;.vc_custom_1563814382585{padding-top: 25px !important;padding-bottom: 25px !important;}&#8221;][vc_custom_heading divider=&#8221;yes&#8221; text=&#8221;Depuis plus de 50 ans nous diffusons l\u2019ar\u00f4me des meilleurs caf\u00e9s du monde sur nos splendides terres&#8221; font_container=&#8221;tag:h1|font_size:24px|text_align:center|color:%23000000|line_height:24px&#8221; use_theme_fonts=&#8221;yes&#8221; el_class=&#8221;text-uppercase&#8221;][vc_column_text el_class=&#8221;text-montserrat&#8221;] Le golfe du Tigullio, les cinq terres, le golfe des po\u00e8tes, la Lunigiana, les Alpes Apuane et la Versilia. Depuis plus de 50 ans nous diffusons [&hellip;]<\/p>\n","protected":false},"author":1,"featured_media":0,"parent":0,"menu_order":0,"comment_status":"closed","ping_status":"closed","template":"","meta":{"_acf_changed":false,"footnotes":""},"class_list":["post-7676","page","type-page","status-publish","hentry"],"acf":[],"yoast_head":"<!-- This site is optimized with the Yoast SEO plugin v27.0 - https:\/\/yoast.com\/product\/yoast-seo-wordpress\/ -->\n<title>Nous introduisons sur nos terres l&#039;ar\u00f4me des meilleurs caf\u00e9s du monde<\/title>\n<meta name=\"description\" content=\"Le Tigullio, les Cinq Terres, le Golfe des Po\u00e8tes, la Lunigiana, les Alpes Apuanes et la Versilia: le vrai ar\u00f4me des meilleurs caf\u00e9s, du monde \u00e0 nos terres.\" \/>\n<meta name=\"robots\" content=\"index, follow, max-snippet:-1, max-image-preview:large, max-video-preview:-1\" \/>\n<link rel=\"canonical\" href=\"https:\/\/italcaffe.it\/fr\/territoire\/\" \/>\n<meta property=\"og:locale\" content=\"fr_FR\" \/>\n<meta property=\"og:type\" content=\"article\" \/>\n<meta property=\"og:title\" content=\"Nous introduisons sur nos terres l&#039;ar\u00f4me des meilleurs caf\u00e9s du monde\" \/>\n<meta property=\"og:description\" content=\"Le Tigullio, les Cinq Terres, le Golfe des Po\u00e8tes, la Lunigiana, les Alpes Apuanes et la Versilia: le vrai ar\u00f4me des meilleurs caf\u00e9s, du monde \u00e0 nos terres.\" \/>\n<meta property=\"og:url\" content=\"https:\/\/italcaffe.it\/fr\/territoire\/\" \/>\n<meta property=\"og:site_name\" content=\"Italcaff\u00e8\" \/>\n<meta property=\"article:modified_time\" content=\"2021-07-13T13:30:20+00:00\" \/>\n<meta name=\"twitter:card\" content=\"summary_large_image\" \/>\n<meta name=\"twitter:label1\" content=\"Dur\u00e9e de lecture estim\u00e9e\" \/>\n\t<meta name=\"twitter:data1\" content=\"4 minutes\" \/>\n<script type=\"application\/ld+json\" class=\"yoast-schema-graph\">{\"@context\":\"https:\/\/schema.org\",\"@graph\":[{\"@type\":\"WebPage\",\"@id\":\"https:\/\/italcaffe.it\/fr\/territoire\/\",\"url\":\"https:\/\/italcaffe.it\/fr\/territoire\/\",\"name\":\"Nous introduisons sur nos terres l'ar\u00f4me des meilleurs caf\u00e9s du monde\",\"isPartOf\":{\"@id\":\"https:\/\/italcaffe.it\/fr\/#website\"},\"datePublished\":\"2019-09-19T15:09:03+00:00\",\"dateModified\":\"2021-07-13T13:30:20+00:00\",\"description\":\"Le Tigullio, les Cinq Terres, le Golfe des Po\u00e8tes, la Lunigiana, les Alpes Apuanes et la Versilia: le vrai ar\u00f4me des meilleurs caf\u00e9s, du monde \u00e0 nos terres.\",\"breadcrumb\":{\"@id\":\"https:\/\/italcaffe.it\/fr\/territoire\/#breadcrumb\"},\"inLanguage\":\"fr-FR\",\"potentialAction\":[{\"@type\":\"ReadAction\",\"target\":[\"https:\/\/italcaffe.it\/fr\/territoire\/\"]}]},{\"@type\":\"BreadcrumbList\",\"@id\":\"https:\/\/italcaffe.it\/fr\/territoire\/#breadcrumb\",\"itemListElement\":[{\"@type\":\"ListItem\",\"position\":1,\"name\":\"Home\",\"item\":\"https:\/\/italcaffe.it\/fr\/\"},{\"@type\":\"ListItem\",\"position\":2,\"name\":\"Territoire\"}]},{\"@type\":\"WebSite\",\"@id\":\"https:\/\/italcaffe.it\/fr\/#website\",\"url\":\"https:\/\/italcaffe.it\/fr\/\",\"name\":\"Italcaff\u00e8\",\"description\":\"50 Anni insieme\",\"potentialAction\":[{\"@type\":\"SearchAction\",\"target\":{\"@type\":\"EntryPoint\",\"urlTemplate\":\"https:\/\/italcaffe.it\/fr\/?s={search_term_string}\"},\"query-input\":{\"@type\":\"PropertyValueSpecification\",\"valueRequired\":true,\"valueName\":\"search_term_string\"}}],\"inLanguage\":\"fr-FR\"}]}<\/script>\n<!-- \/ Yoast SEO plugin. -->","yoast_head_json":{"title":"Nous introduisons sur nos terres l'ar\u00f4me des meilleurs caf\u00e9s du monde","description":"Le Tigullio, les Cinq Terres, le Golfe des Po\u00e8tes, la Lunigiana, les Alpes Apuanes et la Versilia: le vrai ar\u00f4me des meilleurs caf\u00e9s, du monde \u00e0 nos terres.","robots":{"index":"index","follow":"follow","max-snippet":"max-snippet:-1","max-image-preview":"max-image-preview:large","max-video-preview":"max-video-preview:-1"},"canonical":"https:\/\/italcaffe.it\/fr\/territoire\/","og_locale":"fr_FR","og_type":"article","og_title":"Nous introduisons sur nos terres l'ar\u00f4me des meilleurs caf\u00e9s du monde","og_description":"Le Tigullio, les Cinq Terres, le Golfe des Po\u00e8tes, la Lunigiana, les Alpes Apuanes et la Versilia: le vrai ar\u00f4me des meilleurs caf\u00e9s, du monde \u00e0 nos terres.","og_url":"https:\/\/italcaffe.it\/fr\/territoire\/","og_site_name":"Italcaff\u00e8","article_modified_time":"2021-07-13T13:30:20+00:00","twitter_card":"summary_large_image","twitter_misc":{"Dur\u00e9e de lecture estim\u00e9e":"4 minutes"},"schema":{"@context":"https:\/\/schema.org","@graph":[{"@type":"WebPage","@id":"https:\/\/italcaffe.it\/fr\/territoire\/","url":"https:\/\/italcaffe.it\/fr\/territoire\/","name":"Nous introduisons sur nos terres l'ar\u00f4me des meilleurs caf\u00e9s du monde","isPartOf":{"@id":"https:\/\/italcaffe.it\/fr\/#website"},"datePublished":"2019-09-19T15:09:03+00:00","dateModified":"2021-07-13T13:30:20+00:00","description":"Le Tigullio, les Cinq Terres, le Golfe des Po\u00e8tes, la Lunigiana, les Alpes Apuanes et la Versilia: le vrai ar\u00f4me des meilleurs caf\u00e9s, du monde \u00e0 nos terres.","breadcrumb":{"@id":"https:\/\/italcaffe.it\/fr\/territoire\/#breadcrumb"},"inLanguage":"fr-FR","potentialAction":[{"@type":"ReadAction","target":["https:\/\/italcaffe.it\/fr\/territoire\/"]}]},{"@type":"BreadcrumbList","@id":"https:\/\/italcaffe.it\/fr\/territoire\/#breadcrumb","itemListElement":[{"@type":"ListItem","position":1,"name":"Home","item":"https:\/\/italcaffe.it\/fr\/"},{"@type":"ListItem","position":2,"name":"Territoire"}]},{"@type":"WebSite","@id":"https:\/\/italcaffe.it\/fr\/#website","url":"https:\/\/italcaffe.it\/fr\/","name":"Italcaff\u00e8","description":"50 Anni insieme","potentialAction":[{"@type":"SearchAction","target":{"@type":"EntryPoint","urlTemplate":"https:\/\/italcaffe.it\/fr\/?s={search_term_string}"},"query-input":{"@type":"PropertyValueSpecification","valueRequired":true,"valueName":"search_term_string"}}],"inLanguage":"fr-FR"}]}},"_links":{"self":[{"href":"https:\/\/italcaffe.it\/fr\/wp-json\/wp\/v2\/pages\/7676","targetHints":{"allow":["GET"]}}],"collection":[{"href":"https:\/\/italcaffe.it\/fr\/wp-json\/wp\/v2\/pages"}],"about":[{"href":"https:\/\/italcaffe.it\/fr\/wp-json\/wp\/v2\/types\/page"}],"author":[{"embeddable":true,"href":"https:\/\/italcaffe.it\/fr\/wp-json\/wp\/v2\/users\/1"}],"replies":[{"embeddable":true,"href":"https:\/\/italcaffe.it\/fr\/wp-json\/wp\/v2\/comments?post=7676"}],"version-history":[{"count":0,"href":"https:\/\/italcaffe.it\/fr\/wp-json\/wp\/v2\/pages\/7676\/revisions"}],"wp:attachment":[{"href":"https:\/\/italcaffe.it\/fr\/wp-json\/wp\/v2\/media?parent=7676"}],"curies":[{"name":"wp","href":"https:\/\/api.w.org\/{rel}","templated":true}]}}