{"id":7796,"date":"2019-09-25T18:06:19","date_gmt":"2019-09-25T17:06:19","guid":{"rendered":"https:\/\/www.italcaffe.it\/territoire\/versilia\/"},"modified":"2021-07-13T15:02:36","modified_gmt":"2021-07-13T14:02:36","slug":"versilia","status":"publish","type":"page","link":"https:\/\/italcaffe.it\/fr\/territoire\/versilia\/","title":{"rendered":"Versilia"},"content":{"rendered":"<div class=\"wpb-content-wrapper\"><p>[vc_row fullwidth=&#8221;yes&#8221; wrap=&#8221;yes&#8221; content_placement=&#8221;middle&#8221; css=&#8221;.vc_custom_1558709024464{margin-top: 0px !important;margin-bottom: 0px !important;padding-top: 0px !important;padding-bottom: 0px !important;background-color: #f8f8fa !important;}&#8221;][vc_column css=&#8221;.vc_custom_1522771389256{margin-top: 0px !important;margin-bottom: 0px !important;padding-top: 0px !important;padding-bottom: 0px !important;}&#8221;]<div id=\"metaslider-id-6126\" style=\"width: 100%; margin: 0 auto;\" class=\"ml-slider-3-105-0 metaslider metaslider-flex metaslider-6126 ml-slider has-dots-nav ms-theme-default\" role=\"region\" aria-label=\"Versilia\" data-height=\"870\" data-width=\"1920\">\n    <div id=\"metaslider_container_6126\">\n        <div id=\"metaslider_6126\">\n            <ul class='slides'>\n                <li style=\"display: block; width: 100%;\" class=\"slide-6127 ms-image \" aria-roledescription=\"slide\" data-date=\"2019-06-25 17:54:35\" data-filename=\"1920x870_VERSILIA.jpg\" data-slide-type=\"image\"><img loading=\"lazy\" decoding=\"async\" src=\"https:\/\/italcaffe.it\/wp-content\/uploads\/2019\/09\/1920x870_VERSILIA.jpg\" height=\"870\" width=\"1920\" alt=\"\" class=\"slider-6126 slide-6127 msDefaultImage\" title=\"1920x870_VERSILIA\" \/><\/li>\n            <\/ul>\n        <\/div>\n        \n    <\/div>\n<\/div>[\/vc_column][\/vc_row][vc_section css=&#8221;.vc_custom_1562602215599{background-image: url(http:\/\/www.italcaffe.it\/wp-content\/uploads\/2019\/07\/bg-versilia-wide.jpg?id=6260) !important;}&#8221;][vc_row fullwidth=&#8221;yes&#8221; wrap=&#8221;yes&#8221; content_placement=&#8221;middle&#8221; css=&#8221;.vc_custom_1562254883897{padding-top: 5px !important;padding-right: 50px !important;padding-bottom: 30px !important;padding-left: 50px !important;}&#8221; el_class=&#8221;wrap-content-limit&#8221;][vc_column][vc_custom_heading text=&#8221;L&#8217;ar\u00f4me de Italcaff\u00e8 parvient jusqu&#8217;\u00e0 la Versilia&#8221; font_container=&#8221;tag:h1|font_size:24|text_align:center|color:%23ffffff|line_height:24px&#8221; use_theme_fonts=&#8221;yes&#8221; css_animation=&#8221;none&#8221; separator=&#8221;yes&#8221; el_class=&#8221;text-uppercase&#8221;][vc_column_text css=&#8221;.vc_custom_1564135368298{padding-top: 30px !important;}&#8221;]<\/p>\n<p class=\"cardo-r text-left text-white\" style=\"text-align: center;\">L\u00e0 o\u00f9 la mer rencontre les Alpes Apuane, o\u00f9 la plage s\u2019\u00e9tend \u00e0 perte de vue entre les parasols color\u00e9s,<br \/>\nparvient l\u2019ar\u00f4me de Italcaff\u00e8<\/p>\n<p>[\/vc_column_text][\/vc_column][\/vc_row][\/vc_section][vc_section][vc_row css=&#8221;.vc_custom_1561455897932{margin-top: 0px !important;margin-bottom: 20px !important;padding-top: 5px !important;padding-right: 50px !important;padding-bottom: 30px !important;padding-left: 50px !important;}&#8221; el_class=&#8221;wrap-content-limit&#8221;][vc_column][vc_custom_heading divider=&#8221;yes&#8221; text=&#8221;Versilia&#8221; font_container=&#8221;tag:h2|font_size:24|text_align:center|line_height:24px&#8221; use_theme_fonts=&#8221;yes&#8221; css_animation=&#8221;none&#8221; separator=&#8221;yes&#8221; el_class=&#8221;text-uppercase&#8221;][vc_column_text css=&#8221;.vc_custom_1563188898271{padding-top: 30px !important;}&#8221;]<\/p>\n<p class=\"cardo-r text-left\">Nous sommes en Versilia, paysage incomparable de Toscane, terre de vacances et d\u2019art, o\u00f9 les bicyclettes volent, l\u00e9g\u00e8res, sous le regard des Alpes Apuane.<\/p>\n<p class=\"cardo-r text-left\">Chaque lieu est emplit d\u2019odeurs marines, de senteurs de march\u00e9s, de \u201cdolce vita&#8221;. Les plages retentissent des voix excit\u00e9es des enfants qui jouent avec l\u2019\u00e9cume des vagues.<\/p>\n<p>[\/vc_column_text][\/vc_column][\/vc_row][\/vc_section][vc_section][vc_row content_placement=&#8221;middle&#8221; el_class=&#8221;box-point-wrap&#8221; css=&#8221;.vc_custom_1569253481149{background-color: #e40520 !important;}&#8221;][vc_column width=&#8221;1\/2&#8243; el_class=&#8221;box-point-inner box-terr-img-new box-terr-img-versilia&#8221;][vc_single_image image=&#8221;7975&#8243; img_size=&#8221;full&#8221; alignment=&#8221;center&#8221;][\/vc_column][vc_column width=&#8221;1\/2&#8243; background_position=&#8221;left center&#8221; el_class=&#8221;box-terr-text&#8221;][vc_column_text]<\/p>\n<p class=\"cardo-r text-left text-white\">En Versilia les artistes se sentent comme \u00e0 la maison.<\/p>\n<p class=\"cardo-r text-left text-white\">Pietrasanta est un mus\u00e9e \u00e0 ciel ouvert, o\u00f9 les expositions artistiques sont toujours de passage, o\u00f9 les oeuvres de marbre de Carrare et de bronze se dressent , prot\u00e9g\u00e9es par le majestueux \u201cGuerriero\u201d de Botero.<\/p>\n<p class=\"cardo-r text-left text-white\">L\u2019ar\u00f4me de notre caf\u00e9 parvient aussi en Versilia. Trouvez votre bar Italcaff\u00e8 et photographiez ce cadre magnifique![\/vc_column_text][\/vc_column][\/vc_row][\/vc_section][vc_section css=&#8221;.vc_custom_1562340000186{padding-top: 35px !important;padding-bottom: 35px !important;}&#8221;][vc_row css=&#8221;.vc_custom_1562340417257{padding-bottom: 10px !important;}&#8221;][vc_column css=&#8221;.vc_custom_1563271697848{padding-top: 20px !important;}&#8221;][vc_custom_heading divider=&#8221;yes&#8221; text=&#8221;EN VOYAGE AVEC LE CAF\u00c9&#8221; font_container=&#8221;tag:h2|font_size:24|text_align:center|line_height:24px&#8221; use_theme_fonts=&#8221;yes&#8221; css_animation=&#8221;none&#8221; separator=&#8221;yes&#8221; el_class=&#8221;text-uppercase&#8221;][\/vc_column][\/vc_row][vc_row css=&#8221;.vc_custom_1563272138291{margin-top: 20px !important;padding-top: 25px !important;}&#8221;][vc_column width=&#8221;1\/3&#8243; el_class=&#8221;box-point-inner box-travel-inner&#8221;][vc_single_image image=&#8221;7379&#8243; img_size=&#8221;full&#8221; alignment=&#8221;center&#8221;][\/vc_column][vc_column width=&#8221;1\/3&#8243; el_class=&#8221;box-point-inner box-travel-inner&#8221;][vc_single_image image=&#8221;7374&#8243; img_size=&#8221;full&#8221; alignment=&#8221;center&#8221;][\/vc_column][vc_column width=&#8221;1\/3&#8243; el_class=&#8221;box-point-inner box-travel-inner&#8221;][vc_single_image image=&#8221;7369&#8243; img_size=&#8221;full&#8221; alignment=&#8221;center&#8221;][\/vc_column][\/vc_row][\/vc_section][vc_section css=&#8221;.vc_custom_1562323900949{margin-top: 0px !important;background-color: #f9f9f9 !important;}&#8221;][vc_row css=&#8221;.vc_custom_1559664737076{margin-top: 0px !important;margin-bottom: 10px !important;padding-top: 5px !important;padding-right: 50px !important;padding-bottom: 30px !important;padding-left: 50px !important;}&#8221; el_class=&#8221;wrap-content-limit&#8221;][vc_column][vc_custom_heading divider=&#8221;yes&#8221; text=&#8221;Shop Italcaff\u00e8&#8221; font_container=&#8221;tag:h2|font_size:24|text_align:center|line_height:24px&#8221; use_theme_fonts=&#8221;yes&#8221; css_animation=&#8221;none&#8221; separator=&#8221;yes&#8221; el_class=&#8221;text-uppercase&#8221;][vc_column_text css=&#8221;.vc_custom_1563804237071{padding-top: 30px !important;}&#8221;]<\/p>\n<p class=\"cardo-r text-center\" style=\"text-align: left;\">L\u2019ar\u00f4me des meilleurs caf\u00e9s du monde arrive directement \u00e0 votre domicile ou \u00e0 votre bar\/restaurant d\u2019un simple click! Acc\u00e9dez au site et achetez nos fins m\u00e9langes en divers formats: caf\u00e9 en grains, moulu, capsules et dosettes. Sans oublier nos accessoires inspir\u00e9s de nos terres.<\/p>\n<p>[\/vc_column_text][vc_column_text css=&#8221;.vc_custom_1626184942332{padding-top: 30px !important;}&#8221;]<\/p>\n<h3 class=\"vc_custom_heading text-uppercase divider pr text-red\" style=\"font-size: 24px; line-height: 24px; text-align: center;\">Allez \u00e0 la nouvelle boutique<\/h3>\n<p>[\/vc_column_text][vc_btn title=&#8221;Allez \u00e0 la Boutique&#8221; style=&#8221;flat&#8221; shape=&#8221;square&#8221; color=&#8221;danger&#8221; align=&#8221;center&#8221; el_class=&#8221;mybutton text-white text-uppercase&#8221; link=&#8221;url:https%3A%2F%2Fwww.italcaffe.it%2Ffr%2Fshop%2F|||&#8221;][\/vc_column][\/vc_row][\/vc_section][vc_section css=&#8221;.vc_custom_1562339723199{margin-top: 0px !important;padding-top: 0px !important;}&#8221;][vc_row][vc_column][vc_raw_html]PGRpdiBjbGFzcz0ibGluZSI+PC9kaXY+[\/vc_raw_html][\/vc_column][\/vc_row][\/vc_section]<\/p>\n<\/div>","protected":false},"excerpt":{"rendered":"<p>[vc_row fullwidth=&#8221;yes&#8221; wrap=&#8221;yes&#8221; content_placement=&#8221;middle&#8221; css=&#8221;.vc_custom_1558709024464{margin-top: 0px !important;margin-bottom: 0px !important;padding-top: 0px !important;padding-bottom: 0px !important;background-color: #f8f8fa !important;}&#8221;][vc_column css=&#8221;.vc_custom_1522771389256{margin-top: 0px !important;margin-bottom: 0px !important;padding-top: 0px !important;padding-bottom: 0px !important;}&#8221;][\/vc_column][\/vc_row][vc_section css=&#8221;.vc_custom_1562602215599{background-image: url(http:\/\/www.italcaffe.it\/wp-content\/uploads\/2019\/07\/bg-versilia-wide.jpg?id=6260) !important;}&#8221;][vc_row fullwidth=&#8221;yes&#8221; wrap=&#8221;yes&#8221; content_placement=&#8221;middle&#8221; css=&#8221;.vc_custom_1562254883897{padding-top: 5px !important;padding-right: 50px !important;padding-bottom: 30px !important;padding-left: 50px !important;}&#8221; el_class=&#8221;wrap-content-limit&#8221;][vc_column][vc_custom_heading text=&#8221;L&#8217;ar\u00f4me de Italcaff\u00e8 parvient jusqu&#8217;\u00e0 la Versilia&#8221; font_container=&#8221;tag:h1|font_size:24|text_align:center|color:%23ffffff|line_height:24px&#8221; use_theme_fonts=&#8221;yes&#8221; css_animation=&#8221;none&#8221; separator=&#8221;yes&#8221; el_class=&#8221;text-uppercase&#8221;][vc_column_text css=&#8221;.vc_custom_1564135368298{padding-top: 30px !important;}&#8221;] [&hellip;]<\/p>\n","protected":false},"author":1,"featured_media":0,"parent":7676,"menu_order":0,"comment_status":"closed","ping_status":"closed","template":"","meta":{"_acf_changed":false,"footnotes":""},"class_list":["post-7796","page","type-page","status-publish","hentry"],"acf":[],"yoast_head":"<!-- This site is optimized with the Yoast SEO plugin v27.0 - https:\/\/yoast.com\/product\/yoast-seo-wordpress\/ -->\n<title>Le caf\u00e9 expresso de la Versilia entre mer et montagnes.<\/title>\n<meta name=\"description\" content=\"Le vrai ar\u00f4me de Italcaff\u00e8 caract\u00e9rise la Versilia, o\u00f9 la mer rejoint les Alpes Apuanes dans toute leur unicit\u00e9. Vente en ligne.\" \/>\n<meta name=\"robots\" content=\"index, follow, max-snippet:-1, max-image-preview:large, max-video-preview:-1\" \/>\n<link rel=\"canonical\" href=\"https:\/\/italcaffe.it\/fr\/territoire\/versilia\/\" \/>\n<meta property=\"og:locale\" content=\"fr_FR\" \/>\n<meta property=\"og:type\" content=\"article\" \/>\n<meta property=\"og:title\" content=\"Le caf\u00e9 expresso de la Versilia entre mer et montagnes.\" \/>\n<meta property=\"og:description\" content=\"Le vrai ar\u00f4me de Italcaff\u00e8 caract\u00e9rise la Versilia, o\u00f9 la mer rejoint les Alpes Apuanes dans toute leur unicit\u00e9. Vente en ligne.\" \/>\n<meta property=\"og:url\" content=\"https:\/\/italcaffe.it\/fr\/territoire\/versilia\/\" \/>\n<meta property=\"og:site_name\" content=\"Italcaff\u00e8\" \/>\n<meta property=\"article:modified_time\" content=\"2021-07-13T14:02:36+00:00\" \/>\n<meta name=\"twitter:card\" content=\"summary_large_image\" \/>\n<meta name=\"twitter:label1\" content=\"Dur\u00e9e de lecture estim\u00e9e\" \/>\n\t<meta name=\"twitter:data1\" content=\"4 minutes\" \/>\n<script type=\"application\/ld+json\" class=\"yoast-schema-graph\">{\"@context\":\"https:\/\/schema.org\",\"@graph\":[{\"@type\":\"WebPage\",\"@id\":\"https:\/\/italcaffe.it\/fr\/territoire\/versilia\/\",\"url\":\"https:\/\/italcaffe.it\/fr\/territoire\/versilia\/\",\"name\":\"Le caf\u00e9 expresso de la Versilia entre mer et montagnes.\",\"isPartOf\":{\"@id\":\"https:\/\/italcaffe.it\/fr\/#website\"},\"datePublished\":\"2019-09-25T17:06:19+00:00\",\"dateModified\":\"2021-07-13T14:02:36+00:00\",\"description\":\"Le vrai ar\u00f4me de Italcaff\u00e8 caract\u00e9rise la Versilia, o\u00f9 la mer rejoint les Alpes Apuanes dans toute leur unicit\u00e9. Vente en ligne.\",\"breadcrumb\":{\"@id\":\"https:\/\/italcaffe.it\/fr\/territoire\/versilia\/#breadcrumb\"},\"inLanguage\":\"fr-FR\",\"potentialAction\":[{\"@type\":\"ReadAction\",\"target\":[\"https:\/\/italcaffe.it\/fr\/territoire\/versilia\/\"]}]},{\"@type\":\"BreadcrumbList\",\"@id\":\"https:\/\/italcaffe.it\/fr\/territoire\/versilia\/#breadcrumb\",\"itemListElement\":[{\"@type\":\"ListItem\",\"position\":1,\"name\":\"Home\",\"item\":\"https:\/\/italcaffe.it\/fr\/\"},{\"@type\":\"ListItem\",\"position\":2,\"name\":\"Territoire\",\"item\":\"https:\/\/italcaffe.it\/fr\/territoire\/\"},{\"@type\":\"ListItem\",\"position\":3,\"name\":\"Versilia\"}]},{\"@type\":\"WebSite\",\"@id\":\"https:\/\/italcaffe.it\/fr\/#website\",\"url\":\"https:\/\/italcaffe.it\/fr\/\",\"name\":\"Italcaff\u00e8\",\"description\":\"50 Anni insieme\",\"potentialAction\":[{\"@type\":\"SearchAction\",\"target\":{\"@type\":\"EntryPoint\",\"urlTemplate\":\"https:\/\/italcaffe.it\/fr\/?s={search_term_string}\"},\"query-input\":{\"@type\":\"PropertyValueSpecification\",\"valueRequired\":true,\"valueName\":\"search_term_string\"}}],\"inLanguage\":\"fr-FR\"}]}<\/script>\n<!-- \/ Yoast SEO plugin. -->","yoast_head_json":{"title":"Le caf\u00e9 expresso de la Versilia entre mer et montagnes.","description":"Le vrai ar\u00f4me de Italcaff\u00e8 caract\u00e9rise la Versilia, o\u00f9 la mer rejoint les Alpes Apuanes dans toute leur unicit\u00e9. Vente en ligne.","robots":{"index":"index","follow":"follow","max-snippet":"max-snippet:-1","max-image-preview":"max-image-preview:large","max-video-preview":"max-video-preview:-1"},"canonical":"https:\/\/italcaffe.it\/fr\/territoire\/versilia\/","og_locale":"fr_FR","og_type":"article","og_title":"Le caf\u00e9 expresso de la Versilia entre mer et montagnes.","og_description":"Le vrai ar\u00f4me de Italcaff\u00e8 caract\u00e9rise la Versilia, o\u00f9 la mer rejoint les Alpes Apuanes dans toute leur unicit\u00e9. Vente en ligne.","og_url":"https:\/\/italcaffe.it\/fr\/territoire\/versilia\/","og_site_name":"Italcaff\u00e8","article_modified_time":"2021-07-13T14:02:36+00:00","twitter_card":"summary_large_image","twitter_misc":{"Dur\u00e9e de lecture estim\u00e9e":"4 minutes"},"schema":{"@context":"https:\/\/schema.org","@graph":[{"@type":"WebPage","@id":"https:\/\/italcaffe.it\/fr\/territoire\/versilia\/","url":"https:\/\/italcaffe.it\/fr\/territoire\/versilia\/","name":"Le caf\u00e9 expresso de la Versilia entre mer et montagnes.","isPartOf":{"@id":"https:\/\/italcaffe.it\/fr\/#website"},"datePublished":"2019-09-25T17:06:19+00:00","dateModified":"2021-07-13T14:02:36+00:00","description":"Le vrai ar\u00f4me de Italcaff\u00e8 caract\u00e9rise la Versilia, o\u00f9 la mer rejoint les Alpes Apuanes dans toute leur unicit\u00e9. Vente en ligne.","breadcrumb":{"@id":"https:\/\/italcaffe.it\/fr\/territoire\/versilia\/#breadcrumb"},"inLanguage":"fr-FR","potentialAction":[{"@type":"ReadAction","target":["https:\/\/italcaffe.it\/fr\/territoire\/versilia\/"]}]},{"@type":"BreadcrumbList","@id":"https:\/\/italcaffe.it\/fr\/territoire\/versilia\/#breadcrumb","itemListElement":[{"@type":"ListItem","position":1,"name":"Home","item":"https:\/\/italcaffe.it\/fr\/"},{"@type":"ListItem","position":2,"name":"Territoire","item":"https:\/\/italcaffe.it\/fr\/territoire\/"},{"@type":"ListItem","position":3,"name":"Versilia"}]},{"@type":"WebSite","@id":"https:\/\/italcaffe.it\/fr\/#website","url":"https:\/\/italcaffe.it\/fr\/","name":"Italcaff\u00e8","description":"50 Anni insieme","potentialAction":[{"@type":"SearchAction","target":{"@type":"EntryPoint","urlTemplate":"https:\/\/italcaffe.it\/fr\/?s={search_term_string}"},"query-input":{"@type":"PropertyValueSpecification","valueRequired":true,"valueName":"search_term_string"}}],"inLanguage":"fr-FR"}]}},"_links":{"self":[{"href":"https:\/\/italcaffe.it\/fr\/wp-json\/wp\/v2\/pages\/7796","targetHints":{"allow":["GET"]}}],"collection":[{"href":"https:\/\/italcaffe.it\/fr\/wp-json\/wp\/v2\/pages"}],"about":[{"href":"https:\/\/italcaffe.it\/fr\/wp-json\/wp\/v2\/types\/page"}],"author":[{"embeddable":true,"href":"https:\/\/italcaffe.it\/fr\/wp-json\/wp\/v2\/users\/1"}],"replies":[{"embeddable":true,"href":"https:\/\/italcaffe.it\/fr\/wp-json\/wp\/v2\/comments?post=7796"}],"version-history":[{"count":0,"href":"https:\/\/italcaffe.it\/fr\/wp-json\/wp\/v2\/pages\/7796\/revisions"}],"up":[{"embeddable":true,"href":"https:\/\/italcaffe.it\/fr\/wp-json\/wp\/v2\/pages\/7676"}],"wp:attachment":[{"href":"https:\/\/italcaffe.it\/fr\/wp-json\/wp\/v2\/media?parent=7796"}],"curies":[{"name":"wp","href":"https:\/\/api.w.org\/{rel}","templated":true}]}}