{"id":7803,"date":"2019-09-25T18:12:00","date_gmt":"2019-09-25T17:12:00","guid":{"rendered":"https:\/\/www.italcaffe.it\/territoire\/tigullio\/"},"modified":"2021-07-13T15:06:41","modified_gmt":"2021-07-13T14:06:41","slug":"tigullio","status":"publish","type":"page","link":"https:\/\/italcaffe.it\/fr\/territoire\/tigullio\/","title":{"rendered":"Tigullio"},"content":{"rendered":"<div class=\"wpb-content-wrapper\"><p>[vc_row fullwidth=&#8221;yes&#8221; wrap=&#8221;yes&#8221; content_placement=&#8221;middle&#8221; css=&#8221;.vc_custom_1558709024464{margin-top: 0px !important;margin-bottom: 0px !important;padding-top: 0px !important;padding-bottom: 0px !important;background-color: #f8f8fa !important;}&#8221;][vc_column css=&#8221;.vc_custom_1522771389256{margin-top: 0px !important;margin-bottom: 0px !important;padding-top: 0px !important;padding-bottom: 0px !important;}&#8221;]<div id=\"metaslider-id-6226\" style=\"width: 100%; margin: 0 auto;\" class=\"ml-slider-3-105-0 metaslider metaslider-flex metaslider-6226 ml-slider has-dots-nav ms-theme-default\" role=\"region\" aria-label=\"Tigullio\" data-height=\"870\" data-width=\"1920\">\n    <div id=\"metaslider_container_6226\">\n        <div id=\"metaslider_6226\">\n            <ul class='slides'>\n                <li style=\"display: block; width: 100%;\" class=\"slide-6227 ms-image \" aria-roledescription=\"slide\" data-date=\"2019-07-05 17:23:39\" data-filename=\"1920x870_TIGULLIO.jpg\" data-slide-type=\"image\"><img loading=\"lazy\" decoding=\"async\" src=\"https:\/\/italcaffe.it\/wp-content\/uploads\/2019\/09\/1920x870_TIGULLIO.jpg\" height=\"870\" width=\"1920\" alt=\"\" class=\"slider-6226 slide-6227 msDefaultImage\" title=\"1920x870_TIGULLIO\" \/><\/li>\n            <\/ul>\n        <\/div>\n        \n    <\/div>\n<\/div>[\/vc_column][\/vc_row][vc_section css=&#8221;.vc_custom_1563543879806{background-image: url(http:\/\/www.italcaffe.it\/wp-content\/uploads\/2019\/07\/tigullio-bg-wide.jpg?id=6579) !important;}&#8221;][vc_row fullwidth=&#8221;yes&#8221; wrap=&#8221;yes&#8221; content_placement=&#8221;middle&#8221; css=&#8221;.vc_custom_1562254883897{padding-top: 5px !important;padding-right: 50px !important;padding-bottom: 30px !important;padding-left: 50px !important;}&#8221; el_class=&#8221;wrap-content-limit&#8221;][vc_column][vc_custom_heading text=&#8221;L&#8217;ar\u00f4me de Italcaff\u00e8 parvient jusqu&#8217;au Golfe du Tigullio&#8221; font_container=&#8221;tag:h1|font_size:24|text_align:center|color:%23ffffff|line_height:24px&#8221; use_theme_fonts=&#8221;yes&#8221; css_animation=&#8221;none&#8221; separator=&#8221;yes&#8221; el_class=&#8221;text-uppercase&#8221;][vc_column_text css=&#8221;.vc_custom_1564132939924{padding-top: 30px !important;}&#8221;]<\/p>\n<p class=\"cardo-r text-left text-white\" style=\"text-align: center;\">Dans cette partie de la riviera o\u00f9 la nature et la mondanit\u00e9 se m\u00e9langent cr\u00e9ant une atmosph\u00e8re de typique \u201cdolce vita\u201d italienne,<br \/>\nparvient l\u2019ar\u00f4me de Italcaff\u00e8.<\/p>\n<p>[\/vc_column_text][\/vc_column][\/vc_row][\/vc_section][vc_section][vc_row css=&#8221;.vc_custom_1561455897932{margin-top: 0px !important;margin-bottom: 20px !important;padding-top: 5px !important;padding-right: 50px !important;padding-bottom: 30px !important;padding-left: 50px !important;}&#8221; el_class=&#8221;wrap-content-limit&#8221;][vc_column][vc_custom_heading divider=&#8221;yes&#8221; text=&#8221;Tigullio&#8221; font_container=&#8221;tag:h2|font_size:24|text_align:center|line_height:24px&#8221; use_theme_fonts=&#8221;yes&#8221; css_animation=&#8221;none&#8221; separator=&#8221;yes&#8221; el_class=&#8221;text-uppercase&#8221;][vc_column_text css=&#8221;.vc_custom_1564132445254{padding-top: 30px !important;}&#8221;]<\/p>\n<p class=\"cardo-r text-left\">Il s\u2019agit de la c\u00f4te qui de G\u00eanes s\u2019\u00e9tend jusqu\u2019\u00e0 Sestri Levante prenant le nom de Golfe du Tigullio, et qui comprend en son sein le promontoire de Portofino.<\/p>\n<p>Une portion de la riviera o\u00f9 la nature et la mondanit\u00e9 se m\u00e9langent cr\u00e9ant une atmosph\u00e8re de typique \u201cdolce vita\u201d italienne.<\/p>\n<p class=\"cardo-r text-left\">Les villages qui se situent dans d\u2019amples criques o\u00f9 les maisons color\u00e9es et d\u00e9cor\u00e9es de fresques ont donn\u00e9 naissance aux capitaines de navire et aux marins ,alternent avec les grandes villes historiques et les \u00e9glises anciennes.<\/p>\n<p>Les barques des p\u00eacheurs c\u00f4toient les yachts et les bateaux \u00e0 voiles, la nature intacte prot\u00e8ge des jardins luxuriants.[\/vc_column_text][\/vc_column][\/vc_row][\/vc_section][vc_section][vc_row content_placement=&#8221;middle&#8221; el_class=&#8221;box-point-wrap&#8221; css=&#8221;.vc_custom_1569253274916{background-color: #e40520 !important;}&#8221;][vc_column width=&#8221;1\/2&#8243; el_class=&#8221;box-point-inner box-terr-img-new box-terr-img-tigullio&#8221;][vc_single_image image=&#8221;7981&#8243; img_size=&#8221;full&#8221; alignment=&#8221;center&#8221;][\/vc_column][vc_column width=&#8221;1\/2&#8243; background_position=&#8221;left center&#8221; el_class=&#8221;box-terr-text&#8221;][vc_column_text]<\/p>\n<p class=\"cardo-r text-left text-white\">Les ruelles \u00e9troites \u201ccarruggi\u201d d\u00e9bouchent sur des places qui sont de v\u00e9ritables salons fleuris \u00e0 ciel ouvert, accueillants et prot\u00e9g\u00e9s, au charme inoui.<\/p>\n<p class=\"cardo-r text-left text-white\">Justement dans l\u2019Afrique , P\u00e9trarque nous parle de ces \u201csinuosi lidi\u201d, tandis que dans la Baie du Silence Wagner a trouv\u00e9 la qui\u00e9tude et l\u2019inspiration pour certaines de ses oeuvres.<\/p>\n<p class=\"cardo-r text-left text-white\">L\u2019ar\u00f4me de notre caf\u00e9 parvient jusqu\u2019au Tigullio. Trouvez votre bar Italcaff\u00e8 et photographiez ce cadre magnifique!<\/p>\n<p>[\/vc_column_text][\/vc_column][\/vc_row][\/vc_section][vc_section css=&#8221;.vc_custom_1562340000186{padding-top: 35px !important;padding-bottom: 35px !important;}&#8221;][vc_row css=&#8221;.vc_custom_1562340417257{padding-bottom: 10px !important;}&#8221;][vc_column css=&#8221;.vc_custom_1563271666707{padding-top: 20px !important;}&#8221;][vc_custom_heading divider=&#8221;yes&#8221; text=&#8221;EN VOYAGE AVEC LE CAF\u00c9&#8221; font_container=&#8221;tag:h2|font_size:24|text_align:center|line_height:24px&#8221; use_theme_fonts=&#8221;yes&#8221; css_animation=&#8221;none&#8221; separator=&#8221;yes&#8221; el_class=&#8221;text-uppercase&#8221;][\/vc_column][\/vc_row][vc_row css=&#8221;.vc_custom_1563271672642{margin-top: 20px !important;padding-top: 25px !important;}&#8221;][vc_column width=&#8221;1\/3&#8243; el_class=&#8221;box-point-inner box-travel-inner&#8221;][vc_single_image image=&#8221;7853&#8243; img_size=&#8221;full&#8221; alignment=&#8221;center&#8221;][\/vc_column][vc_column width=&#8221;1\/3&#8243; el_class=&#8221;box-point-inner box-travel-inner&#8221;][vc_single_image image=&#8221;7847&#8243; img_size=&#8221;full&#8221; alignment=&#8221;center&#8221;][\/vc_column][vc_column width=&#8221;1\/3&#8243; el_class=&#8221;box-point-inner box-travel-inner&#8221;][vc_single_image image=&#8221;7850&#8243; img_size=&#8221;full&#8221; alignment=&#8221;center&#8221;][\/vc_column][\/vc_row][\/vc_section][vc_section css=&#8221;.vc_custom_1562323900949{margin-top: 0px !important;background-color: #f9f9f9 !important;}&#8221;][vc_row css=&#8221;.vc_custom_1559664737076{margin-top: 0px !important;margin-bottom: 10px !important;padding-top: 5px !important;padding-right: 50px !important;padding-bottom: 30px !important;padding-left: 50px !important;}&#8221; el_class=&#8221;wrap-content-limit&#8221;][vc_column][vc_custom_heading divider=&#8221;yes&#8221; text=&#8221;Shop Italcaff\u00e8&#8221; font_container=&#8221;tag:h2|font_size:24|text_align:center|line_height:24px&#8221; use_theme_fonts=&#8221;yes&#8221; css_animation=&#8221;none&#8221; separator=&#8221;yes&#8221; el_class=&#8221;text-uppercase&#8221;][vc_column_text css=&#8221;.vc_custom_1563805013602{padding-top: 30px !important;}&#8221;]<\/p>\n<p class=\"cardo-r text-center\" style=\"text-align: left;\">L\u2019ar\u00f4me des meilleurs caf\u00e9s du monde arrive directement \u00e0 votre domicile ou \u00e0 votre bar\/restaurant d\u2019un simple click! Acc\u00e9dez au site et achetez nos fins m\u00e9langes en divers formats: caf\u00e9 en grains, moulu, capsules et dosettes. Sans oublier nos accessoires inspir\u00e9s de nos terres.<\/p>\n<p>[\/vc_column_text][vc_column_text css=&#8221;.vc_custom_1626184867438{padding-top: 30px !important;}&#8221;]<\/p>\n<h3 class=\"vc_custom_heading text-uppercase divider pr text-red\" style=\"font-size: 24px; line-height: 24px; text-align: center;\">Allez \u00e0 la nouvelle boutique<\/h3>\n<p>[\/vc_column_text][vc_btn title=&#8221;Allez \u00e0 la Boutique&#8221; style=&#8221;flat&#8221; shape=&#8221;square&#8221; color=&#8221;danger&#8221; align=&#8221;center&#8221; el_class=&#8221;mybutton text-white text-uppercase&#8221; link=&#8221;url:https%3A%2F%2Fwww.italcaffe.it%2Ffr%2Fshop%2F|||&#8221;][\/vc_column][\/vc_row][\/vc_section][vc_section css=&#8221;.vc_custom_1562339723199{margin-top: 0px !important;padding-top: 0px !important;}&#8221;][vc_row][vc_column][vc_raw_html]PGRpdiBjbGFzcz0ibGluZSI+PC9kaXY+[\/vc_raw_html][\/vc_column][\/vc_row][\/vc_section]<\/p>\n<\/div>","protected":false},"excerpt":{"rendered":"<p>[vc_row fullwidth=&#8221;yes&#8221; wrap=&#8221;yes&#8221; content_placement=&#8221;middle&#8221; css=&#8221;.vc_custom_1558709024464{margin-top: 0px !important;margin-bottom: 0px !important;padding-top: 0px !important;padding-bottom: 0px !important;background-color: #f8f8fa !important;}&#8221;][vc_column css=&#8221;.vc_custom_1522771389256{margin-top: 0px !important;margin-bottom: 0px !important;padding-top: 0px !important;padding-bottom: 0px !important;}&#8221;][\/vc_column][\/vc_row][vc_section css=&#8221;.vc_custom_1563543879806{background-image: url(http:\/\/www.italcaffe.it\/wp-content\/uploads\/2019\/07\/tigullio-bg-wide.jpg?id=6579) !important;}&#8221;][vc_row fullwidth=&#8221;yes&#8221; wrap=&#8221;yes&#8221; content_placement=&#8221;middle&#8221; css=&#8221;.vc_custom_1562254883897{padding-top: 5px !important;padding-right: 50px !important;padding-bottom: 30px !important;padding-left: 50px !important;}&#8221; el_class=&#8221;wrap-content-limit&#8221;][vc_column][vc_custom_heading text=&#8221;L&#8217;ar\u00f4me de Italcaff\u00e8 parvient jusqu&#8217;au Golfe du Tigullio&#8221; font_container=&#8221;tag:h1|font_size:24|text_align:center|color:%23ffffff|line_height:24px&#8221; use_theme_fonts=&#8221;yes&#8221; css_animation=&#8221;none&#8221; separator=&#8221;yes&#8221; el_class=&#8221;text-uppercase&#8221;][vc_column_text css=&#8221;.vc_custom_1564132939924{padding-top: 30px [&hellip;]<\/p>\n","protected":false},"author":1,"featured_media":0,"parent":7676,"menu_order":0,"comment_status":"closed","ping_status":"closed","template":"","meta":{"_acf_changed":false,"footnotes":""},"class_list":["post-7803","page","type-page","status-publish","hentry"],"acf":[],"yoast_head":"<!-- This site is optimized with the Yoast SEO plugin v27.0 - https:\/\/yoast.com\/product\/yoast-seo-wordpress\/ -->\n<title>Le caf\u00e9 authentique dans l&#039;atmosph\u00e8re du Golfe du Tigullio I Italcaff\u00e8<\/title>\n<meta name=\"description\" content=\"Le vrai caf\u00e9 du Golfe du Tigullio, o\u00f9 la nature et la vie mondaine se rencontrent dans une atmosph\u00e8re de Dolce Vita. Le caf\u00e9 de Portofino. Vente en ligne\" \/>\n<meta name=\"robots\" content=\"index, follow, max-snippet:-1, max-image-preview:large, max-video-preview:-1\" \/>\n<link rel=\"canonical\" href=\"https:\/\/italcaffe.it\/fr\/territoire\/tigullio\/\" \/>\n<meta property=\"og:locale\" content=\"fr_FR\" \/>\n<meta property=\"og:type\" content=\"article\" \/>\n<meta property=\"og:title\" content=\"Le caf\u00e9 authentique dans l&#039;atmosph\u00e8re du Golfe du Tigullio I Italcaff\u00e8\" \/>\n<meta property=\"og:description\" content=\"Le vrai caf\u00e9 du Golfe du Tigullio, o\u00f9 la nature et la vie mondaine se rencontrent dans une atmosph\u00e8re de Dolce Vita. Le caf\u00e9 de Portofino. Vente en ligne\" \/>\n<meta property=\"og:url\" content=\"https:\/\/italcaffe.it\/fr\/territoire\/tigullio\/\" \/>\n<meta property=\"og:site_name\" content=\"Italcaff\u00e8\" \/>\n<meta property=\"article:modified_time\" content=\"2021-07-13T14:06:41+00:00\" \/>\n<meta name=\"twitter:card\" content=\"summary_large_image\" \/>\n<meta name=\"twitter:label1\" content=\"Dur\u00e9e de lecture estim\u00e9e\" \/>\n\t<meta name=\"twitter:data1\" content=\"4 minutes\" \/>\n<script type=\"application\/ld+json\" class=\"yoast-schema-graph\">{\"@context\":\"https:\/\/schema.org\",\"@graph\":[{\"@type\":\"WebPage\",\"@id\":\"https:\/\/italcaffe.it\/fr\/territoire\/tigullio\/\",\"url\":\"https:\/\/italcaffe.it\/fr\/territoire\/tigullio\/\",\"name\":\"Le caf\u00e9 authentique dans l'atmosph\u00e8re du Golfe du Tigullio I Italcaff\u00e8\",\"isPartOf\":{\"@id\":\"https:\/\/italcaffe.it\/fr\/#website\"},\"datePublished\":\"2019-09-25T17:12:00+00:00\",\"dateModified\":\"2021-07-13T14:06:41+00:00\",\"description\":\"Le vrai caf\u00e9 du Golfe du Tigullio, o\u00f9 la nature et la vie mondaine se rencontrent dans une atmosph\u00e8re de Dolce Vita. Le caf\u00e9 de Portofino. Vente en ligne\",\"breadcrumb\":{\"@id\":\"https:\/\/italcaffe.it\/fr\/territoire\/tigullio\/#breadcrumb\"},\"inLanguage\":\"fr-FR\",\"potentialAction\":[{\"@type\":\"ReadAction\",\"target\":[\"https:\/\/italcaffe.it\/fr\/territoire\/tigullio\/\"]}]},{\"@type\":\"BreadcrumbList\",\"@id\":\"https:\/\/italcaffe.it\/fr\/territoire\/tigullio\/#breadcrumb\",\"itemListElement\":[{\"@type\":\"ListItem\",\"position\":1,\"name\":\"Home\",\"item\":\"https:\/\/italcaffe.it\/fr\/\"},{\"@type\":\"ListItem\",\"position\":2,\"name\":\"Territoire\",\"item\":\"https:\/\/italcaffe.it\/fr\/territoire\/\"},{\"@type\":\"ListItem\",\"position\":3,\"name\":\"Tigullio\"}]},{\"@type\":\"WebSite\",\"@id\":\"https:\/\/italcaffe.it\/fr\/#website\",\"url\":\"https:\/\/italcaffe.it\/fr\/\",\"name\":\"Italcaff\u00e8\",\"description\":\"50 Anni insieme\",\"potentialAction\":[{\"@type\":\"SearchAction\",\"target\":{\"@type\":\"EntryPoint\",\"urlTemplate\":\"https:\/\/italcaffe.it\/fr\/?s={search_term_string}\"},\"query-input\":{\"@type\":\"PropertyValueSpecification\",\"valueRequired\":true,\"valueName\":\"search_term_string\"}}],\"inLanguage\":\"fr-FR\"}]}<\/script>\n<!-- \/ Yoast SEO plugin. -->","yoast_head_json":{"title":"Le caf\u00e9 authentique dans l'atmosph\u00e8re du Golfe du Tigullio I Italcaff\u00e8","description":"Le vrai caf\u00e9 du Golfe du Tigullio, o\u00f9 la nature et la vie mondaine se rencontrent dans une atmosph\u00e8re de Dolce Vita. Le caf\u00e9 de Portofino. Vente en ligne","robots":{"index":"index","follow":"follow","max-snippet":"max-snippet:-1","max-image-preview":"max-image-preview:large","max-video-preview":"max-video-preview:-1"},"canonical":"https:\/\/italcaffe.it\/fr\/territoire\/tigullio\/","og_locale":"fr_FR","og_type":"article","og_title":"Le caf\u00e9 authentique dans l'atmosph\u00e8re du Golfe du Tigullio I Italcaff\u00e8","og_description":"Le vrai caf\u00e9 du Golfe du Tigullio, o\u00f9 la nature et la vie mondaine se rencontrent dans une atmosph\u00e8re de Dolce Vita. Le caf\u00e9 de Portofino. Vente en ligne","og_url":"https:\/\/italcaffe.it\/fr\/territoire\/tigullio\/","og_site_name":"Italcaff\u00e8","article_modified_time":"2021-07-13T14:06:41+00:00","twitter_card":"summary_large_image","twitter_misc":{"Dur\u00e9e de lecture estim\u00e9e":"4 minutes"},"schema":{"@context":"https:\/\/schema.org","@graph":[{"@type":"WebPage","@id":"https:\/\/italcaffe.it\/fr\/territoire\/tigullio\/","url":"https:\/\/italcaffe.it\/fr\/territoire\/tigullio\/","name":"Le caf\u00e9 authentique dans l'atmosph\u00e8re du Golfe du Tigullio I Italcaff\u00e8","isPartOf":{"@id":"https:\/\/italcaffe.it\/fr\/#website"},"datePublished":"2019-09-25T17:12:00+00:00","dateModified":"2021-07-13T14:06:41+00:00","description":"Le vrai caf\u00e9 du Golfe du Tigullio, o\u00f9 la nature et la vie mondaine se rencontrent dans une atmosph\u00e8re de Dolce Vita. Le caf\u00e9 de Portofino. Vente en ligne","breadcrumb":{"@id":"https:\/\/italcaffe.it\/fr\/territoire\/tigullio\/#breadcrumb"},"inLanguage":"fr-FR","potentialAction":[{"@type":"ReadAction","target":["https:\/\/italcaffe.it\/fr\/territoire\/tigullio\/"]}]},{"@type":"BreadcrumbList","@id":"https:\/\/italcaffe.it\/fr\/territoire\/tigullio\/#breadcrumb","itemListElement":[{"@type":"ListItem","position":1,"name":"Home","item":"https:\/\/italcaffe.it\/fr\/"},{"@type":"ListItem","position":2,"name":"Territoire","item":"https:\/\/italcaffe.it\/fr\/territoire\/"},{"@type":"ListItem","position":3,"name":"Tigullio"}]},{"@type":"WebSite","@id":"https:\/\/italcaffe.it\/fr\/#website","url":"https:\/\/italcaffe.it\/fr\/","name":"Italcaff\u00e8","description":"50 Anni insieme","potentialAction":[{"@type":"SearchAction","target":{"@type":"EntryPoint","urlTemplate":"https:\/\/italcaffe.it\/fr\/?s={search_term_string}"},"query-input":{"@type":"PropertyValueSpecification","valueRequired":true,"valueName":"search_term_string"}}],"inLanguage":"fr-FR"}]}},"_links":{"self":[{"href":"https:\/\/italcaffe.it\/fr\/wp-json\/wp\/v2\/pages\/7803","targetHints":{"allow":["GET"]}}],"collection":[{"href":"https:\/\/italcaffe.it\/fr\/wp-json\/wp\/v2\/pages"}],"about":[{"href":"https:\/\/italcaffe.it\/fr\/wp-json\/wp\/v2\/types\/page"}],"author":[{"embeddable":true,"href":"https:\/\/italcaffe.it\/fr\/wp-json\/wp\/v2\/users\/1"}],"replies":[{"embeddable":true,"href":"https:\/\/italcaffe.it\/fr\/wp-json\/wp\/v2\/comments?post=7803"}],"version-history":[{"count":0,"href":"https:\/\/italcaffe.it\/fr\/wp-json\/wp\/v2\/pages\/7803\/revisions"}],"up":[{"embeddable":true,"href":"https:\/\/italcaffe.it\/fr\/wp-json\/wp\/v2\/pages\/7676"}],"wp:attachment":[{"href":"https:\/\/italcaffe.it\/fr\/wp-json\/wp\/v2\/media?parent=7803"}],"curies":[{"name":"wp","href":"https:\/\/api.w.org\/{rel}","templated":true}]}}