{"id":7819,"date":"2019-09-25T18:20:14","date_gmt":"2019-09-25T17:20:14","guid":{"rendered":"https:\/\/www.italcaffe.it\/territoire\/les-cinq-terres\/"},"modified":"2021-07-13T14:58:48","modified_gmt":"2021-07-13T13:58:48","slug":"les-cinq-terres","status":"publish","type":"page","link":"https:\/\/italcaffe.it\/fr\/territoire\/les-cinq-terres\/","title":{"rendered":"LES CINQ TERRES"},"content":{"rendered":"<div class=\"wpb-content-wrapper\"><p>[vc_row fullwidth=&#8221;yes&#8221; wrap=&#8221;yes&#8221; content_placement=&#8221;middle&#8221; css=&#8221;.vc_custom_1558709024464{margin-top: 0px !important;margin-bottom: 0px !important;padding-top: 0px !important;padding-bottom: 0px !important;background-color: #f8f8fa !important;}&#8221;][vc_column css=&#8221;.vc_custom_1522771389256{margin-top: 0px !important;margin-bottom: 0px !important;padding-top: 0px !important;padding-bottom: 0px !important;}&#8221;]<div id=\"metaslider-id-6228\" style=\"width: 100%; margin: 0 auto;\" class=\"ml-slider-3-105-0 metaslider metaslider-flex metaslider-6228 ml-slider has-dots-nav ms-theme-default\" role=\"region\" aria-label=\"Cinque Terre\" data-height=\"870\" data-width=\"1920\">\n    <div id=\"metaslider_container_6228\">\n        <div id=\"metaslider_6228\">\n            <ul class='slides'>\n                <li style=\"display: block; width: 100%;\" class=\"slide-6229 ms-image \" aria-roledescription=\"slide\" data-date=\"2019-07-05 17:26:16\" data-filename=\"1920x870_CINQUETERRE.jpg\" data-slide-type=\"image\"><img loading=\"lazy\" decoding=\"async\" src=\"https:\/\/italcaffe.it\/wp-content\/uploads\/2019\/09\/1920x870_CINQUETERRE.jpg\" height=\"870\" width=\"1920\" alt=\"\" class=\"slider-6228 slide-6229 msDefaultImage\" title=\"1920x870_CINQUETERRE\" \/><\/li>\n            <\/ul>\n        <\/div>\n        \n    <\/div>\n<\/div>[\/vc_column][\/vc_row][vc_section css=&#8221;.vc_custom_1565101097698{background-image: url(https:\/\/www.italcaffe.it\/wp-content\/uploads\/2019\/08\/cinqueterre-bg-wide.jpg?id=6860) !important;}&#8221;][vc_row fullwidth=&#8221;yes&#8221; wrap=&#8221;yes&#8221; content_placement=&#8221;middle&#8221; css=&#8221;.vc_custom_1562254883897{padding-top: 5px !important;padding-right: 50px !important;padding-bottom: 30px !important;padding-left: 50px !important;}&#8221; el_class=&#8221;wrap-content-limit&#8221;][vc_column][vc_custom_heading text=&#8221;L&#8217;ar\u00f4me de Italcaff\u00e8 parvient jusqu&#8217;aux Cinq Terres&#8221; font_container=&#8221;tag:h1|font_size:24|text_align:center|color:%23ffffff|line_height:24px&#8221; use_theme_fonts=&#8221;yes&#8221; css_animation=&#8221;none&#8221; separator=&#8221;yes&#8221; el_class=&#8221;text-uppercase&#8221;][vc_column_text css=&#8221;.vc_custom_1626184514213{padding-top: 30px !important;}&#8221;]<\/p>\n<p class=\"cardo-r text-left text-white\" style=\"text-align: center;\">Le long de la c\u00f4te escarp\u00e9e de la rivi\u00e9re orientale de la Ligurie, comprise entre Punta di Montenero et Punta Mesco, se trouvent cinq villages ou comme il se disait dans le pass\u00e9 , Cinq Terres : Riomaggiore, Manarola, Corniglia, Vernazza et Monterosso.<br \/>\nIci arrive l\u2019ar\u00f4me de Italcaff\u00e8.<\/p>\n<p>[\/vc_column_text][\/vc_column][\/vc_row][\/vc_section][vc_section][vc_row css=&#8221;.vc_custom_1561455897932{margin-top: 0px !important;margin-bottom: 20px !important;padding-top: 5px !important;padding-right: 50px !important;padding-bottom: 30px !important;padding-left: 50px !important;}&#8221; el_class=&#8221;wrap-content-limit&#8221;][vc_column][vc_custom_heading divider=&#8221;yes&#8221; text=&#8221;LES CINQ TERRES&#8221; font_container=&#8221;tag:h2|font_size:24|text_align:center|line_height:24px&#8221; use_theme_fonts=&#8221;yes&#8221; css_animation=&#8221;none&#8221; separator=&#8221;yes&#8221; el_class=&#8221;text-uppercase&#8221;][vc_column_text css=&#8221;.vc_custom_1564133517356{padding-top: 30px !important;}&#8221;]<\/p>\n<p class=\"cardo-r text-left\">Ce territoire, naturellement abrupt a \u00e9t\u00e9 rendu unique gr\u00e2ce \u00e0 l\u2019intervention de l\u2019homme, qui au cours des si\u00e8cles en a adoucit les pentes des collines av\u00e9s les caract\u00e9ristiques cultures en terrasse des vignes et des oliviers.<\/p>\n<p class=\"cardo-r text-left\">Ces bourgs habit\u00e9s dans le pass\u00e9 par des paysans et des p\u00eacheurs se refl\u00e8tent sur l\u2019eau, et les hautes maisons color\u00e9es se dressent sur des aplombs comme vol\u00e9s \u00e0 la mer.<\/p>\n<p>[\/vc_column_text][\/vc_column][\/vc_row][\/vc_section][vc_section][vc_row content_placement=&#8221;middle&#8221; el_class=&#8221;box-point-wrap&#8221; css=&#8221;.vc_custom_1569252577194{background-color: #e40520 !important;}&#8221;][vc_column width=&#8221;1\/2&#8243; el_class=&#8221;box-point-inner box-terr-img-new box-terr-img-cinqueterre&#8221;][vc_single_image image=&#8221;7984&#8243; img_size=&#8221;full&#8221; alignment=&#8221;center&#8221;][\/vc_column][vc_column width=&#8221;1\/2&#8243; background_position=&#8221;left center&#8221; el_class=&#8221;box-terr-text&#8221;][vc_column_text]<\/p>\n<p class=\"cardo-r text-left text-white\">Le sentier bleu relie les villages des cinq terres, offrant aux marcheurs de fantastiques panoramas entre la mer m\u00e9diterran\u00e9e et la mer lig\u00e9rienne.<\/p>\n<p class=\"cardo-r text-left text-white\">A travers ses recueils de po\u00e9sie, Eugenio Montale a rendu hommage \u00e0 ce territoire , pour lui lieu de vill\u00e9giature mais aussi paysage de l\u2019\u00e2me de toute sa vie.<\/p>\n<p class=\"cardo-r text-left text-white\">L\u2019ar\u00f4me de notre caf\u00e9 parvient aussi jusqu\u2019au cinq terres. Trouvez un bar Italcaff\u00e8 et photographiez ce cadre magnifique!<\/p>\n<p>[\/vc_column_text][\/vc_column][\/vc_row][\/vc_section][vc_section css=&#8221;.vc_custom_1562340000186{padding-top: 35px !important;padding-bottom: 35px !important;}&#8221;][vc_row css=&#8221;.vc_custom_1562340417257{padding-bottom: 10px !important;}&#8221;][vc_column css=&#8221;.vc_custom_1563271561582{padding-top: 20px !important;}&#8221;][vc_custom_heading divider=&#8221;yes&#8221; text=&#8221;EN VOYAGE AVEC LE CAF\u00c9&#8221; font_container=&#8221;tag:h2|font_size:24|text_align:center|line_height:24px&#8221; use_theme_fonts=&#8221;yes&#8221; css_animation=&#8221;none&#8221; separator=&#8221;yes&#8221; el_class=&#8221;text-uppercase&#8221;][\/vc_column][\/vc_row][vc_row css=&#8221;.vc_custom_1563271572055{margin-top: 20px !important;padding-top: 25px !important;}&#8221;][vc_column width=&#8221;1\/3&#8243; el_class=&#8221;box-point-inner box-travel-inner&#8221;][vc_single_image image=&#8221;7217&#8243; img_size=&#8221;full&#8221; alignment=&#8221;center&#8221;][\/vc_column][vc_column width=&#8221;1\/3&#8243; el_class=&#8221;box-point-inner box-travel-inner&#8221;][vc_single_image image=&#8221;7219&#8243; img_size=&#8221;full&#8221; alignment=&#8221;center&#8221;][\/vc_column][vc_column width=&#8221;1\/3&#8243; el_class=&#8221;box-point-inner box-travel-inner&#8221;][vc_single_image image=&#8221;7221&#8243; img_size=&#8221;full&#8221; alignment=&#8221;center&#8221;][\/vc_column][\/vc_row][\/vc_section][vc_section css=&#8221;.vc_custom_1562323900949{margin-top: 0px !important;background-color: #f9f9f9 !important;}&#8221;][vc_row css=&#8221;.vc_custom_1559664737076{margin-top: 0px !important;margin-bottom: 10px !important;padding-top: 5px !important;padding-right: 50px !important;padding-bottom: 30px !important;padding-left: 50px !important;}&#8221; el_class=&#8221;wrap-content-limit&#8221;][vc_column][vc_custom_heading divider=&#8221;yes&#8221; text=&#8221;Shop Italcaff\u00e8&#8221; font_container=&#8221;tag:h2|font_size:24|text_align:center|line_height:24px&#8221; use_theme_fonts=&#8221;yes&#8221; css_animation=&#8221;none&#8221; separator=&#8221;yes&#8221; el_class=&#8221;text-uppercase&#8221;][vc_column_text css=&#8221;.vc_custom_1563804493554{padding-top: 30px !important;}&#8221;]<\/p>\n<p class=\"cardo-r text-center\" style=\"text-align: left;\">L\u2019ar\u00f4me des meilleurs caf\u00e9s du monde arrive directement \u00e0 votre domicile ou \u00e0 votre bar\/restaurant d\u2019un simple click! Acc\u00e9dez au site et achetez nos fins m\u00e9langes en divers formats: caf\u00e9 en grains, moulu, capsules et dosettes. Sans oublier nos accessoires inspir\u00e9s de nos terres.<\/p>\n<p>[\/vc_column_text][vc_column_text css=&#8221;.vc_custom_1626184609149{padding-top: 30px !important;}&#8221;]<\/p>\n<h3 class=\"vc_custom_heading text-uppercase divider pr text-red\" style=\"font-size: 24px; line-height: 24px; text-align: center;\">Allez \u00e0 la nouvelle boutique<\/h3>\n<p>[\/vc_column_text][vc_btn title=&#8221;Allez \u00e0 la Boutique&#8221; style=&#8221;flat&#8221; shape=&#8221;square&#8221; color=&#8221;danger&#8221; align=&#8221;center&#8221; el_class=&#8221;mybutton text-white text-uppercase&#8221; link=&#8221;url:https%3A%2F%2Fwww.italcaffe.it%2Ffr%2Fshop%2F|||&#8221;][\/vc_column][\/vc_row][\/vc_section][vc_section css=&#8221;.vc_custom_1562339723199{margin-top: 0px !important;padding-top: 0px !important;}&#8221;][vc_row][vc_column][vc_raw_html]PGRpdiBjbGFzcz0ibGluZSI+PC9kaXY+[\/vc_raw_html][\/vc_column][\/vc_row][\/vc_section]<\/p>\n<\/div>","protected":false},"excerpt":{"rendered":"<p>[vc_row fullwidth=&#8221;yes&#8221; wrap=&#8221;yes&#8221; content_placement=&#8221;middle&#8221; css=&#8221;.vc_custom_1558709024464{margin-top: 0px !important;margin-bottom: 0px !important;padding-top: 0px !important;padding-bottom: 0px !important;background-color: #f8f8fa !important;}&#8221;][vc_column css=&#8221;.vc_custom_1522771389256{margin-top: 0px !important;margin-bottom: 0px !important;padding-top: 0px !important;padding-bottom: 0px !important;}&#8221;][\/vc_column][\/vc_row][vc_section css=&#8221;.vc_custom_1565101097698{background-image: url(https:\/\/www.italcaffe.it\/wp-content\/uploads\/2019\/08\/cinqueterre-bg-wide.jpg?id=6860) !important;}&#8221;][vc_row fullwidth=&#8221;yes&#8221; wrap=&#8221;yes&#8221; content_placement=&#8221;middle&#8221; css=&#8221;.vc_custom_1562254883897{padding-top: 5px !important;padding-right: 50px !important;padding-bottom: 30px !important;padding-left: 50px !important;}&#8221; el_class=&#8221;wrap-content-limit&#8221;][vc_column][vc_custom_heading text=&#8221;L&#8217;ar\u00f4me de Italcaff\u00e8 parvient jusqu&#8217;aux Cinq Terres&#8221; font_container=&#8221;tag:h1|font_size:24|text_align:center|color:%23ffffff|line_height:24px&#8221; use_theme_fonts=&#8221;yes&#8221; css_animation=&#8221;none&#8221; separator=&#8221;yes&#8221; el_class=&#8221;text-uppercase&#8221;][vc_column_text css=&#8221;.vc_custom_1626184514213{padding-top: 30px !important;}&#8221;] [&hellip;]<\/p>\n","protected":false},"author":1,"featured_media":0,"parent":7676,"menu_order":0,"comment_status":"closed","ping_status":"closed","template":"","meta":{"_acf_changed":false,"footnotes":""},"class_list":["post-7819","page","type-page","status-publish","hentry"],"acf":[],"yoast_head":"<!-- This site is optimized with the Yoast SEO plugin v27.0 - https:\/\/yoast.com\/product\/yoast-seo-wordpress\/ -->\n<title>Le vrai caf\u00e9 ligurien des Cinq Terres I Italcaff\u00e8<\/title>\n<meta name=\"description\" content=\"L&#039;ar\u00f4me unique d&#039;un caf\u00e9 qui na\u00eet dans le monde pour \u00eatre r\u00e9alis\u00e9 en Ligurie, et qui parvient jusqu&#039;aux uniques Cinq Terres.\" \/>\n<meta name=\"robots\" content=\"index, follow, max-snippet:-1, max-image-preview:large, max-video-preview:-1\" \/>\n<link rel=\"canonical\" href=\"https:\/\/italcaffe.it\/fr\/territoire\/les-cinq-terres\/\" \/>\n<meta property=\"og:locale\" content=\"fr_FR\" \/>\n<meta property=\"og:type\" content=\"article\" \/>\n<meta property=\"og:title\" content=\"Le vrai caf\u00e9 ligurien des Cinq Terres I Italcaff\u00e8\" \/>\n<meta property=\"og:description\" content=\"L&#039;ar\u00f4me unique d&#039;un caf\u00e9 qui na\u00eet dans le monde pour \u00eatre r\u00e9alis\u00e9 en Ligurie, et qui parvient jusqu&#039;aux uniques Cinq Terres.\" \/>\n<meta property=\"og:url\" content=\"https:\/\/italcaffe.it\/fr\/territoire\/les-cinq-terres\/\" \/>\n<meta property=\"og:site_name\" content=\"Italcaff\u00e8\" \/>\n<meta property=\"article:modified_time\" content=\"2021-07-13T13:58:48+00:00\" \/>\n<meta name=\"twitter:card\" content=\"summary_large_image\" \/>\n<meta name=\"twitter:label1\" content=\"Dur\u00e9e de lecture estim\u00e9e\" \/>\n\t<meta name=\"twitter:data1\" content=\"4 minutes\" \/>\n<script type=\"application\/ld+json\" class=\"yoast-schema-graph\">{\"@context\":\"https:\/\/schema.org\",\"@graph\":[{\"@type\":\"WebPage\",\"@id\":\"https:\/\/italcaffe.it\/fr\/territoire\/les-cinq-terres\/\",\"url\":\"https:\/\/italcaffe.it\/fr\/territoire\/les-cinq-terres\/\",\"name\":\"Le vrai caf\u00e9 ligurien des Cinq Terres I Italcaff\u00e8\",\"isPartOf\":{\"@id\":\"https:\/\/italcaffe.it\/fr\/#website\"},\"datePublished\":\"2019-09-25T17:20:14+00:00\",\"dateModified\":\"2021-07-13T13:58:48+00:00\",\"description\":\"L'ar\u00f4me unique d'un caf\u00e9 qui na\u00eet dans le monde pour \u00eatre r\u00e9alis\u00e9 en Ligurie, et qui parvient jusqu'aux uniques Cinq Terres.\",\"breadcrumb\":{\"@id\":\"https:\/\/italcaffe.it\/fr\/territoire\/les-cinq-terres\/#breadcrumb\"},\"inLanguage\":\"fr-FR\",\"potentialAction\":[{\"@type\":\"ReadAction\",\"target\":[\"https:\/\/italcaffe.it\/fr\/territoire\/les-cinq-terres\/\"]}]},{\"@type\":\"BreadcrumbList\",\"@id\":\"https:\/\/italcaffe.it\/fr\/territoire\/les-cinq-terres\/#breadcrumb\",\"itemListElement\":[{\"@type\":\"ListItem\",\"position\":1,\"name\":\"Home\",\"item\":\"https:\/\/italcaffe.it\/fr\/\"},{\"@type\":\"ListItem\",\"position\":2,\"name\":\"Territoire\",\"item\":\"https:\/\/italcaffe.it\/fr\/territoire\/\"},{\"@type\":\"ListItem\",\"position\":3,\"name\":\"LES CINQ TERRES\"}]},{\"@type\":\"WebSite\",\"@id\":\"https:\/\/italcaffe.it\/fr\/#website\",\"url\":\"https:\/\/italcaffe.it\/fr\/\",\"name\":\"Italcaff\u00e8\",\"description\":\"50 Anni insieme\",\"potentialAction\":[{\"@type\":\"SearchAction\",\"target\":{\"@type\":\"EntryPoint\",\"urlTemplate\":\"https:\/\/italcaffe.it\/fr\/?s={search_term_string}\"},\"query-input\":{\"@type\":\"PropertyValueSpecification\",\"valueRequired\":true,\"valueName\":\"search_term_string\"}}],\"inLanguage\":\"fr-FR\"}]}<\/script>\n<!-- \/ Yoast SEO plugin. -->","yoast_head_json":{"title":"Le vrai caf\u00e9 ligurien des Cinq Terres I Italcaff\u00e8","description":"L'ar\u00f4me unique d'un caf\u00e9 qui na\u00eet dans le monde pour \u00eatre r\u00e9alis\u00e9 en Ligurie, et qui parvient jusqu'aux uniques Cinq Terres.","robots":{"index":"index","follow":"follow","max-snippet":"max-snippet:-1","max-image-preview":"max-image-preview:large","max-video-preview":"max-video-preview:-1"},"canonical":"https:\/\/italcaffe.it\/fr\/territoire\/les-cinq-terres\/","og_locale":"fr_FR","og_type":"article","og_title":"Le vrai caf\u00e9 ligurien des Cinq Terres I Italcaff\u00e8","og_description":"L'ar\u00f4me unique d'un caf\u00e9 qui na\u00eet dans le monde pour \u00eatre r\u00e9alis\u00e9 en Ligurie, et qui parvient jusqu'aux uniques Cinq Terres.","og_url":"https:\/\/italcaffe.it\/fr\/territoire\/les-cinq-terres\/","og_site_name":"Italcaff\u00e8","article_modified_time":"2021-07-13T13:58:48+00:00","twitter_card":"summary_large_image","twitter_misc":{"Dur\u00e9e de lecture estim\u00e9e":"4 minutes"},"schema":{"@context":"https:\/\/schema.org","@graph":[{"@type":"WebPage","@id":"https:\/\/italcaffe.it\/fr\/territoire\/les-cinq-terres\/","url":"https:\/\/italcaffe.it\/fr\/territoire\/les-cinq-terres\/","name":"Le vrai caf\u00e9 ligurien des Cinq Terres I Italcaff\u00e8","isPartOf":{"@id":"https:\/\/italcaffe.it\/fr\/#website"},"datePublished":"2019-09-25T17:20:14+00:00","dateModified":"2021-07-13T13:58:48+00:00","description":"L'ar\u00f4me unique d'un caf\u00e9 qui na\u00eet dans le monde pour \u00eatre r\u00e9alis\u00e9 en Ligurie, et qui parvient jusqu'aux uniques Cinq Terres.","breadcrumb":{"@id":"https:\/\/italcaffe.it\/fr\/territoire\/les-cinq-terres\/#breadcrumb"},"inLanguage":"fr-FR","potentialAction":[{"@type":"ReadAction","target":["https:\/\/italcaffe.it\/fr\/territoire\/les-cinq-terres\/"]}]},{"@type":"BreadcrumbList","@id":"https:\/\/italcaffe.it\/fr\/territoire\/les-cinq-terres\/#breadcrumb","itemListElement":[{"@type":"ListItem","position":1,"name":"Home","item":"https:\/\/italcaffe.it\/fr\/"},{"@type":"ListItem","position":2,"name":"Territoire","item":"https:\/\/italcaffe.it\/fr\/territoire\/"},{"@type":"ListItem","position":3,"name":"LES CINQ TERRES"}]},{"@type":"WebSite","@id":"https:\/\/italcaffe.it\/fr\/#website","url":"https:\/\/italcaffe.it\/fr\/","name":"Italcaff\u00e8","description":"50 Anni insieme","potentialAction":[{"@type":"SearchAction","target":{"@type":"EntryPoint","urlTemplate":"https:\/\/italcaffe.it\/fr\/?s={search_term_string}"},"query-input":{"@type":"PropertyValueSpecification","valueRequired":true,"valueName":"search_term_string"}}],"inLanguage":"fr-FR"}]}},"_links":{"self":[{"href":"https:\/\/italcaffe.it\/fr\/wp-json\/wp\/v2\/pages\/7819","targetHints":{"allow":["GET"]}}],"collection":[{"href":"https:\/\/italcaffe.it\/fr\/wp-json\/wp\/v2\/pages"}],"about":[{"href":"https:\/\/italcaffe.it\/fr\/wp-json\/wp\/v2\/types\/page"}],"author":[{"embeddable":true,"href":"https:\/\/italcaffe.it\/fr\/wp-json\/wp\/v2\/users\/1"}],"replies":[{"embeddable":true,"href":"https:\/\/italcaffe.it\/fr\/wp-json\/wp\/v2\/comments?post=7819"}],"version-history":[{"count":0,"href":"https:\/\/italcaffe.it\/fr\/wp-json\/wp\/v2\/pages\/7819\/revisions"}],"up":[{"embeddable":true,"href":"https:\/\/italcaffe.it\/fr\/wp-json\/wp\/v2\/pages\/7676"}],"wp:attachment":[{"href":"https:\/\/italcaffe.it\/fr\/wp-json\/wp\/v2\/media?parent=7819"}],"curies":[{"name":"wp","href":"https:\/\/api.w.org\/{rel}","templated":true}]}}