{"id":7862,"date":"2019-09-25T18:30:11","date_gmt":"2019-09-25T17:30:11","guid":{"rendered":"https:\/\/www.italcaffe.it\/territoire\/le-golfe-des-poetes\/"},"modified":"2021-07-14T10:21:31","modified_gmt":"2021-07-14T09:21:31","slug":"le-golfe-des-poetes","status":"publish","type":"page","link":"https:\/\/italcaffe.it\/fr\/territoire\/le-golfe-des-poetes\/","title":{"rendered":"LE GOLFE DES PO\u00c8TES"},"content":{"rendered":"<div class=\"wpb-content-wrapper\"><p>[vc_row fullwidth=&#8221;yes&#8221; wrap=&#8221;yes&#8221; content_placement=&#8221;middle&#8221; css=&#8221;.vc_custom_1558709024464{margin-top: 0px !important;margin-bottom: 0px !important;padding-top: 0px !important;padding-bottom: 0px !important;background-color: #f8f8fa !important;}&#8221;][vc_column css=&#8221;.vc_custom_1522771389256{margin-top: 0px !important;margin-bottom: 0px !important;padding-top: 0px !important;padding-bottom: 0px !important;}&#8221;]<div id=\"metaslider-id-6234\" style=\"width: 100%; margin: 0 auto;\" class=\"ml-slider-3-105-0 metaslider metaslider-flex metaslider-6234 ml-slider has-dots-nav ms-theme-default\" role=\"region\" aria-label=\"Golfo dei poeti\" data-height=\"870\" data-width=\"1920\">\n    <div id=\"metaslider_container_6234\">\n        <div id=\"metaslider_6234\">\n            <ul class='slides'>\n                <li style=\"display: block; width: 100%;\" class=\"slide-6235 ms-image \" aria-roledescription=\"slide\" data-date=\"2019-07-05 17:27:49\" data-filename=\"1920x870_GOLFO.jpg\" data-slide-type=\"image\"><img loading=\"lazy\" decoding=\"async\" src=\"https:\/\/italcaffe.it\/wp-content\/uploads\/2019\/09\/1920x870_GOLFO.jpg\" height=\"870\" width=\"1920\" alt=\"\" class=\"slider-6234 slide-6235 msDefaultImage\" title=\"1920x870_GOLFO\" \/><\/li>\n            <\/ul>\n        <\/div>\n        \n    <\/div>\n<\/div>[\/vc_column][\/vc_row][vc_section css=&#8221;.vc_custom_1562601346064{background-image: url(http:\/\/www.italcaffe.it\/wp-content\/uploads\/2019\/07\/bg-golfodeipoeti-wide.jpg?id=6257) !important;}&#8221;][vc_row fullwidth=&#8221;yes&#8221; wrap=&#8221;yes&#8221; content_placement=&#8221;middle&#8221; css=&#8221;.vc_custom_1562254883897{padding-top: 5px !important;padding-right: 50px !important;padding-bottom: 30px !important;padding-left: 50px !important;}&#8221; el_class=&#8221;wrap-content-limit&#8221;][vc_column][vc_custom_heading text=&#8221;L\u2019ar\u00f4me de Italcaff\u00e9 parvient jusqu&#8217;au Golfe des Po\u00e8tes.&#8221; font_container=&#8221;tag:h1|font_size:24|text_align:center|color:%23ffffff|line_height:24px&#8221; use_theme_fonts=&#8221;yes&#8221; css_animation=&#8221;none&#8221; separator=&#8221;yes&#8221; el_class=&#8221;text-uppercase&#8221;][vc_column_text css=&#8221;.vc_custom_1626254300119{padding-top: 30px !important;}&#8221;]<\/p>\n<p style=\"text-align: center;\">Depuis toujours port s\u00fbr et terre de passage pour voyageurs et artistes que dans ses bourgs color\u00e9s ont trouv\u00e9 inspiration et refuge. Ici parvient l\u2019ar\u00f4me de Italcaff\u00e8.<\/p>\n<p>[\/vc_column_text][\/vc_column][\/vc_row][\/vc_section][vc_section][vc_row css=&#8221;.vc_custom_1561455897932{margin-top: 0px !important;margin-bottom: 20px !important;padding-top: 5px !important;padding-right: 50px !important;padding-bottom: 30px !important;padding-left: 50px !important;}&#8221; el_class=&#8221;wrap-content-limit&#8221;][vc_column][vc_custom_heading divider=&#8221;yes&#8221; text=&#8221;Golfo dei Poeti&#8221; font_container=&#8221;tag:h2|font_size:24|text_align:center|line_height:24px&#8221; use_theme_fonts=&#8221;yes&#8221; css_animation=&#8221;none&#8221; separator=&#8221;yes&#8221; el_class=&#8221;text-uppercase&#8221;][vc_column_text css=&#8221;.vc_custom_1626254095270{padding-top: 30px !important;}&#8221;]Le Golfe des Po\u00e8tes est une courbure de la c\u00f4te orientale de la Ligurie, expos\u00e9 au soleil et aux vents du M\u00e9diterran\u00e9e.<\/p>\n<p>A son extr\u00e9mit\u00e9s le Ch\u00e2teau de Lerici donnant sur la c\u00f4te de plage et l\u2019\u00e9glise de Porto Venere perch\u00e9e sur la falaise du mer bleu et profond, tous deux symboles de l\u2019appartenance \u00e0 la R\u00e9publique de G\u00eanes.[\/vc_column_text][\/vc_column][\/vc_row][\/vc_section][vc_section content_placement=&#8221;middle&#8221;][vc_row equal_height=&#8221;yes&#8221; content_placement=&#8221;middle&#8221; el_class=&#8221;box-point-wrap&#8221; css=&#8221;.vc_custom_1569247599035{background-color: #e40520 !important;}&#8221;][vc_column width=&#8221;1\/2&#8243; el_class=&#8221;box-point-inner box-terr-img-new box-terr-img-golfopoeti&#8221;][vc_single_image image=&#8221;7987&#8243; img_size=&#8221;full&#8221; alignment=&#8221;center&#8221;][\/vc_column][vc_column width=&#8221;1\/2&#8243; background_position=&#8221;left center&#8221; el_class=&#8221;box-terr-text&#8221;][vc_column_text]Un v\u00e9ritable \u00abamphith\u00e9\u00e2tre sur l\u2019eau\u00bb qui a inspir\u00e9 les po\u00e8tes de toutes les \u00e9poques comme Dante, Lord Byron et Marinetti mais aussi artistes de tous genres.<\/p>\n<p>Une l\u00e9gende raconte qui directement de cette mer est n\u00e9e la Venere de Botticelli\u00a0: entre le Golfe des Po\u00e8tes et le promontoire de Fezzano, avec l\u2019\u00eele Palmaria \u00e0 l\u2019arri\u00e8re.<\/p>\n<p>L\u2019ar\u00f4me de notre caf\u00e9 parvient aussi au Golfe des Po\u00e8tes. \u00a0Trouvez votre bar Italcaff\u00e8 et photographiez ce cadre magnifique![\/vc_column_text][\/vc_column][\/vc_row][\/vc_section][vc_section css=&#8221;.vc_custom_1562340000186{padding-top: 35px !important;padding-bottom: 35px !important;}&#8221;][vc_row css=&#8221;.vc_custom_1562340417257{padding-bottom: 10px !important;}&#8221;][vc_column css=&#8221;.vc_custom_1563271591251{padding-top: 20px !important;}&#8221;][vc_custom_heading divider=&#8221;yes&#8221; text=&#8221;EN VOYAGE AVEC LE CAF\u00c9&#8221; font_container=&#8221;tag:h2|font_size:24|text_align:center|line_height:24px&#8221; use_theme_fonts=&#8221;yes&#8221; css_animation=&#8221;none&#8221; separator=&#8221;yes&#8221; el_class=&#8221;text-uppercase&#8221;][\/vc_column][\/vc_row][vc_row css=&#8221;.vc_custom_1563271603510{margin-top: 20px !important;padding-top: 25px !important;}&#8221;][vc_column width=&#8221;1\/3&#8243; el_class=&#8221;box-point-inner box-travel-inner&#8221;][vc_single_image image=&#8221;7209&#8243; img_size=&#8221;full&#8221; alignment=&#8221;center&#8221;][\/vc_column][vc_column width=&#8221;1\/3&#8243; el_class=&#8221;box-point-inner box-travel-inner&#8221;][vc_single_image image=&#8221;7213&#8243; img_size=&#8221;full&#8221; alignment=&#8221;center&#8221;][\/vc_column][vc_column width=&#8221;1\/3&#8243; el_class=&#8221;box-point-inner box-travel-inner&#8221;][vc_single_image image=&#8221;7204&#8243; img_size=&#8221;full&#8221; alignment=&#8221;center&#8221;][\/vc_column][\/vc_row][\/vc_section][vc_section css=&#8221;.vc_custom_1562323900949{margin-top: 0px !important;background-color: #f9f9f9 !important;}&#8221;][vc_row css=&#8221;.vc_custom_1559664737076{margin-top: 0px !important;margin-bottom: 10px !important;padding-top: 5px !important;padding-right: 50px !important;padding-bottom: 30px !important;padding-left: 50px !important;}&#8221; el_class=&#8221;wrap-content-limit&#8221;][vc_column][vc_custom_heading divider=&#8221;yes&#8221; text=&#8221;Shop Italcaff\u00e8&#8221; font_container=&#8221;tag:h2|font_size:24|text_align:center|line_height:24px&#8221; use_theme_fonts=&#8221;yes&#8221; css_animation=&#8221;none&#8221; separator=&#8221;yes&#8221; el_class=&#8221;text-uppercase&#8221;][vc_column_text css=&#8221;.vc_custom_1563805187039{padding-top: 30px !important;}&#8221;]<\/p>\n<p class=\"cardo-r text-center\" style=\"text-align: left;\">L\u2019ar\u00f4me des meilleurs caf\u00e9s du monde arrive directement \u00e0 votre domicile ou \u00e0 votre bar\/restaurant d\u2019un simple click! Acc\u00e9dez au site et achetez nos fins m\u00e9langes en divers formats: caf\u00e9 en grains, moulu, capsules et dosettes. Sans oublier nos accessoires inspir\u00e9s de nos terres.<\/p>\n<p>[\/vc_column_text][vc_column_text css=&#8221;.vc_custom_1626254488309{padding-top: 30px !important;}&#8221;]<\/p>\n<h3 class=\"vc_custom_heading text-uppercase divider pr text-red\" style=\"font-size: 24px; line-height: 24px; text-align: center;\">Allez \u00e0 notre nouvelle boutique<\/h3>\n<p>[\/vc_column_text][vc_btn title=&#8221;Allez a la Boutique&#8221; style=&#8221;flat&#8221; shape=&#8221;square&#8221; color=&#8221;danger&#8221; align=&#8221;center&#8221; el_class=&#8221;mybutton text-white text-uppercase&#8221; link=&#8221;url:https%3A%2F%2Fwww.italcaffe.it%2Fshop%2F|&#8221;][\/vc_column][\/vc_row][\/vc_section][vc_section css=&#8221;.vc_custom_1562339723199{margin-top: 0px !important;padding-top: 0px !important;}&#8221;][vc_row][vc_column][vc_raw_html]PGRpdiBjbGFzcz0ibGluZSI+PC9kaXY+[\/vc_raw_html][\/vc_column][\/vc_row][\/vc_section]<\/p>\n<\/div>","protected":false},"excerpt":{"rendered":"<p>[vc_row fullwidth=&#8221;yes&#8221; wrap=&#8221;yes&#8221; content_placement=&#8221;middle&#8221; css=&#8221;.vc_custom_1558709024464{margin-top: 0px !important;margin-bottom: 0px !important;padding-top: 0px !important;padding-bottom: 0px !important;background-color: #f8f8fa !important;}&#8221;][vc_column css=&#8221;.vc_custom_1522771389256{margin-top: 0px !important;margin-bottom: 0px !important;padding-top: 0px !important;padding-bottom: 0px !important;}&#8221;][\/vc_column][\/vc_row][vc_section css=&#8221;.vc_custom_1562601346064{background-image: url(http:\/\/www.italcaffe.it\/wp-content\/uploads\/2019\/07\/bg-golfodeipoeti-wide.jpg?id=6257) !important;}&#8221;][vc_row fullwidth=&#8221;yes&#8221; wrap=&#8221;yes&#8221; content_placement=&#8221;middle&#8221; css=&#8221;.vc_custom_1562254883897{padding-top: 5px !important;padding-right: 50px !important;padding-bottom: 30px !important;padding-left: 50px !important;}&#8221; el_class=&#8221;wrap-content-limit&#8221;][vc_column][vc_custom_heading text=&#8221;L\u2019ar\u00f4me de Italcaff\u00e9 parvient jusqu&#8217;au Golfe des Po\u00e8tes.&#8221; font_container=&#8221;tag:h1|font_size:24|text_align:center|color:%23ffffff|line_height:24px&#8221; use_theme_fonts=&#8221;yes&#8221; css_animation=&#8221;none&#8221; separator=&#8221;yes&#8221; el_class=&#8221;text-uppercase&#8221;][vc_column_text css=&#8221;.vc_custom_1626254300119{padding-top: 30px [&hellip;]<\/p>\n","protected":false},"author":1,"featured_media":0,"parent":7676,"menu_order":0,"comment_status":"closed","ping_status":"closed","template":"","meta":{"_acf_changed":false,"footnotes":""},"class_list":["post-7862","page","type-page","status-publish","hentry"],"acf":[],"yoast_head":"<!-- This site is optimized with the Yoast SEO plugin v27.0 - https:\/\/yoast.com\/product\/yoast-seo-wordpress\/ -->\n<title>L&#039;essence de notre caf\u00e9 cach\u00e9e dans les terres des voyageurs et artistes<\/title>\n<meta name=\"description\" content=\"L&#039;ar\u00f4me de notre caf\u00e9 parvient aussi jusqu&#039;au Golfe des Po\u00e8tes.Cherchez votre bar Italcaff\u00e8 et faites une photo de cette splendide corniche!\" \/>\n<meta name=\"robots\" content=\"index, follow, max-snippet:-1, max-image-preview:large, max-video-preview:-1\" \/>\n<link rel=\"canonical\" href=\"https:\/\/italcaffe.it\/fr\/territoire\/le-golfe-des-poetes\/\" \/>\n<meta property=\"og:locale\" content=\"fr_FR\" \/>\n<meta property=\"og:type\" content=\"article\" \/>\n<meta property=\"og:title\" content=\"L&#039;essence de notre caf\u00e9 cach\u00e9e dans les terres des voyageurs et artistes\" \/>\n<meta property=\"og:description\" content=\"L&#039;ar\u00f4me de notre caf\u00e9 parvient aussi jusqu&#039;au Golfe des Po\u00e8tes.Cherchez votre bar Italcaff\u00e8 et faites une photo de cette splendide corniche!\" \/>\n<meta property=\"og:url\" content=\"https:\/\/italcaffe.it\/fr\/territoire\/le-golfe-des-poetes\/\" \/>\n<meta property=\"og:site_name\" content=\"Italcaff\u00e8\" \/>\n<meta property=\"article:modified_time\" content=\"2021-07-14T09:21:31+00:00\" \/>\n<meta name=\"twitter:card\" content=\"summary_large_image\" \/>\n<meta name=\"twitter:label1\" content=\"Dur\u00e9e de lecture estim\u00e9e\" \/>\n\t<meta name=\"twitter:data1\" content=\"4 minutes\" \/>\n<script type=\"application\/ld+json\" class=\"yoast-schema-graph\">{\"@context\":\"https:\/\/schema.org\",\"@graph\":[{\"@type\":\"WebPage\",\"@id\":\"https:\/\/italcaffe.it\/fr\/territoire\/le-golfe-des-poetes\/\",\"url\":\"https:\/\/italcaffe.it\/fr\/territoire\/le-golfe-des-poetes\/\",\"name\":\"L'essence de notre caf\u00e9 cach\u00e9e dans les terres des voyageurs et artistes\",\"isPartOf\":{\"@id\":\"https:\/\/italcaffe.it\/fr\/#website\"},\"datePublished\":\"2019-09-25T17:30:11+00:00\",\"dateModified\":\"2021-07-14T09:21:31+00:00\",\"description\":\"L'ar\u00f4me de notre caf\u00e9 parvient aussi jusqu'au Golfe des Po\u00e8tes.Cherchez votre bar Italcaff\u00e8 et faites une photo de cette splendide corniche!\",\"breadcrumb\":{\"@id\":\"https:\/\/italcaffe.it\/fr\/territoire\/le-golfe-des-poetes\/#breadcrumb\"},\"inLanguage\":\"fr-FR\",\"potentialAction\":[{\"@type\":\"ReadAction\",\"target\":[\"https:\/\/italcaffe.it\/fr\/territoire\/le-golfe-des-poetes\/\"]}]},{\"@type\":\"BreadcrumbList\",\"@id\":\"https:\/\/italcaffe.it\/fr\/territoire\/le-golfe-des-poetes\/#breadcrumb\",\"itemListElement\":[{\"@type\":\"ListItem\",\"position\":1,\"name\":\"Home\",\"item\":\"https:\/\/italcaffe.it\/fr\/\"},{\"@type\":\"ListItem\",\"position\":2,\"name\":\"Territoire\",\"item\":\"https:\/\/italcaffe.it\/fr\/territoire\/\"},{\"@type\":\"ListItem\",\"position\":3,\"name\":\"LE GOLFE DES PO\u00c8TES\"}]},{\"@type\":\"WebSite\",\"@id\":\"https:\/\/italcaffe.it\/fr\/#website\",\"url\":\"https:\/\/italcaffe.it\/fr\/\",\"name\":\"Italcaff\u00e8\",\"description\":\"50 Anni insieme\",\"potentialAction\":[{\"@type\":\"SearchAction\",\"target\":{\"@type\":\"EntryPoint\",\"urlTemplate\":\"https:\/\/italcaffe.it\/fr\/?s={search_term_string}\"},\"query-input\":{\"@type\":\"PropertyValueSpecification\",\"valueRequired\":true,\"valueName\":\"search_term_string\"}}],\"inLanguage\":\"fr-FR\"}]}<\/script>\n<!-- \/ Yoast SEO plugin. -->","yoast_head_json":{"title":"L'essence de notre caf\u00e9 cach\u00e9e dans les terres des voyageurs et artistes","description":"L'ar\u00f4me de notre caf\u00e9 parvient aussi jusqu'au Golfe des Po\u00e8tes.Cherchez votre bar Italcaff\u00e8 et faites une photo de cette splendide corniche!","robots":{"index":"index","follow":"follow","max-snippet":"max-snippet:-1","max-image-preview":"max-image-preview:large","max-video-preview":"max-video-preview:-1"},"canonical":"https:\/\/italcaffe.it\/fr\/territoire\/le-golfe-des-poetes\/","og_locale":"fr_FR","og_type":"article","og_title":"L'essence de notre caf\u00e9 cach\u00e9e dans les terres des voyageurs et artistes","og_description":"L'ar\u00f4me de notre caf\u00e9 parvient aussi jusqu'au Golfe des Po\u00e8tes.Cherchez votre bar Italcaff\u00e8 et faites une photo de cette splendide corniche!","og_url":"https:\/\/italcaffe.it\/fr\/territoire\/le-golfe-des-poetes\/","og_site_name":"Italcaff\u00e8","article_modified_time":"2021-07-14T09:21:31+00:00","twitter_card":"summary_large_image","twitter_misc":{"Dur\u00e9e de lecture estim\u00e9e":"4 minutes"},"schema":{"@context":"https:\/\/schema.org","@graph":[{"@type":"WebPage","@id":"https:\/\/italcaffe.it\/fr\/territoire\/le-golfe-des-poetes\/","url":"https:\/\/italcaffe.it\/fr\/territoire\/le-golfe-des-poetes\/","name":"L'essence de notre caf\u00e9 cach\u00e9e dans les terres des voyageurs et artistes","isPartOf":{"@id":"https:\/\/italcaffe.it\/fr\/#website"},"datePublished":"2019-09-25T17:30:11+00:00","dateModified":"2021-07-14T09:21:31+00:00","description":"L'ar\u00f4me de notre caf\u00e9 parvient aussi jusqu'au Golfe des Po\u00e8tes.Cherchez votre bar Italcaff\u00e8 et faites une photo de cette splendide corniche!","breadcrumb":{"@id":"https:\/\/italcaffe.it\/fr\/territoire\/le-golfe-des-poetes\/#breadcrumb"},"inLanguage":"fr-FR","potentialAction":[{"@type":"ReadAction","target":["https:\/\/italcaffe.it\/fr\/territoire\/le-golfe-des-poetes\/"]}]},{"@type":"BreadcrumbList","@id":"https:\/\/italcaffe.it\/fr\/territoire\/le-golfe-des-poetes\/#breadcrumb","itemListElement":[{"@type":"ListItem","position":1,"name":"Home","item":"https:\/\/italcaffe.it\/fr\/"},{"@type":"ListItem","position":2,"name":"Territoire","item":"https:\/\/italcaffe.it\/fr\/territoire\/"},{"@type":"ListItem","position":3,"name":"LE GOLFE DES PO\u00c8TES"}]},{"@type":"WebSite","@id":"https:\/\/italcaffe.it\/fr\/#website","url":"https:\/\/italcaffe.it\/fr\/","name":"Italcaff\u00e8","description":"50 Anni insieme","potentialAction":[{"@type":"SearchAction","target":{"@type":"EntryPoint","urlTemplate":"https:\/\/italcaffe.it\/fr\/?s={search_term_string}"},"query-input":{"@type":"PropertyValueSpecification","valueRequired":true,"valueName":"search_term_string"}}],"inLanguage":"fr-FR"}]}},"_links":{"self":[{"href":"https:\/\/italcaffe.it\/fr\/wp-json\/wp\/v2\/pages\/7862","targetHints":{"allow":["GET"]}}],"collection":[{"href":"https:\/\/italcaffe.it\/fr\/wp-json\/wp\/v2\/pages"}],"about":[{"href":"https:\/\/italcaffe.it\/fr\/wp-json\/wp\/v2\/types\/page"}],"author":[{"embeddable":true,"href":"https:\/\/italcaffe.it\/fr\/wp-json\/wp\/v2\/users\/1"}],"replies":[{"embeddable":true,"href":"https:\/\/italcaffe.it\/fr\/wp-json\/wp\/v2\/comments?post=7862"}],"version-history":[{"count":0,"href":"https:\/\/italcaffe.it\/fr\/wp-json\/wp\/v2\/pages\/7862\/revisions"}],"up":[{"embeddable":true,"href":"https:\/\/italcaffe.it\/fr\/wp-json\/wp\/v2\/pages\/7676"}],"wp:attachment":[{"href":"https:\/\/italcaffe.it\/fr\/wp-json\/wp\/v2\/media?parent=7862"}],"curies":[{"name":"wp","href":"https:\/\/api.w.org\/{rel}","templated":true}]}}