{"id":7867,"date":"2019-09-25T18:38:05","date_gmt":"2019-09-25T17:38:05","guid":{"rendered":"https:\/\/www.italcaffe.it\/historie\/"},"modified":"2021-06-16T15:17:58","modified_gmt":"2021-06-16T14:17:58","slug":"histoire","status":"publish","type":"page","link":"https:\/\/italcaffe.it\/fr\/histoire\/","title":{"rendered":"Histoire"},"content":{"rendered":"<div class=\"wpb-content-wrapper\"><p>[vc_row fullwidth=&#8221;yes&#8221; wrap=&#8221;yes&#8221; content_placement=&#8221;middle&#8221; css=&#8221;.vc_custom_1558709024464{margin-top: 0px !important;margin-bottom: 0px !important;padding-top: 0px !important;padding-bottom: 0px !important;background-color: #f8f8fa !important;}&#8221;][vc_column css=&#8221;.vc_custom_1522771389256{margin-top: 0px !important;margin-bottom: 0px !important;padding-top: 0px !important;padding-bottom: 0px !important;}&#8221;]<div id=\"metaslider-id-6359\" style=\"width: 100%; margin: 0 auto;\" class=\"ml-slider-3-105-0 metaslider metaslider-flex metaslider-6359 ml-slider has-dots-nav ms-theme-default\" role=\"region\" aria-label=\"Storia\" data-height=\"763\" data-width=\"1920\">\n    <div id=\"metaslider_container_6359\">\n        <div id=\"metaslider_6359\">\n            <ul class='slides'>\n                <li style=\"display: block; width: 100%;\" class=\"slide-6361 ms-image \" aria-roledescription=\"slide\" data-date=\"2019-07-12 09:37:12\" data-filename=\"italcaffe_storia.jpg\" data-slide-type=\"image\"><img loading=\"lazy\" decoding=\"async\" src=\"https:\/\/italcaffe.it\/wp-content\/uploads\/2019\/07\/italcaffe_storia.jpg\" height=\"763\" width=\"1920\" alt=\"Immagine storica italcaff\u00e8\" class=\"slider-6359 slide-6361 msDefaultImage\" title=\"Immagine storica italcaff\u00e8\" \/><\/li>\n            <\/ul>\n        <\/div>\n        \n    <\/div>\n<\/div>[\/vc_column][\/vc_row][vc_section][vc_row css=&#8221;.vc_custom_1562921539110{margin-top: 20px !important;margin-bottom: 20px !important;padding-top: 5px !important;padding-right: 50px !important;padding-bottom: 30px !important;padding-left: 50px !important;}&#8221; el_class=&#8221;wrap-content-limit&#8221;][vc_column css=&#8221;.vc_custom_1563272491602{padding-top: 20px !important;}&#8221;][vc_custom_heading divider=&#8221;yes&#8221; text=&#8221;La torr\u00e9faction du n\u00f4tre caf\u00e9 en plus de 50 ans d&#8217;histoire&#8221; font_container=&#8221;tag:h1|font_size:24|text_align:center|line_height:24px&#8221; use_theme_fonts=&#8221;yes&#8221; css_animation=&#8221;none&#8221; separator=&#8221;yes&#8221; el_class=&#8221;text-uppercase&#8221;][vc_column_text css=&#8221;.vc_custom_1568975572381{padding-top: 30px !important;}&#8221;]<img decoding=\"async\" class=\"img-fr-text\" src=\"\/wp-content\/uploads\/2019\/07\/migliori-caffe-del-mondo.jpg\" \/><\/p>\n<p class=\"text-montserrat text-left\">Depuis 1969 Italcaff\u00e8 est le caf\u00e9 de nos terres.<\/p>\n<p class=\"text-montserrat text-left\">Son histoire a commenc\u00e9 \u00e0 <span class=\"text-red\">La Spezia<\/span> il y a plus de 50 ans quand <span class=\"text-red\">Ennio Poli<\/span> d\u00e9cida de transformer son \u00e9picerie en torr\u00e9faction.<\/p>\n<p class=\"text-montserrat text-left\">Il avait pour objectif de s<span class=\"text-red\">\u00e9lectionner les meilleurs caf\u00e9s du monde<\/span>, de les introduire sur ses terres et de les travailler avec passion afin d\u2019offrir \u00e0 ses clients l\u2019ar\u00f4me du vrai expresso italien.<\/p>\n<p class=\"text-montserrat text-left\">Cette passion anime d\u00e9sormais ses enfants qui ont d\u00e9cid\u00e9 de donner un coup de jeune \u00e0 l\u2019image de la marque avec pour source d\u2019inspiration la beaut\u00e9 du territoire environnant. L\u2019anniversaire des <span class=\"text-red\">cinquante ans d\u2019Italcaff\u00e8<\/span> \u00e9tait une occasion \u00e0 ne pas manquer.<\/p>\n<p class=\"text-montserrat text-left\">Le golfe du Tigullio, les cinq terres, le golfe des po\u00e8tes, la Lunigiana, les Alpes Apuane et la Versilia. Depuis plus de 50 ans nous diffusons l\u2019<span class=\"text-red\">ar\u00f4me<\/span> des meilleurs caf\u00e9s du monde sur nos splendides terres.<\/p>\n<p>[\/vc_column_text][\/vc_column][\/vc_row][\/vc_section][vc_section][vc_row css=&#8221;.vc_custom_1562921539110{margin-top: 20px !important;margin-bottom: 20px !important;padding-top: 5px !important;padding-right: 50px !important;padding-bottom: 30px !important;padding-left: 50px !important;}&#8221; el_class=&#8221;wrap-content-limit&#8221;][vc_column][vc_custom_heading divider=&#8221;yes&#8221; text=&#8221;De l&#8217;\u00e9picerie \u00e0 la torr\u00e9faction&#8221; font_container=&#8221;tag:h2|font_size:24|text_align:center|line_height:24px&#8221; use_theme_fonts=&#8221;yes&#8221; css_animation=&#8221;none&#8221; separator=&#8221;yes&#8221; el_class=&#8221;text-uppercase&#8221;][\/vc_column][\/vc_row][vc_row equal_height=&#8221;yes&#8221; content_placement=&#8221;middle&#8221; el_class=&#8221;box-point-wrap&#8221;][vc_column width=&#8221;1\/2&#8243; el_class=&#8221;box-storia-inner&#8221;][vc_single_image image=&#8221;7453&#8243; img_size=&#8221;full&#8221; alignment=&#8221;right&#8221;][\/vc_column][vc_column width=&#8221;1\/2&#8243; el_class=&#8221;storia-box-dx storia-box-1969&#8243;][vc_custom_heading text=&#8221;NAISSANCE D\u2019ITALCAFF\u00c8&#8221; font_container=&#8221;tag:h3|text_align:left&#8221; use_theme_fonts=&#8221;yes&#8221; el_class=&#8221;text-uppercase text-red&#8221;][vc_column_text]<\/p>\n<p class=\"text-montserrat text-left\">Ennio Poli transforme \u00e0 La Spezia son \u00e9picerie en une torr\u00e9faction.<\/p>\n<p>[\/vc_column_text][\/vc_column][\/vc_row][vc_row equal_height=&#8221;yes&#8221; content_placement=&#8221;middle&#8221; el_class=&#8221;box-point-wrap&#8221;][vc_column width=&#8221;1\/2&#8243; el_class=&#8221;storia-box-sx storia-box-1975 text-right&#8221;][vc_custom_heading text=&#8221;PREMIER CHANGEMENT DE L\u2019IMAGE&#8221; font_container=&#8221;tag:h3|text_align:right&#8221; use_theme_fonts=&#8221;yes&#8221; el_class=&#8221;text-uppercase text-red&#8221;][vc_column_text el_class=&#8221;text-right&#8221;]<\/p>\n<p class=\"text-montserrat text-right\">Italcaff\u00e8 continue son expansion et investit dans un premier changement de son image de marque.<\/p>\n<p>[\/vc_column_text][\/vc_column][vc_column width=&#8221;1\/2&#8243; el_class=&#8221;box-storia-inner&#8221;][vc_single_image image=&#8221;7451&#8243; img_size=&#8221;full&#8221;][\/vc_column][\/vc_row][vc_row equal_height=&#8221;yes&#8221; content_placement=&#8221;middle&#8221; el_class=&#8221;box-point-wrap&#8221;][vc_column width=&#8221;1\/2&#8243; el_class=&#8221;box-storia-inner&#8221;][vc_single_image image=&#8221;7457&#8243; img_size=&#8221;full&#8221; alignment=&#8221;right&#8221;][\/vc_column][vc_column width=&#8221;1\/2&#8243; el_class=&#8221;storia-box-dx storia-box-1984&#8243;][vc_custom_heading text=&#8221;ENREGISTREMENT DE L\u2019IMAGE DE MARQUE ACTUELLE&#8221; font_container=&#8221;tag:h3|text_align:left&#8221; use_theme_fonts=&#8221;yes&#8221; el_class=&#8221;text-uppercase text-red&#8221;][vc_column_text]<\/p>\n<p class=\"text-montserrat text-left\">Apr\u00e8s la construction du deuxi\u00e8me entrep\u00f4t, Italcaff\u00e8 enregistre son image de marque et ins\u00e8re l\u2019\u00e9l\u00e9ment graphique de la tasse avec la fum\u00e9e.<\/p>\n<p>[\/vc_column_text][\/vc_column][\/vc_row][vc_row equal_height=&#8221;yes&#8221; content_placement=&#8221;middle&#8221; el_class=&#8221;box-point-wrap&#8221;][vc_column width=&#8221;1\/2&#8243; el_class=&#8221;storia-box-sx storia-box-1991 text-right&#8221;][vc_custom_heading text=&#8221;LE GRAIN&#8221; font_container=&#8221;tag:h3|text_align:right&#8221; use_theme_fonts=&#8221;yes&#8221; el_class=&#8221;text-uppercase text-red&#8221;][vc_column_text el_class=&#8221;text-right&#8221;]<\/p>\n<p class=\"text-montserrat text-right\">Le logo s\u2019enrichit du grain de caf\u00e9, symbole de qualit\u00e9 qui aujourd\u2019hui diff\u00e9rencie Italcaff\u00e8.<\/p>\n<p>[\/vc_column_text][\/vc_column][vc_column width=&#8221;1\/2&#8243; el_class=&#8221;box-storia-inner&#8221;][vc_single_image image=&#8221;7455&#8243; img_size=&#8221;full&#8221;][\/vc_column][\/vc_row][vc_row equal_height=&#8221;yes&#8221; content_placement=&#8221;middle&#8221; el_class=&#8221;box-point-wrap&#8221;][vc_column width=&#8221;1\/2&#8243; el_class=&#8221;box-storia-inner&#8221;][vc_single_image image=&#8221;7449&#8243; img_size=&#8221;full&#8221; alignment=&#8221;right&#8221;][\/vc_column][vc_column width=&#8221;1\/2&#8243; el_class=&#8221;storia-box-dx storia-box-2009&#8243;][vc_custom_heading text=&#8221;LES COULEURS&#8221; font_container=&#8221;tag:h3|text_align:left&#8221; use_theme_fonts=&#8221;yes&#8221; el_class=&#8221;text-uppercase text-red&#8221;][vc_column_text]<\/p>\n<p class=\"text-montserrat text-left\">Italcaff\u00e8 introduit le rouge et le noir comme les couleurs principales de sa communication. Chaque sachet a son code couleur qui caract\u00e9rise la qualit\u00e9 du produit qu\u2019il contient.<\/p>\n<p>[\/vc_column_text][\/vc_column][\/vc_row][\/vc_section][vc_section css=&#8221;.vc_custom_1562339723199{margin-top: 0px !important;padding-top: 0px !important;}&#8221;][vc_row][vc_column][vc_raw_html]PGRpdiBjbGFzcz0ibGluZSI+PC9kaXY+[\/vc_raw_html][\/vc_column][\/vc_row][\/vc_section]<\/p>\n<\/div>","protected":false},"excerpt":{"rendered":"<p>[vc_row fullwidth=&#8221;yes&#8221; wrap=&#8221;yes&#8221; content_placement=&#8221;middle&#8221; css=&#8221;.vc_custom_1558709024464{margin-top: 0px !important;margin-bottom: 0px !important;padding-top: 0px !important;padding-bottom: 0px !important;background-color: #f8f8fa !important;}&#8221;][vc_column css=&#8221;.vc_custom_1522771389256{margin-top: 0px !important;margin-bottom: 0px !important;padding-top: 0px !important;padding-bottom: 0px !important;}&#8221;][\/vc_column][\/vc_row][vc_section][vc_row css=&#8221;.vc_custom_1562921539110{margin-top: 20px !important;margin-bottom: 20px !important;padding-top: 5px !important;padding-right: 50px !important;padding-bottom: 30px !important;padding-left: 50px !important;}&#8221; el_class=&#8221;wrap-content-limit&#8221;][vc_column css=&#8221;.vc_custom_1563272491602{padding-top: 20px !important;}&#8221;][vc_custom_heading divider=&#8221;yes&#8221; text=&#8221;La torr\u00e9faction du n\u00f4tre caf\u00e9 en plus de 50 ans d&#8217;histoire&#8221; font_container=&#8221;tag:h1|font_size:24|text_align:center|line_height:24px&#8221; use_theme_fonts=&#8221;yes&#8221; [&hellip;]<\/p>\n","protected":false},"author":1,"featured_media":0,"parent":0,"menu_order":0,"comment_status":"closed","ping_status":"closed","template":"","meta":{"_acf_changed":false,"footnotes":""},"class_list":["post-7867","page","type-page","status-publish","hentry"],"acf":[],"yoast_head":"<!-- This site is optimized with the Yoast SEO plugin v27.0 - https:\/\/yoast.com\/product\/yoast-seo-wordpress\/ -->\n<title>Une torr\u00e9faction de plus de 50 ans d&#039;exp\u00e9rience I Italcaff\u00e8<\/title>\n<meta name=\"description\" content=\"L&#039;histoire de Italcaff\u00e8 commen\u00e7a \u00e0 La Spezia en 1969 quand Ennio Poli d\u00e9cida de transformer son \u00e9picerie en torr\u00e9faction.\" \/>\n<meta name=\"robots\" content=\"index, follow, max-snippet:-1, max-image-preview:large, max-video-preview:-1\" \/>\n<link rel=\"canonical\" href=\"https:\/\/italcaffe.it\/fr\/histoire\/\" \/>\n<meta property=\"og:locale\" content=\"fr_FR\" \/>\n<meta property=\"og:type\" content=\"article\" \/>\n<meta property=\"og:title\" content=\"Une torr\u00e9faction de plus de 50 ans d&#039;exp\u00e9rience I Italcaff\u00e8\" \/>\n<meta property=\"og:description\" content=\"L&#039;histoire de Italcaff\u00e8 commen\u00e7a \u00e0 La Spezia en 1969 quand Ennio Poli d\u00e9cida de transformer son \u00e9picerie en torr\u00e9faction.\" \/>\n<meta property=\"og:url\" content=\"https:\/\/italcaffe.it\/fr\/histoire\/\" \/>\n<meta property=\"og:site_name\" content=\"Italcaff\u00e8\" \/>\n<meta property=\"article:modified_time\" content=\"2021-06-16T14:17:58+00:00\" \/>\n<meta name=\"twitter:card\" content=\"summary_large_image\" \/>\n<meta name=\"twitter:label1\" content=\"Dur\u00e9e de lecture estim\u00e9e\" \/>\n\t<meta name=\"twitter:data1\" content=\"4 minutes\" \/>\n<script type=\"application\/ld+json\" class=\"yoast-schema-graph\">{\"@context\":\"https:\/\/schema.org\",\"@graph\":[{\"@type\":\"WebPage\",\"@id\":\"https:\/\/italcaffe.it\/fr\/histoire\/\",\"url\":\"https:\/\/italcaffe.it\/fr\/histoire\/\",\"name\":\"Une torr\u00e9faction de plus de 50 ans d'exp\u00e9rience I Italcaff\u00e8\",\"isPartOf\":{\"@id\":\"https:\/\/italcaffe.it\/fr\/#website\"},\"datePublished\":\"2019-09-25T17:38:05+00:00\",\"dateModified\":\"2021-06-16T14:17:58+00:00\",\"description\":\"L'histoire de Italcaff\u00e8 commen\u00e7a \u00e0 La Spezia en 1969 quand Ennio Poli d\u00e9cida de transformer son \u00e9picerie en torr\u00e9faction.\",\"breadcrumb\":{\"@id\":\"https:\/\/italcaffe.it\/fr\/histoire\/#breadcrumb\"},\"inLanguage\":\"fr-FR\",\"potentialAction\":[{\"@type\":\"ReadAction\",\"target\":[\"https:\/\/italcaffe.it\/fr\/histoire\/\"]}]},{\"@type\":\"BreadcrumbList\",\"@id\":\"https:\/\/italcaffe.it\/fr\/histoire\/#breadcrumb\",\"itemListElement\":[{\"@type\":\"ListItem\",\"position\":1,\"name\":\"Home\",\"item\":\"https:\/\/italcaffe.it\/fr\/\"},{\"@type\":\"ListItem\",\"position\":2,\"name\":\"Histoire\"}]},{\"@type\":\"WebSite\",\"@id\":\"https:\/\/italcaffe.it\/fr\/#website\",\"url\":\"https:\/\/italcaffe.it\/fr\/\",\"name\":\"Italcaff\u00e8\",\"description\":\"50 Anni insieme\",\"potentialAction\":[{\"@type\":\"SearchAction\",\"target\":{\"@type\":\"EntryPoint\",\"urlTemplate\":\"https:\/\/italcaffe.it\/fr\/?s={search_term_string}\"},\"query-input\":{\"@type\":\"PropertyValueSpecification\",\"valueRequired\":true,\"valueName\":\"search_term_string\"}}],\"inLanguage\":\"fr-FR\"}]}<\/script>\n<!-- \/ Yoast SEO plugin. -->","yoast_head_json":{"title":"Une torr\u00e9faction de plus de 50 ans d'exp\u00e9rience I Italcaff\u00e8","description":"L'histoire de Italcaff\u00e8 commen\u00e7a \u00e0 La Spezia en 1969 quand Ennio Poli d\u00e9cida de transformer son \u00e9picerie en torr\u00e9faction.","robots":{"index":"index","follow":"follow","max-snippet":"max-snippet:-1","max-image-preview":"max-image-preview:large","max-video-preview":"max-video-preview:-1"},"canonical":"https:\/\/italcaffe.it\/fr\/histoire\/","og_locale":"fr_FR","og_type":"article","og_title":"Une torr\u00e9faction de plus de 50 ans d'exp\u00e9rience I Italcaff\u00e8","og_description":"L'histoire de Italcaff\u00e8 commen\u00e7a \u00e0 La Spezia en 1969 quand Ennio Poli d\u00e9cida de transformer son \u00e9picerie en torr\u00e9faction.","og_url":"https:\/\/italcaffe.it\/fr\/histoire\/","og_site_name":"Italcaff\u00e8","article_modified_time":"2021-06-16T14:17:58+00:00","twitter_card":"summary_large_image","twitter_misc":{"Dur\u00e9e de lecture estim\u00e9e":"4 minutes"},"schema":{"@context":"https:\/\/schema.org","@graph":[{"@type":"WebPage","@id":"https:\/\/italcaffe.it\/fr\/histoire\/","url":"https:\/\/italcaffe.it\/fr\/histoire\/","name":"Une torr\u00e9faction de plus de 50 ans d'exp\u00e9rience I Italcaff\u00e8","isPartOf":{"@id":"https:\/\/italcaffe.it\/fr\/#website"},"datePublished":"2019-09-25T17:38:05+00:00","dateModified":"2021-06-16T14:17:58+00:00","description":"L'histoire de Italcaff\u00e8 commen\u00e7a \u00e0 La Spezia en 1969 quand Ennio Poli d\u00e9cida de transformer son \u00e9picerie en torr\u00e9faction.","breadcrumb":{"@id":"https:\/\/italcaffe.it\/fr\/histoire\/#breadcrumb"},"inLanguage":"fr-FR","potentialAction":[{"@type":"ReadAction","target":["https:\/\/italcaffe.it\/fr\/histoire\/"]}]},{"@type":"BreadcrumbList","@id":"https:\/\/italcaffe.it\/fr\/histoire\/#breadcrumb","itemListElement":[{"@type":"ListItem","position":1,"name":"Home","item":"https:\/\/italcaffe.it\/fr\/"},{"@type":"ListItem","position":2,"name":"Histoire"}]},{"@type":"WebSite","@id":"https:\/\/italcaffe.it\/fr\/#website","url":"https:\/\/italcaffe.it\/fr\/","name":"Italcaff\u00e8","description":"50 Anni insieme","potentialAction":[{"@type":"SearchAction","target":{"@type":"EntryPoint","urlTemplate":"https:\/\/italcaffe.it\/fr\/?s={search_term_string}"},"query-input":{"@type":"PropertyValueSpecification","valueRequired":true,"valueName":"search_term_string"}}],"inLanguage":"fr-FR"}]}},"_links":{"self":[{"href":"https:\/\/italcaffe.it\/fr\/wp-json\/wp\/v2\/pages\/7867","targetHints":{"allow":["GET"]}}],"collection":[{"href":"https:\/\/italcaffe.it\/fr\/wp-json\/wp\/v2\/pages"}],"about":[{"href":"https:\/\/italcaffe.it\/fr\/wp-json\/wp\/v2\/types\/page"}],"author":[{"embeddable":true,"href":"https:\/\/italcaffe.it\/fr\/wp-json\/wp\/v2\/users\/1"}],"replies":[{"embeddable":true,"href":"https:\/\/italcaffe.it\/fr\/wp-json\/wp\/v2\/comments?post=7867"}],"version-history":[{"count":0,"href":"https:\/\/italcaffe.it\/fr\/wp-json\/wp\/v2\/pages\/7867\/revisions"}],"wp:attachment":[{"href":"https:\/\/italcaffe.it\/fr\/wp-json\/wp\/v2\/media?parent=7867"}],"curies":[{"name":"wp","href":"https:\/\/api.w.org\/{rel}","templated":true}]}}