{"id":8121,"date":"2019-09-27T14:25:28","date_gmt":"2019-09-27T13:25:28","guid":{"rendered":"https:\/\/www.italcaffe.it\/termini-e-condizioni\/"},"modified":"2021-07-13T14:32:19","modified_gmt":"2021-07-13T13:32:19","slug":"conditions-de-vente","status":"publish","type":"page","link":"https:\/\/italcaffe.it\/fr\/conditions-de-vente\/","title":{"rendered":"Conditions de vente"},"content":{"rendered":"<div class=\"wpb-content-wrapper\"><p>[vc_section][vc_row css=&#8221;.vc_custom_1562921539110{margin-top: 20px !important;margin-bottom: 20px !important;padding-top: 5px !important;padding-right: 50px !important;padding-bottom: 30px !important;padding-left: 50px !important;}&#8221; el_class=&#8221;wrap-content-limit&#8221;][vc_column css=&#8221;.vc_custom_1563272491602{padding-top: 20px !important;}&#8221;][vc_custom_heading divider=&#8221;yes&#8221; text=&#8221;Conditions de vente&#8221; font_container=&#8221;tag:h3|font_size:24|text_align:center|line_height:24px&#8221; use_theme_fonts=&#8221;yes&#8221; css_animation=&#8221;none&#8221; separator=&#8221;yes&#8221; el_class=&#8221;text-uppercase&#8221;][vc_column_text css=&#8221;.vc_custom_1569924305819{padding-top: 30px !important;}&#8221;]<em>Informations sur le paiement<\/em><br \/>\nNous acceptons les modes de paiement suivants:<\/p>\n<p><em>Carte Bleue:<\/em><br \/>\nPour des montants d&#8217;un montant inf\u00e9rieur \u00e0 2.000 \u20ac, nous acceptons les cartes Visa, Master Card, American Express, Diners et PayPal.<br \/>\nRemplir le bon de commande en ligne. Votre Carte Bleue sera d\u00e9bit\u00e9e lorsque votre commande sera exp\u00e9di\u00e9e. Aucune information sur votre carte bleue ne sera divulgu\u00e9e \u00e0 des organisations ext\u00e9rieures. Notre serveur de s\u00e9curit\u00e9 assurera le transfert des donn\u00e9es de votre Carte Bleue. Le paiement sera effectu\u00e9 en Euros. Votre banque calculera directement l\u2019\u00e9quivalent dans votre devise locale.<\/p>\n<p><em>Virement de compte \u00e0 compte:<\/em><br \/>\nPour des commandes sup\u00e9rieures \u00e0 2.000,00 \u20ac, nous acceptons uniquement des paiements d&#8217;avance par virement de compte \u00e0 compte \u00e0 l\u2019ordre de:<\/p>\n<p>Soci\u00e9t\u00e9: ITALCAFFE&#8217; S.P.A.<br \/>\nNom de la Banque: Cr\u00e9dit Agricole Italia S.p.A.<br \/>\nAdresse de la Banque: Via Manzoni 1, 19020 Ceparana (Sp), Italia<br \/>\nSWITF\/BIC : CRPPIT2P248<br \/>\nIBAN: IT39R0623049701000043461053<\/p>\n<p>D\u00e8s r\u00e9ception de votre paiement, nous vous enverrons un mail d\u2019accus\u00e9 de r\u00e9ception et vous communiquerons la date de l\u2019exp\u00e9dition.<\/p>\n<p>Pour des commandes d\u2019une certaine importance, veuillez nous contacter directement.<\/p>\n<p><em>Drop Ship disponible pour tous les revendeurs<\/em><br \/>\nLe Drop Shipping est un service de livraison directe \u00e0 votre client final.<br \/>\nAvec ce syst\u00e8me vous pourrez commercialiser l&#8217;ensemble des produits d&#8217;un fournisseur et il se chargera de livrer directement votre client final.<br \/>\nAvec le Drop Shipping, vous pouvez ainsi d\u00e9velopper une activit\u00e9 \u00e0 forte valeur ajout\u00e9e, sans vous pr\u00e9occuper de l&#8217;achat des produits, des stocks ou encore de la gestion co\u00fbteuse de la logistique.<br \/>\nLe client final recevra avec sa commande uniquement le bon de livraison, tandis que notre facture avec les prix que nous vous appliquons sera envoy\u00e9e \u00e0 votre adresse.<\/p>\n<p><em>Taxes et charges douani\u00e8res<\/em><br \/>\nLivraisons au sein de l\u2019Union Europ\u00e9enne \u00e0 des clients particuliers:<br \/>\nConform\u00e9ment \u00e0 la l\u00e9gislation en vigueur sur le commerce \u00e9lectronique, les prix pratiqu\u00e9s aux clients particuliers incluent la TVA italienne.<\/p>\n<p>Livraisons au sein de l\u2019Union Europ\u00e9enne mais hors Italie \u00e0 des clients professionnels (B2B)<\/p>\n<p>Si vous \u00eates un client professionnel ou une entreprise et que vous avez un num\u00e9ro de TVA valide, nous vous invitons \u00e0 vous enregistrer pour b\u00e9n\u00e9ficier d\u2019une offre personnalis\u00e9e.<br \/>\nVous \u00e9conomiserez 20% de la TVA italienne (imp\u00f4t italien)<\/p>\n<p><em>Livraisons \u00e0 l\u2019ext\u00e9rieur de l\u2019Union Europ\u00e9enne:<\/em><br \/>\nItalcaffe.it n\u2019est pas responsable des charges douani\u00e8res ou taxes impos\u00e9es en dehors de l\u2019Italie. Nous vous invitons \u00e0 contacter les bureaux de douane locaux afin de vous enqu\u00e9rir des charges relatives \u00e0 l\u2019importation sur le caf\u00e9 dans votre pays.<br \/>\nLes clients hors de l\u2019Union Europ\u00e9enne ne paient pas la TVA italienne (Imp\u00f4t sur la valeur ajout\u00e9e : 20% de la valeur totale de la commande).<\/p>\n<p><em>Exp\u00e9dition de la marchandise<\/em><br \/>\nToute exp\u00e9dition sera assur\u00e9e par un transporteur express dans un d\u00e9lai de 3-5 jours ouvrables dans la plupart des pays du monde entier.<\/p>\n<p><em>Paiement s\u00e9curis\u00e9<\/em><br \/>\nLe Secure Socket Layer (ou SSL) s\u00e9curise notre site web Italcaffeshop.com. Si votre logiciel de navigation supporte SSL, toutes vos donn\u00e9es confidentielles (coordonn\u00e9es personnelles, d\u00e9tails carte bleue, etc.) seront d\u00e9crypt\u00e9es au cours des transmissions.<\/p>\n<p><em>Droit de r\u00e9cession<\/em><br \/>\nEn vertu du Decret L\u00e9gislatif n. 21 du 21\/02\/2014, Italcaff\u00e8 S.p.A. reconnait \u00e0 l\u2019acqu\u00e9reur de la marchandise le DROIT DE RECESSION. Ce droit , selon les termes de la loi, pourra etre exerc\u00e9 par l\u2019acqu\u00e9reur dans les 14 (quatorze) jours ouvr\u00e9s \u00e0 compter de la r\u00e9ception de la marchandise et non au del\u00e0, sous peine de d\u00e9ch\u00e9ance.<\/p>\n<p><em>Proc\u00e9dure pour l\u2019exercice du droit de r\u00e9cession<\/em><br \/>\nL\u2019avis de r\u00e9cession devra etre envoy\u00e9,dans les d\u00e9lais ci-dessus mentionn\u00e9s, par lettre recommand\u00e9e avec avis de r\u00e9ception ou bien, toujours dans les memes d\u00e9lais, par t\u00e9l\u00e9gramme, fax ou courriel \u00e0 l\u2019adresse suivante:<br \/>\nItalcaff\u00e8 S.p.A.<br \/>\nVia Galileo Galilei, 18<br \/>\n19020 Ceparana (La Spezia)<br \/>\nTelefax + 0187 933740<br \/>\nE-mail info@italcaffe.it<\/p>\n<p>La marchandise devra etre restitu\u00e9e int\u00e9gralement, dans un d\u00e9lai de 14 ( quatorze) jours ouvr\u00e9s \u00e0 compter de sa date de r\u00e9ception (la date indiqu\u00e9e sur le document de transport transmis \u00e0 l\u2019acqu\u00e9reur en meme temps que la marchandise fera foi) \u00e0 l\u2019adresse suivante:<br \/>\nItalcaff\u00e8 S.p.A.<br \/>\nVia Galileo Galilei, 18<br \/>\n19020 Ceparana (La Spezia)<\/p>\n<p>L\u2019acqu\u00e9reur est tenu de renvoyer la marchandise selon les modalit\u00e9s ci-dessus DANS UN COLIS ASSURE EN FRANCO DE PORT. Les colis r\u00e9exp\u00e9di\u00e9s contre remboursement ou en port du ne seront en aucun cas accept\u00e9s.<br \/>\nComme pr\u00e9vu dans le d\u00e9cret,d\u00e8s que le controle sur l\u2019application correcte du droit de r\u00e9cession aura \u00e9t\u00e9 pratiqu\u00e9, Italcaff\u00e8 S.p.A proc\u00e8dera au remboursement de l\u2019acqu\u00e9reur dans les d\u00e9lais pr\u00e9vus par la loi, de la somme pay\u00e9e lors de l\u2019achat de la marchandise diminu\u00e9e des frais de port et des \u00e9ventuels droits pay\u00e9s.<\/p>\n<p><em>Confidentialit\u00e9<\/em><br \/>\nToute donn\u00e9e personnelle est consid\u00e9r\u00e9e comme \u00e9tant confidentielle. Vos donn\u00e9es ne seront jamais fournies \u00e0 des tiers[\/vc_column_text][\/vc_column][\/vc_row][\/vc_section][vc_section css=&#8221;.vc_custom_1562339723199{margin-top: 0px !important;padding-top: 0px !important;}&#8221;][vc_row][vc_column][vc_raw_html]JTNDZGl2JTIwY2xhc3MlM0QlMjJsaW5lJTIyJTNFJTNDJTJGZGl2JTNF[\/vc_raw_html][\/vc_column][\/vc_row][\/vc_section]<\/p>\n<\/div>","protected":false},"excerpt":{"rendered":"<p>[vc_section][vc_row css=&#8221;.vc_custom_1562921539110{margin-top: 20px !important;margin-bottom: 20px !important;padding-top: 5px !important;padding-right: 50px !important;padding-bottom: 30px !important;padding-left: 50px !important;}&#8221; el_class=&#8221;wrap-content-limit&#8221;][vc_column css=&#8221;.vc_custom_1563272491602{padding-top: 20px !important;}&#8221;][vc_custom_heading divider=&#8221;yes&#8221; text=&#8221;Conditions de vente&#8221; font_container=&#8221;tag:h3|font_size:24|text_align:center|line_height:24px&#8221; use_theme_fonts=&#8221;yes&#8221; css_animation=&#8221;none&#8221; separator=&#8221;yes&#8221; el_class=&#8221;text-uppercase&#8221;][vc_column_text css=&#8221;.vc_custom_1569924305819{padding-top: 30px !important;}&#8221;]Informations sur le paiement Nous acceptons les modes de paiement suivants: Carte Bleue: Pour des montants d&#8217;un montant inf\u00e9rieur \u00e0 2.000 \u20ac, nous acceptons les cartes [&hellip;]<\/p>\n","protected":false},"author":1,"featured_media":0,"parent":0,"menu_order":0,"comment_status":"closed","ping_status":"closed","template":"","meta":{"_acf_changed":false,"footnotes":""},"class_list":["post-8121","page","type-page","status-publish","hentry"],"acf":[],"yoast_head":"<!-- This site is optimized with the Yoast SEO plugin v27.0 - https:\/\/yoast.com\/product\/yoast-seo-wordpress\/ -->\n<title>Conditions de vente - Italcaff\u00e8<\/title>\n<meta name=\"robots\" content=\"index, follow, max-snippet:-1, max-image-preview:large, max-video-preview:-1\" \/>\n<link rel=\"canonical\" href=\"https:\/\/italcaffe.it\/fr\/conditions-de-vente\/\" \/>\n<meta property=\"og:locale\" content=\"fr_FR\" \/>\n<meta property=\"og:type\" content=\"article\" \/>\n<meta property=\"og:title\" content=\"Conditions de vente - Italcaff\u00e8\" \/>\n<meta property=\"og:description\" content=\"[vc_section][vc_row css=&#8221;.vc_custom_1562921539110{margin-top: 20px !important;margin-bottom: 20px !important;padding-top: 5px !important;padding-right: 50px !important;padding-bottom: 30px !important;padding-left: 50px !important;}&#8221; el_class=&#8221;wrap-content-limit&#8221;][vc_column css=&#8221;.vc_custom_1563272491602{padding-top: 20px !important;}&#8221;][vc_custom_heading divider=&#8221;yes&#8221; text=&#8221;Conditions de vente&#8221; font_container=&#8221;tag:h3|font_size:24|text_align:center|line_height:24px&#8221; use_theme_fonts=&#8221;yes&#8221; css_animation=&#8221;none&#8221; separator=&#8221;yes&#8221; el_class=&#8221;text-uppercase&#8221;][vc_column_text css=&#8221;.vc_custom_1569924305819{padding-top: 30px !important;}&#8221;]Informations sur le paiement Nous acceptons les modes de paiement suivants: Carte Bleue: Pour des montants d&#8217;un montant inf\u00e9rieur \u00e0 2.000 \u20ac, nous acceptons les cartes [&hellip;]\" \/>\n<meta property=\"og:url\" content=\"https:\/\/italcaffe.it\/fr\/conditions-de-vente\/\" \/>\n<meta property=\"og:site_name\" content=\"Italcaff\u00e8\" \/>\n<meta property=\"article:modified_time\" content=\"2021-07-13T13:32:19+00:00\" \/>\n<meta name=\"twitter:card\" content=\"summary_large_image\" \/>\n<meta name=\"twitter:label1\" content=\"Dur\u00e9e de lecture estim\u00e9e\" \/>\n\t<meta name=\"twitter:data1\" content=\"5 minutes\" \/>\n<script type=\"application\/ld+json\" class=\"yoast-schema-graph\">{\"@context\":\"https:\/\/schema.org\",\"@graph\":[{\"@type\":\"WebPage\",\"@id\":\"https:\/\/italcaffe.it\/fr\/conditions-de-vente\/\",\"url\":\"https:\/\/italcaffe.it\/fr\/conditions-de-vente\/\",\"name\":\"Conditions de vente - Italcaff\u00e8\",\"isPartOf\":{\"@id\":\"https:\/\/italcaffe.it\/fr\/#website\"},\"datePublished\":\"2019-09-27T13:25:28+00:00\",\"dateModified\":\"2021-07-13T13:32:19+00:00\",\"breadcrumb\":{\"@id\":\"https:\/\/italcaffe.it\/fr\/conditions-de-vente\/#breadcrumb\"},\"inLanguage\":\"fr-FR\",\"potentialAction\":[{\"@type\":\"ReadAction\",\"target\":[\"https:\/\/italcaffe.it\/fr\/conditions-de-vente\/\"]}]},{\"@type\":\"BreadcrumbList\",\"@id\":\"https:\/\/italcaffe.it\/fr\/conditions-de-vente\/#breadcrumb\",\"itemListElement\":[{\"@type\":\"ListItem\",\"position\":1,\"name\":\"Home\",\"item\":\"https:\/\/italcaffe.it\/fr\/\"},{\"@type\":\"ListItem\",\"position\":2,\"name\":\"Conditions de vente\"}]},{\"@type\":\"WebSite\",\"@id\":\"https:\/\/italcaffe.it\/fr\/#website\",\"url\":\"https:\/\/italcaffe.it\/fr\/\",\"name\":\"Italcaff\u00e8\",\"description\":\"50 Anni insieme\",\"potentialAction\":[{\"@type\":\"SearchAction\",\"target\":{\"@type\":\"EntryPoint\",\"urlTemplate\":\"https:\/\/italcaffe.it\/fr\/?s={search_term_string}\"},\"query-input\":{\"@type\":\"PropertyValueSpecification\",\"valueRequired\":true,\"valueName\":\"search_term_string\"}}],\"inLanguage\":\"fr-FR\"}]}<\/script>\n<!-- \/ Yoast SEO plugin. -->","yoast_head_json":{"title":"Conditions de vente - Italcaff\u00e8","robots":{"index":"index","follow":"follow","max-snippet":"max-snippet:-1","max-image-preview":"max-image-preview:large","max-video-preview":"max-video-preview:-1"},"canonical":"https:\/\/italcaffe.it\/fr\/conditions-de-vente\/","og_locale":"fr_FR","og_type":"article","og_title":"Conditions de vente - Italcaff\u00e8","og_description":"[vc_section][vc_row css=&#8221;.vc_custom_1562921539110{margin-top: 20px !important;margin-bottom: 20px !important;padding-top: 5px !important;padding-right: 50px !important;padding-bottom: 30px !important;padding-left: 50px !important;}&#8221; el_class=&#8221;wrap-content-limit&#8221;][vc_column css=&#8221;.vc_custom_1563272491602{padding-top: 20px !important;}&#8221;][vc_custom_heading divider=&#8221;yes&#8221; text=&#8221;Conditions de vente&#8221; font_container=&#8221;tag:h3|font_size:24|text_align:center|line_height:24px&#8221; use_theme_fonts=&#8221;yes&#8221; css_animation=&#8221;none&#8221; separator=&#8221;yes&#8221; el_class=&#8221;text-uppercase&#8221;][vc_column_text css=&#8221;.vc_custom_1569924305819{padding-top: 30px !important;}&#8221;]Informations sur le paiement Nous acceptons les modes de paiement suivants: Carte Bleue: Pour des montants d&#8217;un montant inf\u00e9rieur \u00e0 2.000 \u20ac, nous acceptons les cartes [&hellip;]","og_url":"https:\/\/italcaffe.it\/fr\/conditions-de-vente\/","og_site_name":"Italcaff\u00e8","article_modified_time":"2021-07-13T13:32:19+00:00","twitter_card":"summary_large_image","twitter_misc":{"Dur\u00e9e de lecture estim\u00e9e":"5 minutes"},"schema":{"@context":"https:\/\/schema.org","@graph":[{"@type":"WebPage","@id":"https:\/\/italcaffe.it\/fr\/conditions-de-vente\/","url":"https:\/\/italcaffe.it\/fr\/conditions-de-vente\/","name":"Conditions de vente - Italcaff\u00e8","isPartOf":{"@id":"https:\/\/italcaffe.it\/fr\/#website"},"datePublished":"2019-09-27T13:25:28+00:00","dateModified":"2021-07-13T13:32:19+00:00","breadcrumb":{"@id":"https:\/\/italcaffe.it\/fr\/conditions-de-vente\/#breadcrumb"},"inLanguage":"fr-FR","potentialAction":[{"@type":"ReadAction","target":["https:\/\/italcaffe.it\/fr\/conditions-de-vente\/"]}]},{"@type":"BreadcrumbList","@id":"https:\/\/italcaffe.it\/fr\/conditions-de-vente\/#breadcrumb","itemListElement":[{"@type":"ListItem","position":1,"name":"Home","item":"https:\/\/italcaffe.it\/fr\/"},{"@type":"ListItem","position":2,"name":"Conditions de vente"}]},{"@type":"WebSite","@id":"https:\/\/italcaffe.it\/fr\/#website","url":"https:\/\/italcaffe.it\/fr\/","name":"Italcaff\u00e8","description":"50 Anni insieme","potentialAction":[{"@type":"SearchAction","target":{"@type":"EntryPoint","urlTemplate":"https:\/\/italcaffe.it\/fr\/?s={search_term_string}"},"query-input":{"@type":"PropertyValueSpecification","valueRequired":true,"valueName":"search_term_string"}}],"inLanguage":"fr-FR"}]}},"_links":{"self":[{"href":"https:\/\/italcaffe.it\/fr\/wp-json\/wp\/v2\/pages\/8121","targetHints":{"allow":["GET"]}}],"collection":[{"href":"https:\/\/italcaffe.it\/fr\/wp-json\/wp\/v2\/pages"}],"about":[{"href":"https:\/\/italcaffe.it\/fr\/wp-json\/wp\/v2\/types\/page"}],"author":[{"embeddable":true,"href":"https:\/\/italcaffe.it\/fr\/wp-json\/wp\/v2\/users\/1"}],"replies":[{"embeddable":true,"href":"https:\/\/italcaffe.it\/fr\/wp-json\/wp\/v2\/comments?post=8121"}],"version-history":[{"count":0,"href":"https:\/\/italcaffe.it\/fr\/wp-json\/wp\/v2\/pages\/8121\/revisions"}],"wp:attachment":[{"href":"https:\/\/italcaffe.it\/fr\/wp-json\/wp\/v2\/media?parent=8121"}],"curies":[{"name":"wp","href":"https:\/\/api.w.org\/{rel}","templated":true}]}}