{"id":23177,"date":"2020-02-26T15:59:19","date_gmt":"2020-02-26T14:49:29","guid":{"rendered":"https:\/\/www.italcaffe.it\/product\/espresso-casa-12-x-500-gr-cafe-en-grains\/"},"modified":"2024-05-01T16:07:58","modified_gmt":"2024-05-01T15:07:58","slug":"12-x-500-gr-cafe-en-grains-espresso-casa","status":"publish","type":"product","link":"https:\/\/italcaffe.it\/fr\/shop\/cafe-grain\/espresso\/12-x-500-gr-cafe-en-grains-espresso-casa\/","title":{"rendered":"ESPRESSO CASA 12 x 500 gr. Caf\u00e9 en grains"},"content":{"rendered":"<p>Il s\u2019agit d\u2019un m\u00e9lange pr\u00e9cieux des caf\u00e9s &#8216;Arabica et Robusta soigneusement s\u00e9lectionn\u00e9s et torr\u00e9fi\u00e9s pour vous offrir un caf\u00e9 cr\u00e9meux avec un ar\u00f4me doux et riche.<\/p>\n<p>En grains il est indiqu\u00e9 pour la machine \u00e0 caf\u00e9 espresso bar. <\/p>\n<p>Il est disponible en grains en sachets par 500 gr.<\/p>\n","protected":false},"excerpt":{"rendered":"<p>Il s\u2019agit d\u2019un m\u00e9lange pr\u00e9cieux des caf\u00e9s &#8216;Arabica et Robusta soigneusement s\u00e9lectionn\u00e9s et torr\u00e9fi\u00e9s pour vous offrir un caf\u00e9 cr\u00e9meux avec un ar\u00f4me doux et riche.<\/p>\n<p>En grains il est indiqu\u00e9 pour la machine \u00e0 caf\u00e9 espresso bar. <\/p>\n<p>Il est disponible en grains en sachets par 500 gr.<\/p>\n","protected":false},"featured_media":28282,"template":"","meta":{"_acf_changed":false},"product_brand":[],"product_cat":[299,300],"product_tag":[],"class_list":{"0":"post-23177","1":"product","2":"type-product","3":"status-publish","4":"has-post-thumbnail","6":"product_cat-cafe-grain","7":"product_cat-espresso","9":"first","10":"instock","11":"taxable","12":"shipping-taxable","13":"purchasable","14":"product-type-simple"},"acf":[],"yoast_head":"<!-- This site is optimized with the Yoast SEO plugin v27.0 - https:\/\/yoast.com\/product\/yoast-seo-wordpress\/ -->\n<title>ESPRESSO CASA 12 x 500 gr. Caf\u00e9 en grains - Italcaff\u00e8<\/title>\n<meta name=\"robots\" content=\"index, follow, max-snippet:-1, max-image-preview:large, max-video-preview:-1\" \/>\n<link rel=\"canonical\" href=\"https:\/\/italcaffe.it\/fr\/shop\/cafe-grain\/espresso\/12-x-500-gr-cafe-en-grains-espresso-casa\/\" \/>\n<meta property=\"og:locale\" content=\"fr_FR\" \/>\n<meta property=\"og:type\" content=\"article\" \/>\n<meta property=\"og:title\" content=\"ESPRESSO CASA 12 x 500 gr. Caf\u00e9 en grains - Italcaff\u00e8\" \/>\n<meta property=\"og:description\" content=\"Il s\u2019agit d\u2019un m\u00e9lange pr\u00e9cieux des caf\u00e9s &#039;Arabica et Robusta soigneusement s\u00e9lectionn\u00e9s et torr\u00e9fi\u00e9s pour vous offrir un caf\u00e9 cr\u00e9meux avec un ar\u00f4me doux et riche. En grains il est indiqu\u00e9 pour la machine \u00e0 caf\u00e9 espresso bar.  Il est disponible en grains en sachets par 500 gr.\" \/>\n<meta property=\"og:url\" content=\"https:\/\/italcaffe.it\/fr\/shop\/cafe-grain\/espresso\/12-x-500-gr-cafe-en-grains-espresso-casa\/\" \/>\n<meta property=\"og:site_name\" content=\"Italcaff\u00e8\" \/>\n<meta property=\"article:modified_time\" content=\"2024-05-01T15:07:58+00:00\" \/>\n<meta property=\"og:image\" content=\"https:\/\/italcaffe.it\/wp-content\/uploads\/2021\/09\/EspCasa500g2021-Ruotato.jpg\" \/>\n\t<meta property=\"og:image:width\" content=\"825\" \/>\n\t<meta property=\"og:image:height\" content=\"1100\" \/>\n\t<meta property=\"og:image:type\" content=\"image\/jpeg\" \/>\n<meta name=\"twitter:card\" content=\"summary_large_image\" \/>\n<script type=\"application\/ld+json\" class=\"yoast-schema-graph\">{\"@context\":\"https:\/\/schema.org\",\"@graph\":[{\"@type\":\"WebPage\",\"@id\":\"https:\/\/italcaffe.it\/fr\/shop\/cafe-grain\/espresso\/12-x-500-gr-cafe-en-grains-espresso-casa\/\",\"url\":\"https:\/\/italcaffe.it\/fr\/shop\/cafe-grain\/espresso\/12-x-500-gr-cafe-en-grains-espresso-casa\/\",\"name\":\"ESPRESSO CASA 12 x 500 gr. Caf\u00e9 en grains - Italcaff\u00e8\",\"isPartOf\":{\"@id\":\"https:\/\/italcaffe.it\/fr\/#website\"},\"primaryImageOfPage\":{\"@id\":\"https:\/\/italcaffe.it\/fr\/shop\/cafe-grain\/espresso\/12-x-500-gr-cafe-en-grains-espresso-casa\/#primaryimage\"},\"image\":{\"@id\":\"https:\/\/italcaffe.it\/fr\/shop\/cafe-grain\/espresso\/12-x-500-gr-cafe-en-grains-espresso-casa\/#primaryimage\"},\"thumbnailUrl\":\"https:\/\/italcaffe.it\/wp-content\/uploads\/2021\/09\/EspCasa500g2021-Ruotato.jpg\",\"datePublished\":\"2020-02-26T14:49:29+00:00\",\"dateModified\":\"2024-05-01T15:07:58+00:00\",\"breadcrumb\":{\"@id\":\"https:\/\/italcaffe.it\/fr\/shop\/cafe-grain\/espresso\/12-x-500-gr-cafe-en-grains-espresso-casa\/#breadcrumb\"},\"inLanguage\":\"fr-FR\",\"potentialAction\":[{\"@type\":\"ReadAction\",\"target\":[\"https:\/\/italcaffe.it\/fr\/shop\/cafe-grain\/espresso\/12-x-500-gr-cafe-en-grains-espresso-casa\/\"]}]},{\"@type\":\"ImageObject\",\"inLanguage\":\"fr-FR\",\"@id\":\"https:\/\/italcaffe.it\/fr\/shop\/cafe-grain\/espresso\/12-x-500-gr-cafe-en-grains-espresso-casa\/#primaryimage\",\"url\":\"https:\/\/italcaffe.it\/wp-content\/uploads\/2021\/09\/EspCasa500g2021-Ruotato.jpg\",\"contentUrl\":\"https:\/\/italcaffe.it\/wp-content\/uploads\/2021\/09\/EspCasa500g2021-Ruotato.jpg\",\"width\":825,\"height\":1100,\"caption\":\"Caf\u00e9 en grain Expresso Italcaff\u00e8 Espresso Casa 500g | Caf\u00e9 Expresso Italien Grains\"},{\"@type\":\"BreadcrumbList\",\"@id\":\"https:\/\/italcaffe.it\/fr\/shop\/cafe-grain\/espresso\/12-x-500-gr-cafe-en-grains-espresso-casa\/#breadcrumb\",\"itemListElement\":[{\"@type\":\"ListItem\",\"position\":1,\"name\":\"Home\",\"item\":\"https:\/\/italcaffe.it\/fr\/\"},{\"@type\":\"ListItem\",\"position\":2,\"name\":\"Shop\",\"item\":\"https:\/\/italcaffe.it\/fr\/shop\/\"},{\"@type\":\"ListItem\",\"position\":3,\"name\":\"ESPRESSO CASA 12 x 500 gr. Caf\u00e9 en grains\"}]},{\"@type\":\"WebSite\",\"@id\":\"https:\/\/italcaffe.it\/fr\/#website\",\"url\":\"https:\/\/italcaffe.it\/fr\/\",\"name\":\"Italcaff\u00e8\",\"description\":\"50 Anni insieme\",\"potentialAction\":[{\"@type\":\"SearchAction\",\"target\":{\"@type\":\"EntryPoint\",\"urlTemplate\":\"https:\/\/italcaffe.it\/fr\/?s={search_term_string}\"},\"query-input\":{\"@type\":\"PropertyValueSpecification\",\"valueRequired\":true,\"valueName\":\"search_term_string\"}}],\"inLanguage\":\"fr-FR\"}]}<\/script>\n<!-- \/ Yoast SEO plugin. -->","yoast_head_json":{"title":"ESPRESSO CASA 12 x 500 gr. Caf\u00e9 en grains - Italcaff\u00e8","robots":{"index":"index","follow":"follow","max-snippet":"max-snippet:-1","max-image-preview":"max-image-preview:large","max-video-preview":"max-video-preview:-1"},"canonical":"https:\/\/italcaffe.it\/fr\/shop\/cafe-grain\/espresso\/12-x-500-gr-cafe-en-grains-espresso-casa\/","og_locale":"fr_FR","og_type":"article","og_title":"ESPRESSO CASA 12 x 500 gr. Caf\u00e9 en grains - Italcaff\u00e8","og_description":"Il s\u2019agit d\u2019un m\u00e9lange pr\u00e9cieux des caf\u00e9s 'Arabica et Robusta soigneusement s\u00e9lectionn\u00e9s et torr\u00e9fi\u00e9s pour vous offrir un caf\u00e9 cr\u00e9meux avec un ar\u00f4me doux et riche. En grains il est indiqu\u00e9 pour la machine \u00e0 caf\u00e9 espresso bar.  Il est disponible en grains en sachets par 500 gr.","og_url":"https:\/\/italcaffe.it\/fr\/shop\/cafe-grain\/espresso\/12-x-500-gr-cafe-en-grains-espresso-casa\/","og_site_name":"Italcaff\u00e8","article_modified_time":"2024-05-01T15:07:58+00:00","og_image":[{"width":825,"height":1100,"url":"https:\/\/italcaffe.it\/wp-content\/uploads\/2021\/09\/EspCasa500g2021-Ruotato.jpg","type":"image\/jpeg"}],"twitter_card":"summary_large_image","schema":{"@context":"https:\/\/schema.org","@graph":[{"@type":"WebPage","@id":"https:\/\/italcaffe.it\/fr\/shop\/cafe-grain\/espresso\/12-x-500-gr-cafe-en-grains-espresso-casa\/","url":"https:\/\/italcaffe.it\/fr\/shop\/cafe-grain\/espresso\/12-x-500-gr-cafe-en-grains-espresso-casa\/","name":"ESPRESSO CASA 12 x 500 gr. Caf\u00e9 en grains - Italcaff\u00e8","isPartOf":{"@id":"https:\/\/italcaffe.it\/fr\/#website"},"primaryImageOfPage":{"@id":"https:\/\/italcaffe.it\/fr\/shop\/cafe-grain\/espresso\/12-x-500-gr-cafe-en-grains-espresso-casa\/#primaryimage"},"image":{"@id":"https:\/\/italcaffe.it\/fr\/shop\/cafe-grain\/espresso\/12-x-500-gr-cafe-en-grains-espresso-casa\/#primaryimage"},"thumbnailUrl":"https:\/\/italcaffe.it\/wp-content\/uploads\/2021\/09\/EspCasa500g2021-Ruotato.jpg","datePublished":"2020-02-26T14:49:29+00:00","dateModified":"2024-05-01T15:07:58+00:00","breadcrumb":{"@id":"https:\/\/italcaffe.it\/fr\/shop\/cafe-grain\/espresso\/12-x-500-gr-cafe-en-grains-espresso-casa\/#breadcrumb"},"inLanguage":"fr-FR","potentialAction":[{"@type":"ReadAction","target":["https:\/\/italcaffe.it\/fr\/shop\/cafe-grain\/espresso\/12-x-500-gr-cafe-en-grains-espresso-casa\/"]}]},{"@type":"ImageObject","inLanguage":"fr-FR","@id":"https:\/\/italcaffe.it\/fr\/shop\/cafe-grain\/espresso\/12-x-500-gr-cafe-en-grains-espresso-casa\/#primaryimage","url":"https:\/\/italcaffe.it\/wp-content\/uploads\/2021\/09\/EspCasa500g2021-Ruotato.jpg","contentUrl":"https:\/\/italcaffe.it\/wp-content\/uploads\/2021\/09\/EspCasa500g2021-Ruotato.jpg","width":825,"height":1100,"caption":"Caf\u00e9 en grain Expresso Italcaff\u00e8 Espresso Casa 500g | Caf\u00e9 Expresso Italien Grains"},{"@type":"BreadcrumbList","@id":"https:\/\/italcaffe.it\/fr\/shop\/cafe-grain\/espresso\/12-x-500-gr-cafe-en-grains-espresso-casa\/#breadcrumb","itemListElement":[{"@type":"ListItem","position":1,"name":"Home","item":"https:\/\/italcaffe.it\/fr\/"},{"@type":"ListItem","position":2,"name":"Shop","item":"https:\/\/italcaffe.it\/fr\/shop\/"},{"@type":"ListItem","position":3,"name":"ESPRESSO CASA 12 x 500 gr. Caf\u00e9 en grains"}]},{"@type":"WebSite","@id":"https:\/\/italcaffe.it\/fr\/#website","url":"https:\/\/italcaffe.it\/fr\/","name":"Italcaff\u00e8","description":"50 Anni insieme","potentialAction":[{"@type":"SearchAction","target":{"@type":"EntryPoint","urlTemplate":"https:\/\/italcaffe.it\/fr\/?s={search_term_string}"},"query-input":{"@type":"PropertyValueSpecification","valueRequired":true,"valueName":"search_term_string"}}],"inLanguage":"fr-FR"}]}},"_links":{"self":[{"href":"https:\/\/italcaffe.it\/fr\/wp-json\/wp\/v2\/product\/23177","targetHints":{"allow":["GET"]}}],"collection":[{"href":"https:\/\/italcaffe.it\/fr\/wp-json\/wp\/v2\/product"}],"about":[{"href":"https:\/\/italcaffe.it\/fr\/wp-json\/wp\/v2\/types\/product"}],"wp:featuredmedia":[{"embeddable":true,"href":"https:\/\/italcaffe.it\/fr\/wp-json\/wp\/v2\/media\/28282"}],"wp:attachment":[{"href":"https:\/\/italcaffe.it\/fr\/wp-json\/wp\/v2\/media?parent=23177"}],"wp:term":[{"taxonomy":"product_brand","embeddable":true,"href":"https:\/\/italcaffe.it\/fr\/wp-json\/wp\/v2\/product_brand?post=23177"},{"taxonomy":"product_cat","embeddable":true,"href":"https:\/\/italcaffe.it\/fr\/wp-json\/wp\/v2\/product_cat?post=23177"},{"taxonomy":"product_tag","embeddable":true,"href":"https:\/\/italcaffe.it\/fr\/wp-json\/wp\/v2\/product_tag?post=23177"}],"curies":[{"name":"wp","href":"https:\/\/api.w.org\/{rel}","templated":true}]}}