{"id":23181,"date":"2020-02-26T15:59:19","date_gmt":"2020-02-26T14:49:29","guid":{"rendered":"https:\/\/www.italcaffe.it\/product\/cafe-en-grain-italcaffe-espresso-gran-gusto-6-x-1kg\/"},"modified":"2023-02-02T09:15:41","modified_gmt":"2023-02-02T08:15:41","slug":"6-x-1-kg-cafe-en-grains-gran-gusto","status":"publish","type":"product","link":"https:\/\/italcaffe.it\/fr\/shop\/cafe-grain\/espresso\/6-x-1-kg-cafe-en-grains-gran-gusto\/","title":{"rendered":"Caf\u00e9 en grain Italcaff\u00e8 Espresso Gran Gusto 6 x 1kg"},"content":{"rendered":"","protected":false},"excerpt":{"rendered":"<p>Caf\u00e9 en grains Italcaff\u00e8 Gran Gusto 1Kg Espresso.  Caf\u00e9 en grains pour Expresso de haute qualit\u00e9, fra\u00eechement torr\u00e9fi\u00e9. C&#8217;est un m\u00e9lange du caf\u00e9s Espresso en grains au go\u00fbt plein et qui a du corps. Une combinaison parfaite des caf\u00e9s valables de l&#8217;esp\u00e8ce Arabica et Robusta, exactement il dose pour l&#8217;offrirVi un caf\u00e9 exprim\u00e9 vrai l&#8217;Italien \u00e0 vous.<\/p>\n","protected":false},"featured_media":20735,"template":"","meta":{"_acf_changed":false},"product_brand":[],"product_cat":[299,300],"product_tag":[],"class_list":{"0":"post-23181","1":"product","2":"type-product","3":"status-publish","4":"has-post-thumbnail","6":"product_cat-cafe-grain","7":"product_cat-espresso","9":"first","10":"instock","11":"taxable","12":"shipping-taxable","13":"purchasable","14":"product-type-simple"},"acf":[],"yoast_head":"<!-- This site is optimized with the Yoast SEO plugin v27.0 - https:\/\/yoast.com\/product\/yoast-seo-wordpress\/ -->\n<title>Caf\u00e9 en grain Italcaff\u00e8 Espresso Gran Gusto 6 x 1kg - Italcaff\u00e8<\/title>\n<meta name=\"robots\" content=\"index, follow, max-snippet:-1, max-image-preview:large, max-video-preview:-1\" \/>\n<link rel=\"canonical\" href=\"https:\/\/italcaffe.it\/fr\/shop\/cafe-grain\/espresso\/6-x-1-kg-cafe-en-grains-gran-gusto\/\" \/>\n<meta property=\"og:locale\" content=\"fr_FR\" \/>\n<meta property=\"og:type\" content=\"article\" \/>\n<meta property=\"og:title\" content=\"Caf\u00e9 en grain Italcaff\u00e8 Espresso Gran Gusto 6 x 1kg - Italcaff\u00e8\" \/>\n<meta property=\"og:description\" content=\"Caf\u00e9 en grains Italcaff\u00e8 Gran Gusto 1Kg Espresso. Caf\u00e9 en grains pour Expresso de haute qualit\u00e9, fra\u00eechement torr\u00e9fi\u00e9. C&#039;est un m\u00e9lange du caf\u00e9s Espresso en grains au go\u00fbt plein et qui a du corps. Une combinaison parfaite des caf\u00e9s valables de l&#039;esp\u00e8ce Arabica et Robusta, exactement il dose pour l&#039;offrirVi un caf\u00e9 exprim\u00e9 vrai l&#039;Italien \u00e0 vous.\" \/>\n<meta property=\"og:url\" content=\"https:\/\/italcaffe.it\/fr\/shop\/cafe-grain\/espresso\/6-x-1-kg-cafe-en-grains-gran-gusto\/\" \/>\n<meta property=\"og:site_name\" content=\"Italcaff\u00e8\" \/>\n<meta property=\"article:modified_time\" content=\"2023-02-02T08:15:41+00:00\" \/>\n<meta property=\"og:image\" content=\"https:\/\/italcaffe.it\/wp-content\/uploads\/2020\/02\/11-grangusto.jpg\" \/>\n\t<meta property=\"og:image:width\" content=\"825\" \/>\n\t<meta property=\"og:image:height\" content=\"1100\" \/>\n\t<meta property=\"og:image:type\" content=\"image\/jpeg\" \/>\n<meta name=\"twitter:card\" content=\"summary_large_image\" \/>\n<script type=\"application\/ld+json\" class=\"yoast-schema-graph\">{\"@context\":\"https:\/\/schema.org\",\"@graph\":[{\"@type\":\"WebPage\",\"@id\":\"https:\/\/italcaffe.it\/fr\/shop\/cafe-grain\/espresso\/6-x-1-kg-cafe-en-grains-gran-gusto\/\",\"url\":\"https:\/\/italcaffe.it\/fr\/shop\/cafe-grain\/espresso\/6-x-1-kg-cafe-en-grains-gran-gusto\/\",\"name\":\"Caf\u00e9 en grain Italcaff\u00e8 Espresso Gran Gusto 6 x 1kg - Italcaff\u00e8\",\"isPartOf\":{\"@id\":\"https:\/\/italcaffe.it\/fr\/#website\"},\"primaryImageOfPage\":{\"@id\":\"https:\/\/italcaffe.it\/fr\/shop\/cafe-grain\/espresso\/6-x-1-kg-cafe-en-grains-gran-gusto\/#primaryimage\"},\"image\":{\"@id\":\"https:\/\/italcaffe.it\/fr\/shop\/cafe-grain\/espresso\/6-x-1-kg-cafe-en-grains-gran-gusto\/#primaryimage\"},\"thumbnailUrl\":\"https:\/\/italcaffe.it\/wp-content\/uploads\/2020\/02\/11-grangusto.jpg\",\"datePublished\":\"2020-02-26T14:49:29+00:00\",\"dateModified\":\"2023-02-02T08:15:41+00:00\",\"breadcrumb\":{\"@id\":\"https:\/\/italcaffe.it\/fr\/shop\/cafe-grain\/espresso\/6-x-1-kg-cafe-en-grains-gran-gusto\/#breadcrumb\"},\"inLanguage\":\"fr-FR\",\"potentialAction\":[{\"@type\":\"ReadAction\",\"target\":[\"https:\/\/italcaffe.it\/fr\/shop\/cafe-grain\/espresso\/6-x-1-kg-cafe-en-grains-gran-gusto\/\"]}]},{\"@type\":\"ImageObject\",\"inLanguage\":\"fr-FR\",\"@id\":\"https:\/\/italcaffe.it\/fr\/shop\/cafe-grain\/espresso\/6-x-1-kg-cafe-en-grains-gran-gusto\/#primaryimage\",\"url\":\"https:\/\/italcaffe.it\/wp-content\/uploads\/2020\/02\/11-grangusto.jpg\",\"contentUrl\":\"https:\/\/italcaffe.it\/wp-content\/uploads\/2020\/02\/11-grangusto.jpg\",\"width\":825,\"height\":1100,\"caption\":\"Gran Gusto Expresso Caf\u00e9 en grain 1kg Italcaff\u00e8 Espresso Bar\"},{\"@type\":\"BreadcrumbList\",\"@id\":\"https:\/\/italcaffe.it\/fr\/shop\/cafe-grain\/espresso\/6-x-1-kg-cafe-en-grains-gran-gusto\/#breadcrumb\",\"itemListElement\":[{\"@type\":\"ListItem\",\"position\":1,\"name\":\"Home\",\"item\":\"https:\/\/italcaffe.it\/fr\/\"},{\"@type\":\"ListItem\",\"position\":2,\"name\":\"Shop\",\"item\":\"https:\/\/italcaffe.it\/fr\/shop\/\"},{\"@type\":\"ListItem\",\"position\":3,\"name\":\"Caf\u00e9 en grain Italcaff\u00e8 Espresso Gran Gusto 6 x 1kg\"}]},{\"@type\":\"WebSite\",\"@id\":\"https:\/\/italcaffe.it\/fr\/#website\",\"url\":\"https:\/\/italcaffe.it\/fr\/\",\"name\":\"Italcaff\u00e8\",\"description\":\"50 Anni insieme\",\"potentialAction\":[{\"@type\":\"SearchAction\",\"target\":{\"@type\":\"EntryPoint\",\"urlTemplate\":\"https:\/\/italcaffe.it\/fr\/?s={search_term_string}\"},\"query-input\":{\"@type\":\"PropertyValueSpecification\",\"valueRequired\":true,\"valueName\":\"search_term_string\"}}],\"inLanguage\":\"fr-FR\"}]}<\/script>\n<!-- \/ Yoast SEO plugin. -->","yoast_head_json":{"title":"Caf\u00e9 en grain Italcaff\u00e8 Espresso Gran Gusto 6 x 1kg - Italcaff\u00e8","robots":{"index":"index","follow":"follow","max-snippet":"max-snippet:-1","max-image-preview":"max-image-preview:large","max-video-preview":"max-video-preview:-1"},"canonical":"https:\/\/italcaffe.it\/fr\/shop\/cafe-grain\/espresso\/6-x-1-kg-cafe-en-grains-gran-gusto\/","og_locale":"fr_FR","og_type":"article","og_title":"Caf\u00e9 en grain Italcaff\u00e8 Espresso Gran Gusto 6 x 1kg - Italcaff\u00e8","og_description":"Caf\u00e9 en grains Italcaff\u00e8 Gran Gusto 1Kg Espresso. Caf\u00e9 en grains pour Expresso de haute qualit\u00e9, fra\u00eechement torr\u00e9fi\u00e9. C'est un m\u00e9lange du caf\u00e9s Espresso en grains au go\u00fbt plein et qui a du corps. Une combinaison parfaite des caf\u00e9s valables de l'esp\u00e8ce Arabica et Robusta, exactement il dose pour l'offrirVi un caf\u00e9 exprim\u00e9 vrai l'Italien \u00e0 vous.","og_url":"https:\/\/italcaffe.it\/fr\/shop\/cafe-grain\/espresso\/6-x-1-kg-cafe-en-grains-gran-gusto\/","og_site_name":"Italcaff\u00e8","article_modified_time":"2023-02-02T08:15:41+00:00","og_image":[{"width":825,"height":1100,"url":"https:\/\/italcaffe.it\/wp-content\/uploads\/2020\/02\/11-grangusto.jpg","type":"image\/jpeg"}],"twitter_card":"summary_large_image","schema":{"@context":"https:\/\/schema.org","@graph":[{"@type":"WebPage","@id":"https:\/\/italcaffe.it\/fr\/shop\/cafe-grain\/espresso\/6-x-1-kg-cafe-en-grains-gran-gusto\/","url":"https:\/\/italcaffe.it\/fr\/shop\/cafe-grain\/espresso\/6-x-1-kg-cafe-en-grains-gran-gusto\/","name":"Caf\u00e9 en grain Italcaff\u00e8 Espresso Gran Gusto 6 x 1kg - Italcaff\u00e8","isPartOf":{"@id":"https:\/\/italcaffe.it\/fr\/#website"},"primaryImageOfPage":{"@id":"https:\/\/italcaffe.it\/fr\/shop\/cafe-grain\/espresso\/6-x-1-kg-cafe-en-grains-gran-gusto\/#primaryimage"},"image":{"@id":"https:\/\/italcaffe.it\/fr\/shop\/cafe-grain\/espresso\/6-x-1-kg-cafe-en-grains-gran-gusto\/#primaryimage"},"thumbnailUrl":"https:\/\/italcaffe.it\/wp-content\/uploads\/2020\/02\/11-grangusto.jpg","datePublished":"2020-02-26T14:49:29+00:00","dateModified":"2023-02-02T08:15:41+00:00","breadcrumb":{"@id":"https:\/\/italcaffe.it\/fr\/shop\/cafe-grain\/espresso\/6-x-1-kg-cafe-en-grains-gran-gusto\/#breadcrumb"},"inLanguage":"fr-FR","potentialAction":[{"@type":"ReadAction","target":["https:\/\/italcaffe.it\/fr\/shop\/cafe-grain\/espresso\/6-x-1-kg-cafe-en-grains-gran-gusto\/"]}]},{"@type":"ImageObject","inLanguage":"fr-FR","@id":"https:\/\/italcaffe.it\/fr\/shop\/cafe-grain\/espresso\/6-x-1-kg-cafe-en-grains-gran-gusto\/#primaryimage","url":"https:\/\/italcaffe.it\/wp-content\/uploads\/2020\/02\/11-grangusto.jpg","contentUrl":"https:\/\/italcaffe.it\/wp-content\/uploads\/2020\/02\/11-grangusto.jpg","width":825,"height":1100,"caption":"Gran Gusto Expresso Caf\u00e9 en grain 1kg Italcaff\u00e8 Espresso Bar"},{"@type":"BreadcrumbList","@id":"https:\/\/italcaffe.it\/fr\/shop\/cafe-grain\/espresso\/6-x-1-kg-cafe-en-grains-gran-gusto\/#breadcrumb","itemListElement":[{"@type":"ListItem","position":1,"name":"Home","item":"https:\/\/italcaffe.it\/fr\/"},{"@type":"ListItem","position":2,"name":"Shop","item":"https:\/\/italcaffe.it\/fr\/shop\/"},{"@type":"ListItem","position":3,"name":"Caf\u00e9 en grain Italcaff\u00e8 Espresso Gran Gusto 6 x 1kg"}]},{"@type":"WebSite","@id":"https:\/\/italcaffe.it\/fr\/#website","url":"https:\/\/italcaffe.it\/fr\/","name":"Italcaff\u00e8","description":"50 Anni insieme","potentialAction":[{"@type":"SearchAction","target":{"@type":"EntryPoint","urlTemplate":"https:\/\/italcaffe.it\/fr\/?s={search_term_string}"},"query-input":{"@type":"PropertyValueSpecification","valueRequired":true,"valueName":"search_term_string"}}],"inLanguage":"fr-FR"}]}},"_links":{"self":[{"href":"https:\/\/italcaffe.it\/fr\/wp-json\/wp\/v2\/product\/23181","targetHints":{"allow":["GET"]}}],"collection":[{"href":"https:\/\/italcaffe.it\/fr\/wp-json\/wp\/v2\/product"}],"about":[{"href":"https:\/\/italcaffe.it\/fr\/wp-json\/wp\/v2\/types\/product"}],"wp:featuredmedia":[{"embeddable":true,"href":"https:\/\/italcaffe.it\/fr\/wp-json\/wp\/v2\/media\/20735"}],"wp:attachment":[{"href":"https:\/\/italcaffe.it\/fr\/wp-json\/wp\/v2\/media?parent=23181"}],"wp:term":[{"taxonomy":"product_brand","embeddable":true,"href":"https:\/\/italcaffe.it\/fr\/wp-json\/wp\/v2\/product_brand?post=23181"},{"taxonomy":"product_cat","embeddable":true,"href":"https:\/\/italcaffe.it\/fr\/wp-json\/wp\/v2\/product_cat?post=23181"},{"taxonomy":"product_tag","embeddable":true,"href":"https:\/\/italcaffe.it\/fr\/wp-json\/wp\/v2\/product_tag?post=23181"}],"curies":[{"name":"wp","href":"https:\/\/api.w.org\/{rel}","templated":true}]}}