{"id":23182,"date":"2020-02-26T15:59:19","date_gmt":"2020-02-26T14:49:29","guid":{"rendered":"https:\/\/www.italcaffe.it\/product\/cafe-en-grain-expresso-italcaffe-espresso-bar-gran-gusto-1kg\/"},"modified":"2023-02-22T16:58:42","modified_gmt":"2023-02-22T15:58:42","slug":"cafe-grains-gran-gusto-italcaffe-expresso-bar-1kg","status":"publish","type":"product","link":"https:\/\/italcaffe.it\/fr\/shop\/cafe-grain\/espresso\/cafe-grains-gran-gusto-italcaffe-expresso-bar-1kg\/","title":{"rendered":"Caf\u00e9 en grains Gran Gusto Expresso Italcaff\u00e8 Espresso Bar 1kg"},"content":{"rendered":"<h2 style=\"font-size: 20px;\">LES CARACT\u00c9RISTIQUES DE CAF\u00c9 EN GRAINS GRAN GUSTO<\/h2>\n<p>Caf\u00e9 en grain <a href=\"https:\/\/www.italcaffe.it\/fr\/histoire\/\">Italcaff\u00e8<\/a> <a href=\"https:\/\/youtu.be\/E8FJ41V8yE0\">Expresso Gran Gusto<\/a>, vous offrira un Espresso bar intense et cr\u00e9meux sp\u00e9cialement \u00e9labor\u00e9 pour machine \u00e0 caf\u00e9 automatique et manuelle.<\/p>\n<p>Caf\u00e9 <a href=\"https:\/\/youtu.be\/E8FJ41V8yE0\">Gran Gusto<\/a> <a href=\"https:\/\/www.italcaffe.it\/fr\/histoire\/\">Italcaff\u00e8<\/a> Espresso\u00a0est une combinaison parfaite des caf\u00e9s valables de l&#8217;esp\u00e8ce Arabica et Robusta, exactement il dose pour l&#8217;offrirVi un caf\u00e9 exprim\u00e9 vrai l&#8217;Italien \u00e0 vous.\u00a0Les ar\u00f4mes rappellent le chocolat et les \u00e9pices.<\/p>\n<p>Un caf\u00e9 espresso qui se diff\u00e9rencie par son r\u00e9sultat en bouche persistant, son corps g\u00e9n\u00e9reux et la richesse de ses ar\u00f4mes \u00e9pic\u00e9s.<\/p>\n<p>Il s&#8217;agit d&#8217;un paquet de 1kg conditionn\u00e9 sous atmosph\u00e8re protectrice et avec une valve monodirectionnelle de garantie d\u2019ar\u00f4me, id\u00e9al pour conserver le go\u00fbt et la fra\u00eecheur des grains de caf\u00e9.<\/p>\n<p>Un caf\u00e8 Expresso en grains parfait pour les bistrots, caf\u00e9s, restaurants, machine \u00e0 caf\u00e9 automatique et machines \u00e0 caf\u00e9 de professionnelles pour bars et restaurant.<\/p>\n<p>Vente de caf\u00e9 Expresso en ligne : achetez votre caf\u00e9 espresso en grains, moulu, dosettes et capsules Nespresso compatibles sur la boutique Italcaff\u00e8.<\/p>\n<h2 style=\"font-size: 20px;\">UN BREF REGARD SUR ITALCAFF\u00c8<\/h2>\n<p>Italcaff\u00e8 S.p.A. est une industrie de torr\u00e9faction de caf\u00e9 avec une usine et des bureaux \u00e0 La Spezia en Italie, la patrie du v\u00e9ritable espresso italien.<\/p>\n<p>L&#8217;entreprise a \u00e9t\u00e9 fond\u00e9e en 1969 et poss\u00e8de plus de 40 ans d&#8217;exp\u00e9rience dans la torr\u00e9faction et le m\u00e9lange de caf\u00e9s fins.<\/p>\n<p>Nous parcourons le monde pour s\u00e9lectionner les meilleures qualit\u00e9s de caf\u00e9 pour nos clients.<\/p>\n<p>Notre m\u00e9tier consiste \u00e0 importer du caf\u00e9 vert directement des march\u00e9s d&#8217;origine.<\/p>\n<p>Apr\u00e8s cela, avec passion, exp\u00e9rience et comp\u00e9tence, nous transformons la mati\u00e8re premi\u00e8re en m\u00e9langes pr\u00e9cieux au go\u00fbt unique et incomparable.<\/p>\n<p>De plus, la fiabilit\u00e9 de l&#8217;ensemble du processus de fabrication Italcaff\u00e8 est garantie par la certification de qualit\u00e9 UNI EN ISO 9001\u00a0: 2015.<\/p>\n<p>C&#8217;est pourquoi nous nous sommes toujours engag\u00e9s \u00e0 apporter l&#8217;ar\u00f4me du vrai caf\u00e9 expresso italien en Italie et dans le monde, \u00e0 la maison et au bar.<\/p>\n<p>Que vous soyez un professionnel du bar ou un amateur de bon caf\u00e9, Italcaff\u00e8 a le bon m\u00e9lange pour vous.<\/p>\n<p>Acheter en ligne. Maintenant, l&#8217;ar\u00f4me d&#8217;Italcaff\u00e8 peut \u00eatre appr\u00e9ci\u00e9 par tout le monde.<\/p>\n","protected":false},"excerpt":{"rendered":"<p style=\"text-align: justify;\"><span style=\"color: #000000; font-family: Arial; font-size: 13px; font-style: normal; font-weight: 400; letter-spacing: normal; text-align: left; text-indent: 0px; text-transform: none; background-color: #ffffff; float: none;\">Caf\u00e9 en grain <a href=\"https:\/\/www.italcaffe.it\/fr\/histoire\/\" target=\"_blank\" rel=\"noopener\">Italcaff\u00e8<\/a> <a href=\"https:\/\/youtu.be\/E8FJ41V8yE0\" target=\"_blank\" rel=\"noopener\">Expresso Gran Gusto<\/a>, vous offrira un Espresso bar intense et cr\u00e9meux sp\u00e9cialement \u00e9labor\u00e9 pour machine \u00e0 caf\u00e9 automatique et manuelle. <a href=\"https:\/\/youtu.be\/E8FJ41V8yE0\" target=\"_blank\" rel=\"noopener\">Caf\u00e9 Gran Gusto<\/a> <a href=\"https:\/\/www.italcaffe.it\/fr\/histoire\/\" target=\"_blank\" rel=\"noopener\">Italcaff\u00e8 Espresso<\/a><\/span><span style=\"color: #000000; font-family: Arial; font-size: 13px; font-style: normal; font-weight: 400; letter-spacing: normal; text-align: left; text-indent: 0px; text-transform: none; background-color: #ffffff; float: none;\">\u00a0est une combinaison parfaite des caf\u00e9s valables de l&#8217;esp\u00e8ce Arabica et Robusta, exactement il dose pour l&#8217;offrirVi un caf\u00e9 exprim\u00e9 vrai l&#8217;Italien \u00e0 vous.\u00a0<\/span><span style=\"color: #000000; font-family: Arial; font-size: 13px; font-style: normal; font-weight: 400; letter-spacing: normal; text-align: left; text-indent: 0px; text-transform: none; background-color: #ffffff; float: none;\">Les ar\u00f4mes rappellent le chocolat et les \u00e9pices. Un caf\u00e9 espresso qui se diff\u00e9rencie par son r\u00e9sultat en bouche persistant, son corps g\u00e9n\u00e9reux et la richesse de ses ar\u00f4mes \u00e9pic\u00e9s.\u00a0<\/span><span style=\"color: #000000; font-family: Arial; font-size: 13px; font-style: normal; font-weight: 400; letter-spacing: normal; text-align: left; text-indent: 0px; text-transform: none; background-color: #ffffff; float: none;\">Il s&#8217;agit d&#8217;un paquet de 1kg conditionn\u00e9 sous atmosph\u00e8re protectrice et avec une valve monodirectionnelle de garantie d\u2019ar\u00f4me, id\u00e9al pour conserver le go\u00fbt et la fra\u00eecheur des grains de caf\u00e9.<br \/>\nATTENTION : Pour une commande de 6 kg de caf\u00e9<img loading=\"lazy\" decoding=\"async\" class=\"wp-image-30318 size-thumbnail alignright\" src=\"https:\/\/www.italcaffe.it\/wp-content\/uploads\/2023\/01\/Tazza-4-150x111.jpg\" alt=\"\" width=\"150\" height=\"111\" srcset=\"https:\/\/italcaffe.it\/wp-content\/uploads\/2023\/01\/Tazza-4-150x111.jpg 150w, https:\/\/italcaffe.it\/wp-content\/uploads\/2023\/01\/Tazza-4-120x89.jpg 120w, https:\/\/italcaffe.it\/wp-content\/uploads\/2023\/01\/Tazza-4-750x554.jpg 750w, https:\/\/italcaffe.it\/wp-content\/uploads\/2023\/01\/Tazza-4-300x221.jpg 300w, https:\/\/italcaffe.it\/wp-content\/uploads\/2023\/01\/Tazza-4-1024x756.jpg 1024w, https:\/\/italcaffe.it\/wp-content\/uploads\/2023\/01\/Tazza-4-768x567.jpg 768w, https:\/\/italcaffe.it\/wp-content\/uploads\/2023\/01\/Tazza-4.jpg 1535w\" sizes=\"auto, (max-width: 150px) 100vw, 150px\" \/> Gran Gusto, nous vous offrons gratuitement 1 tasse de caf\u00e9 ou de cappuccino en porcelaine de haute qualit\u00e9 de marque Italcaff\u00e8 et la livraison gratuite en France. <\/span><\/p>\n","protected":false},"featured_media":20735,"template":"","meta":{"_acf_changed":false},"product_brand":[],"product_cat":[299,300],"product_tag":[],"class_list":{"0":"post-23182","1":"product","2":"type-product","3":"status-publish","4":"has-post-thumbnail","6":"product_cat-cafe-grain","7":"product_cat-espresso","8":"pa_formato-grani-2-formato-1kg","10":"first","11":"instock","12":"taxable","13":"shipping-taxable","14":"product-type-grouped"},"acf":[],"yoast_head":"<!-- This site is optimized with the Yoast SEO plugin v27.0 - https:\/\/yoast.com\/product\/yoast-seo-wordpress\/ -->\n<title>Caf\u00e9 Gran Gusto en grains Italcaff\u00e8 Expresso 1kg Cafe Espresso<\/title>\n<meta name=\"description\" content=\"Caf\u00e9 en grains Expresso Bar Italcaff\u00e8 Gran Gusto, vous offrira un Espresso bar intense et cr\u00e9meux pour machine \u00e0 caf\u00e9 automatique et manuelle\" \/>\n<meta name=\"robots\" content=\"index, follow, max-snippet:-1, max-image-preview:large, max-video-preview:-1\" \/>\n<link rel=\"canonical\" href=\"https:\/\/italcaffe.it\/fr\/shop\/cafe-grain\/espresso\/cafe-grains-gran-gusto-italcaffe-expresso-bar-1kg\/\" \/>\n<meta property=\"og:locale\" content=\"fr_FR\" \/>\n<meta property=\"og:type\" content=\"article\" \/>\n<meta property=\"og:title\" content=\"Caf\u00e9 Gran Gusto en grains Italcaff\u00e8 Expresso 1kg Cafe Espresso\" \/>\n<meta property=\"og:description\" content=\"Caf\u00e9 en grains Expresso Bar Italcaff\u00e8 Gran Gusto, vous offrira un Espresso bar intense et cr\u00e9meux pour machine \u00e0 caf\u00e9 automatique et manuelle\" \/>\n<meta property=\"og:url\" content=\"https:\/\/italcaffe.it\/fr\/shop\/cafe-grain\/espresso\/cafe-grains-gran-gusto-italcaffe-expresso-bar-1kg\/\" \/>\n<meta property=\"og:site_name\" content=\"Italcaff\u00e8\" \/>\n<meta property=\"article:modified_time\" content=\"2023-02-22T15:58:42+00:00\" \/>\n<meta property=\"og:image\" content=\"https:\/\/italcaffe.it\/wp-content\/uploads\/2020\/02\/11-grangusto.jpg\" \/>\n\t<meta property=\"og:image:width\" content=\"825\" \/>\n\t<meta property=\"og:image:height\" content=\"1100\" \/>\n\t<meta property=\"og:image:type\" content=\"image\/jpeg\" \/>\n<meta name=\"twitter:card\" content=\"summary_large_image\" \/>\n<meta name=\"twitter:label1\" content=\"Dur\u00e9e de lecture estim\u00e9e\" \/>\n\t<meta name=\"twitter:data1\" content=\"2 minutes\" \/>\n<script type=\"application\/ld+json\" class=\"yoast-schema-graph\">{\"@context\":\"https:\/\/schema.org\",\"@graph\":[{\"@type\":\"WebPage\",\"@id\":\"https:\/\/italcaffe.it\/fr\/shop\/cafe-grain\/espresso\/cafe-grains-gran-gusto-italcaffe-expresso-bar-1kg\/\",\"url\":\"https:\/\/italcaffe.it\/fr\/shop\/cafe-grain\/espresso\/cafe-grains-gran-gusto-italcaffe-expresso-bar-1kg\/\",\"name\":\"Caf\u00e9 Gran Gusto en grains Italcaff\u00e8 Expresso 1kg Cafe Espresso\",\"isPartOf\":{\"@id\":\"https:\/\/italcaffe.it\/fr\/#website\"},\"primaryImageOfPage\":{\"@id\":\"https:\/\/italcaffe.it\/fr\/shop\/cafe-grain\/espresso\/cafe-grains-gran-gusto-italcaffe-expresso-bar-1kg\/#primaryimage\"},\"image\":{\"@id\":\"https:\/\/italcaffe.it\/fr\/shop\/cafe-grain\/espresso\/cafe-grains-gran-gusto-italcaffe-expresso-bar-1kg\/#primaryimage\"},\"thumbnailUrl\":\"https:\/\/italcaffe.it\/wp-content\/uploads\/2020\/02\/11-grangusto.jpg\",\"datePublished\":\"2020-02-26T14:49:29+00:00\",\"dateModified\":\"2023-02-22T15:58:42+00:00\",\"description\":\"Caf\u00e9 en grains Expresso Bar Italcaff\u00e8 Gran Gusto, vous offrira un Espresso bar intense et cr\u00e9meux pour machine \u00e0 caf\u00e9 automatique et manuelle\",\"breadcrumb\":{\"@id\":\"https:\/\/italcaffe.it\/fr\/shop\/cafe-grain\/espresso\/cafe-grains-gran-gusto-italcaffe-expresso-bar-1kg\/#breadcrumb\"},\"inLanguage\":\"fr-FR\",\"potentialAction\":[{\"@type\":\"ReadAction\",\"target\":[\"https:\/\/italcaffe.it\/fr\/shop\/cafe-grain\/espresso\/cafe-grains-gran-gusto-italcaffe-expresso-bar-1kg\/\"]}]},{\"@type\":\"ImageObject\",\"inLanguage\":\"fr-FR\",\"@id\":\"https:\/\/italcaffe.it\/fr\/shop\/cafe-grain\/espresso\/cafe-grains-gran-gusto-italcaffe-expresso-bar-1kg\/#primaryimage\",\"url\":\"https:\/\/italcaffe.it\/wp-content\/uploads\/2020\/02\/11-grangusto.jpg\",\"contentUrl\":\"https:\/\/italcaffe.it\/wp-content\/uploads\/2020\/02\/11-grangusto.jpg\",\"width\":825,\"height\":1100,\"caption\":\"Gran Gusto Expresso Caf\u00e9 en grain 1kg Italcaff\u00e8 Espresso Bar\"},{\"@type\":\"BreadcrumbList\",\"@id\":\"https:\/\/italcaffe.it\/fr\/shop\/cafe-grain\/espresso\/cafe-grains-gran-gusto-italcaffe-expresso-bar-1kg\/#breadcrumb\",\"itemListElement\":[{\"@type\":\"ListItem\",\"position\":1,\"name\":\"Home\",\"item\":\"https:\/\/italcaffe.it\/fr\/\"},{\"@type\":\"ListItem\",\"position\":2,\"name\":\"Shop\",\"item\":\"https:\/\/italcaffe.it\/fr\/shop\/\"},{\"@type\":\"ListItem\",\"position\":3,\"name\":\"Caf\u00e9 en grains Gran Gusto Expresso Italcaff\u00e8 Espresso Bar 1kg\"}]},{\"@type\":\"WebSite\",\"@id\":\"https:\/\/italcaffe.it\/fr\/#website\",\"url\":\"https:\/\/italcaffe.it\/fr\/\",\"name\":\"Italcaff\u00e8\",\"description\":\"50 Anni insieme\",\"potentialAction\":[{\"@type\":\"SearchAction\",\"target\":{\"@type\":\"EntryPoint\",\"urlTemplate\":\"https:\/\/italcaffe.it\/fr\/?s={search_term_string}\"},\"query-input\":{\"@type\":\"PropertyValueSpecification\",\"valueRequired\":true,\"valueName\":\"search_term_string\"}}],\"inLanguage\":\"fr-FR\"}]}<\/script>\n<!-- \/ Yoast SEO plugin. -->","yoast_head_json":{"title":"Caf\u00e9 Gran Gusto en grains Italcaff\u00e8 Expresso 1kg Cafe Espresso","description":"Caf\u00e9 en grains Expresso Bar Italcaff\u00e8 Gran Gusto, vous offrira un Espresso bar intense et cr\u00e9meux pour machine \u00e0 caf\u00e9 automatique et manuelle","robots":{"index":"index","follow":"follow","max-snippet":"max-snippet:-1","max-image-preview":"max-image-preview:large","max-video-preview":"max-video-preview:-1"},"canonical":"https:\/\/italcaffe.it\/fr\/shop\/cafe-grain\/espresso\/cafe-grains-gran-gusto-italcaffe-expresso-bar-1kg\/","og_locale":"fr_FR","og_type":"article","og_title":"Caf\u00e9 Gran Gusto en grains Italcaff\u00e8 Expresso 1kg Cafe Espresso","og_description":"Caf\u00e9 en grains Expresso Bar Italcaff\u00e8 Gran Gusto, vous offrira un Espresso bar intense et cr\u00e9meux pour machine \u00e0 caf\u00e9 automatique et manuelle","og_url":"https:\/\/italcaffe.it\/fr\/shop\/cafe-grain\/espresso\/cafe-grains-gran-gusto-italcaffe-expresso-bar-1kg\/","og_site_name":"Italcaff\u00e8","article_modified_time":"2023-02-22T15:58:42+00:00","og_image":[{"width":825,"height":1100,"url":"https:\/\/italcaffe.it\/wp-content\/uploads\/2020\/02\/11-grangusto.jpg","type":"image\/jpeg"}],"twitter_card":"summary_large_image","twitter_misc":{"Dur\u00e9e de lecture estim\u00e9e":"2 minutes"},"schema":{"@context":"https:\/\/schema.org","@graph":[{"@type":"WebPage","@id":"https:\/\/italcaffe.it\/fr\/shop\/cafe-grain\/espresso\/cafe-grains-gran-gusto-italcaffe-expresso-bar-1kg\/","url":"https:\/\/italcaffe.it\/fr\/shop\/cafe-grain\/espresso\/cafe-grains-gran-gusto-italcaffe-expresso-bar-1kg\/","name":"Caf\u00e9 Gran Gusto en grains Italcaff\u00e8 Expresso 1kg Cafe Espresso","isPartOf":{"@id":"https:\/\/italcaffe.it\/fr\/#website"},"primaryImageOfPage":{"@id":"https:\/\/italcaffe.it\/fr\/shop\/cafe-grain\/espresso\/cafe-grains-gran-gusto-italcaffe-expresso-bar-1kg\/#primaryimage"},"image":{"@id":"https:\/\/italcaffe.it\/fr\/shop\/cafe-grain\/espresso\/cafe-grains-gran-gusto-italcaffe-expresso-bar-1kg\/#primaryimage"},"thumbnailUrl":"https:\/\/italcaffe.it\/wp-content\/uploads\/2020\/02\/11-grangusto.jpg","datePublished":"2020-02-26T14:49:29+00:00","dateModified":"2023-02-22T15:58:42+00:00","description":"Caf\u00e9 en grains Expresso Bar Italcaff\u00e8 Gran Gusto, vous offrira un Espresso bar intense et cr\u00e9meux pour machine \u00e0 caf\u00e9 automatique et manuelle","breadcrumb":{"@id":"https:\/\/italcaffe.it\/fr\/shop\/cafe-grain\/espresso\/cafe-grains-gran-gusto-italcaffe-expresso-bar-1kg\/#breadcrumb"},"inLanguage":"fr-FR","potentialAction":[{"@type":"ReadAction","target":["https:\/\/italcaffe.it\/fr\/shop\/cafe-grain\/espresso\/cafe-grains-gran-gusto-italcaffe-expresso-bar-1kg\/"]}]},{"@type":"ImageObject","inLanguage":"fr-FR","@id":"https:\/\/italcaffe.it\/fr\/shop\/cafe-grain\/espresso\/cafe-grains-gran-gusto-italcaffe-expresso-bar-1kg\/#primaryimage","url":"https:\/\/italcaffe.it\/wp-content\/uploads\/2020\/02\/11-grangusto.jpg","contentUrl":"https:\/\/italcaffe.it\/wp-content\/uploads\/2020\/02\/11-grangusto.jpg","width":825,"height":1100,"caption":"Gran Gusto Expresso Caf\u00e9 en grain 1kg Italcaff\u00e8 Espresso Bar"},{"@type":"BreadcrumbList","@id":"https:\/\/italcaffe.it\/fr\/shop\/cafe-grain\/espresso\/cafe-grains-gran-gusto-italcaffe-expresso-bar-1kg\/#breadcrumb","itemListElement":[{"@type":"ListItem","position":1,"name":"Home","item":"https:\/\/italcaffe.it\/fr\/"},{"@type":"ListItem","position":2,"name":"Shop","item":"https:\/\/italcaffe.it\/fr\/shop\/"},{"@type":"ListItem","position":3,"name":"Caf\u00e9 en grains Gran Gusto Expresso Italcaff\u00e8 Espresso Bar 1kg"}]},{"@type":"WebSite","@id":"https:\/\/italcaffe.it\/fr\/#website","url":"https:\/\/italcaffe.it\/fr\/","name":"Italcaff\u00e8","description":"50 Anni insieme","potentialAction":[{"@type":"SearchAction","target":{"@type":"EntryPoint","urlTemplate":"https:\/\/italcaffe.it\/fr\/?s={search_term_string}"},"query-input":{"@type":"PropertyValueSpecification","valueRequired":true,"valueName":"search_term_string"}}],"inLanguage":"fr-FR"}]}},"_links":{"self":[{"href":"https:\/\/italcaffe.it\/fr\/wp-json\/wp\/v2\/product\/23182","targetHints":{"allow":["GET"]}}],"collection":[{"href":"https:\/\/italcaffe.it\/fr\/wp-json\/wp\/v2\/product"}],"about":[{"href":"https:\/\/italcaffe.it\/fr\/wp-json\/wp\/v2\/types\/product"}],"wp:featuredmedia":[{"embeddable":true,"href":"https:\/\/italcaffe.it\/fr\/wp-json\/wp\/v2\/media\/20735"}],"wp:attachment":[{"href":"https:\/\/italcaffe.it\/fr\/wp-json\/wp\/v2\/media?parent=23182"}],"wp:term":[{"taxonomy":"product_brand","embeddable":true,"href":"https:\/\/italcaffe.it\/fr\/wp-json\/wp\/v2\/product_brand?post=23182"},{"taxonomy":"product_cat","embeddable":true,"href":"https:\/\/italcaffe.it\/fr\/wp-json\/wp\/v2\/product_cat?post=23182"},{"taxonomy":"product_tag","embeddable":true,"href":"https:\/\/italcaffe.it\/fr\/wp-json\/wp\/v2\/product_tag?post=23182"}],"curies":[{"name":"wp","href":"https:\/\/api.w.org\/{rel}","templated":true}]}}