{"id":23193,"date":"2020-02-26T15:59:28","date_gmt":"2020-02-26T14:49:36","guid":{"rendered":"https:\/\/www.italcaffe.it\/product\/cafe-en-grain-expresso-italcaffe-espresso-bar-gusto-aroma-1kg\/"},"modified":"2023-02-22T16:23:26","modified_gmt":"2023-02-22T15:23:26","slug":"gusto-aroma-italcaffe-expresso-1kg","status":"publish","type":"product","link":"https:\/\/italcaffe.it\/fr\/shop\/cafe-grain\/espresso\/gusto-aroma-italcaffe-expresso-1kg\/","title":{"rendered":"Cafe en grain expresso Italcaff\u00e8 Gusto e Aroma espresso 1kg"},"content":{"rendered":"<p style=\"text-align: justify;\"><span style=\"color: #000000; font-family: Arial; font-size: 13px; font-style: normal; font-weight: 400; letter-spacing: normal; text-align: left; text-indent: 0px; text-transform: none; background-color: #ffffff; float: none;\">Un caf\u00e9 en grains pour Expresso Italcaff\u00e8 au go\u00fbt fort et d\u00e9licat ainsi qu\u2019\u00e0 l\u2019ar\u00f4me riche et intense.<\/span><\/p>\n<p style=\"text-align: justify;\"><span style=\"color: #000000; font-family: Arial; font-size: 13px; font-style: normal; font-weight: 400; letter-spacing: normal; text-align: left; text-indent: 0px; text-transform: none; background-color: #ffffff; float: none;\"> Un m\u00e9lange du cafe adapt\u00e9 pour chaque bar compos\u00e9 des vari\u00e9t\u00e9s les plus douces d&#8217;Am\u00e9rique Centrale et les plus prestigieuses d&#8217;Asie, dans le respect de la tradition italienne pour un caf\u00e9 Espresso riche de corps et de caract\u00e8re. <\/span><\/p>\n<p style=\"text-align: justify;\"><span style=\"color: #000000; font-family: Arial; font-size: 13px; font-style: normal; font-weight: 400; letter-spacing: normal; text-align: left; text-indent: 0px; text-transform: none; background-color: #ffffff; float: none;\">C&#8217;est un caf\u00e9 Espresso gourmet en grains de haute qualit\u00e9 fraichement torr\u00e9fi\u00e9, id\u00e9al pour d\u00e9guster un d\u00e9licieux expresso sans auncun signe d&#8217;acidit\u00e9. <\/span><\/p>\n<p style=\"text-align: justify;\"><span style=\"color: #000000; font-family: Arial; font-size: 13px; font-style: normal; font-weight: 400; letter-spacing: normal; text-align: left; text-indent: 0px; text-transform: none; background-color: #ffffff; float: none;\">Il s&#8217;agit d&#8217;un paquet de 1.000g conditionn\u00e9 sous atmosph\u00e8re protectrice et avec une valve monodirectionnelle de garantie d\u2019ar\u00f4me, id\u00e9al pour conserver le go\u00fbt et la fra\u00eecheur des grains de caf\u00e9.\u00a0<\/span><\/p>\n<p style=\"text-align: justify;\"><span style=\"color: #000000; font-family: Arial; font-size: 13px; font-style: normal; font-weight: 400; letter-spacing: normal; text-align: left; text-indent: 0px; text-transform: none; background-color: #ffffff; float: none;\">Ces caract\u00e9ristiques garantissent une meilleure conservation dans le temps ainsi qu&#8217;une meilleure qualit\u00e9 du produit par rapport aux paquets de caf\u00e9 habituels que vous trouvez sur le march\u00e9.\u00a0<\/span><\/p>\n<p style=\"text-align: justify;\"><span style=\"color: #000000; font-family: Arial; font-size: 13px; font-style: normal; font-weight: 400; letter-spacing: normal; text-align: left; text-indent: 0px; text-transform: none; background-color: #ffffff; float: none;\">D\u00e9couvrez le go\u00fbt unique &amp; intense de la torr\u00e9faction\u00a0Italienne\u00a0du\u00a0caf\u00e9\u00a0en\u00a0grains\u00a0pour\u00a0Espresso.<\/span><\/p>\n","protected":false},"excerpt":{"rendered":"<p style=\"text-align: justify;\"><span style=\"color: #000000; font-family: Arial; font-size: 13px; font-style: normal; font-weight: 400; letter-spacing: normal; text-align: left; text-indent: 0px; text-transform: none; background-color: #ffffff; float: none;\">Caf\u00e9 grain <a href=\"https:\/\/www.youtube.com\/watch?v=juvGGA-zbhk\">Gusto e Aroma<\/a> est un caf\u00e9 pour Expresso <a href=\"https:\/\/www.italcaffe.it\/fr\/histoire\/\">Italcaff\u00e8<\/a> au go\u00fbt fort et d\u00e9licat ainsi qu\u2019\u00e0 l\u2019ar\u00f4me riche et intense. <\/span><span style=\"color: #000000; font-family: Arial; font-size: 13px; text-align: left;\">Un m\u00e9lange du cafe adapt\u00e9 pour chaque bar compos\u00e9 des vari\u00e9t\u00e9s les plus douces d&#8217;Am\u00e9rique Centrale et les plus prestigieuses d&#8217;Asie, dans le respect de la tradition italienne pour un caf\u00e9 Espresso riche de corps et de caract\u00e8re.\u00a0<\/span><span style=\"color: #000000; font-family: Arial; font-size: 13px; font-style: normal; font-weight: 400; letter-spacing: normal; text-align: left; text-indent: 0px; text-transform: none; background-color: #ffffff; float: none;\">C&#8217;est un caf\u00e9 Espresso gourmet en grains de haute qualit\u00e9 fraichement <a href=\"https:\/\/www.italcaffe.it\/fr\/torrefazione\/\">torr\u00e9fi\u00e9<\/a>, id\u00e9al pour d\u00e9guster un d\u00e9licieux expresso sans auncun signe d&#8217;acidit\u00e9.\u00a0<\/span><span style=\"color: #000000; font-family: Arial; font-size: 13px; font-style: normal; font-weight: 400; letter-spacing: normal; text-align: left; text-indent: 0px; text-transform: none; background-color: #ffffff; float: none;\">Il s&#8217;agit d&#8217;un paquet de 1.000g conditionn\u00e9 sous atmosph\u00e8re protectrice et avec une valve monodirectionnelle de garantie d\u2019ar\u00f4me, id\u00e9al pour conserver le go\u00fbt et la fra\u00eecheur des grains de caf\u00e9.<br \/>\nATTENTION : Pour une commande de 6 kg de caf\u00e9<img loading=\"lazy\" decoding=\"async\" class=\"wp-image-30318 size-thumbnail alignright\" src=\"https:\/\/www.italcaffe.it\/wp-content\/uploads\/2023\/01\/Tazza-4-150x111.jpg\" alt=\"\" width=\"150\" height=\"111\" srcset=\"https:\/\/italcaffe.it\/wp-content\/uploads\/2023\/01\/Tazza-4-150x111.jpg 150w, https:\/\/italcaffe.it\/wp-content\/uploads\/2023\/01\/Tazza-4-120x89.jpg 120w, https:\/\/italcaffe.it\/wp-content\/uploads\/2023\/01\/Tazza-4-750x554.jpg 750w, https:\/\/italcaffe.it\/wp-content\/uploads\/2023\/01\/Tazza-4-300x221.jpg 300w, https:\/\/italcaffe.it\/wp-content\/uploads\/2023\/01\/Tazza-4-1024x756.jpg 1024w, https:\/\/italcaffe.it\/wp-content\/uploads\/2023\/01\/Tazza-4-768x567.jpg 768w, https:\/\/italcaffe.it\/wp-content\/uploads\/2023\/01\/Tazza-4.jpg 1535w\" sizes=\"auto, (max-width: 150px) 100vw, 150px\" \/> Gusto e Aroma, nous vous offrons gratuitement 1 tasse de caf\u00e9 ou de cappuccino en porcelaine de haute qualit\u00e9 de marque Italcaff\u00e8, et la livraison gratuite en France.<br \/>\n<\/span><\/p>\n","protected":false},"featured_media":8381,"template":"","meta":{"_acf_changed":false},"product_brand":[],"product_cat":[299,300],"product_tag":[],"class_list":{"0":"post-23193","1":"product","2":"type-product","3":"status-publish","4":"has-post-thumbnail","6":"product_cat-cafe-grain","7":"product_cat-espresso","8":"pa_formato-grani-2-formato-1kg","10":"first","11":"instock","12":"taxable","13":"shipping-taxable","14":"product-type-grouped"},"acf":[],"yoast_head":"<!-- This site is optimized with the Yoast SEO plugin v27.0 - https:\/\/yoast.com\/product\/yoast-seo-wordpress\/ -->\n<title>Caf\u00e9 grain Gusto e Aroma expresso 1kg | Italcaff\u00e8 espresso<\/title>\n<meta name=\"description\" content=\"Gusto e Aroma Italcaff\u00e8 est un caf\u00e9 en grain pour Expresso Italien. au go\u00fbt fort et d\u00e9licat ainsi qu\u2019\u00e0 l\u2019ar\u00f4me riche et intense.\" \/>\n<meta name=\"robots\" content=\"index, follow, max-snippet:-1, max-image-preview:large, max-video-preview:-1\" \/>\n<link rel=\"canonical\" href=\"https:\/\/italcaffe.it\/fr\/shop\/cafe-grain\/espresso\/gusto-aroma-italcaffe-expresso-1kg\/\" \/>\n<meta property=\"og:locale\" content=\"fr_FR\" \/>\n<meta property=\"og:type\" content=\"article\" \/>\n<meta property=\"og:title\" content=\"Caf\u00e9 grain Gusto e Aroma expresso 1kg | Italcaff\u00e8 espresso\" \/>\n<meta property=\"og:description\" content=\"Gusto e Aroma Italcaff\u00e8 est un caf\u00e9 en grain pour Expresso Italien. au go\u00fbt fort et d\u00e9licat ainsi qu\u2019\u00e0 l\u2019ar\u00f4me riche et intense.\" \/>\n<meta property=\"og:url\" content=\"https:\/\/italcaffe.it\/fr\/shop\/cafe-grain\/espresso\/gusto-aroma-italcaffe-expresso-1kg\/\" \/>\n<meta property=\"og:site_name\" content=\"Italcaff\u00e8\" \/>\n<meta property=\"article:modified_time\" content=\"2023-02-22T15:23:26+00:00\" \/>\n<meta property=\"og:image\" content=\"https:\/\/italcaffe.it\/wp-content\/uploads\/2019\/10\/13-gusto-e-aroma.jpg\" \/>\n\t<meta property=\"og:image:width\" content=\"825\" \/>\n\t<meta property=\"og:image:height\" content=\"1100\" \/>\n\t<meta property=\"og:image:type\" content=\"image\/jpeg\" \/>\n<meta name=\"twitter:card\" content=\"summary_large_image\" \/>\n<meta name=\"twitter:label1\" content=\"Dur\u00e9e de lecture estim\u00e9e\" \/>\n\t<meta name=\"twitter:data1\" content=\"1 minute\" \/>\n<script type=\"application\/ld+json\" class=\"yoast-schema-graph\">{\"@context\":\"https:\/\/schema.org\",\"@graph\":[{\"@type\":\"WebPage\",\"@id\":\"https:\/\/italcaffe.it\/fr\/shop\/cafe-grain\/espresso\/gusto-aroma-italcaffe-expresso-1kg\/\",\"url\":\"https:\/\/italcaffe.it\/fr\/shop\/cafe-grain\/espresso\/gusto-aroma-italcaffe-expresso-1kg\/\",\"name\":\"Caf\u00e9 grain Gusto e Aroma expresso 1kg | Italcaff\u00e8 espresso\",\"isPartOf\":{\"@id\":\"https:\/\/italcaffe.it\/fr\/#website\"},\"primaryImageOfPage\":{\"@id\":\"https:\/\/italcaffe.it\/fr\/shop\/cafe-grain\/espresso\/gusto-aroma-italcaffe-expresso-1kg\/#primaryimage\"},\"image\":{\"@id\":\"https:\/\/italcaffe.it\/fr\/shop\/cafe-grain\/espresso\/gusto-aroma-italcaffe-expresso-1kg\/#primaryimage\"},\"thumbnailUrl\":\"https:\/\/italcaffe.it\/wp-content\/uploads\/2019\/10\/13-gusto-e-aroma.jpg\",\"datePublished\":\"2020-02-26T14:49:36+00:00\",\"dateModified\":\"2023-02-22T15:23:26+00:00\",\"description\":\"Gusto e Aroma Italcaff\u00e8 est un caf\u00e9 en grain pour Expresso Italien. au go\u00fbt fort et d\u00e9licat ainsi qu\u2019\u00e0 l\u2019ar\u00f4me riche et intense.\",\"breadcrumb\":{\"@id\":\"https:\/\/italcaffe.it\/fr\/shop\/cafe-grain\/espresso\/gusto-aroma-italcaffe-expresso-1kg\/#breadcrumb\"},\"inLanguage\":\"fr-FR\",\"potentialAction\":[{\"@type\":\"ReadAction\",\"target\":[\"https:\/\/italcaffe.it\/fr\/shop\/cafe-grain\/espresso\/gusto-aroma-italcaffe-expresso-1kg\/\"]}]},{\"@type\":\"ImageObject\",\"inLanguage\":\"fr-FR\",\"@id\":\"https:\/\/italcaffe.it\/fr\/shop\/cafe-grain\/espresso\/gusto-aroma-italcaffe-expresso-1kg\/#primaryimage\",\"url\":\"https:\/\/italcaffe.it\/wp-content\/uploads\/2019\/10\/13-gusto-e-aroma.jpg\",\"contentUrl\":\"https:\/\/italcaffe.it\/wp-content\/uploads\/2019\/10\/13-gusto-e-aroma.jpg\",\"width\":825,\"height\":1100,\"caption\":\"Caf\u00e9 en grain Gusto e Aroma Expresso 1kg Italcaff\u00e8 Espresso\"},{\"@type\":\"BreadcrumbList\",\"@id\":\"https:\/\/italcaffe.it\/fr\/shop\/cafe-grain\/espresso\/gusto-aroma-italcaffe-expresso-1kg\/#breadcrumb\",\"itemListElement\":[{\"@type\":\"ListItem\",\"position\":1,\"name\":\"Home\",\"item\":\"https:\/\/italcaffe.it\/fr\/\"},{\"@type\":\"ListItem\",\"position\":2,\"name\":\"Shop\",\"item\":\"https:\/\/italcaffe.it\/fr\/shop\/\"},{\"@type\":\"ListItem\",\"position\":3,\"name\":\"Cafe en grain expresso Italcaff\u00e8 Gusto e Aroma espresso 1kg\"}]},{\"@type\":\"WebSite\",\"@id\":\"https:\/\/italcaffe.it\/fr\/#website\",\"url\":\"https:\/\/italcaffe.it\/fr\/\",\"name\":\"Italcaff\u00e8\",\"description\":\"50 Anni insieme\",\"potentialAction\":[{\"@type\":\"SearchAction\",\"target\":{\"@type\":\"EntryPoint\",\"urlTemplate\":\"https:\/\/italcaffe.it\/fr\/?s={search_term_string}\"},\"query-input\":{\"@type\":\"PropertyValueSpecification\",\"valueRequired\":true,\"valueName\":\"search_term_string\"}}],\"inLanguage\":\"fr-FR\"}]}<\/script>\n<!-- \/ Yoast SEO plugin. -->","yoast_head_json":{"title":"Caf\u00e9 grain Gusto e Aroma expresso 1kg | Italcaff\u00e8 espresso","description":"Gusto e Aroma Italcaff\u00e8 est un caf\u00e9 en grain pour Expresso Italien. au go\u00fbt fort et d\u00e9licat ainsi qu\u2019\u00e0 l\u2019ar\u00f4me riche et intense.","robots":{"index":"index","follow":"follow","max-snippet":"max-snippet:-1","max-image-preview":"max-image-preview:large","max-video-preview":"max-video-preview:-1"},"canonical":"https:\/\/italcaffe.it\/fr\/shop\/cafe-grain\/espresso\/gusto-aroma-italcaffe-expresso-1kg\/","og_locale":"fr_FR","og_type":"article","og_title":"Caf\u00e9 grain Gusto e Aroma expresso 1kg | Italcaff\u00e8 espresso","og_description":"Gusto e Aroma Italcaff\u00e8 est un caf\u00e9 en grain pour Expresso Italien. au go\u00fbt fort et d\u00e9licat ainsi qu\u2019\u00e0 l\u2019ar\u00f4me riche et intense.","og_url":"https:\/\/italcaffe.it\/fr\/shop\/cafe-grain\/espresso\/gusto-aroma-italcaffe-expresso-1kg\/","og_site_name":"Italcaff\u00e8","article_modified_time":"2023-02-22T15:23:26+00:00","og_image":[{"width":825,"height":1100,"url":"https:\/\/italcaffe.it\/wp-content\/uploads\/2019\/10\/13-gusto-e-aroma.jpg","type":"image\/jpeg"}],"twitter_card":"summary_large_image","twitter_misc":{"Dur\u00e9e de lecture estim\u00e9e":"1 minute"},"schema":{"@context":"https:\/\/schema.org","@graph":[{"@type":"WebPage","@id":"https:\/\/italcaffe.it\/fr\/shop\/cafe-grain\/espresso\/gusto-aroma-italcaffe-expresso-1kg\/","url":"https:\/\/italcaffe.it\/fr\/shop\/cafe-grain\/espresso\/gusto-aroma-italcaffe-expresso-1kg\/","name":"Caf\u00e9 grain Gusto e Aroma expresso 1kg | Italcaff\u00e8 espresso","isPartOf":{"@id":"https:\/\/italcaffe.it\/fr\/#website"},"primaryImageOfPage":{"@id":"https:\/\/italcaffe.it\/fr\/shop\/cafe-grain\/espresso\/gusto-aroma-italcaffe-expresso-1kg\/#primaryimage"},"image":{"@id":"https:\/\/italcaffe.it\/fr\/shop\/cafe-grain\/espresso\/gusto-aroma-italcaffe-expresso-1kg\/#primaryimage"},"thumbnailUrl":"https:\/\/italcaffe.it\/wp-content\/uploads\/2019\/10\/13-gusto-e-aroma.jpg","datePublished":"2020-02-26T14:49:36+00:00","dateModified":"2023-02-22T15:23:26+00:00","description":"Gusto e Aroma Italcaff\u00e8 est un caf\u00e9 en grain pour Expresso Italien. au go\u00fbt fort et d\u00e9licat ainsi qu\u2019\u00e0 l\u2019ar\u00f4me riche et intense.","breadcrumb":{"@id":"https:\/\/italcaffe.it\/fr\/shop\/cafe-grain\/espresso\/gusto-aroma-italcaffe-expresso-1kg\/#breadcrumb"},"inLanguage":"fr-FR","potentialAction":[{"@type":"ReadAction","target":["https:\/\/italcaffe.it\/fr\/shop\/cafe-grain\/espresso\/gusto-aroma-italcaffe-expresso-1kg\/"]}]},{"@type":"ImageObject","inLanguage":"fr-FR","@id":"https:\/\/italcaffe.it\/fr\/shop\/cafe-grain\/espresso\/gusto-aroma-italcaffe-expresso-1kg\/#primaryimage","url":"https:\/\/italcaffe.it\/wp-content\/uploads\/2019\/10\/13-gusto-e-aroma.jpg","contentUrl":"https:\/\/italcaffe.it\/wp-content\/uploads\/2019\/10\/13-gusto-e-aroma.jpg","width":825,"height":1100,"caption":"Caf\u00e9 en grain Gusto e Aroma Expresso 1kg Italcaff\u00e8 Espresso"},{"@type":"BreadcrumbList","@id":"https:\/\/italcaffe.it\/fr\/shop\/cafe-grain\/espresso\/gusto-aroma-italcaffe-expresso-1kg\/#breadcrumb","itemListElement":[{"@type":"ListItem","position":1,"name":"Home","item":"https:\/\/italcaffe.it\/fr\/"},{"@type":"ListItem","position":2,"name":"Shop","item":"https:\/\/italcaffe.it\/fr\/shop\/"},{"@type":"ListItem","position":3,"name":"Cafe en grain expresso Italcaff\u00e8 Gusto e Aroma espresso 1kg"}]},{"@type":"WebSite","@id":"https:\/\/italcaffe.it\/fr\/#website","url":"https:\/\/italcaffe.it\/fr\/","name":"Italcaff\u00e8","description":"50 Anni insieme","potentialAction":[{"@type":"SearchAction","target":{"@type":"EntryPoint","urlTemplate":"https:\/\/italcaffe.it\/fr\/?s={search_term_string}"},"query-input":{"@type":"PropertyValueSpecification","valueRequired":true,"valueName":"search_term_string"}}],"inLanguage":"fr-FR"}]}},"_links":{"self":[{"href":"https:\/\/italcaffe.it\/fr\/wp-json\/wp\/v2\/product\/23193","targetHints":{"allow":["GET"]}}],"collection":[{"href":"https:\/\/italcaffe.it\/fr\/wp-json\/wp\/v2\/product"}],"about":[{"href":"https:\/\/italcaffe.it\/fr\/wp-json\/wp\/v2\/types\/product"}],"wp:featuredmedia":[{"embeddable":true,"href":"https:\/\/italcaffe.it\/fr\/wp-json\/wp\/v2\/media\/8381"}],"wp:attachment":[{"href":"https:\/\/italcaffe.it\/fr\/wp-json\/wp\/v2\/media?parent=23193"}],"wp:term":[{"taxonomy":"product_brand","embeddable":true,"href":"https:\/\/italcaffe.it\/fr\/wp-json\/wp\/v2\/product_brand?post=23193"},{"taxonomy":"product_cat","embeddable":true,"href":"https:\/\/italcaffe.it\/fr\/wp-json\/wp\/v2\/product_cat?post=23193"},{"taxonomy":"product_tag","embeddable":true,"href":"https:\/\/italcaffe.it\/fr\/wp-json\/wp\/v2\/product_tag?post=23193"}],"curies":[{"name":"wp","href":"https:\/\/api.w.org\/{rel}","templated":true}]}}