{"id":23201,"date":"2020-02-26T15:59:28","date_gmt":"2020-02-26T14:49:36","guid":{"rendered":"https:\/\/www.italcaffe.it\/product\/cafe-en-grain-expresso-italcaffe-espresso-prestige-bar-1kg\/"},"modified":"2023-02-22T17:01:56","modified_gmt":"2023-02-22T16:01:56","slug":"cafe-grain-prestige-bar-expresso-italcaffe-1kg","status":"publish","type":"product","link":"https:\/\/italcaffe.it\/fr\/shop\/cafe-grain\/espresso\/cafe-grain-prestige-bar-expresso-italcaffe-1kg\/","title":{"rendered":"Caf\u00e9 en grain Prestige Expresso Italcaff\u00e8 Espresso Bar 1kg"},"content":{"rendered":"<p>Caf\u00e9 en grain <a href=\"https:\/\/youtu.be\/MJxji8HnIrA\" target=\"_blank\" rel=\"noopener\">Prestige<\/a> Expresso <a href=\"https:\/\/www.italcaffe.it\/fr\/histoire\/\" target=\"_blank\" rel=\"noopener\">Italcaff\u00e8<\/a> pour expresso de haute qualit\u00e9, fra\u00eechement torr\u00e9fi\u00e9, avec un go\u00fbt doux avec et un ar\u00f4me intense et raffin\u00e9.<\/p>\n<p>Il s\u2019agit d&#8217;un caf\u00e9 gourmet adress\u00e9s au professionnel le plus exigeant qui veulent un v\u00e9ritable espresso italien.<\/p>\n<p>Caf\u00e9 en grain <a href=\"https:\/\/youtu.be\/MJxji8HnIrA\" target=\"_blank\" rel=\"noopener\">Prestige<\/a> Expresso <a href=\"https:\/\/www.italcaffe.it\/fr\/histoire\/\" target=\"_blank\" rel=\"noopener\">Italcaff\u00e8<\/a> est un m\u00e9lange de caf\u00e9s pr\u00e9cieux dont le go\u00fbt est doux et l\u2019ar\u00f4me intensif et raffin\u00e9.<\/p>\n<p>C&#8217;est le produit pour celui qui d\u00e9sire le nec-plus-ultra.<\/p>\n<p>Le caf\u00e9 en grains Prestige Bar offre une combinaison riche de notes de chocolat, de fruits secs, des notes florales, de fruits frais et d\u2019\u00e9pices, un v\u00e9ritable bouquet qui \u00e9clot en bouche.<\/p>\n<p>Il s&#8217;agit d&#8217;un paquet de 1kg conditionn\u00e9 sous atmosph\u00e8re protectrice et avec une valve monodirectionnelle de garantie d\u2019ar\u00f4me.<\/p>\n<p>Donc est id\u00e9al pour conserver le go\u00fbt et la fra\u00eecheur des grains de caf\u00e9.<\/p>\n<p>En plus ces caract\u00e9ristiques garantissent une meilleure conservation dans le temps ainsi qu&#8217;une meilleure qualit\u00e9 du produit par rapport aux paquets de caf\u00e9 habituels que vous trouvez sur le march\u00e9.<\/p>\n<p>Depuis 1969 nous apportons le caf\u00e9 de notre terre au reste du monde.<\/p>\n<p>On voyage pour s\u00e9lectionner les meilleurs grains verts de caf\u00e9, que l\u2019on transforme en essences de premi\u00e8re qualit\u00e9 et go\u00fbt unique gr\u00e2ce \u00e0 notre passion, exp\u00e9rience et ma\u00eetrise.<\/p>\n<p class=\"paragr p-0\">Notre approche est que chaque grain de caf\u00e9 soit unique pour cr\u00e9er un espresso de qualit\u00e9.<\/p>\n<p class=\"paragr p-0\">C\u2019est pour cela que l\u2019on s\u00e9lectionne les meilleurs grains verts de caf\u00e9 qui proviennent de trois continents.\u00a0 Centre et Sud de l\u2019Am\u00e9rique, Afrique et Asie, pour rendre d\u00e9licieuse la saveur de l\u2019espresso Italcaff\u00e8.<\/p>\n<p class=\"paragr p-0\">Les grains sont s\u00e9lectionn\u00e9s un \u00e0 un et purifi\u00e9s pour passer aux diff\u00e9rentes phases de la torr\u00e9faction.<\/p>\n","protected":false},"excerpt":{"rendered":"<p style=\"text-align: justify;\">Caf\u00e9 en grain <a href=\"https:\/\/youtu.be\/MJxji8HnIrA\" target=\"_blank\" rel=\"noopener\">Prestige<\/a> Expresso <a href=\"https:\/\/www.italcaffe.it\/fr\/histoire\/\" target=\"_blank\" rel=\"noopener\">Italcaff\u00e8<\/a> pour expresso de haute qualit\u00e9, fra\u00eechement torr\u00e9fi\u00e9, avec un go\u00fbt doux avec et un ar\u00f4me intense et raffin\u00e9. Il s\u2019agit d&#8217;un caf\u00e9 gourmet adress\u00e9s au professionnel le plus exigeant qui veulent un v\u00e9ritable espresso italien. Caf\u00e9 en grain <a href=\"https:\/\/youtu.be\/MJxji8HnIrA\" target=\"_blank\" rel=\"noopener\">Prestige<\/a> Expresso <a href=\"https:\/\/www.italcaffe.it\/fr\/histoire\/\" target=\"_blank\" rel=\"noopener\">Italcaff\u00e8<\/a> est un m\u00e9lange de caf\u00e9s pr\u00e9cieux dont le go\u00fbt est doux et l\u2019ar\u00f4me intensif et raffin\u00e9. C&#8217;est le produit pour celui qui d\u00e9sire le nec-plus-ultra. Le caf\u00e9 en grains Prestige Bar offre une combinaison riche de notes de chocolat, de fruits secs, des notes florales, de fruits frais et d\u2019\u00e9pices, un v\u00e9ritable bouquet qui \u00e9clot en bouche.\u00a0 Il s&#8217;agit d&#8217;un paquet de 1kg conditionn\u00e9 sous atmosph\u00e8re protectrice et avec une valve monodirectionnelle de garantie d\u2019ar\u00f4me. Donc est id\u00e9al pour conserver le go\u00fbt et la fra\u00eecheur des grains de caf\u00e9.<br \/>\nATTENTION : Pour une commande de 6 kg de caf\u00e9<img loading=\"lazy\" decoding=\"async\" class=\"wp-image-30318 size-thumbnail alignright\" src=\"https:\/\/www.italcaffe.it\/wp-content\/uploads\/2023\/01\/Tazza-4-150x111.jpg\" alt=\"\" width=\"150\" height=\"111\" srcset=\"https:\/\/italcaffe.it\/wp-content\/uploads\/2023\/01\/Tazza-4-150x111.jpg 150w, https:\/\/italcaffe.it\/wp-content\/uploads\/2023\/01\/Tazza-4-120x89.jpg 120w, https:\/\/italcaffe.it\/wp-content\/uploads\/2023\/01\/Tazza-4-750x554.jpg 750w, https:\/\/italcaffe.it\/wp-content\/uploads\/2023\/01\/Tazza-4-300x221.jpg 300w, https:\/\/italcaffe.it\/wp-content\/uploads\/2023\/01\/Tazza-4-1024x756.jpg 1024w, https:\/\/italcaffe.it\/wp-content\/uploads\/2023\/01\/Tazza-4-768x567.jpg 768w, https:\/\/italcaffe.it\/wp-content\/uploads\/2023\/01\/Tazza-4.jpg 1535w\" sizes=\"auto, (max-width: 150px) 100vw, 150px\" \/> Prestige nous vous offrons gratuitement 1 tasse de caf\u00e9 ou de cappuccino en porcelaine de haute qualit\u00e9 de marque Italcaff\u00e8 et la livraison gratuite en France.<\/p>\n","protected":false},"featured_media":8389,"template":"","meta":{"_acf_changed":false},"product_brand":[],"product_cat":[299,300],"product_tag":[],"class_list":{"0":"post-23201","1":"product","2":"type-product","3":"status-publish","4":"has-post-thumbnail","6":"product_cat-cafe-grain","7":"product_cat-espresso","8":"pa_formato-grani-2-formato-1kg","10":"first","11":"instock","12":"taxable","13":"shipping-taxable","14":"product-type-grouped"},"acf":[],"yoast_head":"<!-- This site is optimized with the Yoast SEO plugin v27.0 - https:\/\/yoast.com\/product\/yoast-seo-wordpress\/ -->\n<title>Caf\u00e9 grain Prestige Expresso Italcaff\u00e8 Espresso Italien 1kg<\/title>\n<meta name=\"description\" content=\"Caf\u00e9 en grain Prestige Expresso Italcaff\u00e8 est un m\u00e9lange de caf\u00e9s pr\u00e9cieux dont le go\u00fbt est doux et l\u2019ar\u00f4me intensif et raffin\u00e9.\" \/>\n<meta name=\"robots\" content=\"index, follow, max-snippet:-1, max-image-preview:large, max-video-preview:-1\" \/>\n<link rel=\"canonical\" href=\"https:\/\/italcaffe.it\/fr\/shop\/cafe-grain\/espresso\/cafe-grain-prestige-bar-expresso-italcaffe-1kg\/\" \/>\n<meta property=\"og:locale\" content=\"fr_FR\" \/>\n<meta property=\"og:type\" content=\"article\" \/>\n<meta property=\"og:title\" content=\"Caf\u00e9 grain Prestige Expresso Italcaff\u00e8 Espresso Italien 1kg\" \/>\n<meta property=\"og:description\" content=\"Caf\u00e9 en grain Prestige Expresso Italcaff\u00e8 est un m\u00e9lange de caf\u00e9s pr\u00e9cieux dont le go\u00fbt est doux et l\u2019ar\u00f4me intensif et raffin\u00e9.\" \/>\n<meta property=\"og:url\" content=\"https:\/\/italcaffe.it\/fr\/shop\/cafe-grain\/espresso\/cafe-grain-prestige-bar-expresso-italcaffe-1kg\/\" \/>\n<meta property=\"og:site_name\" content=\"Italcaff\u00e8\" \/>\n<meta property=\"article:modified_time\" content=\"2023-02-22T16:01:56+00:00\" \/>\n<meta property=\"og:image\" content=\"https:\/\/italcaffe.it\/wp-content\/uploads\/2019\/10\/15-prestige.jpg\" \/>\n\t<meta property=\"og:image:width\" content=\"825\" \/>\n\t<meta property=\"og:image:height\" content=\"1100\" \/>\n\t<meta property=\"og:image:type\" content=\"image\/jpeg\" \/>\n<meta name=\"twitter:card\" content=\"summary_large_image\" \/>\n<meta name=\"twitter:label1\" content=\"Dur\u00e9e de lecture estim\u00e9e\" \/>\n\t<meta name=\"twitter:data1\" content=\"2 minutes\" \/>\n<script type=\"application\/ld+json\" class=\"yoast-schema-graph\">{\"@context\":\"https:\/\/schema.org\",\"@graph\":[{\"@type\":\"WebPage\",\"@id\":\"https:\/\/italcaffe.it\/fr\/shop\/cafe-grain\/espresso\/cafe-grain-prestige-bar-expresso-italcaffe-1kg\/\",\"url\":\"https:\/\/italcaffe.it\/fr\/shop\/cafe-grain\/espresso\/cafe-grain-prestige-bar-expresso-italcaffe-1kg\/\",\"name\":\"Caf\u00e9 grain Prestige Expresso Italcaff\u00e8 Espresso Italien 1kg\",\"isPartOf\":{\"@id\":\"https:\/\/italcaffe.it\/fr\/#website\"},\"primaryImageOfPage\":{\"@id\":\"https:\/\/italcaffe.it\/fr\/shop\/cafe-grain\/espresso\/cafe-grain-prestige-bar-expresso-italcaffe-1kg\/#primaryimage\"},\"image\":{\"@id\":\"https:\/\/italcaffe.it\/fr\/shop\/cafe-grain\/espresso\/cafe-grain-prestige-bar-expresso-italcaffe-1kg\/#primaryimage\"},\"thumbnailUrl\":\"https:\/\/italcaffe.it\/wp-content\/uploads\/2019\/10\/15-prestige.jpg\",\"datePublished\":\"2020-02-26T14:49:36+00:00\",\"dateModified\":\"2023-02-22T16:01:56+00:00\",\"description\":\"Caf\u00e9 en grain Prestige Expresso Italcaff\u00e8 est un m\u00e9lange de caf\u00e9s pr\u00e9cieux dont le go\u00fbt est doux et l\u2019ar\u00f4me intensif et raffin\u00e9.\",\"breadcrumb\":{\"@id\":\"https:\/\/italcaffe.it\/fr\/shop\/cafe-grain\/espresso\/cafe-grain-prestige-bar-expresso-italcaffe-1kg\/#breadcrumb\"},\"inLanguage\":\"fr-FR\",\"potentialAction\":[{\"@type\":\"ReadAction\",\"target\":[\"https:\/\/italcaffe.it\/fr\/shop\/cafe-grain\/espresso\/cafe-grain-prestige-bar-expresso-italcaffe-1kg\/\"]}]},{\"@type\":\"ImageObject\",\"inLanguage\":\"fr-FR\",\"@id\":\"https:\/\/italcaffe.it\/fr\/shop\/cafe-grain\/espresso\/cafe-grain-prestige-bar-expresso-italcaffe-1kg\/#primaryimage\",\"url\":\"https:\/\/italcaffe.it\/wp-content\/uploads\/2019\/10\/15-prestige.jpg\",\"contentUrl\":\"https:\/\/italcaffe.it\/wp-content\/uploads\/2019\/10\/15-prestige.jpg\",\"width\":825,\"height\":1100,\"caption\":\"Caf\u00e9 en grain Prestige Expresso Italcaff\u00e8 Espresso Bar 1kg\"},{\"@type\":\"BreadcrumbList\",\"@id\":\"https:\/\/italcaffe.it\/fr\/shop\/cafe-grain\/espresso\/cafe-grain-prestige-bar-expresso-italcaffe-1kg\/#breadcrumb\",\"itemListElement\":[{\"@type\":\"ListItem\",\"position\":1,\"name\":\"Home\",\"item\":\"https:\/\/italcaffe.it\/fr\/\"},{\"@type\":\"ListItem\",\"position\":2,\"name\":\"Shop\",\"item\":\"https:\/\/italcaffe.it\/fr\/shop\/\"},{\"@type\":\"ListItem\",\"position\":3,\"name\":\"Caf\u00e9 en grain Prestige Expresso Italcaff\u00e8 Espresso Bar 1kg\"}]},{\"@type\":\"WebSite\",\"@id\":\"https:\/\/italcaffe.it\/fr\/#website\",\"url\":\"https:\/\/italcaffe.it\/fr\/\",\"name\":\"Italcaff\u00e8\",\"description\":\"50 Anni insieme\",\"potentialAction\":[{\"@type\":\"SearchAction\",\"target\":{\"@type\":\"EntryPoint\",\"urlTemplate\":\"https:\/\/italcaffe.it\/fr\/?s={search_term_string}\"},\"query-input\":{\"@type\":\"PropertyValueSpecification\",\"valueRequired\":true,\"valueName\":\"search_term_string\"}}],\"inLanguage\":\"fr-FR\"}]}<\/script>\n<!-- \/ Yoast SEO plugin. -->","yoast_head_json":{"title":"Caf\u00e9 grain Prestige Expresso Italcaff\u00e8 Espresso Italien 1kg","description":"Caf\u00e9 en grain Prestige Expresso Italcaff\u00e8 est un m\u00e9lange de caf\u00e9s pr\u00e9cieux dont le go\u00fbt est doux et l\u2019ar\u00f4me intensif et raffin\u00e9.","robots":{"index":"index","follow":"follow","max-snippet":"max-snippet:-1","max-image-preview":"max-image-preview:large","max-video-preview":"max-video-preview:-1"},"canonical":"https:\/\/italcaffe.it\/fr\/shop\/cafe-grain\/espresso\/cafe-grain-prestige-bar-expresso-italcaffe-1kg\/","og_locale":"fr_FR","og_type":"article","og_title":"Caf\u00e9 grain Prestige Expresso Italcaff\u00e8 Espresso Italien 1kg","og_description":"Caf\u00e9 en grain Prestige Expresso Italcaff\u00e8 est un m\u00e9lange de caf\u00e9s pr\u00e9cieux dont le go\u00fbt est doux et l\u2019ar\u00f4me intensif et raffin\u00e9.","og_url":"https:\/\/italcaffe.it\/fr\/shop\/cafe-grain\/espresso\/cafe-grain-prestige-bar-expresso-italcaffe-1kg\/","og_site_name":"Italcaff\u00e8","article_modified_time":"2023-02-22T16:01:56+00:00","og_image":[{"width":825,"height":1100,"url":"https:\/\/italcaffe.it\/wp-content\/uploads\/2019\/10\/15-prestige.jpg","type":"image\/jpeg"}],"twitter_card":"summary_large_image","twitter_misc":{"Dur\u00e9e de lecture estim\u00e9e":"2 minutes"},"schema":{"@context":"https:\/\/schema.org","@graph":[{"@type":"WebPage","@id":"https:\/\/italcaffe.it\/fr\/shop\/cafe-grain\/espresso\/cafe-grain-prestige-bar-expresso-italcaffe-1kg\/","url":"https:\/\/italcaffe.it\/fr\/shop\/cafe-grain\/espresso\/cafe-grain-prestige-bar-expresso-italcaffe-1kg\/","name":"Caf\u00e9 grain Prestige Expresso Italcaff\u00e8 Espresso Italien 1kg","isPartOf":{"@id":"https:\/\/italcaffe.it\/fr\/#website"},"primaryImageOfPage":{"@id":"https:\/\/italcaffe.it\/fr\/shop\/cafe-grain\/espresso\/cafe-grain-prestige-bar-expresso-italcaffe-1kg\/#primaryimage"},"image":{"@id":"https:\/\/italcaffe.it\/fr\/shop\/cafe-grain\/espresso\/cafe-grain-prestige-bar-expresso-italcaffe-1kg\/#primaryimage"},"thumbnailUrl":"https:\/\/italcaffe.it\/wp-content\/uploads\/2019\/10\/15-prestige.jpg","datePublished":"2020-02-26T14:49:36+00:00","dateModified":"2023-02-22T16:01:56+00:00","description":"Caf\u00e9 en grain Prestige Expresso Italcaff\u00e8 est un m\u00e9lange de caf\u00e9s pr\u00e9cieux dont le go\u00fbt est doux et l\u2019ar\u00f4me intensif et raffin\u00e9.","breadcrumb":{"@id":"https:\/\/italcaffe.it\/fr\/shop\/cafe-grain\/espresso\/cafe-grain-prestige-bar-expresso-italcaffe-1kg\/#breadcrumb"},"inLanguage":"fr-FR","potentialAction":[{"@type":"ReadAction","target":["https:\/\/italcaffe.it\/fr\/shop\/cafe-grain\/espresso\/cafe-grain-prestige-bar-expresso-italcaffe-1kg\/"]}]},{"@type":"ImageObject","inLanguage":"fr-FR","@id":"https:\/\/italcaffe.it\/fr\/shop\/cafe-grain\/espresso\/cafe-grain-prestige-bar-expresso-italcaffe-1kg\/#primaryimage","url":"https:\/\/italcaffe.it\/wp-content\/uploads\/2019\/10\/15-prestige.jpg","contentUrl":"https:\/\/italcaffe.it\/wp-content\/uploads\/2019\/10\/15-prestige.jpg","width":825,"height":1100,"caption":"Caf\u00e9 en grain Prestige Expresso Italcaff\u00e8 Espresso Bar 1kg"},{"@type":"BreadcrumbList","@id":"https:\/\/italcaffe.it\/fr\/shop\/cafe-grain\/espresso\/cafe-grain-prestige-bar-expresso-italcaffe-1kg\/#breadcrumb","itemListElement":[{"@type":"ListItem","position":1,"name":"Home","item":"https:\/\/italcaffe.it\/fr\/"},{"@type":"ListItem","position":2,"name":"Shop","item":"https:\/\/italcaffe.it\/fr\/shop\/"},{"@type":"ListItem","position":3,"name":"Caf\u00e9 en grain Prestige Expresso Italcaff\u00e8 Espresso Bar 1kg"}]},{"@type":"WebSite","@id":"https:\/\/italcaffe.it\/fr\/#website","url":"https:\/\/italcaffe.it\/fr\/","name":"Italcaff\u00e8","description":"50 Anni insieme","potentialAction":[{"@type":"SearchAction","target":{"@type":"EntryPoint","urlTemplate":"https:\/\/italcaffe.it\/fr\/?s={search_term_string}"},"query-input":{"@type":"PropertyValueSpecification","valueRequired":true,"valueName":"search_term_string"}}],"inLanguage":"fr-FR"}]}},"_links":{"self":[{"href":"https:\/\/italcaffe.it\/fr\/wp-json\/wp\/v2\/product\/23201","targetHints":{"allow":["GET"]}}],"collection":[{"href":"https:\/\/italcaffe.it\/fr\/wp-json\/wp\/v2\/product"}],"about":[{"href":"https:\/\/italcaffe.it\/fr\/wp-json\/wp\/v2\/types\/product"}],"wp:featuredmedia":[{"embeddable":true,"href":"https:\/\/italcaffe.it\/fr\/wp-json\/wp\/v2\/media\/8389"}],"wp:attachment":[{"href":"https:\/\/italcaffe.it\/fr\/wp-json\/wp\/v2\/media?parent=23201"}],"wp:term":[{"taxonomy":"product_brand","embeddable":true,"href":"https:\/\/italcaffe.it\/fr\/wp-json\/wp\/v2\/product_brand?post=23201"},{"taxonomy":"product_cat","embeddable":true,"href":"https:\/\/italcaffe.it\/fr\/wp-json\/wp\/v2\/product_cat?post=23201"},{"taxonomy":"product_tag","embeddable":true,"href":"https:\/\/italcaffe.it\/fr\/wp-json\/wp\/v2\/product_tag?post=23201"}],"curies":[{"name":"wp","href":"https:\/\/api.w.org\/{rel}","templated":true}]}}