{"id":23205,"date":"2020-02-26T15:59:28","date_gmt":"2020-02-26T14:49:36","guid":{"rendered":"https:\/\/www.italcaffe.it\/product\/cafe-en-grains-expresso-italcaffe-tris-super-bar-3-x-1kg-espresso\/"},"modified":"2020-02-26T15:49:41","modified_gmt":"2020-02-26T14:49:41","slug":"tris-super-bar-3-x-1-kg-2","status":"publish","type":"product","link":"https:\/\/italcaffe.it\/fr\/shop\/cafe-grain\/espresso\/tris-super-bar-3-x-1-kg-2\/","title":{"rendered":"Caf\u00e9 en grains Expresso Italcaff\u00e8 TRIS SUPER BAR 3 x 1kg Espresso"},"content":{"rendered":"","protected":false},"excerpt":{"rendered":"<p>Caf\u00e9 expresso en grains Italcaff\u00e8 TRIS SUPER BAR 3 x 1 Kg<\/p>\n<p>1 kg Gusto &amp; Aroma + 1 kg Gran Crema + 1 kg Prestige Bar<\/p>\n<p>Caf\u00e9 en grains pour expresso de haute qualit\u00e9, fra\u00eechement torr\u00e9fi\u00e9. M\u00e9langes de caf\u00e9s Espresso en grains de haute qualit\u00e9 au gout plein et riche en corps avec un arome intense et raffin\u00e9, emball\u00e9s sous vide en paquet de 1 kg.<\/p>\n","protected":false},"featured_media":31806,"template":"","meta":{"_acf_changed":false},"product_brand":[],"product_cat":[299,300],"product_tag":[],"class_list":{"0":"post-23205","1":"product","2":"type-product","3":"status-publish","4":"has-post-thumbnail","6":"product_cat-cafe-grain","7":"product_cat-espresso","8":"pa_formato-grani-2-formato-1kg","10":"first","11":"instock","12":"taxable","13":"shipping-taxable","14":"product-type-grouped"},"acf":[],"yoast_head":"<!-- This site is optimized with the Yoast SEO plugin v27.0 - https:\/\/yoast.com\/product\/yoast-seo-wordpress\/ -->\n<title>Caf\u00e9 en grains Expresso Italcaff\u00e8 TRIS SUPER BAR 3 x 1kg Espresso - Italcaff\u00e8<\/title>\n<meta name=\"robots\" content=\"index, follow, max-snippet:-1, max-image-preview:large, max-video-preview:-1\" \/>\n<link rel=\"canonical\" href=\"https:\/\/italcaffe.it\/fr\/shop\/cafe-grain\/espresso\/tris-super-bar-3-x-1-kg-2\/\" \/>\n<meta property=\"og:locale\" content=\"fr_FR\" \/>\n<meta property=\"og:type\" content=\"article\" \/>\n<meta property=\"og:title\" content=\"Caf\u00e9 en grains Expresso Italcaff\u00e8 TRIS SUPER BAR 3 x 1kg Espresso - Italcaff\u00e8\" \/>\n<meta property=\"og:description\" content=\"Caf\u00e9 expresso en grains Italcaff\u00e8 TRIS SUPER BAR 3 x 1 Kg 1 kg Gusto &amp; Aroma + 1 kg Gran Crema + 1 kg Prestige Bar Caf\u00e9 en grains pour expresso de haute qualit\u00e9, fra\u00eechement torr\u00e9fi\u00e9. M\u00e9langes de caf\u00e9s Espresso en grains de haute qualit\u00e9 au gout plein et riche en corps avec un arome intense et raffin\u00e9, emball\u00e9s sous vide en paquet de 1 kg.\" \/>\n<meta property=\"og:url\" content=\"https:\/\/italcaffe.it\/fr\/shop\/cafe-grain\/espresso\/tris-super-bar-3-x-1-kg-2\/\" \/>\n<meta property=\"og:site_name\" content=\"Italcaff\u00e8\" \/>\n<meta property=\"article:modified_time\" content=\"2020-02-26T14:49:41+00:00\" \/>\n<meta property=\"og:image\" content=\"https:\/\/italcaffe.it\/wp-content\/uploads\/2024\/06\/Tris-Super-Bar.jpg\" \/>\n\t<meta property=\"og:image:width\" content=\"1200\" \/>\n\t<meta property=\"og:image:height\" content=\"1200\" \/>\n\t<meta property=\"og:image:type\" content=\"image\/jpeg\" \/>\n<meta name=\"twitter:card\" content=\"summary_large_image\" \/>\n<script type=\"application\/ld+json\" class=\"yoast-schema-graph\">{\"@context\":\"https:\/\/schema.org\",\"@graph\":[{\"@type\":\"WebPage\",\"@id\":\"https:\/\/italcaffe.it\/fr\/shop\/cafe-grain\/espresso\/tris-super-bar-3-x-1-kg-2\/\",\"url\":\"https:\/\/italcaffe.it\/fr\/shop\/cafe-grain\/espresso\/tris-super-bar-3-x-1-kg-2\/\",\"name\":\"Caf\u00e9 en grains Expresso Italcaff\u00e8 TRIS SUPER BAR 3 x 1kg Espresso - Italcaff\u00e8\",\"isPartOf\":{\"@id\":\"https:\/\/italcaffe.it\/fr\/#website\"},\"primaryImageOfPage\":{\"@id\":\"https:\/\/italcaffe.it\/fr\/shop\/cafe-grain\/espresso\/tris-super-bar-3-x-1-kg-2\/#primaryimage\"},\"image\":{\"@id\":\"https:\/\/italcaffe.it\/fr\/shop\/cafe-grain\/espresso\/tris-super-bar-3-x-1-kg-2\/#primaryimage\"},\"thumbnailUrl\":\"https:\/\/italcaffe.it\/wp-content\/uploads\/2024\/06\/Tris-Super-Bar.jpg\",\"datePublished\":\"2020-02-26T14:49:36+00:00\",\"dateModified\":\"2020-02-26T14:49:41+00:00\",\"breadcrumb\":{\"@id\":\"https:\/\/italcaffe.it\/fr\/shop\/cafe-grain\/espresso\/tris-super-bar-3-x-1-kg-2\/#breadcrumb\"},\"inLanguage\":\"fr-FR\",\"potentialAction\":[{\"@type\":\"ReadAction\",\"target\":[\"https:\/\/italcaffe.it\/fr\/shop\/cafe-grain\/espresso\/tris-super-bar-3-x-1-kg-2\/\"]}]},{\"@type\":\"ImageObject\",\"inLanguage\":\"fr-FR\",\"@id\":\"https:\/\/italcaffe.it\/fr\/shop\/cafe-grain\/espresso\/tris-super-bar-3-x-1-kg-2\/#primaryimage\",\"url\":\"https:\/\/italcaffe.it\/wp-content\/uploads\/2024\/06\/Tris-Super-Bar.jpg\",\"contentUrl\":\"https:\/\/italcaffe.it\/wp-content\/uploads\/2024\/06\/Tris-Super-Bar.jpg\",\"width\":1200,\"height\":1200,\"caption\":\"Caff\u00e8 in grani Super Bar in sacchetti da 1kg composto da Gusto e Aroma 1kg + Gran Crema 1kg + Prestige 1kg\"},{\"@type\":\"BreadcrumbList\",\"@id\":\"https:\/\/italcaffe.it\/fr\/shop\/cafe-grain\/espresso\/tris-super-bar-3-x-1-kg-2\/#breadcrumb\",\"itemListElement\":[{\"@type\":\"ListItem\",\"position\":1,\"name\":\"Home\",\"item\":\"https:\/\/italcaffe.it\/fr\/\"},{\"@type\":\"ListItem\",\"position\":2,\"name\":\"Shop\",\"item\":\"https:\/\/italcaffe.it\/fr\/shop\/\"},{\"@type\":\"ListItem\",\"position\":3,\"name\":\"Caf\u00e9 en grains Expresso Italcaff\u00e8 TRIS SUPER BAR 3 x 1kg Espresso\"}]},{\"@type\":\"WebSite\",\"@id\":\"https:\/\/italcaffe.it\/fr\/#website\",\"url\":\"https:\/\/italcaffe.it\/fr\/\",\"name\":\"Italcaff\u00e8\",\"description\":\"50 Anni insieme\",\"potentialAction\":[{\"@type\":\"SearchAction\",\"target\":{\"@type\":\"EntryPoint\",\"urlTemplate\":\"https:\/\/italcaffe.it\/fr\/?s={search_term_string}\"},\"query-input\":{\"@type\":\"PropertyValueSpecification\",\"valueRequired\":true,\"valueName\":\"search_term_string\"}}],\"inLanguage\":\"fr-FR\"}]}<\/script>\n<!-- \/ Yoast SEO plugin. -->","yoast_head_json":{"title":"Caf\u00e9 en grains Expresso Italcaff\u00e8 TRIS SUPER BAR 3 x 1kg Espresso - Italcaff\u00e8","robots":{"index":"index","follow":"follow","max-snippet":"max-snippet:-1","max-image-preview":"max-image-preview:large","max-video-preview":"max-video-preview:-1"},"canonical":"https:\/\/italcaffe.it\/fr\/shop\/cafe-grain\/espresso\/tris-super-bar-3-x-1-kg-2\/","og_locale":"fr_FR","og_type":"article","og_title":"Caf\u00e9 en grains Expresso Italcaff\u00e8 TRIS SUPER BAR 3 x 1kg Espresso - Italcaff\u00e8","og_description":"Caf\u00e9 expresso en grains Italcaff\u00e8 TRIS SUPER BAR 3 x 1 Kg 1 kg Gusto &amp; Aroma + 1 kg Gran Crema + 1 kg Prestige Bar Caf\u00e9 en grains pour expresso de haute qualit\u00e9, fra\u00eechement torr\u00e9fi\u00e9. M\u00e9langes de caf\u00e9s Espresso en grains de haute qualit\u00e9 au gout plein et riche en corps avec un arome intense et raffin\u00e9, emball\u00e9s sous vide en paquet de 1 kg.","og_url":"https:\/\/italcaffe.it\/fr\/shop\/cafe-grain\/espresso\/tris-super-bar-3-x-1-kg-2\/","og_site_name":"Italcaff\u00e8","article_modified_time":"2020-02-26T14:49:41+00:00","og_image":[{"width":1200,"height":1200,"url":"https:\/\/italcaffe.it\/wp-content\/uploads\/2024\/06\/Tris-Super-Bar.jpg","type":"image\/jpeg"}],"twitter_card":"summary_large_image","schema":{"@context":"https:\/\/schema.org","@graph":[{"@type":"WebPage","@id":"https:\/\/italcaffe.it\/fr\/shop\/cafe-grain\/espresso\/tris-super-bar-3-x-1-kg-2\/","url":"https:\/\/italcaffe.it\/fr\/shop\/cafe-grain\/espresso\/tris-super-bar-3-x-1-kg-2\/","name":"Caf\u00e9 en grains Expresso Italcaff\u00e8 TRIS SUPER BAR 3 x 1kg Espresso - Italcaff\u00e8","isPartOf":{"@id":"https:\/\/italcaffe.it\/fr\/#website"},"primaryImageOfPage":{"@id":"https:\/\/italcaffe.it\/fr\/shop\/cafe-grain\/espresso\/tris-super-bar-3-x-1-kg-2\/#primaryimage"},"image":{"@id":"https:\/\/italcaffe.it\/fr\/shop\/cafe-grain\/espresso\/tris-super-bar-3-x-1-kg-2\/#primaryimage"},"thumbnailUrl":"https:\/\/italcaffe.it\/wp-content\/uploads\/2024\/06\/Tris-Super-Bar.jpg","datePublished":"2020-02-26T14:49:36+00:00","dateModified":"2020-02-26T14:49:41+00:00","breadcrumb":{"@id":"https:\/\/italcaffe.it\/fr\/shop\/cafe-grain\/espresso\/tris-super-bar-3-x-1-kg-2\/#breadcrumb"},"inLanguage":"fr-FR","potentialAction":[{"@type":"ReadAction","target":["https:\/\/italcaffe.it\/fr\/shop\/cafe-grain\/espresso\/tris-super-bar-3-x-1-kg-2\/"]}]},{"@type":"ImageObject","inLanguage":"fr-FR","@id":"https:\/\/italcaffe.it\/fr\/shop\/cafe-grain\/espresso\/tris-super-bar-3-x-1-kg-2\/#primaryimage","url":"https:\/\/italcaffe.it\/wp-content\/uploads\/2024\/06\/Tris-Super-Bar.jpg","contentUrl":"https:\/\/italcaffe.it\/wp-content\/uploads\/2024\/06\/Tris-Super-Bar.jpg","width":1200,"height":1200,"caption":"Caff\u00e8 in grani Super Bar in sacchetti da 1kg composto da Gusto e Aroma 1kg + Gran Crema 1kg + Prestige 1kg"},{"@type":"BreadcrumbList","@id":"https:\/\/italcaffe.it\/fr\/shop\/cafe-grain\/espresso\/tris-super-bar-3-x-1-kg-2\/#breadcrumb","itemListElement":[{"@type":"ListItem","position":1,"name":"Home","item":"https:\/\/italcaffe.it\/fr\/"},{"@type":"ListItem","position":2,"name":"Shop","item":"https:\/\/italcaffe.it\/fr\/shop\/"},{"@type":"ListItem","position":3,"name":"Caf\u00e9 en grains Expresso Italcaff\u00e8 TRIS SUPER BAR 3 x 1kg Espresso"}]},{"@type":"WebSite","@id":"https:\/\/italcaffe.it\/fr\/#website","url":"https:\/\/italcaffe.it\/fr\/","name":"Italcaff\u00e8","description":"50 Anni insieme","potentialAction":[{"@type":"SearchAction","target":{"@type":"EntryPoint","urlTemplate":"https:\/\/italcaffe.it\/fr\/?s={search_term_string}"},"query-input":{"@type":"PropertyValueSpecification","valueRequired":true,"valueName":"search_term_string"}}],"inLanguage":"fr-FR"}]}},"_links":{"self":[{"href":"https:\/\/italcaffe.it\/fr\/wp-json\/wp\/v2\/product\/23205","targetHints":{"allow":["GET"]}}],"collection":[{"href":"https:\/\/italcaffe.it\/fr\/wp-json\/wp\/v2\/product"}],"about":[{"href":"https:\/\/italcaffe.it\/fr\/wp-json\/wp\/v2\/types\/product"}],"wp:featuredmedia":[{"embeddable":true,"href":"https:\/\/italcaffe.it\/fr\/wp-json\/wp\/v2\/media\/31806"}],"wp:attachment":[{"href":"https:\/\/italcaffe.it\/fr\/wp-json\/wp\/v2\/media?parent=23205"}],"wp:term":[{"taxonomy":"product_brand","embeddable":true,"href":"https:\/\/italcaffe.it\/fr\/wp-json\/wp\/v2\/product_brand?post=23205"},{"taxonomy":"product_cat","embeddable":true,"href":"https:\/\/italcaffe.it\/fr\/wp-json\/wp\/v2\/product_cat?post=23205"},{"taxonomy":"product_tag","embeddable":true,"href":"https:\/\/italcaffe.it\/fr\/wp-json\/wp\/v2\/product_tag?post=23205"}],"curies":[{"name":"wp","href":"https:\/\/api.w.org\/{rel}","templated":true}]}}