{"id":23226,"date":"2020-02-26T15:59:36","date_gmt":"2020-02-26T14:49:42","guid":{"rendered":"https:\/\/www.italcaffe.it\/?post_type=product&#038;p=23226"},"modified":"2024-04-12T13:14:27","modified_gmt":"2024-04-12T12:14:27","slug":"2-x-150-x-7-gr-dosettes-de-cafe-uniquement","status":"publish","type":"product","link":"https:\/\/italcaffe.it\/fr\/shop\/dosettes-ese-44mm\/espresso-bar-italien\/2-x-150-x-7-gr-dosettes-de-cafe-uniquement\/","title":{"rendered":"2 x ( 100 x 7 gr. ) Dosettes de caf\u00e9 Espresso Bar"},"content":{"rendered":"","protected":false},"excerpt":{"rendered":"<p>Dosettes de caf\u00e9 Italcaffe Espresso Bar Compatibles ESE<\/p>\n<p>Dosettes de caf\u00e9 pour expresso de haute qualit\u00e9. Compatibles ESE . Il s\u2019agit d&#8217;un caf\u00e9 gourmet moulu qui s&#8217;adresse au client le plus exigeant qui veulent un v\u00e9ritable expresso italien.<\/p>\n<p>Les dosettes Italcaff\u00e9 sont pr\u00e9par\u00e9es avec un m\u00e9lange provenant des meilleurs caf\u00e9s du monde avec un grammage pr\u00e9-mesur\u00e9, pr\u00e9-compress\u00e9 et moulu uniform\u00e9ment.<\/p>\n<p>Nos dosettes mono usage de 7 grammes de caf\u00e9 offrent l\u2019avantage d\u2019un produit qui maintient ses caract\u00e9ristiques parfaitement inalt\u00e9r\u00e9es dans le temps<\/p>\n","protected":false},"featured_media":9745,"template":"","meta":{"_acf_changed":false},"product_brand":[],"product_cat":[305,306],"product_tag":[],"class_list":{"0":"post-23226","1":"product","2":"type-product","3":"status-publish","4":"has-post-thumbnail","6":"product_cat-dosettes-ese-44mm","7":"product_cat-espresso-bar-italien","9":"first","10":"instock","11":"taxable","12":"shipping-taxable","13":"purchasable","14":"product-type-simple"},"acf":[],"yoast_head":"<!-- This site is optimized with the Yoast SEO plugin v27.0 - https:\/\/yoast.com\/product\/yoast-seo-wordpress\/ -->\n<title>2 x ( 100 x 7 gr. ) Dosettes de caf\u00e9 Espresso Bar - Italcaff\u00e8<\/title>\n<meta name=\"robots\" content=\"index, follow, max-snippet:-1, max-image-preview:large, max-video-preview:-1\" \/>\n<link rel=\"canonical\" href=\"https:\/\/italcaffe.it\/fr\/shop\/dosettes-ese-44mm\/espresso-bar-italien\/2-x-150-x-7-gr-dosettes-de-cafe-uniquement\/\" \/>\n<meta property=\"og:locale\" content=\"fr_FR\" \/>\n<meta property=\"og:type\" content=\"article\" \/>\n<meta property=\"og:title\" content=\"2 x ( 100 x 7 gr. ) Dosettes de caf\u00e9 Espresso Bar - Italcaff\u00e8\" \/>\n<meta property=\"og:description\" content=\"Dosettes de caf\u00e9 Italcaffe Espresso Bar Compatibles ESE  Dosettes de caf\u00e9 pour expresso de haute qualit\u00e9. Compatibles ESE . Il s\u2019agit d&#039;un caf\u00e9 gourmet moulu qui s&#039;adresse au client le plus exigeant qui veulent un v\u00e9ritable expresso italien.  Les dosettes Italcaff\u00e9 sont pr\u00e9par\u00e9es avec un m\u00e9lange provenant des meilleurs caf\u00e9s du monde avec un grammage pr\u00e9-mesur\u00e9, pr\u00e9-compress\u00e9 et moulu uniform\u00e9ment.  Nos dosettes mono usage de 7 grammes de caf\u00e9 offrent l\u2019avantage d\u2019un produit qui maintient ses caract\u00e9ristiques parfaitement inalt\u00e9r\u00e9es dans le temps\" \/>\n<meta property=\"og:url\" content=\"https:\/\/italcaffe.it\/fr\/shop\/dosettes-ese-44mm\/espresso-bar-italien\/2-x-150-x-7-gr-dosettes-de-cafe-uniquement\/\" \/>\n<meta property=\"og:site_name\" content=\"Italcaff\u00e8\" \/>\n<meta property=\"article:modified_time\" content=\"2024-04-12T12:14:27+00:00\" \/>\n<meta property=\"og:image\" content=\"https:\/\/italcaffe.it\/wp-content\/uploads\/2016\/05\/2105_108_cialde-espbar-grande_1.jpg\" \/>\n\t<meta property=\"og:image:width\" content=\"825\" \/>\n\t<meta property=\"og:image:height\" content=\"1100\" \/>\n\t<meta property=\"og:image:type\" content=\"image\/jpeg\" \/>\n<meta name=\"twitter:card\" content=\"summary_large_image\" \/>\n<script type=\"application\/ld+json\" class=\"yoast-schema-graph\">{\"@context\":\"https:\/\/schema.org\",\"@graph\":[{\"@type\":\"WebPage\",\"@id\":\"https:\/\/italcaffe.it\/fr\/shop\/dosettes-ese-44mm\/espresso-bar-italien\/2-x-150-x-7-gr-dosettes-de-cafe-uniquement\/\",\"url\":\"https:\/\/italcaffe.it\/fr\/shop\/dosettes-ese-44mm\/espresso-bar-italien\/2-x-150-x-7-gr-dosettes-de-cafe-uniquement\/\",\"name\":\"2 x ( 100 x 7 gr. ) Dosettes de caf\u00e9 Espresso Bar - Italcaff\u00e8\",\"isPartOf\":{\"@id\":\"https:\/\/italcaffe.it\/fr\/#website\"},\"primaryImageOfPage\":{\"@id\":\"https:\/\/italcaffe.it\/fr\/shop\/dosettes-ese-44mm\/espresso-bar-italien\/2-x-150-x-7-gr-dosettes-de-cafe-uniquement\/#primaryimage\"},\"image\":{\"@id\":\"https:\/\/italcaffe.it\/fr\/shop\/dosettes-ese-44mm\/espresso-bar-italien\/2-x-150-x-7-gr-dosettes-de-cafe-uniquement\/#primaryimage\"},\"thumbnailUrl\":\"https:\/\/italcaffe.it\/wp-content\/uploads\/2016\/05\/2105_108_cialde-espbar-grande_1.jpg\",\"datePublished\":\"2020-02-26T14:49:42+00:00\",\"dateModified\":\"2024-04-12T12:14:27+00:00\",\"breadcrumb\":{\"@id\":\"https:\/\/italcaffe.it\/fr\/shop\/dosettes-ese-44mm\/espresso-bar-italien\/2-x-150-x-7-gr-dosettes-de-cafe-uniquement\/#breadcrumb\"},\"inLanguage\":\"fr-FR\",\"potentialAction\":[{\"@type\":\"ReadAction\",\"target\":[\"https:\/\/italcaffe.it\/fr\/shop\/dosettes-ese-44mm\/espresso-bar-italien\/2-x-150-x-7-gr-dosettes-de-cafe-uniquement\/\"]}]},{\"@type\":\"ImageObject\",\"inLanguage\":\"fr-FR\",\"@id\":\"https:\/\/italcaffe.it\/fr\/shop\/dosettes-ese-44mm\/espresso-bar-italien\/2-x-150-x-7-gr-dosettes-de-cafe-uniquement\/#primaryimage\",\"url\":\"https:\/\/italcaffe.it\/wp-content\/uploads\/2016\/05\/2105_108_cialde-espbar-grande_1.jpg\",\"contentUrl\":\"https:\/\/italcaffe.it\/wp-content\/uploads\/2016\/05\/2105_108_cialde-espbar-grande_1.jpg\",\"width\":825,\"height\":1100,\"caption\":\"150 ESE Kaffeepads Italcaff\u00e8 Espresso Bar 44mm Espressopads Kompostierbar\"},{\"@type\":\"BreadcrumbList\",\"@id\":\"https:\/\/italcaffe.it\/fr\/shop\/dosettes-ese-44mm\/espresso-bar-italien\/2-x-150-x-7-gr-dosettes-de-cafe-uniquement\/#breadcrumb\",\"itemListElement\":[{\"@type\":\"ListItem\",\"position\":1,\"name\":\"Home\",\"item\":\"https:\/\/italcaffe.it\/fr\/\"},{\"@type\":\"ListItem\",\"position\":2,\"name\":\"Shop\",\"item\":\"https:\/\/italcaffe.it\/fr\/shop\/\"},{\"@type\":\"ListItem\",\"position\":3,\"name\":\"2 x ( 100 x 7 gr. ) Dosettes de caf\u00e9 Espresso Bar\"}]},{\"@type\":\"WebSite\",\"@id\":\"https:\/\/italcaffe.it\/fr\/#website\",\"url\":\"https:\/\/italcaffe.it\/fr\/\",\"name\":\"Italcaff\u00e8\",\"description\":\"50 Anni insieme\",\"potentialAction\":[{\"@type\":\"SearchAction\",\"target\":{\"@type\":\"EntryPoint\",\"urlTemplate\":\"https:\/\/italcaffe.it\/fr\/?s={search_term_string}\"},\"query-input\":{\"@type\":\"PropertyValueSpecification\",\"valueRequired\":true,\"valueName\":\"search_term_string\"}}],\"inLanguage\":\"fr-FR\"}]}<\/script>\n<!-- \/ Yoast SEO plugin. -->","yoast_head_json":{"title":"2 x ( 100 x 7 gr. ) Dosettes de caf\u00e9 Espresso Bar - Italcaff\u00e8","robots":{"index":"index","follow":"follow","max-snippet":"max-snippet:-1","max-image-preview":"max-image-preview:large","max-video-preview":"max-video-preview:-1"},"canonical":"https:\/\/italcaffe.it\/fr\/shop\/dosettes-ese-44mm\/espresso-bar-italien\/2-x-150-x-7-gr-dosettes-de-cafe-uniquement\/","og_locale":"fr_FR","og_type":"article","og_title":"2 x ( 100 x 7 gr. ) Dosettes de caf\u00e9 Espresso Bar - Italcaff\u00e8","og_description":"Dosettes de caf\u00e9 Italcaffe Espresso Bar Compatibles ESE  Dosettes de caf\u00e9 pour expresso de haute qualit\u00e9. Compatibles ESE . Il s\u2019agit d'un caf\u00e9 gourmet moulu qui s'adresse au client le plus exigeant qui veulent un v\u00e9ritable expresso italien.  Les dosettes Italcaff\u00e9 sont pr\u00e9par\u00e9es avec un m\u00e9lange provenant des meilleurs caf\u00e9s du monde avec un grammage pr\u00e9-mesur\u00e9, pr\u00e9-compress\u00e9 et moulu uniform\u00e9ment.  Nos dosettes mono usage de 7 grammes de caf\u00e9 offrent l\u2019avantage d\u2019un produit qui maintient ses caract\u00e9ristiques parfaitement inalt\u00e9r\u00e9es dans le temps","og_url":"https:\/\/italcaffe.it\/fr\/shop\/dosettes-ese-44mm\/espresso-bar-italien\/2-x-150-x-7-gr-dosettes-de-cafe-uniquement\/","og_site_name":"Italcaff\u00e8","article_modified_time":"2024-04-12T12:14:27+00:00","og_image":[{"width":825,"height":1100,"url":"https:\/\/italcaffe.it\/wp-content\/uploads\/2016\/05\/2105_108_cialde-espbar-grande_1.jpg","type":"image\/jpeg"}],"twitter_card":"summary_large_image","schema":{"@context":"https:\/\/schema.org","@graph":[{"@type":"WebPage","@id":"https:\/\/italcaffe.it\/fr\/shop\/dosettes-ese-44mm\/espresso-bar-italien\/2-x-150-x-7-gr-dosettes-de-cafe-uniquement\/","url":"https:\/\/italcaffe.it\/fr\/shop\/dosettes-ese-44mm\/espresso-bar-italien\/2-x-150-x-7-gr-dosettes-de-cafe-uniquement\/","name":"2 x ( 100 x 7 gr. ) Dosettes de caf\u00e9 Espresso Bar - Italcaff\u00e8","isPartOf":{"@id":"https:\/\/italcaffe.it\/fr\/#website"},"primaryImageOfPage":{"@id":"https:\/\/italcaffe.it\/fr\/shop\/dosettes-ese-44mm\/espresso-bar-italien\/2-x-150-x-7-gr-dosettes-de-cafe-uniquement\/#primaryimage"},"image":{"@id":"https:\/\/italcaffe.it\/fr\/shop\/dosettes-ese-44mm\/espresso-bar-italien\/2-x-150-x-7-gr-dosettes-de-cafe-uniquement\/#primaryimage"},"thumbnailUrl":"https:\/\/italcaffe.it\/wp-content\/uploads\/2016\/05\/2105_108_cialde-espbar-grande_1.jpg","datePublished":"2020-02-26T14:49:42+00:00","dateModified":"2024-04-12T12:14:27+00:00","breadcrumb":{"@id":"https:\/\/italcaffe.it\/fr\/shop\/dosettes-ese-44mm\/espresso-bar-italien\/2-x-150-x-7-gr-dosettes-de-cafe-uniquement\/#breadcrumb"},"inLanguage":"fr-FR","potentialAction":[{"@type":"ReadAction","target":["https:\/\/italcaffe.it\/fr\/shop\/dosettes-ese-44mm\/espresso-bar-italien\/2-x-150-x-7-gr-dosettes-de-cafe-uniquement\/"]}]},{"@type":"ImageObject","inLanguage":"fr-FR","@id":"https:\/\/italcaffe.it\/fr\/shop\/dosettes-ese-44mm\/espresso-bar-italien\/2-x-150-x-7-gr-dosettes-de-cafe-uniquement\/#primaryimage","url":"https:\/\/italcaffe.it\/wp-content\/uploads\/2016\/05\/2105_108_cialde-espbar-grande_1.jpg","contentUrl":"https:\/\/italcaffe.it\/wp-content\/uploads\/2016\/05\/2105_108_cialde-espbar-grande_1.jpg","width":825,"height":1100,"caption":"150 ESE Kaffeepads Italcaff\u00e8 Espresso Bar 44mm Espressopads Kompostierbar"},{"@type":"BreadcrumbList","@id":"https:\/\/italcaffe.it\/fr\/shop\/dosettes-ese-44mm\/espresso-bar-italien\/2-x-150-x-7-gr-dosettes-de-cafe-uniquement\/#breadcrumb","itemListElement":[{"@type":"ListItem","position":1,"name":"Home","item":"https:\/\/italcaffe.it\/fr\/"},{"@type":"ListItem","position":2,"name":"Shop","item":"https:\/\/italcaffe.it\/fr\/shop\/"},{"@type":"ListItem","position":3,"name":"2 x ( 100 x 7 gr. ) Dosettes de caf\u00e9 Espresso Bar"}]},{"@type":"WebSite","@id":"https:\/\/italcaffe.it\/fr\/#website","url":"https:\/\/italcaffe.it\/fr\/","name":"Italcaff\u00e8","description":"50 Anni insieme","potentialAction":[{"@type":"SearchAction","target":{"@type":"EntryPoint","urlTemplate":"https:\/\/italcaffe.it\/fr\/?s={search_term_string}"},"query-input":{"@type":"PropertyValueSpecification","valueRequired":true,"valueName":"search_term_string"}}],"inLanguage":"fr-FR"}]}},"_links":{"self":[{"href":"https:\/\/italcaffe.it\/fr\/wp-json\/wp\/v2\/product\/23226","targetHints":{"allow":["GET"]}}],"collection":[{"href":"https:\/\/italcaffe.it\/fr\/wp-json\/wp\/v2\/product"}],"about":[{"href":"https:\/\/italcaffe.it\/fr\/wp-json\/wp\/v2\/types\/product"}],"wp:featuredmedia":[{"embeddable":true,"href":"https:\/\/italcaffe.it\/fr\/wp-json\/wp\/v2\/media\/9745"}],"wp:attachment":[{"href":"https:\/\/italcaffe.it\/fr\/wp-json\/wp\/v2\/media?parent=23226"}],"wp:term":[{"taxonomy":"product_brand","embeddable":true,"href":"https:\/\/italcaffe.it\/fr\/wp-json\/wp\/v2\/product_brand?post=23226"},{"taxonomy":"product_cat","embeddable":true,"href":"https:\/\/italcaffe.it\/fr\/wp-json\/wp\/v2\/product_cat?post=23226"},{"taxonomy":"product_tag","embeddable":true,"href":"https:\/\/italcaffe.it\/fr\/wp-json\/wp\/v2\/product_tag?post=23226"}],"curies":[{"name":"wp","href":"https:\/\/api.w.org\/{rel}","templated":true}]}}