{"id":23227,"date":"2020-02-26T15:59:43","date_gmt":"2020-02-26T14:49:49","guid":{"rendered":"https:\/\/www.italcaffe.it\/product\/150-dosettes-cafe-ese-italcaffe-espresso-bar-44mm-en-papier-filtre-compostable\/"},"modified":"2022-01-26T14:14:18","modified_gmt":"2022-01-26T13:14:18","slug":"italcaffe-espresso-bar-papier-filtre-compostable","status":"publish","type":"product","link":"https:\/\/italcaffe.it\/fr\/shop\/dosettes-ese-44mm\/espresso-bar-italien\/italcaffe-espresso-bar-papier-filtre-compostable\/","title":{"rendered":"100 Dosettes Cafe ESE Italcaff\u00e8 Espresso Bar 44mm en Papier Filtre Compostable"},"content":{"rendered":"<p style=\"text-align: justify\"><span style=\"color: #000000;font-family: Arial;font-size: 13px;font-style: normal;font-weight: 400;letter-spacing: normal;text-align: left;text-indent: 0px;text-transform: none;background-color: #ffffff;float: none\">Dosettes de caf\u00e9 pour Espresso de haute qualit\u00e9 en papier filtre compostable.<\/span><\/p>\n<p style=\"text-align: justify\"><span style=\"color: #000000;font-family: Arial;font-size: 13px;font-style: normal;font-weight: 400;letter-spacing: normal;text-align: left;text-indent: 0px;text-transform: none;background-color: #ffffff;float: none\">Il s\u2019agit d&#8217;un caf\u00e9 gourmet moulu qui s&#8217;adresse au client le plus exigeant qui veulent un v\u00e9ritable expresso italien.<\/span><\/p>\n<p style=\"text-align: justify\"><span style=\"color: #000000;font-family: Arial;font-size: 13px;font-style: normal;font-weight: 400;letter-spacing: normal;text-align: left;text-indent: 0px;text-transform: none;background-color: #ffffff;float: none\">Les dosettes Italcaff\u00e9 sont pr\u00e9par\u00e9es avec un m\u00e9lange provenant des meilleurs caf\u00e9s du monde avec un grammage pr\u00e9-mesur\u00e9, pr\u00e9-compress\u00e9 et moulu uniform\u00e9ment.<\/span><\/p>\n<p style=\"text-align: justify\"><span style=\"color: #000000;font-family: Arial;font-size: 13px;font-style: normal;font-weight: 400;letter-spacing: normal;text-align: left;text-indent: 0px;text-transform: none;background-color: #ffffff;float: none\">Chaque dosette contient environ sept grammes de caf\u00e9 compress\u00e9s dans un emballage filtrant alimentaire et emball\u00e9 sous atmosph\u00e8re protectrice.<\/span><\/p>\n<p style=\"text-align: justify\"><span style=\"color: #000000;font-family: Arial;font-size: 13px;font-style: normal;font-weight: 400;letter-spacing: normal;text-align: left;text-indent: 0px;text-transform: none;background-color: #ffffff;float: none\">Nos dosettes mono usage de 7 grammes de caf\u00e9 offrent l\u2019avantage d\u2019un produit qui maintient ses caract\u00e9ristiques parfaitement inalt\u00e9r\u00e9es dans le temps.<\/span><\/p>\n<p style=\"text-align: justify\"><span style=\"color: #000000;font-family: Arial;font-size: 13px;font-style: normal;font-weight: 400;letter-spacing: normal;text-align: left;text-indent: 0px;text-transform: none;background-color: #ffffff;float: none\">Dosette compatible avec les machines de type ESE\u00ae.<\/span><\/p>\n<p style=\"text-align: justify\"><span style=\"color: #000000;font-family: Arial;font-size: 13px;font-style: normal;font-weight: 400;letter-spacing: normal;text-align: left;text-indent: 0px;text-transform: none;background-color: #ffffff;float: none\">La marque ESE\u00ae n\u2019est ni de la propri\u00e9t\u00e9 de Italcaff\u00e8 SpA ni d\u2019aucune entreprise li\u00e9e \u00e0 cette derni\u00e8re.<\/span><\/p>\n","protected":false},"excerpt":{"rendered":"<p style=\"text-align: justify\">Dosettes de caf\u00e9 pour Espresso de haute qualit\u00e9 en papier filtre compostable. Il s\u2019agit d&#8217;un caf\u00e9 gourmet moulu qui s&#8217;adresse au client le plus exigeant qui veulent un v\u00e9ritable expresso italien. Les dosettes Italcaff\u00e9 sont pr\u00e9par\u00e9es avec un m\u00e9lange provenant des meilleurs caf\u00e9s du monde avec un grammage pr\u00e9-mesur\u00e9, pr\u00e9-compress\u00e9 et moulu uniform\u00e9ment. Chaque dosette contient environ sept grammes de caf\u00e9 compress\u00e9s dans un emballage filtrant alimentaire et emball\u00e9 sous atmosph\u00e8re protectrice. Nos dosettes mono usage de 7 grammes de caf\u00e9 offrent l\u2019avantage d\u2019un produit qui maintient ses caract\u00e9ristiques parfaitement inalt\u00e9r\u00e9es dans le temps. Dosette compatible avec les machines de type ESE\u00ae. La marque ESE\u00ae n\u2019est ni de la propri\u00e9t\u00e9 de Italcaff\u00e8 SpA ni d\u2019aucune entreprise li\u00e9e \u00e0 cette derni\u00e8re.<\/p>\n","protected":false},"featured_media":10097,"template":"","meta":{"_acf_changed":false},"product_brand":[],"product_cat":[305,306],"product_tag":[],"class_list":{"0":"post-23227","1":"product","2":"type-product","3":"status-publish","4":"has-post-thumbnail","6":"product_cat-dosettes-ese-44mm","7":"product_cat-espresso-bar-italien","9":"first","10":"instock","11":"taxable","12":"shipping-taxable","13":"product-type-grouped"},"acf":[],"yoast_head":"<!-- This site is optimized with the Yoast SEO plugin v27.0 - https:\/\/yoast.com\/product\/yoast-seo-wordpress\/ -->\n<title>150 Dosettes Cafe ESE Italcaff\u00e8 Espresso Bar 44mm en Papier Filtre<\/title>\n<meta name=\"description\" content=\"Dosettes Cafe Italcaff\u00e8 Espresso Bar 44mm en Papier Filtre Compostable. Dosettes de caf\u00e9 ESE pour expresso de haute qualit\u00e9.\" \/>\n<meta name=\"robots\" content=\"index, follow, max-snippet:-1, max-image-preview:large, max-video-preview:-1\" \/>\n<link rel=\"canonical\" href=\"https:\/\/italcaffe.it\/fr\/shop\/dosettes-ese-44mm\/espresso-bar-italien\/italcaffe-espresso-bar-papier-filtre-compostable\/\" \/>\n<meta property=\"og:locale\" content=\"fr_FR\" \/>\n<meta property=\"og:type\" content=\"article\" \/>\n<meta property=\"og:title\" content=\"150 Dosettes Cafe ESE Italcaff\u00e8 Espresso Bar 44mm en Papier Filtre\" \/>\n<meta property=\"og:description\" content=\"Dosettes Cafe Italcaff\u00e8 Espresso Bar 44mm en Papier Filtre Compostable. Dosettes de caf\u00e9 ESE pour expresso de haute qualit\u00e9.\" \/>\n<meta property=\"og:url\" content=\"https:\/\/italcaffe.it\/fr\/shop\/dosettes-ese-44mm\/espresso-bar-italien\/italcaffe-espresso-bar-papier-filtre-compostable\/\" \/>\n<meta property=\"og:site_name\" content=\"Italcaff\u00e8\" \/>\n<meta property=\"article:modified_time\" content=\"2022-01-26T13:14:18+00:00\" \/>\n<meta property=\"og:image\" content=\"https:\/\/italcaffe.it\/wp-content\/uploads\/2016\/05\/cialdaespbar2018.jpg\" \/>\n\t<meta property=\"og:image:width\" content=\"825\" \/>\n\t<meta property=\"og:image:height\" content=\"1100\" \/>\n\t<meta property=\"og:image:type\" content=\"image\/jpeg\" \/>\n<meta name=\"twitter:card\" content=\"summary_large_image\" \/>\n<meta name=\"twitter:label1\" content=\"Dur\u00e9e de lecture estim\u00e9e\" \/>\n\t<meta name=\"twitter:data1\" content=\"1 minute\" \/>\n<script type=\"application\/ld+json\" class=\"yoast-schema-graph\">{\"@context\":\"https:\/\/schema.org\",\"@graph\":[{\"@type\":\"WebPage\",\"@id\":\"https:\/\/italcaffe.it\/fr\/shop\/dosettes-ese-44mm\/espresso-bar-italien\/italcaffe-espresso-bar-papier-filtre-compostable\/\",\"url\":\"https:\/\/italcaffe.it\/fr\/shop\/dosettes-ese-44mm\/espresso-bar-italien\/italcaffe-espresso-bar-papier-filtre-compostable\/\",\"name\":\"150 Dosettes Cafe ESE Italcaff\u00e8 Espresso Bar 44mm en Papier Filtre\",\"isPartOf\":{\"@id\":\"https:\/\/italcaffe.it\/fr\/#website\"},\"primaryImageOfPage\":{\"@id\":\"https:\/\/italcaffe.it\/fr\/shop\/dosettes-ese-44mm\/espresso-bar-italien\/italcaffe-espresso-bar-papier-filtre-compostable\/#primaryimage\"},\"image\":{\"@id\":\"https:\/\/italcaffe.it\/fr\/shop\/dosettes-ese-44mm\/espresso-bar-italien\/italcaffe-espresso-bar-papier-filtre-compostable\/#primaryimage\"},\"thumbnailUrl\":\"https:\/\/italcaffe.it\/wp-content\/uploads\/2016\/05\/cialdaespbar2018.jpg\",\"datePublished\":\"2020-02-26T14:49:49+00:00\",\"dateModified\":\"2022-01-26T13:14:18+00:00\",\"description\":\"Dosettes Cafe Italcaff\u00e8 Espresso Bar 44mm en Papier Filtre Compostable. Dosettes de caf\u00e9 ESE pour expresso de haute qualit\u00e9.\",\"breadcrumb\":{\"@id\":\"https:\/\/italcaffe.it\/fr\/shop\/dosettes-ese-44mm\/espresso-bar-italien\/italcaffe-espresso-bar-papier-filtre-compostable\/#breadcrumb\"},\"inLanguage\":\"fr-FR\",\"potentialAction\":[{\"@type\":\"ReadAction\",\"target\":[\"https:\/\/italcaffe.it\/fr\/shop\/dosettes-ese-44mm\/espresso-bar-italien\/italcaffe-espresso-bar-papier-filtre-compostable\/\"]}]},{\"@type\":\"ImageObject\",\"inLanguage\":\"fr-FR\",\"@id\":\"https:\/\/italcaffe.it\/fr\/shop\/dosettes-ese-44mm\/espresso-bar-italien\/italcaffe-espresso-bar-papier-filtre-compostable\/#primaryimage\",\"url\":\"https:\/\/italcaffe.it\/wp-content\/uploads\/2016\/05\/cialdaespbar2018.jpg\",\"contentUrl\":\"https:\/\/italcaffe.it\/wp-content\/uploads\/2016\/05\/cialdaespbar2018.jpg\",\"width\":825,\"height\":1100,\"caption\":\"Dosette Cafe Italcaff\u00e8 Espresso Bar 44mm en Papier Filtre Compostable. Dosettes de caf\u00e9 ESE pour expresso de haute qualit\u00e9.\"},{\"@type\":\"BreadcrumbList\",\"@id\":\"https:\/\/italcaffe.it\/fr\/shop\/dosettes-ese-44mm\/espresso-bar-italien\/italcaffe-espresso-bar-papier-filtre-compostable\/#breadcrumb\",\"itemListElement\":[{\"@type\":\"ListItem\",\"position\":1,\"name\":\"Home\",\"item\":\"https:\/\/italcaffe.it\/fr\/\"},{\"@type\":\"ListItem\",\"position\":2,\"name\":\"Shop\",\"item\":\"https:\/\/italcaffe.it\/fr\/shop\/\"},{\"@type\":\"ListItem\",\"position\":3,\"name\":\"100 Dosettes Cafe ESE Italcaff\u00e8 Espresso Bar 44mm en Papier Filtre Compostable\"}]},{\"@type\":\"WebSite\",\"@id\":\"https:\/\/italcaffe.it\/fr\/#website\",\"url\":\"https:\/\/italcaffe.it\/fr\/\",\"name\":\"Italcaff\u00e8\",\"description\":\"50 Anni insieme\",\"potentialAction\":[{\"@type\":\"SearchAction\",\"target\":{\"@type\":\"EntryPoint\",\"urlTemplate\":\"https:\/\/italcaffe.it\/fr\/?s={search_term_string}\"},\"query-input\":{\"@type\":\"PropertyValueSpecification\",\"valueRequired\":true,\"valueName\":\"search_term_string\"}}],\"inLanguage\":\"fr-FR\"}]}<\/script>\n<!-- \/ Yoast SEO plugin. -->","yoast_head_json":{"title":"150 Dosettes Cafe ESE Italcaff\u00e8 Espresso Bar 44mm en Papier Filtre","description":"Dosettes Cafe Italcaff\u00e8 Espresso Bar 44mm en Papier Filtre Compostable. Dosettes de caf\u00e9 ESE pour expresso de haute qualit\u00e9.","robots":{"index":"index","follow":"follow","max-snippet":"max-snippet:-1","max-image-preview":"max-image-preview:large","max-video-preview":"max-video-preview:-1"},"canonical":"https:\/\/italcaffe.it\/fr\/shop\/dosettes-ese-44mm\/espresso-bar-italien\/italcaffe-espresso-bar-papier-filtre-compostable\/","og_locale":"fr_FR","og_type":"article","og_title":"150 Dosettes Cafe ESE Italcaff\u00e8 Espresso Bar 44mm en Papier Filtre","og_description":"Dosettes Cafe Italcaff\u00e8 Espresso Bar 44mm en Papier Filtre Compostable. Dosettes de caf\u00e9 ESE pour expresso de haute qualit\u00e9.","og_url":"https:\/\/italcaffe.it\/fr\/shop\/dosettes-ese-44mm\/espresso-bar-italien\/italcaffe-espresso-bar-papier-filtre-compostable\/","og_site_name":"Italcaff\u00e8","article_modified_time":"2022-01-26T13:14:18+00:00","og_image":[{"width":825,"height":1100,"url":"https:\/\/italcaffe.it\/wp-content\/uploads\/2016\/05\/cialdaespbar2018.jpg","type":"image\/jpeg"}],"twitter_card":"summary_large_image","twitter_misc":{"Dur\u00e9e de lecture estim\u00e9e":"1 minute"},"schema":{"@context":"https:\/\/schema.org","@graph":[{"@type":"WebPage","@id":"https:\/\/italcaffe.it\/fr\/shop\/dosettes-ese-44mm\/espresso-bar-italien\/italcaffe-espresso-bar-papier-filtre-compostable\/","url":"https:\/\/italcaffe.it\/fr\/shop\/dosettes-ese-44mm\/espresso-bar-italien\/italcaffe-espresso-bar-papier-filtre-compostable\/","name":"150 Dosettes Cafe ESE Italcaff\u00e8 Espresso Bar 44mm en Papier Filtre","isPartOf":{"@id":"https:\/\/italcaffe.it\/fr\/#website"},"primaryImageOfPage":{"@id":"https:\/\/italcaffe.it\/fr\/shop\/dosettes-ese-44mm\/espresso-bar-italien\/italcaffe-espresso-bar-papier-filtre-compostable\/#primaryimage"},"image":{"@id":"https:\/\/italcaffe.it\/fr\/shop\/dosettes-ese-44mm\/espresso-bar-italien\/italcaffe-espresso-bar-papier-filtre-compostable\/#primaryimage"},"thumbnailUrl":"https:\/\/italcaffe.it\/wp-content\/uploads\/2016\/05\/cialdaespbar2018.jpg","datePublished":"2020-02-26T14:49:49+00:00","dateModified":"2022-01-26T13:14:18+00:00","description":"Dosettes Cafe Italcaff\u00e8 Espresso Bar 44mm en Papier Filtre Compostable. Dosettes de caf\u00e9 ESE pour expresso de haute qualit\u00e9.","breadcrumb":{"@id":"https:\/\/italcaffe.it\/fr\/shop\/dosettes-ese-44mm\/espresso-bar-italien\/italcaffe-espresso-bar-papier-filtre-compostable\/#breadcrumb"},"inLanguage":"fr-FR","potentialAction":[{"@type":"ReadAction","target":["https:\/\/italcaffe.it\/fr\/shop\/dosettes-ese-44mm\/espresso-bar-italien\/italcaffe-espresso-bar-papier-filtre-compostable\/"]}]},{"@type":"ImageObject","inLanguage":"fr-FR","@id":"https:\/\/italcaffe.it\/fr\/shop\/dosettes-ese-44mm\/espresso-bar-italien\/italcaffe-espresso-bar-papier-filtre-compostable\/#primaryimage","url":"https:\/\/italcaffe.it\/wp-content\/uploads\/2016\/05\/cialdaespbar2018.jpg","contentUrl":"https:\/\/italcaffe.it\/wp-content\/uploads\/2016\/05\/cialdaespbar2018.jpg","width":825,"height":1100,"caption":"Dosette Cafe Italcaff\u00e8 Espresso Bar 44mm en Papier Filtre Compostable. Dosettes de caf\u00e9 ESE pour expresso de haute qualit\u00e9."},{"@type":"BreadcrumbList","@id":"https:\/\/italcaffe.it\/fr\/shop\/dosettes-ese-44mm\/espresso-bar-italien\/italcaffe-espresso-bar-papier-filtre-compostable\/#breadcrumb","itemListElement":[{"@type":"ListItem","position":1,"name":"Home","item":"https:\/\/italcaffe.it\/fr\/"},{"@type":"ListItem","position":2,"name":"Shop","item":"https:\/\/italcaffe.it\/fr\/shop\/"},{"@type":"ListItem","position":3,"name":"100 Dosettes Cafe ESE Italcaff\u00e8 Espresso Bar 44mm en Papier Filtre Compostable"}]},{"@type":"WebSite","@id":"https:\/\/italcaffe.it\/fr\/#website","url":"https:\/\/italcaffe.it\/fr\/","name":"Italcaff\u00e8","description":"50 Anni insieme","potentialAction":[{"@type":"SearchAction","target":{"@type":"EntryPoint","urlTemplate":"https:\/\/italcaffe.it\/fr\/?s={search_term_string}"},"query-input":{"@type":"PropertyValueSpecification","valueRequired":true,"valueName":"search_term_string"}}],"inLanguage":"fr-FR"}]}},"_links":{"self":[{"href":"https:\/\/italcaffe.it\/fr\/wp-json\/wp\/v2\/product\/23227","targetHints":{"allow":["GET"]}}],"collection":[{"href":"https:\/\/italcaffe.it\/fr\/wp-json\/wp\/v2\/product"}],"about":[{"href":"https:\/\/italcaffe.it\/fr\/wp-json\/wp\/v2\/types\/product"}],"wp:featuredmedia":[{"embeddable":true,"href":"https:\/\/italcaffe.it\/fr\/wp-json\/wp\/v2\/media\/10097"}],"wp:attachment":[{"href":"https:\/\/italcaffe.it\/fr\/wp-json\/wp\/v2\/media?parent=23227"}],"wp:term":[{"taxonomy":"product_brand","embeddable":true,"href":"https:\/\/italcaffe.it\/fr\/wp-json\/wp\/v2\/product_brand?post=23227"},{"taxonomy":"product_cat","embeddable":true,"href":"https:\/\/italcaffe.it\/fr\/wp-json\/wp\/v2\/product_cat?post=23227"},{"taxonomy":"product_tag","embeddable":true,"href":"https:\/\/italcaffe.it\/fr\/wp-json\/wp\/v2\/product_tag?post=23227"}],"curies":[{"name":"wp","href":"https:\/\/api.w.org\/{rel}","templated":true}]}}