{"id":23232,"date":"2020-02-26T15:59:43","date_gmt":"2020-02-26T14:49:49","guid":{"rendered":"https:\/\/www.italcaffe.it\/product\/boite-de-100-capsules-espresso-bar-compatibles-lavazza-espresso-point\/"},"modified":"2020-02-26T15:49:50","modified_gmt":"2020-02-26T14:49:50","slug":"boite-de-100-capsules-espresso-bar-compatibles-lavazzar-espresso-point","status":"publish","type":"product","link":"https:\/\/italcaffe.it\/fr\/shop\/capsules-cafe\/lavazza-espresso-point-compatible-capsules-cafe\/boite-de-100-capsules-espresso-bar-compatibles-lavazzar-espresso-point\/","title":{"rendered":"Bo\u00eete de 100 capsules ESPRESSO BAR Compatibles Lavazza\u00ae  Espresso Point"},"content":{"rendered":"","protected":false},"excerpt":{"rendered":"<p>Capsules de caf\u00e9 Italcaffe Espresso Bar Compatibles Lavazza Espresso Point. Les capsules de Caf\u00e9 Espresso Bar Italcaffe sont le r\u00e9sultat d\u2019un m\u00e9lange de caf\u00e9s pris\u00e9s de type arabica et robusta, soigneusement s\u00e9lectionn\u00e9s et savamment torr\u00e9fi\u00e9s pour vous offrir un caf\u00e9 riche en cr\u00e8me et en ar\u00f4me \u00e0 la saveur forte et moelleuse. <\/p>\n<p>NOS CAPSULES SONT COMPATIBLE AVEC LAVAZZA ESPRESSO POINT MACHINES ET AVEC LES MACHINES SUIVANTES: Brasilia (Maki), Daltio (Piazza), Kimbo (Kapsula), Lavazza (EL 3100 Espresso Lavazza Evoluzione &#8211; EL 3200 &#8211; EP 800 &#8211; EP 2100 &#8211; EP 2101 &#8211; EP 2110 &#8211; EP 2111 &#8211; EP2140 Espresso Point 24V &#8211; EP 2200 &#8211; EP 2210 &#8211; EP 2300 &#8211; EP 2310 &#8211; EP 2302 &#8211; EP 2303 &#8211; EP 2310 Dosatore &#8211; EP2311 &#8211; EP 2312 &#8211; EP 2313 &#8211; EP 2400 &#8211; EP 2410 Cappuccinatore &#8211; Espresso Point Matinee), SGL (Rotary &#8211; Capsy &#8211; Goldstar). <\/p>\n<p>La marque Lavazza\u00ae n\u2019est ni de la propri\u00e9t\u00e9 de Italcaff\u00e8 SpA ni d\u2019aucune entreprise li\u00e9e \u00e0 cette derni\u00e8re.<\/p>\n","protected":false},"featured_media":9805,"template":"","meta":{"_acf_changed":false},"product_brand":[],"product_cat":[307,308],"product_tag":[],"class_list":{"0":"post-23232","1":"product","2":"type-product","3":"status-publish","4":"has-post-thumbnail","6":"product_cat-capsules-cafe","7":"product_cat-lavazza-espresso-point-compatible-capsules-cafe","8":"pa_tipologia-miscela","10":"first","11":"instock","12":"taxable","13":"shipping-taxable","14":"purchasable","15":"product-type-simple"},"acf":[],"yoast_head":"<!-- This site is optimized with the Yoast SEO plugin v27.0 - https:\/\/yoast.com\/product\/yoast-seo-wordpress\/ -->\n<title>Bo\u00eete de 100 capsules ESPRESSO BAR Compatibles Lavazza\u00ae Espresso Point - Italcaff\u00e8<\/title>\n<meta name=\"robots\" content=\"index, follow, max-snippet:-1, max-image-preview:large, max-video-preview:-1\" \/>\n<link rel=\"canonical\" href=\"https:\/\/italcaffe.it\/fr\/shop\/capsules-cafe\/lavazza-espresso-point-compatible-capsules-cafe\/boite-de-100-capsules-espresso-bar-compatibles-lavazzar-espresso-point\/\" \/>\n<meta property=\"og:locale\" content=\"fr_FR\" \/>\n<meta property=\"og:type\" content=\"article\" \/>\n<meta property=\"og:title\" content=\"Bo\u00eete de 100 capsules ESPRESSO BAR Compatibles Lavazza\u00ae Espresso Point - Italcaff\u00e8\" \/>\n<meta property=\"og:description\" content=\"Capsules de caf\u00e9 Italcaffe Espresso Bar Compatibles Lavazza Espresso Point. Les capsules de Caf\u00e9 Espresso Bar Italcaffe sont le r\u00e9sultat d\u2019un m\u00e9lange de caf\u00e9s pris\u00e9s de type arabica et robusta, soigneusement s\u00e9lectionn\u00e9s et savamment torr\u00e9fi\u00e9s pour vous offrir un caf\u00e9 riche en cr\u00e8me et en ar\u00f4me \u00e0 la saveur forte et moelleuse.  NOS CAPSULES SONT COMPATIBLE AVEC LAVAZZA ESPRESSO POINT MACHINES ET AVEC LES MACHINES SUIVANTES: Brasilia (Maki), Daltio (Piazza), Kimbo (Kapsula), Lavazza (EL 3100 Espresso Lavazza Evoluzione - EL 3200 - EP 800 - EP 2100 - EP 2101 - EP 2110 - EP 2111 - EP2140 Espresso Point 24V - EP 2200 - EP 2210 - EP 2300 - EP 2310 - EP 2302 - EP 2303 - EP 2310 Dosatore - EP2311 - EP 2312 - EP 2313 - EP 2400 - EP 2410 Cappuccinatore - Espresso Point Matinee), SGL (Rotary - Capsy - Goldstar).  La marque Lavazza\u00ae n\u2019est ni de la propri\u00e9t\u00e9 de Italcaff\u00e8 SpA ni d\u2019aucune entreprise li\u00e9e \u00e0 cette derni\u00e8re.\" \/>\n<meta property=\"og:url\" content=\"https:\/\/italcaffe.it\/fr\/shop\/capsules-cafe\/lavazza-espresso-point-compatible-capsules-cafe\/boite-de-100-capsules-espresso-bar-compatibles-lavazzar-espresso-point\/\" \/>\n<meta property=\"og:site_name\" content=\"Italcaff\u00e8\" \/>\n<meta property=\"article:modified_time\" content=\"2020-02-26T14:49:50+00:00\" \/>\n<meta property=\"og:image\" content=\"https:\/\/italcaffe.it\/wp-content\/uploads\/2016\/05\/2906_46_espresso-bar-ep-grande.jpg\" \/>\n\t<meta property=\"og:image:width\" content=\"228\" \/>\n\t<meta property=\"og:image:height\" content=\"228\" \/>\n\t<meta property=\"og:image:type\" content=\"image\/jpeg\" \/>\n<meta name=\"twitter:card\" content=\"summary_large_image\" \/>\n<script type=\"application\/ld+json\" class=\"yoast-schema-graph\">{\"@context\":\"https:\/\/schema.org\",\"@graph\":[{\"@type\":\"WebPage\",\"@id\":\"https:\/\/italcaffe.it\/fr\/shop\/capsules-cafe\/lavazza-espresso-point-compatible-capsules-cafe\/boite-de-100-capsules-espresso-bar-compatibles-lavazzar-espresso-point\/\",\"url\":\"https:\/\/italcaffe.it\/fr\/shop\/capsules-cafe\/lavazza-espresso-point-compatible-capsules-cafe\/boite-de-100-capsules-espresso-bar-compatibles-lavazzar-espresso-point\/\",\"name\":\"Bo\u00eete de 100 capsules ESPRESSO BAR Compatibles Lavazza\u00ae Espresso Point - Italcaff\u00e8\",\"isPartOf\":{\"@id\":\"https:\/\/italcaffe.it\/fr\/#website\"},\"primaryImageOfPage\":{\"@id\":\"https:\/\/italcaffe.it\/fr\/shop\/capsules-cafe\/lavazza-espresso-point-compatible-capsules-cafe\/boite-de-100-capsules-espresso-bar-compatibles-lavazzar-espresso-point\/#primaryimage\"},\"image\":{\"@id\":\"https:\/\/italcaffe.it\/fr\/shop\/capsules-cafe\/lavazza-espresso-point-compatible-capsules-cafe\/boite-de-100-capsules-espresso-bar-compatibles-lavazzar-espresso-point\/#primaryimage\"},\"thumbnailUrl\":\"https:\/\/italcaffe.it\/wp-content\/uploads\/2016\/05\/2906_46_espresso-bar-ep-grande.jpg\",\"datePublished\":\"2020-02-26T14:49:49+00:00\",\"dateModified\":\"2020-02-26T14:49:50+00:00\",\"breadcrumb\":{\"@id\":\"https:\/\/italcaffe.it\/fr\/shop\/capsules-cafe\/lavazza-espresso-point-compatible-capsules-cafe\/boite-de-100-capsules-espresso-bar-compatibles-lavazzar-espresso-point\/#breadcrumb\"},\"inLanguage\":\"fr-FR\",\"potentialAction\":[{\"@type\":\"ReadAction\",\"target\":[\"https:\/\/italcaffe.it\/fr\/shop\/capsules-cafe\/lavazza-espresso-point-compatible-capsules-cafe\/boite-de-100-capsules-espresso-bar-compatibles-lavazzar-espresso-point\/\"]}]},{\"@type\":\"ImageObject\",\"inLanguage\":\"fr-FR\",\"@id\":\"https:\/\/italcaffe.it\/fr\/shop\/capsules-cafe\/lavazza-espresso-point-compatible-capsules-cafe\/boite-de-100-capsules-espresso-bar-compatibles-lavazzar-espresso-point\/#primaryimage\",\"url\":\"https:\/\/italcaffe.it\/wp-content\/uploads\/2016\/05\/2906_46_espresso-bar-ep-grande.jpg\",\"contentUrl\":\"https:\/\/italcaffe.it\/wp-content\/uploads\/2016\/05\/2906_46_espresso-bar-ep-grande.jpg\",\"width\":228,\"height\":228,\"caption\":\"100 Kapseln ITALCAFFE ESPRESSO BAR Lavazza\u00ae Espresso Point kompatibel-0\"},{\"@type\":\"BreadcrumbList\",\"@id\":\"https:\/\/italcaffe.it\/fr\/shop\/capsules-cafe\/lavazza-espresso-point-compatible-capsules-cafe\/boite-de-100-capsules-espresso-bar-compatibles-lavazzar-espresso-point\/#breadcrumb\",\"itemListElement\":[{\"@type\":\"ListItem\",\"position\":1,\"name\":\"Home\",\"item\":\"https:\/\/italcaffe.it\/fr\/\"},{\"@type\":\"ListItem\",\"position\":2,\"name\":\"Shop\",\"item\":\"https:\/\/italcaffe.it\/fr\/shop\/\"},{\"@type\":\"ListItem\",\"position\":3,\"name\":\"Bo\u00eete de 100 capsules ESPRESSO BAR Compatibles Lavazza\u00ae Espresso Point\"}]},{\"@type\":\"WebSite\",\"@id\":\"https:\/\/italcaffe.it\/fr\/#website\",\"url\":\"https:\/\/italcaffe.it\/fr\/\",\"name\":\"Italcaff\u00e8\",\"description\":\"50 Anni insieme\",\"potentialAction\":[{\"@type\":\"SearchAction\",\"target\":{\"@type\":\"EntryPoint\",\"urlTemplate\":\"https:\/\/italcaffe.it\/fr\/?s={search_term_string}\"},\"query-input\":{\"@type\":\"PropertyValueSpecification\",\"valueRequired\":true,\"valueName\":\"search_term_string\"}}],\"inLanguage\":\"fr-FR\"}]}<\/script>\n<!-- \/ Yoast SEO plugin. -->","yoast_head_json":{"title":"Bo\u00eete de 100 capsules ESPRESSO BAR Compatibles Lavazza\u00ae Espresso Point - Italcaff\u00e8","robots":{"index":"index","follow":"follow","max-snippet":"max-snippet:-1","max-image-preview":"max-image-preview:large","max-video-preview":"max-video-preview:-1"},"canonical":"https:\/\/italcaffe.it\/fr\/shop\/capsules-cafe\/lavazza-espresso-point-compatible-capsules-cafe\/boite-de-100-capsules-espresso-bar-compatibles-lavazzar-espresso-point\/","og_locale":"fr_FR","og_type":"article","og_title":"Bo\u00eete de 100 capsules ESPRESSO BAR Compatibles Lavazza\u00ae Espresso Point - Italcaff\u00e8","og_description":"Capsules de caf\u00e9 Italcaffe Espresso Bar Compatibles Lavazza Espresso Point. Les capsules de Caf\u00e9 Espresso Bar Italcaffe sont le r\u00e9sultat d\u2019un m\u00e9lange de caf\u00e9s pris\u00e9s de type arabica et robusta, soigneusement s\u00e9lectionn\u00e9s et savamment torr\u00e9fi\u00e9s pour vous offrir un caf\u00e9 riche en cr\u00e8me et en ar\u00f4me \u00e0 la saveur forte et moelleuse.  NOS CAPSULES SONT COMPATIBLE AVEC LAVAZZA ESPRESSO POINT MACHINES ET AVEC LES MACHINES SUIVANTES: Brasilia (Maki), Daltio (Piazza), Kimbo (Kapsula), Lavazza (EL 3100 Espresso Lavazza Evoluzione - EL 3200 - EP 800 - EP 2100 - EP 2101 - EP 2110 - EP 2111 - EP2140 Espresso Point 24V - EP 2200 - EP 2210 - EP 2300 - EP 2310 - EP 2302 - EP 2303 - EP 2310 Dosatore - EP2311 - EP 2312 - EP 2313 - EP 2400 - EP 2410 Cappuccinatore - Espresso Point Matinee), SGL (Rotary - Capsy - Goldstar).  La marque Lavazza\u00ae n\u2019est ni de la propri\u00e9t\u00e9 de Italcaff\u00e8 SpA ni d\u2019aucune entreprise li\u00e9e \u00e0 cette derni\u00e8re.","og_url":"https:\/\/italcaffe.it\/fr\/shop\/capsules-cafe\/lavazza-espresso-point-compatible-capsules-cafe\/boite-de-100-capsules-espresso-bar-compatibles-lavazzar-espresso-point\/","og_site_name":"Italcaff\u00e8","article_modified_time":"2020-02-26T14:49:50+00:00","og_image":[{"width":228,"height":228,"url":"https:\/\/italcaffe.it\/wp-content\/uploads\/2016\/05\/2906_46_espresso-bar-ep-grande.jpg","type":"image\/jpeg"}],"twitter_card":"summary_large_image","schema":{"@context":"https:\/\/schema.org","@graph":[{"@type":"WebPage","@id":"https:\/\/italcaffe.it\/fr\/shop\/capsules-cafe\/lavazza-espresso-point-compatible-capsules-cafe\/boite-de-100-capsules-espresso-bar-compatibles-lavazzar-espresso-point\/","url":"https:\/\/italcaffe.it\/fr\/shop\/capsules-cafe\/lavazza-espresso-point-compatible-capsules-cafe\/boite-de-100-capsules-espresso-bar-compatibles-lavazzar-espresso-point\/","name":"Bo\u00eete de 100 capsules ESPRESSO BAR Compatibles Lavazza\u00ae Espresso Point - Italcaff\u00e8","isPartOf":{"@id":"https:\/\/italcaffe.it\/fr\/#website"},"primaryImageOfPage":{"@id":"https:\/\/italcaffe.it\/fr\/shop\/capsules-cafe\/lavazza-espresso-point-compatible-capsules-cafe\/boite-de-100-capsules-espresso-bar-compatibles-lavazzar-espresso-point\/#primaryimage"},"image":{"@id":"https:\/\/italcaffe.it\/fr\/shop\/capsules-cafe\/lavazza-espresso-point-compatible-capsules-cafe\/boite-de-100-capsules-espresso-bar-compatibles-lavazzar-espresso-point\/#primaryimage"},"thumbnailUrl":"https:\/\/italcaffe.it\/wp-content\/uploads\/2016\/05\/2906_46_espresso-bar-ep-grande.jpg","datePublished":"2020-02-26T14:49:49+00:00","dateModified":"2020-02-26T14:49:50+00:00","breadcrumb":{"@id":"https:\/\/italcaffe.it\/fr\/shop\/capsules-cafe\/lavazza-espresso-point-compatible-capsules-cafe\/boite-de-100-capsules-espresso-bar-compatibles-lavazzar-espresso-point\/#breadcrumb"},"inLanguage":"fr-FR","potentialAction":[{"@type":"ReadAction","target":["https:\/\/italcaffe.it\/fr\/shop\/capsules-cafe\/lavazza-espresso-point-compatible-capsules-cafe\/boite-de-100-capsules-espresso-bar-compatibles-lavazzar-espresso-point\/"]}]},{"@type":"ImageObject","inLanguage":"fr-FR","@id":"https:\/\/italcaffe.it\/fr\/shop\/capsules-cafe\/lavazza-espresso-point-compatible-capsules-cafe\/boite-de-100-capsules-espresso-bar-compatibles-lavazzar-espresso-point\/#primaryimage","url":"https:\/\/italcaffe.it\/wp-content\/uploads\/2016\/05\/2906_46_espresso-bar-ep-grande.jpg","contentUrl":"https:\/\/italcaffe.it\/wp-content\/uploads\/2016\/05\/2906_46_espresso-bar-ep-grande.jpg","width":228,"height":228,"caption":"100 Kapseln ITALCAFFE ESPRESSO BAR Lavazza\u00ae Espresso Point kompatibel-0"},{"@type":"BreadcrumbList","@id":"https:\/\/italcaffe.it\/fr\/shop\/capsules-cafe\/lavazza-espresso-point-compatible-capsules-cafe\/boite-de-100-capsules-espresso-bar-compatibles-lavazzar-espresso-point\/#breadcrumb","itemListElement":[{"@type":"ListItem","position":1,"name":"Home","item":"https:\/\/italcaffe.it\/fr\/"},{"@type":"ListItem","position":2,"name":"Shop","item":"https:\/\/italcaffe.it\/fr\/shop\/"},{"@type":"ListItem","position":3,"name":"Bo\u00eete de 100 capsules ESPRESSO BAR Compatibles Lavazza\u00ae Espresso Point"}]},{"@type":"WebSite","@id":"https:\/\/italcaffe.it\/fr\/#website","url":"https:\/\/italcaffe.it\/fr\/","name":"Italcaff\u00e8","description":"50 Anni insieme","potentialAction":[{"@type":"SearchAction","target":{"@type":"EntryPoint","urlTemplate":"https:\/\/italcaffe.it\/fr\/?s={search_term_string}"},"query-input":{"@type":"PropertyValueSpecification","valueRequired":true,"valueName":"search_term_string"}}],"inLanguage":"fr-FR"}]}},"_links":{"self":[{"href":"https:\/\/italcaffe.it\/fr\/wp-json\/wp\/v2\/product\/23232","targetHints":{"allow":["GET"]}}],"collection":[{"href":"https:\/\/italcaffe.it\/fr\/wp-json\/wp\/v2\/product"}],"about":[{"href":"https:\/\/italcaffe.it\/fr\/wp-json\/wp\/v2\/types\/product"}],"wp:featuredmedia":[{"embeddable":true,"href":"https:\/\/italcaffe.it\/fr\/wp-json\/wp\/v2\/media\/9805"}],"wp:attachment":[{"href":"https:\/\/italcaffe.it\/fr\/wp-json\/wp\/v2\/media?parent=23232"}],"wp:term":[{"taxonomy":"product_brand","embeddable":true,"href":"https:\/\/italcaffe.it\/fr\/wp-json\/wp\/v2\/product_brand?post=23232"},{"taxonomy":"product_cat","embeddable":true,"href":"https:\/\/italcaffe.it\/fr\/wp-json\/wp\/v2\/product_cat?post=23232"},{"taxonomy":"product_tag","embeddable":true,"href":"https:\/\/italcaffe.it\/fr\/wp-json\/wp\/v2\/product_tag?post=23232"}],"curies":[{"name":"wp","href":"https:\/\/api.w.org\/{rel}","templated":true}]}}