{"id":23234,"date":"2020-02-26T15:59:43","date_gmt":"2020-02-26T14:49:49","guid":{"rendered":"https:\/\/www.italcaffe.it\/product\/100-capsules-cafe-lavazza-espresso-point-compatibles-italcaffe-espresso-bar\/"},"modified":"2020-03-30T18:44:59","modified_gmt":"2020-03-30T17:44:59","slug":"italcaffe-bar","status":"publish","type":"product","link":"https:\/\/italcaffe.it\/fr\/shop\/capsules-cafe\/lavazza-espresso-point-compatible-capsules-cafe\/italcaffe-bar\/","title":{"rendered":"100 Capsules caf\u00e9 Lavazza Espresso Point compatibles Italcaffe Espresso Bar"},"content":{"rendered":"","protected":false},"excerpt":{"rendered":"<p style=\"text-align: justify\">Les capsules de Caf\u00e9 Espresso Bar Italcaffe sont le r\u00e9sultat d\u2019un m\u00e9lange de caf\u00e9s pris\u00e9s de type arabica et robusta, soigneusement s\u00e9lectionn\u00e9s et savamment torr\u00e9fi\u00e9s pour vous offrir un caf\u00e9 riche en cr\u00e8me et en ar\u00f4me \u00e0 la saveur forte et moelleuse.\u00a0C<span class=\"a-list-item\">haque capsule contient environ sept grammes de caf\u00e9 compress\u00e9s dans un emballage filtrant alimentaire.<\/span>Capsule compatible avec les machines de type Lavazza\u00ae Espresso Point. Les machines \u00e0 caf\u00e9 Lavazza EP 1800 et EP 2500 Plus Lavazzatime ne sont pas compatibles avec les capsules Italcaff\u00e8 Espresso Point. La marque Lavazza\u00ae n\u2019est ni de la propri\u00e9t\u00e9 de Italcaff\u00e8 SpA ni d\u2019aucune entreprise li\u00e9e \u00e0 cette derni\u00e8re.<\/p>\n","protected":false},"featured_media":10025,"template":"","meta":{"_acf_changed":false},"product_brand":[],"product_cat":[307,308],"product_tag":[],"class_list":{"0":"post-23234","1":"product","2":"type-product","3":"status-publish","4":"has-post-thumbnail","6":"product_cat-capsules-cafe","7":"product_cat-lavazza-espresso-point-compatible-capsules-cafe","8":"pa_tipologia-miscela","10":"first","11":"instock","12":"taxable","13":"shipping-taxable","14":"product-type-grouped"},"acf":[],"yoast_head":"<!-- This site is optimized with the Yoast SEO plugin v27.0 - https:\/\/yoast.com\/product\/yoast-seo-wordpress\/ -->\n<title>100 Capsules caf\u00e9 Lavazza Espresso Point compatibles Italcaffe Espresso Bar - Italcaff\u00e8<\/title>\n<meta name=\"robots\" content=\"index, follow, max-snippet:-1, max-image-preview:large, max-video-preview:-1\" \/>\n<link rel=\"canonical\" href=\"https:\/\/italcaffe.it\/fr\/shop\/capsules-cafe\/lavazza-espresso-point-compatible-capsules-cafe\/italcaffe-bar\/\" \/>\n<meta property=\"og:locale\" content=\"fr_FR\" \/>\n<meta property=\"og:type\" content=\"article\" \/>\n<meta property=\"og:title\" content=\"100 Capsules caf\u00e9 Lavazza Espresso Point compatibles Italcaffe Espresso Bar - Italcaff\u00e8\" \/>\n<meta property=\"og:description\" content=\"Les capsules de Caf\u00e9 Espresso Bar Italcaffe sont le r\u00e9sultat d\u2019un m\u00e9lange de caf\u00e9s pris\u00e9s de type arabica et robusta, soigneusement s\u00e9lectionn\u00e9s et savamment torr\u00e9fi\u00e9s pour vous offrir un caf\u00e9 riche en cr\u00e8me et en ar\u00f4me \u00e0 la saveur forte et moelleuse.\u00a0Chaque capsule contient environ sept grammes de caf\u00e9 compress\u00e9s dans un emballage filtrant alimentaire.Capsule compatible avec les machines de type Lavazza\u00ae Espresso Point. Les machines \u00e0 caf\u00e9 Lavazza EP 1800 et EP 2500 Plus Lavazzatime ne sont pas compatibles avec les capsules Italcaff\u00e8 Espresso Point. La marque Lavazza\u00ae n\u2019est ni de la propri\u00e9t\u00e9 de Italcaff\u00e8 SpA ni d\u2019aucune entreprise li\u00e9e \u00e0 cette derni\u00e8re.\" \/>\n<meta property=\"og:url\" content=\"https:\/\/italcaffe.it\/fr\/shop\/capsules-cafe\/lavazza-espresso-point-compatible-capsules-cafe\/italcaffe-bar\/\" \/>\n<meta property=\"og:site_name\" content=\"Italcaff\u00e8\" \/>\n<meta property=\"article:modified_time\" content=\"2020-03-30T17:44:59+00:00\" \/>\n<meta property=\"og:image\" content=\"https:\/\/italcaffe.it\/wp-content\/uploads\/2016\/05\/capsespbar100-italcaffeshop.jpg\" \/>\n\t<meta property=\"og:image:width\" content=\"825\" \/>\n\t<meta property=\"og:image:height\" content=\"1100\" \/>\n\t<meta property=\"og:image:type\" content=\"image\/jpeg\" \/>\n<meta name=\"twitter:card\" content=\"summary_large_image\" \/>\n<script type=\"application\/ld+json\" class=\"yoast-schema-graph\">{\"@context\":\"https:\/\/schema.org\",\"@graph\":[{\"@type\":\"WebPage\",\"@id\":\"https:\/\/italcaffe.it\/fr\/shop\/capsules-cafe\/lavazza-espresso-point-compatible-capsules-cafe\/italcaffe-bar\/\",\"url\":\"https:\/\/italcaffe.it\/fr\/shop\/capsules-cafe\/lavazza-espresso-point-compatible-capsules-cafe\/italcaffe-bar\/\",\"name\":\"100 Capsules caf\u00e9 Lavazza Espresso Point compatibles Italcaffe Espresso Bar - Italcaff\u00e8\",\"isPartOf\":{\"@id\":\"https:\/\/italcaffe.it\/fr\/#website\"},\"primaryImageOfPage\":{\"@id\":\"https:\/\/italcaffe.it\/fr\/shop\/capsules-cafe\/lavazza-espresso-point-compatible-capsules-cafe\/italcaffe-bar\/#primaryimage\"},\"image\":{\"@id\":\"https:\/\/italcaffe.it\/fr\/shop\/capsules-cafe\/lavazza-espresso-point-compatible-capsules-cafe\/italcaffe-bar\/#primaryimage\"},\"thumbnailUrl\":\"https:\/\/italcaffe.it\/wp-content\/uploads\/2016\/05\/capsespbar100-italcaffeshop.jpg\",\"datePublished\":\"2020-02-26T14:49:49+00:00\",\"dateModified\":\"2020-03-30T17:44:59+00:00\",\"breadcrumb\":{\"@id\":\"https:\/\/italcaffe.it\/fr\/shop\/capsules-cafe\/lavazza-espresso-point-compatible-capsules-cafe\/italcaffe-bar\/#breadcrumb\"},\"inLanguage\":\"fr-FR\",\"potentialAction\":[{\"@type\":\"ReadAction\",\"target\":[\"https:\/\/italcaffe.it\/fr\/shop\/capsules-cafe\/lavazza-espresso-point-compatible-capsules-cafe\/italcaffe-bar\/\"]}]},{\"@type\":\"ImageObject\",\"inLanguage\":\"fr-FR\",\"@id\":\"https:\/\/italcaffe.it\/fr\/shop\/capsules-cafe\/lavazza-espresso-point-compatible-capsules-cafe\/italcaffe-bar\/#primaryimage\",\"url\":\"https:\/\/italcaffe.it\/wp-content\/uploads\/2016\/05\/capsespbar100-italcaffeshop.jpg\",\"contentUrl\":\"https:\/\/italcaffe.it\/wp-content\/uploads\/2016\/05\/capsespbar100-italcaffeshop.jpg\",\"width\":825,\"height\":1100,\"caption\":\"capsule espresso bar\"},{\"@type\":\"BreadcrumbList\",\"@id\":\"https:\/\/italcaffe.it\/fr\/shop\/capsules-cafe\/lavazza-espresso-point-compatible-capsules-cafe\/italcaffe-bar\/#breadcrumb\",\"itemListElement\":[{\"@type\":\"ListItem\",\"position\":1,\"name\":\"Home\",\"item\":\"https:\/\/italcaffe.it\/fr\/\"},{\"@type\":\"ListItem\",\"position\":2,\"name\":\"Shop\",\"item\":\"https:\/\/italcaffe.it\/fr\/shop\/\"},{\"@type\":\"ListItem\",\"position\":3,\"name\":\"100 Capsules caf\u00e9 Lavazza Espresso Point compatibles Italcaffe Espresso Bar\"}]},{\"@type\":\"WebSite\",\"@id\":\"https:\/\/italcaffe.it\/fr\/#website\",\"url\":\"https:\/\/italcaffe.it\/fr\/\",\"name\":\"Italcaff\u00e8\",\"description\":\"50 Anni insieme\",\"potentialAction\":[{\"@type\":\"SearchAction\",\"target\":{\"@type\":\"EntryPoint\",\"urlTemplate\":\"https:\/\/italcaffe.it\/fr\/?s={search_term_string}\"},\"query-input\":{\"@type\":\"PropertyValueSpecification\",\"valueRequired\":true,\"valueName\":\"search_term_string\"}}],\"inLanguage\":\"fr-FR\"}]}<\/script>\n<!-- \/ Yoast SEO plugin. -->","yoast_head_json":{"title":"100 Capsules caf\u00e9 Lavazza Espresso Point compatibles Italcaffe Espresso Bar - Italcaff\u00e8","robots":{"index":"index","follow":"follow","max-snippet":"max-snippet:-1","max-image-preview":"max-image-preview:large","max-video-preview":"max-video-preview:-1"},"canonical":"https:\/\/italcaffe.it\/fr\/shop\/capsules-cafe\/lavazza-espresso-point-compatible-capsules-cafe\/italcaffe-bar\/","og_locale":"fr_FR","og_type":"article","og_title":"100 Capsules caf\u00e9 Lavazza Espresso Point compatibles Italcaffe Espresso Bar - Italcaff\u00e8","og_description":"Les capsules de Caf\u00e9 Espresso Bar Italcaffe sont le r\u00e9sultat d\u2019un m\u00e9lange de caf\u00e9s pris\u00e9s de type arabica et robusta, soigneusement s\u00e9lectionn\u00e9s et savamment torr\u00e9fi\u00e9s pour vous offrir un caf\u00e9 riche en cr\u00e8me et en ar\u00f4me \u00e0 la saveur forte et moelleuse.\u00a0Chaque capsule contient environ sept grammes de caf\u00e9 compress\u00e9s dans un emballage filtrant alimentaire.Capsule compatible avec les machines de type Lavazza\u00ae Espresso Point. Les machines \u00e0 caf\u00e9 Lavazza EP 1800 et EP 2500 Plus Lavazzatime ne sont pas compatibles avec les capsules Italcaff\u00e8 Espresso Point. La marque Lavazza\u00ae n\u2019est ni de la propri\u00e9t\u00e9 de Italcaff\u00e8 SpA ni d\u2019aucune entreprise li\u00e9e \u00e0 cette derni\u00e8re.","og_url":"https:\/\/italcaffe.it\/fr\/shop\/capsules-cafe\/lavazza-espresso-point-compatible-capsules-cafe\/italcaffe-bar\/","og_site_name":"Italcaff\u00e8","article_modified_time":"2020-03-30T17:44:59+00:00","og_image":[{"width":825,"height":1100,"url":"https:\/\/italcaffe.it\/wp-content\/uploads\/2016\/05\/capsespbar100-italcaffeshop.jpg","type":"image\/jpeg"}],"twitter_card":"summary_large_image","schema":{"@context":"https:\/\/schema.org","@graph":[{"@type":"WebPage","@id":"https:\/\/italcaffe.it\/fr\/shop\/capsules-cafe\/lavazza-espresso-point-compatible-capsules-cafe\/italcaffe-bar\/","url":"https:\/\/italcaffe.it\/fr\/shop\/capsules-cafe\/lavazza-espresso-point-compatible-capsules-cafe\/italcaffe-bar\/","name":"100 Capsules caf\u00e9 Lavazza Espresso Point compatibles Italcaffe Espresso Bar - Italcaff\u00e8","isPartOf":{"@id":"https:\/\/italcaffe.it\/fr\/#website"},"primaryImageOfPage":{"@id":"https:\/\/italcaffe.it\/fr\/shop\/capsules-cafe\/lavazza-espresso-point-compatible-capsules-cafe\/italcaffe-bar\/#primaryimage"},"image":{"@id":"https:\/\/italcaffe.it\/fr\/shop\/capsules-cafe\/lavazza-espresso-point-compatible-capsules-cafe\/italcaffe-bar\/#primaryimage"},"thumbnailUrl":"https:\/\/italcaffe.it\/wp-content\/uploads\/2016\/05\/capsespbar100-italcaffeshop.jpg","datePublished":"2020-02-26T14:49:49+00:00","dateModified":"2020-03-30T17:44:59+00:00","breadcrumb":{"@id":"https:\/\/italcaffe.it\/fr\/shop\/capsules-cafe\/lavazza-espresso-point-compatible-capsules-cafe\/italcaffe-bar\/#breadcrumb"},"inLanguage":"fr-FR","potentialAction":[{"@type":"ReadAction","target":["https:\/\/italcaffe.it\/fr\/shop\/capsules-cafe\/lavazza-espresso-point-compatible-capsules-cafe\/italcaffe-bar\/"]}]},{"@type":"ImageObject","inLanguage":"fr-FR","@id":"https:\/\/italcaffe.it\/fr\/shop\/capsules-cafe\/lavazza-espresso-point-compatible-capsules-cafe\/italcaffe-bar\/#primaryimage","url":"https:\/\/italcaffe.it\/wp-content\/uploads\/2016\/05\/capsespbar100-italcaffeshop.jpg","contentUrl":"https:\/\/italcaffe.it\/wp-content\/uploads\/2016\/05\/capsespbar100-italcaffeshop.jpg","width":825,"height":1100,"caption":"capsule espresso bar"},{"@type":"BreadcrumbList","@id":"https:\/\/italcaffe.it\/fr\/shop\/capsules-cafe\/lavazza-espresso-point-compatible-capsules-cafe\/italcaffe-bar\/#breadcrumb","itemListElement":[{"@type":"ListItem","position":1,"name":"Home","item":"https:\/\/italcaffe.it\/fr\/"},{"@type":"ListItem","position":2,"name":"Shop","item":"https:\/\/italcaffe.it\/fr\/shop\/"},{"@type":"ListItem","position":3,"name":"100 Capsules caf\u00e9 Lavazza Espresso Point compatibles Italcaffe Espresso Bar"}]},{"@type":"WebSite","@id":"https:\/\/italcaffe.it\/fr\/#website","url":"https:\/\/italcaffe.it\/fr\/","name":"Italcaff\u00e8","description":"50 Anni insieme","potentialAction":[{"@type":"SearchAction","target":{"@type":"EntryPoint","urlTemplate":"https:\/\/italcaffe.it\/fr\/?s={search_term_string}"},"query-input":{"@type":"PropertyValueSpecification","valueRequired":true,"valueName":"search_term_string"}}],"inLanguage":"fr-FR"}]}},"_links":{"self":[{"href":"https:\/\/italcaffe.it\/fr\/wp-json\/wp\/v2\/product\/23234","targetHints":{"allow":["GET"]}}],"collection":[{"href":"https:\/\/italcaffe.it\/fr\/wp-json\/wp\/v2\/product"}],"about":[{"href":"https:\/\/italcaffe.it\/fr\/wp-json\/wp\/v2\/types\/product"}],"wp:featuredmedia":[{"embeddable":true,"href":"https:\/\/italcaffe.it\/fr\/wp-json\/wp\/v2\/media\/10025"}],"wp:attachment":[{"href":"https:\/\/italcaffe.it\/fr\/wp-json\/wp\/v2\/media?parent=23234"}],"wp:term":[{"taxonomy":"product_brand","embeddable":true,"href":"https:\/\/italcaffe.it\/fr\/wp-json\/wp\/v2\/product_brand?post=23234"},{"taxonomy":"product_cat","embeddable":true,"href":"https:\/\/italcaffe.it\/fr\/wp-json\/wp\/v2\/product_cat?post=23234"},{"taxonomy":"product_tag","embeddable":true,"href":"https:\/\/italcaffe.it\/fr\/wp-json\/wp\/v2\/product_tag?post=23234"}],"curies":[{"name":"wp","href":"https:\/\/api.w.org\/{rel}","templated":true}]}}