{"id":23242,"date":"2020-02-26T15:59:43","date_gmt":"2020-02-26T14:49:49","guid":{"rendered":"https:\/\/www.italcaffe.it\/product\/n-1-cartons-avec-10-boites-x-10-capsules-espresso-100-arabica-compatibles-nespresso\/"},"modified":"2020-02-26T15:49:54","modified_gmt":"2020-02-26T14:49:54","slug":"n-1-cartons-avec-12-boites-x-10-capsules-espresso-100-arabica-compatibles-nespressor","status":"publish","type":"product","link":"https:\/\/italcaffe.it\/fr\/shop\/capsules-cafe\/nespresso-compatible\/n-1-cartons-avec-12-boites-x-10-capsules-espresso-100-arabica-compatibles-nespressor\/","title":{"rendered":"N. 1 Cartons avec 10 bo\u00eetes x 10  capsules ESPRESSO 100% ARABICA  Compatibles Nespresso\u00ae"},"content":{"rendered":"","protected":false},"excerpt":{"rendered":"<p>Capsules de caf\u00e9 Italcaff\u00e8 Espresso Arabica Compatibles Nespresso, dosette nespresso.<br \/>\nLes capsules de Caf\u00e9 Espresso 100% Arabica Italcaffe sont le r\u00e9sultat d&#8217;une s\u00e9lection des meilleurs m\u00e9langes d&#8217;Arabica avec une faible quantit\u00e9 de caf\u00e9ine.<br \/>\nSon ar\u00f4me riche et persistant en fait un produit pour les amateurs les plus exigeants.<\/p>\n<p>Capsule monodose de caf\u00e9 100% Arabica moulu torr\u00e9fi\u00e9 \u00e0 l\u2019italienne. Capsules compatibles avec les machines Citiz, Pixie, Essenza, Lattissima, U et Maestria \u00e0 usage domestique de la marque Nespresso\u00ae.<\/p>\n<p>La marque Nespresso\u00ae n\u2019est ni de la propri\u00e9t\u00e9 de Italcaff\u00e8 SpA ni d\u2019aucune entreprise li\u00e9e \u00e0 cette derni\u00e8re.<\/p>\n","protected":false},"featured_media":26528,"template":"","meta":{"_acf_changed":false},"product_brand":[],"product_cat":[307,309],"product_tag":[],"class_list":{"0":"post-23242","1":"product","2":"type-product","3":"status-publish","4":"has-post-thumbnail","6":"product_cat-capsules-cafe","7":"product_cat-nespresso-compatible","8":"pa_tipologia-miscela","10":"first","11":"instock","12":"sale","13":"taxable","14":"shipping-taxable","15":"purchasable","16":"product-type-simple"},"acf":[],"yoast_head":"<!-- This site is optimized with the Yoast SEO plugin v27.0 - https:\/\/yoast.com\/product\/yoast-seo-wordpress\/ -->\n<title>N. 1 Cartons avec 10 bo\u00eetes x 10 capsules ESPRESSO 100% ARABICA Compatibles Nespresso\u00ae - Italcaff\u00e8<\/title>\n<meta name=\"robots\" content=\"index, follow, max-snippet:-1, max-image-preview:large, max-video-preview:-1\" \/>\n<link rel=\"canonical\" href=\"https:\/\/italcaffe.it\/fr\/shop\/capsules-cafe\/nespresso-compatible\/n-1-cartons-avec-12-boites-x-10-capsules-espresso-100-arabica-compatibles-nespressor\/\" \/>\n<meta property=\"og:locale\" content=\"fr_FR\" \/>\n<meta property=\"og:type\" content=\"article\" \/>\n<meta property=\"og:title\" content=\"N. 1 Cartons avec 10 bo\u00eetes x 10 capsules ESPRESSO 100% ARABICA Compatibles Nespresso\u00ae - Italcaff\u00e8\" \/>\n<meta property=\"og:description\" content=\"Capsules de caf\u00e9 Italcaff\u00e8 Espresso Arabica Compatibles Nespresso, dosette nespresso. Les capsules de Caf\u00e9 Espresso 100% Arabica Italcaffe sont le r\u00e9sultat d&#039;une s\u00e9lection des meilleurs m\u00e9langes d&#039;Arabica avec une faible quantit\u00e9 de caf\u00e9ine. Son ar\u00f4me riche et persistant en fait un produit pour les amateurs les plus exigeants. Capsule monodose de caf\u00e9 100% Arabica moulu torr\u00e9fi\u00e9 \u00e0 l\u2019italienne. Capsules compatibles avec les machines Citiz, Pixie, Essenza, Lattissima, U et Maestria \u00e0 usage domestique de la marque Nespresso\u00ae. La marque Nespresso\u00ae n\u2019est ni de la propri\u00e9t\u00e9 de Italcaff\u00e8 SpA ni d\u2019aucune entreprise li\u00e9e \u00e0 cette derni\u00e8re.\" \/>\n<meta property=\"og:url\" content=\"https:\/\/italcaffe.it\/fr\/shop\/capsules-cafe\/nespresso-compatible\/n-1-cartons-avec-12-boites-x-10-capsules-espresso-100-arabica-compatibles-nespressor\/\" \/>\n<meta property=\"og:site_name\" content=\"Italcaff\u00e8\" \/>\n<meta property=\"article:modified_time\" content=\"2020-02-26T14:49:54+00:00\" \/>\n<meta property=\"og:image\" content=\"https:\/\/italcaffe.it\/wp-content\/uploads\/2020\/02\/Senza-titolo-1_0007_italcaffe84601.jpg\" \/>\n\t<meta property=\"og:image:width\" content=\"825\" \/>\n\t<meta property=\"og:image:height\" content=\"1100\" \/>\n\t<meta property=\"og:image:type\" content=\"image\/jpeg\" \/>\n<meta name=\"twitter:card\" content=\"summary_large_image\" \/>\n<script type=\"application\/ld+json\" class=\"yoast-schema-graph\">{\"@context\":\"https:\/\/schema.org\",\"@graph\":[{\"@type\":\"WebPage\",\"@id\":\"https:\/\/italcaffe.it\/fr\/shop\/capsules-cafe\/nespresso-compatible\/n-1-cartons-avec-12-boites-x-10-capsules-espresso-100-arabica-compatibles-nespressor\/\",\"url\":\"https:\/\/italcaffe.it\/fr\/shop\/capsules-cafe\/nespresso-compatible\/n-1-cartons-avec-12-boites-x-10-capsules-espresso-100-arabica-compatibles-nespressor\/\",\"name\":\"N. 1 Cartons avec 10 bo\u00eetes x 10 capsules ESPRESSO 100% ARABICA Compatibles Nespresso\u00ae - Italcaff\u00e8\",\"isPartOf\":{\"@id\":\"https:\/\/italcaffe.it\/fr\/#website\"},\"primaryImageOfPage\":{\"@id\":\"https:\/\/italcaffe.it\/fr\/shop\/capsules-cafe\/nespresso-compatible\/n-1-cartons-avec-12-boites-x-10-capsules-espresso-100-arabica-compatibles-nespressor\/#primaryimage\"},\"image\":{\"@id\":\"https:\/\/italcaffe.it\/fr\/shop\/capsules-cafe\/nespresso-compatible\/n-1-cartons-avec-12-boites-x-10-capsules-espresso-100-arabica-compatibles-nespressor\/#primaryimage\"},\"thumbnailUrl\":\"https:\/\/italcaffe.it\/wp-content\/uploads\/2020\/02\/Senza-titolo-1_0007_italcaffe84601.jpg\",\"datePublished\":\"2020-02-26T14:49:49+00:00\",\"dateModified\":\"2020-02-26T14:49:54+00:00\",\"breadcrumb\":{\"@id\":\"https:\/\/italcaffe.it\/fr\/shop\/capsules-cafe\/nespresso-compatible\/n-1-cartons-avec-12-boites-x-10-capsules-espresso-100-arabica-compatibles-nespressor\/#breadcrumb\"},\"inLanguage\":\"fr-FR\",\"potentialAction\":[{\"@type\":\"ReadAction\",\"target\":[\"https:\/\/italcaffe.it\/fr\/shop\/capsules-cafe\/nespresso-compatible\/n-1-cartons-avec-12-boites-x-10-capsules-espresso-100-arabica-compatibles-nespressor\/\"]}]},{\"@type\":\"ImageObject\",\"inLanguage\":\"fr-FR\",\"@id\":\"https:\/\/italcaffe.it\/fr\/shop\/capsules-cafe\/nespresso-compatible\/n-1-cartons-avec-12-boites-x-10-capsules-espresso-100-arabica-compatibles-nespressor\/#primaryimage\",\"url\":\"https:\/\/italcaffe.it\/wp-content\/uploads\/2020\/02\/Senza-titolo-1_0007_italcaffe84601.jpg\",\"contentUrl\":\"https:\/\/italcaffe.it\/wp-content\/uploads\/2020\/02\/Senza-titolo-1_0007_italcaffe84601.jpg\",\"width\":825,\"height\":1100,\"caption\":\"Capsule caff\u00e8 100% Arabica Nespresso compatibili Italcaff\u00e8 Espresso fronte\"},{\"@type\":\"BreadcrumbList\",\"@id\":\"https:\/\/italcaffe.it\/fr\/shop\/capsules-cafe\/nespresso-compatible\/n-1-cartons-avec-12-boites-x-10-capsules-espresso-100-arabica-compatibles-nespressor\/#breadcrumb\",\"itemListElement\":[{\"@type\":\"ListItem\",\"position\":1,\"name\":\"Home\",\"item\":\"https:\/\/italcaffe.it\/fr\/\"},{\"@type\":\"ListItem\",\"position\":2,\"name\":\"Shop\",\"item\":\"https:\/\/italcaffe.it\/fr\/shop\/\"},{\"@type\":\"ListItem\",\"position\":3,\"name\":\"N. 1 Cartons avec 10 bo\u00eetes x 10 capsules ESPRESSO 100% ARABICA Compatibles Nespresso\u00ae\"}]},{\"@type\":\"WebSite\",\"@id\":\"https:\/\/italcaffe.it\/fr\/#website\",\"url\":\"https:\/\/italcaffe.it\/fr\/\",\"name\":\"Italcaff\u00e8\",\"description\":\"50 Anni insieme\",\"potentialAction\":[{\"@type\":\"SearchAction\",\"target\":{\"@type\":\"EntryPoint\",\"urlTemplate\":\"https:\/\/italcaffe.it\/fr\/?s={search_term_string}\"},\"query-input\":{\"@type\":\"PropertyValueSpecification\",\"valueRequired\":true,\"valueName\":\"search_term_string\"}}],\"inLanguage\":\"fr-FR\"}]}<\/script>\n<!-- \/ Yoast SEO plugin. -->","yoast_head_json":{"title":"N. 1 Cartons avec 10 bo\u00eetes x 10 capsules ESPRESSO 100% ARABICA Compatibles Nespresso\u00ae - Italcaff\u00e8","robots":{"index":"index","follow":"follow","max-snippet":"max-snippet:-1","max-image-preview":"max-image-preview:large","max-video-preview":"max-video-preview:-1"},"canonical":"https:\/\/italcaffe.it\/fr\/shop\/capsules-cafe\/nespresso-compatible\/n-1-cartons-avec-12-boites-x-10-capsules-espresso-100-arabica-compatibles-nespressor\/","og_locale":"fr_FR","og_type":"article","og_title":"N. 1 Cartons avec 10 bo\u00eetes x 10 capsules ESPRESSO 100% ARABICA Compatibles Nespresso\u00ae - Italcaff\u00e8","og_description":"Capsules de caf\u00e9 Italcaff\u00e8 Espresso Arabica Compatibles Nespresso, dosette nespresso. Les capsules de Caf\u00e9 Espresso 100% Arabica Italcaffe sont le r\u00e9sultat d'une s\u00e9lection des meilleurs m\u00e9langes d'Arabica avec une faible quantit\u00e9 de caf\u00e9ine. Son ar\u00f4me riche et persistant en fait un produit pour les amateurs les plus exigeants. Capsule monodose de caf\u00e9 100% Arabica moulu torr\u00e9fi\u00e9 \u00e0 l\u2019italienne. Capsules compatibles avec les machines Citiz, Pixie, Essenza, Lattissima, U et Maestria \u00e0 usage domestique de la marque Nespresso\u00ae. La marque Nespresso\u00ae n\u2019est ni de la propri\u00e9t\u00e9 de Italcaff\u00e8 SpA ni d\u2019aucune entreprise li\u00e9e \u00e0 cette derni\u00e8re.","og_url":"https:\/\/italcaffe.it\/fr\/shop\/capsules-cafe\/nespresso-compatible\/n-1-cartons-avec-12-boites-x-10-capsules-espresso-100-arabica-compatibles-nespressor\/","og_site_name":"Italcaff\u00e8","article_modified_time":"2020-02-26T14:49:54+00:00","og_image":[{"width":825,"height":1100,"url":"https:\/\/italcaffe.it\/wp-content\/uploads\/2020\/02\/Senza-titolo-1_0007_italcaffe84601.jpg","type":"image\/jpeg"}],"twitter_card":"summary_large_image","schema":{"@context":"https:\/\/schema.org","@graph":[{"@type":"WebPage","@id":"https:\/\/italcaffe.it\/fr\/shop\/capsules-cafe\/nespresso-compatible\/n-1-cartons-avec-12-boites-x-10-capsules-espresso-100-arabica-compatibles-nespressor\/","url":"https:\/\/italcaffe.it\/fr\/shop\/capsules-cafe\/nespresso-compatible\/n-1-cartons-avec-12-boites-x-10-capsules-espresso-100-arabica-compatibles-nespressor\/","name":"N. 1 Cartons avec 10 bo\u00eetes x 10 capsules ESPRESSO 100% ARABICA Compatibles Nespresso\u00ae - Italcaff\u00e8","isPartOf":{"@id":"https:\/\/italcaffe.it\/fr\/#website"},"primaryImageOfPage":{"@id":"https:\/\/italcaffe.it\/fr\/shop\/capsules-cafe\/nespresso-compatible\/n-1-cartons-avec-12-boites-x-10-capsules-espresso-100-arabica-compatibles-nespressor\/#primaryimage"},"image":{"@id":"https:\/\/italcaffe.it\/fr\/shop\/capsules-cafe\/nespresso-compatible\/n-1-cartons-avec-12-boites-x-10-capsules-espresso-100-arabica-compatibles-nespressor\/#primaryimage"},"thumbnailUrl":"https:\/\/italcaffe.it\/wp-content\/uploads\/2020\/02\/Senza-titolo-1_0007_italcaffe84601.jpg","datePublished":"2020-02-26T14:49:49+00:00","dateModified":"2020-02-26T14:49:54+00:00","breadcrumb":{"@id":"https:\/\/italcaffe.it\/fr\/shop\/capsules-cafe\/nespresso-compatible\/n-1-cartons-avec-12-boites-x-10-capsules-espresso-100-arabica-compatibles-nespressor\/#breadcrumb"},"inLanguage":"fr-FR","potentialAction":[{"@type":"ReadAction","target":["https:\/\/italcaffe.it\/fr\/shop\/capsules-cafe\/nespresso-compatible\/n-1-cartons-avec-12-boites-x-10-capsules-espresso-100-arabica-compatibles-nespressor\/"]}]},{"@type":"ImageObject","inLanguage":"fr-FR","@id":"https:\/\/italcaffe.it\/fr\/shop\/capsules-cafe\/nespresso-compatible\/n-1-cartons-avec-12-boites-x-10-capsules-espresso-100-arabica-compatibles-nespressor\/#primaryimage","url":"https:\/\/italcaffe.it\/wp-content\/uploads\/2020\/02\/Senza-titolo-1_0007_italcaffe84601.jpg","contentUrl":"https:\/\/italcaffe.it\/wp-content\/uploads\/2020\/02\/Senza-titolo-1_0007_italcaffe84601.jpg","width":825,"height":1100,"caption":"Capsule caff\u00e8 100% Arabica Nespresso compatibili Italcaff\u00e8 Espresso fronte"},{"@type":"BreadcrumbList","@id":"https:\/\/italcaffe.it\/fr\/shop\/capsules-cafe\/nespresso-compatible\/n-1-cartons-avec-12-boites-x-10-capsules-espresso-100-arabica-compatibles-nespressor\/#breadcrumb","itemListElement":[{"@type":"ListItem","position":1,"name":"Home","item":"https:\/\/italcaffe.it\/fr\/"},{"@type":"ListItem","position":2,"name":"Shop","item":"https:\/\/italcaffe.it\/fr\/shop\/"},{"@type":"ListItem","position":3,"name":"N. 1 Cartons avec 10 bo\u00eetes x 10 capsules ESPRESSO 100% ARABICA Compatibles Nespresso\u00ae"}]},{"@type":"WebSite","@id":"https:\/\/italcaffe.it\/fr\/#website","url":"https:\/\/italcaffe.it\/fr\/","name":"Italcaff\u00e8","description":"50 Anni insieme","potentialAction":[{"@type":"SearchAction","target":{"@type":"EntryPoint","urlTemplate":"https:\/\/italcaffe.it\/fr\/?s={search_term_string}"},"query-input":{"@type":"PropertyValueSpecification","valueRequired":true,"valueName":"search_term_string"}}],"inLanguage":"fr-FR"}]}},"_links":{"self":[{"href":"https:\/\/italcaffe.it\/fr\/wp-json\/wp\/v2\/product\/23242","targetHints":{"allow":["GET"]}}],"collection":[{"href":"https:\/\/italcaffe.it\/fr\/wp-json\/wp\/v2\/product"}],"about":[{"href":"https:\/\/italcaffe.it\/fr\/wp-json\/wp\/v2\/types\/product"}],"wp:featuredmedia":[{"embeddable":true,"href":"https:\/\/italcaffe.it\/fr\/wp-json\/wp\/v2\/media\/26528"}],"wp:attachment":[{"href":"https:\/\/italcaffe.it\/fr\/wp-json\/wp\/v2\/media?parent=23242"}],"wp:term":[{"taxonomy":"product_brand","embeddable":true,"href":"https:\/\/italcaffe.it\/fr\/wp-json\/wp\/v2\/product_brand?post=23242"},{"taxonomy":"product_cat","embeddable":true,"href":"https:\/\/italcaffe.it\/fr\/wp-json\/wp\/v2\/product_cat?post=23242"},{"taxonomy":"product_tag","embeddable":true,"href":"https:\/\/italcaffe.it\/fr\/wp-json\/wp\/v2\/product_tag?post=23242"}],"curies":[{"name":"wp","href":"https:\/\/api.w.org\/{rel}","templated":true}]}}