{"id":23248,"date":"2020-02-26T15:59:43","date_gmt":"2020-02-26T14:49:56","guid":{"rendered":"https:\/\/www.italcaffe.it\/product\/100-capsules-cafe-nespresso-compatibles-italcaffe-espresso-decafeine\/"},"modified":"2021-09-24T19:49:48","modified_gmt":"2021-09-24T18:49:48","slug":"espresso-decafeine-italcaffe","status":"publish","type":"product","link":"https:\/\/italcaffe.it\/fr\/shop\/capsules-cafe\/nespresso-compatible\/espresso-decafeine-italcaffe\/","title":{"rendered":"100 Capsules Caf\u00e9 Nespresso Compatibles Italcaffe Espresso D\u00e9caf\u00e9in\u00e9"},"content":{"rendered":"","protected":false},"excerpt":{"rendered":"<p style=\"text-align: justify\">Capsules de caf\u00e9 Expresso\u00a0compatibles Nespresso Italcaffe Espresso\u00a0D\u00e9caf\u00e9in\u00e9. Dosettes compatibles Nespresso\u00ae.\u00a0Les capsules de Espresso D\u00e9caf\u00e9in\u00e9 Italcaff\u00e8 ont une saveur intense qui ne fait pas regretter la cr\u00e8me, le corps et l\u2019ar\u00f4me des meilleurs caf\u00e9s express pour bars.Capsule monodose de m\u00e9lange de caf\u00e9 d\u00e9caf\u00e9in\u00e9, torr\u00e9fi\u00e9 et moulu \u00e0 l\u2019italienne.\u00a0Capsules compatibles avec les machines de la marque Nespresso\u00ae.\u00a0La marque Nespresso\u00ae n\u2019est ni de la propri\u00e9t\u00e9 de Italcaff\u00e8 SpA ni d\u2019aucune entreprise li\u00e9e \u00e0 cette derni\u00e8re.<\/p>\n","protected":false},"featured_media":28633,"template":"","meta":{"_acf_changed":false},"product_brand":[],"product_cat":[307,309],"product_tag":[],"class_list":{"0":"post-23248","1":"product","2":"type-product","3":"status-publish","4":"has-post-thumbnail","6":"product_cat-capsules-cafe","7":"product_cat-nespresso-compatible","8":"pa_tipologia-miscela","10":"first","11":"instock","12":"sale","13":"taxable","14":"shipping-taxable","15":"product-type-grouped"},"acf":[],"yoast_head":"<!-- This site is optimized with the Yoast SEO plugin v27.0 - https:\/\/yoast.com\/product\/yoast-seo-wordpress\/ -->\n<title>100 Capsules Caf\u00e9 Nespresso Compatibles Italcaffe Espresso D\u00e9caf\u00e9in\u00e9 - Italcaff\u00e8<\/title>\n<meta name=\"robots\" content=\"index, follow, max-snippet:-1, max-image-preview:large, max-video-preview:-1\" \/>\n<link rel=\"canonical\" href=\"https:\/\/italcaffe.it\/fr\/shop\/capsules-cafe\/nespresso-compatible\/espresso-decafeine-italcaffe\/\" \/>\n<meta property=\"og:locale\" content=\"fr_FR\" \/>\n<meta property=\"og:type\" content=\"article\" \/>\n<meta property=\"og:title\" content=\"100 Capsules Caf\u00e9 Nespresso Compatibles Italcaffe Espresso D\u00e9caf\u00e9in\u00e9 - Italcaff\u00e8\" \/>\n<meta property=\"og:description\" content=\"Capsules de caf\u00e9 Expresso\u00a0compatibles Nespresso Italcaffe Espresso\u00a0D\u00e9caf\u00e9in\u00e9. Dosettes compatibles Nespresso\u00ae.\u00a0Les capsules de Espresso D\u00e9caf\u00e9in\u00e9 Italcaff\u00e8 ont une saveur intense qui ne fait pas regretter la cr\u00e8me, le corps et l\u2019ar\u00f4me des meilleurs caf\u00e9s express pour bars.Capsule monodose de m\u00e9lange de caf\u00e9 d\u00e9caf\u00e9in\u00e9, torr\u00e9fi\u00e9 et moulu \u00e0 l\u2019italienne.\u00a0Capsules compatibles avec les machines de la marque Nespresso\u00ae.\u00a0La marque Nespresso\u00ae n\u2019est ni de la propri\u00e9t\u00e9 de Italcaff\u00e8 SpA ni d\u2019aucune entreprise li\u00e9e \u00e0 cette derni\u00e8re.\" \/>\n<meta property=\"og:url\" content=\"https:\/\/italcaffe.it\/fr\/shop\/capsules-cafe\/nespresso-compatible\/espresso-decafeine-italcaffe\/\" \/>\n<meta property=\"og:site_name\" content=\"Italcaff\u00e8\" \/>\n<meta property=\"article:modified_time\" content=\"2021-09-24T18:49:48+00:00\" \/>\n<meta property=\"og:image\" content=\"https:\/\/italcaffe.it\/wp-content\/uploads\/2021\/12\/Capsule-Decaf-Aluminium.jpg\" \/>\n\t<meta property=\"og:image:width\" content=\"825\" \/>\n\t<meta property=\"og:image:height\" content=\"1100\" \/>\n\t<meta property=\"og:image:type\" content=\"image\/jpeg\" \/>\n<meta name=\"twitter:card\" content=\"summary_large_image\" \/>\n<script type=\"application\/ld+json\" class=\"yoast-schema-graph\">{\"@context\":\"https:\/\/schema.org\",\"@graph\":[{\"@type\":\"WebPage\",\"@id\":\"https:\/\/italcaffe.it\/fr\/shop\/capsules-cafe\/nespresso-compatible\/espresso-decafeine-italcaffe\/\",\"url\":\"https:\/\/italcaffe.it\/fr\/shop\/capsules-cafe\/nespresso-compatible\/espresso-decafeine-italcaffe\/\",\"name\":\"100 Capsules Caf\u00e9 Nespresso Compatibles Italcaffe Espresso D\u00e9caf\u00e9in\u00e9 - Italcaff\u00e8\",\"isPartOf\":{\"@id\":\"https:\/\/italcaffe.it\/fr\/#website\"},\"primaryImageOfPage\":{\"@id\":\"https:\/\/italcaffe.it\/fr\/shop\/capsules-cafe\/nespresso-compatible\/espresso-decafeine-italcaffe\/#primaryimage\"},\"image\":{\"@id\":\"https:\/\/italcaffe.it\/fr\/shop\/capsules-cafe\/nespresso-compatible\/espresso-decafeine-italcaffe\/#primaryimage\"},\"thumbnailUrl\":\"https:\/\/italcaffe.it\/wp-content\/uploads\/2021\/12\/Capsule-Decaf-Aluminium.jpg\",\"datePublished\":\"2020-02-26T14:49:56+00:00\",\"dateModified\":\"2021-09-24T18:49:48+00:00\",\"breadcrumb\":{\"@id\":\"https:\/\/italcaffe.it\/fr\/shop\/capsules-cafe\/nespresso-compatible\/espresso-decafeine-italcaffe\/#breadcrumb\"},\"inLanguage\":\"fr-FR\",\"potentialAction\":[{\"@type\":\"ReadAction\",\"target\":[\"https:\/\/italcaffe.it\/fr\/shop\/capsules-cafe\/nespresso-compatible\/espresso-decafeine-italcaffe\/\"]}]},{\"@type\":\"ImageObject\",\"inLanguage\":\"fr-FR\",\"@id\":\"https:\/\/italcaffe.it\/fr\/shop\/capsules-cafe\/nespresso-compatible\/espresso-decafeine-italcaffe\/#primaryimage\",\"url\":\"https:\/\/italcaffe.it\/wp-content\/uploads\/2021\/12\/Capsule-Decaf-Aluminium.jpg\",\"contentUrl\":\"https:\/\/italcaffe.it\/wp-content\/uploads\/2021\/12\/Capsule-Decaf-Aluminium.jpg\",\"width\":825,\"height\":1100,\"caption\":\"Capsule caff\u00e8 espresso decaffeinato Italcaff\u00e8 compatbili Nespresso fronte\"},{\"@type\":\"BreadcrumbList\",\"@id\":\"https:\/\/italcaffe.it\/fr\/shop\/capsules-cafe\/nespresso-compatible\/espresso-decafeine-italcaffe\/#breadcrumb\",\"itemListElement\":[{\"@type\":\"ListItem\",\"position\":1,\"name\":\"Home\",\"item\":\"https:\/\/italcaffe.it\/fr\/\"},{\"@type\":\"ListItem\",\"position\":2,\"name\":\"Shop\",\"item\":\"https:\/\/italcaffe.it\/fr\/shop\/\"},{\"@type\":\"ListItem\",\"position\":3,\"name\":\"100 Capsules Caf\u00e9 Nespresso Compatibles Italcaffe Espresso D\u00e9caf\u00e9in\u00e9\"}]},{\"@type\":\"WebSite\",\"@id\":\"https:\/\/italcaffe.it\/fr\/#website\",\"url\":\"https:\/\/italcaffe.it\/fr\/\",\"name\":\"Italcaff\u00e8\",\"description\":\"50 Anni insieme\",\"potentialAction\":[{\"@type\":\"SearchAction\",\"target\":{\"@type\":\"EntryPoint\",\"urlTemplate\":\"https:\/\/italcaffe.it\/fr\/?s={search_term_string}\"},\"query-input\":{\"@type\":\"PropertyValueSpecification\",\"valueRequired\":true,\"valueName\":\"search_term_string\"}}],\"inLanguage\":\"fr-FR\"}]}<\/script>\n<!-- \/ Yoast SEO plugin. -->","yoast_head_json":{"title":"100 Capsules Caf\u00e9 Nespresso Compatibles Italcaffe Espresso D\u00e9caf\u00e9in\u00e9 - Italcaff\u00e8","robots":{"index":"index","follow":"follow","max-snippet":"max-snippet:-1","max-image-preview":"max-image-preview:large","max-video-preview":"max-video-preview:-1"},"canonical":"https:\/\/italcaffe.it\/fr\/shop\/capsules-cafe\/nespresso-compatible\/espresso-decafeine-italcaffe\/","og_locale":"fr_FR","og_type":"article","og_title":"100 Capsules Caf\u00e9 Nespresso Compatibles Italcaffe Espresso D\u00e9caf\u00e9in\u00e9 - Italcaff\u00e8","og_description":"Capsules de caf\u00e9 Expresso\u00a0compatibles Nespresso Italcaffe Espresso\u00a0D\u00e9caf\u00e9in\u00e9. Dosettes compatibles Nespresso\u00ae.\u00a0Les capsules de Espresso D\u00e9caf\u00e9in\u00e9 Italcaff\u00e8 ont une saveur intense qui ne fait pas regretter la cr\u00e8me, le corps et l\u2019ar\u00f4me des meilleurs caf\u00e9s express pour bars.Capsule monodose de m\u00e9lange de caf\u00e9 d\u00e9caf\u00e9in\u00e9, torr\u00e9fi\u00e9 et moulu \u00e0 l\u2019italienne.\u00a0Capsules compatibles avec les machines de la marque Nespresso\u00ae.\u00a0La marque Nespresso\u00ae n\u2019est ni de la propri\u00e9t\u00e9 de Italcaff\u00e8 SpA ni d\u2019aucune entreprise li\u00e9e \u00e0 cette derni\u00e8re.","og_url":"https:\/\/italcaffe.it\/fr\/shop\/capsules-cafe\/nespresso-compatible\/espresso-decafeine-italcaffe\/","og_site_name":"Italcaff\u00e8","article_modified_time":"2021-09-24T18:49:48+00:00","og_image":[{"width":825,"height":1100,"url":"https:\/\/italcaffe.it\/wp-content\/uploads\/2021\/12\/Capsule-Decaf-Aluminium.jpg","type":"image\/jpeg"}],"twitter_card":"summary_large_image","schema":{"@context":"https:\/\/schema.org","@graph":[{"@type":"WebPage","@id":"https:\/\/italcaffe.it\/fr\/shop\/capsules-cafe\/nespresso-compatible\/espresso-decafeine-italcaffe\/","url":"https:\/\/italcaffe.it\/fr\/shop\/capsules-cafe\/nespresso-compatible\/espresso-decafeine-italcaffe\/","name":"100 Capsules Caf\u00e9 Nespresso Compatibles Italcaffe Espresso D\u00e9caf\u00e9in\u00e9 - Italcaff\u00e8","isPartOf":{"@id":"https:\/\/italcaffe.it\/fr\/#website"},"primaryImageOfPage":{"@id":"https:\/\/italcaffe.it\/fr\/shop\/capsules-cafe\/nespresso-compatible\/espresso-decafeine-italcaffe\/#primaryimage"},"image":{"@id":"https:\/\/italcaffe.it\/fr\/shop\/capsules-cafe\/nespresso-compatible\/espresso-decafeine-italcaffe\/#primaryimage"},"thumbnailUrl":"https:\/\/italcaffe.it\/wp-content\/uploads\/2021\/12\/Capsule-Decaf-Aluminium.jpg","datePublished":"2020-02-26T14:49:56+00:00","dateModified":"2021-09-24T18:49:48+00:00","breadcrumb":{"@id":"https:\/\/italcaffe.it\/fr\/shop\/capsules-cafe\/nespresso-compatible\/espresso-decafeine-italcaffe\/#breadcrumb"},"inLanguage":"fr-FR","potentialAction":[{"@type":"ReadAction","target":["https:\/\/italcaffe.it\/fr\/shop\/capsules-cafe\/nespresso-compatible\/espresso-decafeine-italcaffe\/"]}]},{"@type":"ImageObject","inLanguage":"fr-FR","@id":"https:\/\/italcaffe.it\/fr\/shop\/capsules-cafe\/nespresso-compatible\/espresso-decafeine-italcaffe\/#primaryimage","url":"https:\/\/italcaffe.it\/wp-content\/uploads\/2021\/12\/Capsule-Decaf-Aluminium.jpg","contentUrl":"https:\/\/italcaffe.it\/wp-content\/uploads\/2021\/12\/Capsule-Decaf-Aluminium.jpg","width":825,"height":1100,"caption":"Capsule caff\u00e8 espresso decaffeinato Italcaff\u00e8 compatbili Nespresso fronte"},{"@type":"BreadcrumbList","@id":"https:\/\/italcaffe.it\/fr\/shop\/capsules-cafe\/nespresso-compatible\/espresso-decafeine-italcaffe\/#breadcrumb","itemListElement":[{"@type":"ListItem","position":1,"name":"Home","item":"https:\/\/italcaffe.it\/fr\/"},{"@type":"ListItem","position":2,"name":"Shop","item":"https:\/\/italcaffe.it\/fr\/shop\/"},{"@type":"ListItem","position":3,"name":"100 Capsules Caf\u00e9 Nespresso Compatibles Italcaffe Espresso D\u00e9caf\u00e9in\u00e9"}]},{"@type":"WebSite","@id":"https:\/\/italcaffe.it\/fr\/#website","url":"https:\/\/italcaffe.it\/fr\/","name":"Italcaff\u00e8","description":"50 Anni insieme","potentialAction":[{"@type":"SearchAction","target":{"@type":"EntryPoint","urlTemplate":"https:\/\/italcaffe.it\/fr\/?s={search_term_string}"},"query-input":{"@type":"PropertyValueSpecification","valueRequired":true,"valueName":"search_term_string"}}],"inLanguage":"fr-FR"}]}},"_links":{"self":[{"href":"https:\/\/italcaffe.it\/fr\/wp-json\/wp\/v2\/product\/23248","targetHints":{"allow":["GET"]}}],"collection":[{"href":"https:\/\/italcaffe.it\/fr\/wp-json\/wp\/v2\/product"}],"about":[{"href":"https:\/\/italcaffe.it\/fr\/wp-json\/wp\/v2\/types\/product"}],"wp:featuredmedia":[{"embeddable":true,"href":"https:\/\/italcaffe.it\/fr\/wp-json\/wp\/v2\/media\/28633"}],"wp:attachment":[{"href":"https:\/\/italcaffe.it\/fr\/wp-json\/wp\/v2\/media?parent=23248"}],"wp:term":[{"taxonomy":"product_brand","embeddable":true,"href":"https:\/\/italcaffe.it\/fr\/wp-json\/wp\/v2\/product_brand?post=23248"},{"taxonomy":"product_cat","embeddable":true,"href":"https:\/\/italcaffe.it\/fr\/wp-json\/wp\/v2\/product_cat?post=23248"},{"taxonomy":"product_tag","embeddable":true,"href":"https:\/\/italcaffe.it\/fr\/wp-json\/wp\/v2\/product_tag?post=23248"}],"curies":[{"name":"wp","href":"https:\/\/api.w.org\/{rel}","templated":true}]}}