{"id":23249,"date":"2020-02-26T15:59:51","date_gmt":"2020-02-26T14:49:56","guid":{"rendered":"https:\/\/www.italcaffe.it\/product\/paquet-degustation-avec-1-boite-de-10-capsules-espresso-gold-1-boite-de-10-capsules-espresso-100-arabica-1-boite-de-10-capsules-espresso-decafeine-capsules-compatibles-avec-les-machines-a-usage-d\/"},"modified":"2020-02-26T15:49:56","modified_gmt":"2020-02-26T14:49:56","slug":"paquet-d-essai-avec-1-boite-de-espresso-or-1-boite-de-espresso-arabica-1-boite-de-decafeine-espresso-toutes-les-capsules-comprises-sont-compatibles-nespresso","status":"publish","type":"product","link":"https:\/\/italcaffe.it\/fr\/shop\/capsules-cafe\/nespresso-compatible\/paquet-d-essai-avec-1-boite-de-espresso-or-1-boite-de-espresso-arabica-1-boite-de-decafeine-espresso-toutes-les-capsules-comprises-sont-compatibles-nespresso\/","title":{"rendered":"Paquet d\u00e9gustation avec 1 bo\u00eete de 10 Capsules Espresso Gold + 1 bo\u00eete de 10 Capsules Espresso 100% Arabica + 1 bo\u00eete de 10 Capsules Espresso D\u00e9caf\u00e9in\u00e9. Capsules compatibles avec les machines \u00e0 usage domestique de la marque Nespresso\u00ae."},"content":{"rendered":"","protected":false},"excerpt":{"rendered":"<p style=\"text-align: justify;\">Paquet d&eacute;gustation avec 1 bo&icirc;te de 10 Capsules Espresso Gold + 1 bo&icirc;te de 10 Capsules Espresso 100% Arabica + 1 bo&icirc;te de 10 Capsules Espresso D&eacute;caf&eacute;in&eacute;. Capsules compatibles avec les machines &agrave; usage domestique de la marque Nespresso&reg;.<\/p>\n<p style=\"text-align: justify;\">La marque Nespresso&reg; n&rsquo;est ni de la propri&eacute;t&eacute; de Italcaff&egrave; SpA ni d&rsquo;aucune entreprise li&eacute;e &agrave; cette derni&egrave;re.<\/p>\n","protected":false},"featured_media":9873,"template":"","meta":{"_acf_changed":false},"product_brand":[],"product_cat":[307,309],"product_tag":[],"class_list":{"0":"post-23249","1":"product","2":"type-product","3":"status-publish","4":"has-post-thumbnail","6":"product_cat-capsules-cafe","7":"product_cat-nespresso-compatible","8":"pa_tipologia-miscela","10":"first","11":"instock","12":"taxable","13":"shipping-taxable","14":"purchasable","15":"product-type-simple"},"acf":[],"yoast_head":"<!-- This site is optimized with the Yoast SEO plugin v27.0 - https:\/\/yoast.com\/product\/yoast-seo-wordpress\/ -->\n<title>Paquet d\u00e9gustation avec 1 bo\u00eete de 10 Capsules Espresso Gold + 1 bo\u00eete de 10 Capsules Espresso 100% Arabica + 1 bo\u00eete de 10 Capsules Espresso D\u00e9caf\u00e9in\u00e9. Capsules compatibles avec les machines \u00e0 usage domestique de la marque Nespresso\u00ae. - Italcaff\u00e8<\/title>\n<meta name=\"robots\" content=\"index, follow, max-snippet:-1, max-image-preview:large, max-video-preview:-1\" \/>\n<link rel=\"canonical\" href=\"https:\/\/italcaffe.it\/fr\/shop\/capsules-cafe\/nespresso-compatible\/paquet-d-essai-avec-1-boite-de-espresso-or-1-boite-de-espresso-arabica-1-boite-de-decafeine-espresso-toutes-les-capsules-comprises-sont-compatibles-nespresso\/\" \/>\n<meta property=\"og:locale\" content=\"fr_FR\" \/>\n<meta property=\"og:type\" content=\"article\" \/>\n<meta property=\"og:title\" content=\"Paquet d\u00e9gustation avec 1 bo\u00eete de 10 Capsules Espresso Gold + 1 bo\u00eete de 10 Capsules Espresso 100% Arabica + 1 bo\u00eete de 10 Capsules Espresso D\u00e9caf\u00e9in\u00e9. Capsules compatibles avec les machines \u00e0 usage domestique de la marque Nespresso\u00ae. - Italcaff\u00e8\" \/>\n<meta property=\"og:description\" content=\"Paquet d&eacute;gustation avec 1 bo&icirc;te de 10 Capsules Espresso Gold + 1 bo&icirc;te de 10 Capsules Espresso 100% Arabica + 1 bo&icirc;te de 10 Capsules Espresso D&eacute;caf&eacute;in&eacute;. Capsules compatibles avec les machines &agrave; usage domestique de la marque Nespresso&reg;. La marque Nespresso&reg; n&rsquo;est ni de la propri&eacute;t&eacute; de Italcaff&egrave; SpA ni d&rsquo;aucune entreprise li&eacute;e &agrave; cette derni&egrave;re.\" \/>\n<meta property=\"og:url\" content=\"https:\/\/italcaffe.it\/fr\/shop\/capsules-cafe\/nespresso-compatible\/paquet-d-essai-avec-1-boite-de-espresso-or-1-boite-de-espresso-arabica-1-boite-de-decafeine-espresso-toutes-les-capsules-comprises-sont-compatibles-nespresso\/\" \/>\n<meta property=\"og:site_name\" content=\"Italcaff\u00e8\" \/>\n<meta property=\"og:image\" content=\"https:\/\/italcaffe.it\/wp-content\/uploads\/2016\/05\/843_92_tris-n-grande-2015.jpg\" \/>\n\t<meta property=\"og:image:width\" content=\"228\" \/>\n\t<meta property=\"og:image:height\" content=\"228\" \/>\n\t<meta property=\"og:image:type\" content=\"image\/jpeg\" \/>\n<meta name=\"twitter:card\" content=\"summary_large_image\" \/>\n<script type=\"application\/ld+json\" class=\"yoast-schema-graph\">{\"@context\":\"https:\/\/schema.org\",\"@graph\":[{\"@type\":\"WebPage\",\"@id\":\"https:\/\/italcaffe.it\/fr\/shop\/capsules-cafe\/nespresso-compatible\/paquet-d-essai-avec-1-boite-de-espresso-or-1-boite-de-espresso-arabica-1-boite-de-decafeine-espresso-toutes-les-capsules-comprises-sont-compatibles-nespresso\/\",\"url\":\"https:\/\/italcaffe.it\/fr\/shop\/capsules-cafe\/nespresso-compatible\/paquet-d-essai-avec-1-boite-de-espresso-or-1-boite-de-espresso-arabica-1-boite-de-decafeine-espresso-toutes-les-capsules-comprises-sont-compatibles-nespresso\/\",\"name\":\"Paquet d\u00e9gustation avec 1 bo\u00eete de 10 Capsules Espresso Gold + 1 bo\u00eete de 10 Capsules Espresso 100% Arabica + 1 bo\u00eete de 10 Capsules Espresso D\u00e9caf\u00e9in\u00e9. Capsules compatibles avec les machines \u00e0 usage domestique de la marque Nespresso\u00ae. - Italcaff\u00e8\",\"isPartOf\":{\"@id\":\"https:\/\/italcaffe.it\/fr\/#website\"},\"primaryImageOfPage\":{\"@id\":\"https:\/\/italcaffe.it\/fr\/shop\/capsules-cafe\/nespresso-compatible\/paquet-d-essai-avec-1-boite-de-espresso-or-1-boite-de-espresso-arabica-1-boite-de-decafeine-espresso-toutes-les-capsules-comprises-sont-compatibles-nespresso\/#primaryimage\"},\"image\":{\"@id\":\"https:\/\/italcaffe.it\/fr\/shop\/capsules-cafe\/nespresso-compatible\/paquet-d-essai-avec-1-boite-de-espresso-or-1-boite-de-espresso-arabica-1-boite-de-decafeine-espresso-toutes-les-capsules-comprises-sont-compatibles-nespresso\/#primaryimage\"},\"thumbnailUrl\":\"https:\/\/italcaffe.it\/wp-content\/uploads\/2016\/05\/843_92_tris-n-grande-2015.jpg\",\"datePublished\":\"2020-02-26T14:49:56+00:00\",\"breadcrumb\":{\"@id\":\"https:\/\/italcaffe.it\/fr\/shop\/capsules-cafe\/nespresso-compatible\/paquet-d-essai-avec-1-boite-de-espresso-or-1-boite-de-espresso-arabica-1-boite-de-decafeine-espresso-toutes-les-capsules-comprises-sont-compatibles-nespresso\/#breadcrumb\"},\"inLanguage\":\"fr-FR\",\"potentialAction\":[{\"@type\":\"ReadAction\",\"target\":[\"https:\/\/italcaffe.it\/fr\/shop\/capsules-cafe\/nespresso-compatible\/paquet-d-essai-avec-1-boite-de-espresso-or-1-boite-de-espresso-arabica-1-boite-de-decafeine-espresso-toutes-les-capsules-comprises-sont-compatibles-nespresso\/\"]}]},{\"@type\":\"ImageObject\",\"inLanguage\":\"fr-FR\",\"@id\":\"https:\/\/italcaffe.it\/fr\/shop\/capsules-cafe\/nespresso-compatible\/paquet-d-essai-avec-1-boite-de-espresso-or-1-boite-de-espresso-arabica-1-boite-de-decafeine-espresso-toutes-les-capsules-comprises-sont-compatibles-nespresso\/#primaryimage\",\"url\":\"https:\/\/italcaffe.it\/wp-content\/uploads\/2016\/05\/843_92_tris-n-grande-2015.jpg\",\"contentUrl\":\"https:\/\/italcaffe.it\/wp-content\/uploads\/2016\/05\/843_92_tris-n-grande-2015.jpg\",\"width\":228,\"height\":228,\"caption\":\"Testpaket mit 1 Schachtel Espresso Gold + 1 Schachtel Espresso Arabica + 1 Schachtel Espresso entkoffeiniert. Alle enthalten Kapseln, Nespresso kompatibel sind.-0\"},{\"@type\":\"BreadcrumbList\",\"@id\":\"https:\/\/italcaffe.it\/fr\/shop\/capsules-cafe\/nespresso-compatible\/paquet-d-essai-avec-1-boite-de-espresso-or-1-boite-de-espresso-arabica-1-boite-de-decafeine-espresso-toutes-les-capsules-comprises-sont-compatibles-nespresso\/#breadcrumb\",\"itemListElement\":[{\"@type\":\"ListItem\",\"position\":1,\"name\":\"Home\",\"item\":\"https:\/\/italcaffe.it\/fr\/\"},{\"@type\":\"ListItem\",\"position\":2,\"name\":\"Shop\",\"item\":\"https:\/\/italcaffe.it\/fr\/shop\/\"},{\"@type\":\"ListItem\",\"position\":3,\"name\":\"Paquet d\u00e9gustation avec 1 bo\u00eete de 10 Capsules Espresso Gold + 1 bo\u00eete de 10 Capsules Espresso 100% Arabica + 1 bo\u00eete de 10 Capsules Espresso D\u00e9caf\u00e9in\u00e9. Capsules compatibles avec les machines \u00e0 usage domestique de la marque Nespresso\u00ae.\"}]},{\"@type\":\"WebSite\",\"@id\":\"https:\/\/italcaffe.it\/fr\/#website\",\"url\":\"https:\/\/italcaffe.it\/fr\/\",\"name\":\"Italcaff\u00e8\",\"description\":\"50 Anni insieme\",\"potentialAction\":[{\"@type\":\"SearchAction\",\"target\":{\"@type\":\"EntryPoint\",\"urlTemplate\":\"https:\/\/italcaffe.it\/fr\/?s={search_term_string}\"},\"query-input\":{\"@type\":\"PropertyValueSpecification\",\"valueRequired\":true,\"valueName\":\"search_term_string\"}}],\"inLanguage\":\"fr-FR\"}]}<\/script>\n<!-- \/ Yoast SEO plugin. -->","yoast_head_json":{"title":"Paquet d\u00e9gustation avec 1 bo\u00eete de 10 Capsules Espresso Gold + 1 bo\u00eete de 10 Capsules Espresso 100% Arabica + 1 bo\u00eete de 10 Capsules Espresso D\u00e9caf\u00e9in\u00e9. Capsules compatibles avec les machines \u00e0 usage domestique de la marque Nespresso\u00ae. - Italcaff\u00e8","robots":{"index":"index","follow":"follow","max-snippet":"max-snippet:-1","max-image-preview":"max-image-preview:large","max-video-preview":"max-video-preview:-1"},"canonical":"https:\/\/italcaffe.it\/fr\/shop\/capsules-cafe\/nespresso-compatible\/paquet-d-essai-avec-1-boite-de-espresso-or-1-boite-de-espresso-arabica-1-boite-de-decafeine-espresso-toutes-les-capsules-comprises-sont-compatibles-nespresso\/","og_locale":"fr_FR","og_type":"article","og_title":"Paquet d\u00e9gustation avec 1 bo\u00eete de 10 Capsules Espresso Gold + 1 bo\u00eete de 10 Capsules Espresso 100% Arabica + 1 bo\u00eete de 10 Capsules Espresso D\u00e9caf\u00e9in\u00e9. Capsules compatibles avec les machines \u00e0 usage domestique de la marque Nespresso\u00ae. - Italcaff\u00e8","og_description":"Paquet d&eacute;gustation avec 1 bo&icirc;te de 10 Capsules Espresso Gold + 1 bo&icirc;te de 10 Capsules Espresso 100% Arabica + 1 bo&icirc;te de 10 Capsules Espresso D&eacute;caf&eacute;in&eacute;. Capsules compatibles avec les machines &agrave; usage domestique de la marque Nespresso&reg;. La marque Nespresso&reg; n&rsquo;est ni de la propri&eacute;t&eacute; de Italcaff&egrave; SpA ni d&rsquo;aucune entreprise li&eacute;e &agrave; cette derni&egrave;re.","og_url":"https:\/\/italcaffe.it\/fr\/shop\/capsules-cafe\/nespresso-compatible\/paquet-d-essai-avec-1-boite-de-espresso-or-1-boite-de-espresso-arabica-1-boite-de-decafeine-espresso-toutes-les-capsules-comprises-sont-compatibles-nespresso\/","og_site_name":"Italcaff\u00e8","og_image":[{"width":228,"height":228,"url":"https:\/\/italcaffe.it\/wp-content\/uploads\/2016\/05\/843_92_tris-n-grande-2015.jpg","type":"image\/jpeg"}],"twitter_card":"summary_large_image","schema":{"@context":"https:\/\/schema.org","@graph":[{"@type":"WebPage","@id":"https:\/\/italcaffe.it\/fr\/shop\/capsules-cafe\/nespresso-compatible\/paquet-d-essai-avec-1-boite-de-espresso-or-1-boite-de-espresso-arabica-1-boite-de-decafeine-espresso-toutes-les-capsules-comprises-sont-compatibles-nespresso\/","url":"https:\/\/italcaffe.it\/fr\/shop\/capsules-cafe\/nespresso-compatible\/paquet-d-essai-avec-1-boite-de-espresso-or-1-boite-de-espresso-arabica-1-boite-de-decafeine-espresso-toutes-les-capsules-comprises-sont-compatibles-nespresso\/","name":"Paquet d\u00e9gustation avec 1 bo\u00eete de 10 Capsules Espresso Gold + 1 bo\u00eete de 10 Capsules Espresso 100% Arabica + 1 bo\u00eete de 10 Capsules Espresso D\u00e9caf\u00e9in\u00e9. Capsules compatibles avec les machines \u00e0 usage domestique de la marque Nespresso\u00ae. - Italcaff\u00e8","isPartOf":{"@id":"https:\/\/italcaffe.it\/fr\/#website"},"primaryImageOfPage":{"@id":"https:\/\/italcaffe.it\/fr\/shop\/capsules-cafe\/nespresso-compatible\/paquet-d-essai-avec-1-boite-de-espresso-or-1-boite-de-espresso-arabica-1-boite-de-decafeine-espresso-toutes-les-capsules-comprises-sont-compatibles-nespresso\/#primaryimage"},"image":{"@id":"https:\/\/italcaffe.it\/fr\/shop\/capsules-cafe\/nespresso-compatible\/paquet-d-essai-avec-1-boite-de-espresso-or-1-boite-de-espresso-arabica-1-boite-de-decafeine-espresso-toutes-les-capsules-comprises-sont-compatibles-nespresso\/#primaryimage"},"thumbnailUrl":"https:\/\/italcaffe.it\/wp-content\/uploads\/2016\/05\/843_92_tris-n-grande-2015.jpg","datePublished":"2020-02-26T14:49:56+00:00","breadcrumb":{"@id":"https:\/\/italcaffe.it\/fr\/shop\/capsules-cafe\/nespresso-compatible\/paquet-d-essai-avec-1-boite-de-espresso-or-1-boite-de-espresso-arabica-1-boite-de-decafeine-espresso-toutes-les-capsules-comprises-sont-compatibles-nespresso\/#breadcrumb"},"inLanguage":"fr-FR","potentialAction":[{"@type":"ReadAction","target":["https:\/\/italcaffe.it\/fr\/shop\/capsules-cafe\/nespresso-compatible\/paquet-d-essai-avec-1-boite-de-espresso-or-1-boite-de-espresso-arabica-1-boite-de-decafeine-espresso-toutes-les-capsules-comprises-sont-compatibles-nespresso\/"]}]},{"@type":"ImageObject","inLanguage":"fr-FR","@id":"https:\/\/italcaffe.it\/fr\/shop\/capsules-cafe\/nespresso-compatible\/paquet-d-essai-avec-1-boite-de-espresso-or-1-boite-de-espresso-arabica-1-boite-de-decafeine-espresso-toutes-les-capsules-comprises-sont-compatibles-nespresso\/#primaryimage","url":"https:\/\/italcaffe.it\/wp-content\/uploads\/2016\/05\/843_92_tris-n-grande-2015.jpg","contentUrl":"https:\/\/italcaffe.it\/wp-content\/uploads\/2016\/05\/843_92_tris-n-grande-2015.jpg","width":228,"height":228,"caption":"Testpaket mit 1 Schachtel Espresso Gold + 1 Schachtel Espresso Arabica + 1 Schachtel Espresso entkoffeiniert. Alle enthalten Kapseln, Nespresso kompatibel sind.-0"},{"@type":"BreadcrumbList","@id":"https:\/\/italcaffe.it\/fr\/shop\/capsules-cafe\/nespresso-compatible\/paquet-d-essai-avec-1-boite-de-espresso-or-1-boite-de-espresso-arabica-1-boite-de-decafeine-espresso-toutes-les-capsules-comprises-sont-compatibles-nespresso\/#breadcrumb","itemListElement":[{"@type":"ListItem","position":1,"name":"Home","item":"https:\/\/italcaffe.it\/fr\/"},{"@type":"ListItem","position":2,"name":"Shop","item":"https:\/\/italcaffe.it\/fr\/shop\/"},{"@type":"ListItem","position":3,"name":"Paquet d\u00e9gustation avec 1 bo\u00eete de 10 Capsules Espresso Gold + 1 bo\u00eete de 10 Capsules Espresso 100% Arabica + 1 bo\u00eete de 10 Capsules Espresso D\u00e9caf\u00e9in\u00e9. Capsules compatibles avec les machines \u00e0 usage domestique de la marque Nespresso\u00ae."}]},{"@type":"WebSite","@id":"https:\/\/italcaffe.it\/fr\/#website","url":"https:\/\/italcaffe.it\/fr\/","name":"Italcaff\u00e8","description":"50 Anni insieme","potentialAction":[{"@type":"SearchAction","target":{"@type":"EntryPoint","urlTemplate":"https:\/\/italcaffe.it\/fr\/?s={search_term_string}"},"query-input":{"@type":"PropertyValueSpecification","valueRequired":true,"valueName":"search_term_string"}}],"inLanguage":"fr-FR"}]}},"_links":{"self":[{"href":"https:\/\/italcaffe.it\/fr\/wp-json\/wp\/v2\/product\/23249","targetHints":{"allow":["GET"]}}],"collection":[{"href":"https:\/\/italcaffe.it\/fr\/wp-json\/wp\/v2\/product"}],"about":[{"href":"https:\/\/italcaffe.it\/fr\/wp-json\/wp\/v2\/types\/product"}],"wp:featuredmedia":[{"embeddable":true,"href":"https:\/\/italcaffe.it\/fr\/wp-json\/wp\/v2\/media\/9873"}],"wp:attachment":[{"href":"https:\/\/italcaffe.it\/fr\/wp-json\/wp\/v2\/media?parent=23249"}],"wp:term":[{"taxonomy":"product_brand","embeddable":true,"href":"https:\/\/italcaffe.it\/fr\/wp-json\/wp\/v2\/product_brand?post=23249"},{"taxonomy":"product_cat","embeddable":true,"href":"https:\/\/italcaffe.it\/fr\/wp-json\/wp\/v2\/product_cat?post=23249"},{"taxonomy":"product_tag","embeddable":true,"href":"https:\/\/italcaffe.it\/fr\/wp-json\/wp\/v2\/product_tag?post=23249"}],"curies":[{"name":"wp","href":"https:\/\/api.w.org\/{rel}","templated":true}]}}