{"id":23257,"date":"2020-02-26T15:59:51","date_gmt":"2020-02-26T14:49:56","guid":{"rendered":"https:\/\/www.italcaffe.it\/product\/crema-oro-4-x-250-gr\/"},"modified":"2024-02-25T12:53:31","modified_gmt":"2024-02-25T11:53:31","slug":"4-x-250-gr-crema-oro","status":"publish","type":"product","link":"https:\/\/italcaffe.it\/fr\/shop\/cafe-moulu\/mouture-cafetiere-italienne\/4-x-250-gr-crema-oro\/","title":{"rendered":"Crema Oro &#8211; ( 4 x 250 gr. )"},"content":{"rendered":"","protected":false},"excerpt":{"rendered":"<p>Il s\u2019agit d\u2019un m\u00e9lange pr\u00e9cieux des caf\u00e9s &#8216;Arabica et Robusta soigneusement s\u00e9lectionn\u00e9s et torr\u00e9fi\u00e9s pour vous offrir un caf\u00e9 cr\u00e9meux avec un ar\u00f4me doux et riche.<\/p>\n<p>En grains il est indiqu\u00e9 pour la machine \u00e0 caf\u00e9 espresso bar. <\/p>\n<p>Il est disponible moulu en sachets sous vide (250 gr.)<\/p>\n","protected":false},"featured_media":26849,"template":"","meta":{"_acf_changed":false},"product_brand":[],"product_cat":[310,311],"product_tag":[],"class_list":{"0":"post-23257","1":"product","2":"type-product","3":"status-publish","4":"has-post-thumbnail","6":"product_cat-cafe-moulu","7":"product_cat-mouture-cafetiere-italienne","9":"first","10":"instock","11":"taxable","12":"shipping-taxable","13":"purchasable","14":"product-type-simple"},"acf":[],"yoast_head":"<!-- This site is optimized with the Yoast SEO plugin v27.0 - https:\/\/yoast.com\/product\/yoast-seo-wordpress\/ -->\n<title>Crema Oro - ( 4 x 250 gr. ) - Italcaff\u00e8<\/title>\n<meta name=\"robots\" content=\"index, follow, max-snippet:-1, max-image-preview:large, max-video-preview:-1\" \/>\n<link rel=\"canonical\" href=\"https:\/\/italcaffe.it\/fr\/shop\/cafe-moulu\/mouture-cafetiere-italienne\/4-x-250-gr-crema-oro\/\" \/>\n<meta property=\"og:locale\" content=\"fr_FR\" \/>\n<meta property=\"og:type\" content=\"article\" \/>\n<meta property=\"og:title\" content=\"Crema Oro - ( 4 x 250 gr. ) - Italcaff\u00e8\" \/>\n<meta property=\"og:description\" content=\"Il s\u2019agit d\u2019un m\u00e9lange pr\u00e9cieux des caf\u00e9s &#039;Arabica et Robusta soigneusement s\u00e9lectionn\u00e9s et torr\u00e9fi\u00e9s pour vous offrir un caf\u00e9 cr\u00e9meux avec un ar\u00f4me doux et riche. En grains il est indiqu\u00e9 pour la machine \u00e0 caf\u00e9 espresso bar.  Il est disponible moulu en sachets sous vide (250 gr.)\" \/>\n<meta property=\"og:url\" content=\"https:\/\/italcaffe.it\/fr\/shop\/cafe-moulu\/mouture-cafetiere-italienne\/4-x-250-gr-crema-oro\/\" \/>\n<meta property=\"og:site_name\" content=\"Italcaff\u00e8\" \/>\n<meta property=\"article:modified_time\" content=\"2024-02-25T11:53:31+00:00\" \/>\n<meta property=\"og:image\" content=\"https:\/\/italcaffe.it\/wp-content\/uploads\/2021\/02\/italcaffe_macinato_crema_oro.png\" \/>\n\t<meta property=\"og:image:width\" content=\"825\" \/>\n\t<meta property=\"og:image:height\" content=\"1100\" \/>\n\t<meta property=\"og:image:type\" content=\"image\/png\" \/>\n<meta name=\"twitter:card\" content=\"summary_large_image\" \/>\n<script type=\"application\/ld+json\" class=\"yoast-schema-graph\">{\"@context\":\"https:\/\/schema.org\",\"@graph\":[{\"@type\":\"WebPage\",\"@id\":\"https:\/\/italcaffe.it\/fr\/shop\/cafe-moulu\/mouture-cafetiere-italienne\/4-x-250-gr-crema-oro\/\",\"url\":\"https:\/\/italcaffe.it\/fr\/shop\/cafe-moulu\/mouture-cafetiere-italienne\/4-x-250-gr-crema-oro\/\",\"name\":\"Crema Oro - ( 4 x 250 gr. ) - Italcaff\u00e8\",\"isPartOf\":{\"@id\":\"https:\/\/italcaffe.it\/fr\/#website\"},\"primaryImageOfPage\":{\"@id\":\"https:\/\/italcaffe.it\/fr\/shop\/cafe-moulu\/mouture-cafetiere-italienne\/4-x-250-gr-crema-oro\/#primaryimage\"},\"image\":{\"@id\":\"https:\/\/italcaffe.it\/fr\/shop\/cafe-moulu\/mouture-cafetiere-italienne\/4-x-250-gr-crema-oro\/#primaryimage\"},\"thumbnailUrl\":\"https:\/\/italcaffe.it\/wp-content\/uploads\/2021\/02\/italcaffe_macinato_crema_oro.png\",\"datePublished\":\"2020-02-26T14:49:56+00:00\",\"dateModified\":\"2024-02-25T11:53:31+00:00\",\"breadcrumb\":{\"@id\":\"https:\/\/italcaffe.it\/fr\/shop\/cafe-moulu\/mouture-cafetiere-italienne\/4-x-250-gr-crema-oro\/#breadcrumb\"},\"inLanguage\":\"fr-FR\",\"potentialAction\":[{\"@type\":\"ReadAction\",\"target\":[\"https:\/\/italcaffe.it\/fr\/shop\/cafe-moulu\/mouture-cafetiere-italienne\/4-x-250-gr-crema-oro\/\"]}]},{\"@type\":\"ImageObject\",\"inLanguage\":\"fr-FR\",\"@id\":\"https:\/\/italcaffe.it\/fr\/shop\/cafe-moulu\/mouture-cafetiere-italienne\/4-x-250-gr-crema-oro\/#primaryimage\",\"url\":\"https:\/\/italcaffe.it\/wp-content\/uploads\/2021\/02\/italcaffe_macinato_crema_oro.png\",\"contentUrl\":\"https:\/\/italcaffe.it\/wp-content\/uploads\/2021\/02\/italcaffe_macinato_crema_oro.png\",\"width\":825,\"height\":1100,\"caption\":\"Caff\u00e8 Macinato Crema Oro Italcaff\u00e8 250g macinatura per Moka\"},{\"@type\":\"BreadcrumbList\",\"@id\":\"https:\/\/italcaffe.it\/fr\/shop\/cafe-moulu\/mouture-cafetiere-italienne\/4-x-250-gr-crema-oro\/#breadcrumb\",\"itemListElement\":[{\"@type\":\"ListItem\",\"position\":1,\"name\":\"Home\",\"item\":\"https:\/\/italcaffe.it\/fr\/\"},{\"@type\":\"ListItem\",\"position\":2,\"name\":\"Shop\",\"item\":\"https:\/\/italcaffe.it\/fr\/shop\/\"},{\"@type\":\"ListItem\",\"position\":3,\"name\":\"Crema Oro &#8211; ( 4 x 250 gr. )\"}]},{\"@type\":\"WebSite\",\"@id\":\"https:\/\/italcaffe.it\/fr\/#website\",\"url\":\"https:\/\/italcaffe.it\/fr\/\",\"name\":\"Italcaff\u00e8\",\"description\":\"50 Anni insieme\",\"potentialAction\":[{\"@type\":\"SearchAction\",\"target\":{\"@type\":\"EntryPoint\",\"urlTemplate\":\"https:\/\/italcaffe.it\/fr\/?s={search_term_string}\"},\"query-input\":{\"@type\":\"PropertyValueSpecification\",\"valueRequired\":true,\"valueName\":\"search_term_string\"}}],\"inLanguage\":\"fr-FR\"}]}<\/script>\n<!-- \/ Yoast SEO plugin. -->","yoast_head_json":{"title":"Crema Oro - ( 4 x 250 gr. ) - Italcaff\u00e8","robots":{"index":"index","follow":"follow","max-snippet":"max-snippet:-1","max-image-preview":"max-image-preview:large","max-video-preview":"max-video-preview:-1"},"canonical":"https:\/\/italcaffe.it\/fr\/shop\/cafe-moulu\/mouture-cafetiere-italienne\/4-x-250-gr-crema-oro\/","og_locale":"fr_FR","og_type":"article","og_title":"Crema Oro - ( 4 x 250 gr. ) - Italcaff\u00e8","og_description":"Il s\u2019agit d\u2019un m\u00e9lange pr\u00e9cieux des caf\u00e9s 'Arabica et Robusta soigneusement s\u00e9lectionn\u00e9s et torr\u00e9fi\u00e9s pour vous offrir un caf\u00e9 cr\u00e9meux avec un ar\u00f4me doux et riche. En grains il est indiqu\u00e9 pour la machine \u00e0 caf\u00e9 espresso bar.  Il est disponible moulu en sachets sous vide (250 gr.)","og_url":"https:\/\/italcaffe.it\/fr\/shop\/cafe-moulu\/mouture-cafetiere-italienne\/4-x-250-gr-crema-oro\/","og_site_name":"Italcaff\u00e8","article_modified_time":"2024-02-25T11:53:31+00:00","og_image":[{"width":825,"height":1100,"url":"https:\/\/italcaffe.it\/wp-content\/uploads\/2021\/02\/italcaffe_macinato_crema_oro.png","type":"image\/png"}],"twitter_card":"summary_large_image","schema":{"@context":"https:\/\/schema.org","@graph":[{"@type":"WebPage","@id":"https:\/\/italcaffe.it\/fr\/shop\/cafe-moulu\/mouture-cafetiere-italienne\/4-x-250-gr-crema-oro\/","url":"https:\/\/italcaffe.it\/fr\/shop\/cafe-moulu\/mouture-cafetiere-italienne\/4-x-250-gr-crema-oro\/","name":"Crema Oro - ( 4 x 250 gr. ) - Italcaff\u00e8","isPartOf":{"@id":"https:\/\/italcaffe.it\/fr\/#website"},"primaryImageOfPage":{"@id":"https:\/\/italcaffe.it\/fr\/shop\/cafe-moulu\/mouture-cafetiere-italienne\/4-x-250-gr-crema-oro\/#primaryimage"},"image":{"@id":"https:\/\/italcaffe.it\/fr\/shop\/cafe-moulu\/mouture-cafetiere-italienne\/4-x-250-gr-crema-oro\/#primaryimage"},"thumbnailUrl":"https:\/\/italcaffe.it\/wp-content\/uploads\/2021\/02\/italcaffe_macinato_crema_oro.png","datePublished":"2020-02-26T14:49:56+00:00","dateModified":"2024-02-25T11:53:31+00:00","breadcrumb":{"@id":"https:\/\/italcaffe.it\/fr\/shop\/cafe-moulu\/mouture-cafetiere-italienne\/4-x-250-gr-crema-oro\/#breadcrumb"},"inLanguage":"fr-FR","potentialAction":[{"@type":"ReadAction","target":["https:\/\/italcaffe.it\/fr\/shop\/cafe-moulu\/mouture-cafetiere-italienne\/4-x-250-gr-crema-oro\/"]}]},{"@type":"ImageObject","inLanguage":"fr-FR","@id":"https:\/\/italcaffe.it\/fr\/shop\/cafe-moulu\/mouture-cafetiere-italienne\/4-x-250-gr-crema-oro\/#primaryimage","url":"https:\/\/italcaffe.it\/wp-content\/uploads\/2021\/02\/italcaffe_macinato_crema_oro.png","contentUrl":"https:\/\/italcaffe.it\/wp-content\/uploads\/2021\/02\/italcaffe_macinato_crema_oro.png","width":825,"height":1100,"caption":"Caff\u00e8 Macinato Crema Oro Italcaff\u00e8 250g macinatura per Moka"},{"@type":"BreadcrumbList","@id":"https:\/\/italcaffe.it\/fr\/shop\/cafe-moulu\/mouture-cafetiere-italienne\/4-x-250-gr-crema-oro\/#breadcrumb","itemListElement":[{"@type":"ListItem","position":1,"name":"Home","item":"https:\/\/italcaffe.it\/fr\/"},{"@type":"ListItem","position":2,"name":"Shop","item":"https:\/\/italcaffe.it\/fr\/shop\/"},{"@type":"ListItem","position":3,"name":"Crema Oro &#8211; ( 4 x 250 gr. )"}]},{"@type":"WebSite","@id":"https:\/\/italcaffe.it\/fr\/#website","url":"https:\/\/italcaffe.it\/fr\/","name":"Italcaff\u00e8","description":"50 Anni insieme","potentialAction":[{"@type":"SearchAction","target":{"@type":"EntryPoint","urlTemplate":"https:\/\/italcaffe.it\/fr\/?s={search_term_string}"},"query-input":{"@type":"PropertyValueSpecification","valueRequired":true,"valueName":"search_term_string"}}],"inLanguage":"fr-FR"}]}},"_links":{"self":[{"href":"https:\/\/italcaffe.it\/fr\/wp-json\/wp\/v2\/product\/23257","targetHints":{"allow":["GET"]}}],"collection":[{"href":"https:\/\/italcaffe.it\/fr\/wp-json\/wp\/v2\/product"}],"about":[{"href":"https:\/\/italcaffe.it\/fr\/wp-json\/wp\/v2\/types\/product"}],"wp:featuredmedia":[{"embeddable":true,"href":"https:\/\/italcaffe.it\/fr\/wp-json\/wp\/v2\/media\/26849"}],"wp:attachment":[{"href":"https:\/\/italcaffe.it\/fr\/wp-json\/wp\/v2\/media?parent=23257"}],"wp:term":[{"taxonomy":"product_brand","embeddable":true,"href":"https:\/\/italcaffe.it\/fr\/wp-json\/wp\/v2\/product_brand?post=23257"},{"taxonomy":"product_cat","embeddable":true,"href":"https:\/\/italcaffe.it\/fr\/wp-json\/wp\/v2\/product_cat?post=23257"},{"taxonomy":"product_tag","embeddable":true,"href":"https:\/\/italcaffe.it\/fr\/wp-json\/wp\/v2\/product_tag?post=23257"}],"curies":[{"name":"wp","href":"https:\/\/api.w.org\/{rel}","templated":true}]}}