{"id":23261,"date":"2020-02-26T15:59:51","date_gmt":"2020-02-26T14:49:56","guid":{"rendered":"https:\/\/www.italcaffe.it\/product\/100-arabica-4-x-250-gr\/"},"modified":"2022-09-03T20:30:59","modified_gmt":"2022-09-03T19:30:59","slug":"4-x-250-gr-2","status":"publish","type":"product","link":"https:\/\/italcaffe.it\/fr\/shop\/cafe-moulu\/mouture-cafetiere-italienne\/4-x-250-gr-2\/","title":{"rendered":"100% Arabica &#8211; ( 4 x 250 gr. )"},"content":{"rendered":"","protected":false},"excerpt":{"rendered":"<p>Ce caf\u00e9 est le r\u00e9sultat d&#8217;une s\u00e9lection des meilleurs m\u00e9langes d&#8217;Arabica avec une faible quantit\u00e9 de caf\u00e9ine. <\/p>\n<p>Son ar\u00f4me riche et persistant en fait un produit pour les amateurs les plus s\u00e9v\u00e8res. <\/p>\n<p>La qualit\u00e9 Arabica est disponible moulue en sachets sous vide de 250 gr.<\/p>\n","protected":false},"featured_media":26841,"template":"","meta":{"_acf_changed":false},"product_brand":[],"product_cat":[310,311],"product_tag":[],"class_list":{"0":"post-23261","1":"product","2":"type-product","3":"status-publish","4":"has-post-thumbnail","6":"product_cat-cafe-moulu","7":"product_cat-mouture-cafetiere-italienne","9":"first","10":"instock","11":"taxable","12":"shipping-taxable","13":"purchasable","14":"product-type-simple"},"acf":[],"yoast_head":"<!-- This site is optimized with the Yoast SEO plugin v27.0 - https:\/\/yoast.com\/product\/yoast-seo-wordpress\/ -->\n<title>100% Arabica - ( 4 x 250 gr. ) - Italcaff\u00e8<\/title>\n<meta name=\"robots\" content=\"index, follow, max-snippet:-1, max-image-preview:large, max-video-preview:-1\" \/>\n<link rel=\"canonical\" href=\"https:\/\/italcaffe.it\/fr\/shop\/cafe-moulu\/mouture-cafetiere-italienne\/4-x-250-gr-2\/\" \/>\n<meta property=\"og:locale\" content=\"fr_FR\" \/>\n<meta property=\"og:type\" content=\"article\" \/>\n<meta property=\"og:title\" content=\"100% Arabica - ( 4 x 250 gr. ) - Italcaff\u00e8\" \/>\n<meta property=\"og:description\" content=\"Ce caf\u00e9 est le r\u00e9sultat d&#039;une s\u00e9lection des meilleurs m\u00e9langes d&#039;Arabica avec une faible quantit\u00e9 de caf\u00e9ine.  Son ar\u00f4me riche et persistant en fait un produit pour les amateurs les plus s\u00e9v\u00e8res.  La qualit\u00e9 Arabica est disponible moulue en sachets sous vide de 250 gr.\" \/>\n<meta property=\"og:url\" content=\"https:\/\/italcaffe.it\/fr\/shop\/cafe-moulu\/mouture-cafetiere-italienne\/4-x-250-gr-2\/\" \/>\n<meta property=\"og:site_name\" content=\"Italcaff\u00e8\" \/>\n<meta property=\"article:modified_time\" content=\"2022-09-03T19:30:59+00:00\" \/>\n<meta property=\"og:image\" content=\"https:\/\/italcaffe.it\/wp-content\/uploads\/2021\/02\/ArabicaFronte250g-2022.jpg\" \/>\n\t<meta property=\"og:image:width\" content=\"1000\" \/>\n\t<meta property=\"og:image:height\" content=\"1000\" \/>\n\t<meta property=\"og:image:type\" content=\"image\/png\" \/>\n<meta name=\"twitter:card\" content=\"summary_large_image\" \/>\n<script type=\"application\/ld+json\" class=\"yoast-schema-graph\">{\"@context\":\"https:\/\/schema.org\",\"@graph\":[{\"@type\":\"WebPage\",\"@id\":\"https:\/\/italcaffe.it\/fr\/shop\/cafe-moulu\/mouture-cafetiere-italienne\/4-x-250-gr-2\/\",\"url\":\"https:\/\/italcaffe.it\/fr\/shop\/cafe-moulu\/mouture-cafetiere-italienne\/4-x-250-gr-2\/\",\"name\":\"100% Arabica - ( 4 x 250 gr. ) - Italcaff\u00e8\",\"isPartOf\":{\"@id\":\"https:\/\/italcaffe.it\/fr\/#website\"},\"primaryImageOfPage\":{\"@id\":\"https:\/\/italcaffe.it\/fr\/shop\/cafe-moulu\/mouture-cafetiere-italienne\/4-x-250-gr-2\/#primaryimage\"},\"image\":{\"@id\":\"https:\/\/italcaffe.it\/fr\/shop\/cafe-moulu\/mouture-cafetiere-italienne\/4-x-250-gr-2\/#primaryimage\"},\"thumbnailUrl\":\"https:\/\/italcaffe.it\/wp-content\/uploads\/2021\/02\/ArabicaFronte250g-2022.jpg\",\"datePublished\":\"2020-02-26T14:49:56+00:00\",\"dateModified\":\"2022-09-03T19:30:59+00:00\",\"breadcrumb\":{\"@id\":\"https:\/\/italcaffe.it\/fr\/shop\/cafe-moulu\/mouture-cafetiere-italienne\/4-x-250-gr-2\/#breadcrumb\"},\"inLanguage\":\"fr-FR\",\"potentialAction\":[{\"@type\":\"ReadAction\",\"target\":[\"https:\/\/italcaffe.it\/fr\/shop\/cafe-moulu\/mouture-cafetiere-italienne\/4-x-250-gr-2\/\"]}]},{\"@type\":\"ImageObject\",\"inLanguage\":\"fr-FR\",\"@id\":\"https:\/\/italcaffe.it\/fr\/shop\/cafe-moulu\/mouture-cafetiere-italienne\/4-x-250-gr-2\/#primaryimage\",\"url\":\"https:\/\/italcaffe.it\/wp-content\/uploads\/2021\/02\/ArabicaFronte250g-2022.jpg\",\"contentUrl\":\"https:\/\/italcaffe.it\/wp-content\/uploads\/2021\/02\/ArabicaFronte250g-2022.jpg\",\"width\":1000,\"height\":1000,\"caption\":\"Caff\u00e8 macinato 100% arabica Italcaff\u00e8 per moka e per espresso\"},{\"@type\":\"BreadcrumbList\",\"@id\":\"https:\/\/italcaffe.it\/fr\/shop\/cafe-moulu\/mouture-cafetiere-italienne\/4-x-250-gr-2\/#breadcrumb\",\"itemListElement\":[{\"@type\":\"ListItem\",\"position\":1,\"name\":\"Home\",\"item\":\"https:\/\/italcaffe.it\/fr\/\"},{\"@type\":\"ListItem\",\"position\":2,\"name\":\"Shop\",\"item\":\"https:\/\/italcaffe.it\/fr\/shop\/\"},{\"@type\":\"ListItem\",\"position\":3,\"name\":\"100% Arabica &#8211; ( 4 x 250 gr. )\"}]},{\"@type\":\"WebSite\",\"@id\":\"https:\/\/italcaffe.it\/fr\/#website\",\"url\":\"https:\/\/italcaffe.it\/fr\/\",\"name\":\"Italcaff\u00e8\",\"description\":\"50 Anni insieme\",\"potentialAction\":[{\"@type\":\"SearchAction\",\"target\":{\"@type\":\"EntryPoint\",\"urlTemplate\":\"https:\/\/italcaffe.it\/fr\/?s={search_term_string}\"},\"query-input\":{\"@type\":\"PropertyValueSpecification\",\"valueRequired\":true,\"valueName\":\"search_term_string\"}}],\"inLanguage\":\"fr-FR\"}]}<\/script>\n<!-- \/ Yoast SEO plugin. -->","yoast_head_json":{"title":"100% Arabica - ( 4 x 250 gr. ) - Italcaff\u00e8","robots":{"index":"index","follow":"follow","max-snippet":"max-snippet:-1","max-image-preview":"max-image-preview:large","max-video-preview":"max-video-preview:-1"},"canonical":"https:\/\/italcaffe.it\/fr\/shop\/cafe-moulu\/mouture-cafetiere-italienne\/4-x-250-gr-2\/","og_locale":"fr_FR","og_type":"article","og_title":"100% Arabica - ( 4 x 250 gr. ) - Italcaff\u00e8","og_description":"Ce caf\u00e9 est le r\u00e9sultat d'une s\u00e9lection des meilleurs m\u00e9langes d'Arabica avec une faible quantit\u00e9 de caf\u00e9ine.  Son ar\u00f4me riche et persistant en fait un produit pour les amateurs les plus s\u00e9v\u00e8res.  La qualit\u00e9 Arabica est disponible moulue en sachets sous vide de 250 gr.","og_url":"https:\/\/italcaffe.it\/fr\/shop\/cafe-moulu\/mouture-cafetiere-italienne\/4-x-250-gr-2\/","og_site_name":"Italcaff\u00e8","article_modified_time":"2022-09-03T19:30:59+00:00","og_image":[{"width":1000,"height":1000,"url":"https:\/\/italcaffe.it\/wp-content\/uploads\/2021\/02\/ArabicaFronte250g-2022.jpg","type":"image\/png"}],"twitter_card":"summary_large_image","schema":{"@context":"https:\/\/schema.org","@graph":[{"@type":"WebPage","@id":"https:\/\/italcaffe.it\/fr\/shop\/cafe-moulu\/mouture-cafetiere-italienne\/4-x-250-gr-2\/","url":"https:\/\/italcaffe.it\/fr\/shop\/cafe-moulu\/mouture-cafetiere-italienne\/4-x-250-gr-2\/","name":"100% Arabica - ( 4 x 250 gr. ) - Italcaff\u00e8","isPartOf":{"@id":"https:\/\/italcaffe.it\/fr\/#website"},"primaryImageOfPage":{"@id":"https:\/\/italcaffe.it\/fr\/shop\/cafe-moulu\/mouture-cafetiere-italienne\/4-x-250-gr-2\/#primaryimage"},"image":{"@id":"https:\/\/italcaffe.it\/fr\/shop\/cafe-moulu\/mouture-cafetiere-italienne\/4-x-250-gr-2\/#primaryimage"},"thumbnailUrl":"https:\/\/italcaffe.it\/wp-content\/uploads\/2021\/02\/ArabicaFronte250g-2022.jpg","datePublished":"2020-02-26T14:49:56+00:00","dateModified":"2022-09-03T19:30:59+00:00","breadcrumb":{"@id":"https:\/\/italcaffe.it\/fr\/shop\/cafe-moulu\/mouture-cafetiere-italienne\/4-x-250-gr-2\/#breadcrumb"},"inLanguage":"fr-FR","potentialAction":[{"@type":"ReadAction","target":["https:\/\/italcaffe.it\/fr\/shop\/cafe-moulu\/mouture-cafetiere-italienne\/4-x-250-gr-2\/"]}]},{"@type":"ImageObject","inLanguage":"fr-FR","@id":"https:\/\/italcaffe.it\/fr\/shop\/cafe-moulu\/mouture-cafetiere-italienne\/4-x-250-gr-2\/#primaryimage","url":"https:\/\/italcaffe.it\/wp-content\/uploads\/2021\/02\/ArabicaFronte250g-2022.jpg","contentUrl":"https:\/\/italcaffe.it\/wp-content\/uploads\/2021\/02\/ArabicaFronte250g-2022.jpg","width":1000,"height":1000,"caption":"Caff\u00e8 macinato 100% arabica Italcaff\u00e8 per moka e per espresso"},{"@type":"BreadcrumbList","@id":"https:\/\/italcaffe.it\/fr\/shop\/cafe-moulu\/mouture-cafetiere-italienne\/4-x-250-gr-2\/#breadcrumb","itemListElement":[{"@type":"ListItem","position":1,"name":"Home","item":"https:\/\/italcaffe.it\/fr\/"},{"@type":"ListItem","position":2,"name":"Shop","item":"https:\/\/italcaffe.it\/fr\/shop\/"},{"@type":"ListItem","position":3,"name":"100% Arabica &#8211; ( 4 x 250 gr. )"}]},{"@type":"WebSite","@id":"https:\/\/italcaffe.it\/fr\/#website","url":"https:\/\/italcaffe.it\/fr\/","name":"Italcaff\u00e8","description":"50 Anni insieme","potentialAction":[{"@type":"SearchAction","target":{"@type":"EntryPoint","urlTemplate":"https:\/\/italcaffe.it\/fr\/?s={search_term_string}"},"query-input":{"@type":"PropertyValueSpecification","valueRequired":true,"valueName":"search_term_string"}}],"inLanguage":"fr-FR"}]}},"_links":{"self":[{"href":"https:\/\/italcaffe.it\/fr\/wp-json\/wp\/v2\/product\/23261","targetHints":{"allow":["GET"]}}],"collection":[{"href":"https:\/\/italcaffe.it\/fr\/wp-json\/wp\/v2\/product"}],"about":[{"href":"https:\/\/italcaffe.it\/fr\/wp-json\/wp\/v2\/types\/product"}],"wp:featuredmedia":[{"embeddable":true,"href":"https:\/\/italcaffe.it\/fr\/wp-json\/wp\/v2\/media\/26841"}],"wp:attachment":[{"href":"https:\/\/italcaffe.it\/fr\/wp-json\/wp\/v2\/media?parent=23261"}],"wp:term":[{"taxonomy":"product_brand","embeddable":true,"href":"https:\/\/italcaffe.it\/fr\/wp-json\/wp\/v2\/product_brand?post=23261"},{"taxonomy":"product_cat","embeddable":true,"href":"https:\/\/italcaffe.it\/fr\/wp-json\/wp\/v2\/product_cat?post=23261"},{"taxonomy":"product_tag","embeddable":true,"href":"https:\/\/italcaffe.it\/fr\/wp-json\/wp\/v2\/product_tag?post=23261"}],"curies":[{"name":"wp","href":"https:\/\/api.w.org\/{rel}","templated":true}]}}