{"id":23264,"date":"2020-02-26T15:59:51","date_gmt":"2020-02-26T14:49:56","guid":{"rendered":"https:\/\/www.italcaffe.it\/product\/espresso-decaffeinato-12-x-80-x-625-gr\/"},"modified":"2021-02-15T18:14:36","modified_gmt":"2021-02-15T17:14:36","slug":"12-x-80-x-6-25-gr","status":"publish","type":"product","link":"https:\/\/italcaffe.it\/fr\/shop\/ligne-accessoires-et-specialites\/ligne-des-specialites\/12-x-80-x-6-25-gr\/","title":{"rendered":"Espresso Decaffeinato &#8211; ( 12 x 80 x 6,25 gr. )"},"content":{"rendered":"","protected":false},"excerpt":{"rendered":"<p>Il s&#8217;agit d&#8217;un m\u00e9lange de caf\u00e9s de qualit\u00e9, torr\u00e9fi\u00e9s et d\u00e9caf\u00e9in\u00e9s pour offrir aux consommateurs un vrai caf\u00e9 italien. <\/p>\n<p>Avec le m\u00eame parfum et l&#8217;ar\u00f4me du vrai caf\u00e9 mais sans la caf\u00e9ine. <\/p>\n<p>Nous avons fait du bon caf\u00e9 m\u00eame pour ceux qui ne peuvent pas en boire.<\/p>\n","protected":false},"featured_media":26925,"template":"","meta":{"_acf_changed":false},"product_brand":[],"product_cat":[303,312],"product_tag":[],"class_list":{"0":"post-23264","1":"product","2":"type-product","3":"status-publish","4":"has-post-thumbnail","6":"product_cat-ligne-accessoires-et-specialites","7":"product_cat-ligne-des-specialites","9":"first","10":"instock","11":"taxable","12":"shipping-taxable","13":"purchasable","14":"product-type-simple"},"acf":[],"yoast_head":"<!-- This site is optimized with the Yoast SEO plugin v27.0 - https:\/\/yoast.com\/product\/yoast-seo-wordpress\/ -->\n<title>Espresso Decaffeinato - ( 12 x 80 x 6,25 gr. ) - Italcaff\u00e8<\/title>\n<meta name=\"robots\" content=\"index, follow, max-snippet:-1, max-image-preview:large, max-video-preview:-1\" \/>\n<link rel=\"canonical\" href=\"https:\/\/italcaffe.it\/fr\/shop\/ligne-accessoires-et-specialites\/ligne-des-specialites\/12-x-80-x-6-25-gr\/\" \/>\n<meta property=\"og:locale\" content=\"fr_FR\" \/>\n<meta property=\"og:type\" content=\"article\" \/>\n<meta property=\"og:title\" content=\"Espresso Decaffeinato - ( 12 x 80 x 6,25 gr. ) - Italcaff\u00e8\" \/>\n<meta property=\"og:description\" content=\"Il s&#039;agit d&#039;un m\u00e9lange de caf\u00e9s de qualit\u00e9, torr\u00e9fi\u00e9s et d\u00e9caf\u00e9in\u00e9s pour offrir aux consommateurs un vrai caf\u00e9 italien.   Avec le m\u00eame parfum et l&#039;ar\u00f4me du vrai caf\u00e9 mais sans la caf\u00e9ine.   Nous avons fait du bon caf\u00e9 m\u00eame pour ceux qui ne peuvent pas en boire.\" \/>\n<meta property=\"og:url\" content=\"https:\/\/italcaffe.it\/fr\/shop\/ligne-accessoires-et-specialites\/ligne-des-specialites\/12-x-80-x-6-25-gr\/\" \/>\n<meta property=\"og:site_name\" content=\"Italcaff\u00e8\" \/>\n<meta property=\"article:modified_time\" content=\"2021-02-15T17:14:36+00:00\" \/>\n<meta property=\"og:image\" content=\"https:\/\/italcaffe.it\/wp-content\/uploads\/2020\/02\/italcaffe85267.png\" \/>\n\t<meta property=\"og:image:width\" content=\"825\" \/>\n\t<meta property=\"og:image:height\" content=\"1100\" \/>\n\t<meta property=\"og:image:type\" content=\"image\/png\" \/>\n<meta name=\"twitter:card\" content=\"summary_large_image\" \/>\n<script type=\"application\/ld+json\" class=\"yoast-schema-graph\">{\"@context\":\"https:\/\/schema.org\",\"@graph\":[{\"@type\":\"WebPage\",\"@id\":\"https:\/\/italcaffe.it\/fr\/shop\/ligne-accessoires-et-specialites\/ligne-des-specialites\/12-x-80-x-6-25-gr\/\",\"url\":\"https:\/\/italcaffe.it\/fr\/shop\/ligne-accessoires-et-specialites\/ligne-des-specialites\/12-x-80-x-6-25-gr\/\",\"name\":\"Espresso Decaffeinato - ( 12 x 80 x 6,25 gr. ) - Italcaff\u00e8\",\"isPartOf\":{\"@id\":\"https:\/\/italcaffe.it\/fr\/#website\"},\"primaryImageOfPage\":{\"@id\":\"https:\/\/italcaffe.it\/fr\/shop\/ligne-accessoires-et-specialites\/ligne-des-specialites\/12-x-80-x-6-25-gr\/#primaryimage\"},\"image\":{\"@id\":\"https:\/\/italcaffe.it\/fr\/shop\/ligne-accessoires-et-specialites\/ligne-des-specialites\/12-x-80-x-6-25-gr\/#primaryimage\"},\"thumbnailUrl\":\"https:\/\/italcaffe.it\/wp-content\/uploads\/2020\/02\/italcaffe85267.png\",\"datePublished\":\"2020-02-26T14:49:56+00:00\",\"dateModified\":\"2021-02-15T17:14:36+00:00\",\"breadcrumb\":{\"@id\":\"https:\/\/italcaffe.it\/fr\/shop\/ligne-accessoires-et-specialites\/ligne-des-specialites\/12-x-80-x-6-25-gr\/#breadcrumb\"},\"inLanguage\":\"fr-FR\",\"potentialAction\":[{\"@type\":\"ReadAction\",\"target\":[\"https:\/\/italcaffe.it\/fr\/shop\/ligne-accessoires-et-specialites\/ligne-des-specialites\/12-x-80-x-6-25-gr\/\"]}]},{\"@type\":\"ImageObject\",\"inLanguage\":\"fr-FR\",\"@id\":\"https:\/\/italcaffe.it\/fr\/shop\/ligne-accessoires-et-specialites\/ligne-des-specialites\/12-x-80-x-6-25-gr\/#primaryimage\",\"url\":\"https:\/\/italcaffe.it\/wp-content\/uploads\/2020\/02\/italcaffe85267.png\",\"contentUrl\":\"https:\/\/italcaffe.it\/wp-content\/uploads\/2020\/02\/italcaffe85267.png\",\"width\":825,\"height\":1100},{\"@type\":\"BreadcrumbList\",\"@id\":\"https:\/\/italcaffe.it\/fr\/shop\/ligne-accessoires-et-specialites\/ligne-des-specialites\/12-x-80-x-6-25-gr\/#breadcrumb\",\"itemListElement\":[{\"@type\":\"ListItem\",\"position\":1,\"name\":\"Home\",\"item\":\"https:\/\/italcaffe.it\/fr\/\"},{\"@type\":\"ListItem\",\"position\":2,\"name\":\"Shop\",\"item\":\"https:\/\/italcaffe.it\/fr\/shop\/\"},{\"@type\":\"ListItem\",\"position\":3,\"name\":\"Espresso Decaffeinato &#8211; ( 12 x 80 x 6,25 gr. )\"}]},{\"@type\":\"WebSite\",\"@id\":\"https:\/\/italcaffe.it\/fr\/#website\",\"url\":\"https:\/\/italcaffe.it\/fr\/\",\"name\":\"Italcaff\u00e8\",\"description\":\"50 Anni insieme\",\"potentialAction\":[{\"@type\":\"SearchAction\",\"target\":{\"@type\":\"EntryPoint\",\"urlTemplate\":\"https:\/\/italcaffe.it\/fr\/?s={search_term_string}\"},\"query-input\":{\"@type\":\"PropertyValueSpecification\",\"valueRequired\":true,\"valueName\":\"search_term_string\"}}],\"inLanguage\":\"fr-FR\"}]}<\/script>\n<!-- \/ Yoast SEO plugin. -->","yoast_head_json":{"title":"Espresso Decaffeinato - ( 12 x 80 x 6,25 gr. ) - Italcaff\u00e8","robots":{"index":"index","follow":"follow","max-snippet":"max-snippet:-1","max-image-preview":"max-image-preview:large","max-video-preview":"max-video-preview:-1"},"canonical":"https:\/\/italcaffe.it\/fr\/shop\/ligne-accessoires-et-specialites\/ligne-des-specialites\/12-x-80-x-6-25-gr\/","og_locale":"fr_FR","og_type":"article","og_title":"Espresso Decaffeinato - ( 12 x 80 x 6,25 gr. ) - Italcaff\u00e8","og_description":"Il s'agit d'un m\u00e9lange de caf\u00e9s de qualit\u00e9, torr\u00e9fi\u00e9s et d\u00e9caf\u00e9in\u00e9s pour offrir aux consommateurs un vrai caf\u00e9 italien.   Avec le m\u00eame parfum et l'ar\u00f4me du vrai caf\u00e9 mais sans la caf\u00e9ine.   Nous avons fait du bon caf\u00e9 m\u00eame pour ceux qui ne peuvent pas en boire.","og_url":"https:\/\/italcaffe.it\/fr\/shop\/ligne-accessoires-et-specialites\/ligne-des-specialites\/12-x-80-x-6-25-gr\/","og_site_name":"Italcaff\u00e8","article_modified_time":"2021-02-15T17:14:36+00:00","og_image":[{"width":825,"height":1100,"url":"https:\/\/italcaffe.it\/wp-content\/uploads\/2020\/02\/italcaffe85267.png","type":"image\/png"}],"twitter_card":"summary_large_image","schema":{"@context":"https:\/\/schema.org","@graph":[{"@type":"WebPage","@id":"https:\/\/italcaffe.it\/fr\/shop\/ligne-accessoires-et-specialites\/ligne-des-specialites\/12-x-80-x-6-25-gr\/","url":"https:\/\/italcaffe.it\/fr\/shop\/ligne-accessoires-et-specialites\/ligne-des-specialites\/12-x-80-x-6-25-gr\/","name":"Espresso Decaffeinato - ( 12 x 80 x 6,25 gr. ) - Italcaff\u00e8","isPartOf":{"@id":"https:\/\/italcaffe.it\/fr\/#website"},"primaryImageOfPage":{"@id":"https:\/\/italcaffe.it\/fr\/shop\/ligne-accessoires-et-specialites\/ligne-des-specialites\/12-x-80-x-6-25-gr\/#primaryimage"},"image":{"@id":"https:\/\/italcaffe.it\/fr\/shop\/ligne-accessoires-et-specialites\/ligne-des-specialites\/12-x-80-x-6-25-gr\/#primaryimage"},"thumbnailUrl":"https:\/\/italcaffe.it\/wp-content\/uploads\/2020\/02\/italcaffe85267.png","datePublished":"2020-02-26T14:49:56+00:00","dateModified":"2021-02-15T17:14:36+00:00","breadcrumb":{"@id":"https:\/\/italcaffe.it\/fr\/shop\/ligne-accessoires-et-specialites\/ligne-des-specialites\/12-x-80-x-6-25-gr\/#breadcrumb"},"inLanguage":"fr-FR","potentialAction":[{"@type":"ReadAction","target":["https:\/\/italcaffe.it\/fr\/shop\/ligne-accessoires-et-specialites\/ligne-des-specialites\/12-x-80-x-6-25-gr\/"]}]},{"@type":"ImageObject","inLanguage":"fr-FR","@id":"https:\/\/italcaffe.it\/fr\/shop\/ligne-accessoires-et-specialites\/ligne-des-specialites\/12-x-80-x-6-25-gr\/#primaryimage","url":"https:\/\/italcaffe.it\/wp-content\/uploads\/2020\/02\/italcaffe85267.png","contentUrl":"https:\/\/italcaffe.it\/wp-content\/uploads\/2020\/02\/italcaffe85267.png","width":825,"height":1100},{"@type":"BreadcrumbList","@id":"https:\/\/italcaffe.it\/fr\/shop\/ligne-accessoires-et-specialites\/ligne-des-specialites\/12-x-80-x-6-25-gr\/#breadcrumb","itemListElement":[{"@type":"ListItem","position":1,"name":"Home","item":"https:\/\/italcaffe.it\/fr\/"},{"@type":"ListItem","position":2,"name":"Shop","item":"https:\/\/italcaffe.it\/fr\/shop\/"},{"@type":"ListItem","position":3,"name":"Espresso Decaffeinato &#8211; ( 12 x 80 x 6,25 gr. )"}]},{"@type":"WebSite","@id":"https:\/\/italcaffe.it\/fr\/#website","url":"https:\/\/italcaffe.it\/fr\/","name":"Italcaff\u00e8","description":"50 Anni insieme","potentialAction":[{"@type":"SearchAction","target":{"@type":"EntryPoint","urlTemplate":"https:\/\/italcaffe.it\/fr\/?s={search_term_string}"},"query-input":{"@type":"PropertyValueSpecification","valueRequired":true,"valueName":"search_term_string"}}],"inLanguage":"fr-FR"}]}},"_links":{"self":[{"href":"https:\/\/italcaffe.it\/fr\/wp-json\/wp\/v2\/product\/23264","targetHints":{"allow":["GET"]}}],"collection":[{"href":"https:\/\/italcaffe.it\/fr\/wp-json\/wp\/v2\/product"}],"about":[{"href":"https:\/\/italcaffe.it\/fr\/wp-json\/wp\/v2\/types\/product"}],"wp:featuredmedia":[{"embeddable":true,"href":"https:\/\/italcaffe.it\/fr\/wp-json\/wp\/v2\/media\/26925"}],"wp:attachment":[{"href":"https:\/\/italcaffe.it\/fr\/wp-json\/wp\/v2\/media?parent=23264"}],"wp:term":[{"taxonomy":"product_brand","embeddable":true,"href":"https:\/\/italcaffe.it\/fr\/wp-json\/wp\/v2\/product_brand?post=23264"},{"taxonomy":"product_cat","embeddable":true,"href":"https:\/\/italcaffe.it\/fr\/wp-json\/wp\/v2\/product_cat?post=23264"},{"taxonomy":"product_tag","embeddable":true,"href":"https:\/\/italcaffe.it\/fr\/wp-json\/wp\/v2\/product_tag?post=23264"}],"curies":[{"name":"wp","href":"https:\/\/api.w.org\/{rel}","templated":true}]}}