{"id":23280,"date":"2020-02-26T15:59:59","date_gmt":"2020-02-26T14:50:02","guid":{"rendered":"https:\/\/www.italcaffe.it\/product\/100-capsules-cafe-bresil-santos-compatibles-nespresso-italcaffe-espresso-pur-arabica\/"},"modified":"2021-09-24T19:53:47","modified_gmt":"2021-09-24T18:53:47","slug":"espresso-arabica-bresil-italcaffe","status":"publish","type":"product","link":"https:\/\/italcaffe.it\/fr\/shop\/capsules-cafe\/nespresso-compatible\/espresso-arabica-bresil-italcaffe\/","title":{"rendered":"100 Capsules Caf\u00e9 Br\u00e9sil Santos Compatibles Nespresso Italcaffe Espresso Pur Arabica"},"content":{"rendered":"","protected":false},"excerpt":{"rendered":"<p style=\"text-align: justify\">Caf\u00e9 en capsule origine pur caf\u00e9 du Br\u00e9sil 100% arabica: compatibles machines Nespresso\u00ae*, dosettes.\u00a0Caf\u00e9 Expresso moelleux, tr\u00e8s \u00e9quilibr\u00e9 avec une acidit\u00e9 moyenne et du corps. Se distinguent des senteurs de malt, de cacao et de c\u00e9r\u00e9ales. Notes de chocolat et de noisette en arri\u00e8re- gout.\u00a0Les capsules de Caf\u00e9 Espresso br\u00e9silien Italcaffe sont le r\u00e9sultat d&#8217;un m\u00e9lange de caf\u00e9s pris\u00e9s de type arabica, soigneusement s\u00e9lectionn\u00e9s et savamment torr\u00e9fi\u00e9s pour vous offrir un caf\u00e9 riche en cr\u00e8me et en ar\u00f4me \u00e0 la saveur forte et moelleuse. \u00a0Capsules de Caf\u00e9 Italcaffe Espresso br\u00e9silien compatibles avec machines Nespresso\u00ae.\u00a0Capsule monodose de m\u00e9lange de caf\u00e9 moulu torr\u00e9fi\u00e9 \u00e0 l&#8217;italienne. *La marque Nespresso\u00ae n&#8217;est ni de la propri\u00e9t\u00e9 de Italcaff\u00e8 SpA ni d&#8217;aucune entreprise li\u00e9e \u00e0 cette derni\u00e8re.\u00a0Caf\u00e9 Expresso moulu en capsules individuelles rigides emball\u00e9 sous atmosph\u00e8re protectrice.<\/p>\n","protected":false},"featured_media":28537,"template":"","meta":{"_acf_changed":false},"product_brand":[],"product_cat":[307,309],"product_tag":[],"class_list":{"0":"post-23280","1":"product","2":"type-product","3":"status-publish","4":"has-post-thumbnail","6":"product_cat-capsules-cafe","7":"product_cat-nespresso-compatible","8":"pa_tipologia-monorigine","10":"first","11":"instock","12":"sale","13":"taxable","14":"shipping-taxable","15":"product-type-grouped"},"acf":[],"yoast_head":"<!-- This site is optimized with the Yoast SEO plugin v27.0 - https:\/\/yoast.com\/product\/yoast-seo-wordpress\/ -->\n<title>100 Capsules Caf\u00e9 Br\u00e9sil Santos Compatibles Nespresso Italcaffe Espresso Pur Arabica - Italcaff\u00e8<\/title>\n<meta name=\"robots\" content=\"index, follow, max-snippet:-1, max-image-preview:large, max-video-preview:-1\" \/>\n<link rel=\"canonical\" href=\"https:\/\/italcaffe.it\/fr\/shop\/capsules-cafe\/nespresso-compatible\/espresso-arabica-bresil-italcaffe\/\" \/>\n<meta property=\"og:locale\" content=\"fr_FR\" \/>\n<meta property=\"og:type\" content=\"article\" \/>\n<meta property=\"og:title\" content=\"100 Capsules Caf\u00e9 Br\u00e9sil Santos Compatibles Nespresso Italcaffe Espresso Pur Arabica - Italcaff\u00e8\" \/>\n<meta property=\"og:description\" content=\"Caf\u00e9 en capsule origine pur caf\u00e9 du Br\u00e9sil 100% arabica: compatibles machines Nespresso\u00ae*, dosettes.\u00a0Caf\u00e9 Expresso moelleux, tr\u00e8s \u00e9quilibr\u00e9 avec une acidit\u00e9 moyenne et du corps. Se distinguent des senteurs de malt, de cacao et de c\u00e9r\u00e9ales. Notes de chocolat et de noisette en arri\u00e8re- gout.\u00a0Les capsules de Caf\u00e9 Espresso br\u00e9silien Italcaffe sont le r\u00e9sultat d&#039;un m\u00e9lange de caf\u00e9s pris\u00e9s de type arabica, soigneusement s\u00e9lectionn\u00e9s et savamment torr\u00e9fi\u00e9s pour vous offrir un caf\u00e9 riche en cr\u00e8me et en ar\u00f4me \u00e0 la saveur forte et moelleuse. \u00a0Capsules de Caf\u00e9 Italcaffe Espresso br\u00e9silien compatibles avec machines Nespresso\u00ae.\u00a0Capsule monodose de m\u00e9lange de caf\u00e9 moulu torr\u00e9fi\u00e9 \u00e0 l&#039;italienne. *La marque Nespresso\u00ae n&#039;est ni de la propri\u00e9t\u00e9 de Italcaff\u00e8 SpA ni d&#039;aucune entreprise li\u00e9e \u00e0 cette derni\u00e8re.\u00a0Caf\u00e9 Expresso moulu en capsules individuelles rigides emball\u00e9 sous atmosph\u00e8re protectrice.\" \/>\n<meta property=\"og:url\" content=\"https:\/\/italcaffe.it\/fr\/shop\/capsules-cafe\/nespresso-compatible\/espresso-arabica-bresil-italcaffe\/\" \/>\n<meta property=\"og:site_name\" content=\"Italcaff\u00e8\" \/>\n<meta property=\"article:modified_time\" content=\"2021-09-24T18:53:47+00:00\" \/>\n<meta property=\"og:image\" content=\"https:\/\/italcaffe.it\/wp-content\/uploads\/2021\/12\/Fronte-Brasile-1.jpg\" \/>\n\t<meta property=\"og:image:width\" content=\"825\" \/>\n\t<meta property=\"og:image:height\" content=\"1000\" \/>\n\t<meta property=\"og:image:type\" content=\"image\/jpeg\" \/>\n<meta name=\"twitter:card\" content=\"summary_large_image\" \/>\n<script type=\"application\/ld+json\" class=\"yoast-schema-graph\">{\"@context\":\"https:\/\/schema.org\",\"@graph\":[{\"@type\":\"WebPage\",\"@id\":\"https:\/\/italcaffe.it\/fr\/shop\/capsules-cafe\/nespresso-compatible\/espresso-arabica-bresil-italcaffe\/\",\"url\":\"https:\/\/italcaffe.it\/fr\/shop\/capsules-cafe\/nespresso-compatible\/espresso-arabica-bresil-italcaffe\/\",\"name\":\"100 Capsules Caf\u00e9 Br\u00e9sil Santos Compatibles Nespresso Italcaffe Espresso Pur Arabica - Italcaff\u00e8\",\"isPartOf\":{\"@id\":\"https:\/\/italcaffe.it\/fr\/#website\"},\"primaryImageOfPage\":{\"@id\":\"https:\/\/italcaffe.it\/fr\/shop\/capsules-cafe\/nespresso-compatible\/espresso-arabica-bresil-italcaffe\/#primaryimage\"},\"image\":{\"@id\":\"https:\/\/italcaffe.it\/fr\/shop\/capsules-cafe\/nespresso-compatible\/espresso-arabica-bresil-italcaffe\/#primaryimage\"},\"thumbnailUrl\":\"https:\/\/italcaffe.it\/wp-content\/uploads\/2021\/12\/Fronte-Brasile-1.jpg\",\"datePublished\":\"2020-02-26T14:50:02+00:00\",\"dateModified\":\"2021-09-24T18:53:47+00:00\",\"breadcrumb\":{\"@id\":\"https:\/\/italcaffe.it\/fr\/shop\/capsules-cafe\/nespresso-compatible\/espresso-arabica-bresil-italcaffe\/#breadcrumb\"},\"inLanguage\":\"fr-FR\",\"potentialAction\":[{\"@type\":\"ReadAction\",\"target\":[\"https:\/\/italcaffe.it\/fr\/shop\/capsules-cafe\/nespresso-compatible\/espresso-arabica-bresil-italcaffe\/\"]}]},{\"@type\":\"ImageObject\",\"inLanguage\":\"fr-FR\",\"@id\":\"https:\/\/italcaffe.it\/fr\/shop\/capsules-cafe\/nespresso-compatible\/espresso-arabica-bresil-italcaffe\/#primaryimage\",\"url\":\"https:\/\/italcaffe.it\/wp-content\/uploads\/2021\/12\/Fronte-Brasile-1.jpg\",\"contentUrl\":\"https:\/\/italcaffe.it\/wp-content\/uploads\/2021\/12\/Fronte-Brasile-1.jpg\",\"width\":825,\"height\":1000,\"caption\":\"Capsule caff\u00e8 espresso Brasile Italcaff\u00e8 compatbili Nespresso Aluminium\"},{\"@type\":\"BreadcrumbList\",\"@id\":\"https:\/\/italcaffe.it\/fr\/shop\/capsules-cafe\/nespresso-compatible\/espresso-arabica-bresil-italcaffe\/#breadcrumb\",\"itemListElement\":[{\"@type\":\"ListItem\",\"position\":1,\"name\":\"Home\",\"item\":\"https:\/\/italcaffe.it\/fr\/\"},{\"@type\":\"ListItem\",\"position\":2,\"name\":\"Shop\",\"item\":\"https:\/\/italcaffe.it\/fr\/shop\/\"},{\"@type\":\"ListItem\",\"position\":3,\"name\":\"100 Capsules Caf\u00e9 Br\u00e9sil Santos Compatibles Nespresso Italcaffe Espresso Pur Arabica\"}]},{\"@type\":\"WebSite\",\"@id\":\"https:\/\/italcaffe.it\/fr\/#website\",\"url\":\"https:\/\/italcaffe.it\/fr\/\",\"name\":\"Italcaff\u00e8\",\"description\":\"50 Anni insieme\",\"potentialAction\":[{\"@type\":\"SearchAction\",\"target\":{\"@type\":\"EntryPoint\",\"urlTemplate\":\"https:\/\/italcaffe.it\/fr\/?s={search_term_string}\"},\"query-input\":{\"@type\":\"PropertyValueSpecification\",\"valueRequired\":true,\"valueName\":\"search_term_string\"}}],\"inLanguage\":\"fr-FR\"}]}<\/script>\n<!-- \/ Yoast SEO plugin. -->","yoast_head_json":{"title":"100 Capsules Caf\u00e9 Br\u00e9sil Santos Compatibles Nespresso Italcaffe Espresso Pur Arabica - Italcaff\u00e8","robots":{"index":"index","follow":"follow","max-snippet":"max-snippet:-1","max-image-preview":"max-image-preview:large","max-video-preview":"max-video-preview:-1"},"canonical":"https:\/\/italcaffe.it\/fr\/shop\/capsules-cafe\/nespresso-compatible\/espresso-arabica-bresil-italcaffe\/","og_locale":"fr_FR","og_type":"article","og_title":"100 Capsules Caf\u00e9 Br\u00e9sil Santos Compatibles Nespresso Italcaffe Espresso Pur Arabica - Italcaff\u00e8","og_description":"Caf\u00e9 en capsule origine pur caf\u00e9 du Br\u00e9sil 100% arabica: compatibles machines Nespresso\u00ae*, dosettes.\u00a0Caf\u00e9 Expresso moelleux, tr\u00e8s \u00e9quilibr\u00e9 avec une acidit\u00e9 moyenne et du corps. Se distinguent des senteurs de malt, de cacao et de c\u00e9r\u00e9ales. Notes de chocolat et de noisette en arri\u00e8re- gout.\u00a0Les capsules de Caf\u00e9 Espresso br\u00e9silien Italcaffe sont le r\u00e9sultat d'un m\u00e9lange de caf\u00e9s pris\u00e9s de type arabica, soigneusement s\u00e9lectionn\u00e9s et savamment torr\u00e9fi\u00e9s pour vous offrir un caf\u00e9 riche en cr\u00e8me et en ar\u00f4me \u00e0 la saveur forte et moelleuse. \u00a0Capsules de Caf\u00e9 Italcaffe Espresso br\u00e9silien compatibles avec machines Nespresso\u00ae.\u00a0Capsule monodose de m\u00e9lange de caf\u00e9 moulu torr\u00e9fi\u00e9 \u00e0 l'italienne. *La marque Nespresso\u00ae n'est ni de la propri\u00e9t\u00e9 de Italcaff\u00e8 SpA ni d'aucune entreprise li\u00e9e \u00e0 cette derni\u00e8re.\u00a0Caf\u00e9 Expresso moulu en capsules individuelles rigides emball\u00e9 sous atmosph\u00e8re protectrice.","og_url":"https:\/\/italcaffe.it\/fr\/shop\/capsules-cafe\/nespresso-compatible\/espresso-arabica-bresil-italcaffe\/","og_site_name":"Italcaff\u00e8","article_modified_time":"2021-09-24T18:53:47+00:00","og_image":[{"width":825,"height":1000,"url":"https:\/\/italcaffe.it\/wp-content\/uploads\/2021\/12\/Fronte-Brasile-1.jpg","type":"image\/jpeg"}],"twitter_card":"summary_large_image","schema":{"@context":"https:\/\/schema.org","@graph":[{"@type":"WebPage","@id":"https:\/\/italcaffe.it\/fr\/shop\/capsules-cafe\/nespresso-compatible\/espresso-arabica-bresil-italcaffe\/","url":"https:\/\/italcaffe.it\/fr\/shop\/capsules-cafe\/nespresso-compatible\/espresso-arabica-bresil-italcaffe\/","name":"100 Capsules Caf\u00e9 Br\u00e9sil Santos Compatibles Nespresso Italcaffe Espresso Pur Arabica - Italcaff\u00e8","isPartOf":{"@id":"https:\/\/italcaffe.it\/fr\/#website"},"primaryImageOfPage":{"@id":"https:\/\/italcaffe.it\/fr\/shop\/capsules-cafe\/nespresso-compatible\/espresso-arabica-bresil-italcaffe\/#primaryimage"},"image":{"@id":"https:\/\/italcaffe.it\/fr\/shop\/capsules-cafe\/nespresso-compatible\/espresso-arabica-bresil-italcaffe\/#primaryimage"},"thumbnailUrl":"https:\/\/italcaffe.it\/wp-content\/uploads\/2021\/12\/Fronte-Brasile-1.jpg","datePublished":"2020-02-26T14:50:02+00:00","dateModified":"2021-09-24T18:53:47+00:00","breadcrumb":{"@id":"https:\/\/italcaffe.it\/fr\/shop\/capsules-cafe\/nespresso-compatible\/espresso-arabica-bresil-italcaffe\/#breadcrumb"},"inLanguage":"fr-FR","potentialAction":[{"@type":"ReadAction","target":["https:\/\/italcaffe.it\/fr\/shop\/capsules-cafe\/nespresso-compatible\/espresso-arabica-bresil-italcaffe\/"]}]},{"@type":"ImageObject","inLanguage":"fr-FR","@id":"https:\/\/italcaffe.it\/fr\/shop\/capsules-cafe\/nespresso-compatible\/espresso-arabica-bresil-italcaffe\/#primaryimage","url":"https:\/\/italcaffe.it\/wp-content\/uploads\/2021\/12\/Fronte-Brasile-1.jpg","contentUrl":"https:\/\/italcaffe.it\/wp-content\/uploads\/2021\/12\/Fronte-Brasile-1.jpg","width":825,"height":1000,"caption":"Capsule caff\u00e8 espresso Brasile Italcaff\u00e8 compatbili Nespresso Aluminium"},{"@type":"BreadcrumbList","@id":"https:\/\/italcaffe.it\/fr\/shop\/capsules-cafe\/nespresso-compatible\/espresso-arabica-bresil-italcaffe\/#breadcrumb","itemListElement":[{"@type":"ListItem","position":1,"name":"Home","item":"https:\/\/italcaffe.it\/fr\/"},{"@type":"ListItem","position":2,"name":"Shop","item":"https:\/\/italcaffe.it\/fr\/shop\/"},{"@type":"ListItem","position":3,"name":"100 Capsules Caf\u00e9 Br\u00e9sil Santos Compatibles Nespresso Italcaffe Espresso Pur Arabica"}]},{"@type":"WebSite","@id":"https:\/\/italcaffe.it\/fr\/#website","url":"https:\/\/italcaffe.it\/fr\/","name":"Italcaff\u00e8","description":"50 Anni insieme","potentialAction":[{"@type":"SearchAction","target":{"@type":"EntryPoint","urlTemplate":"https:\/\/italcaffe.it\/fr\/?s={search_term_string}"},"query-input":{"@type":"PropertyValueSpecification","valueRequired":true,"valueName":"search_term_string"}}],"inLanguage":"fr-FR"}]}},"_links":{"self":[{"href":"https:\/\/italcaffe.it\/fr\/wp-json\/wp\/v2\/product\/23280","targetHints":{"allow":["GET"]}}],"collection":[{"href":"https:\/\/italcaffe.it\/fr\/wp-json\/wp\/v2\/product"}],"about":[{"href":"https:\/\/italcaffe.it\/fr\/wp-json\/wp\/v2\/types\/product"}],"wp:featuredmedia":[{"embeddable":true,"href":"https:\/\/italcaffe.it\/fr\/wp-json\/wp\/v2\/media\/28537"}],"wp:attachment":[{"href":"https:\/\/italcaffe.it\/fr\/wp-json\/wp\/v2\/media?parent=23280"}],"wp:term":[{"taxonomy":"product_brand","embeddable":true,"href":"https:\/\/italcaffe.it\/fr\/wp-json\/wp\/v2\/product_brand?post=23280"},{"taxonomy":"product_cat","embeddable":true,"href":"https:\/\/italcaffe.it\/fr\/wp-json\/wp\/v2\/product_cat?post=23280"},{"taxonomy":"product_tag","embeddable":true,"href":"https:\/\/italcaffe.it\/fr\/wp-json\/wp\/v2\/product_tag?post=23280"}],"curies":[{"name":"wp","href":"https:\/\/api.w.org\/{rel}","templated":true}]}}