{"id":23285,"date":"2020-02-26T15:59:59","date_gmt":"2020-02-26T14:50:02","guid":{"rendered":"https:\/\/www.italcaffe.it\/product\/150-dosettes-cafe-ese-bresil-44mm-italcaffe-espresso-bar-100-arabica\/"},"modified":"2020-02-26T15:50:06","modified_gmt":"2020-02-26T14:50:06","slug":"150-cialde-caffe-brasile-eser-espresso-italcaffe-44mm","status":"publish","type":"product","link":"https:\/\/italcaffe.it\/fr\/shop\/dosettes-ese-44mm\/150-cialde-caffe-brasile-eser-espresso-italcaffe-44mm\/","title":{"rendered":"150 Dosettes caf\u00e9 ESE Br\u00e9sil 44mm Italcaff\u00e8 Espresso Bar 100% Arabica"},"content":{"rendered":"","protected":false},"excerpt":{"rendered":"<p>Les dosettes Italcaff&egrave; Espresso Bresil sont&nbsp;compatible avec les machines de type ESE&reg; 44mm.&nbsp;Caf&eacute; moelleux, tr&egrave;s &eacute;quilibr&eacute; avec une acidit&eacute; moyenne et du corps. Se distinguent des senteurs de malt, de cacao et de c&eacute;r&eacute;ales. Notes de chocolat et de noisette en arri&egrave;re- gout.&nbsp;Chaque dosette contient environ sept grammes de caf&eacute; compress&eacute;s dans un emballage filtrant alimentaire et emball&eacute;e sous atmosph&egrave;re protectrice. Nos dosettes mono usage de 7 grammes de caf&eacute; offrent l&rsquo;avantage d&rsquo;un produit qui maintient ses caract&eacute;ristiques parfaitement inalt&eacute;r&eacute;es dans le temps.<\/p>\n<p>La dosette de cafe ESE est plus &eacute;cologique que les autres dosettes car elle est fabriqu&eacute;e en mat&eacute;riaux enti&egrave;rement biod&eacute;gradable tr&egrave;s rapidement dans la nature. Le papier est non chlor&eacute;, il ne contient aucune substance toxique. Perdue dans la nature, la dosette ESE usag&eacute;e sera rapidement dig&eacute;r&eacute;e par des micro-organismes et dispara&icirc;tra en quelques mois en retournant &agrave; la terre.<\/p>\n<p>La marque ESE&reg; n&rsquo;est ni de la propri&eacute;t&eacute; de Italcaff&egrave; SpA ni d&rsquo;aucune entreprise li&eacute;e &agrave; cette derni&egrave;re.<\/p>\n","protected":false},"featured_media":8877,"template":"","meta":{"_acf_changed":false},"product_brand":[],"product_cat":[305],"product_tag":[],"class_list":{"0":"post-23285","1":"product","2":"type-product","3":"status-publish","4":"has-post-thumbnail","6":"product_cat-dosettes-ese-44mm","7":"pa_tipologia-monorigine","9":"first","10":"instock","11":"taxable","12":"shipping-taxable","13":"purchasable","14":"product-type-simple"},"acf":[],"yoast_head":"<!-- This site is optimized with the Yoast SEO plugin v27.0 - https:\/\/yoast.com\/product\/yoast-seo-wordpress\/ -->\n<title>150 Dosettes caf\u00e9 ESE Br\u00e9sil 44mm Italcaff\u00e8 Espresso Bar 100% Arabica - Italcaff\u00e8<\/title>\n<meta name=\"robots\" content=\"index, follow, max-snippet:-1, max-image-preview:large, max-video-preview:-1\" \/>\n<link rel=\"canonical\" href=\"https:\/\/italcaffe.it\/fr\/shop\/dosettes-ese-44mm\/150-cialde-caffe-brasile-eser-espresso-italcaffe-44mm\/\" \/>\n<meta property=\"og:locale\" content=\"fr_FR\" \/>\n<meta property=\"og:type\" content=\"article\" \/>\n<meta property=\"og:title\" content=\"150 Dosettes caf\u00e9 ESE Br\u00e9sil 44mm Italcaff\u00e8 Espresso Bar 100% Arabica - Italcaff\u00e8\" \/>\n<meta property=\"og:description\" content=\"Les dosettes Italcaff&egrave; Espresso Bresil sont&nbsp;compatible avec les machines de type ESE&reg; 44mm.&nbsp;Caf&eacute; moelleux, tr&egrave;s &eacute;quilibr&eacute; avec une acidit&eacute; moyenne et du corps. Se distinguent des senteurs de malt, de cacao et de c&eacute;r&eacute;ales. Notes de chocolat et de noisette en arri&egrave;re- gout.&nbsp;Chaque dosette contient environ sept grammes de caf&eacute; compress&eacute;s dans un emballage filtrant alimentaire et emball&eacute;e sous atmosph&egrave;re protectrice. Nos dosettes mono usage de 7 grammes de caf&eacute; offrent l&rsquo;avantage d&rsquo;un produit qui maintient ses caract&eacute;ristiques parfaitement inalt&eacute;r&eacute;es dans le temps. La dosette de cafe ESE est plus &eacute;cologique que les autres dosettes car elle est fabriqu&eacute;e en mat&eacute;riaux enti&egrave;rement biod&eacute;gradable tr&egrave;s rapidement dans la nature. Le papier est non chlor&eacute;, il ne contient aucune substance toxique. Perdue dans la nature, la dosette ESE usag&eacute;e sera rapidement dig&eacute;r&eacute;e par des micro-organismes et dispara&icirc;tra en quelques mois en retournant &agrave; la terre. La marque ESE&reg; n&rsquo;est ni de la propri&eacute;t&eacute; de Italcaff&egrave; SpA ni d&rsquo;aucune entreprise li&eacute;e &agrave; cette derni&egrave;re.\" \/>\n<meta property=\"og:url\" content=\"https:\/\/italcaffe.it\/fr\/shop\/dosettes-ese-44mm\/150-cialde-caffe-brasile-eser-espresso-italcaffe-44mm\/\" \/>\n<meta property=\"og:site_name\" content=\"Italcaff\u00e8\" \/>\n<meta property=\"article:modified_time\" content=\"2020-02-26T14:50:06+00:00\" \/>\n<meta property=\"og:image\" content=\"https:\/\/italcaffe.it\/wp-content\/uploads\/2017\/04\/cialdabrasile_1.jpg\" \/>\n\t<meta property=\"og:image:width\" content=\"1000\" \/>\n\t<meta property=\"og:image:height\" content=\"1000\" \/>\n\t<meta property=\"og:image:type\" content=\"image\/jpeg\" \/>\n<meta name=\"twitter:card\" content=\"summary_large_image\" \/>\n<script type=\"application\/ld+json\" class=\"yoast-schema-graph\">{\"@context\":\"https:\/\/schema.org\",\"@graph\":[{\"@type\":\"WebPage\",\"@id\":\"https:\/\/italcaffe.it\/fr\/shop\/dosettes-ese-44mm\/150-cialde-caffe-brasile-eser-espresso-italcaffe-44mm\/\",\"url\":\"https:\/\/italcaffe.it\/fr\/shop\/dosettes-ese-44mm\/150-cialde-caffe-brasile-eser-espresso-italcaffe-44mm\/\",\"name\":\"150 Dosettes caf\u00e9 ESE Br\u00e9sil 44mm Italcaff\u00e8 Espresso Bar 100% Arabica - Italcaff\u00e8\",\"isPartOf\":{\"@id\":\"https:\/\/italcaffe.it\/fr\/#website\"},\"primaryImageOfPage\":{\"@id\":\"https:\/\/italcaffe.it\/fr\/shop\/dosettes-ese-44mm\/150-cialde-caffe-brasile-eser-espresso-italcaffe-44mm\/#primaryimage\"},\"image\":{\"@id\":\"https:\/\/italcaffe.it\/fr\/shop\/dosettes-ese-44mm\/150-cialde-caffe-brasile-eser-espresso-italcaffe-44mm\/#primaryimage\"},\"thumbnailUrl\":\"https:\/\/italcaffe.it\/wp-content\/uploads\/2017\/04\/cialdabrasile_1.jpg\",\"datePublished\":\"2020-02-26T14:50:02+00:00\",\"dateModified\":\"2020-02-26T14:50:06+00:00\",\"breadcrumb\":{\"@id\":\"https:\/\/italcaffe.it\/fr\/shop\/dosettes-ese-44mm\/150-cialde-caffe-brasile-eser-espresso-italcaffe-44mm\/#breadcrumb\"},\"inLanguage\":\"fr-FR\",\"potentialAction\":[{\"@type\":\"ReadAction\",\"target\":[\"https:\/\/italcaffe.it\/fr\/shop\/dosettes-ese-44mm\/150-cialde-caffe-brasile-eser-espresso-italcaffe-44mm\/\"]}]},{\"@type\":\"ImageObject\",\"inLanguage\":\"fr-FR\",\"@id\":\"https:\/\/italcaffe.it\/fr\/shop\/dosettes-ese-44mm\/150-cialde-caffe-brasile-eser-espresso-italcaffe-44mm\/#primaryimage\",\"url\":\"https:\/\/italcaffe.it\/wp-content\/uploads\/2017\/04\/cialdabrasile_1.jpg\",\"contentUrl\":\"https:\/\/italcaffe.it\/wp-content\/uploads\/2017\/04\/cialdabrasile_1.jpg\",\"width\":1000,\"height\":1000,\"caption\":\"150 ESE\u00ae* Kaffeepads Italcaff\u00e8 Espresso Brasilien Santos 44mm-0\"},{\"@type\":\"BreadcrumbList\",\"@id\":\"https:\/\/italcaffe.it\/fr\/shop\/dosettes-ese-44mm\/150-cialde-caffe-brasile-eser-espresso-italcaffe-44mm\/#breadcrumb\",\"itemListElement\":[{\"@type\":\"ListItem\",\"position\":1,\"name\":\"Home\",\"item\":\"https:\/\/italcaffe.it\/fr\/\"},{\"@type\":\"ListItem\",\"position\":2,\"name\":\"Shop\",\"item\":\"https:\/\/italcaffe.it\/fr\/shop\/\"},{\"@type\":\"ListItem\",\"position\":3,\"name\":\"150 Dosettes caf\u00e9 ESE Br\u00e9sil 44mm Italcaff\u00e8 Espresso Bar 100% Arabica\"}]},{\"@type\":\"WebSite\",\"@id\":\"https:\/\/italcaffe.it\/fr\/#website\",\"url\":\"https:\/\/italcaffe.it\/fr\/\",\"name\":\"Italcaff\u00e8\",\"description\":\"50 Anni insieme\",\"potentialAction\":[{\"@type\":\"SearchAction\",\"target\":{\"@type\":\"EntryPoint\",\"urlTemplate\":\"https:\/\/italcaffe.it\/fr\/?s={search_term_string}\"},\"query-input\":{\"@type\":\"PropertyValueSpecification\",\"valueRequired\":true,\"valueName\":\"search_term_string\"}}],\"inLanguage\":\"fr-FR\"}]}<\/script>\n<!-- \/ Yoast SEO plugin. -->","yoast_head_json":{"title":"150 Dosettes caf\u00e9 ESE Br\u00e9sil 44mm Italcaff\u00e8 Espresso Bar 100% Arabica - Italcaff\u00e8","robots":{"index":"index","follow":"follow","max-snippet":"max-snippet:-1","max-image-preview":"max-image-preview:large","max-video-preview":"max-video-preview:-1"},"canonical":"https:\/\/italcaffe.it\/fr\/shop\/dosettes-ese-44mm\/150-cialde-caffe-brasile-eser-espresso-italcaffe-44mm\/","og_locale":"fr_FR","og_type":"article","og_title":"150 Dosettes caf\u00e9 ESE Br\u00e9sil 44mm Italcaff\u00e8 Espresso Bar 100% Arabica - Italcaff\u00e8","og_description":"Les dosettes Italcaff&egrave; Espresso Bresil sont&nbsp;compatible avec les machines de type ESE&reg; 44mm.&nbsp;Caf&eacute; moelleux, tr&egrave;s &eacute;quilibr&eacute; avec une acidit&eacute; moyenne et du corps. Se distinguent des senteurs de malt, de cacao et de c&eacute;r&eacute;ales. Notes de chocolat et de noisette en arri&egrave;re- gout.&nbsp;Chaque dosette contient environ sept grammes de caf&eacute; compress&eacute;s dans un emballage filtrant alimentaire et emball&eacute;e sous atmosph&egrave;re protectrice. Nos dosettes mono usage de 7 grammes de caf&eacute; offrent l&rsquo;avantage d&rsquo;un produit qui maintient ses caract&eacute;ristiques parfaitement inalt&eacute;r&eacute;es dans le temps. La dosette de cafe ESE est plus &eacute;cologique que les autres dosettes car elle est fabriqu&eacute;e en mat&eacute;riaux enti&egrave;rement biod&eacute;gradable tr&egrave;s rapidement dans la nature. Le papier est non chlor&eacute;, il ne contient aucune substance toxique. Perdue dans la nature, la dosette ESE usag&eacute;e sera rapidement dig&eacute;r&eacute;e par des micro-organismes et dispara&icirc;tra en quelques mois en retournant &agrave; la terre. La marque ESE&reg; n&rsquo;est ni de la propri&eacute;t&eacute; de Italcaff&egrave; SpA ni d&rsquo;aucune entreprise li&eacute;e &agrave; cette derni&egrave;re.","og_url":"https:\/\/italcaffe.it\/fr\/shop\/dosettes-ese-44mm\/150-cialde-caffe-brasile-eser-espresso-italcaffe-44mm\/","og_site_name":"Italcaff\u00e8","article_modified_time":"2020-02-26T14:50:06+00:00","og_image":[{"width":1000,"height":1000,"url":"https:\/\/italcaffe.it\/wp-content\/uploads\/2017\/04\/cialdabrasile_1.jpg","type":"image\/jpeg"}],"twitter_card":"summary_large_image","schema":{"@context":"https:\/\/schema.org","@graph":[{"@type":"WebPage","@id":"https:\/\/italcaffe.it\/fr\/shop\/dosettes-ese-44mm\/150-cialde-caffe-brasile-eser-espresso-italcaffe-44mm\/","url":"https:\/\/italcaffe.it\/fr\/shop\/dosettes-ese-44mm\/150-cialde-caffe-brasile-eser-espresso-italcaffe-44mm\/","name":"150 Dosettes caf\u00e9 ESE Br\u00e9sil 44mm Italcaff\u00e8 Espresso Bar 100% Arabica - Italcaff\u00e8","isPartOf":{"@id":"https:\/\/italcaffe.it\/fr\/#website"},"primaryImageOfPage":{"@id":"https:\/\/italcaffe.it\/fr\/shop\/dosettes-ese-44mm\/150-cialde-caffe-brasile-eser-espresso-italcaffe-44mm\/#primaryimage"},"image":{"@id":"https:\/\/italcaffe.it\/fr\/shop\/dosettes-ese-44mm\/150-cialde-caffe-brasile-eser-espresso-italcaffe-44mm\/#primaryimage"},"thumbnailUrl":"https:\/\/italcaffe.it\/wp-content\/uploads\/2017\/04\/cialdabrasile_1.jpg","datePublished":"2020-02-26T14:50:02+00:00","dateModified":"2020-02-26T14:50:06+00:00","breadcrumb":{"@id":"https:\/\/italcaffe.it\/fr\/shop\/dosettes-ese-44mm\/150-cialde-caffe-brasile-eser-espresso-italcaffe-44mm\/#breadcrumb"},"inLanguage":"fr-FR","potentialAction":[{"@type":"ReadAction","target":["https:\/\/italcaffe.it\/fr\/shop\/dosettes-ese-44mm\/150-cialde-caffe-brasile-eser-espresso-italcaffe-44mm\/"]}]},{"@type":"ImageObject","inLanguage":"fr-FR","@id":"https:\/\/italcaffe.it\/fr\/shop\/dosettes-ese-44mm\/150-cialde-caffe-brasile-eser-espresso-italcaffe-44mm\/#primaryimage","url":"https:\/\/italcaffe.it\/wp-content\/uploads\/2017\/04\/cialdabrasile_1.jpg","contentUrl":"https:\/\/italcaffe.it\/wp-content\/uploads\/2017\/04\/cialdabrasile_1.jpg","width":1000,"height":1000,"caption":"150 ESE\u00ae* Kaffeepads Italcaff\u00e8 Espresso Brasilien Santos 44mm-0"},{"@type":"BreadcrumbList","@id":"https:\/\/italcaffe.it\/fr\/shop\/dosettes-ese-44mm\/150-cialde-caffe-brasile-eser-espresso-italcaffe-44mm\/#breadcrumb","itemListElement":[{"@type":"ListItem","position":1,"name":"Home","item":"https:\/\/italcaffe.it\/fr\/"},{"@type":"ListItem","position":2,"name":"Shop","item":"https:\/\/italcaffe.it\/fr\/shop\/"},{"@type":"ListItem","position":3,"name":"150 Dosettes caf\u00e9 ESE Br\u00e9sil 44mm Italcaff\u00e8 Espresso Bar 100% Arabica"}]},{"@type":"WebSite","@id":"https:\/\/italcaffe.it\/fr\/#website","url":"https:\/\/italcaffe.it\/fr\/","name":"Italcaff\u00e8","description":"50 Anni insieme","potentialAction":[{"@type":"SearchAction","target":{"@type":"EntryPoint","urlTemplate":"https:\/\/italcaffe.it\/fr\/?s={search_term_string}"},"query-input":{"@type":"PropertyValueSpecification","valueRequired":true,"valueName":"search_term_string"}}],"inLanguage":"fr-FR"}]}},"_links":{"self":[{"href":"https:\/\/italcaffe.it\/fr\/wp-json\/wp\/v2\/product\/23285","targetHints":{"allow":["GET"]}}],"collection":[{"href":"https:\/\/italcaffe.it\/fr\/wp-json\/wp\/v2\/product"}],"about":[{"href":"https:\/\/italcaffe.it\/fr\/wp-json\/wp\/v2\/types\/product"}],"wp:featuredmedia":[{"embeddable":true,"href":"https:\/\/italcaffe.it\/fr\/wp-json\/wp\/v2\/media\/8877"}],"wp:attachment":[{"href":"https:\/\/italcaffe.it\/fr\/wp-json\/wp\/v2\/media?parent=23285"}],"wp:term":[{"taxonomy":"product_brand","embeddable":true,"href":"https:\/\/italcaffe.it\/fr\/wp-json\/wp\/v2\/product_brand?post=23285"},{"taxonomy":"product_cat","embeddable":true,"href":"https:\/\/italcaffe.it\/fr\/wp-json\/wp\/v2\/product_cat?post=23285"},{"taxonomy":"product_tag","embeddable":true,"href":"https:\/\/italcaffe.it\/fr\/wp-json\/wp\/v2\/product_tag?post=23285"}],"curies":[{"name":"wp","href":"https:\/\/api.w.org\/{rel}","templated":true}]}}