{"id":23286,"date":"2020-02-26T15:59:59","date_gmt":"2020-02-26T14:50:02","guid":{"rendered":"https:\/\/www.italcaffe.it\/product\/150-dosettes-cafe-ese-bresil-italcaffe-espresso-bar-100-arabica-44mm\/"},"modified":"2020-02-26T15:50:07","modified_gmt":"2020-02-26T14:50:07","slug":"cialda-brasile","status":"publish","type":"product","link":"https:\/\/italcaffe.it\/fr\/shop\/dosettes-ese-44mm\/cialda-brasile\/","title":{"rendered":"150 Dosettes Cafe ESE Br\u00e9sil Italcaff\u00e8 Espresso Bar 100% Arabica 44mm"},"content":{"rendered":"","protected":false},"excerpt":{"rendered":"<p style=\"text-align: justify;\"><span><span>Dosettes de caf&eacute; pour Espresso de haute qualit&eacute;.&nbsp;<\/span>Les dosettes Italcaff&egrave; Espresso Bresil sont compatible avec les machines de type ESE&reg; 44mm. Caf&eacute; moelleux, tr&egrave;s &eacute;quilibr&eacute; avec une acidit&eacute; moyenne et du corps. Se distinguent des senteurs de malt, de cacao et de c&eacute;r&eacute;ales. Notes de chocolat et de noisette en arri&egrave;re- gout. Chaque dosette contient environ sept grammes de caf&eacute; compress&eacute;s dans un emballage filtrant alimentaire et emball&eacute;e sous atmosph&egrave;re protectrice. Nos dosettes mono usage de 7 grammes de caf&eacute; offrent l&rsquo;avantage d&rsquo;un produit qui maintient ses caract&eacute;ristiques parfaitement inalt&eacute;r&eacute;es dans le temps.*La marque ESE&reg; n&rsquo;est ni de la propri&eacute;t&eacute; de Italcaff&egrave; SpA ni d&rsquo;aucune entreprise li&eacute;e &agrave; cette derni&egrave;re.<\/span><\/p>\n","protected":false},"featured_media":8881,"template":"","meta":{"_acf_changed":false},"product_brand":[],"product_cat":[305],"product_tag":[],"class_list":{"0":"post-23286","1":"product","2":"type-product","3":"status-publish","4":"has-post-thumbnail","6":"product_cat-dosettes-ese-44mm","8":"first","9":"instock","10":"taxable","11":"shipping-taxable","12":"product-type-grouped"},"acf":[],"yoast_head":"<!-- This site is optimized with the Yoast SEO plugin v27.0 - https:\/\/yoast.com\/product\/yoast-seo-wordpress\/ -->\n<title>150 Dosettes Cafe ESE Br\u00e9sil Italcaff\u00e8 Espresso Bar 100% Arabica 44mm - Italcaff\u00e8<\/title>\n<meta name=\"robots\" content=\"index, follow, max-snippet:-1, max-image-preview:large, max-video-preview:-1\" \/>\n<link rel=\"canonical\" href=\"https:\/\/italcaffe.it\/fr\/shop\/dosettes-ese-44mm\/cialda-brasile\/\" \/>\n<meta property=\"og:locale\" content=\"fr_FR\" \/>\n<meta property=\"og:type\" content=\"article\" \/>\n<meta property=\"og:title\" content=\"150 Dosettes Cafe ESE Br\u00e9sil Italcaff\u00e8 Espresso Bar 100% Arabica 44mm - Italcaff\u00e8\" \/>\n<meta property=\"og:description\" content=\"Dosettes de caf&eacute; pour Espresso de haute qualit&eacute;.&nbsp;Les dosettes Italcaff&egrave; Espresso Bresil sont compatible avec les machines de type ESE&reg; 44mm. Caf&eacute; moelleux, tr&egrave;s &eacute;quilibr&eacute; avec une acidit&eacute; moyenne et du corps. Se distinguent des senteurs de malt, de cacao et de c&eacute;r&eacute;ales. Notes de chocolat et de noisette en arri&egrave;re- gout. Chaque dosette contient environ sept grammes de caf&eacute; compress&eacute;s dans un emballage filtrant alimentaire et emball&eacute;e sous atmosph&egrave;re protectrice. Nos dosettes mono usage de 7 grammes de caf&eacute; offrent l&rsquo;avantage d&rsquo;un produit qui maintient ses caract&eacute;ristiques parfaitement inalt&eacute;r&eacute;es dans le temps.*La marque ESE&reg; n&rsquo;est ni de la propri&eacute;t&eacute; de Italcaff&egrave; SpA ni d&rsquo;aucune entreprise li&eacute;e &agrave; cette derni&egrave;re.\" \/>\n<meta property=\"og:url\" content=\"https:\/\/italcaffe.it\/fr\/shop\/dosettes-ese-44mm\/cialda-brasile\/\" \/>\n<meta property=\"og:site_name\" content=\"Italcaff\u00e8\" \/>\n<meta property=\"article:modified_time\" content=\"2020-02-26T14:50:07+00:00\" \/>\n<meta property=\"og:image\" content=\"https:\/\/italcaffe.it\/wp-content\/uploads\/2017\/04\/cialdabrasile_2.jpg\" \/>\n\t<meta property=\"og:image:width\" content=\"825\" \/>\n\t<meta property=\"og:image:height\" content=\"1100\" \/>\n\t<meta property=\"og:image:type\" content=\"image\/jpeg\" \/>\n<meta name=\"twitter:card\" content=\"summary_large_image\" \/>\n<script type=\"application\/ld+json\" class=\"yoast-schema-graph\">{\"@context\":\"https:\/\/schema.org\",\"@graph\":[{\"@type\":\"WebPage\",\"@id\":\"https:\/\/italcaffe.it\/fr\/shop\/dosettes-ese-44mm\/cialda-brasile\/\",\"url\":\"https:\/\/italcaffe.it\/fr\/shop\/dosettes-ese-44mm\/cialda-brasile\/\",\"name\":\"150 Dosettes Cafe ESE Br\u00e9sil Italcaff\u00e8 Espresso Bar 100% Arabica 44mm - Italcaff\u00e8\",\"isPartOf\":{\"@id\":\"https:\/\/italcaffe.it\/fr\/#website\"},\"primaryImageOfPage\":{\"@id\":\"https:\/\/italcaffe.it\/fr\/shop\/dosettes-ese-44mm\/cialda-brasile\/#primaryimage\"},\"image\":{\"@id\":\"https:\/\/italcaffe.it\/fr\/shop\/dosettes-ese-44mm\/cialda-brasile\/#primaryimage\"},\"thumbnailUrl\":\"https:\/\/italcaffe.it\/wp-content\/uploads\/2017\/04\/cialdabrasile_2.jpg\",\"datePublished\":\"2020-02-26T14:50:02+00:00\",\"dateModified\":\"2020-02-26T14:50:07+00:00\",\"breadcrumb\":{\"@id\":\"https:\/\/italcaffe.it\/fr\/shop\/dosettes-ese-44mm\/cialda-brasile\/#breadcrumb\"},\"inLanguage\":\"fr-FR\",\"potentialAction\":[{\"@type\":\"ReadAction\",\"target\":[\"https:\/\/italcaffe.it\/fr\/shop\/dosettes-ese-44mm\/cialda-brasile\/\"]}]},{\"@type\":\"ImageObject\",\"inLanguage\":\"fr-FR\",\"@id\":\"https:\/\/italcaffe.it\/fr\/shop\/dosettes-ese-44mm\/cialda-brasile\/#primaryimage\",\"url\":\"https:\/\/italcaffe.it\/wp-content\/uploads\/2017\/04\/cialdabrasile_2.jpg\",\"contentUrl\":\"https:\/\/italcaffe.it\/wp-content\/uploads\/2017\/04\/cialdabrasile_2.jpg\",\"width\":825,\"height\":1100,\"caption\":\"ESE Kaffeepads Brasilien Santos Pad Italcaff\u00e8 Espresso Bar Pads 44mm Kaffee Pad Kaffee-pads Espressopads cialde caff\u00e8 Easy Serving Espresso E.S.E. Kaffee-Pad Italienischer Espresso Kaffee\"},{\"@type\":\"BreadcrumbList\",\"@id\":\"https:\/\/italcaffe.it\/fr\/shop\/dosettes-ese-44mm\/cialda-brasile\/#breadcrumb\",\"itemListElement\":[{\"@type\":\"ListItem\",\"position\":1,\"name\":\"Home\",\"item\":\"https:\/\/italcaffe.it\/fr\/\"},{\"@type\":\"ListItem\",\"position\":2,\"name\":\"Shop\",\"item\":\"https:\/\/italcaffe.it\/fr\/shop\/\"},{\"@type\":\"ListItem\",\"position\":3,\"name\":\"150 Dosettes Cafe ESE Br\u00e9sil Italcaff\u00e8 Espresso Bar 100% Arabica 44mm\"}]},{\"@type\":\"WebSite\",\"@id\":\"https:\/\/italcaffe.it\/fr\/#website\",\"url\":\"https:\/\/italcaffe.it\/fr\/\",\"name\":\"Italcaff\u00e8\",\"description\":\"50 Anni insieme\",\"potentialAction\":[{\"@type\":\"SearchAction\",\"target\":{\"@type\":\"EntryPoint\",\"urlTemplate\":\"https:\/\/italcaffe.it\/fr\/?s={search_term_string}\"},\"query-input\":{\"@type\":\"PropertyValueSpecification\",\"valueRequired\":true,\"valueName\":\"search_term_string\"}}],\"inLanguage\":\"fr-FR\"}]}<\/script>\n<!-- \/ Yoast SEO plugin. -->","yoast_head_json":{"title":"150 Dosettes Cafe ESE Br\u00e9sil Italcaff\u00e8 Espresso Bar 100% Arabica 44mm - Italcaff\u00e8","robots":{"index":"index","follow":"follow","max-snippet":"max-snippet:-1","max-image-preview":"max-image-preview:large","max-video-preview":"max-video-preview:-1"},"canonical":"https:\/\/italcaffe.it\/fr\/shop\/dosettes-ese-44mm\/cialda-brasile\/","og_locale":"fr_FR","og_type":"article","og_title":"150 Dosettes Cafe ESE Br\u00e9sil Italcaff\u00e8 Espresso Bar 100% Arabica 44mm - Italcaff\u00e8","og_description":"Dosettes de caf&eacute; pour Espresso de haute qualit&eacute;.&nbsp;Les dosettes Italcaff&egrave; Espresso Bresil sont compatible avec les machines de type ESE&reg; 44mm. Caf&eacute; moelleux, tr&egrave;s &eacute;quilibr&eacute; avec une acidit&eacute; moyenne et du corps. Se distinguent des senteurs de malt, de cacao et de c&eacute;r&eacute;ales. Notes de chocolat et de noisette en arri&egrave;re- gout. Chaque dosette contient environ sept grammes de caf&eacute; compress&eacute;s dans un emballage filtrant alimentaire et emball&eacute;e sous atmosph&egrave;re protectrice. Nos dosettes mono usage de 7 grammes de caf&eacute; offrent l&rsquo;avantage d&rsquo;un produit qui maintient ses caract&eacute;ristiques parfaitement inalt&eacute;r&eacute;es dans le temps.*La marque ESE&reg; n&rsquo;est ni de la propri&eacute;t&eacute; de Italcaff&egrave; SpA ni d&rsquo;aucune entreprise li&eacute;e &agrave; cette derni&egrave;re.","og_url":"https:\/\/italcaffe.it\/fr\/shop\/dosettes-ese-44mm\/cialda-brasile\/","og_site_name":"Italcaff\u00e8","article_modified_time":"2020-02-26T14:50:07+00:00","og_image":[{"width":825,"height":1100,"url":"https:\/\/italcaffe.it\/wp-content\/uploads\/2017\/04\/cialdabrasile_2.jpg","type":"image\/jpeg"}],"twitter_card":"summary_large_image","schema":{"@context":"https:\/\/schema.org","@graph":[{"@type":"WebPage","@id":"https:\/\/italcaffe.it\/fr\/shop\/dosettes-ese-44mm\/cialda-brasile\/","url":"https:\/\/italcaffe.it\/fr\/shop\/dosettes-ese-44mm\/cialda-brasile\/","name":"150 Dosettes Cafe ESE Br\u00e9sil Italcaff\u00e8 Espresso Bar 100% Arabica 44mm - Italcaff\u00e8","isPartOf":{"@id":"https:\/\/italcaffe.it\/fr\/#website"},"primaryImageOfPage":{"@id":"https:\/\/italcaffe.it\/fr\/shop\/dosettes-ese-44mm\/cialda-brasile\/#primaryimage"},"image":{"@id":"https:\/\/italcaffe.it\/fr\/shop\/dosettes-ese-44mm\/cialda-brasile\/#primaryimage"},"thumbnailUrl":"https:\/\/italcaffe.it\/wp-content\/uploads\/2017\/04\/cialdabrasile_2.jpg","datePublished":"2020-02-26T14:50:02+00:00","dateModified":"2020-02-26T14:50:07+00:00","breadcrumb":{"@id":"https:\/\/italcaffe.it\/fr\/shop\/dosettes-ese-44mm\/cialda-brasile\/#breadcrumb"},"inLanguage":"fr-FR","potentialAction":[{"@type":"ReadAction","target":["https:\/\/italcaffe.it\/fr\/shop\/dosettes-ese-44mm\/cialda-brasile\/"]}]},{"@type":"ImageObject","inLanguage":"fr-FR","@id":"https:\/\/italcaffe.it\/fr\/shop\/dosettes-ese-44mm\/cialda-brasile\/#primaryimage","url":"https:\/\/italcaffe.it\/wp-content\/uploads\/2017\/04\/cialdabrasile_2.jpg","contentUrl":"https:\/\/italcaffe.it\/wp-content\/uploads\/2017\/04\/cialdabrasile_2.jpg","width":825,"height":1100,"caption":"ESE Kaffeepads Brasilien Santos Pad Italcaff\u00e8 Espresso Bar Pads 44mm Kaffee Pad Kaffee-pads Espressopads cialde caff\u00e8 Easy Serving Espresso E.S.E. Kaffee-Pad Italienischer Espresso Kaffee"},{"@type":"BreadcrumbList","@id":"https:\/\/italcaffe.it\/fr\/shop\/dosettes-ese-44mm\/cialda-brasile\/#breadcrumb","itemListElement":[{"@type":"ListItem","position":1,"name":"Home","item":"https:\/\/italcaffe.it\/fr\/"},{"@type":"ListItem","position":2,"name":"Shop","item":"https:\/\/italcaffe.it\/fr\/shop\/"},{"@type":"ListItem","position":3,"name":"150 Dosettes Cafe ESE Br\u00e9sil Italcaff\u00e8 Espresso Bar 100% Arabica 44mm"}]},{"@type":"WebSite","@id":"https:\/\/italcaffe.it\/fr\/#website","url":"https:\/\/italcaffe.it\/fr\/","name":"Italcaff\u00e8","description":"50 Anni insieme","potentialAction":[{"@type":"SearchAction","target":{"@type":"EntryPoint","urlTemplate":"https:\/\/italcaffe.it\/fr\/?s={search_term_string}"},"query-input":{"@type":"PropertyValueSpecification","valueRequired":true,"valueName":"search_term_string"}}],"inLanguage":"fr-FR"}]}},"_links":{"self":[{"href":"https:\/\/italcaffe.it\/fr\/wp-json\/wp\/v2\/product\/23286","targetHints":{"allow":["GET"]}}],"collection":[{"href":"https:\/\/italcaffe.it\/fr\/wp-json\/wp\/v2\/product"}],"about":[{"href":"https:\/\/italcaffe.it\/fr\/wp-json\/wp\/v2\/types\/product"}],"wp:featuredmedia":[{"embeddable":true,"href":"https:\/\/italcaffe.it\/fr\/wp-json\/wp\/v2\/media\/8881"}],"wp:attachment":[{"href":"https:\/\/italcaffe.it\/fr\/wp-json\/wp\/v2\/media?parent=23286"}],"wp:term":[{"taxonomy":"product_brand","embeddable":true,"href":"https:\/\/italcaffe.it\/fr\/wp-json\/wp\/v2\/product_brand?post=23286"},{"taxonomy":"product_cat","embeddable":true,"href":"https:\/\/italcaffe.it\/fr\/wp-json\/wp\/v2\/product_cat?post=23286"},{"taxonomy":"product_tag","embeddable":true,"href":"https:\/\/italcaffe.it\/fr\/wp-json\/wp\/v2\/product_tag?post=23286"}],"curies":[{"name":"wp","href":"https:\/\/api.w.org\/{rel}","templated":true}]}}