{"id":23295,"date":"2020-02-26T16:00:06","date_gmt":"2020-02-26T14:50:08","guid":{"rendered":"https:\/\/www.italcaffe.it\/product\/cafe-expresso-en-grain-arabica-costa-rica-1kg-italcaffe-espresso-bar\/"},"modified":"2022-06-30T07:59:17","modified_gmt":"2022-06-30T06:59:17","slug":"italcaffe-expresso-costa-rica-1kg","status":"publish","type":"product","link":"https:\/\/italcaffe.it\/fr\/shop\/cafe-grain\/arabica\/italcaffe-expresso-costa-rica-1kg\/","title":{"rendered":"Caf\u00e9 Expresso en Grain Arabica Costa Rica 1Kg Italcaff\u00e8 Espresso Bar"},"content":{"rendered":"<h2 style=\"font-size: 20px;\">LES CARACT\u00c9RISTIQUES DE CAF\u00c9 EN GRAINS ARABICA COSTA RICA TARRAZU EXPRESSO<\/h2>\n<p style=\"text-align: justify;\">Caf\u00e9 expresso en grains Espresso Costa Rica Tarrazu pure origine 100% Arabica <a href=\"https:\/\/www.italcaffe.it\/fr\/histoire\/\" target=\"_blank\" rel=\"noopener\">Italcaff\u00e8<\/a>. Pour de nombreux connaisseurs, le Costa-Rica Tarrazu est l\u2019un des meilleurs caf\u00e9s du monde.<\/p>\n<p style=\"text-align: justify;\">Un <a href=\"https:\/\/www.italcaffe.it\/fr\/histoire\/\" target=\"_blank\" rel=\"noopener\">caf\u00e9 Expresso<\/a> admirablement acidul\u00e9 avec des notes l\u00e9g\u00e8rement fruit\u00e9es de cassis et de baies noires. La finale est relativement cors\u00e9e et pr\u00e9sente un go\u00fbt subtil de chocolat.<\/p>\n<p style=\"text-align: justify;\">En un mot, un caf\u00e9 tr\u00e8s bien \u00e9quilibr\u00e9. Pour Caf\u00e9 grains Costa Rica nous avons s\u00e9lectionn\u00e9 uniquement du <a href=\"https:\/\/youtu.be\/2a1z83-xa50\" target=\"_blank\" rel=\"noopener\">caf\u00e9 Costa Rica Tarrazu<\/a> de haute qualit\u00e9.<\/p>\n<p style=\"text-align: justify;\">Il s&#8217;agit d&#8217;un paquet de 1000g scell\u00e9 sur quatre c\u00f4t\u00e9s, conditionn\u00e9 sous atmosph\u00e8re protectrice et avec une valve monodirectionnelle de garantie d\u2019ar\u00f4me.<br \/>\nId\u00e9al pour conserver le go\u00fbt et la fra\u00eecheur des grains de caf\u00e9.<\/p>\n<p style=\"text-align: justify;\">Ces caract\u00e9ristiques garantissent une meilleure conservation dans le temps ainsi qu&#8217;une meilleure qualit\u00e9 du produit par rapport aux paquets de caf\u00e9 habituels que vous trouvez sur le march\u00e9.<\/p>\n<p style=\"text-align: justify;\">Caf\u00e9 Arabica pure origine provenant des hauteurs du Costa Rica, pr\u00e9cis\u00e9ment des montagnes de Tarrazu au sud de San Jos\u00e8, entre 1200 et 2000 m\u00e8tres d&#8217;altitude.<\/p>\n<p style=\"text-align: justify;\">Le microclimat et la richesse du sol volcanique offrent un excellent habitat naturel pour sa culture, donnant \u00e0 l&#8217;Espresso un ar\u00f4me intense, une acidit\u00e9 appr\u00e9ciable et un ar\u00f4me enivrant.<\/p>\n<h2 style=\"font-size: 20px;\">UN BREF REGARD SUR ITALCAFF\u00c8<\/h2>\n<p>Italcaff\u00e8 S.p.A. est une industrie de torr\u00e9faction de caf\u00e9 avec une usine et des bureaux \u00e0 La Spezia en Italie, la patrie du v\u00e9ritable espresso italien.<\/p>\n<p>L&#8217;entreprise a \u00e9t\u00e9 fond\u00e9e en 1969 et poss\u00e8de plus de 40 ans d&#8217;exp\u00e9rience dans la torr\u00e9faction et le m\u00e9lange de caf\u00e9s fins.<\/p>\n<p>Nous parcourons le monde pour s\u00e9lectionner les meilleures qualit\u00e9s de caf\u00e9 pour nos clients.<\/p>\n<p>Notre m\u00e9tier consiste \u00e0 importer du caf\u00e9 vert directement des march\u00e9s d&#8217;origine.<\/p>\n<p>Apr\u00e8s cela, avec passion, exp\u00e9rience et comp\u00e9tence, nous transformons la mati\u00e8re premi\u00e8re en m\u00e9langes pr\u00e9cieux au go\u00fbt unique et incomparable.<\/p>\n<p>De plus, la fiabilit\u00e9 de l&#8217;ensemble du processus de fabrication Italcaff\u00e8 est garantie par la certification de qualit\u00e9 UNI EN ISO 9001\u00a0: 2015.<\/p>\n<p>C&#8217;est pourquoi nous nous sommes toujours engag\u00e9s \u00e0 apporter l&#8217;ar\u00f4me du vrai caf\u00e9 expresso italien en Italie et dans le monde, \u00e0 la maison et au bar.<\/p>\n","protected":false},"excerpt":{"rendered":"<p style=\"text-align: justify;\"><span style=\"color: #000000;\">Caf\u00e9 Expresso Italcaff\u00e8 en grains 100% Arabica d&#8217;origine unique Costa Rica Tarrazu. Pour de nombreux connaisseurs, le Costa-Rica Tarrazu est l\u2019un des meilleurs caf\u00e9s du monde.<\/span><\/p>\n<p style=\"text-align: justify;\"><span style=\"color: #000000;\"> Un caf\u00e9 Espresso admirablement acidul\u00e9 avec des notes l\u00e9g\u00e8rement fruit\u00e9es de cassis et de baies noires. La finale est relativement cors\u00e9e et pr\u00e9sente un go\u00fbt subtil de chocolat. En un mot, un caf\u00e9 tr\u00e8s bien \u00e9quilibr\u00e9. <\/span><\/p>\n<p style=\"text-align: justify;\"><span style=\"color: #000000;\">Pour ce produit nous avons s\u00e9lectionn\u00e9 uniquement du caf\u00e9 Costa Rica Tarrazu de haute qualit\u00e9. Il s&#8217;agit d&#8217;un paquet de 1kg conditionn\u00e9 sous atmosph\u00e8re protectrice et avec une valve monodirectionnelle de garantie d\u2019ar\u00f4me, id\u00e9al pour conserver le go\u00fbt et la fra\u00eecheur des grains de caf\u00e9. <\/span><\/p>\n<p style=\"text-align: justify;\"><span style=\"color: #000000;\">Ces caract\u00e9ristiques garantissent une meilleure conservation dans le temps ainsi qu&#8217;une meilleure qualit\u00e9 du produit par rapport aux paquets de caf\u00e9 habituels que vous trouvez sur le march\u00e9.\u00a0<\/span><\/p>\n","protected":false},"featured_media":26545,"template":"","meta":{"_acf_changed":false},"product_brand":[],"product_cat":[299,315],"product_tag":[],"class_list":{"0":"post-23295","1":"product","2":"type-product","3":"status-publish","4":"has-post-thumbnail","6":"product_cat-cafe-grain","7":"product_cat-arabica","8":"pa_tipologia-monorigine","10":"first","11":"instock","12":"taxable","13":"shipping-taxable","14":"product-type-grouped"},"acf":[],"yoast_head":"<!-- This site is optimized with the Yoast SEO plugin v27.0 - https:\/\/yoast.com\/product\/yoast-seo-wordpress\/ -->\n<title>Caf\u00e9 Costa Rica Grains Tarrazu Italcaff\u00e8 Expresso Pure Arabica 1kg<\/title>\n<meta name=\"description\" content=\"Caf\u00e9 Grains Costa Rica Tarrazu Arabica Italcaff\u00e8 Espresso d&#039;origine unique avec des notes l\u00e9g\u00e8rement fruit\u00e9es de cassis et de baies noires.\" \/>\n<meta name=\"robots\" content=\"index, follow, max-snippet:-1, max-image-preview:large, max-video-preview:-1\" \/>\n<link rel=\"canonical\" href=\"https:\/\/italcaffe.it\/fr\/shop\/cafe-grain\/arabica\/italcaffe-expresso-costa-rica-1kg\/\" \/>\n<meta property=\"og:locale\" content=\"fr_FR\" \/>\n<meta property=\"og:type\" content=\"article\" \/>\n<meta property=\"og:title\" content=\"Caf\u00e9 Costa Rica Grains Tarrazu Italcaff\u00e8 Expresso Pure Arabica 1kg\" \/>\n<meta property=\"og:description\" content=\"Caf\u00e9 Grains Costa Rica Tarrazu Arabica Italcaff\u00e8 Espresso d&#039;origine unique avec des notes l\u00e9g\u00e8rement fruit\u00e9es de cassis et de baies noires.\" \/>\n<meta property=\"og:url\" content=\"https:\/\/italcaffe.it\/fr\/shop\/cafe-grain\/arabica\/italcaffe-expresso-costa-rica-1kg\/\" \/>\n<meta property=\"og:site_name\" content=\"Italcaff\u00e8\" \/>\n<meta property=\"article:modified_time\" content=\"2022-06-30T06:59:17+00:00\" \/>\n<meta property=\"og:image\" content=\"https:\/\/italcaffe.it\/wp-content\/uploads\/2020\/02\/Senza-titolo-1_0025_italcaffe84538.jpg\" \/>\n\t<meta property=\"og:image:width\" content=\"825\" \/>\n\t<meta property=\"og:image:height\" content=\"1000\" \/>\n\t<meta property=\"og:image:type\" content=\"image\/jpeg\" \/>\n<meta name=\"twitter:card\" content=\"summary_large_image\" \/>\n<meta name=\"twitter:label1\" content=\"Dur\u00e9e de lecture estim\u00e9e\" \/>\n\t<meta name=\"twitter:data1\" content=\"2 minutes\" \/>\n<script type=\"application\/ld+json\" class=\"yoast-schema-graph\">{\"@context\":\"https:\/\/schema.org\",\"@graph\":[{\"@type\":\"WebPage\",\"@id\":\"https:\/\/italcaffe.it\/fr\/shop\/cafe-grain\/arabica\/italcaffe-expresso-costa-rica-1kg\/\",\"url\":\"https:\/\/italcaffe.it\/fr\/shop\/cafe-grain\/arabica\/italcaffe-expresso-costa-rica-1kg\/\",\"name\":\"Caf\u00e9 Costa Rica Grains Tarrazu Italcaff\u00e8 Expresso Pure Arabica 1kg\",\"isPartOf\":{\"@id\":\"https:\/\/italcaffe.it\/fr\/#website\"},\"primaryImageOfPage\":{\"@id\":\"https:\/\/italcaffe.it\/fr\/shop\/cafe-grain\/arabica\/italcaffe-expresso-costa-rica-1kg\/#primaryimage\"},\"image\":{\"@id\":\"https:\/\/italcaffe.it\/fr\/shop\/cafe-grain\/arabica\/italcaffe-expresso-costa-rica-1kg\/#primaryimage\"},\"thumbnailUrl\":\"https:\/\/italcaffe.it\/wp-content\/uploads\/2020\/02\/Senza-titolo-1_0025_italcaffe84538.jpg\",\"datePublished\":\"2020-02-26T14:50:08+00:00\",\"dateModified\":\"2022-06-30T06:59:17+00:00\",\"description\":\"Caf\u00e9 Grains Costa Rica Tarrazu Arabica Italcaff\u00e8 Espresso d'origine unique avec des notes l\u00e9g\u00e8rement fruit\u00e9es de cassis et de baies noires.\",\"breadcrumb\":{\"@id\":\"https:\/\/italcaffe.it\/fr\/shop\/cafe-grain\/arabica\/italcaffe-expresso-costa-rica-1kg\/#breadcrumb\"},\"inLanguage\":\"fr-FR\",\"potentialAction\":[{\"@type\":\"ReadAction\",\"target\":[\"https:\/\/italcaffe.it\/fr\/shop\/cafe-grain\/arabica\/italcaffe-expresso-costa-rica-1kg\/\"]}]},{\"@type\":\"ImageObject\",\"inLanguage\":\"fr-FR\",\"@id\":\"https:\/\/italcaffe.it\/fr\/shop\/cafe-grain\/arabica\/italcaffe-expresso-costa-rica-1kg\/#primaryimage\",\"url\":\"https:\/\/italcaffe.it\/wp-content\/uploads\/2020\/02\/Senza-titolo-1_0025_italcaffe84538.jpg\",\"contentUrl\":\"https:\/\/italcaffe.it\/wp-content\/uploads\/2020\/02\/Senza-titolo-1_0025_italcaffe84538.jpg\",\"width\":825,\"height\":1000,\"caption\":\"Caf\u00e9 Grains Costa Rica Tarrazu Italcaff\u00e8 Expresso Pure Arabica 1kg\"},{\"@type\":\"BreadcrumbList\",\"@id\":\"https:\/\/italcaffe.it\/fr\/shop\/cafe-grain\/arabica\/italcaffe-expresso-costa-rica-1kg\/#breadcrumb\",\"itemListElement\":[{\"@type\":\"ListItem\",\"position\":1,\"name\":\"Home\",\"item\":\"https:\/\/italcaffe.it\/fr\/\"},{\"@type\":\"ListItem\",\"position\":2,\"name\":\"Shop\",\"item\":\"https:\/\/italcaffe.it\/fr\/shop\/\"},{\"@type\":\"ListItem\",\"position\":3,\"name\":\"Caf\u00e9 Expresso en Grain Arabica Costa Rica 1Kg Italcaff\u00e8 Espresso Bar\"}]},{\"@type\":\"WebSite\",\"@id\":\"https:\/\/italcaffe.it\/fr\/#website\",\"url\":\"https:\/\/italcaffe.it\/fr\/\",\"name\":\"Italcaff\u00e8\",\"description\":\"50 Anni insieme\",\"potentialAction\":[{\"@type\":\"SearchAction\",\"target\":{\"@type\":\"EntryPoint\",\"urlTemplate\":\"https:\/\/italcaffe.it\/fr\/?s={search_term_string}\"},\"query-input\":{\"@type\":\"PropertyValueSpecification\",\"valueRequired\":true,\"valueName\":\"search_term_string\"}}],\"inLanguage\":\"fr-FR\"}]}<\/script>\n<!-- \/ Yoast SEO plugin. -->","yoast_head_json":{"title":"Caf\u00e9 Costa Rica Grains Tarrazu Italcaff\u00e8 Expresso Pure Arabica 1kg","description":"Caf\u00e9 Grains Costa Rica Tarrazu Arabica Italcaff\u00e8 Espresso d'origine unique avec des notes l\u00e9g\u00e8rement fruit\u00e9es de cassis et de baies noires.","robots":{"index":"index","follow":"follow","max-snippet":"max-snippet:-1","max-image-preview":"max-image-preview:large","max-video-preview":"max-video-preview:-1"},"canonical":"https:\/\/italcaffe.it\/fr\/shop\/cafe-grain\/arabica\/italcaffe-expresso-costa-rica-1kg\/","og_locale":"fr_FR","og_type":"article","og_title":"Caf\u00e9 Costa Rica Grains Tarrazu Italcaff\u00e8 Expresso Pure Arabica 1kg","og_description":"Caf\u00e9 Grains Costa Rica Tarrazu Arabica Italcaff\u00e8 Espresso d'origine unique avec des notes l\u00e9g\u00e8rement fruit\u00e9es de cassis et de baies noires.","og_url":"https:\/\/italcaffe.it\/fr\/shop\/cafe-grain\/arabica\/italcaffe-expresso-costa-rica-1kg\/","og_site_name":"Italcaff\u00e8","article_modified_time":"2022-06-30T06:59:17+00:00","og_image":[{"width":825,"height":1000,"url":"https:\/\/italcaffe.it\/wp-content\/uploads\/2020\/02\/Senza-titolo-1_0025_italcaffe84538.jpg","type":"image\/jpeg"}],"twitter_card":"summary_large_image","twitter_misc":{"Dur\u00e9e de lecture estim\u00e9e":"2 minutes"},"schema":{"@context":"https:\/\/schema.org","@graph":[{"@type":"WebPage","@id":"https:\/\/italcaffe.it\/fr\/shop\/cafe-grain\/arabica\/italcaffe-expresso-costa-rica-1kg\/","url":"https:\/\/italcaffe.it\/fr\/shop\/cafe-grain\/arabica\/italcaffe-expresso-costa-rica-1kg\/","name":"Caf\u00e9 Costa Rica Grains Tarrazu Italcaff\u00e8 Expresso Pure Arabica 1kg","isPartOf":{"@id":"https:\/\/italcaffe.it\/fr\/#website"},"primaryImageOfPage":{"@id":"https:\/\/italcaffe.it\/fr\/shop\/cafe-grain\/arabica\/italcaffe-expresso-costa-rica-1kg\/#primaryimage"},"image":{"@id":"https:\/\/italcaffe.it\/fr\/shop\/cafe-grain\/arabica\/italcaffe-expresso-costa-rica-1kg\/#primaryimage"},"thumbnailUrl":"https:\/\/italcaffe.it\/wp-content\/uploads\/2020\/02\/Senza-titolo-1_0025_italcaffe84538.jpg","datePublished":"2020-02-26T14:50:08+00:00","dateModified":"2022-06-30T06:59:17+00:00","description":"Caf\u00e9 Grains Costa Rica Tarrazu Arabica Italcaff\u00e8 Espresso d'origine unique avec des notes l\u00e9g\u00e8rement fruit\u00e9es de cassis et de baies noires.","breadcrumb":{"@id":"https:\/\/italcaffe.it\/fr\/shop\/cafe-grain\/arabica\/italcaffe-expresso-costa-rica-1kg\/#breadcrumb"},"inLanguage":"fr-FR","potentialAction":[{"@type":"ReadAction","target":["https:\/\/italcaffe.it\/fr\/shop\/cafe-grain\/arabica\/italcaffe-expresso-costa-rica-1kg\/"]}]},{"@type":"ImageObject","inLanguage":"fr-FR","@id":"https:\/\/italcaffe.it\/fr\/shop\/cafe-grain\/arabica\/italcaffe-expresso-costa-rica-1kg\/#primaryimage","url":"https:\/\/italcaffe.it\/wp-content\/uploads\/2020\/02\/Senza-titolo-1_0025_italcaffe84538.jpg","contentUrl":"https:\/\/italcaffe.it\/wp-content\/uploads\/2020\/02\/Senza-titolo-1_0025_italcaffe84538.jpg","width":825,"height":1000,"caption":"Caf\u00e9 Grains Costa Rica Tarrazu Italcaff\u00e8 Expresso Pure Arabica 1kg"},{"@type":"BreadcrumbList","@id":"https:\/\/italcaffe.it\/fr\/shop\/cafe-grain\/arabica\/italcaffe-expresso-costa-rica-1kg\/#breadcrumb","itemListElement":[{"@type":"ListItem","position":1,"name":"Home","item":"https:\/\/italcaffe.it\/fr\/"},{"@type":"ListItem","position":2,"name":"Shop","item":"https:\/\/italcaffe.it\/fr\/shop\/"},{"@type":"ListItem","position":3,"name":"Caf\u00e9 Expresso en Grain Arabica Costa Rica 1Kg Italcaff\u00e8 Espresso Bar"}]},{"@type":"WebSite","@id":"https:\/\/italcaffe.it\/fr\/#website","url":"https:\/\/italcaffe.it\/fr\/","name":"Italcaff\u00e8","description":"50 Anni insieme","potentialAction":[{"@type":"SearchAction","target":{"@type":"EntryPoint","urlTemplate":"https:\/\/italcaffe.it\/fr\/?s={search_term_string}"},"query-input":{"@type":"PropertyValueSpecification","valueRequired":true,"valueName":"search_term_string"}}],"inLanguage":"fr-FR"}]}},"_links":{"self":[{"href":"https:\/\/italcaffe.it\/fr\/wp-json\/wp\/v2\/product\/23295","targetHints":{"allow":["GET"]}}],"collection":[{"href":"https:\/\/italcaffe.it\/fr\/wp-json\/wp\/v2\/product"}],"about":[{"href":"https:\/\/italcaffe.it\/fr\/wp-json\/wp\/v2\/types\/product"}],"wp:featuredmedia":[{"embeddable":true,"href":"https:\/\/italcaffe.it\/fr\/wp-json\/wp\/v2\/media\/26545"}],"wp:attachment":[{"href":"https:\/\/italcaffe.it\/fr\/wp-json\/wp\/v2\/media?parent=23295"}],"wp:term":[{"taxonomy":"product_brand","embeddable":true,"href":"https:\/\/italcaffe.it\/fr\/wp-json\/wp\/v2\/product_brand?post=23295"},{"taxonomy":"product_cat","embeddable":true,"href":"https:\/\/italcaffe.it\/fr\/wp-json\/wp\/v2\/product_cat?post=23295"},{"taxonomy":"product_tag","embeddable":true,"href":"https:\/\/italcaffe.it\/fr\/wp-json\/wp\/v2\/product_tag?post=23295"}],"curies":[{"name":"wp","href":"https:\/\/api.w.org\/{rel}","templated":true}]}}