{"id":23299,"date":"2020-02-26T16:00:06","date_gmt":"2020-02-26T14:50:08","guid":{"rendered":"https:\/\/www.italcaffe.it\/product\/cafe-expresso-en-grain-arabica-tanzanie-1kg-italcaffe-espresso-bar\/"},"modified":"2021-10-13T07:47:11","modified_gmt":"2021-10-13T06:47:11","slug":"italcaffe-espresso-tanzanie-1-kg","status":"publish","type":"product","link":"https:\/\/italcaffe.it\/fr\/shop\/cafe-grain\/arabica\/italcaffe-espresso-tanzanie-1-kg\/","title":{"rendered":"Caf\u00e9 Arabica Tanzanie en grain 1 Kg Italcaff\u00e8 Espresso"},"content":{"rendered":"<p style=\"text-align: justify\">Caf\u00e9 Arabica <a href=\"https:\/\/youtu.be\/u1i7edDRd6o\" target=\"_blank\" rel=\"noopener\">Tanzanie<\/a> en grain 100% Arabica <span style=\"color: #000000\"><a href=\"https:\/\/www.italcaffe.it\/fr\/histoire\/\" target=\"_blank\" rel=\"noopener\">Italcaff\u00e8<\/a><\/span> de pure origine id\u00e9al pour la machine \u00e0 Expresso. \u00e0 l\u2019arome agr\u00e9able avec des notes de fruit, de noisette et d\u2019amande. L\u00e9g\u00e8re acidit\u00e9 avec des notes de miel en arri\u00e8re-gout. Pour caf\u00e9 Arabica Tanzanie en grain <span style=\"color: #000000\"><a href=\"https:\/\/www.italcaffe.it\/fr\/histoire\/\" target=\"_blank\" rel=\"noopener\">Italcaff\u00e8<\/a><\/span> nous avons s\u00e9lectionn\u00e9 uniquement du caf\u00e9 du <a href=\"https:\/\/youtu.be\/u1i7edDRd6o\" target=\"_blank\" rel=\"noopener\">Tanzanie<\/a> de haute qualit\u00e9.\u00a0Il s&#8217;agit d&#8217;un paquet de 1 kg conditionn\u00e9 sous atmosph\u00e8re protectrice et avec une valve monodirectionnelle de garantie d\u2019ar\u00f4me, id\u00e9al pour conserver le go\u00fbt et la fra\u00eecheur des grains de caf\u00e9. Ces caract\u00e9ristiques garantissent une meilleure conservation dans le temps ainsi qu&#8217;une meilleure qualit\u00e9 du produit par rapport aux paquets de caf\u00e9 habituels que vous trouvez sur le march\u00e9.<\/p>\n","protected":false},"excerpt":{"rendered":"<p style=\"text-align: justify\">Caf\u00e9 Arabica <a href=\"https:\/\/youtu.be\/u1i7edDRd6o\" target=\"_blank\" rel=\"noopener\">Tanzanie<\/a> en grain 100% Arabica <span style=\"color: #000000\"><a href=\"https:\/\/www.italcaffe.it\/fr\/histoire\/\" target=\"_blank\" rel=\"noopener\">Italcaff\u00e8<\/a><\/span> de pure origine id\u00e9al pour la machine \u00e0 Expresso. \u00e0 l\u2019arome agr\u00e9able avec des notes de fruit, de noisette et d\u2019amande. L\u00e9g\u00e8re acidit\u00e9 avec des notes de miel en arri\u00e8re-gout. Pour caf\u00e9 Arabica Tanzanie en grain <span style=\"color: #000000\"><a href=\"https:\/\/www.italcaffe.it\/fr\/histoire\/\" target=\"_blank\" rel=\"noopener\">Italcaff\u00e8<\/a><\/span> nous avons s\u00e9lectionn\u00e9 uniquement du caf\u00e9 du <a href=\"https:\/\/youtu.be\/u1i7edDRd6o\" target=\"_blank\" rel=\"noopener\">Tanzanie<\/a> de haute qualit\u00e9.\u00a0Il s&#8217;agit d&#8217;un paquet de 1 kg conditionn\u00e9 sous atmosph\u00e8re protectrice et avec une valve monodirectionnelle de garantie d\u2019ar\u00f4me, id\u00e9al pour conserver le go\u00fbt et la fra\u00eecheur des grains de caf\u00e9. Ces caract\u00e9ristiques garantissent une meilleure conservation dans le temps ainsi qu&#8217;une meilleure qualit\u00e9 du produit par rapport aux paquets de caf\u00e9 habituels que vous trouvez sur le march\u00e9.<\/p>\n","protected":false},"featured_media":28577,"template":"","meta":{"_acf_changed":false},"product_brand":[],"product_cat":[299,315],"product_tag":[],"class_list":{"0":"post-23299","1":"product","2":"type-product","3":"status-publish","4":"has-post-thumbnail","6":"product_cat-cafe-grain","7":"product_cat-arabica","8":"pa_tipologia-monorigine","10":"first","11":"instock","12":"taxable","13":"shipping-taxable","14":"product-type-grouped"},"acf":[],"yoast_head":"<!-- This site is optimized with the Yoast SEO plugin v27.0 - https:\/\/yoast.com\/product\/yoast-seo-wordpress\/ -->\n<title>Caf\u00e9 Arabica Tanzanie en grain Pure Origine 1 Kg | Italcaff\u00e8 Espresso<\/title>\n<meta name=\"description\" content=\"Caf\u00e9 Arabica Tanzanie en grain 100% Arabica Italcaff\u00e8 de pure origine id\u00e9al pour la machine \u00e0 Expresso \u00e0 l\u2019arome agr\u00e9able et cr\u00e9meux.\" \/>\n<meta name=\"robots\" content=\"index, follow, max-snippet:-1, max-image-preview:large, max-video-preview:-1\" \/>\n<link rel=\"canonical\" href=\"https:\/\/italcaffe.it\/fr\/shop\/cafe-grain\/arabica\/italcaffe-espresso-tanzanie-1-kg\/\" \/>\n<meta property=\"og:locale\" content=\"fr_FR\" \/>\n<meta property=\"og:type\" content=\"article\" \/>\n<meta property=\"og:title\" content=\"Caf\u00e9 Arabica Tanzanie en grain Pure Origine 1 Kg | Italcaff\u00e8 Espresso\" \/>\n<meta property=\"og:description\" content=\"Caf\u00e9 Arabica Tanzanie en grain 100% Arabica Italcaff\u00e8 de pure origine id\u00e9al pour la machine \u00e0 Expresso \u00e0 l\u2019arome agr\u00e9able et cr\u00e9meux.\" \/>\n<meta property=\"og:url\" content=\"https:\/\/italcaffe.it\/fr\/shop\/cafe-grain\/arabica\/italcaffe-espresso-tanzanie-1-kg\/\" \/>\n<meta property=\"og:site_name\" content=\"Italcaff\u00e8\" \/>\n<meta property=\"article:modified_time\" content=\"2021-10-13T06:47:11+00:00\" \/>\n<meta property=\"og:image\" content=\"https:\/\/italcaffe.it\/wp-content\/uploads\/2021\/12\/Tanzania1kg.jpg\" \/>\n\t<meta property=\"og:image:width\" content=\"825\" \/>\n\t<meta property=\"og:image:height\" content=\"1000\" \/>\n\t<meta property=\"og:image:type\" content=\"image\/jpeg\" \/>\n<meta name=\"twitter:card\" content=\"summary_large_image\" \/>\n<meta name=\"twitter:label1\" content=\"Dur\u00e9e de lecture estim\u00e9e\" \/>\n\t<meta name=\"twitter:data1\" content=\"1 minute\" \/>\n<script type=\"application\/ld+json\" class=\"yoast-schema-graph\">{\"@context\":\"https:\/\/schema.org\",\"@graph\":[{\"@type\":\"WebPage\",\"@id\":\"https:\/\/italcaffe.it\/fr\/shop\/cafe-grain\/arabica\/italcaffe-espresso-tanzanie-1-kg\/\",\"url\":\"https:\/\/italcaffe.it\/fr\/shop\/cafe-grain\/arabica\/italcaffe-espresso-tanzanie-1-kg\/\",\"name\":\"Caf\u00e9 Arabica Tanzanie en grain Pure Origine 1 Kg | Italcaff\u00e8 Espresso\",\"isPartOf\":{\"@id\":\"https:\/\/italcaffe.it\/fr\/#website\"},\"primaryImageOfPage\":{\"@id\":\"https:\/\/italcaffe.it\/fr\/shop\/cafe-grain\/arabica\/italcaffe-espresso-tanzanie-1-kg\/#primaryimage\"},\"image\":{\"@id\":\"https:\/\/italcaffe.it\/fr\/shop\/cafe-grain\/arabica\/italcaffe-espresso-tanzanie-1-kg\/#primaryimage\"},\"thumbnailUrl\":\"https:\/\/italcaffe.it\/wp-content\/uploads\/2021\/12\/Tanzania1kg.jpg\",\"datePublished\":\"2020-02-26T14:50:08+00:00\",\"dateModified\":\"2021-10-13T06:47:11+00:00\",\"description\":\"Caf\u00e9 Arabica Tanzanie en grain 100% Arabica Italcaff\u00e8 de pure origine id\u00e9al pour la machine \u00e0 Expresso \u00e0 l\u2019arome agr\u00e9able et cr\u00e9meux.\",\"breadcrumb\":{\"@id\":\"https:\/\/italcaffe.it\/fr\/shop\/cafe-grain\/arabica\/italcaffe-espresso-tanzanie-1-kg\/#breadcrumb\"},\"inLanguage\":\"fr-FR\",\"potentialAction\":[{\"@type\":\"ReadAction\",\"target\":[\"https:\/\/italcaffe.it\/fr\/shop\/cafe-grain\/arabica\/italcaffe-espresso-tanzanie-1-kg\/\"]}]},{\"@type\":\"ImageObject\",\"inLanguage\":\"fr-FR\",\"@id\":\"https:\/\/italcaffe.it\/fr\/shop\/cafe-grain\/arabica\/italcaffe-espresso-tanzanie-1-kg\/#primaryimage\",\"url\":\"https:\/\/italcaffe.it\/wp-content\/uploads\/2021\/12\/Tanzania1kg.jpg\",\"contentUrl\":\"https:\/\/italcaffe.it\/wp-content\/uploads\/2021\/12\/Tanzania1kg.jpg\",\"width\":825,\"height\":1000,\"caption\":\"Caff\u00e8 in grani Arabica Tanzania Italcaff\u00e8 1kg Espresso Italiano fronte\"},{\"@type\":\"BreadcrumbList\",\"@id\":\"https:\/\/italcaffe.it\/fr\/shop\/cafe-grain\/arabica\/italcaffe-espresso-tanzanie-1-kg\/#breadcrumb\",\"itemListElement\":[{\"@type\":\"ListItem\",\"position\":1,\"name\":\"Home\",\"item\":\"https:\/\/italcaffe.it\/fr\/\"},{\"@type\":\"ListItem\",\"position\":2,\"name\":\"Shop\",\"item\":\"https:\/\/italcaffe.it\/fr\/shop\/\"},{\"@type\":\"ListItem\",\"position\":3,\"name\":\"Caf\u00e9 Arabica Tanzanie en grain 1 Kg Italcaff\u00e8 Espresso\"}]},{\"@type\":\"WebSite\",\"@id\":\"https:\/\/italcaffe.it\/fr\/#website\",\"url\":\"https:\/\/italcaffe.it\/fr\/\",\"name\":\"Italcaff\u00e8\",\"description\":\"50 Anni insieme\",\"potentialAction\":[{\"@type\":\"SearchAction\",\"target\":{\"@type\":\"EntryPoint\",\"urlTemplate\":\"https:\/\/italcaffe.it\/fr\/?s={search_term_string}\"},\"query-input\":{\"@type\":\"PropertyValueSpecification\",\"valueRequired\":true,\"valueName\":\"search_term_string\"}}],\"inLanguage\":\"fr-FR\"}]}<\/script>\n<!-- \/ Yoast SEO plugin. -->","yoast_head_json":{"title":"Caf\u00e9 Arabica Tanzanie en grain Pure Origine 1 Kg | Italcaff\u00e8 Espresso","description":"Caf\u00e9 Arabica Tanzanie en grain 100% Arabica Italcaff\u00e8 de pure origine id\u00e9al pour la machine \u00e0 Expresso \u00e0 l\u2019arome agr\u00e9able et cr\u00e9meux.","robots":{"index":"index","follow":"follow","max-snippet":"max-snippet:-1","max-image-preview":"max-image-preview:large","max-video-preview":"max-video-preview:-1"},"canonical":"https:\/\/italcaffe.it\/fr\/shop\/cafe-grain\/arabica\/italcaffe-espresso-tanzanie-1-kg\/","og_locale":"fr_FR","og_type":"article","og_title":"Caf\u00e9 Arabica Tanzanie en grain Pure Origine 1 Kg | Italcaff\u00e8 Espresso","og_description":"Caf\u00e9 Arabica Tanzanie en grain 100% Arabica Italcaff\u00e8 de pure origine id\u00e9al pour la machine \u00e0 Expresso \u00e0 l\u2019arome agr\u00e9able et cr\u00e9meux.","og_url":"https:\/\/italcaffe.it\/fr\/shop\/cafe-grain\/arabica\/italcaffe-espresso-tanzanie-1-kg\/","og_site_name":"Italcaff\u00e8","article_modified_time":"2021-10-13T06:47:11+00:00","og_image":[{"width":825,"height":1000,"url":"https:\/\/italcaffe.it\/wp-content\/uploads\/2021\/12\/Tanzania1kg.jpg","type":"image\/jpeg"}],"twitter_card":"summary_large_image","twitter_misc":{"Dur\u00e9e de lecture estim\u00e9e":"1 minute"},"schema":{"@context":"https:\/\/schema.org","@graph":[{"@type":"WebPage","@id":"https:\/\/italcaffe.it\/fr\/shop\/cafe-grain\/arabica\/italcaffe-espresso-tanzanie-1-kg\/","url":"https:\/\/italcaffe.it\/fr\/shop\/cafe-grain\/arabica\/italcaffe-espresso-tanzanie-1-kg\/","name":"Caf\u00e9 Arabica Tanzanie en grain Pure Origine 1 Kg | Italcaff\u00e8 Espresso","isPartOf":{"@id":"https:\/\/italcaffe.it\/fr\/#website"},"primaryImageOfPage":{"@id":"https:\/\/italcaffe.it\/fr\/shop\/cafe-grain\/arabica\/italcaffe-espresso-tanzanie-1-kg\/#primaryimage"},"image":{"@id":"https:\/\/italcaffe.it\/fr\/shop\/cafe-grain\/arabica\/italcaffe-espresso-tanzanie-1-kg\/#primaryimage"},"thumbnailUrl":"https:\/\/italcaffe.it\/wp-content\/uploads\/2021\/12\/Tanzania1kg.jpg","datePublished":"2020-02-26T14:50:08+00:00","dateModified":"2021-10-13T06:47:11+00:00","description":"Caf\u00e9 Arabica Tanzanie en grain 100% Arabica Italcaff\u00e8 de pure origine id\u00e9al pour la machine \u00e0 Expresso \u00e0 l\u2019arome agr\u00e9able et cr\u00e9meux.","breadcrumb":{"@id":"https:\/\/italcaffe.it\/fr\/shop\/cafe-grain\/arabica\/italcaffe-espresso-tanzanie-1-kg\/#breadcrumb"},"inLanguage":"fr-FR","potentialAction":[{"@type":"ReadAction","target":["https:\/\/italcaffe.it\/fr\/shop\/cafe-grain\/arabica\/italcaffe-espresso-tanzanie-1-kg\/"]}]},{"@type":"ImageObject","inLanguage":"fr-FR","@id":"https:\/\/italcaffe.it\/fr\/shop\/cafe-grain\/arabica\/italcaffe-espresso-tanzanie-1-kg\/#primaryimage","url":"https:\/\/italcaffe.it\/wp-content\/uploads\/2021\/12\/Tanzania1kg.jpg","contentUrl":"https:\/\/italcaffe.it\/wp-content\/uploads\/2021\/12\/Tanzania1kg.jpg","width":825,"height":1000,"caption":"Caff\u00e8 in grani Arabica Tanzania Italcaff\u00e8 1kg Espresso Italiano fronte"},{"@type":"BreadcrumbList","@id":"https:\/\/italcaffe.it\/fr\/shop\/cafe-grain\/arabica\/italcaffe-espresso-tanzanie-1-kg\/#breadcrumb","itemListElement":[{"@type":"ListItem","position":1,"name":"Home","item":"https:\/\/italcaffe.it\/fr\/"},{"@type":"ListItem","position":2,"name":"Shop","item":"https:\/\/italcaffe.it\/fr\/shop\/"},{"@type":"ListItem","position":3,"name":"Caf\u00e9 Arabica Tanzanie en grain 1 Kg Italcaff\u00e8 Espresso"}]},{"@type":"WebSite","@id":"https:\/\/italcaffe.it\/fr\/#website","url":"https:\/\/italcaffe.it\/fr\/","name":"Italcaff\u00e8","description":"50 Anni insieme","potentialAction":[{"@type":"SearchAction","target":{"@type":"EntryPoint","urlTemplate":"https:\/\/italcaffe.it\/fr\/?s={search_term_string}"},"query-input":{"@type":"PropertyValueSpecification","valueRequired":true,"valueName":"search_term_string"}}],"inLanguage":"fr-FR"}]}},"_links":{"self":[{"href":"https:\/\/italcaffe.it\/fr\/wp-json\/wp\/v2\/product\/23299","targetHints":{"allow":["GET"]}}],"collection":[{"href":"https:\/\/italcaffe.it\/fr\/wp-json\/wp\/v2\/product"}],"about":[{"href":"https:\/\/italcaffe.it\/fr\/wp-json\/wp\/v2\/types\/product"}],"wp:featuredmedia":[{"embeddable":true,"href":"https:\/\/italcaffe.it\/fr\/wp-json\/wp\/v2\/media\/28577"}],"wp:attachment":[{"href":"https:\/\/italcaffe.it\/fr\/wp-json\/wp\/v2\/media?parent=23299"}],"wp:term":[{"taxonomy":"product_brand","embeddable":true,"href":"https:\/\/italcaffe.it\/fr\/wp-json\/wp\/v2\/product_brand?post=23299"},{"taxonomy":"product_cat","embeddable":true,"href":"https:\/\/italcaffe.it\/fr\/wp-json\/wp\/v2\/product_cat?post=23299"},{"taxonomy":"product_tag","embeddable":true,"href":"https:\/\/italcaffe.it\/fr\/wp-json\/wp\/v2\/product_tag?post=23299"}],"curies":[{"name":"wp","href":"https:\/\/api.w.org\/{rel}","templated":true}]}}