{"id":23305,"date":"2020-02-26T16:00:06","date_gmt":"2020-02-26T14:50:08","guid":{"rendered":"https:\/\/www.italcaffe.it\/product\/italcaffe-colombie-supremo-cafe-en-grains-100-arabica-espresso-3x1kg\/"},"modified":"2024-04-17T14:18:46","modified_gmt":"2024-04-17T13:18:46","slug":"caffe-espresso-in-grani-italcaffe-colombia-supremo-3kg","status":"publish","type":"product","link":"https:\/\/italcaffe.it\/fr\/shop\/cafe-grain\/arabica\/caffe-espresso-in-grani-italcaffe-colombia-supremo-3kg\/","title":{"rendered":"Italcaff\u00e8 Colombie Supremo Caf\u00e9 en Grains 100% Arabica Espresso 3x1kg"},"content":{"rendered":"","protected":false},"excerpt":{"rendered":"<p>Caf\u00e9 Espresso en grains 100% Arabica d&#8217;origine unique Colombie Supremo.<\/p>\n<p>Caf\u00e9 au corps plein. Acidit\u00e9 moyenne avec des senteurs d\u2019agrumes caramelis\u00e9s qui se superposent \u00e0 des notes de prunes mures et de dattes s\u00e8ches. L\u2019arri\u00e8re-gout r\u00e9v\u00e8le une surprenante pointe de chocolat noir ainsi que de raisin. Pour ce produit nous avons s\u00e9lectionn\u00e9 uniquement du caf\u00e9 colombien de la r\u00e9gion de Medellin de haute qualit\u00e9.<\/p>\n<p>En paquet de 1 kg , emball\u00e9 sous vide, avec une valve monodirectionnelle de garantie d&#8217;ar\u00f4me.<\/p>\n","protected":false},"featured_media":28555,"template":"","meta":{"_acf_changed":false},"product_brand":[],"product_cat":[299,315],"product_tag":[],"class_list":{"0":"post-23305","1":"product","2":"type-product","3":"status-publish","4":"has-post-thumbnail","6":"product_cat-cafe-grain","7":"product_cat-arabica","8":"pa_tipologia-monorigine","10":"first","11":"instock","12":"taxable","13":"shipping-taxable","14":"purchasable","15":"product-type-simple"},"acf":[],"yoast_head":"<!-- This site is optimized with the Yoast SEO plugin v27.0 - https:\/\/yoast.com\/product\/yoast-seo-wordpress\/ -->\n<title>Italcaff\u00e8 Colombie Supremo Caf\u00e9 en Grains 100% Arabica Espresso 3x1kg - Italcaff\u00e8<\/title>\n<meta name=\"robots\" content=\"index, follow, max-snippet:-1, max-image-preview:large, max-video-preview:-1\" \/>\n<link rel=\"canonical\" href=\"https:\/\/italcaffe.it\/fr\/shop\/cafe-grain\/arabica\/caffe-espresso-in-grani-italcaffe-colombia-supremo-3kg\/\" \/>\n<meta property=\"og:locale\" content=\"fr_FR\" \/>\n<meta property=\"og:type\" content=\"article\" \/>\n<meta property=\"og:title\" content=\"Italcaff\u00e8 Colombie Supremo Caf\u00e9 en Grains 100% Arabica Espresso 3x1kg - Italcaff\u00e8\" \/>\n<meta property=\"og:description\" content=\"Caf\u00e9 Espresso en grains 100% Arabica d&#039;origine unique Colombie Supremo. Caf\u00e9 au corps plein. Acidit\u00e9 moyenne avec des senteurs d\u2019agrumes caramelis\u00e9s qui se superposent \u00e0 des notes de prunes mures et de dattes s\u00e8ches. L\u2019arri\u00e8re-gout r\u00e9v\u00e8le une surprenante pointe de chocolat noir ainsi que de raisin. Pour ce produit nous avons s\u00e9lectionn\u00e9 uniquement du caf\u00e9 colombien de la r\u00e9gion de Medellin de haute qualit\u00e9. En paquet de 1 kg , emball\u00e9 sous vide, avec une valve monodirectionnelle de garantie d&#039;ar\u00f4me.\" \/>\n<meta property=\"og:url\" content=\"https:\/\/italcaffe.it\/fr\/shop\/cafe-grain\/arabica\/caffe-espresso-in-grani-italcaffe-colombia-supremo-3kg\/\" \/>\n<meta property=\"og:site_name\" content=\"Italcaff\u00e8\" \/>\n<meta property=\"article:modified_time\" content=\"2024-04-17T13:18:46+00:00\" \/>\n<meta property=\"og:image\" content=\"https:\/\/italcaffe.it\/wp-content\/uploads\/2021\/12\/Colombia-1-kg.jpg\" \/>\n\t<meta property=\"og:image:width\" content=\"825\" \/>\n\t<meta property=\"og:image:height\" content=\"1000\" \/>\n\t<meta property=\"og:image:type\" content=\"image\/jpeg\" \/>\n<meta name=\"twitter:card\" content=\"summary_large_image\" \/>\n<script type=\"application\/ld+json\" class=\"yoast-schema-graph\">{\"@context\":\"https:\/\/schema.org\",\"@graph\":[{\"@type\":\"WebPage\",\"@id\":\"https:\/\/italcaffe.it\/fr\/shop\/cafe-grain\/arabica\/caffe-espresso-in-grani-italcaffe-colombia-supremo-3kg\/\",\"url\":\"https:\/\/italcaffe.it\/fr\/shop\/cafe-grain\/arabica\/caffe-espresso-in-grani-italcaffe-colombia-supremo-3kg\/\",\"name\":\"Italcaff\u00e8 Colombie Supremo Caf\u00e9 en Grains 100% Arabica Espresso 3x1kg - Italcaff\u00e8\",\"isPartOf\":{\"@id\":\"https:\/\/italcaffe.it\/fr\/#website\"},\"primaryImageOfPage\":{\"@id\":\"https:\/\/italcaffe.it\/fr\/shop\/cafe-grain\/arabica\/caffe-espresso-in-grani-italcaffe-colombia-supremo-3kg\/#primaryimage\"},\"image\":{\"@id\":\"https:\/\/italcaffe.it\/fr\/shop\/cafe-grain\/arabica\/caffe-espresso-in-grani-italcaffe-colombia-supremo-3kg\/#primaryimage\"},\"thumbnailUrl\":\"https:\/\/italcaffe.it\/wp-content\/uploads\/2021\/12\/Colombia-1-kg.jpg\",\"datePublished\":\"2020-02-26T14:50:08+00:00\",\"dateModified\":\"2024-04-17T13:18:46+00:00\",\"breadcrumb\":{\"@id\":\"https:\/\/italcaffe.it\/fr\/shop\/cafe-grain\/arabica\/caffe-espresso-in-grani-italcaffe-colombia-supremo-3kg\/#breadcrumb\"},\"inLanguage\":\"fr-FR\",\"potentialAction\":[{\"@type\":\"ReadAction\",\"target\":[\"https:\/\/italcaffe.it\/fr\/shop\/cafe-grain\/arabica\/caffe-espresso-in-grani-italcaffe-colombia-supremo-3kg\/\"]}]},{\"@type\":\"ImageObject\",\"inLanguage\":\"fr-FR\",\"@id\":\"https:\/\/italcaffe.it\/fr\/shop\/cafe-grain\/arabica\/caffe-espresso-in-grani-italcaffe-colombia-supremo-3kg\/#primaryimage\",\"url\":\"https:\/\/italcaffe.it\/wp-content\/uploads\/2021\/12\/Colombia-1-kg.jpg\",\"contentUrl\":\"https:\/\/italcaffe.it\/wp-content\/uploads\/2021\/12\/Colombia-1-kg.jpg\",\"width\":825,\"height\":1000,\"caption\":\"Caff\u00e8 in grani Arabica Colombia Italcaff\u00e8 1 kg Espresso Italiano fronte\"},{\"@type\":\"BreadcrumbList\",\"@id\":\"https:\/\/italcaffe.it\/fr\/shop\/cafe-grain\/arabica\/caffe-espresso-in-grani-italcaffe-colombia-supremo-3kg\/#breadcrumb\",\"itemListElement\":[{\"@type\":\"ListItem\",\"position\":1,\"name\":\"Home\",\"item\":\"https:\/\/italcaffe.it\/fr\/\"},{\"@type\":\"ListItem\",\"position\":2,\"name\":\"Shop\",\"item\":\"https:\/\/italcaffe.it\/fr\/shop\/\"},{\"@type\":\"ListItem\",\"position\":3,\"name\":\"Italcaff\u00e8 Colombie Supremo Caf\u00e9 en Grains 100% Arabica Espresso 3x1kg\"}]},{\"@type\":\"WebSite\",\"@id\":\"https:\/\/italcaffe.it\/fr\/#website\",\"url\":\"https:\/\/italcaffe.it\/fr\/\",\"name\":\"Italcaff\u00e8\",\"description\":\"50 Anni insieme\",\"potentialAction\":[{\"@type\":\"SearchAction\",\"target\":{\"@type\":\"EntryPoint\",\"urlTemplate\":\"https:\/\/italcaffe.it\/fr\/?s={search_term_string}\"},\"query-input\":{\"@type\":\"PropertyValueSpecification\",\"valueRequired\":true,\"valueName\":\"search_term_string\"}}],\"inLanguage\":\"fr-FR\"}]}<\/script>\n<!-- \/ Yoast SEO plugin. -->","yoast_head_json":{"title":"Italcaff\u00e8 Colombie Supremo Caf\u00e9 en Grains 100% Arabica Espresso 3x1kg - Italcaff\u00e8","robots":{"index":"index","follow":"follow","max-snippet":"max-snippet:-1","max-image-preview":"max-image-preview:large","max-video-preview":"max-video-preview:-1"},"canonical":"https:\/\/italcaffe.it\/fr\/shop\/cafe-grain\/arabica\/caffe-espresso-in-grani-italcaffe-colombia-supremo-3kg\/","og_locale":"fr_FR","og_type":"article","og_title":"Italcaff\u00e8 Colombie Supremo Caf\u00e9 en Grains 100% Arabica Espresso 3x1kg - Italcaff\u00e8","og_description":"Caf\u00e9 Espresso en grains 100% Arabica d'origine unique Colombie Supremo. Caf\u00e9 au corps plein. Acidit\u00e9 moyenne avec des senteurs d\u2019agrumes caramelis\u00e9s qui se superposent \u00e0 des notes de prunes mures et de dattes s\u00e8ches. L\u2019arri\u00e8re-gout r\u00e9v\u00e8le une surprenante pointe de chocolat noir ainsi que de raisin. Pour ce produit nous avons s\u00e9lectionn\u00e9 uniquement du caf\u00e9 colombien de la r\u00e9gion de Medellin de haute qualit\u00e9. En paquet de 1 kg , emball\u00e9 sous vide, avec une valve monodirectionnelle de garantie d'ar\u00f4me.","og_url":"https:\/\/italcaffe.it\/fr\/shop\/cafe-grain\/arabica\/caffe-espresso-in-grani-italcaffe-colombia-supremo-3kg\/","og_site_name":"Italcaff\u00e8","article_modified_time":"2024-04-17T13:18:46+00:00","og_image":[{"width":825,"height":1000,"url":"https:\/\/italcaffe.it\/wp-content\/uploads\/2021\/12\/Colombia-1-kg.jpg","type":"image\/jpeg"}],"twitter_card":"summary_large_image","schema":{"@context":"https:\/\/schema.org","@graph":[{"@type":"WebPage","@id":"https:\/\/italcaffe.it\/fr\/shop\/cafe-grain\/arabica\/caffe-espresso-in-grani-italcaffe-colombia-supremo-3kg\/","url":"https:\/\/italcaffe.it\/fr\/shop\/cafe-grain\/arabica\/caffe-espresso-in-grani-italcaffe-colombia-supremo-3kg\/","name":"Italcaff\u00e8 Colombie Supremo Caf\u00e9 en Grains 100% Arabica Espresso 3x1kg - Italcaff\u00e8","isPartOf":{"@id":"https:\/\/italcaffe.it\/fr\/#website"},"primaryImageOfPage":{"@id":"https:\/\/italcaffe.it\/fr\/shop\/cafe-grain\/arabica\/caffe-espresso-in-grani-italcaffe-colombia-supremo-3kg\/#primaryimage"},"image":{"@id":"https:\/\/italcaffe.it\/fr\/shop\/cafe-grain\/arabica\/caffe-espresso-in-grani-italcaffe-colombia-supremo-3kg\/#primaryimage"},"thumbnailUrl":"https:\/\/italcaffe.it\/wp-content\/uploads\/2021\/12\/Colombia-1-kg.jpg","datePublished":"2020-02-26T14:50:08+00:00","dateModified":"2024-04-17T13:18:46+00:00","breadcrumb":{"@id":"https:\/\/italcaffe.it\/fr\/shop\/cafe-grain\/arabica\/caffe-espresso-in-grani-italcaffe-colombia-supremo-3kg\/#breadcrumb"},"inLanguage":"fr-FR","potentialAction":[{"@type":"ReadAction","target":["https:\/\/italcaffe.it\/fr\/shop\/cafe-grain\/arabica\/caffe-espresso-in-grani-italcaffe-colombia-supremo-3kg\/"]}]},{"@type":"ImageObject","inLanguage":"fr-FR","@id":"https:\/\/italcaffe.it\/fr\/shop\/cafe-grain\/arabica\/caffe-espresso-in-grani-italcaffe-colombia-supremo-3kg\/#primaryimage","url":"https:\/\/italcaffe.it\/wp-content\/uploads\/2021\/12\/Colombia-1-kg.jpg","contentUrl":"https:\/\/italcaffe.it\/wp-content\/uploads\/2021\/12\/Colombia-1-kg.jpg","width":825,"height":1000,"caption":"Caff\u00e8 in grani Arabica Colombia Italcaff\u00e8 1 kg Espresso Italiano fronte"},{"@type":"BreadcrumbList","@id":"https:\/\/italcaffe.it\/fr\/shop\/cafe-grain\/arabica\/caffe-espresso-in-grani-italcaffe-colombia-supremo-3kg\/#breadcrumb","itemListElement":[{"@type":"ListItem","position":1,"name":"Home","item":"https:\/\/italcaffe.it\/fr\/"},{"@type":"ListItem","position":2,"name":"Shop","item":"https:\/\/italcaffe.it\/fr\/shop\/"},{"@type":"ListItem","position":3,"name":"Italcaff\u00e8 Colombie Supremo Caf\u00e9 en Grains 100% Arabica Espresso 3x1kg"}]},{"@type":"WebSite","@id":"https:\/\/italcaffe.it\/fr\/#website","url":"https:\/\/italcaffe.it\/fr\/","name":"Italcaff\u00e8","description":"50 Anni insieme","potentialAction":[{"@type":"SearchAction","target":{"@type":"EntryPoint","urlTemplate":"https:\/\/italcaffe.it\/fr\/?s={search_term_string}"},"query-input":{"@type":"PropertyValueSpecification","valueRequired":true,"valueName":"search_term_string"}}],"inLanguage":"fr-FR"}]}},"_links":{"self":[{"href":"https:\/\/italcaffe.it\/fr\/wp-json\/wp\/v2\/product\/23305","targetHints":{"allow":["GET"]}}],"collection":[{"href":"https:\/\/italcaffe.it\/fr\/wp-json\/wp\/v2\/product"}],"about":[{"href":"https:\/\/italcaffe.it\/fr\/wp-json\/wp\/v2\/types\/product"}],"wp:featuredmedia":[{"embeddable":true,"href":"https:\/\/italcaffe.it\/fr\/wp-json\/wp\/v2\/media\/28555"}],"wp:attachment":[{"href":"https:\/\/italcaffe.it\/fr\/wp-json\/wp\/v2\/media?parent=23305"}],"wp:term":[{"taxonomy":"product_brand","embeddable":true,"href":"https:\/\/italcaffe.it\/fr\/wp-json\/wp\/v2\/product_brand?post=23305"},{"taxonomy":"product_cat","embeddable":true,"href":"https:\/\/italcaffe.it\/fr\/wp-json\/wp\/v2\/product_cat?post=23305"},{"taxonomy":"product_tag","embeddable":true,"href":"https:\/\/italcaffe.it\/fr\/wp-json\/wp\/v2\/product_tag?post=23305"}],"curies":[{"name":"wp","href":"https:\/\/api.w.org\/{rel}","templated":true}]}}